{"id":9703,"date":"2023-05-15T09:45:21","date_gmt":"2023-05-15T08:45:21","guid":{"rendered":"https:\/\/www.donhighend.de\/?page_id=9703"},"modified":"2023-05-15T11:48:35","modified_gmt":"2023-05-15T10:48:35","slug":"kabelsalat","status":"publish","type":"page","link":"https:\/\/www.donhighend.de\/?page_id=9703","title":{"rendered":"Kabel deluxe"},"content":{"rendered":"<p><img loading=\"lazy\" decoding=\"async\" class=\"aligncenter size-full wp-image-4316\" src=\"https:\/\/www.donhighend.de\/wp-content\/uploads\/2017\/03\/Lizenzfreies-Foto-aus-Pixabay.jpg\" alt=\"\" width=\"783\" height=\"369\" srcset=\"https:\/\/www.donhighend.de\/wp-content\/uploads\/2017\/03\/Lizenzfreies-Foto-aus-Pixabay.jpg 783w, https:\/\/www.donhighend.de\/wp-content\/uploads\/2017\/03\/Lizenzfreies-Foto-aus-Pixabay-300x141.jpg 300w, https:\/\/www.donhighend.de\/wp-content\/uploads\/2017\/03\/Lizenzfreies-Foto-aus-Pixabay-768x362.jpg 768w\" sizes=\"auto, (max-width: 783px) 100vw, 783px\" \/><\/p>\n<p style=\"text-align: justify;\">Hubraum ist durch nichts zu ersetzen, au\u00dfer durch mehr Hubraum. Diese Phrase ist mittlerweile zu einem gefl\u00fcgelten Wort geworden. In der HiFi Welt k\u00f6nnte man diesen Spruch sehr gut auf das Thema Lautsprecherkabel \u00fcbertragen. Dort w\u00fcrde es dann hei\u00dfen, Kabelquerschnitt ist durch nichts zu ersetzen, au\u00dfer durch h\u00f6heren Kabelquerschnitt. Aber, ist das wirklich so? In der Elektronik, und in diesem Bereich befinden wir uns als HiFi Freunde, gelten physikalische Gesetze. Die gilt es bei seinen Gedanken zu ber\u00fccksichtigen. Bringen fette Kabelquerschnitte mehr, als abgebrochene L\u00f6tf\u00e4hnchen an Hocht\u00f6nern und prall gef\u00fcllte Kassen bei den H\u00e4ndlern? Dazu wurde in der Vergangenheit oft debattiert, und deswegen beschr\u00e4nke ich mich auf die Verlinkung zweier Artikel zu dem Thema, die alles sagen, was zu sagen ist.<\/p>\n<p>&nbsp;<\/p>\n<h4><span style=\"color: #0000ff;\"><a style=\"color: #0000ff;\" href=\"https:\/\/web.archive.org\/web\/20160305155508\/http:\/\/dj4br.home.t-link.de\/lautspr.htm\" target=\"_blank\" rel=\"noopener\">Die Wahrheit \u00fcber Lautsprecherkabel von Peter Weber (\u2020) (aus dem WebArchive)<\/a> <\/span><\/h4>\n<p>&nbsp;<\/p>\n<h4><span style=\"color: #0000ff;\"><a style=\"color: #0000ff;\" href=\"http:\/\/www.hifiaktiv.at.xserv08.internex.at\/?page_id=136&amp;fbclid=IwAR2diALtcDJ3mSbTCQSh2kL_kixI45BdkEYJtwCNpHz4d041KA5B6QA4XmM\" target=\"_blank\" rel=\"noopener\">Der gro\u00dfe Kabel-Bluff von HiFi &#8211; Aktiv<\/a><\/span><\/h4>\n<p>&nbsp;<\/p>\n","protected":false},"excerpt":{"rendered":"<p>Hubraum ist durch nichts zu ersetzen, au\u00dfer durch mehr Hubraum. Diese Phrase ist mittlerweile zu einem gefl\u00fcgelten Wort geworden. In der HiFi Welt k\u00f6nnte man diesen Spruch sehr gut auf das Thema Lautsprecherkabel \u00fcbertragen. Dort w\u00fcrde es dann hei\u00dfen, Kabelquerschnitt ist durch nichts zu ersetzen, au\u00dfer durch h\u00f6heren Kabelquerschnitt. Aber, ist das wirklich so? In &hellip; <\/p>\n<p><a class=\"more-link btn\" href=\"https:\/\/www.donhighend.de\/?page_id=9703\">Weiterlesen<\/a><\/p>\n","protected":false},"author":1,"featured_media":0,"parent":3876,"menu_order":994,"comment_status":"open","ping_status":"closed","template":"","meta":{"footnotes":""},"class_list":["post-9703","page","type-page","status-publish","hentry","nodate","item-wrap"],"_links":{"self":[{"href":"https:\/\/www.donhighend.de\/index.php?rest_route=\/wp\/v2\/pages\/9703","targetHints":{"allow":["GET"]}}],"collection":[{"href":"https:\/\/www.donhighend.de\/index.php?rest_route=\/wp\/v2\/pages"}],"about":[{"href":"https:\/\/www.donhighend.de\/index.php?rest_route=\/wp\/v2\/types\/page"}],"author":[{"embeddable":true,"href":"https:\/\/www.donhighend.de\/index.php?rest_route=\/wp\/v2\/users\/1"}],"replies":[{"embeddable":true,"href":"https:\/\/www.donhighend.de\/index.php?rest_route=%2Fwp%2Fv2%2Fcomments&post=9703"}],"version-history":[{"count":7,"href":"https:\/\/www.donhighend.de\/index.php?rest_route=\/wp\/v2\/pages\/9703\/revisions"}],"predecessor-version":[{"id":9710,"href":"https:\/\/www.donhighend.de\/index.php?rest_route=\/wp\/v2\/pages\/9703\/revisions\/9710"}],"up":[{"embeddable":true,"href":"https:\/\/www.donhighend.de\/index.php?rest_route=\/wp\/v2\/pages\/3876"}],"wp:attachment":[{"href":"https:\/\/www.donhighend.de\/index.php?rest_route=%2Fwp%2Fv2%2Fmedia&parent=9703"}],"curies":[{"name":"wp","href":"https:\/\/api.w.org\/{rel}","templated":true}]}}