{"id":9543,"date":"2023-03-14T09:24:29","date_gmt":"2023-03-14T08:24:29","guid":{"rendered":"https:\/\/www.donhighend.de\/?page_id=9543"},"modified":"2024-06-10T12:36:00","modified_gmt":"2024-06-10T11:36:00","slug":"overseas","status":"publish","type":"page","link":"https:\/\/www.donhighend.de\/?page_id=9543","title":{"rendered":"overSEAS"},"content":{"rendered":"<p><img loading=\"lazy\" decoding=\"async\" class=\"aligncenter size-full wp-image-9825\" src=\"https:\/\/www.donhighend.de\/wp-content\/uploads\/2023\/10\/Titelbild-1.jpg\" alt=\"\" width=\"481\" height=\"640\" srcset=\"https:\/\/www.donhighend.de\/wp-content\/uploads\/2023\/10\/Titelbild-1.jpg 481w, https:\/\/www.donhighend.de\/wp-content\/uploads\/2023\/10\/Titelbild-1-225x300.jpg 225w\" sizes=\"auto, (max-width: 481px) 100vw, 481px\" \/><\/p>\n<p style=\"text-align: justify;\">Nun ist schon ein ganzes Jahr vergangen, seit sich die D.A.U. Jungs im M\u00e4rz 2022 zu ihrem 12. Treffen in Leverkusen versammelten. Mein Geburtstag war gerade ein paar Tage zuvor, und so lie\u00dfen es sich die Freunde nicht nehmen, mir ein sehr sch\u00f6nes Geschenk in Form eines Paares <a href=\"http:\/\/www.seas.no\/index.php?option=com_content&amp;view=article&amp;id=556:h1825-06-27tac_gb&amp;catid=45:seas-prestige-tweeters&amp;Itemid=462\" target=\"_blank\" rel=\"noopener\"><span style=\"color: #0000ff;\">SEAS 27TAC\/GB<\/span><\/a> zu \u00fcberreichen. Diese paarweise selektierten Hochtonkalotten fristeten seit diesem Treffen ihr arbeitsloses Dasein in meinem Chassislager. Dieser Zustand konnte und durfte keinesfalls fortgef\u00fchrt werden, und mein schlechtes Gewissen wuchs bereits ins Uferlose.<\/p>\n<p><img loading=\"lazy\" decoding=\"async\" class=\"aligncenter size-full wp-image-9598\" src=\"https:\/\/www.donhighend.de\/wp-content\/uploads\/2023\/03\/27TAC-GB.jpg\" alt=\"\" width=\"550\" height=\"550\" srcset=\"https:\/\/www.donhighend.de\/wp-content\/uploads\/2023\/03\/27TAC-GB.jpg 550w, https:\/\/www.donhighend.de\/wp-content\/uploads\/2023\/03\/27TAC-GB-300x300.jpg 300w, https:\/\/www.donhighend.de\/wp-content\/uploads\/2023\/03\/27TAC-GB-150x150.jpg 150w\" sizes=\"auto, (max-width: 550px) 100vw, 550px\" \/><\/p>\n<p style=\"text-align: center;\">SEAS 27TAC\/GB<\/p>\n<p>&nbsp;<\/p>\n<p style=\"text-align: justify;\">Einem solch tollen Hocht\u00f6ner m\u00f6chte ich nat\u00fcrlich einen ad\u00e4quaten Spielpartner mit auf seinen Arbeitsweg geben, und so freute ich mich, als ich k\u00fcrzlich eine unwiderstehliche Offerte sah. So wechselte kurze Zeit sp\u00e4ter ein Paar fast neuer <span style=\"color: #0000ff;\"><a style=\"color: #0000ff;\" href=\"http:\/\/www.seas.no\/index.php?option=com_content&amp;view=article&amp;id=102:h1571-08-u18rnxp&amp;catid=44:utv-prestige-woofers&amp;Itemid=238\" target=\"_blank\" rel=\"noopener\">SEAS U18RNX\/P<\/a><\/span> zu einem l\u00e4cherlichen Preis in meinen Besitz.<\/p>\n<p style=\"text-align: center;\"><img loading=\"lazy\" decoding=\"async\" class=\"aligncenter size-full wp-image-9553\" src=\"https:\/\/www.donhighend.de\/wp-content\/uploads\/2023\/03\/U18RNX-P.jpg\" alt=\"\" width=\"640\" height=\"637\" srcset=\"https:\/\/www.donhighend.de\/wp-content\/uploads\/2023\/03\/U18RNX-P.jpg 640w, https:\/\/www.donhighend.de\/wp-content\/uploads\/2023\/03\/U18RNX-P-300x300.jpg 300w, https:\/\/www.donhighend.de\/wp-content\/uploads\/2023\/03\/U18RNX-P-150x150.jpg 150w\" sizes=\"auto, (max-width: 640px) 100vw, 640px\" \/>SEAS U18RNX\/P<\/p>\n<p>&nbsp;<\/p>\n<p style=\"text-align: justify;\">Dieses hochwertige und, wie der Hocht\u00f6ner, exzellent verarbeitete Tiefmittelton Chassis bringt laut Datenblatt einen sehr praxisgrechten TSP Satz mit. Zuverl\u00e4ssige Messungen fand ich vor dem Kauf bei unserem italienischen &#8222;Kollegen&#8220; Diego von <a href=\"http:\/\/www.dibirama.altervista.org\/home-page\/mid-woofer\/438-seas-u18rnx-p-mid-woofer-6-5-8-ohm-250-wmax.html\" target=\"_blank\" rel=\"noopener\"><span style=\"color: #0000ff;\">Dibirama<\/span><\/a>. Der von ihm gemessene\u00a0<span style=\"color: #0000ff;\"><a style=\"color: #0000ff;\" href=\"http:\/\/www.dibirama.altervista.org\/images\/ingrandimenti\/seas_u18rnx_p\/seas_u18rnx-p_par.jpg\" target=\"_blank\" rel=\"noopener\">TSP Satz<\/a><\/span> weicht vom Datenblatt in Konsistenz ab und f\u00fchrt zu weitestgehend identischer Abstimmung. So sollte man es von einem hochwertigen Markenchassis auch erwarten d\u00fcrfen. Was aber nun tun mit diesem guten St\u00fcck? Die TSP erlauben vielf\u00e4ltigen Einsatz. Von CB und GHP \u00fcber BR, TML bis hin zur TQWT ist alles im Bereich des M\u00f6glichen. Nach einigen Simulationen stand fest, dass es eine Entscheidung zwischen BR und TQWT geben wird. Die Performance ist identisch.<\/p>\n<p style=\"text-align: center;\"><img loading=\"lazy\" decoding=\"async\" class=\"aligncenter size-full wp-image-9630\" src=\"https:\/\/www.donhighend.de\/wp-content\/uploads\/2023\/04\/U18RNX-P-in-28-Litern-BR-vs.-130cm-TQWT.jpg\" alt=\"\" width=\"579\" height=\"481\" srcset=\"https:\/\/www.donhighend.de\/wp-content\/uploads\/2023\/04\/U18RNX-P-in-28-Litern-BR-vs.-130cm-TQWT.jpg 579w, https:\/\/www.donhighend.de\/wp-content\/uploads\/2023\/04\/U18RNX-P-in-28-Litern-BR-vs.-130cm-TQWT-300x249.jpg 300w\" sizes=\"auto, (max-width: 579px) 100vw, 579px\" \/>Vergleich Performance U18RNX\/P in 28 Litern BR vs. 130cm (32 L) TQWT<\/p>\n<p>&nbsp;<\/p>\n<p style=\"text-align: justify;\">Die Frage beantwortet sich beim ersten Hinsehen von selbst. Warum 4 Liter mehr Volumen aufwenden, wenn die Performance identisch ist? Wie so oft ist der erste Blick auch in diesem Fall tr\u00fcgerisch, denn 28 Liter lassen sich in einer Kompaktbox mit ansprechenden Proportionen nicht so einfach unterbringen. Also dr\u00e4ngt sich eine Standbox auf.\u00a0 Bei einer sinnvollen H\u00f6he von einem Meter und einer Breite von etwa 23 cm blieben nur etwa 15 cm f\u00fcr die Tiefe \u00fcbrig. Das ist ein optisches K.O. Kriterium. Also m\u00fcsste das Geh\u00e4use tiefer werden und eine Abtrennung nach unten erfolgen. Somit l\u00f6st sich der scheinbare Volumenvorteil der BR Variante in Luft auf. Das resultierende Geh\u00e4use sollte versteift werden, und ein IHA w\u00e4re, je nach Dimensionierung der Proportionen, auch von Vorteil. Hier kommt nun die TQWT ins Spiel. In der Vergangenheit haben einige TQWT Aufbauten gezeigt, dass sie im Bass eine Pr\u00e4zision mitbringen, die ich einem BR Bass vorziehe. Das mag in den Bereich der Psychoakustik fallen, aber Freunde und Gasth\u00f6rer best\u00e4tigen diesen Eindruck sehr h\u00e4ufig. Zudem bringt eine TQWT durch ihren Teiler eine Verstrebung, die in dem Volumen von 32 Litern bereits enthalten ist, gleich mit. Durch die akustischen S\u00fcmpfe am Anfang und Ende der Line ist ein IHA zudem obsolet.<\/p>\n<p style=\"text-align: justify;\">Bei der SEAS 27TAC\/GB handelt es sich um eine sehr hochwertige Hochtonkalotte, die von SEAS nur paarweise selektiert angeboten wird. Sehr ungerne w\u00fcrde ich dieses sch\u00f6ne St\u00fcck hinter einem Waveguide verstecken. Es soll also ein Lautsprecher entstehen, der ohne Schallf\u00fchrung beim HT und ohne schr\u00e4ge Fasen zu einem ordentlichen Abstrahlverhalten f\u00fchrt. Bei Diego von Dibirama habe ich deswegen die Messungen des <span style=\"color: #0000ff;\"><a style=\"color: #0000ff;\" href=\"http:\/\/www.dibirama.altervista.org\/home-page\/tweeter\/475-seas-27tbc-g-tweeter-1-6-ohm-150-wmax.html\" target=\"_blank\" rel=\"noopener\">SEAS 27TBC\/G<\/a> <\/span>mit identischer Frontplattengeometrie und die des SEAS U18RNX\/P heruntergeladen und ein wenig simuliert. Das Ergebnis war durchaus brauchbar, und so entschied ich mich, das Projekt OverSEAS in der angedachten Gestaltung zu verwirklichen.<\/p>\n<p style=\"text-align: justify;\">Um auszuschlie\u00dfen, dass die Projektidee nach hinten los geht, habe ich die Chassis in ein zuf\u00e4llig vorhandenes Kompaktgeh\u00e4use mit fast der gew\u00fcnschten Breite geschraubt. Diesem Geh\u00e4use habe ich vor den Messungen seitliche 16mm Fasen verpasst, um ein nicht perfektes, aber dennoch brauchbares Abstrahlverhalten zu erhalten.\u00a0 Es war von vornherein klar, dass dieses ohne Schallf\u00fchrung und ohne schr\u00e4ge Fasen kaum erreichbar sein w\u00fcrde. Wir wissen aber auch alle, dass jeder Lautsprecher kompromissbehaftet ist. Hier galt es nun, den besten Kompromiss mit den gegebenen Bedingungen zu erzielen. Nachdem die schnellen Messungen im Testgeh\u00e4use zeigten, dass der Versuch nicht aussichtlos bleiben w\u00fcrde, habe ich TQWT Geh\u00e4use in Form schlanker Standboxen aufgebaut. Um die TQWT passend zu falten, habe ich mich des TQWT Rechners von HSB bedient. Dieser bietet, im Gegesatz zum Rechner von mh-Audio, die M\u00f6glichkeit, die zu verwendende Plattenst\u00e4rke vorzugeben. Der Korpus des Geh\u00e4uses soll in 16mm Material ausgef\u00fchrt werden. Lediglich die Schallwand wird wegen der Einfr\u00e4sungen f\u00fcr die Chassis aus 19mm Material bestehen.<\/p>\n<p><img loading=\"lazy\" decoding=\"async\" class=\"aligncenter size-full wp-image-9653\" src=\"https:\/\/www.donhighend.de\/wp-content\/uploads\/2023\/04\/Faltplan-WZ.jpg\" alt=\"\" width=\"733\" height=\"716\" srcset=\"https:\/\/www.donhighend.de\/wp-content\/uploads\/2023\/04\/Faltplan-WZ.jpg 733w, https:\/\/www.donhighend.de\/wp-content\/uploads\/2023\/04\/Faltplan-WZ-300x293.jpg 300w\" sizes=\"auto, (max-width: 733px) 100vw, 733px\" \/><\/p>\n<p style=\"text-align: center;\">Faltplan reiner TQWT Anteil ohne Weichen- und HT Bereich<\/p>\n<p>&nbsp;<\/p>\n<p style=\"text-align: justify;\">Oberhalb der eigentlichen TQWT ist ein separater Geh\u00e4usepart f\u00fcr den Hocht\u00f6ner vorgesehen. Nach unten wird das Geh\u00e4use so verl\u00e4ngert, dass sich eine Gesamth\u00f6he von 100 cm einstellt. Der nicht genutzte Hohlraum unterhalb der TQWT bietet komfortablen Platz f\u00fcr die Unterbringung der Frequenzweiche.<\/p>\n<p style=\"text-align: justify;\">Nachdem saubere Messungen in den finalen Geh\u00e4usen eingefangen wurden, konnte die Simulation einer Weichenschaltung mittels VituixCAD erfolgen. Diese Simulationen offenbarten, dass es gar nicht so einfach ist, einen m\u00f6glichst guten Kompromiss zu finden. Entweder war es hier ein Qu\u00e4ntchen zu viel, oder dort ein Hauch zu wenig. Jede kleine Verbesserung in eine Richtung brachte eine Verschlechterung in eine andere Richtung mit sich. Nat\u00fcrlich wurde Wert darauf gelegt, dass sich die Energieabgabe so gleichm\u00e4\u00dfig wie m\u00f6glich gestaltet. Auch dabei ist VituixCAD eine sehr gro\u00dfe Hilfe, da der zu erwartende Energiefrequenzgang auf horizontaler Ebene w\u00e4hrend der Simulation stets angezeigt wird. Eine Betrachtung der einzelnen Winkelfrequenzg\u00e4nge allein kann nur zu einer groben Aussage f\u00fchren. Zu unterschiedlich gestalten sich daf\u00fcr die einzelnen Kurven. Insgesamt wurden gut 20 verschiedene Simulationsans\u00e4tze gestartet und auf dem Weichenbrett gesteckt,\u00a0 von denen sich letzlich Variante 8 geh\u00f6rm\u00e4\u00dfig durchsetzen konnte.<\/p>\n<p style=\"text-align: center;\"><img loading=\"lazy\" decoding=\"async\" class=\"aligncenter size-full wp-image-9671\" src=\"https:\/\/www.donhighend.de\/wp-content\/uploads\/2023\/04\/overSEAS-var8-Directivity-hor.png\" alt=\"\" width=\"892\" height=\"428\" srcset=\"https:\/\/www.donhighend.de\/wp-content\/uploads\/2023\/04\/overSEAS-var8-Directivity-hor.png 892w, https:\/\/www.donhighend.de\/wp-content\/uploads\/2023\/04\/overSEAS-var8-Directivity-hor-300x144.png 300w, https:\/\/www.donhighend.de\/wp-content\/uploads\/2023\/04\/overSEAS-var8-Directivity-hor-768x369.png 768w, https:\/\/www.donhighend.de\/wp-content\/uploads\/2023\/04\/overSEAS-var8-Directivity-hor-750x360.png 750w\" sizes=\"auto, (max-width: 892px) 100vw, 892px\" \/>overSEAS Simulation 0\u00b0 &#8211; 90\u00b0 mit angef\u00fcgtem Nahfeld + Port (Freifeld)<\/p>\n<p>&nbsp;<\/p>\n<p style=\"text-align: justify;\">Auf Achse verl\u00e4uft der Frequenzgang sehr ausgewogen mit einer leichten Senke mit Scheitelpunkt bei rund 5 kHz. Bei 15\u00b0 zeigt sich hier eine gr\u00f6\u00dfere Senke. Bei 30\u00b0 und 45\u00b0 ist der Verlauf in diesem Bereich am ausgewogensten, und bei den gr\u00f6\u00dferen Winkeln von 60\u00b0 bis 90\u00b0 minimal \u00fcberbetont. Hier kommt die oben bereits genannte Simulation des Energiefrequenzgangs ins Spiel.<\/p>\n<p style=\"text-align: center;\"><img loading=\"lazy\" decoding=\"async\" class=\"aligncenter size-full wp-image-9674\" src=\"https:\/\/www.donhighend.de\/wp-content\/uploads\/2023\/04\/overSEAS-var8-PowerDI.png\" alt=\"\" width=\"928\" height=\"428\" srcset=\"https:\/\/www.donhighend.de\/wp-content\/uploads\/2023\/04\/overSEAS-var8-PowerDI.png 928w, https:\/\/www.donhighend.de\/wp-content\/uploads\/2023\/04\/overSEAS-var8-PowerDI-300x138.png 300w, https:\/\/www.donhighend.de\/wp-content\/uploads\/2023\/04\/overSEAS-var8-PowerDI-768x354.png 768w, https:\/\/www.donhighend.de\/wp-content\/uploads\/2023\/04\/overSEAS-var8-PowerDI-750x346.png 750w\" sizes=\"auto, (max-width: 928px) 100vw, 928px\" \/>overSEAS Energiefrequenzgang (blaue Kurve)<\/p>\n<p>&nbsp;<\/p>\n<p style=\"text-align: justify;\">Dieser zeigt, dass die Energieabgabe des Lautsprechers in den Raum auf horizontaler Ebene gleichm\u00e4\u00dfig ist, f\u00fcr einen Lautsprecher ohne Schallf\u00fchrung und schr\u00e4ge Fasen sogar sehr gleichm\u00e4\u00dfig. Auch f\u00fcr dieses Ergebnis sind kleinere Kompromisse n\u00f6tig. So zeigt sich bei der Betrachtung des Achsenfrequenzgangs und der Einzelzweige von TMT und HT eine kleine Phasenunsauberkeit im Hochtonbereich. Das ist die Stelle, an der der einzelne Pegel des Hocht\u00f6ners minimal lauter ist als die Summenkurve. Auch verlaufen die abfallenden Flanken der beiden Chassis nicht perfekt symmetrisch. Dies ist aber im vorliegenden Fall eher von kosmetischer Bedeutung. Der Schnittpunkt der beiden Kurven liegt recht genau 6dB unterhalb der Summenkurve, was eine saubere Phasenlage im Bereich der Trennfrequenz bei etwa 2,8 kHz best\u00e4tigt.<\/p>\n<p style=\"text-align: center;\"><img loading=\"lazy\" decoding=\"async\" class=\"aligncenter size-full wp-image-9677\" src=\"https:\/\/www.donhighend.de\/wp-content\/uploads\/2023\/04\/overSEAS-var8-SPL.png\" alt=\"\" width=\"960\" height=\"423\" srcset=\"https:\/\/www.donhighend.de\/wp-content\/uploads\/2023\/04\/overSEAS-var8-SPL.png 960w, https:\/\/www.donhighend.de\/wp-content\/uploads\/2023\/04\/overSEAS-var8-SPL-300x132.png 300w, https:\/\/www.donhighend.de\/wp-content\/uploads\/2023\/04\/overSEAS-var8-SPL-768x338.png 768w, https:\/\/www.donhighend.de\/wp-content\/uploads\/2023\/04\/overSEAS-var8-SPL-750x330.png 750w\" sizes=\"auto, (max-width: 960px) 100vw, 960px\" \/>overSEAS Frequenzgang 0\u00b0 + Einzelzweige<\/p>\n<p>&nbsp;<\/p>\n<p style=\"text-align: justify;\">Wie immer war es nun an der Zeit, die G\u00fcltigkeit der Simulation durch reale Messungen am Lautsprecher zu verifizieren.\u00a0 Bei sorgsamem Umgang mit modernen Simulationsprogrammen k\u00f6nnte das zwar eigentlich entfallen, aber Kontrolle ist nun einmal besser als blindes Vertrauen.<\/p>\n<p style=\"text-align: center;\"><img loading=\"lazy\" decoding=\"async\" class=\"aligncenter size-full wp-image-9680\" src=\"https:\/\/www.donhighend.de\/wp-content\/uploads\/2023\/04\/overSEAS-0\u00b0-90\u00b0-gefensterte-Fernfeldmessung-ohne-Bassanteil.png\" alt=\"\" width=\"1000\" height=\"600\" srcset=\"https:\/\/www.donhighend.de\/wp-content\/uploads\/2023\/04\/overSEAS-0\u00b0-90\u00b0-gefensterte-Fernfeldmessung-ohne-Bassanteil.png 1000w, https:\/\/www.donhighend.de\/wp-content\/uploads\/2023\/04\/overSEAS-0\u00b0-90\u00b0-gefensterte-Fernfeldmessung-ohne-Bassanteil-300x180.png 300w, https:\/\/www.donhighend.de\/wp-content\/uploads\/2023\/04\/overSEAS-0\u00b0-90\u00b0-gefensterte-Fernfeldmessung-ohne-Bassanteil-768x461.png 768w, https:\/\/www.donhighend.de\/wp-content\/uploads\/2023\/04\/overSEAS-0\u00b0-90\u00b0-gefensterte-Fernfeldmessung-ohne-Bassanteil-750x450.png 750w\" sizes=\"auto, (max-width: 1000px) 100vw, 1000px\" \/>overSEAS 0\u00b0 &#8211; 90\u00b0 gefensterte Messung ohne Bassanteil<\/p>\n<p>&nbsp;<\/p>\n<p style=\"text-align: center;\"><img loading=\"lazy\" decoding=\"async\" class=\"aligncenter size-full wp-image-9681\" src=\"https:\/\/www.donhighend.de\/wp-content\/uploads\/2023\/04\/overSEAS-0\u00b0-Einzelzweige-gefensterte-Fernfeldmessung-ohne-Bassanteil.png\" alt=\"\" width=\"1000\" height=\"576\" srcset=\"https:\/\/www.donhighend.de\/wp-content\/uploads\/2023\/04\/overSEAS-0\u00b0-Einzelzweige-gefensterte-Fernfeldmessung-ohne-Bassanteil.png 1000w, https:\/\/www.donhighend.de\/wp-content\/uploads\/2023\/04\/overSEAS-0\u00b0-Einzelzweige-gefensterte-Fernfeldmessung-ohne-Bassanteil-300x173.png 300w, https:\/\/www.donhighend.de\/wp-content\/uploads\/2023\/04\/overSEAS-0\u00b0-Einzelzweige-gefensterte-Fernfeldmessung-ohne-Bassanteil-768x442.png 768w, https:\/\/www.donhighend.de\/wp-content\/uploads\/2023\/04\/overSEAS-0\u00b0-Einzelzweige-gefensterte-Fernfeldmessung-ohne-Bassanteil-750x432.png 750w\" sizes=\"auto, (max-width: 1000px) 100vw, 1000px\" \/>overSEAS 0\u00b0 + Einzelzweige gefensterte Messung ohne Bassanteil<\/p>\n<p>&nbsp;<\/p>\n<p style=\"text-align: justify;\">Sowohl das von der Simulation vorausgesagte Verhalten unter Winkeln von 0\u00b0 &#8211; 90\u00b0 als auch die kleine Phasenunsauberkeit bei etwa 6,5 kHz zeigen sich unter realen Messbedingungen. Dass die realen Messungen etwas glatter sind als die Simulationen liegt in der Tatsache begr\u00fcndet, dass das finale Messfenster etwas kleiner gew\u00e4hlt wurde. Selbstverst\u00e4ndlich sind die Messungen nicht gegl\u00e4ttet worden.<\/p>\n<p style=\"text-align: justify;\">Der Frequenzgang ist, zus\u00e4tzlich zu der kleinen Senke auf Achse etwas fallend abgestimmt. Daf\u00fcr wurde im H\u00f6rtest gegen\u00fcber der urspr\u00fcnglichen Simulation ein Widerstandswert im Spannungsteiler ver\u00e4ndert. Dies ist bei den oben ver\u00f6ffentlichten Simulationen bereits ber\u00fccksichtigt. Die Schaltung der Frequenzweiche gestaltet sich recht einfach.<\/p>\n<p style=\"text-align: center;\"><img loading=\"lazy\" decoding=\"async\" class=\"aligncenter size-full wp-image-9683\" src=\"https:\/\/www.donhighend.de\/wp-content\/uploads\/2023\/04\/overSEAS-var8-XO-schema-8-mit-WZ.png\" alt=\"\" width=\"649\" height=\"501\" srcset=\"https:\/\/www.donhighend.de\/wp-content\/uploads\/2023\/04\/overSEAS-var8-XO-schema-8-mit-WZ.png 649w, https:\/\/www.donhighend.de\/wp-content\/uploads\/2023\/04\/overSEAS-var8-XO-schema-8-mit-WZ-300x232.png 300w\" sizes=\"auto, (max-width: 649px) 100vw, 649px\" \/>overSEAS Weichenschaltung<\/p>\n<p>&nbsp;<\/p>\n<p style=\"text-align: center;\"><a class=\"maxbutton-2 maxbutton maxbutton-warenkorb-weiche-wavecone-mk2\" href=\"https:\/\/www.donhighend.de\/wp-content\/uploads\/2023\/07\/Warenkorb-fuert-Quint-Store-Preisstand-25.07.23.pdf\"><span class='mb-text'>Warenkorb PDF<\/span><\/a><\/p>\n<p style=\"text-align: center;\">Warenkorb (Quint Store) f\u00fcr die Weichenteile der overSEAS (Preisstand 25.07.23)<\/p>\n<p>&nbsp;<\/p>\n<p style=\"text-align: center;\"><img loading=\"lazy\" decoding=\"async\" class=\"aligncenter size-full wp-image-9788\" src=\"https:\/\/www.donhighend.de\/wp-content\/uploads\/2023\/09\/Weiche.jpg\" alt=\"\" width=\"1476\" height=\"1396\" srcset=\"https:\/\/www.donhighend.de\/wp-content\/uploads\/2023\/09\/Weiche.jpg 1476w, https:\/\/www.donhighend.de\/wp-content\/uploads\/2023\/09\/Weiche-300x284.jpg 300w, https:\/\/www.donhighend.de\/wp-content\/uploads\/2023\/09\/Weiche-1024x968.jpg 1024w, https:\/\/www.donhighend.de\/wp-content\/uploads\/2023\/09\/Weiche-768x726.jpg 768w, https:\/\/www.donhighend.de\/wp-content\/uploads\/2023\/09\/Weiche-750x709.jpg 750w\" sizes=\"auto, (max-width: 1476px) 100vw, 1476px\" \/>overSEAS Frequenzweiche<\/p>\n<p>&nbsp;<\/p>\n<p style=\"text-align: justify;\">Der Tiefpass wurde lediglich mit einem Filter 1. Ordnung realisiert. Dieses besteht aus einer 1,2mH Luftspule mit 1,0mm Draht. Eine zus\u00e4tzliche Impedanzkorrektur und ein Saugkreis verhelfen dem U18RNX\/P zu einem fehlerfreien Verlauf bis er an seine Spielpartnerin 27TAC\/GB \u00fcbergibt. Diese gibt sich\u00a0 mit einer ebenso gen\u00fcgsamen Beschaltung zufrieden. Ein 12dB Hochpass, ein kleiner Sauger und ein Spannungsteiler passen die Kalotte hervorragend an den Tiefmittelt\u00f6ner an. Die verwendete Schaltung aus Simulationsvariante 8 sah f\u00fcr den Spannungsteiler einen Reihenwiderstand von 1,8 Ohm vor, welchen ich auf 2,2 Ohm erh\u00f6ht habe. Stattdessen h\u00e4tte auch der 6,8 Ohm Widerstand auf 5,6 Ohm reduziert werden k\u00f6nnen, was den Hochtonanteil breitbandiger abgesenkt h\u00e4tte. Dies l\u00e4sst Raum f\u00fcr eigene Versuche. Frischer wird der Hochtonbereich mit der Kombination 1,8 Ohm und 6,8 Ohm. Der Griff zu 2,2 Ohm und 5,6 Ohm macht es obenrum noch etwas sanfter.<\/p>\n<p style=\"text-align: justify;\">Selbstverst\u00e4ndlich gibt&#8217;s auch Messungen des Klirrverhaltens.\u00a0 Bereits bei der Auswahl des Tiefmittelt\u00f6ners zeigte dieser in den <a href=\"http:\/\/www.dibirama.altervista.org\/images\/ingrandimenti\/seas_u18rnx_p\/seas_u18rnx-p_thd.jpg\" target=\"_blank\" rel=\"noopener\"><span style=\"color: #0000ff;\">Messungen von Dibirama<\/span><\/a> im Bereich um seine Sickenresonanz herum etwas erh\u00f6hten Klirr. Auch die Messungen der overSEAS best\u00e4tigen dies.<\/p>\n<p style=\"text-align: center;\"><img loading=\"lazy\" decoding=\"async\" class=\"aligncenter size-full wp-image-9686\" src=\"https:\/\/www.donhighend.de\/wp-content\/uploads\/2023\/04\/overSEAS-Klirr-@-85dB.png\" alt=\"\" width=\"1000\" height=\"552\" srcset=\"https:\/\/www.donhighend.de\/wp-content\/uploads\/2023\/04\/overSEAS-Klirr-@-85dB.png 1000w, https:\/\/www.donhighend.de\/wp-content\/uploads\/2023\/04\/overSEAS-Klirr-@-85dB-300x166.png 300w, https:\/\/www.donhighend.de\/wp-content\/uploads\/2023\/04\/overSEAS-Klirr-@-85dB-768x424.png 768w, https:\/\/www.donhighend.de\/wp-content\/uploads\/2023\/04\/overSEAS-Klirr-@-85dB-750x414.png 750w\" sizes=\"auto, (max-width: 1000px) 100vw, 1000px\" \/>overSEAS Klirr @ 85dB<\/p>\n<p>&nbsp;<\/p>\n<p style=\"text-align: center;\"><img loading=\"lazy\" decoding=\"async\" class=\"aligncenter size-full wp-image-9687\" src=\"https:\/\/www.donhighend.de\/wp-content\/uploads\/2023\/04\/overSEAS-Klirr-@-90dB.png\" alt=\"\" width=\"1000\" height=\"552\" srcset=\"https:\/\/www.donhighend.de\/wp-content\/uploads\/2023\/04\/overSEAS-Klirr-@-90dB.png 1000w, https:\/\/www.donhighend.de\/wp-content\/uploads\/2023\/04\/overSEAS-Klirr-@-90dB-300x166.png 300w, https:\/\/www.donhighend.de\/wp-content\/uploads\/2023\/04\/overSEAS-Klirr-@-90dB-768x424.png 768w, https:\/\/www.donhighend.de\/wp-content\/uploads\/2023\/04\/overSEAS-Klirr-@-90dB-750x414.png 750w\" sizes=\"auto, (max-width: 1000px) 100vw, 1000px\" \/>overSEAS Klirr @ 90dB<\/p>\n<p>&nbsp;<\/p>\n<p style=\"text-align: justify;\">Zum Gl\u00fcck handelt es sich um gutm\u00fctigen und klanglich nicht st\u00f6renden K2, dessen Anteil bei 90dB auch lediglich auf Werte im Bereich 0,5% ansteigt. Auch dies kann man getrost als kosmetische Eigenschaft betrachten.<\/p>\n<p style=\"text-align: center;\"><img loading=\"lazy\" decoding=\"async\" class=\"aligncenter wp-image-9730 size-full\" src=\"https:\/\/www.donhighend.de\/wp-content\/uploads\/2023\/07\/Bauplan-overSEAS-mit-WZ.jpg\" alt=\"\" width=\"1721\" height=\"1219\" srcset=\"https:\/\/www.donhighend.de\/wp-content\/uploads\/2023\/07\/Bauplan-overSEAS-mit-WZ.jpg 1721w, https:\/\/www.donhighend.de\/wp-content\/uploads\/2023\/07\/Bauplan-overSEAS-mit-WZ-300x212.jpg 300w, https:\/\/www.donhighend.de\/wp-content\/uploads\/2023\/07\/Bauplan-overSEAS-mit-WZ-1024x725.jpg 1024w, https:\/\/www.donhighend.de\/wp-content\/uploads\/2023\/07\/Bauplan-overSEAS-mit-WZ-768x544.jpg 768w, https:\/\/www.donhighend.de\/wp-content\/uploads\/2023\/07\/Bauplan-overSEAS-mit-WZ-1536x1088.jpg 1536w, https:\/\/www.donhighend.de\/wp-content\/uploads\/2023\/07\/Bauplan-overSEAS-mit-WZ-750x531.jpg 750w\" sizes=\"auto, (max-width: 1721px) 100vw, 1721px\" \/>overSEAS Bau- und Bed\u00e4mpfungsplan (vergr\u00f6\u00dfern &#8211;&gt; rechte Maustaste &#8211;&gt; Grafik in neuem Tab \u00f6ffnen)<\/p>\n<p>&nbsp;<\/p>\n<p style=\"text-align: justify;\">Der Bauplan ist, wie immer bei meinen Baupl\u00e4nen, nicht ma\u00dfstabsgerecht.Die angegebenen Ma\u00dfe sind nat\u00fcrlich korrekt und erm\u00f6glichen einen problemlosen Aufbau.<\/p>\n<p style=\"text-align: justify;\">Die Weichen- und Baupl\u00e4ne sind f\u00fcr private Nutzung freigegeben. Jegliche Form der gewerblichen Nutzung oder Verbreitung ohne vorherige Absprache ist untersagt und wird strafrechtlich verfolgt.<\/p>\n<p style=\"text-align: justify;\">Und wie klingt die overSEAS? Die Lautsprecher klingen vollkommen unspektakul\u00e4r und zwar im positiven Sinne. Die Wahl der qualitativ hervorragenden Chassis war eine gute. Die sehr neutrale Abstimmung und die ausgewogene Abstrahlung sorge f\u00fcr ein sehr stressfreies H\u00f6ren. Der Bass reicht tief, ohne zu dr\u00f6hnen, wie man es von einer sorgf\u00e4ltig abgestimmten TQWT erwarten darf. Stimmen klingen sehr nat\u00fcrlich, nichts zischelt, nichts nervt. Die B\u00fchnenstaffelung gelingt der overSEAS ebenfalls hervorragend, sowohl in der Breite als auch in der Tiefe. Instrumente und die Positionen von S\u00e4ngern lassen sich einwandfrei orten.<\/p>\n","protected":false},"excerpt":{"rendered":"<p>Nun ist schon ein ganzes Jahr vergangen, seit sich die D.A.U. Jungs im M\u00e4rz 2022 zu ihrem 12. Treffen in Leverkusen versammelten. Mein Geburtstag war gerade ein paar Tage zuvor, und so lie\u00dfen es sich die Freunde nicht nehmen, mir ein sehr sch\u00f6nes Geschenk in Form eines Paares SEAS 27TAC\/GB zu \u00fcberreichen. Diese paarweise selektierten &hellip; <\/p>\n<p><a class=\"more-link btn\" href=\"https:\/\/www.donhighend.de\/?page_id=9543\">Weiterlesen<\/a><\/p>\n","protected":false},"author":1,"featured_media":9825,"parent":4401,"menu_order":941,"comment_status":"open","ping_status":"closed","template":"","meta":{"footnotes":""},"class_list":["post-9543","page","type-page","status-publish","has-post-thumbnail","hentry","nodate","item-wrap"],"_links":{"self":[{"href":"https:\/\/www.donhighend.de\/index.php?rest_route=\/wp\/v2\/pages\/9543","targetHints":{"allow":["GET"]}}],"collection":[{"href":"https:\/\/www.donhighend.de\/index.php?rest_route=\/wp\/v2\/pages"}],"about":[{"href":"https:\/\/www.donhighend.de\/index.php?rest_route=\/wp\/v2\/types\/page"}],"author":[{"embeddable":true,"href":"https:\/\/www.donhighend.de\/index.php?rest_route=\/wp\/v2\/users\/1"}],"replies":[{"embeddable":true,"href":"https:\/\/www.donhighend.de\/index.php?rest_route=%2Fwp%2Fv2%2Fcomments&post=9543"}],"version-history":[{"count":79,"href":"https:\/\/www.donhighend.de\/index.php?rest_route=\/wp\/v2\/pages\/9543\/revisions"}],"predecessor-version":[{"id":9826,"href":"https:\/\/www.donhighend.de\/index.php?rest_route=\/wp\/v2\/pages\/9543\/revisions\/9826"}],"up":[{"embeddable":true,"href":"https:\/\/www.donhighend.de\/index.php?rest_route=\/wp\/v2\/pages\/4401"}],"wp:featuredmedia":[{"embeddable":true,"href":"https:\/\/www.donhighend.de\/index.php?rest_route=\/wp\/v2\/media\/9825"}],"wp:attachment":[{"href":"https:\/\/www.donhighend.de\/index.php?rest_route=%2Fwp%2Fv2%2Fmedia&parent=9543"}],"curies":[{"name":"wp","href":"https:\/\/api.w.org\/{rel}","templated":true}]}}