{"id":9167,"date":"2022-05-30T10:36:50","date_gmt":"2022-05-30T09:36:50","guid":{"rendered":"http:\/\/www.donhighend.de\/?page_id=9167"},"modified":"2022-06-01T12:03:23","modified_gmt":"2022-06-01T11:03:23","slug":"poormans","status":"publish","type":"page","link":"https:\/\/www.donhighend.de\/?page_id=9167","title":{"rendered":"Poorman&#8217;s"},"content":{"rendered":"<p><img loading=\"lazy\" decoding=\"async\" class=\"aligncenter size-full wp-image-9158\" src=\"https:\/\/www.donhighend.de\/wp-content\/uploads\/2022\/05\/Poormans-Titelbild-rotated.jpg\" alt=\"\" width=\"480\" height=\"640\" srcset=\"https:\/\/www.donhighend.de\/wp-content\/uploads\/2022\/05\/Poormans-Titelbild-rotated.jpg 480w, https:\/\/www.donhighend.de\/wp-content\/uploads\/2022\/05\/Poormans-Titelbild-225x300.jpg 225w\" sizes=\"auto, (max-width: 480px) 100vw, 480px\" \/><\/p>\n<p style=\"text-align: justify;\">Es ist inzwischen ein rundes Jahr her, dass Sven (in einigen Foren als SNT unterwegs) mich kontaktierte und mich mit (s)einer Idee konfrontierte. Er hatte sich in den Kopf gesetzt, ein Lautsprechergeh\u00e4use im 3D Druck zu erstellen. Nichts neues, werden nun einige denken. Das ist teilweise richtig, aber Sven plante mit seiner Idee keines der \u00fcblichen Zigarettenschachtel-Lautsprecherchen mit 2 Zoll Breitb\u00e4nder, welches am Strand, angetrieben von einer China Platine, neben der Luftmatratze umherpl\u00e4rrt. Nein, Sven dachte an einen richtigen Lautsprecher, auch unter HiFi Gesichtspunkten. Ein durchaus hoch gestecktes Ziel. Aber das allein war dem guten Sven noch nicht genug. Das Geh\u00e4use f\u00fcr den Lautsprecher sollte in einem durchgegenden Druckvorgang in einem St\u00fcck erstellt werden. Klar, dass es daf\u00fcr eines etwas gr\u00f6\u00dferen Druckers bedarf und den notwendigen Kenntnissen im Umgang mit einem solchen ohnehin.<\/p>\n<p style=\"text-align: justify;\">Nun, Sven verf\u00fcgt \u00fcber beides, und noch dazu hat er das Programm f\u00fcr die Druckmaschine selbst geschrieben. Die erste H\u00fcrde schien genommen. Es fehlte nur noch ein Entwickler, der den Rest bis zum fertigen Lautsprecher erledigt. Es freut mich, dass Svens&#8216; Auswahl, trotz seiner Mitgliedschaft in einigen Foren, auf mich fiel. An dieser Stelle geht mein besonderer Dank daf\u00fcr an Sven. Die Zusammenarbeit mit ihm war vollkommen entspannt und so derart angenehm, dass auch dies eine wahre Freude war.<\/p>\n<p style=\"text-align: justify;\">Nach den ersten Telefonaten hatten wir unsere Vorstellungen schnell unter einen Hut bringen k\u00f6nnen. Da es sich um ein &#8222;Proof of Concept&#8220; mit offenem Ausgang handelte, sollten die Chassis preiswert, aber von guter Qualit\u00e4t sein. Sven schwebte die Verwendung eines AMT vor. Damit waren f\u00fcr mich ein Waveguide und eine maximale Gr\u00f6\u00dfe des TMT von 5 &#8211; 5,5 Zoll gesetzt. Als Hocht\u00f6ner hatten wir recht schnell den <span style=\"color: #0000ff;\"><a style=\"color: #0000ff;\" href=\"https:\/\/www.dynavox-audio.de\/produkte\/spalte3\/lautsprecher\/amt-2-air-motion-transformer.html\" target=\"_blank\" rel=\"noopener\">Dynavox AMT-2<\/a><\/span> ausgesucht, der \u00fcber ein breites H\u00e4ndlernetz angeboten wird. Zudem war ich zu einem fr\u00fcheren Zeitpunkt bereits an einer Entwicklung beteiligt, in welcher der Hocht\u00f6ner in einem Waveguide eine gute Performance ablieferte.<\/p>\n<p style=\"text-align: center;\"><img loading=\"lazy\" decoding=\"async\" class=\"aligncenter size-full wp-image-9177\" src=\"https:\/\/www.donhighend.de\/wp-content\/uploads\/2022\/05\/AMT-2.jpg\" alt=\"\" width=\"500\" height=\"439\" srcset=\"https:\/\/www.donhighend.de\/wp-content\/uploads\/2022\/05\/AMT-2.jpg 500w, https:\/\/www.donhighend.de\/wp-content\/uploads\/2022\/05\/AMT-2-300x263.jpg 300w\" sizes=\"auto, (max-width: 500px) 100vw, 500px\" \/>Dynavox AMT-2<\/p>\n<p>&nbsp;<\/p>\n<p style=\"text-align: justify;\">Einen guten Tiefmittelt\u00f6ner, der weit genug bis in den oberen Mitteltonbereich spielt, und der zudem sehr preisw\u00fcrdig ist, fanden wir im <span style=\"color: #0000ff;\"><a style=\"color: #0000ff;\" href=\"https:\/\/sbacoustics.com\/product\/5-sb13pfcr25-8-paper\/\" target=\"_blank\" rel=\"noopener\">SB13PFCR25-8<\/a><\/span> aus dem Hause SB Acoustics.<\/p>\n<p style=\"text-align: center;\"><img loading=\"lazy\" decoding=\"async\" class=\"aligncenter size-full wp-image-9180\" src=\"https:\/\/www.donhighend.de\/wp-content\/uploads\/2022\/05\/SB13PFCR25-8.jpg\" alt=\"\" width=\"640\" height=\"640\" srcset=\"https:\/\/www.donhighend.de\/wp-content\/uploads\/2022\/05\/SB13PFCR25-8.jpg 640w, https:\/\/www.donhighend.de\/wp-content\/uploads\/2022\/05\/SB13PFCR25-8-300x300.jpg 300w, https:\/\/www.donhighend.de\/wp-content\/uploads\/2022\/05\/SB13PFCR25-8-150x150.jpg 150w\" sizes=\"auto, (max-width: 640px) 100vw, 640px\" \/>SB Acoustics SB13PFCR25-8<\/p>\n<p>&nbsp;<\/p>\n<p style=\"text-align: justify;\">Die TSP des Chassis nachzumessen habe ich mir geschenkt und mich einer <a href=\"http:\/\/www.dibirama.altervista.org\/images\/ingrandimenti\/sb_acoustics_sb13pfc25-08\/sb_acoustics_sb13pfc25-08_par.jpg\" target=\"_blank\" rel=\"noopener\"><span style=\"color: #0000ff;\">Messung<\/span><\/a>\u00a0 von dibirama bedient. Deren Messungen sind seit Jahren zuverl\u00e4ssig, und im vorliegenden Fall best\u00e4tigen sich die TSP Angaben aus dem SB Acoustics Datenblatt in eindrucksvoller Weise. Gemessen wurde von Diego das ansonsten technisch identische Modell SB13PFC25-8, welches jedoch mit einem &#8222;Ohrenkorb&#8220; ausgestattet ist.<\/p>\n<p>Mit 13 Litern Luft hinterm Korb stellt AJHorn folgende Performance in Aussicht:<\/p>\n<p style=\"text-align: center;\"><img loading=\"lazy\" decoding=\"async\" class=\"aligncenter size-full wp-image-9194\" src=\"https:\/\/www.donhighend.de\/wp-content\/uploads\/2022\/05\/SB13PFCR25-8-in-13-Litern-BR.jpg\" alt=\"\" width=\"554\" height=\"412\" srcset=\"https:\/\/www.donhighend.de\/wp-content\/uploads\/2022\/05\/SB13PFCR25-8-in-13-Litern-BR.jpg 554w, https:\/\/www.donhighend.de\/wp-content\/uploads\/2022\/05\/SB13PFCR25-8-in-13-Litern-BR-300x223.jpg 300w\" sizes=\"auto, (max-width: 554px) 100vw, 554px\" \/>SB Acoustics SB13PFCR25-8 in 13 Litern BR<\/p>\n<p>&nbsp;<\/p>\n<p style=\"text-align: justify;\">So weit, so gut. Das Konzept stand! Nun vergingen einige Monate, in denen Sven und ich uns \u00fcber kleinere und gr\u00f6\u00dfere Details unterhielten. Der Geh\u00e4usedruck brachte die erwarteten kleinen Problemchen mit sich, und ein paar Kleinigkeiten, die wir im Detail ver\u00e4nderten, wurden von Sven in das Druckprojekt \u00fcbernommen. Das Geh\u00e4use hat Sven im sogenannten VASE Modus gefertigt. Es ist also doppelwanddig und muss somit f\u00fcr die notwendige Stabilit\u00e4t eine F\u00fcllung erhalten. Daf\u00fcr eignen sich viele Materialien, wie z. B. Epoxydharz, diverse andere mehr oder weniger aush\u00e4rtende Fl\u00fcssigkeiten mit und ohne Beimischungen, oder schlicht Gips. Final wurde es Dentalgips, welcher in verschiedenen H\u00e4rtegraden angeboten wird und den entscheidenden Vorteil mitbringt, dass er nicht gleich bricht, wenn er mal etwas h\u00e4rter angefasst wird. \u00dcber eine \u00d6ffnung im Boden des Geh\u00e4uses hat Sven die Geh\u00e4use nach Beendigung des Drucks bef\u00fcllt. Jedenfalls sind die Geh\u00e4use m\u00e4chtig schwer, und die beliebte Klopfprobe f\u00fchrt nur zu einem m\u00fcden Plopp. Verstrebungen gibt&#8217;s im Geh\u00e4use nicht, und die sind auch definitiv nicht n\u00f6tig. So gar und \u00fcberhaupt nicht.<\/p>\n<p style=\"text-align: justify;\">Nat\u00fcrlich konnte ich nicht abwarten, die Chassis in das Geh\u00e4use zu pflanzen, Messungen vorzunehmen und diese in das Simulationstool VituixCad zu importieren.<\/p>\n<p style=\"text-align: center;\"><img loading=\"lazy\" decoding=\"async\" class=\"aligncenter size-full wp-image-9189\" src=\"https:\/\/www.donhighend.de\/wp-content\/uploads\/2022\/05\/TMT-SPL.png\" alt=\"\" width=\"951\" height=\"423\" srcset=\"https:\/\/www.donhighend.de\/wp-content\/uploads\/2022\/05\/TMT-SPL.png 951w, https:\/\/www.donhighend.de\/wp-content\/uploads\/2022\/05\/TMT-SPL-300x133.png 300w, https:\/\/www.donhighend.de\/wp-content\/uploads\/2022\/05\/TMT-SPL-768x342.png 768w, https:\/\/www.donhighend.de\/wp-content\/uploads\/2022\/05\/TMT-SPL-750x334.png 750w\" sizes=\"auto, (max-width: 951px) 100vw, 951px\" \/>SB13PFCR25-8 gefensterte Messung 0\u00b0 unbeschaltet<\/p>\n<p>&nbsp;<\/p>\n<p style=\"text-align: justify;\">Der preiswerte Tiefmittelt\u00f6ner verh\u00e4lt sich im Poorman&#8217;s Geh\u00e4use quasi musterg\u00fcltig. Erst oberhalb von gut 4,5 kHz bricht die Membran in Resonanzen auf.<\/p>\n<p><img loading=\"lazy\" decoding=\"async\" class=\"aligncenter size-full wp-image-9192\" src=\"https:\/\/www.donhighend.de\/wp-content\/uploads\/2022\/05\/HT-SPL.png\" alt=\"\" width=\"951\" height=\"423\" srcset=\"https:\/\/www.donhighend.de\/wp-content\/uploads\/2022\/05\/HT-SPL.png 951w, https:\/\/www.donhighend.de\/wp-content\/uploads\/2022\/05\/HT-SPL-300x133.png 300w, https:\/\/www.donhighend.de\/wp-content\/uploads\/2022\/05\/HT-SPL-768x342.png 768w, https:\/\/www.donhighend.de\/wp-content\/uploads\/2022\/05\/HT-SPL-750x334.png 750w\" sizes=\"auto, (max-width: 951px) 100vw, 951px\" \/><\/p>\n<p style=\"text-align: center;\">Dynavox AMT-2 Messung 0\u00b0 unbeschaltet<\/p>\n<p>&nbsp;<\/p>\n<p style=\"text-align: justify;\">Der kleine AMT misst sich \u00e4hnlich wie ich es schon bei der weiter oben angesprochenen anderen Entwicklung gesehen habe. Allerdings zeigen sich im Gegensatz zur damaligen Messung hier aktuell unterhalb von 3 kHz zwei statt eines Resonanzh\u00f6ckers. In der Praxis spielt das aber keine Rolle, da eine Trennfrequenz oberhalb von 3 kHz angestrebt wird.<\/p>\n<p style=\"text-align: center;\"><img loading=\"lazy\" decoding=\"async\" class=\"aligncenter size-full wp-image-9201\" src=\"https:\/\/www.donhighend.de\/wp-content\/uploads\/2022\/05\/Poormans-Directivity-hor.png\" alt=\"\" width=\"898\" height=\"428\" srcset=\"https:\/\/www.donhighend.de\/wp-content\/uploads\/2022\/05\/Poormans-Directivity-hor.png 898w, https:\/\/www.donhighend.de\/wp-content\/uploads\/2022\/05\/Poormans-Directivity-hor-300x143.png 300w, https:\/\/www.donhighend.de\/wp-content\/uploads\/2022\/05\/Poormans-Directivity-hor-768x366.png 768w, https:\/\/www.donhighend.de\/wp-content\/uploads\/2022\/05\/Poormans-Directivity-hor-750x357.png 750w\" sizes=\"auto, (max-width: 898px) 100vw, 898px\" \/>Poorman&#8217;s Simulation 0\u00b0 &#8211; 90\u00b0<\/p>\n<p>&nbsp;<\/p>\n<p style=\"text-align: justify;\">Nach kurzer Simuationsarbeit war schnell eine Weichenschaltung gefunden, die sowohl zu einem sehr ausgewogenen Frequenzgang auf Achse als auch zu einem sehr ordentlichen Abstrahlverhalten f\u00fchrt. Nicht zuletzt ist sie preiswert realisierbar, was in Anbetracht der ebefalls preisw\u00fcrdigen Chassis absolut w\u00fcnschenswert ist.<\/p>\n<p style=\"text-align: center;\"><img loading=\"lazy\" decoding=\"async\" class=\"aligncenter size-full wp-image-9202\" src=\"https:\/\/www.donhighend.de\/wp-content\/uploads\/2022\/05\/Poormans-PowerDI.png\" alt=\"\" width=\"928\" height=\"428\" srcset=\"https:\/\/www.donhighend.de\/wp-content\/uploads\/2022\/05\/Poormans-PowerDI.png 928w, https:\/\/www.donhighend.de\/wp-content\/uploads\/2022\/05\/Poormans-PowerDI-300x138.png 300w, https:\/\/www.donhighend.de\/wp-content\/uploads\/2022\/05\/Poormans-PowerDI-768x354.png 768w, https:\/\/www.donhighend.de\/wp-content\/uploads\/2022\/05\/Poormans-PowerDI-750x346.png 750w\" sizes=\"auto, (max-width: 928px) 100vw, 928px\" \/>Poorman&#8217;s Simulation 0\u00b0 und Energiefrequenzgang<\/p>\n<p>&nbsp;<\/p>\n<p style=\"text-align: justify;\">Wie immer gilt es nach dieser Geschichte, die Weiche zu stecken und einen Vergleich zwischen Simulation und realem Messergebnis anzustellen. Nat\u00fcrlich sind die Ergebnisse wie immer quasi deckungsgleich.<\/p>\n<p>&nbsp;<\/p>\n<p style=\"text-align: center;\"><img loading=\"lazy\" decoding=\"async\" class=\"aligncenter size-full wp-image-9197\" src=\"https:\/\/www.donhighend.de\/wp-content\/uploads\/2022\/05\/Poormans-0\u00b0-Einzelzweige.png\" alt=\"\" width=\"1000\" height=\"576\" srcset=\"https:\/\/www.donhighend.de\/wp-content\/uploads\/2022\/05\/Poormans-0\u00b0-Einzelzweige.png 1000w, https:\/\/www.donhighend.de\/wp-content\/uploads\/2022\/05\/Poormans-0\u00b0-Einzelzweige-300x173.png 300w, https:\/\/www.donhighend.de\/wp-content\/uploads\/2022\/05\/Poormans-0\u00b0-Einzelzweige-768x442.png 768w, https:\/\/www.donhighend.de\/wp-content\/uploads\/2022\/05\/Poormans-0\u00b0-Einzelzweige-750x432.png 750w\" sizes=\"auto, (max-width: 1000px) 100vw, 1000px\" \/>Messung Poorman&#8217;s 0\u00b0 + Einzelzweige<\/p>\n<p>&nbsp;<\/p>\n<p style=\"text-align: justify;\">Die Trennfrequenz liegt bei etwa 3,3 kHz und zeigt sowohl symmetrisch verlaufende Flanken als auch einen Schnittpunkt 6dB unterhalb der Summenkurve. Die Phasenlage im \u00dcbernahmebereich ist also einwandfrei.<\/p>\n<p style=\"text-align: center;\"><img loading=\"lazy\" decoding=\"async\" class=\"aligncenter size-full wp-image-9198\" src=\"https:\/\/www.donhighend.de\/wp-content\/uploads\/2022\/05\/Poormans-0\u00b0-90\u00b0.png\" alt=\"\" width=\"1000\" height=\"600\" srcset=\"https:\/\/www.donhighend.de\/wp-content\/uploads\/2022\/05\/Poormans-0\u00b0-90\u00b0.png 1000w, https:\/\/www.donhighend.de\/wp-content\/uploads\/2022\/05\/Poormans-0\u00b0-90\u00b0-300x180.png 300w, https:\/\/www.donhighend.de\/wp-content\/uploads\/2022\/05\/Poormans-0\u00b0-90\u00b0-768x461.png 768w, https:\/\/www.donhighend.de\/wp-content\/uploads\/2022\/05\/Poormans-0\u00b0-90\u00b0-750x450.png 750w\" sizes=\"auto, (max-width: 1000px) 100vw, 1000px\" \/>Messung Poorman&#8217;s 0\u00b0 &#8211; 90\u00b0<\/p>\n<p>&nbsp;<\/p>\n<p style=\"text-align: justify;\">Die Winkelmessungen zeigen ein gutes und gleichm\u00e4\u00dfiges Abstrahlverhalten. Um 4 kHz bildet sich ein kleiner Pickel, der sich mittels eines Saugkreises problemlos wegfiltern lie\u00dfe. Da er sich akustisch nicht st\u00f6rend auswirkt, habe ich es dabei belassen.<\/p>\n<p style=\"text-align: center;\"><img loading=\"lazy\" decoding=\"async\" class=\"aligncenter size-full wp-image-9199\" src=\"https:\/\/www.donhighend.de\/wp-content\/uploads\/2022\/05\/Poormans-0\u00b0-Impedanzverlauf.png\" alt=\"\" width=\"1000\" height=\"576\" srcset=\"https:\/\/www.donhighend.de\/wp-content\/uploads\/2022\/05\/Poormans-0\u00b0-Impedanzverlauf.png 1000w, https:\/\/www.donhighend.de\/wp-content\/uploads\/2022\/05\/Poormans-0\u00b0-Impedanzverlauf-300x173.png 300w, https:\/\/www.donhighend.de\/wp-content\/uploads\/2022\/05\/Poormans-0\u00b0-Impedanzverlauf-768x442.png 768w, https:\/\/www.donhighend.de\/wp-content\/uploads\/2022\/05\/Poormans-0\u00b0-Impedanzverlauf-750x432.png 750w\" sizes=\"auto, (max-width: 1000px) 100vw, 1000px\" \/>Messung Poorman&#8217;s 0\u00b0 + Impedanzverlauf<\/p>\n<p>&nbsp;<\/p>\n<p style=\"text-align: justify;\">Der Impedanzverlauf ist ebenfalls unkritisch. Die niedrigste Punkt der Verlaufs liegt mit etwa 4,5 Ohm bei etwa 3,5 kHz. Jeder handels\u00fcbliche Verst\u00e4rker sollte leichtes Spiel mit der Poorman&#8217;s haben.<\/p>\n<p style=\"text-align: justify;\">Da das Geh\u00e4use der Poorman&#8217;s mit handels\u00fcblichen 3D Druckerns wegen ihrer zu geringen ihrer Gr\u00f6\u00dfe nicht nachbaubar ist,\u00a0 soll sie als reines &#8222;Proof of Concept&#8220; verstanden werden. Eine entsprechende .stl Datei f\u00fcr den Druck gibt es an dieser Stelle deswegen, zumindest vorerst, nicht. Dennoch soll an dieser Stelle der Weichenplan zeigen, dass sich der Aufwand f\u00fcr die Beschaltung in sehr moderaten Bereichen bewegt.<\/p>\n<p style=\"text-align: center;\"><img loading=\"lazy\" decoding=\"async\" class=\"aligncenter size-full wp-image-9206\" src=\"https:\/\/www.donhighend.de\/wp-content\/uploads\/2022\/05\/Poormans-XO-schema-final.png\" alt=\"\" width=\"615\" height=\"491\" srcset=\"https:\/\/www.donhighend.de\/wp-content\/uploads\/2022\/05\/Poormans-XO-schema-final.png 615w, https:\/\/www.donhighend.de\/wp-content\/uploads\/2022\/05\/Poormans-XO-schema-final-300x240.png 300w\" sizes=\"auto, (max-width: 615px) 100vw, 615px\" \/>Poorman&#8217;s Weichenplan<\/p>\n<p>&nbsp;<\/p>\n<p style=\"text-align: justify;\">Der Weichenplan ist f\u00fcr private Nutzung freigegeben. Jegliche Form der gewerblichen Nutzung oder Verbreitung ohne vorherige Absprache ist untersagt und wird strafrechtlich verfolgt.<\/p>\n<p style=\"text-align: justify;\">Sven hat es tats\u00e4chlich geschafft, das Geh\u00e4use &#8222;in einem Rutsch&#8220; zu drucken. Dabei war es ihm wichtig, dass dies innerhalb eines Tages geschehen kann, da er den Drucker aus nachvollziehbaren Sicherheitsgedanken nachts nicht unbeaufsichtigt arbeiten lassen wollte. Lediglich kleine Detaill\u00f6sungen wurden separat gedruckt und nachtr\u00e4glich in das Geh\u00e4use eingebracht. Dazu z\u00e4hlen der Port, die Plateaus f\u00fcr die Terminals und ein kleiner Einsatz beim Waveguide.<\/p>\n<p style=\"text-align: center;\"><img loading=\"lazy\" decoding=\"async\" class=\"aligncenter size-full wp-image-9208\" src=\"https:\/\/www.donhighend.de\/wp-content\/uploads\/2022\/05\/Poormans-1.jpg\" alt=\"\" width=\"480\" height=\"640\" srcset=\"https:\/\/www.donhighend.de\/wp-content\/uploads\/2022\/05\/Poormans-1.jpg 480w, https:\/\/www.donhighend.de\/wp-content\/uploads\/2022\/05\/Poormans-1-225x300.jpg 225w\" sizes=\"auto, (max-width: 480px) 100vw, 480px\" \/>Poorman&#8217;s Frontansicht<\/p>\n<p>&nbsp;<\/p>\n<p style=\"text-align: center;\"><img loading=\"lazy\" decoding=\"async\" class=\"aligncenter size-full wp-image-9209\" src=\"https:\/\/www.donhighend.de\/wp-content\/uploads\/2022\/05\/Poormans-2.png\" alt=\"\" width=\"853\" height=\"640\" srcset=\"https:\/\/www.donhighend.de\/wp-content\/uploads\/2022\/05\/Poormans-2.png 853w, https:\/\/www.donhighend.de\/wp-content\/uploads\/2022\/05\/Poormans-2-300x225.png 300w, https:\/\/www.donhighend.de\/wp-content\/uploads\/2022\/05\/Poormans-2-768x576.png 768w, https:\/\/www.donhighend.de\/wp-content\/uploads\/2022\/05\/Poormans-2-750x563.png 750w\" sizes=\"auto, (max-width: 853px) 100vw, 853px\" \/>Poorman&#8217;s Details<\/p>\n<p>&nbsp;<\/p>\n<p style=\"text-align: center;\"><img loading=\"lazy\" decoding=\"async\" class=\"aligncenter size-full wp-image-9210\" src=\"https:\/\/www.donhighend.de\/wp-content\/uploads\/2022\/05\/Poormans-3.png\" alt=\"\" width=\"853\" height=\"640\" srcset=\"https:\/\/www.donhighend.de\/wp-content\/uploads\/2022\/05\/Poormans-3.png 853w, https:\/\/www.donhighend.de\/wp-content\/uploads\/2022\/05\/Poormans-3-300x225.png 300w, https:\/\/www.donhighend.de\/wp-content\/uploads\/2022\/05\/Poormans-3-768x576.png 768w, https:\/\/www.donhighend.de\/wp-content\/uploads\/2022\/05\/Poormans-3-750x563.png 750w\" sizes=\"auto, (max-width: 853px) 100vw, 853px\" \/>Poorman&#8217;s Details<\/p>\n<p>&nbsp;<\/p>\n<p style=\"text-align: justify;\">An dieser Stelle bleibt mir einmal mehr, mich bei Sven f\u00fcr die ganze M\u00fche und den unerm\u00fcdlichen Einsatz und die Konsequenz bei der Erstellung der Geh\u00e4use zu bedanken. Au\u00dferordentlich freue ich mich \u00fcber die Tatsache, dass Sven mich als Partner f\u00fcr dieses tolle Projekt ausgesucht hat. Danke Dir Sven&#8230;<\/p>\n<p style=\"text-align: justify;\">Und nat\u00fcrlich kommt hier auch Sven zu Wort. Er kann zur Vorgehensweise beim 3D Druck des Geh\u00e4uses noch ein paar kleine Details anmerken, von denen ich so rein gar keine Ahnung habe.<\/p>\n<p style=\"text-align: justify;\"><em>&#8222;Ich hab vor allen Dingen Dir zu danken, dass Du dir so viel M\u00fche gemacht hast! Du hast aus dem problematischen Waveguide tats\u00e4chlich noch einen sehr ausgewogenen Frequenzgang herausgeholt. Das gef\u00e4llt mir echt gut! Ich kann mir gut vorstellen, diese g\u00fcnstige Chassiskombi auch in einem Holzgeh\u00e4use sein Zuhause finden kann.<\/em><\/p>\n<p style=\"text-align: justify;\"><em>Nat\u00fcrlich ist das Geh\u00e4use nicht absolut perfekt &#8211; wie immer bei einer Entwicklung &#8211; sind noch 3D Druck prozessbedingte Schw\u00e4chen zu Tage getreten. Wie vielleicht einige unter den Lesern wissen, arbeite ich an einem Script, dass den Boxenhohlk\u00f6rper f\u00fcr einen 3D Druck halbautomatisch vorbereitet und mit dem man \u00fcber Schieberegler die Form in bestimmten Grenzen auf kreative Weise \u00e4ndern kann. Da dieser Prozess noch nicht ausgereift ist, gibt es auch keine Ver\u00f6ffentlichung der stl Dateien. So schw\u00e4chelte z.B. die Layerhaftung prozessbedingt an den scharfen Kanten der Poormans also oben und untere Kante. Dieser automatische Prozess wird aber in Zukunft noch verbessert.<\/em><\/p>\n<p style=\"text-align: justify;\"><em>In Zusammenarbeit ist eine Box entstanden, die sich sehen und h\u00f6ren lassen kann &#8211; vielen Dank Alex!&#8220;<\/em><\/p>\n","protected":false},"excerpt":{"rendered":"<p>Es ist inzwischen ein rundes Jahr her, dass Sven (in einigen Foren als SNT unterwegs) mich kontaktierte und mich mit (s)einer Idee konfrontierte. Er hatte sich in den Kopf gesetzt, ein Lautsprechergeh\u00e4use im 3D Druck zu erstellen. Nichts neues, werden nun einige denken. Das ist teilweise richtig, aber Sven plante mit seiner Idee keines der &hellip; <\/p>\n<p><a class=\"more-link btn\" href=\"https:\/\/www.donhighend.de\/?page_id=9167\">Weiterlesen<\/a><\/p>\n","protected":false},"author":1,"featured_media":9158,"parent":4401,"menu_order":944,"comment_status":"open","ping_status":"closed","template":"","meta":{"footnotes":""},"class_list":["post-9167","page","type-page","status-publish","has-post-thumbnail","hentry","nodate","item-wrap"],"_links":{"self":[{"href":"https:\/\/www.donhighend.de\/index.php?rest_route=\/wp\/v2\/pages\/9167","targetHints":{"allow":["GET"]}}],"collection":[{"href":"https:\/\/www.donhighend.de\/index.php?rest_route=\/wp\/v2\/pages"}],"about":[{"href":"https:\/\/www.donhighend.de\/index.php?rest_route=\/wp\/v2\/types\/page"}],"author":[{"embeddable":true,"href":"https:\/\/www.donhighend.de\/index.php?rest_route=\/wp\/v2\/users\/1"}],"replies":[{"embeddable":true,"href":"https:\/\/www.donhighend.de\/index.php?rest_route=%2Fwp%2Fv2%2Fcomments&post=9167"}],"version-history":[{"count":41,"href":"https:\/\/www.donhighend.de\/index.php?rest_route=\/wp\/v2\/pages\/9167\/revisions"}],"predecessor-version":[{"id":9223,"href":"https:\/\/www.donhighend.de\/index.php?rest_route=\/wp\/v2\/pages\/9167\/revisions\/9223"}],"up":[{"embeddable":true,"href":"https:\/\/www.donhighend.de\/index.php?rest_route=\/wp\/v2\/pages\/4401"}],"wp:featuredmedia":[{"embeddable":true,"href":"https:\/\/www.donhighend.de\/index.php?rest_route=\/wp\/v2\/media\/9158"}],"wp:attachment":[{"href":"https:\/\/www.donhighend.de\/index.php?rest_route=%2Fwp%2Fv2%2Fmedia&parent=9167"}],"curies":[{"name":"wp","href":"https:\/\/api.w.org\/{rel}","templated":true}]}}