{"id":9087,"date":"2022-04-04T10:26:21","date_gmt":"2022-04-04T09:26:21","guid":{"rendered":"http:\/\/www.donhighend.de\/?page_id=9087"},"modified":"2024-08-09T09:25:56","modified_gmt":"2024-08-09T08:25:56","slug":"minimal-130","status":"publish","type":"page","link":"https:\/\/www.donhighend.de\/?page_id=9087","title":{"rendered":"minimAL130"},"content":{"rendered":"<p><img loading=\"lazy\" decoding=\"async\" class=\"aligncenter size-full wp-image-9796\" src=\"https:\/\/www.donhighend.de\/wp-content\/uploads\/2023\/10\/Titelbild.jpg\" alt=\"\" width=\"480\" height=\"640\" srcset=\"https:\/\/www.donhighend.de\/wp-content\/uploads\/2023\/10\/Titelbild.jpg 480w, https:\/\/www.donhighend.de\/wp-content\/uploads\/2023\/10\/Titelbild-225x300.jpg 225w\" sizes=\"auto, (max-width: 480px) 100vw, 480px\" \/><\/p>\n<p style=\"text-align: justify;\">Seit vielen Jahren trage ich eine Konzeptidee mit mir herum. Das ist eine ziemlich verr\u00fcckte Sache, deren Realisierung ich jedoch aus verschiedenen Gr\u00fcnden immer wieder ausgesetzt habe. Grundlage der Idee ist der Visaton AL130, ein bekannterma\u00dfen hervorragender Tiefmittelt\u00f6ner. Dessen Stra\u00dfenpreis liegt bei derzeit rund 130,- Euro. Nur um einen Versuch zu starten ein Paar davon anzuschaffen, hielt ich f\u00fcr nicht sonderlich vern\u00fcnftig, da ich f\u00fcr die Chassis im Fall eines Misserfolgs keine weitere Verwendung habe.<\/p>\n<p style=\"text-align: justify;\">Doch zun\u00e4chst einmal zur\u00fcck zu den Gedanken in meinem Kopf, die immer wieder einmal aufkeimten. Da gab es ein B\u00f6xlein, welches seine Wurzeln im kalifornischen Coronado hatte. Der <span style=\"color: #0000ff;\"><a style=\"color: #0000ff;\" href=\"https:\/\/dt7v1i9vyp3mf.cloudfront.net\/styles\/news_large\/s3\/imagelibrary\/a\/auratone5c02-Yfm21dsY36sQ6Cf8QSDZfQRKFSPfRFYE.jpg\" target=\"_blank\" rel=\"noopener\">Auratone Cube<\/a><\/span> erfreute sich in vielen Tonstudios als kleine Abh\u00f6re. Seit dem Tod des Auratone Gr\u00fcnders Jack Wilson im Jahre 2005 wird der Auratone Cube von einem neuen Hersteller nachgebaut und erfreut sich immer noch gro\u00dfer Beliebtheit. Simulationen zeigten, dass der AL130 in einem \u00e4hnlichen Volumen bei entsprechender Beschaltung ein gutes St\u00fcck tiefer spielen kann, und auch im Hochtonbereich klettert die Alu Membran in h\u00f6here Gefilde. Mir lag es aber fern, einen Kubus mit identischen Ma\u00dfen zu kopieren, und auch die Tatsache, dass der kleine Haaner in 4-5 Litern noch etwas tiefer spielen kann, f\u00fchrten zu einer kleinen Behausung mit rechteckigen Ausma\u00dfen.<\/p>\n<p style=\"text-align: justify;\">Ich musste das versuchen! Was lag also n\u00e4her, in unserer\u00a0<span style=\"color: #0000ff;\"><a style=\"color: #0000ff;\" href=\"https:\/\/www.facebook.com\/groups\/304972859996029\" target=\"_blank\" rel=\"noopener\">FB Gruppe<\/a><\/span>\u00a0 nachzufragen, ob jemand ein Paar Visaton AL 130 leihweise zuer Verf\u00fcgung stellen k\u00f6nnte. Noch am Tag der Fragestellung bot mir ein Mitglied sein flammneues Paar an und brachte es gleich auf den Postweg zu mir. Gleich nach dem Auspacken war ich von der Haptik des schmucken Haaners angetan. Alles wirkt sehr wertig und ist sauber verarbeitet.<\/p>\n<p><img loading=\"lazy\" decoding=\"async\" class=\"aligncenter size-full wp-image-9096\" src=\"https:\/\/www.donhighend.de\/wp-content\/uploads\/2022\/04\/AL130.jpg\" alt=\"\" width=\"653\" height=\"640\" srcset=\"https:\/\/www.donhighend.de\/wp-content\/uploads\/2022\/04\/AL130.jpg 653w, https:\/\/www.donhighend.de\/wp-content\/uploads\/2022\/04\/AL130-300x294.jpg 300w\" sizes=\"auto, (max-width: 653px) 100vw, 653px\" \/><\/p>\n<p style=\"text-align: center;\">Visaton AL130<\/p>\n<p>&nbsp;<\/p>\n<p style=\"text-align: justify;\">Aus Resten 16 mm starken Materials wurden Geh\u00e4use mit den Dimensionen 260 x 170 x 190 (H x B x T) aufgebaut. Das ergibt ein CB Volumen von rund 5 Litern. Die Fr\u00e4sung f\u00fcr das Chassis erfolgt mit ihrem Mittelpunkt 100 mm gemessen ab der Oberkante des Kistchens. Das war auch schon alles, was den Geh\u00e4usebau anbelangt.<\/p>\n<p>Nun konnten Messungen des unbeschalteten Chassis vorgenommen und in VituixCAD importiert werden.<\/p>\n<p><img loading=\"lazy\" decoding=\"async\" class=\"aligncenter size-full wp-image-9123\" src=\"https:\/\/www.donhighend.de\/wp-content\/uploads\/2022\/04\/minimAL130-unbeschaltet.png\" alt=\"\" width=\"937\" height=\"423\" srcset=\"https:\/\/www.donhighend.de\/wp-content\/uploads\/2022\/04\/minimAL130-unbeschaltet.png 937w, https:\/\/www.donhighend.de\/wp-content\/uploads\/2022\/04\/minimAL130-unbeschaltet-300x135.png 300w, https:\/\/www.donhighend.de\/wp-content\/uploads\/2022\/04\/minimAL130-unbeschaltet-768x347.png 768w, https:\/\/www.donhighend.de\/wp-content\/uploads\/2022\/04\/minimAL130-unbeschaltet-750x339.png 750w\" sizes=\"auto, (max-width: 937px) 100vw, 937px\" \/><\/p>\n<p style=\"text-align: center;\">minimAL130 Messung 0\u00b0 unbeschaltet<\/p>\n<p>&nbsp;<\/p>\n<p style=\"text-align: justify;\">Die obige Messung zeigt ein Merging aus Fernfeldmessung und angef\u00fcgter Nahfeldmessung im Bassbereich. In dem geschlossenen 5 Liter Geh\u00e4use erreicht der AL130 immerhin eine untere Grenzfrequenz F3 von 80 Hz. In der folgenden Simulation erh\u00e4lt das Chassis. neben einer Beschaltung f\u00fcr die Korrektur des Baffle Step Effekts und des starken Anstiegs im Hochtonbereich einen Hochpasskondensator. Die folgende Abbildung zeigt das Resultat der Beschaltung im Vergleich zur unbeschalteten Messung.<\/p>\n<p><img loading=\"lazy\" decoding=\"async\" class=\"aligncenter size-full wp-image-9121\" src=\"https:\/\/www.donhighend.de\/wp-content\/uploads\/2022\/04\/minimAL130-unbeschaltet-vs.-beschaltet.png\" alt=\"\" width=\"937\" height=\"423\" srcset=\"https:\/\/www.donhighend.de\/wp-content\/uploads\/2022\/04\/minimAL130-unbeschaltet-vs.-beschaltet.png 937w, https:\/\/www.donhighend.de\/wp-content\/uploads\/2022\/04\/minimAL130-unbeschaltet-vs.-beschaltet-300x135.png 300w, https:\/\/www.donhighend.de\/wp-content\/uploads\/2022\/04\/minimAL130-unbeschaltet-vs.-beschaltet-768x347.png 768w, https:\/\/www.donhighend.de\/wp-content\/uploads\/2022\/04\/minimAL130-unbeschaltet-vs.-beschaltet-750x339.png 750w\" sizes=\"auto, (max-width: 937px) 100vw, 937px\" \/><\/p>\n<p style=\"text-align: center;\">minimAL130 Messung 0\u00b0 unbeschaltet vs. beschaltet<\/p>\n<p>&nbsp;<\/p>\n<p style=\"text-align: justify;\">Die Beschaltung beraubt den AL130 um gut 2dB Pegel. Daf\u00fcr ist der Verlauf der Amplitude bis in den unteren Hochtonbereich sehr ausgeglichen und die untere Grenzfrequenz sinkt auf rund 60 Hz. Der auf Achse ansteigende Hochtonpegel verschwindet schon unter kleinem Winkel und f\u00fchrt zu einer insgesamt sehr sauberen Energieabgabe in den Raum.<\/p>\n<p><img loading=\"lazy\" decoding=\"async\" class=\"aligncenter size-full wp-image-9124\" src=\"https:\/\/www.donhighend.de\/wp-content\/uploads\/2022\/04\/minimAL130-0\u00b0-vs.-Energiefrequenzgang.png\" alt=\"\" width=\"914\" height=\"428\" srcset=\"https:\/\/www.donhighend.de\/wp-content\/uploads\/2022\/04\/minimAL130-0\u00b0-vs.-Energiefrequenzgang.png 914w, https:\/\/www.donhighend.de\/wp-content\/uploads\/2022\/04\/minimAL130-0\u00b0-vs.-Energiefrequenzgang-300x140.png 300w, https:\/\/www.donhighend.de\/wp-content\/uploads\/2022\/04\/minimAL130-0\u00b0-vs.-Energiefrequenzgang-768x360.png 768w, https:\/\/www.donhighend.de\/wp-content\/uploads\/2022\/04\/minimAL130-0\u00b0-vs.-Energiefrequenzgang-750x351.png 750w\" sizes=\"auto, (max-width: 914px) 100vw, 914px\" \/><\/p>\n<p style=\"text-align: center;\">minimAL130 Messung 0\u00b0 + simuliertes Energieverhalten<\/p>\n<p>&nbsp;<\/p>\n<p><img loading=\"lazy\" decoding=\"async\" class=\"aligncenter size-full wp-image-9125\" src=\"https:\/\/www.donhighend.de\/wp-content\/uploads\/2022\/04\/minimAL130-0\u00b0-90\u00b0.png\" alt=\"\" width=\"898\" height=\"428\" srcset=\"https:\/\/www.donhighend.de\/wp-content\/uploads\/2022\/04\/minimAL130-0\u00b0-90\u00b0.png 898w, https:\/\/www.donhighend.de\/wp-content\/uploads\/2022\/04\/minimAL130-0\u00b0-90\u00b0-300x143.png 300w, https:\/\/www.donhighend.de\/wp-content\/uploads\/2022\/04\/minimAL130-0\u00b0-90\u00b0-768x366.png 768w, https:\/\/www.donhighend.de\/wp-content\/uploads\/2022\/04\/minimAL130-0\u00b0-90\u00b0-750x357.png 750w\" sizes=\"auto, (max-width: 898px) 100vw, 898px\" \/><\/p>\n<p style=\"text-align: center;\">minimAL130 Simulation 0\u00b0 &#8211; 90\u00b0<\/p>\n<p>&nbsp;<\/p>\n<p style=\"text-align: justify;\">Wie immer, wurde im n\u00e4chsten Schritt die Korrekturschaltung aufgebaut und entsprechende Messungen vorgenommen. Nat\u00fcrlich decken sich Simulationen und Messungen wie immer. Bei einem Fullrangeaufbau ist nat\u00fcrlich auch nichts anderes zu erwarten.<\/p>\n<p style=\"text-align: center;\"><img loading=\"lazy\" decoding=\"async\" class=\"aligncenter size-full wp-image-9130\" src=\"https:\/\/www.donhighend.de\/wp-content\/uploads\/2022\/04\/minimAL-130-0\u00b0-90\u00b0.png\" alt=\"\" width=\"800\" height=\"480\" srcset=\"https:\/\/www.donhighend.de\/wp-content\/uploads\/2022\/04\/minimAL-130-0\u00b0-90\u00b0.png 800w, https:\/\/www.donhighend.de\/wp-content\/uploads\/2022\/04\/minimAL-130-0\u00b0-90\u00b0-300x180.png 300w, https:\/\/www.donhighend.de\/wp-content\/uploads\/2022\/04\/minimAL-130-0\u00b0-90\u00b0-768x461.png 768w, https:\/\/www.donhighend.de\/wp-content\/uploads\/2022\/04\/minimAL-130-0\u00b0-90\u00b0-750x450.png 750w\" sizes=\"auto, (max-width: 800px) 100vw, 800px\" \/>minimAL130 Messung 0\u00b0 &#8211; 90\u00b0<\/p>\n<p>&nbsp;<\/p>\n<p><img loading=\"lazy\" decoding=\"async\" class=\"aligncenter size-full wp-image-9131\" src=\"https:\/\/www.donhighend.de\/wp-content\/uploads\/2022\/04\/minimAL-130-0\u00b0-Impedanzverlauf.png\" alt=\"\" width=\"800\" height=\"461\" srcset=\"https:\/\/www.donhighend.de\/wp-content\/uploads\/2022\/04\/minimAL-130-0\u00b0-Impedanzverlauf.png 800w, https:\/\/www.donhighend.de\/wp-content\/uploads\/2022\/04\/minimAL-130-0\u00b0-Impedanzverlauf-300x173.png 300w, https:\/\/www.donhighend.de\/wp-content\/uploads\/2022\/04\/minimAL-130-0\u00b0-Impedanzverlauf-768x443.png 768w, https:\/\/www.donhighend.de\/wp-content\/uploads\/2022\/04\/minimAL-130-0\u00b0-Impedanzverlauf-750x432.png 750w\" sizes=\"auto, (max-width: 800px) 100vw, 800px\" \/><\/p>\n<p>&nbsp;<\/p>\n<p>Durch die Beschaltung rein mit Sperrkreisen verl\u00e4uft die Impedanz auf recht hohem Niveau. Die 8 Ohm Marke wird nicht unterschritten.<\/p>\n<p style=\"text-align: center;\"><img loading=\"lazy\" decoding=\"async\" class=\"aligncenter size-full wp-image-9133\" src=\"https:\/\/www.donhighend.de\/wp-content\/uploads\/2022\/04\/minimAL130-Weichenplan-WZ.png\" alt=\"\" width=\"581\" height=\"156\" srcset=\"https:\/\/www.donhighend.de\/wp-content\/uploads\/2022\/04\/minimAL130-Weichenplan-WZ.png 581w, https:\/\/www.donhighend.de\/wp-content\/uploads\/2022\/04\/minimAL130-Weichenplan-WZ-300x81.png 300w\" sizes=\"auto, (max-width: 581px) 100vw, 581px\" \/>minimAL130 Korrekturschaltung<\/p>\n<p>&nbsp;<\/p>\n<p style=\"text-align: justify;\">Die Schaltung ist angenehm preiswert. Da hohe Pegel und somit hohe Str\u00f6me ohnehin nicht anliegen, ist die 1,2mH Spule als kleine I-Kern Spule mit 0,7mm Draht vorgesehen. Die beiden weiteren sind Luftspulen mit 0,7 mm Draht. Die angegebenen Widerstandswerte entsprechen den Produkten von Jantzen, welche im <span style=\"color: #0000ff;\"><a style=\"color: #0000ff;\" href=\"https:\/\/quint-store.com\/weichenbauteile\" target=\"_blank\" rel=\"noopener\">Quint Store<\/a><\/span> erh\u00e4ltlich sind. Teuerstes Bauteil ist der 33\u00b5F Kondensator, so er als Folientyp ausgef\u00fchrt wird.<\/p>\n<p style=\"text-align: justify;\">Der Weichenplan, sowie die Daten des Geh\u00e4uses sind f\u00fcr private Nutzung freigegeben. Jegliche Form der gewerblichen Nutzung oder Verbreitung ohne vorherige Absprache ist untersagt und wird strafrechtlich verfolgt.<\/p>\n<p style=\"text-align: justify;\">Einen Geh\u00e4usebauplan schenke ich mir an dieser Stelle, da ich das Projekt als &#8222;Proof of Concept&#8220; sehe. Sollte dennoch jemand Lust auf einen Aufbau versp\u00fcren, sollte ein Kistchen mit den o. g. Ma\u00dfen keine gro\u00dfe H\u00fcrde darstellen. Die Geh\u00e4usew\u00e4nde werden, bis auf die Schallwand, vollst\u00e4ndig mit Fibsorb50 o. \u00e4. beklebt. Zus\u00e4tzlich wird das Geh\u00e4use\u00a0 mit Polyesterwatte bef\u00fcllt.<\/p>\n<p>F\u00fcr die Freunde des klirrenden Faktors habe ich auch Messungen bei 85dB und 90dB angestellt.<\/p>\n<p style=\"text-align: center;\"><img loading=\"lazy\" decoding=\"async\" class=\"aligncenter size-full wp-image-9138\" src=\"https:\/\/www.donhighend.de\/wp-content\/uploads\/2022\/04\/minimAL130-Klirr-@-85dB.png\" alt=\"\" width=\"800\" height=\"442\" srcset=\"https:\/\/www.donhighend.de\/wp-content\/uploads\/2022\/04\/minimAL130-Klirr-@-85dB.png 800w, https:\/\/www.donhighend.de\/wp-content\/uploads\/2022\/04\/minimAL130-Klirr-@-85dB-300x166.png 300w, https:\/\/www.donhighend.de\/wp-content\/uploads\/2022\/04\/minimAL130-Klirr-@-85dB-768x424.png 768w, https:\/\/www.donhighend.de\/wp-content\/uploads\/2022\/04\/minimAL130-Klirr-@-85dB-750x414.png 750w\" sizes=\"auto, (max-width: 800px) 100vw, 800px\" \/>minimAL130 Klirr @ 85dB<\/p>\n<p>&nbsp;<\/p>\n<p style=\"text-align: center;\"><img loading=\"lazy\" decoding=\"async\" class=\"aligncenter size-full wp-image-9139\" src=\"https:\/\/www.donhighend.de\/wp-content\/uploads\/2022\/04\/minimAL130-Klirr-@-90dB.png\" alt=\"\" width=\"800\" height=\"442\" srcset=\"https:\/\/www.donhighend.de\/wp-content\/uploads\/2022\/04\/minimAL130-Klirr-@-90dB.png 800w, https:\/\/www.donhighend.de\/wp-content\/uploads\/2022\/04\/minimAL130-Klirr-@-90dB-300x166.png 300w, https:\/\/www.donhighend.de\/wp-content\/uploads\/2022\/04\/minimAL130-Klirr-@-90dB-768x424.png 768w, https:\/\/www.donhighend.de\/wp-content\/uploads\/2022\/04\/minimAL130-Klirr-@-90dB-750x414.png 750w\" sizes=\"auto, (max-width: 800px) 100vw, 800px\" \/>minimAL130 Klirr @ 90dB<\/p>\n<p>&nbsp;<\/p>\n<p style=\"text-align: justify;\">Und wie klingt die minimAL130? Sie klingt so gar nicht minimal. Auf einem Desktop oder bei wandnaher Aufstellung ist die Basswiedergabe erstaunlich kr\u00e4ftig. Nat\u00fcrlich kann der Lautsprecher keinen wirklichen Pegel liefern. Dennoch werden sich viele Anwendungszwecke finden. Die R\u00e4umlichkeit ist Breitb\u00e4nder typisch sehr gut. Stimmen klingen angenehm und nat\u00fcrlich.<\/p>\n<p style=\"text-align: justify;\">Ebenfalls nat\u00fcrlich ist es, dar\u00fcber nachzudenken, ob das Projekt sinnvoll ist. Bei einem 35,- Euro Chassis, wie es z. B. in der\u00a0<span style=\"color: #0000ff;\"><a style=\"color: #0000ff;\" href=\"https:\/\/www.donhighend.de\/?page_id=4320\" target=\"_blank\" rel=\"noopener\">FW146 TQWT D.A.U Edition<\/a><\/span>\u00a0 verbaut wurde, stellt man diese Frage eher nicht. Ob man einen sehr hochwertigen 130,- Euro Tiefmittelt\u00f6ner zum Breitb\u00e4nder degradiert, muss jeder f\u00fcr sich entscheiden. Es klingt jedenfalls sehr gut, auch wenn Fotzi, der kleine J\u00e4germeister-Troll, es besser zu wissen glaubt&#8230; \ud83d\ude09<\/p>\n","protected":false},"excerpt":{"rendered":"<p>Seit vielen Jahren trage ich eine Konzeptidee mit mir herum. Das ist eine ziemlich verr\u00fcckte Sache, deren Realisierung ich jedoch aus verschiedenen Gr\u00fcnden immer wieder ausgesetzt habe. Grundlage der Idee ist der Visaton AL130, ein bekannterma\u00dfen hervorragender Tiefmittelt\u00f6ner. Dessen Stra\u00dfenpreis liegt bei derzeit rund 130,- Euro. Nur um einen Versuch zu starten ein Paar davon &hellip; <\/p>\n<p><a class=\"more-link btn\" href=\"https:\/\/www.donhighend.de\/?page_id=9087\">Weiterlesen<\/a><\/p>\n","protected":false},"author":1,"featured_media":9796,"parent":4401,"menu_order":945,"comment_status":"open","ping_status":"closed","template":"","meta":{"footnotes":""},"class_list":["post-9087","page","type-page","status-publish","has-post-thumbnail","hentry","nodate","item-wrap"],"_links":{"self":[{"href":"https:\/\/www.donhighend.de\/index.php?rest_route=\/wp\/v2\/pages\/9087","targetHints":{"allow":["GET"]}}],"collection":[{"href":"https:\/\/www.donhighend.de\/index.php?rest_route=\/wp\/v2\/pages"}],"about":[{"href":"https:\/\/www.donhighend.de\/index.php?rest_route=\/wp\/v2\/types\/page"}],"author":[{"embeddable":true,"href":"https:\/\/www.donhighend.de\/index.php?rest_route=\/wp\/v2\/users\/1"}],"replies":[{"embeddable":true,"href":"https:\/\/www.donhighend.de\/index.php?rest_route=%2Fwp%2Fv2%2Fcomments&post=9087"}],"version-history":[{"count":49,"href":"https:\/\/www.donhighend.de\/index.php?rest_route=\/wp\/v2\/pages\/9087\/revisions"}],"predecessor-version":[{"id":10594,"href":"https:\/\/www.donhighend.de\/index.php?rest_route=\/wp\/v2\/pages\/9087\/revisions\/10594"}],"up":[{"embeddable":true,"href":"https:\/\/www.donhighend.de\/index.php?rest_route=\/wp\/v2\/pages\/4401"}],"wp:featuredmedia":[{"embeddable":true,"href":"https:\/\/www.donhighend.de\/index.php?rest_route=\/wp\/v2\/media\/9796"}],"wp:attachment":[{"href":"https:\/\/www.donhighend.de\/index.php?rest_route=%2Fwp%2Fv2%2Fmedia&parent=9087"}],"curies":[{"name":"wp","href":"https:\/\/api.w.org\/{rel}","templated":true}]}}