{"id":8974,"date":"2022-03-18T12:35:44","date_gmt":"2022-03-18T11:35:44","guid":{"rendered":"http:\/\/www.donhighend.de\/?page_id=8974"},"modified":"2023-03-29T19:41:32","modified_gmt":"2023-03-29T18:41:32","slug":"countach-mk2","status":"publish","type":"page","link":"https:\/\/www.donhighend.de\/?page_id=8974","title":{"rendered":"Let&#8217;s Dance"},"content":{"rendered":"<p><img loading=\"lazy\" decoding=\"async\" class=\"aligncenter size-full wp-image-9357\" src=\"https:\/\/www.donhighend.de\/wp-content\/uploads\/2022\/08\/Titelbild-neu.jpg\" alt=\"\" width=\"480\" height=\"640\" srcset=\"https:\/\/www.donhighend.de\/wp-content\/uploads\/2022\/08\/Titelbild-neu.jpg 480w, https:\/\/www.donhighend.de\/wp-content\/uploads\/2022\/08\/Titelbild-neu-225x300.jpg 225w\" sizes=\"auto, (max-width: 480px) 100vw, 480px\" \/><\/p>\n<p style=\"text-align: justify;\">Inspiriert durch den hervorragend funktionierenden Bandpass Subwoofer &#8222;Gargamel&#8220; meines D.A.U. Freundes Oli habe ich in der vergangenen Zeit einige vorhandene Chassis auf ihre Tauglichkeit in einem Bandpass Geh\u00e4use simuliert. Neben einigen anderen \u00dcberraschungen fiel mir ein kleiner preiswerter Haaner sehr angenehm auf. Der <a href=\"https:\/\/www.visaton.de\/de\/produkte\/chassis\/tieftoener\/ws-17-e-4-ohm\" target=\"_blank\" rel=\"noopener\">\u00a0<span style=\"color: #0000ff;\">WS17E<\/span><\/a> in der 4 Ohm Ausf\u00fchrung l\u00e4uft ganz hervorragend in einem einfach ventilierten Bandpass. F\u00fcr eine optimale und fehlerfreie Performance muss das Geh\u00e4use allerdings sehr gro\u00df werden. Insgesamt 90 Liter Luft schl\u00e4gt WinISD bei automatisierter Simulation vor.\u00a0 F\u00fcr einen 17er der preiswerten Sorte ist das entschieden zu viel.<\/p>\n<p><img loading=\"lazy\" decoding=\"async\" class=\"aligncenter size-full wp-image-9289\" src=\"https:\/\/www.donhighend.de\/wp-content\/uploads\/2022\/08\/WS17E-Bandpass-70CB-20BR-WinISD.jpg\" alt=\"\" width=\"675\" height=\"634\" srcset=\"https:\/\/www.donhighend.de\/wp-content\/uploads\/2022\/08\/WS17E-Bandpass-70CB-20BR-WinISD.jpg 675w, https:\/\/www.donhighend.de\/wp-content\/uploads\/2022\/08\/WS17E-Bandpass-70CB-20BR-WinISD-300x282.jpg 300w\" sizes=\"auto, (max-width: 675px) 100vw, 675px\" \/><\/p>\n<p style=\"text-align: center;\">WinISD Simu WS17E\/4 in 90 Liter Bandpass Geh\u00e4use<\/p>\n<p>&nbsp;<\/p>\n<p style=\"text-align: justify;\">Zum Gl\u00fcck bringen Bandp\u00e4sse eine sehr angenehme Eigenschaft mit. Bis zu einer gewissen Grenze kann man die Kammern verkleinern, ohne das die dadurch entstehenden \u00dcberschwinger, auch Ripple genannt, sich negativ bemerkbar machen. Mit der Variation der beiden Volumina und der Abstimmfrequenz kann man \u00fcberdies auch noch den Pegel beeinflussen.<\/p>\n<p style=\"text-align: justify;\">Letztlich bin ich bei einem Gesamtvolumen von 30 Litern gelandet, welche mit je 15 Litern vor und hinter der Membran genau halbiert werden. Auch hier sind nat\u00fcrlich Variationen m\u00f6glich, die ich an dieser Stelle nicht weiter er\u00f6rtere.<\/p>\n<p><img loading=\"lazy\" decoding=\"async\" class=\"aligncenter size-full wp-image-9290\" src=\"https:\/\/www.donhighend.de\/wp-content\/uploads\/2022\/08\/WS17E-Bandpass-15CB-15BR-WinISD.jpg\" alt=\"\" width=\"672\" height=\"634\" srcset=\"https:\/\/www.donhighend.de\/wp-content\/uploads\/2022\/08\/WS17E-Bandpass-15CB-15BR-WinISD.jpg 672w, https:\/\/www.donhighend.de\/wp-content\/uploads\/2022\/08\/WS17E-Bandpass-15CB-15BR-WinISD-300x283.jpg 300w\" sizes=\"auto, (max-width: 672px) 100vw, 672px\" \/><\/p>\n<p style=\"text-align: center;\">WinISD Simu WS17E\/4 in 30 Liter Bandpass Geh\u00e4use<\/p>\n<p style=\"text-align: justify;\">Der Ripple, also die kleinen Hubbel an den Flanken, ist nicht der Rede wert. Mit irgendwas im Bereich 0,2 &#8211; 0,3dB ist er in der Praxis nicht wahrnehmbar. Die kleineren Volumina f\u00fchren zu einem etwas h\u00f6heren Pegel, jedoch auch zu einer h\u00f6heren unteren Grenzfrequenz. AJHorn simuliert ein sehr \u00e4hnliches Verhalten.<\/p>\n<p>&nbsp;<\/p>\n<p><img loading=\"lazy\" decoding=\"async\" class=\"aligncenter size-full wp-image-9291\" src=\"https:\/\/www.donhighend.de\/wp-content\/uploads\/2022\/08\/WS17E-Bandpass-15CB-15BR-AJHorn.jpg\" alt=\"\" width=\"585\" height=\"416\" srcset=\"https:\/\/www.donhighend.de\/wp-content\/uploads\/2022\/08\/WS17E-Bandpass-15CB-15BR-AJHorn.jpg 585w, https:\/\/www.donhighend.de\/wp-content\/uploads\/2022\/08\/WS17E-Bandpass-15CB-15BR-AJHorn-300x213.jpg 300w\" sizes=\"auto, (max-width: 585px) 100vw, 585px\" \/><\/p>\n<p style=\"text-align: center;\">AJHorn Simu WS17E\/4 in 30 Liter Bandpass Geh\u00e4use<\/p>\n<p>&nbsp;<\/p>\n<p style=\"text-align: center;\"><img loading=\"lazy\" decoding=\"async\" class=\"aligncenter size-full wp-image-9246\" src=\"https:\/\/www.donhighend.de\/wp-content\/uploads\/2022\/08\/WS17E.jpg\" alt=\"\" width=\"640\" height=\"640\" srcset=\"https:\/\/www.donhighend.de\/wp-content\/uploads\/2022\/08\/WS17E.jpg 640w, https:\/\/www.donhighend.de\/wp-content\/uploads\/2022\/08\/WS17E-300x300.jpg 300w, https:\/\/www.donhighend.de\/wp-content\/uploads\/2022\/08\/WS17E-150x150.jpg 150w\" sizes=\"auto, (max-width: 640px) 100vw, 640px\" \/>Visaton WS17E<\/p>\n<h3><\/h3>\n<p><strong>TSP (Mittelwerte aus 2 Chassis)<\/strong><\/p>\n<ul>\n<li>Fs: 51,15 Hz<\/li>\n<li>Mms: 14,9 Gr<\/li>\n<li>Cms: 0,66 mm\/N<\/li>\n<li>Sd: 147,3 cm\u00b2<\/li>\n<li>Vas: 19,31 L<\/li>\n<li>Re: 3,31 Ohm<\/li>\n<li>BL: 4,15 N\/A<\/li>\n<li>Qms: 3,06<\/li>\n<li>Qes: 0,92<\/li>\n<li>Qts: 0,70<\/li>\n<li>Le: 0,62 mH<\/li>\n<li>Spl: 90,22 dB<\/li>\n<\/ul>\n<p>&nbsp;<\/p>\n<p style=\"text-align: justify;\">Der geneigte Leser wird sicherlich vermuten, dass eine solche Konstruktion nach einem sehr tief ankoppelbaren Mittelt\u00f6ner schreit und zudem als drittes Chassis einen Hocht\u00f6ner ben\u00f6tigt. Zusammen mit den f\u00fcr eine solche 3-Wege Konstruktion erforderlichen Bauteilen w\u00e4ren die Kosten nicht unerheblich. Zu dem preiswerten WS17E passt monet\u00e4r ein preisg\u00fcnstiger Breitb\u00e4nder viel besser. Gro\u00df genug muss er sein, f\u00fcr die notwendige tiefe Trennung. Andererseits muss er auch genug Pegel und Hochtonenergie mitbringen. Sch\u00f6n w\u00e4re, wenn er zudem noch einfach zu beschalten w\u00e4re. Einmal mehr geht der Blick hier in Richtung der vielzitierten &#8222;eierlegenden Wollmilchsau&#8220;.<\/p>\n<p style=\"text-align: justify;\">Warum also in die Ferne schweifen, wenn das Gute doch so nah liegt? In den Haaner Regalen findet sich n\u00e4mlich ein Breitbandchassis, welches dort eher einen Dornr\u00f6schenschlaf fristet. Einige werde es vielleicht schon vermuten, dass hier die Rede vom <a href=\"https:\/\/www.visaton.de\/de\/produkte\/chassis\/breitband-systeme\/bg-17-8-ohm\" target=\"_blank\" rel=\"noopener\"><span style=\"color: #0000ff;\">BG17<\/span><\/a> ist.<\/p>\n<p><img loading=\"lazy\" decoding=\"async\" class=\"aligncenter size-full wp-image-9262\" src=\"https:\/\/www.donhighend.de\/wp-content\/uploads\/2022\/08\/BG17.jpg\" alt=\"\" width=\"600\" height=\"600\" srcset=\"https:\/\/www.donhighend.de\/wp-content\/uploads\/2022\/08\/BG17.jpg 600w, https:\/\/www.donhighend.de\/wp-content\/uploads\/2022\/08\/BG17-300x300.jpg 300w, https:\/\/www.donhighend.de\/wp-content\/uploads\/2022\/08\/BG17-150x150.jpg 150w\" sizes=\"auto, (max-width: 600px) 100vw, 600px\" \/><\/p>\n<p style=\"text-align: center;\">Visaton BG17<\/p>\n<p>&nbsp;<\/p>\n<p style=\"text-align: justify;\">Viele Highlights wirft der BG17 nicht in die Waagschale. Er verf\u00fcgt \u00fcber einen einfachen, aber ordentlichen Blechkorb, eine leichte Papiermembran mit Schwirrkonus und \u00fcber einen TSP Satz, der einen sinnvollen Standalone Einsatz nicht beg\u00fcnstigt. Seine nur geringe Hubf\u00e4higkeit und das recht hohe Fs w\u00fcrden eine veritable Basswiedergabe ebenfalls vereiteln. Davon befreit und mit ein paar kleinen preiswerten Korrekturbauteilen beschaltet wird der kleine Pappkamerad aber zum idealen Spielpartner f\u00fcr den Bandpass.<\/p>\n<p style=\"text-align: justify;\">Erste Versuche habe ich, in Ermangelung eines BG17, mit den in Boxsim vorhandenen Datens\u00e4tzen vorgenommen.\u00a0 Nat\u00fcrlich stimmen Simulationen mit diesen Datens\u00e4tzen i. a. R. nicht mit dem realen Ergebnis \u00fcberein, aber f\u00fcr eine grobe Machbarkeitsstudie sind sie durchaus n\u00fctzlich. Sch\u00f6n ist jedenfalls, dass auch Boxsim eine den beiden obigen Simulationen sehr \u00e4hnliche Voraussage f\u00fcr das Verhalten des Bandpasses prognostiziert.<\/p>\n<p><img loading=\"lazy\" decoding=\"async\" class=\"aligncenter size-full wp-image-9274\" src=\"https:\/\/www.donhighend.de\/wp-content\/uploads\/2022\/08\/Lets-Dance-Simu-Boxsim.jpg\" alt=\"\" width=\"878\" height=\"549\" srcset=\"https:\/\/www.donhighend.de\/wp-content\/uploads\/2022\/08\/Lets-Dance-Simu-Boxsim.jpg 878w, https:\/\/www.donhighend.de\/wp-content\/uploads\/2022\/08\/Lets-Dance-Simu-Boxsim-300x188.jpg 300w, https:\/\/www.donhighend.de\/wp-content\/uploads\/2022\/08\/Lets-Dance-Simu-Boxsim-768x480.jpg 768w, https:\/\/www.donhighend.de\/wp-content\/uploads\/2022\/08\/Lets-Dance-Simu-Boxsim-750x469.jpg 750w\" sizes=\"auto, (max-width: 878px) 100vw, 878px\" \/><\/p>\n<p style=\"text-align: center;\">Erste Vorabsimulation Visaton WS17E\/4 + BG17<\/p>\n<p style=\"text-align: justify;\">Die beiden unterschiedlichen Ergebnisse sind einmal auf m\u00f6glichst linearen Achsenfrequenzgang (gestrichelt) und einmal auf gleichm\u00e4\u00dfiges Energieverhalten (durchgezogen) optimiert. Die Praxis wird zeigen, ob sich die wirklich so einfach bewerkstelligen l\u00e4sst.<\/p>\n<p style=\"text-align: justify;\">Flugs wurde ein Paar BG17 geordert, welche bereits am n\u00e4chsten Tag eintrafen. Nachdem ein schnelles Testgeh\u00e4use gezimmert und bed\u00e4mpft war, wurden die Chassis verbaut, und erste Messungen f\u00fcr eine korrekte Simulation konnten erfolgen.<\/p>\n<p><img loading=\"lazy\" decoding=\"async\" class=\"aligncenter size-full wp-image-9307\" src=\"https:\/\/www.donhighend.de\/wp-content\/uploads\/2022\/08\/Simu-final-vs.-Einzelzweige-unbeschaltet.png\" alt=\"\" width=\"951\" height=\"423\" srcset=\"https:\/\/www.donhighend.de\/wp-content\/uploads\/2022\/08\/Simu-final-vs.-Einzelzweige-unbeschaltet.png 951w, https:\/\/www.donhighend.de\/wp-content\/uploads\/2022\/08\/Simu-final-vs.-Einzelzweige-unbeschaltet-300x133.png 300w, https:\/\/www.donhighend.de\/wp-content\/uploads\/2022\/08\/Simu-final-vs.-Einzelzweige-unbeschaltet-768x342.png 768w, https:\/\/www.donhighend.de\/wp-content\/uploads\/2022\/08\/Simu-final-vs.-Einzelzweige-unbeschaltet-750x334.png 750w\" sizes=\"auto, (max-width: 951px) 100vw, 951px\" \/><\/p>\n<p style=\"text-align: center;\">Let&#8217;s Dance Simulation 0\u00b0 vs. unbeschaltete Einzelzweige<\/p>\n<p>&nbsp;<\/p>\n<p style=\"text-align: justify;\">Die Messung des unbeschalteten WS17E im Bandpassgeh\u00e4use zeigt, entgegen landlaufiger Annahme, dass eine hinreichende Filterung durch dieses Geh\u00e4useprinzip alleine nicht erfolgt. Zu stark schlagen die unvermeidlichen Resonanzen durch. Dies macht eine Beschaltung mit einem klassischen Tiefpassfilter unumg\u00e4nglich. Erst danach reduzieren sich die Resonanzen bis auf unbedeutende Fragmente in der abfallenden Flanke.<\/p>\n<p>&nbsp;<\/p>\n<p><img loading=\"lazy\" decoding=\"async\" class=\"aligncenter size-full wp-image-9308\" src=\"https:\/\/www.donhighend.de\/wp-content\/uploads\/2022\/08\/Simu-0\u00b0-Einzelzweige.png\" alt=\"\" width=\"951\" height=\"423\" srcset=\"https:\/\/www.donhighend.de\/wp-content\/uploads\/2022\/08\/Simu-0\u00b0-Einzelzweige.png 951w, https:\/\/www.donhighend.de\/wp-content\/uploads\/2022\/08\/Simu-0\u00b0-Einzelzweige-300x133.png 300w, https:\/\/www.donhighend.de\/wp-content\/uploads\/2022\/08\/Simu-0\u00b0-Einzelzweige-768x342.png 768w, https:\/\/www.donhighend.de\/wp-content\/uploads\/2022\/08\/Simu-0\u00b0-Einzelzweige-750x334.png 750w\" sizes=\"auto, (max-width: 951px) 100vw, 951px\" \/><\/p>\n<p style=\"text-align: center;\">Let&#8217;s Dance Simulation 0\u00b0 + Einzelzweige<\/p>\n<p>&nbsp;<\/p>\n<p><img loading=\"lazy\" decoding=\"async\" class=\"aligncenter size-full wp-image-9309\" src=\"https:\/\/www.donhighend.de\/wp-content\/uploads\/2022\/08\/Simu-0\u00b0-90\u00b0.png\" alt=\"\" width=\"898\" height=\"428\" srcset=\"https:\/\/www.donhighend.de\/wp-content\/uploads\/2022\/08\/Simu-0\u00b0-90\u00b0.png 898w, https:\/\/www.donhighend.de\/wp-content\/uploads\/2022\/08\/Simu-0\u00b0-90\u00b0-300x143.png 300w, https:\/\/www.donhighend.de\/wp-content\/uploads\/2022\/08\/Simu-0\u00b0-90\u00b0-768x366.png 768w, https:\/\/www.donhighend.de\/wp-content\/uploads\/2022\/08\/Simu-0\u00b0-90\u00b0-750x357.png 750w\" sizes=\"auto, (max-width: 898px) 100vw, 898px\" \/><\/p>\n<p style=\"text-align: center;\">Let&#8217;s Dance Simulation 0\u00b0 &#8211; 90\u00b0<\/p>\n<p>&nbsp;<\/p>\n<p style=\"text-align: justify;\">Da gr\u00f6\u00dfere Breitb\u00e4nder im Hochtonbereich zu starker B\u00fcndelung neigen, ist eine Anpassungsm\u00f6glichkeit des Hochtonbereichs mitunter sehr sinnvoll. Allein durch die Dimension eines einzigen Bauteils l\u00e4sst sich die Energieabgabe fein dosieren.<\/p>\n<p><img loading=\"lazy\" decoding=\"async\" class=\"aligncenter size-full wp-image-9311\" src=\"https:\/\/www.donhighend.de\/wp-content\/uploads\/2022\/08\/Hochtondosierung.gif\" alt=\"\" width=\"800\" height=\"374\" \/><\/p>\n<p style=\"text-align: center;\">Let&#8217;s Dance Hochtonenergie mit 1,2\u00b5F vs. 1,5\u00b5F vs. 1,8\u00b5F im zweiten Sperrkreis<\/p>\n<p>&nbsp;<\/p>\n<p style=\"text-align: justify;\">Die realen Messungen am lebenden Objekt decken sich erwartungsgem\u00e4\u00df mit den Simulationen. Es ist immer wieder erstaunlich, wie gut und zuverl\u00e4ssig moderne Simulationstools arbeiten.<\/p>\n<p style=\"text-align: center;\"><img loading=\"lazy\" decoding=\"async\" class=\"aligncenter size-full wp-image-9336\" src=\"https:\/\/www.donhighend.de\/wp-content\/uploads\/2022\/08\/Lets-Dance-0\u00b0-Fernfeld-Nahfeld-Bandpass.png\" alt=\"\" width=\"1000\" height=\"576\" srcset=\"https:\/\/www.donhighend.de\/wp-content\/uploads\/2022\/08\/Lets-Dance-0\u00b0-Fernfeld-Nahfeld-Bandpass.png 1000w, https:\/\/www.donhighend.de\/wp-content\/uploads\/2022\/08\/Lets-Dance-0\u00b0-Fernfeld-Nahfeld-Bandpass-300x173.png 300w, https:\/\/www.donhighend.de\/wp-content\/uploads\/2022\/08\/Lets-Dance-0\u00b0-Fernfeld-Nahfeld-Bandpass-768x442.png 768w, https:\/\/www.donhighend.de\/wp-content\/uploads\/2022\/08\/Lets-Dance-0\u00b0-Fernfeld-Nahfeld-Bandpass-750x432.png 750w\" sizes=\"auto, (max-width: 1000px) 100vw, 1000px\" \/>Let&#8217;s Dance 0\u00b0 Fernfeld + Nahfeld + Bandpass + Impedanzverlauf<\/p>\n<p>&nbsp;<\/p>\n<p style=\"text-align: justify;\">Die Impedanz sinkt bei ca. 140 Hz auf 3,7 Ohm, was die Let&#8217;s Dance als Norm konforme 4 Ohm Box klassifiziert. In aller Regel sollte ein Verst\u00e4rker damit nicht in Bedr\u00e4ngnis geraten.<\/p>\n<p style=\"text-align: center;\"><img loading=\"lazy\" decoding=\"async\" class=\"aligncenter size-full wp-image-9337\" src=\"https:\/\/www.donhighend.de\/wp-content\/uploads\/2022\/08\/Lets-Dance-0\u00b0-90\u00b0-Nahfeld-BB-Bandpass.png\" alt=\"\" width=\"1000\" height=\"600\" srcset=\"https:\/\/www.donhighend.de\/wp-content\/uploads\/2022\/08\/Lets-Dance-0\u00b0-90\u00b0-Nahfeld-BB-Bandpass.png 1000w, https:\/\/www.donhighend.de\/wp-content\/uploads\/2022\/08\/Lets-Dance-0\u00b0-90\u00b0-Nahfeld-BB-Bandpass-300x180.png 300w, https:\/\/www.donhighend.de\/wp-content\/uploads\/2022\/08\/Lets-Dance-0\u00b0-90\u00b0-Nahfeld-BB-Bandpass-768x461.png 768w, https:\/\/www.donhighend.de\/wp-content\/uploads\/2022\/08\/Lets-Dance-0\u00b0-90\u00b0-Nahfeld-BB-Bandpass-750x450.png 750w\" sizes=\"auto, (max-width: 1000px) 100vw, 1000px\" \/>Let&#8217;s Dance Messung 0\u00b0 &#8211; 90\u00b0 + Nahfeld + Bandpass<\/p>\n<p>&nbsp;<\/p>\n<p>F\u00fcr die Messungen wurde im zweiten Sperrkreis ein Kondensator mit 1,2\u00b5F verbaut. Mir gef\u00e4llt es in dieser Variante am besten. Bei den Messungen habe ich mir das F\u00fcgen des Bandpasses gespart.<\/p>\n<p>Der preiswerte BG17 macht seine Sache sehr ordentlich, und obwohl die Let&#8217;s Dance kein Pegelmonster ist, sind die Verzerrungswerte sehr ordentlich.<\/p>\n<p style=\"text-align: center;\"><img loading=\"lazy\" decoding=\"async\" class=\"aligncenter size-full wp-image-9338\" src=\"https:\/\/www.donhighend.de\/wp-content\/uploads\/2022\/08\/Lets-Dance-Klirr-@-90dB.png\" alt=\"\" width=\"1000\" height=\"552\" srcset=\"https:\/\/www.donhighend.de\/wp-content\/uploads\/2022\/08\/Lets-Dance-Klirr-@-90dB.png 1000w, https:\/\/www.donhighend.de\/wp-content\/uploads\/2022\/08\/Lets-Dance-Klirr-@-90dB-300x166.png 300w, https:\/\/www.donhighend.de\/wp-content\/uploads\/2022\/08\/Lets-Dance-Klirr-@-90dB-768x424.png 768w, https:\/\/www.donhighend.de\/wp-content\/uploads\/2022\/08\/Lets-Dance-Klirr-@-90dB-750x414.png 750w\" sizes=\"auto, (max-width: 1000px) 100vw, 1000px\" \/>Let&#8217;s Dance Klirr @ 90dB<\/p>\n<p>&nbsp;<\/p>\n<p style=\"text-align: center;\"><img loading=\"lazy\" decoding=\"async\" class=\"aligncenter size-full wp-image-9339\" src=\"https:\/\/www.donhighend.de\/wp-content\/uploads\/2022\/08\/Lets-Dance-Klirr-@-95dB.png\" alt=\"\" width=\"1000\" height=\"552\" srcset=\"https:\/\/www.donhighend.de\/wp-content\/uploads\/2022\/08\/Lets-Dance-Klirr-@-95dB.png 1000w, https:\/\/www.donhighend.de\/wp-content\/uploads\/2022\/08\/Lets-Dance-Klirr-@-95dB-300x166.png 300w, https:\/\/www.donhighend.de\/wp-content\/uploads\/2022\/08\/Lets-Dance-Klirr-@-95dB-768x424.png 768w, https:\/\/www.donhighend.de\/wp-content\/uploads\/2022\/08\/Lets-Dance-Klirr-@-95dB-750x414.png 750w\" sizes=\"auto, (max-width: 1000px) 100vw, 1000px\" \/>Let&#8217;s Dance Klirr @ 95dB<\/p>\n<p>&nbsp;<\/p>\n<p style=\"text-align: justify;\">Die Schaltung wurde so einfach wie m\u00f6glich gehalten. Passend zu den Chassis finden g\u00fcnstige Bauteile Verwendung. So werden die Spulen als preiswerte Kern Varianten mit 0,7mm Draht ausgef\u00fchrt. Alle Kondensatoren, bis auf den kleinen Kondensator im zweiten Sperrkreis, sind Elkos. Als Widerst\u00e4nde kommen preiswerte Zementtypen zum Einsatz.<\/p>\n<p style=\"text-align: center;\"><img loading=\"lazy\" decoding=\"async\" class=\"aligncenter size-full wp-image-9317\" src=\"https:\/\/www.donhighend.de\/wp-content\/uploads\/2022\/08\/Weichenplan-mit-WZ.jpg\" alt=\"\" width=\"680\" height=\"360\" srcset=\"https:\/\/www.donhighend.de\/wp-content\/uploads\/2022\/08\/Weichenplan-mit-WZ.jpg 680w, https:\/\/www.donhighend.de\/wp-content\/uploads\/2022\/08\/Weichenplan-mit-WZ-300x159.jpg 300w\" sizes=\"auto, (max-width: 680px) 100vw, 680px\" \/>Let&#8217;s Dance Weichenplan<\/p>\n<p>&nbsp;<\/p>\n<p style=\"text-align: justify;\">Um den Einkauf der Bauteile m\u00f6glichst einfach zu gestalten, habe ich f\u00fcr die Let&#8217;s Dance einen Warenkorb mit Preisstand vom 17.08.2022 vorbereitet.<\/p>\n<p style=\"text-align: center;\"><a class=\"maxbutton-2 maxbutton maxbutton-warenkorb-weiche-wavecone-mk2\" target=\"_blank\" rel=\"noopener\" href=\"https:\/\/www.donhighend.de\/wp-content\/uploads\/2022\/08\/Warenkorb-16.08.2022.pdf\"><span class='mb-text'>Warenkorb PDF<\/span><\/a><\/p>\n<p>&nbsp;<\/p>\n<p><img loading=\"lazy\" decoding=\"async\" class=\"aligncenter size-large wp-image-9595\" src=\"https:\/\/www.donhighend.de\/wp-content\/uploads\/2023\/03\/Bauplan-Lets-Dance-WZ-korrigierte-Portlaenge-1024x706.jpg\" alt=\"\" width=\"750\" height=\"517\" srcset=\"https:\/\/www.donhighend.de\/wp-content\/uploads\/2023\/03\/Bauplan-Lets-Dance-WZ-korrigierte-Portlaenge-1024x706.jpg 1024w, https:\/\/www.donhighend.de\/wp-content\/uploads\/2023\/03\/Bauplan-Lets-Dance-WZ-korrigierte-Portlaenge-300x207.jpg 300w, https:\/\/www.donhighend.de\/wp-content\/uploads\/2023\/03\/Bauplan-Lets-Dance-WZ-korrigierte-Portlaenge-768x529.jpg 768w, https:\/\/www.donhighend.de\/wp-content\/uploads\/2023\/03\/Bauplan-Lets-Dance-WZ-korrigierte-Portlaenge-750x517.jpg 750w, https:\/\/www.donhighend.de\/wp-content\/uploads\/2023\/03\/Bauplan-Lets-Dance-WZ-korrigierte-Portlaenge.jpg 1500w\" sizes=\"auto, (max-width: 750px) 100vw, 750px\" \/><\/p>\n<p style=\"text-align: center;\">Let&#8217;s Dance\u00a0 Bau- und Bed\u00e4mpfungsplan (vergr\u00f6\u00dfern -&gt; rechte Maustaste -&gt; Grafik in neuem Tab \u00f6ffnen)<\/p>\n<p>&nbsp;<\/p>\n<p style=\"text-align: justify;\">Die Weichen- und Baupl\u00e4ne sind f\u00fcr private Nutzung freigegeben. Jegliche Form der gewerblichen Nutzung oder Verbreitung ohne vorherige Absprache ist untersagt und wird strafrechtlich verfolgt.<\/p>\n<p style=\"text-align: justify;\">Wie klingt es denn nun? Es klingt \u00fcberraschend gut. Breitb\u00e4ndertypisch ist die Ortbarkeit einzelner Schallquellen hervorragend. Die B\u00fchnenstaffelung funktioniert wirklich ausgezeichnet. Der Hochtonbereich ist keineswegs unterbelichtet. Alles passt, nichts zischelt. Die Stimmenwiedergabe ist auch erstaunlich gut. Niemand w\u00fcrde einen solch preiswerten Lautsprecher vermuten, der dar\u00fcber hinaus noch einiges an Modifikationspotential bietet. Dem Hochtonbereich l\u00e4sst sich durch die Variation des Kondensatorwertes im zweiten Sperrkreis auf einfache Weise etwas mehr &#8222;Pfeffer&#8220; angedeihen. Der recht tief reichende Bass kann durch Ver\u00e4nderung der Portl\u00e4nge recht einfach dosiert werden. F\u00fcr mehr Pegel im Bass einfach den Port k\u00fcrzen, bis der pers\u00f6nliche Geschmack, oder die gew\u00fcnschte Anpassung an den Raum gefunden ist. Bei Verl\u00e4ngerung des Ports wird der Bass leiser. Interessant kann dies bei wandnaher Aufstellung sein. Bei Experimenten mit der Portl\u00e4nge empfehle ich zentimeterweises Vorgehen. Da tut sich schneller was, als man vielleicht glauben mag. Und nun, let&#8217;s dance&#8230;<\/p>\n","protected":false},"excerpt":{"rendered":"<p>Inspiriert durch den hervorragend funktionierenden Bandpass Subwoofer &#8222;Gargamel&#8220; meines D.A.U. Freundes Oli habe ich in der vergangenen Zeit einige vorhandene Chassis auf ihre Tauglichkeit in einem Bandpass Geh\u00e4use simuliert. Neben einigen anderen \u00dcberraschungen fiel mir ein kleiner preiswerter Haaner sehr angenehm auf. Der \u00a0WS17E in der 4 Ohm Ausf\u00fchrung l\u00e4uft ganz hervorragend in einem einfach &hellip; <\/p>\n<p><a class=\"more-link btn\" href=\"https:\/\/www.donhighend.de\/?page_id=8974\">Weiterlesen<\/a><\/p>\n","protected":false},"author":1,"featured_media":9357,"parent":4401,"menu_order":943,"comment_status":"open","ping_status":"closed","template":"","meta":{"footnotes":""},"class_list":["post-8974","page","type-page","status-publish","has-post-thumbnail","hentry","nodate","item-wrap"],"_links":{"self":[{"href":"https:\/\/www.donhighend.de\/index.php?rest_route=\/wp\/v2\/pages\/8974","targetHints":{"allow":["GET"]}}],"collection":[{"href":"https:\/\/www.donhighend.de\/index.php?rest_route=\/wp\/v2\/pages"}],"about":[{"href":"https:\/\/www.donhighend.de\/index.php?rest_route=\/wp\/v2\/types\/page"}],"author":[{"embeddable":true,"href":"https:\/\/www.donhighend.de\/index.php?rest_route=\/wp\/v2\/users\/1"}],"replies":[{"embeddable":true,"href":"https:\/\/www.donhighend.de\/index.php?rest_route=%2Fwp%2Fv2%2Fcomments&post=8974"}],"version-history":[{"count":93,"href":"https:\/\/www.donhighend.de\/index.php?rest_route=\/wp\/v2\/pages\/8974\/revisions"}],"predecessor-version":[{"id":9596,"href":"https:\/\/www.donhighend.de\/index.php?rest_route=\/wp\/v2\/pages\/8974\/revisions\/9596"}],"up":[{"embeddable":true,"href":"https:\/\/www.donhighend.de\/index.php?rest_route=\/wp\/v2\/pages\/4401"}],"wp:featuredmedia":[{"embeddable":true,"href":"https:\/\/www.donhighend.de\/index.php?rest_route=\/wp\/v2\/media\/9357"}],"wp:attachment":[{"href":"https:\/\/www.donhighend.de\/index.php?rest_route=%2Fwp%2Fv2%2Fmedia&parent=8974"}],"curies":[{"name":"wp","href":"https:\/\/api.w.org\/{rel}","templated":true}]}}