{"id":8835,"date":"2022-01-24T10:44:20","date_gmt":"2022-01-24T09:44:20","guid":{"rendered":"http:\/\/www.donhighend.de\/?page_id=8835"},"modified":"2022-02-24T12:30:55","modified_gmt":"2022-02-24T11:30:55","slug":"conetto-preiswerte-2-wege-tqwt-mit-konus-chassis","status":"publish","type":"page","link":"https:\/\/www.donhighend.de\/?page_id=8835","title":{"rendered":"Conetto &#8211; 2 Wege TQWT mit Konus Chassis"},"content":{"rendered":"<p style=\"text-align: justify;\"><img loading=\"lazy\" decoding=\"async\" class=\"aligncenter size-full wp-image-8962\" src=\"https:\/\/www.donhighend.de\/wp-content\/uploads\/2022\/02\/Titelbild-klein.jpg\" alt=\"\" width=\"479\" height=\"640\" srcset=\"https:\/\/www.donhighend.de\/wp-content\/uploads\/2022\/02\/Titelbild-klein.jpg 479w, https:\/\/www.donhighend.de\/wp-content\/uploads\/2022\/02\/Titelbild-klein-225x300.jpg 225w\" sizes=\"auto, (max-width: 479px) 100vw, 479px\" \/><\/p>\n<p style=\"text-align: justify;\">Erinnern Sie sich an Phil Connors? Genau, das war der sympathische Wettermann, der 1993 im winterlichen Punxsutawney in eine Zeitschleife geriet und den selben Tag immer und immer wieder erlebte.\u00a0 Etwas \u00e4hnliches erlebe ich, wenn ich TSP Messungen beim Visaton W130S vornehme. Diese weichen bei meinen Messungen von den Angaben im Datenblatt immer ab und zwar so, dass die Abweichung immer sehr \u00e4hnlich ist. Inzwischen habe ich 3 Paare gemessen und auch eine <span style=\"color: #0000ff;\"><a style=\"color: #0000ff;\" href=\"http:\/\/www.dibirama.altervista.org\/home-page\/mid-woofer\/297-visaton-w130s-8-mid-woofer-5-8-ohm-80-wmax.html\" target=\"_blank\" rel=\"noopener\">italienische Publikation<\/a><\/span> zeigt zu meinen Messergebnissen quasi identische Werte. Das geschieht nat\u00fcrlich konsistent, und es bedeutet nicht, dass das Chassis deswegen schlechter ist. Es ist lediglich nicht so sehr f\u00fcr eine BR Anwendung geeignet. Vielmehr ist es in einer TML oder TQWT sehr viel besser aufgehoben. Ich habe mich f\u00fcr eine TQWT mit all ihren Vorteilen gegen\u00fcber einer TML entschieden.<\/p>\n<p style=\"text-align: center;\"><img loading=\"lazy\" decoding=\"async\" class=\"aligncenter size-full wp-image-8864\" src=\"https:\/\/www.donhighend.de\/wp-content\/uploads\/2022\/01\/W130S-geschraubt.jpg\" alt=\"\" width=\"640\" height=\"640\" srcset=\"https:\/\/www.donhighend.de\/wp-content\/uploads\/2022\/01\/W130S-geschraubt.jpg 640w, https:\/\/www.donhighend.de\/wp-content\/uploads\/2022\/01\/W130S-geschraubt-300x300.jpg 300w, https:\/\/www.donhighend.de\/wp-content\/uploads\/2022\/01\/W130S-geschraubt-150x150.jpg 150w\" sizes=\"auto, (max-width: 640px) 100vw, 640px\" \/>Visaton W130S\/8<\/p>\n<p>&nbsp;<\/p>\n<p>Meine Messungen f\u00fchrten zu folgendem TSP Satz:<\/p>\n<p><img loading=\"lazy\" decoding=\"async\" class=\"aligncenter size-full wp-image-8846\" src=\"https:\/\/www.donhighend.de\/wp-content\/uploads\/2022\/01\/TSP-Messung.jpg\" alt=\"\" width=\"598\" height=\"607\" srcset=\"https:\/\/www.donhighend.de\/wp-content\/uploads\/2022\/01\/TSP-Messung.jpg 598w, https:\/\/www.donhighend.de\/wp-content\/uploads\/2022\/01\/TSP-Messung-296x300.jpg 296w\" sizes=\"auto, (max-width: 598px) 100vw, 598px\" \/><\/p>\n<p style=\"text-align: center;\">Visaton W130S\/8 TSP Messung<\/p>\n<p>&nbsp;<\/p>\n<p style=\"text-align: center;\"><img loading=\"lazy\" decoding=\"async\" class=\"aligncenter size-full wp-image-8847\" src=\"https:\/\/www.donhighend.de\/wp-content\/uploads\/2022\/01\/TSP-Donhighend.jpg\" alt=\"\" width=\"427\" height=\"322\" srcset=\"https:\/\/www.donhighend.de\/wp-content\/uploads\/2022\/01\/TSP-Donhighend.jpg 427w, https:\/\/www.donhighend.de\/wp-content\/uploads\/2022\/01\/TSP-Donhighend-300x226.jpg 300w\" sizes=\"auto, (max-width: 427px) 100vw, 427px\" \/>Visaton W130S\/8 TSP Mittelwert<\/p>\n<p>&nbsp;<\/p>\n<p style=\"text-align: justify;\">Mit den obigen Mittelwert TSP wurde die Simulation der TQWT durchgef\u00fchrt. Bei Chassis mit einem Qts &gt;0,5 haben fr\u00fchere Experimente gezeigt, dass eine Positionierung des T\u00f6ners hinter der Faltung zu einem besseren Verhalten f\u00fchrt. Auch im Fall des W130S ist das zutreffend. In einer nur 105 cm langen TQWT liefert der W130S\/8 kr\u00e4ftigen Bass bis unter 45 Hz.<\/p>\n<p><img loading=\"lazy\" decoding=\"async\" class=\"aligncenter size-full wp-image-8860\" src=\"https:\/\/www.donhighend.de\/wp-content\/uploads\/2022\/01\/Simu-in-105cm-TQWT.jpg\" alt=\"\" width=\"588\" height=\"480\" srcset=\"https:\/\/www.donhighend.de\/wp-content\/uploads\/2022\/01\/Simu-in-105cm-TQWT.jpg 588w, https:\/\/www.donhighend.de\/wp-content\/uploads\/2022\/01\/Simu-in-105cm-TQWT-300x245.jpg 300w\" sizes=\"auto, (max-width: 588px) 100vw, 588px\" \/><\/p>\n<p style=\"text-align: center;\">Visaton W130S\/8 in 105 cm TQWT<\/p>\n<p>&nbsp;<\/p>\n<p style=\"text-align: justify;\">Aus einem nicht zu Ende gef\u00fchrten Projekt hatte ich noch ein Paar Visaton TW70 Konushocht\u00f6ner, welches seit Jahren darauf wartete, endlich eingesetzt werden zu d\u00fcrfen.<\/p>\n<p style=\"text-align: center;\"><img loading=\"lazy\" decoding=\"async\" class=\"aligncenter size-full wp-image-8855\" src=\"https:\/\/www.donhighend.de\/wp-content\/uploads\/2022\/01\/TW70.jpg\" alt=\"\" width=\"391\" height=\"391\" srcset=\"https:\/\/www.donhighend.de\/wp-content\/uploads\/2022\/01\/TW70.jpg 391w, https:\/\/www.donhighend.de\/wp-content\/uploads\/2022\/01\/TW70-300x300.jpg 300w, https:\/\/www.donhighend.de\/wp-content\/uploads\/2022\/01\/TW70-150x150.jpg 150w\" sizes=\"auto, (max-width: 391px) 100vw, 391px\" \/>Visaton TW70<\/p>\n<p>&nbsp;<\/p>\n<p style=\"text-align: justify;\">Zwei Konen in einer sich erweiternden Line machten die Namensfindung f\u00fcr den preiswerten Lautsprecher leicht. Die Conetto war geboren.<\/p>\n<p style=\"text-align: justify;\">F\u00fcr eine erste Simulation bediente ich mich der Messungen, die Diego von dibirama auf seiner bereits weiter oben genannten Homepage zum Download bereit stellt. Diego nimmt seine Messungen auf einer Normschallwand vor, so dass sie f\u00fcr eine \u00fcberschl\u00e4gige Simulation durchaus brauchbar sind. Nachdem ich f\u00fcr beide Chassis mit dem Diffraction Tool von VituixCad &#8222;Winkelfrequenzg\u00e4nge&#8220; f\u00fcr das vorgesehene Geh\u00e4use erstellt hatte, konnte die Simulation durchgef\u00fchrt weden. Diese zeigte, dass die Kombination der beiden Chassis zwar auch ohne Schallf\u00fchrung zu einem brauchbaren Abstrahlverhalten f\u00fchrt. Die daf\u00fcr notwendige Trennfrequenz von etwa 1,5 kHz wollte ich dem TW70 jedoch nicht zumuten. Zudem zeigt Diegos Messung, dass das Klirrverhalten des Hocht\u00f6ners unterhalb von 2 kHz recht stark ansteigt. Also musste eine irgendwie geartete Schallf\u00fchrung her. Nun k\u00f6nnte man auf die k\u00fchne Idee kommen, einen Visaton WG148 so zu k\u00fcrzen, dass sein Hals dem Druchmesser des Konus entspricht. Leider bleibt dann eine nur noch sehr flache Kr\u00fcmmung \u00fcbrig, die man auch gleich weg lassen kann. So entsann ich mich meiner <span style=\"color: #0000ff;\"><a style=\"color: #0000ff;\" href=\"https:\/\/www.donhighend.de\/?page_id=5782\" target=\"_blank\" rel=\"noopener\">Impudence<\/a><\/span>, die ich als ULB Projekt vor einiger Zeit aufgebaut habe. Dort habe ich die Hochtonkalotte r\u00fcckseitig auf die Schallwand geschraubt, die zuvor eine Bohrung im Durchmesser der Kalotte erhielt. Diese Bohrung wurde mittels eines gro\u00dfen 45\u00b0 Fasenfr\u00e4sers (meiner hat einen Durchmesser von 45 mm) aufgeweitet und zur Schallwand hin mit Schleifpapier h\u00e4ndisch etwas verrundet.<\/p>\n<p style=\"text-align: justify;\">Dazu wurde zun\u00e4chst die Schallwand im Bereich der Fr\u00e4sung f\u00fcr den Hocht\u00f6ner r\u00fcckseitig mit einem kleinen aufgeschraubten Restbrettchen aufgedoppelt. So erh\u00e4lt man f\u00fcr die sp\u00e4tere Aufweitung der Fr\u00e4sung mit dem 45\u00b0 Fasenfr\u00e4ser genug &#8222;Fleisch&#8220; f\u00fcr den Anlaufring des Fr\u00e4sers. Hat man die Aufweitung vorgenommen, kann das Brettchen einfach wieder abgeschraubt werden. Nun muss nur noch die harte Kante der Fr\u00e4sung einfach nach Gef\u00fchl ein wenig verrundet werden. Fertig ist der Waveguide.<\/p>\n<p style=\"text-align: center;\"><img loading=\"lazy\" decoding=\"async\" class=\"aligncenter size-full wp-image-8874\" src=\"https:\/\/www.donhighend.de\/wp-content\/uploads\/2022\/01\/Waveguide.jpg\" alt=\"\" width=\"1024\" height=\"769\" srcset=\"https:\/\/www.donhighend.de\/wp-content\/uploads\/2022\/01\/Waveguide.jpg 1024w, https:\/\/www.donhighend.de\/wp-content\/uploads\/2022\/01\/Waveguide-300x225.jpg 300w, https:\/\/www.donhighend.de\/wp-content\/uploads\/2022\/01\/Waveguide-768x577.jpg 768w, https:\/\/www.donhighend.de\/wp-content\/uploads\/2022\/01\/Waveguide-750x563.jpg 750w\" sizes=\"auto, (max-width: 1024px) 100vw, 1024px\" \/>Waveguide f\u00fcr TW70<\/p>\n<p>&nbsp;<\/p>\n<p style=\"text-align: justify;\">Im n\u00e4chsten Arbeitsschritt wird ein weiteres kleines Brettchen gefr\u00e4st, welches so eben den Korbflansch umschlie\u00dft. Mit dieser Vorrichtung wird der TW70 nach korrekter Ausrichtung r\u00fcckseitig auf die Schallwand geschraubt. Dabei hat sich als hilfreich erwiesen, die Kontur des Hocht\u00f6ners nach dessen Ausrichtung mit einem Bleistift nachzuzeichnen. Den Hocht\u00f6ner direkt mit der Schallwand zu verschrauben empfehle ich nicht. Durch die recht nah am inneren Korbrand positionierten Befestigungsl\u00f6cher des TW70 ist die Wahrscheinlichkeit sehr gro\u00df, nach der Montage auf 4 h\u00fcbsche Schrauben im Verlauf des WG zu blicken.<\/p>\n<p style=\"text-align: center;\"><img loading=\"lazy\" decoding=\"async\" class=\"aligncenter size-full wp-image-8869\" src=\"https:\/\/www.donhighend.de\/wp-content\/uploads\/2022\/01\/20220127_144307.jpg\" alt=\"\" width=\"1024\" height=\"768\" srcset=\"https:\/\/www.donhighend.de\/wp-content\/uploads\/2022\/01\/20220127_144307.jpg 1024w, https:\/\/www.donhighend.de\/wp-content\/uploads\/2022\/01\/20220127_144307-300x225.jpg 300w, https:\/\/www.donhighend.de\/wp-content\/uploads\/2022\/01\/20220127_144307-768x576.jpg 768w, https:\/\/www.donhighend.de\/wp-content\/uploads\/2022\/01\/20220127_144307-750x563.jpg 750w\" sizes=\"auto, (max-width: 1024px) 100vw, 1024px\" \/>Klemmvorrichtung TW70<\/p>\n<p>&nbsp;<\/p>\n<p style=\"text-align: center;\"><img loading=\"lazy\" decoding=\"async\" class=\"aligncenter size-full wp-image-8870\" src=\"https:\/\/www.donhighend.de\/wp-content\/uploads\/2022\/01\/20220127_144708.jpg\" alt=\"\" width=\"1024\" height=\"768\" srcset=\"https:\/\/www.donhighend.de\/wp-content\/uploads\/2022\/01\/20220127_144708.jpg 1024w, https:\/\/www.donhighend.de\/wp-content\/uploads\/2022\/01\/20220127_144708-300x225.jpg 300w, https:\/\/www.donhighend.de\/wp-content\/uploads\/2022\/01\/20220127_144708-768x576.jpg 768w, https:\/\/www.donhighend.de\/wp-content\/uploads\/2022\/01\/20220127_144708-750x563.jpg 750w\" sizes=\"auto, (max-width: 1024px) 100vw, 1024px\" \/>Klemmvorrichtung TW70 fertig montiert<\/p>\n<p>&nbsp;<\/p>\n<p style=\"text-align: justify;\">Der weitere Aufbau des TQWT Geh\u00e4uses birgt keine\u00a0 Besonderheiten, bis auf die Tatsache, dass der W130S hinter der Faltung eingebaut werden muss, um die bestm\u00f6gliche Performance abzuliefern. Die bedeutet, dass das Chassis und der Port sich auf der gleichen Seite befinden w\u00fcrden. Bei einem 2-Weger mit relativ hoher Trennfrequenz bedeutet das, dass &#8222;Portm\u00fcll&#8220; die Wiedergabe beeintr\u00e4chtigen k\u00f6nnte. Aus diesem Grund wurde der Port kurzerhand auf die Seite verfrachtet.<\/p>\n<p><img loading=\"lazy\" decoding=\"async\" class=\"aligncenter size-full wp-image-8876\" src=\"https:\/\/www.donhighend.de\/wp-content\/uploads\/2022\/01\/TQWT-e1643559003220.jpg\" alt=\"\" width=\"480\" height=\"640\" \/><\/p>\n<p style=\"text-align: center;\">Conetto TQWT<\/p>\n<p>&nbsp;<\/p>\n<p style=\"text-align: justify;\">Im Falle des obigen Geh\u00e4uses wurde die R\u00fcckwand aufgesetzt verleimt. Man k\u00f6nnte das Geh\u00e4use auch mit einspringender R\u00fcckwand aufbauen. So k\u00f6nnte der Bereich hinter dem Hocht\u00f6ner f\u00fcr eventuelle Servicearbeiten offen bleiben. Dazu werde ich vor dem Finish eine \u00d6ffnung s\u00e4gen und diese mit einem B\u00fcndigfr\u00e4ser bearbeiten. Diese Optionen erlauben auch eine Montage des TW70 nach dem Finishing des kompletten Geh\u00e4uses.<\/p>\n<p style=\"text-align: justify;\">Nat\u00fcrlich wollte ich es vermeiden, ein Finish vorzunehmen, ohne zu wissen, ob die Konzeptidee zur Conetto aufgeht. Um die daf\u00fcr notwendigen Messungen einzufangen, wurde die Schallwand mit Gaffer Tape stramm auf dem Korpus befestigt und abgedichtet.<\/p>\n<p style=\"text-align: center;\"><img loading=\"lazy\" decoding=\"async\" class=\"aligncenter size-full wp-image-8883\" src=\"https:\/\/www.donhighend.de\/wp-content\/uploads\/2022\/01\/20220128_160657-rotated.jpg\" alt=\"\" width=\"480\" height=\"640\" srcset=\"https:\/\/www.donhighend.de\/wp-content\/uploads\/2022\/01\/20220128_160657-rotated.jpg 480w, https:\/\/www.donhighend.de\/wp-content\/uploads\/2022\/01\/20220128_160657-225x300.jpg 225w\" sizes=\"auto, (max-width: 480px) 100vw, 480px\" \/>Conetto Geh\u00e4use f\u00fcr Messungen<\/p>\n<p>&nbsp;<\/p>\n<p style=\"text-align: justify;\">Kurze Zeit sp\u00e4ter waren die Messungen im Kasten und in Vituixcad importiert. Recht schnell konnte im Anschluss eine sehr einfache Schaltung in Form einer zuverl\u00e4ssigen Simulation gefunden werden.<\/p>\n<p style=\"text-align: center;\"><img loading=\"lazy\" decoding=\"async\" class=\"aligncenter size-full wp-image-8886\" src=\"https:\/\/www.donhighend.de\/wp-content\/uploads\/2022\/01\/Conetto-SPL.png\" alt=\"\" width=\"942\" height=\"530\" srcset=\"https:\/\/www.donhighend.de\/wp-content\/uploads\/2022\/01\/Conetto-SPL.png 942w, https:\/\/www.donhighend.de\/wp-content\/uploads\/2022\/01\/Conetto-SPL-300x169.png 300w, https:\/\/www.donhighend.de\/wp-content\/uploads\/2022\/01\/Conetto-SPL-768x432.png 768w, https:\/\/www.donhighend.de\/wp-content\/uploads\/2022\/01\/Conetto-SPL-750x422.png 750w\" sizes=\"auto, (max-width: 942px) 100vw, 942px\" \/>Conetto Simulation 0\u00b0 + Einzelzweige<\/p>\n<p>&nbsp;<\/p>\n<p style=\"text-align: center;\"><img loading=\"lazy\" decoding=\"async\" class=\"aligncenter size-full wp-image-8887\" src=\"https:\/\/www.donhighend.de\/wp-content\/uploads\/2022\/01\/Conetto-Directivity-hor.png\" alt=\"\" width=\"898\" height=\"649\" srcset=\"https:\/\/www.donhighend.de\/wp-content\/uploads\/2022\/01\/Conetto-Directivity-hor.png 898w, https:\/\/www.donhighend.de\/wp-content\/uploads\/2022\/01\/Conetto-Directivity-hor-300x217.png 300w, https:\/\/www.donhighend.de\/wp-content\/uploads\/2022\/01\/Conetto-Directivity-hor-768x555.png 768w, https:\/\/www.donhighend.de\/wp-content\/uploads\/2022\/01\/Conetto-Directivity-hor-750x542.png 750w\" sizes=\"auto, (max-width: 898px) 100vw, 898px\" \/>Conetto Simulation 0\u00b0 &#8211; 90\u00b0<\/p>\n<p>&nbsp;<\/p>\n<p style=\"text-align: justify;\">Das kann sich sehen lassen! Die Simulation zeigt ein sehr gleichm\u00e4\u00dfiges Abstrahlverhalten. Das ist w\u00fcnschenswert und wichtig f\u00fcr eine stressfreie Wiedergabe mit Langzeittauglichkeit. Wie wir aus vielen vorherigen Simulationen gelernt haben, zeigen die realen Messungen ein fast deckungsgleiches Verhalten.<\/p>\n<p style=\"text-align: center;\"><img loading=\"lazy\" decoding=\"async\" class=\"aligncenter size-full wp-image-8889\" src=\"https:\/\/www.donhighend.de\/wp-content\/uploads\/2022\/01\/Conetto-1.-Wurf-0\u00b0-90\u00b0.png\" alt=\"\" width=\"836\" height=\"640\" srcset=\"https:\/\/www.donhighend.de\/wp-content\/uploads\/2022\/01\/Conetto-1.-Wurf-0\u00b0-90\u00b0.png 836w, https:\/\/www.donhighend.de\/wp-content\/uploads\/2022\/01\/Conetto-1.-Wurf-0\u00b0-90\u00b0-300x230.png 300w, https:\/\/www.donhighend.de\/wp-content\/uploads\/2022\/01\/Conetto-1.-Wurf-0\u00b0-90\u00b0-768x588.png 768w, https:\/\/www.donhighend.de\/wp-content\/uploads\/2022\/01\/Conetto-1.-Wurf-0\u00b0-90\u00b0-750x574.png 750w\" sizes=\"auto, (max-width: 836px) 100vw, 836px\" \/>Conetto gefensterte Messungen 0\u00b0 &#8211; 90\u00b0<\/p>\n<p>&nbsp;<\/p>\n<p style=\"text-align: justify;\">Die Weiche weist keine Besonderheiten auf. Beide Chassis werden mit einem Filter 3. Ordnung beschaltet. Ein preiswerter Saugkreis sorgt beim Tiefmittelt\u00f6ner f\u00fcr einen sorgenfreien Verlauf und eine dem Parallelkondensator nachgeschaltete kleine Spule eliminiert eine Resonanz in der abfallenden Flanke. Im Hochtonzweig verhilft ein Spannungsteiler dem doch recht pegelstarken TW70 zum harmonischen Zusammenspiel mit dem W130S.<\/p>\n<p style=\"text-align: center;\"><img loading=\"lazy\" decoding=\"async\" class=\"aligncenter size-full wp-image-8892\" src=\"https:\/\/www.donhighend.de\/wp-content\/uploads\/2022\/01\/Weiche-Wasserzeichen.jpg\" alt=\"\" width=\"670\" height=\"543\" srcset=\"https:\/\/www.donhighend.de\/wp-content\/uploads\/2022\/01\/Weiche-Wasserzeichen.jpg 670w, https:\/\/www.donhighend.de\/wp-content\/uploads\/2022\/01\/Weiche-Wasserzeichen-300x243.jpg 300w\" sizes=\"auto, (max-width: 670px) 100vw, 670px\" \/>Conetto Weichenschaltung<\/p>\n<p style=\"text-align: justify;\">F\u00fcr die Conetto habe ich nat\u00fcrlich auch einen Warenkorb im <a href=\"https:\/\/quint-store.com\/\" target=\"_blank\" rel=\"noopener\"><span style=\"color: #0000ff;\">Quint Store<\/span><\/a> mit Preisstand vom 17.02.2022 vorbereitet. Er entspricht der Basisversion mit dem 8,2 Ohm Parallelwiderstand. Alternativ kann f\u00fcr etwas mehr Hochtonenergie ein 10 Ohm Widerstand verbaut werden. Wer es schaltbar machen m\u00f6chte, legt einfach je einen Widerstand mit 10 Ohm und 47 Ohm in den Korb.<\/p>\n<p style=\"text-align: center;\"><a class=\"maxbutton-2 maxbutton maxbutton-warenkorb-weiche-wavecone-mk2\" href=\"https:\/\/www.donhighend.de\/wp-content\/uploads\/2022\/02\/Warenkorb-Preisstand-17.02.22.pdf\"><span class='mb-text'>Warenkorb PDF<\/span><\/a><\/p>\n<p>&nbsp;<\/p>\n<p style=\"text-align: justify;\">Alle Spulen habe ich im Warenkorb als preiswerte I-Kern Spulen mit 0,7mm Draht aus dem Jantzen Sortiment vorgesehen. Dem TMT liegen somit lediglich 0,62 Ohm im Signalweg. Bevor die Spulen in S\u00e4ttigung gehen, streckt eher der W130S die Segel. Hier sollte man die Kirche im Dorf lassen. Lediglich die 0,03mH Spule ist als Luftspule ausgef\u00fchrt.<\/p>\n<p style=\"text-align: justify;\">Conetto klingt in dieser Basisabstimmung unauff\u00e4llig und absolut langzeittauglich. Stimmen, auch die kritischen, klingen sehr nat\u00fcrlich. Nichts zischelt, nichts ist verwaschen. Der preiswerte TW70 macht seine Arbeit sehr gut. Mangelnde Aufl\u00f6sung kann man ihm nicht nachsagen. F\u00fcr Personen, die in einem st\u00e4rker bed\u00e4mpften Raum h\u00f6ren, oder einfach eine etwas frischere Wiedergabe bevorzugen, bietet Conetto eine Anpassungsm\u00f6glichkeit auf einfachste Weise. Durch schlichte \u00c4nderung der Widerstandswerte des Spannungsteilers, l\u00e4sst sich der Mittelhochtonbereich leicht \u00e4ndern. \u00c4ndert man den Wert des Parallelwiderstandes von 8,2 Ohm auf 10 Ohm, wird der obere Hochtonbereich etwas angehoben.<\/p>\n<p style=\"text-align: center;\"><img loading=\"lazy\" decoding=\"async\" class=\"aligncenter size-full wp-image-8890\" src=\"https:\/\/www.donhighend.de\/wp-content\/uploads\/2022\/01\/Aenderung-parallel.gif\" alt=\"\" width=\"800\" height=\"450\" \/>Conetto Hochtonbereich bei \u00c4nderung des Parallelwiderstands<\/p>\n<p>&nbsp;<\/p>\n<p>W\u00e4hlt man hingegen beim Reihenwiderstand statt 15 Ohm einen 12 Ohm Resistor, wirkt sich der Zugewinn an Pegel auch im Bereich der Trennfrequenz etwas st\u00e4rker aus.<\/p>\n<p><img loading=\"lazy\" decoding=\"async\" class=\"aligncenter size-full wp-image-8891\" src=\"https:\/\/www.donhighend.de\/wp-content\/uploads\/2022\/01\/Aenderung-Reihe.gif\" alt=\"\" width=\"800\" height=\"450\" \/><\/p>\n<p style=\"text-align: center;\">Conetto Hochtonbereich bei \u00c4nderung des Reihenwiderstands<\/p>\n<p>&nbsp;<\/p>\n<p style=\"text-align: justify;\">Die sind nur zwei Beispiele. Selbstverst\u00e4ndlich kann man auch eigene Experimente mit weiteren Werten, bzw. der Kombination beider \u00c4nderungen anstellen.<\/p>\n<p><img loading=\"lazy\" decoding=\"async\" class=\"aligncenter size-full wp-image-8931\" src=\"https:\/\/www.donhighend.de\/wp-content\/uploads\/2022\/02\/Weiche-Website.jpg\" alt=\"\" width=\"800\" height=\"450\" srcset=\"https:\/\/www.donhighend.de\/wp-content\/uploads\/2022\/02\/Weiche-Website.jpg 800w, https:\/\/www.donhighend.de\/wp-content\/uploads\/2022\/02\/Weiche-Website-300x169.jpg 300w, https:\/\/www.donhighend.de\/wp-content\/uploads\/2022\/02\/Weiche-Website-768x432.jpg 768w, https:\/\/www.donhighend.de\/wp-content\/uploads\/2022\/02\/Weiche-Website-750x422.jpg 750w\" sizes=\"auto, (max-width: 800px) 100vw, 800px\" \/><\/p>\n<p style=\"text-align: center;\">Conetto Weiche<\/p>\n<p>&nbsp;<\/p>\n<p style=\"text-align: justify;\">Die Weichen meiner Conetto habe ich mit Bauteilen aus dem Vorrat aufgebaut, die nat\u00fcrlich anders aussehen. Die Widerstandswerte der Spulen sind jedenfalls sehr nah an der Empfehlung aus dem Warenkorb. Anstelle des 8,2 Ohm Parallelwiderstands im Spannungsteiler des Hochtonzweiges habe ich an dieser Stelle zwei Widerst\u00e4nde verbaut. Dies sind ein 10 Ohm Widerstand, der zu dem etwas frischeren Hochton f\u00fchrt. Der Wert des zweiten Widerstands betr\u00e4gt 47 Ohm. Parallel geschaltet f\u00fchrt das ziemlich genau zu den 8,2 Ohm f\u00fcr den etwas zahmeren Hochtonbereich. Dazu m\u00fcssen die beiden offenen Enden einfach mittels einer L\u00fcsterklemme, eines Wago Clips, eines L\u00f6tpunktes, oder eines kleines Schalters miteinander verbunden werden.<\/p>\n<p><img loading=\"lazy\" decoding=\"async\" class=\"aligncenter size-full wp-image-8947\" src=\"https:\/\/www.donhighend.de\/wp-content\/uploads\/2022\/02\/Bauplan-WZ.jpg\" alt=\"\" width=\"1238\" height=\"853\" srcset=\"https:\/\/www.donhighend.de\/wp-content\/uploads\/2022\/02\/Bauplan-WZ.jpg 1238w, https:\/\/www.donhighend.de\/wp-content\/uploads\/2022\/02\/Bauplan-WZ-300x207.jpg 300w, https:\/\/www.donhighend.de\/wp-content\/uploads\/2022\/02\/Bauplan-WZ-1024x706.jpg 1024w, https:\/\/www.donhighend.de\/wp-content\/uploads\/2022\/02\/Bauplan-WZ-768x529.jpg 768w, https:\/\/www.donhighend.de\/wp-content\/uploads\/2022\/02\/Bauplan-WZ-750x517.jpg 750w\" sizes=\"auto, (max-width: 1238px) 100vw, 1238px\" \/><\/p>\n<p style=\"text-align: center;\">Conetto Bau- und Bed\u00e4mpfungsplan (vergr\u00f6\u00dfern &#8211;&gt; rechte Maustaste &#8211;&gt; Grafik in neuem Tab anzeigen)<\/p>\n<p>&nbsp;<\/p>\n<p style=\"text-align: justify;\">Der Bauplan zeigt, wie etwas weiter oben bereits erw\u00e4hnt, zwei M\u00f6glichkeiten des Aufbaus. Bei der mittleren Seitenansicht endet die einspringende R\u00fcckwand oberhalb der eigentlichen TQWT. Dar\u00fcber bleibt sie offen, was einen Tausch des Hocht\u00f6ners bei Defekt, oder eine (sehr fummellige) Montage nach dem Finishing des Geh\u00e4uses erm\u00f6glicht. Die rechte Seitenansicht zeigt den Aufbau mit aufgesetzter R\u00fcckwand. Wird diese Variante aufgebaut, ist der Hocht\u00f6ner nach dem Verleimen der R\u00fcckwand nicht mehr erreichbar. Es empfihlt sich bei dieser Ausf\u00fchrung auch, wenigstens das Finish der Schallwand vor der endg\u00fcltigen Montage zu erledigen.<\/p>\n<p>&nbsp;<\/p>\n<p><img loading=\"lazy\" decoding=\"async\" class=\"aligncenter wp-image-8949 size-full\" src=\"https:\/\/www.donhighend.de\/wp-content\/uploads\/2022\/02\/Bedaempfung-rotated-e1645129457677.jpg\" alt=\"\" width=\"480\" height=\"640\" \/><\/p>\n<p style=\"text-align: center;\">Conetto Bed\u00e4mpfung<\/p>\n<p>&nbsp;<\/p>\n<p style=\"text-align: justify;\">Wie immer ist auch dieser Bauplan nicht ma\u00dfstabsgetreu. Ich empfehle unbedingt, vor der Fr\u00e4sung der eigentlichen \u00d6ffnung f\u00fcr den Hocht\u00f6ner den Innendurchmesser des Papprings nachzumessen und den im Bauplan angegebenen Fr\u00e4sdurchmesser entsprechend zu korrigieren. Einen <a href=\"https:\/\/www.pollin.de\/p\/bassreflexrohr-50-mm-640313\" target=\"_blank\" rel=\"noopener\"><span style=\"color: #0000ff;\">Port<\/span><\/a>, der ohne weitere Bearbeitung genutzt werden kann, bietet Pollin Electronic f\u00fcr ein paar Cent an. Oftmals gibt es dort auch die Chassis.<\/p>\n<p style=\"text-align: justify;\">Die Weichen- und Baupl\u00e4ne sind f\u00fcr private Nutzung freigegeben. Jegliche Form der gewerblichen Nutzung oder Verbreitung ohne vorherige Absprache ist untersagt und wird strafrechtlich verfolgt.<\/p>\n","protected":false},"excerpt":{"rendered":"<p>Erinnern Sie sich an Phil Connors? Genau, das war der sympathische Wettermann, der 1993 im winterlichen Punxsutawney in eine Zeitschleife geriet und den selben Tag immer und immer wieder erlebte.\u00a0 Etwas \u00e4hnliches erlebe ich, wenn ich TSP Messungen beim Visaton W130S vornehme. Diese weichen bei meinen Messungen von den Angaben im Datenblatt immer ab und &hellip; <\/p>\n<p><a class=\"more-link btn\" href=\"https:\/\/www.donhighend.de\/?page_id=8835\">Weiterlesen<\/a><\/p>\n","protected":false},"author":1,"featured_media":8962,"parent":4401,"menu_order":947,"comment_status":"open","ping_status":"closed","template":"","meta":{"footnotes":""},"class_list":["post-8835","page","type-page","status-publish","has-post-thumbnail","hentry","nodate","item-wrap"],"_links":{"self":[{"href":"https:\/\/www.donhighend.de\/index.php?rest_route=\/wp\/v2\/pages\/8835","targetHints":{"allow":["GET"]}}],"collection":[{"href":"https:\/\/www.donhighend.de\/index.php?rest_route=\/wp\/v2\/pages"}],"about":[{"href":"https:\/\/www.donhighend.de\/index.php?rest_route=\/wp\/v2\/types\/page"}],"author":[{"embeddable":true,"href":"https:\/\/www.donhighend.de\/index.php?rest_route=\/wp\/v2\/users\/1"}],"replies":[{"embeddable":true,"href":"https:\/\/www.donhighend.de\/index.php?rest_route=%2Fwp%2Fv2%2Fcomments&post=8835"}],"version-history":[{"count":84,"href":"https:\/\/www.donhighend.de\/index.php?rest_route=\/wp\/v2\/pages\/8835\/revisions"}],"predecessor-version":[{"id":8967,"href":"https:\/\/www.donhighend.de\/index.php?rest_route=\/wp\/v2\/pages\/8835\/revisions\/8967"}],"up":[{"embeddable":true,"href":"https:\/\/www.donhighend.de\/index.php?rest_route=\/wp\/v2\/pages\/4401"}],"wp:featuredmedia":[{"embeddable":true,"href":"https:\/\/www.donhighend.de\/index.php?rest_route=\/wp\/v2\/media\/8962"}],"wp:attachment":[{"href":"https:\/\/www.donhighend.de\/index.php?rest_route=%2Fwp%2Fv2%2Fmedia&parent=8835"}],"curies":[{"name":"wp","href":"https:\/\/api.w.org\/{rel}","templated":true}]}}