{"id":8525,"date":"2021-07-05T12:49:11","date_gmt":"2021-07-05T11:49:11","guid":{"rendered":"http:\/\/www.donhighend.de\/?page_id=8525"},"modified":"2021-07-05T13:32:05","modified_gmt":"2021-07-05T12:32:05","slug":"chassis-einbrennen-die-ganze-wahrheit","status":"publish","type":"page","link":"https:\/\/www.donhighend.de\/?page_id=8525","title":{"rendered":"Chassis einbrennen &#8211; Die ganze Wahrheit!"},"content":{"rendered":"<p><a href=\"https:\/\/www.der-akustische-untergrund.de\/tipps-n-tricks\/chassis-einbrennen-was-bringt-es-wirklich\/\" target=\"_blank\" rel=\"noopener\"><img loading=\"lazy\" decoding=\"async\" class=\"aligncenter size-full wp-image-8530\" src=\"https:\/\/www.donhighend.de\/wp-content\/uploads\/2021\/07\/DAU_Logo_Post-640.png\" alt=\"\" width=\"1771\" height=\"644\" srcset=\"https:\/\/www.donhighend.de\/wp-content\/uploads\/2021\/07\/DAU_Logo_Post-640.png 1771w, https:\/\/www.donhighend.de\/wp-content\/uploads\/2021\/07\/DAU_Logo_Post-640-300x109.png 300w, https:\/\/www.donhighend.de\/wp-content\/uploads\/2021\/07\/DAU_Logo_Post-640-1024x372.png 1024w, https:\/\/www.donhighend.de\/wp-content\/uploads\/2021\/07\/DAU_Logo_Post-640-768x279.png 768w, https:\/\/www.donhighend.de\/wp-content\/uploads\/2021\/07\/DAU_Logo_Post-640-1536x559.png 1536w, https:\/\/www.donhighend.de\/wp-content\/uploads\/2021\/07\/DAU_Logo_Post-640-750x273.png 750w\" sizes=\"auto, (max-width: 1771px) 100vw, 1771px\" \/><\/a><\/p>\n<p style=\"text-align: justify;\">&#8222;Lautsprecherchassis m\u00fcssen eingespielt werden&#8220; &#8211; Schon seit Ewigkeiten h\u00e4lt sich diese These\u00a0 unter Lautsprecher Selbstbauern schon fast wie ein Gesetz. Was ist aber dran, an der Behauptung, der TSP Satz eines Chassis w\u00fcrde erst nach einer gewissen Einspielzeit seine endg\u00fcltigen Werte erreichen? Ein j\u00fcngst im Internet erschienenes Video untermauert die These leider auf Basis fehlerhaft erstellter Messungen und daraus resultierenden falschen Parametern. Unser D.A.U. Mitglied Oliver hat zum Thema &#8222;Einbrennen von Chassis&#8220; eine seri\u00f6se Messreihe erstellt, die die Fakten offen legt und f\u00fcr Klarheit sorgen soll. Die zugeh\u00f6rige Dokumentation kann als PDF auf der <span style=\"color: #0000ff;\"><a style=\"color: #0000ff;\" href=\"https:\/\/www.der-akustische-untergrund.de\/tipps-n-tricks\/chassis-einbrennen-was-bringt-es-wirklich\/\" target=\"_blank\" rel=\"noopener\">Homepage<\/a><\/span> des Akustischen Untergrunds heruntergeladen werden.<\/p>\n","protected":false},"excerpt":{"rendered":"<p>&#8222;Lautsprecherchassis m\u00fcssen eingespielt werden&#8220; &#8211; Schon seit Ewigkeiten h\u00e4lt sich diese These\u00a0 unter Lautsprecher Selbstbauern schon fast wie ein Gesetz. Was ist aber dran, an der Behauptung, der TSP Satz eines Chassis w\u00fcrde erst nach einer gewissen Einspielzeit seine endg\u00fcltigen Werte erreichen? Ein j\u00fcngst im Internet erschienenes Video untermauert die These leider auf Basis fehlerhaft &hellip; <\/p>\n<p><a class=\"more-link btn\" href=\"https:\/\/www.donhighend.de\/?page_id=8525\">Weiterlesen<\/a><\/p>\n","protected":false},"author":1,"featured_media":8530,"parent":3876,"menu_order":995,"comment_status":"open","ping_status":"closed","template":"","meta":{"footnotes":""},"class_list":["post-8525","page","type-page","status-publish","has-post-thumbnail","hentry","nodate","item-wrap"],"_links":{"self":[{"href":"https:\/\/www.donhighend.de\/index.php?rest_route=\/wp\/v2\/pages\/8525","targetHints":{"allow":["GET"]}}],"collection":[{"href":"https:\/\/www.donhighend.de\/index.php?rest_route=\/wp\/v2\/pages"}],"about":[{"href":"https:\/\/www.donhighend.de\/index.php?rest_route=\/wp\/v2\/types\/page"}],"author":[{"embeddable":true,"href":"https:\/\/www.donhighend.de\/index.php?rest_route=\/wp\/v2\/users\/1"}],"replies":[{"embeddable":true,"href":"https:\/\/www.donhighend.de\/index.php?rest_route=%2Fwp%2Fv2%2Fcomments&post=8525"}],"version-history":[{"count":6,"href":"https:\/\/www.donhighend.de\/index.php?rest_route=\/wp\/v2\/pages\/8525\/revisions"}],"predecessor-version":[{"id":8533,"href":"https:\/\/www.donhighend.de\/index.php?rest_route=\/wp\/v2\/pages\/8525\/revisions\/8533"}],"up":[{"embeddable":true,"href":"https:\/\/www.donhighend.de\/index.php?rest_route=\/wp\/v2\/pages\/3876"}],"wp:featuredmedia":[{"embeddable":true,"href":"https:\/\/www.donhighend.de\/index.php?rest_route=\/wp\/v2\/media\/8530"}],"wp:attachment":[{"href":"https:\/\/www.donhighend.de\/index.php?rest_route=%2Fwp%2Fv2%2Fmedia&parent=8525"}],"curies":[{"name":"wp","href":"https:\/\/api.w.org\/{rel}","templated":true}]}}