{"id":8442,"date":"2021-06-17T20:32:43","date_gmt":"2021-06-17T19:32:43","guid":{"rendered":"http:\/\/www.donhighend.de\/?page_id=8442"},"modified":"2025-09-10T09:59:43","modified_gmt":"2025-09-10T08:59:43","slug":"alberich","status":"publish","type":"page","link":"https:\/\/www.donhighend.de\/?page_id=8442","title":{"rendered":"Alberich &#8211; Kleinlautsprecher mit Folienhocht\u00f6ner"},"content":{"rendered":"<p><img loading=\"lazy\" decoding=\"async\" class=\"aligncenter size-full wp-image-11528\" src=\"https:\/\/www.donhighend.de\/wp-content\/uploads\/2025\/09\/Titelbild-rot.jpg\" alt=\"\" width=\"467\" height=\"640\" srcset=\"https:\/\/www.donhighend.de\/wp-content\/uploads\/2025\/09\/Titelbild-rot.jpg 467w, https:\/\/www.donhighend.de\/wp-content\/uploads\/2025\/09\/Titelbild-rot-219x300.jpg 219w\" sizes=\"auto, (max-width: 467px) 100vw, 467px\" \/><\/p>\n<p style=\"text-align: justify;\">Welcher Mann kennt es nicht? So richtig erwachsen wird man(n) nie. Deswegen brauchen M\u00e4nner auch regelm\u00e4\u00dfig neues Spielzeug. Ob es nun eine neue Kamera, ein Sportger\u00e4t oder was auch immer ist. Die Welt der Spielzeuge ist unermesslich und spannend zugleich. F\u00fcr den DIY&#8217;ler sind neue Lautsprecher Chassis gern gesehene Spielzeuge. So schl\u00e4gt man(n) zuweilen rein aus Neugierde auch mal auf der Restpostenrampe oder im fernen China zu. Und so kommt es, dass Dinge zusammen finden, deren Herkunft unterschiedlicher nicht sein kann. Doch der Reihe nach&#8230;<\/p>\n<p style=\"text-align: justify;\">Bereits vor l\u00e4ngerer Zeit kam mein Zeigefinger nicht am Bestellknopf vorbei, als ich in einem chinesischen Onlineshop <span style=\"color: #0000ff;\"><a style=\"color: #0000ff;\" href=\"https:\/\/de.aliexpress.com\/item\/4000967731102.html?spm=a2g0o.detail.1000014.11.40d32cdbqjpint&amp;gps-id=pcDetailBottomMoreOtherSeller&amp;scm=1007.33416.213724.0&amp;scm_id=1007.33416.213724.0&amp;scm-url=1007.33416.213724.0&amp;pvid=989f010e-1e36-44f6-b60e-f669d7bd304b&amp;_t=gps-id:pcDetailBottomMoreOtherSeller,scm-url:1007.33416.213724.0,pvid:989f010e-1e36-44f6-b60e-f669d7bd304b,tpp_buckets:668%230%23131923%230_668%23888%233325%231_23416%230%23213724%230_23416%234721%2321967%23159_23416%234722%2321972%233_668%232846%238112%231997_668%235811%2327180%2342_668%232717%237559%2326_668%231000022185%231000066058%230_668%233422%2315392%23725_4452%230%23226710%230_4452%233474%2316498%23572_4452%234862%2324463%23139_4452%233098%239599%23649_4452%235108%2323442%2375_4452%233564%2316062%23194\" target=\"_blank\" rel=\"noopener\">Audiopur RT-7040<\/a><\/span> Magnetostaten zu einem Paarpreis von unter 20,- Euro fand.<\/p>\n<p style=\"text-align: center;\"><img loading=\"lazy\" decoding=\"async\" class=\"aligncenter size-full wp-image-8450\" src=\"https:\/\/www.donhighend.de\/wp-content\/uploads\/2021\/06\/Audiopur-RT-7040-klein-geschraubt.jpg\" alt=\"\" width=\"500\" height=\"500\" srcset=\"https:\/\/www.donhighend.de\/wp-content\/uploads\/2021\/06\/Audiopur-RT-7040-klein-geschraubt.jpg 500w, https:\/\/www.donhighend.de\/wp-content\/uploads\/2021\/06\/Audiopur-RT-7040-klein-geschraubt-300x300.jpg 300w, https:\/\/www.donhighend.de\/wp-content\/uploads\/2021\/06\/Audiopur-RT-7040-klein-geschraubt-150x150.jpg 150w\" sizes=\"auto, (max-width: 500px) 100vw, 500px\" \/>Audiopur RT-7040<\/p>\n<p>&nbsp;<\/p>\n<p style=\"text-align: justify;\">Messungen zeigten, dass die guten St\u00fccke ab etwa 4 kHz ordentlich sind. Ab 4,5 kHz ist die Paargleichheit sogar exzellent. Was aber tun, mit diesen Wunderwerken chinesischer Handwerkskunst? Auf die Schnelle fand ich damals keine Antwort auf diese Frage, und so wanderten die Tweeter in meine Regale.<\/p>\n<p style=\"text-align: justify;\">Aliexpress ist \u00e4hnlich aufgebaut wie ebay. Die Angebote stammen also von unterschiedlichen H\u00e4ndlern. So kann es sein, dass sich die Bezeichnungen und nat\u00fcrlich auch die Preise f\u00fcr die HT unterscheiden. Bei <span style=\"color: #0000ff;\"><a style=\"color: #0000ff;\" href=\"https:\/\/de.aliexpress.com\/item\/32824651844.html?spm=a2g0o.detail.1000014.51.538f3288Uc5z8m&amp;gps-id=pcDetailBottomMoreOtherSeller&amp;scm=1007.33416.213724.0&amp;scm_id=1007.33416.213724.0&amp;scm-url=1007.33416.213724.0&amp;pvid=6e2e2c87-cc98-4e64-a5c6-8c4566398613&amp;_t=gps-id:pcDetailBottomMoreOtherSeller,scm-url:1007.33416.213724.0,pvid:6e2e2c87-cc98-4e64-a5c6-8c4566398613,tpp_buckets:668%230%23131923%230_668%23888%233325%231_23416%230%23213724%230_23416%234721%2321967%23159_23416%234722%2321972%233_668%232846%238112%231997_668%235811%2327180%2342_668%232717%237559%2326_668%231000022185%231000066058%230_668%233422%2315392%23850_4452%230%23226710%230_4452%233474%2316498%23572_4452%234862%2324463%23139_4452%233098%239599%23649_4452%235108%2323442%2375_4452%233564%2316062%23194\" target=\"_blank\" rel=\"noopener\">GHXAMP<\/a><\/span> sieht man in den Angebotsfotos den Karton mit dem Aufdruck Audiopur. Die Ma\u00dfzeichnung enth\u00e4lt den noch anderen Markennamen &#8222;AudioTou&#8220;. In manchen Angeboten wird die Folie auch AL-100 bezeichnet. Der Anbieter <span style=\"color: #0000ff;\"><a style=\"color: #0000ff;\" href=\"https:\/\/de.aliexpress.com\/item\/4000967731102.html?spm=a2g0o.detail.1000014.55.35a3739eoC3yjk&amp;gps-id=pcDetailBottomMoreOtherSeller&amp;scm=1007.33416.213724.0&amp;scm_id=1007.33416.213724.0&amp;scm-url=1007.33416.213724.0&amp;pvid=b6f84bc4-100e-4792-833c-354cc41d07e0&amp;_t=gps-id:pcDetailBottomMoreOtherSeller,scm-url:1007.33416.213724.0,pvid:b6f84bc4-100e-4792-833c-354cc41d07e0,tpp_buckets:668%230%23131923%230_668%23888%233325%231_23416%230%23213724%230_23416%234721%2321967%23159_23416%234722%2321972%233_668%232846%238112%231997_668%235811%2327180%2342_668%232717%237559%2326_668%231000022185%231000066058%230_668%233422%2315392%23576_4452%230%23226710%230_4452%233474%2316498%23572_4452%234862%2324463%23139_4452%233098%239599%23649_4452%235108%2323442%2375_4452%233564%2316062%23194\" target=\"_blank\" rel=\"noopener\">FTY Power Proaudio<\/a><\/span> nennt wiederum den Namen &#8222;Audiopur&#8220;. Hier wird also flei\u00dfig umgelabelt bzw. umbenannt. In den jeweiligen Angeboten werden nach einigem Scrollen weitere Angebote sichtbar, unter anderem auch f\u00fcr den hier ben\u00f6tigten Hocht\u00f6ner. Hier sollte man das g\u00fcnstigste Angebot w\u00e4hlen. Bitte unbedingt auf Lieferzeiten und Portokosten achten.<\/p>\n<p style=\"text-align: justify;\">Bei meinen t\u00e4glichen Recherchen fand ich beim Restposten-Versender Pollin Electronic vor ein paar Tagen ein interessantes Chassis im Abverkauf. Der <span style=\"color: #0000ff;\"><a style=\"color: #0000ff;\" href=\"https:\/\/www.pollin.de\/p\/mitteltoener-pmm-100-8-1-100mm-641476\" target=\"_blank\" rel=\"noopener\">Phonar PMM100\/8-1<\/a><\/span> wird zwar als Mittelt\u00f6ner angepriesen, aber meine Vermutung, es k\u00f6nne sich um einen kleinen Tiefmittelt\u00f6ner handeln, sollte sich best\u00e4tigen.<\/p>\n<p><img loading=\"lazy\" decoding=\"async\" class=\"aligncenter size-full wp-image-8455\" src=\"https:\/\/www.donhighend.de\/wp-content\/uploads\/2021\/06\/Phonar-PMM100-e1623962007775.jpg\" alt=\"\" width=\"500\" height=\"500\" \/><\/p>\n<p>&nbsp;<\/p>\n<p style=\"text-align: center;\">Phonar PMM100\/8-1<\/p>\n<p>&nbsp;<\/p>\n<p style=\"text-align: justify;\">Die Messung der TSP zeigte geringe Fertigungstoleranzen und nur sehr kleine Abweichungen zueinander. F\u00fcr eine sinnvolle Abstimmung ist dies ein sehr wichtiges Kriterium, und so entschied ich, die Kombination mit der preiswerten China Folie in Angriff zu nehmen.<\/p>\n<p style=\"text-align: center;\"><img loading=\"lazy\" decoding=\"async\" class=\"aligncenter size-full wp-image-8459\" src=\"https:\/\/www.donhighend.de\/wp-content\/uploads\/2021\/06\/TSP-Vergleich.png\" alt=\"\" width=\"595\" height=\"608\" srcset=\"https:\/\/www.donhighend.de\/wp-content\/uploads\/2021\/06\/TSP-Vergleich.png 595w, https:\/\/www.donhighend.de\/wp-content\/uploads\/2021\/06\/TSP-Vergleich-294x300.png 294w\" sizes=\"auto, (max-width: 595px) 100vw, 595px\" \/>Phonar PMM100\/8-1 TSP Vergleich<\/p>\n<p>&nbsp;<\/p>\n<p>Eine nachfolgende Simulation mit AJHorn verriet, dass der kleine Tiefmittelt\u00f6ner in einem nur 5 Liter kleinen BR Geh\u00e4use bis Mitte 50 Hz spielen kann.<\/p>\n<p style=\"text-align: center;\"><img loading=\"lazy\" decoding=\"async\" class=\"aligncenter size-full wp-image-8462\" src=\"https:\/\/www.donhighend.de\/wp-content\/uploads\/2021\/06\/PMM100-8-1-in-5-Litern-BR.jpg\" alt=\"\" width=\"550\" height=\"419\" srcset=\"https:\/\/www.donhighend.de\/wp-content\/uploads\/2021\/06\/PMM100-8-1-in-5-Litern-BR.jpg 550w, https:\/\/www.donhighend.de\/wp-content\/uploads\/2021\/06\/PMM100-8-1-in-5-Litern-BR-300x229.jpg 300w\" sizes=\"auto, (max-width: 550px) 100vw, 550px\" \/>Phonar PMM100\/8-1 in 5 Litern BR<\/p>\n<p>&nbsp;<\/p>\n<p style=\"text-align: justify;\">Ich entsann mich eines kleinen Projekts, welches ich nicht zu Ende gef\u00fchrt habe. Die seinerzeit gefertigten Geh\u00e4use standen noch in meiner Werkstatt und luden zu dem Versuch ein, die beiden Chassis miteinander zu kombinieren. Flugs wurde eine neue Schallwand mit passenden \u00d6ffnungen aufgebracht. Seitliche Fasen verleihen dem Geh\u00e4use etwas mehr Leichtigkeit. Dem Abstrahlverhalten schaden sie ohnehin nicht. Guten Mutes wurden die Geh\u00e4use bed\u00e4mpft, und die Chassis nebst Port wurden montiert. Mit 26,5 x 16 x 20 cm (H x B x T) sind die Geh\u00e4use regelrechte Zwerge. Zwerge? Alberich? So sollen die kleinen Kistchen fortan hei\u00dfen.<\/p>\n<p>Die beiden Chassis zeigten nach dem Einbau in das vorhandene und umgebaute Geh\u00e4use in unbeschaltetem Zustand folgendes Verhalten:<\/p>\n<p style=\"text-align: center;\"><img loading=\"lazy\" decoding=\"async\" class=\"aligncenter size-full wp-image-8509\" src=\"https:\/\/www.donhighend.de\/wp-content\/uploads\/2021\/06\/PMM100-8-1-in-5-Litern-BR-unbeschaltet.jpg\" alt=\"\" width=\"824\" height=\"541\" srcset=\"https:\/\/www.donhighend.de\/wp-content\/uploads\/2021\/06\/PMM100-8-1-in-5-Litern-BR-unbeschaltet.jpg 824w, https:\/\/www.donhighend.de\/wp-content\/uploads\/2021\/06\/PMM100-8-1-in-5-Litern-BR-unbeschaltet-300x197.jpg 300w, https:\/\/www.donhighend.de\/wp-content\/uploads\/2021\/06\/PMM100-8-1-in-5-Litern-BR-unbeschaltet-768x504.jpg 768w, https:\/\/www.donhighend.de\/wp-content\/uploads\/2021\/06\/PMM100-8-1-in-5-Litern-BR-unbeschaltet-750x492.jpg 750w\" sizes=\"auto, (max-width: 824px) 100vw, 824px\" \/>Phonar PMM100-8-1 in 5 Litern BR unbeschaltet<\/p>\n<p>&nbsp;<\/p>\n<p style=\"text-align: center;\"><img loading=\"lazy\" decoding=\"async\" class=\"aligncenter size-full wp-image-8510\" src=\"https:\/\/www.donhighend.de\/wp-content\/uploads\/2021\/06\/RT-7040-unbeschaltet.jpg\" alt=\"\" width=\"822\" height=\"541\" srcset=\"https:\/\/www.donhighend.de\/wp-content\/uploads\/2021\/06\/RT-7040-unbeschaltet.jpg 822w, https:\/\/www.donhighend.de\/wp-content\/uploads\/2021\/06\/RT-7040-unbeschaltet-300x197.jpg 300w, https:\/\/www.donhighend.de\/wp-content\/uploads\/2021\/06\/RT-7040-unbeschaltet-768x505.jpg 768w, https:\/\/www.donhighend.de\/wp-content\/uploads\/2021\/06\/RT-7040-unbeschaltet-750x494.jpg 750w\" sizes=\"auto, (max-width: 822px) 100vw, 822px\" \/>Audiopur RT-7040 unbeschaltet<\/p>\n<p>&nbsp;<\/p>\n<p style=\"text-align: justify;\">Gleich nach den Messungen der unbeschalteten Chassis konnte die Simulation einer Weichenschaltung beginnen. Um die Aussage von AJHorn zu untermauern erfolgte zun\u00e4chst eine Simulation des zu erwartenden Achsenfrequenzgangs mit Boxsim. Dieses Programm erm\u00f6glicht die Darstellung des Verhaltens im Bassbereich, welches aus den TSP generiert wird. Ein F\u00fcgen von Nah- und Fernfeld kann somit vermieden werden.<\/p>\n<p style=\"text-align: center;\"><img loading=\"lazy\" decoding=\"async\" class=\"aligncenter size-full wp-image-8467\" src=\"https:\/\/www.donhighend.de\/wp-content\/uploads\/2021\/06\/Simu-Boxsim-final.jpg\" alt=\"\" width=\"798\" height=\"555\" srcset=\"https:\/\/www.donhighend.de\/wp-content\/uploads\/2021\/06\/Simu-Boxsim-final.jpg 798w, https:\/\/www.donhighend.de\/wp-content\/uploads\/2021\/06\/Simu-Boxsim-final-300x209.jpg 300w, https:\/\/www.donhighend.de\/wp-content\/uploads\/2021\/06\/Simu-Boxsim-final-768x534.jpg 768w, https:\/\/www.donhighend.de\/wp-content\/uploads\/2021\/06\/Simu-Boxsim-final-750x522.jpg 750w\" sizes=\"auto, (max-width: 798px) 100vw, 798px\" \/>Alberich &#8211; Simulation mit Boxsim<\/p>\n<p>&nbsp;<\/p>\n<p style=\"text-align: justify;\">Leider kann Boxsim keine Winkelfrequenzg\u00e4nge simulieren, so dass diese Simulationen mit Vituixcad durchgef\u00fchrt wurden, welches wiederum kein Verhalten im Bassbereich aus TSP generieren kann.<\/p>\n<p style=\"text-align: center;\"><img loading=\"lazy\" decoding=\"async\" class=\"aligncenter size-full wp-image-8471\" src=\"https:\/\/www.donhighend.de\/wp-content\/uploads\/2021\/06\/Alberich-1.4-Six-pack.png\" alt=\"\" width=\"1606\" height=\"1598\" srcset=\"https:\/\/www.donhighend.de\/wp-content\/uploads\/2021\/06\/Alberich-1.4-Six-pack.png 1606w, https:\/\/www.donhighend.de\/wp-content\/uploads\/2021\/06\/Alberich-1.4-Six-pack-300x300.png 300w, https:\/\/www.donhighend.de\/wp-content\/uploads\/2021\/06\/Alberich-1.4-Six-pack-1024x1019.png 1024w, https:\/\/www.donhighend.de\/wp-content\/uploads\/2021\/06\/Alberich-1.4-Six-pack-150x150.png 150w, https:\/\/www.donhighend.de\/wp-content\/uploads\/2021\/06\/Alberich-1.4-Six-pack-768x764.png 768w, https:\/\/www.donhighend.de\/wp-content\/uploads\/2021\/06\/Alberich-1.4-Six-pack-1536x1528.png 1536w, https:\/\/www.donhighend.de\/wp-content\/uploads\/2021\/06\/Alberich-1.4-Six-pack-750x746.png 750w\" sizes=\"auto, (max-width: 1606px) 100vw, 1606px\" \/>Alberich &#8211; Simulations\u00fcbersicht mit Vituixcad<\/p>\n<p>&nbsp;<\/p>\n<p style=\"text-align: justify;\">Aus einem mir bislang unerfindlichen Grund wird bei dieser Simulation der Hochtonanteil der Achsensimulation etwas verzappelt dargestellt. Dies ist lediglich bei der 0\u00b0 Simulation der Fall. Alle weiteren Winkelmessungen sind nicht betroffen. Das Ph\u00e4nomen tritt in Boxsim nicht auf. Die f\u00fcr die Simulation mit beiden Programmen verwendeten Messungen sind identisch.<\/p>\n<p style=\"text-align: justify;\">Die Weiche konnte nun gesteckt werden, um erneut zu zeigen, dass die realen Messungen nat\u00fcrlich mit dem simulierten Verhalten \u00fcbereinstimmen.<\/p>\n<p style=\"text-align: center;\"><img loading=\"lazy\" decoding=\"async\" class=\"aligncenter size-full wp-image-8474\" src=\"https:\/\/www.donhighend.de\/wp-content\/uploads\/2021\/06\/Alberich-0\u00b0-90\u00b0.png\" alt=\"\" width=\"1000\" height=\"766\" srcset=\"https:\/\/www.donhighend.de\/wp-content\/uploads\/2021\/06\/Alberich-0\u00b0-90\u00b0.png 1000w, https:\/\/www.donhighend.de\/wp-content\/uploads\/2021\/06\/Alberich-0\u00b0-90\u00b0-300x230.png 300w, https:\/\/www.donhighend.de\/wp-content\/uploads\/2021\/06\/Alberich-0\u00b0-90\u00b0-768x588.png 768w, https:\/\/www.donhighend.de\/wp-content\/uploads\/2021\/06\/Alberich-0\u00b0-90\u00b0-750x575.png 750w\" sizes=\"auto, (max-width: 1000px) 100vw, 1000px\" \/>Alberich &#8211; Messung 0\u00b0 &#8211; 90\u00b0<\/p>\n<p>&nbsp;<\/p>\n<p>Erwartungsgem\u00e4\u00df stimmen Simulation und Mes&#8230; Sie wissen schon. Dieser Satz mag f\u00fcr einige am\u00fcsant sein. Punxsutawney Phil h\u00e4tte jedenfalls Freude an diesem Deja vu&#8230; \ud83d\ude09<\/p>\n<p><img loading=\"lazy\" decoding=\"async\" class=\"aligncenter size-full wp-image-8475\" src=\"https:\/\/www.donhighend.de\/wp-content\/uploads\/2021\/06\/Alberich-0\u00b0-Einzelzweige.png\" alt=\"\" width=\"1000\" height=\"742\" srcset=\"https:\/\/www.donhighend.de\/wp-content\/uploads\/2021\/06\/Alberich-0\u00b0-Einzelzweige.png 1000w, https:\/\/www.donhighend.de\/wp-content\/uploads\/2021\/06\/Alberich-0\u00b0-Einzelzweige-300x223.png 300w, https:\/\/www.donhighend.de\/wp-content\/uploads\/2021\/06\/Alberich-0\u00b0-Einzelzweige-768x570.png 768w, https:\/\/www.donhighend.de\/wp-content\/uploads\/2021\/06\/Alberich-0\u00b0-Einzelzweige-750x557.png 750w\" sizes=\"auto, (max-width: 1000px) 100vw, 1000px\" \/><\/p>\n<p style=\"text-align: center;\">Alberich &#8211; Messung 0\u00b0 + Einzelzweige<\/p>\n<p>&nbsp;<\/p>\n<p style=\"text-align: center;\"><img loading=\"lazy\" decoding=\"async\" class=\"aligncenter size-full wp-image-8476\" src=\"https:\/\/www.donhighend.de\/wp-content\/uploads\/2021\/06\/Alberich-0\u00b0-Impedanzverlauf.png\" alt=\"\" width=\"1000\" height=\"742\" srcset=\"https:\/\/www.donhighend.de\/wp-content\/uploads\/2021\/06\/Alberich-0\u00b0-Impedanzverlauf.png 1000w, https:\/\/www.donhighend.de\/wp-content\/uploads\/2021\/06\/Alberich-0\u00b0-Impedanzverlauf-300x223.png 300w, https:\/\/www.donhighend.de\/wp-content\/uploads\/2021\/06\/Alberich-0\u00b0-Impedanzverlauf-768x570.png 768w, https:\/\/www.donhighend.de\/wp-content\/uploads\/2021\/06\/Alberich-0\u00b0-Impedanzverlauf-750x557.png 750w\" sizes=\"auto, (max-width: 1000px) 100vw, 1000px\" \/>Alberich &#8211; Messung 0\u00b0 + Impedanzverlauf<\/p>\n<p>&nbsp;<\/p>\n<p style=\"text-align: justify;\">Nicht schlecht, f\u00fcr &#8222;mit ohne&#8220; Schallf\u00fchrung. Nat\u00fcrlich hat das seinen Preis. Die Weiche nimmt monet\u00e4r recht genau soviel Platz ein, wie die Chassis. Mit etwa 50,- Euro pro Seite &#8222;mit alles&#8220; sollte sich Alberich aufbauen lassen. Daf\u00fcr gibt es einen schmucken Leisesprecher mit Folienhocht\u00f6ner. Man(n) mag halt gerne Spielzeuge.<\/p>\n<p style=\"text-align: center;\"><img loading=\"lazy\" decoding=\"async\" class=\"aligncenter size-full wp-image-8480\" src=\"https:\/\/www.donhighend.de\/wp-content\/uploads\/2021\/06\/Alberich-1.4-XO-schema-WZ.jpg\" alt=\"\" width=\"660\" height=\"391\" srcset=\"https:\/\/www.donhighend.de\/wp-content\/uploads\/2021\/06\/Alberich-1.4-XO-schema-WZ.jpg 660w, https:\/\/www.donhighend.de\/wp-content\/uploads\/2021\/06\/Alberich-1.4-XO-schema-WZ-300x178.jpg 300w\" sizes=\"auto, (max-width: 660px) 100vw, 660px\" \/>Alberich &#8211; Weichenplan<\/p>\n<p>&nbsp;<\/p>\n<p style=\"text-align: center;\"><\/p>\n<p>Im Warenkorb finden sich alle Bauteile nach obigem Plan. Wer eine etwas spritzigere Hochtonwiedergabe bevorzugt, kann den 6,8 Ohm Parallelwiderstand im Hochtonzweig durch eine 8,2 Ohm Variante ersetzen.<\/p>\n<p>Der Bauplan stellt keine sonderliche Herausforderung dar. Das Geh\u00e4use besteht lediglich aus 6 Brettern.<\/p>\n<p style=\"text-align: center;\"><img loading=\"lazy\" decoding=\"async\" class=\"aligncenter size-full wp-image-8495\" src=\"https:\/\/www.donhighend.de\/wp-content\/uploads\/2021\/06\/Bauplan-Alberich-mit-WZ.jpg\" alt=\"\" width=\"1057\" height=\"694\" srcset=\"https:\/\/www.donhighend.de\/wp-content\/uploads\/2021\/06\/Bauplan-Alberich-mit-WZ.jpg 1057w, https:\/\/www.donhighend.de\/wp-content\/uploads\/2021\/06\/Bauplan-Alberich-mit-WZ-300x197.jpg 300w, https:\/\/www.donhighend.de\/wp-content\/uploads\/2021\/06\/Bauplan-Alberich-mit-WZ-1024x672.jpg 1024w, https:\/\/www.donhighend.de\/wp-content\/uploads\/2021\/06\/Bauplan-Alberich-mit-WZ-768x504.jpg 768w, https:\/\/www.donhighend.de\/wp-content\/uploads\/2021\/06\/Bauplan-Alberich-mit-WZ-750x492.jpg 750w\" sizes=\"auto, (max-width: 1057px) 100vw, 1057px\" \/>Alberich &#8211; Bau- und Bed\u00e4mpfungsplan (vergr\u00f6\u00dfern -&gt; rechte Mauslaste -&gt; Grafik in neuem Tab anzeigen)<\/p>\n<p>&nbsp;<\/p>\n<p style=\"text-align: justify;\">Die Weichen- und Baupl\u00e4ne sind f\u00fcr private Nutzung freigegeben. Jegliche Form der gewerblichen Nutzung oder Verbreitung ohne vorherige Absprache ist untersagt und wird strafrechtlich verfolgt.<\/p>\n<p style=\"text-align: justify;\">Klanglich gibt es an Alberich nichts auszusetzen! Was der ausgewogene Frequenzgang und das gute Abstrahlverhalten vermuten lassen, spiegelt sich in der Realit\u00e4t wieder. Alberich klingt neutral und bildet eine sch\u00f6ne B\u00fchne ab. Stimmen klingen wunderbar greifbar und sehr nat\u00fcrlich. Dies ist ein sehr sch\u00f6ner kleiner Lautsprecher f\u00fcr den Leiseh\u00f6rer, f\u00fcr das Desktop oder alle anderen erdenklichen M\u00f6glichkeiten, bei denen es nicht auf hohe Pegel, sondern auf guten Klang ankommt.<\/p>\n<p>&nbsp;<\/p>\n<p>Nachbauer Frank P.\u00a0 schreibt per Mail:<\/p>\n<blockquote>\n<h5><span style=\"color: #ff6600;\"><em>&#8222;Wegen der Hellh\u00f6rigkeit der Wohnung meiner Schwester kam es von vornherein weniger auf Pegelfestigkeit und Lautst\u00e4rke an, sondern eher auf einen guten Klang &#8211; und was soll ich sagen? Ein gro\u00dfes Kompliment an Dich f\u00fcr diese perfekte Entwicklung. Eine sehr sch\u00f6ne r\u00e4umliche Darstellung, eine &#8211; gemessen an den Dimensionen des Lautsprechers &#8211; gro\u00dfe Klangf\u00fclle und ein erstaunlich pr\u00e4senter &#8222;Bass&#8220;. Ich bin rundum begeistert davon, wie die Zwerge aufspielen. Bei allen bauartbedingten Abstrichen spielen sie dennoch sehr filigran und pr\u00e4zise &#8211; wirklich ein Genuss.&#8220;<\/em><\/span><\/h5>\n<\/blockquote>\n<p>&nbsp;<\/p>\n<p>Stefan M. aus unserer <span style=\"color: #0000ff;\"><a style=\"color: #0000ff;\" href=\"https:\/\/www.facebook.com\/groups\/304972859996029\" target=\"_blank\" rel=\"noopener\">FB Gruppe<\/a><\/span> schreibt:<\/p>\n<blockquote>\n<h5><span style=\"color: #ff6600;\"><em>&#8222;<span class=\"d2edcug0 hpfvmrgz qv66sw1b c1et5uql lr9zc1uh a8c37x1j fe6kdd0r mau55g9w c8b282yb keod5gw0 nxhoafnm aigsh9s9 d3f4x2em iv3no6db jq4qci2q a3bd9o3v b1v8xokw oo9gr5id hzawbc8m\" dir=\"auto\"><a style=\"color: #ff6600;\" title=\"https:\/\/www.donhighend.de\/?page_id=8442\" href=\"https:\/\/www.donhighend.de\/?page_id=8442\" target=\"_blank\" rel=\"noopener\">ALBERICH<\/a> &#8211; Kleine Lautsprecher ganz gro\u00df! Was soll ich sagen?!? Tonalit\u00e4t, B\u00fchne, Tiefe, bla bla bla&#8230; Ist alles da, klingt spitze! Und die k\u00f6nnen mehr Bass als man aufgrund der Gr\u00f6\u00dfe vermuten w\u00fcrde. Aber der Amp mu\u00df schon ein gutes St\u00fcck weiter aufgedreht werden. Viel Wirkungsgrad haben die nicht. Alexander Gresler, das ist mal wieder eine wirklich tolle Entwicklung von Dir! Vielen Dank daf\u00fcr. Im Vergleich zu den xxx spielen die <a style=\"color: #ff6600;\" title=\"https:\/\/www.donhighend.de\/?page_id=8442\" href=\"https:\/\/www.donhighend.de\/?page_id=8442\" target=\"_blank\" rel=\"noopener\">Alberich<\/a> viel gel\u00f6ster, viel entspannter, die Musik steht viel besser im Raum.&#8220;\u00a0<\/span><\/em><\/span><\/h5>\n<h5><span style=\"color: #ff6600;\"><em>und weiter:<\/em><\/span><\/h5>\n<h5><span style=\"color: #ff6600;\"><em><span class=\"d2edcug0 hpfvmrgz qv66sw1b c1et5uql lr9zc1uh a8c37x1j fe6kdd0r mau55g9w c8b282yb keod5gw0 nxhoafnm aigsh9s9 d3f4x2em iv3no6db jq4qci2q a3bd9o3v b1v8xokw oo9gr5id hzawbc8m\" dir=\"auto\">&#8222;<\/span><span class=\"d2edcug0 hpfvmrgz qv66sw1b c1et5uql lr9zc1uh a8c37x1j fe6kdd0r mau55g9w c8b282yb keod5gw0 nxhoafnm aigsh9s9 d3f4x2em iv3no6db jq4qci2q a3bd9o3v b1v8xokw oo9gr5id\" dir=\"auto\" lang=\"de-DE\" xml:lang=\"de-DE\">Ich mu\u00df einen Nachtrag zum Sound der LS schreiben: Heute liefen die Kleinen den ganzen Tag bei mir im recht gro\u00dfen Wohnzimmer mit verschiedenster Musik. Die Abstimmung ist wirklich hervorragend! Ich war immer wieder von Neutralit\u00e4t, Details und F\u00fclle \u00fcberrascht. Auch k\u00f6nnen die LS lauter spielen, als ich es ihnen zugetraut h\u00e4tte. Immer im Auge dabei die Membranauslenkung der TMT, damit die nicht versehentlich anschlagen. Auch wirklich gro\u00dfartig ist die Ortbarkeit von Instrumenten mit sehr stabiler Mitte (S\u00e4nger in der Mitte des Stereo-Mixes werden wirklich gut abgebildet, nicht nur Position im Mix stimmt, sondern auch die &#8222;Breite&#8220; der Abbildung passt). Echt gut die Kleinen!&#8220;<\/span><\/em><\/span><\/h5>\n<\/blockquote>\n","protected":false},"excerpt":{"rendered":"<p>Welcher Mann kennt es nicht? So richtig erwachsen wird man(n) nie. Deswegen brauchen M\u00e4nner auch regelm\u00e4\u00dfig neues Spielzeug. Ob es nun eine neue Kamera, ein Sportger\u00e4t oder was auch immer ist. Die Welt der Spielzeuge ist unermesslich und spannend zugleich. F\u00fcr den DIY&#8217;ler sind neue Lautsprecher Chassis gern gesehene Spielzeuge. So schl\u00e4gt man(n) zuweilen rein &hellip; <\/p>\n<p><a class=\"more-link btn\" href=\"https:\/\/www.donhighend.de\/?page_id=8442\">Weiterlesen<\/a><\/p>\n","protected":false},"author":1,"featured_media":11528,"parent":1709,"menu_order":972,"comment_status":"open","ping_status":"closed","template":"","meta":{"footnotes":""},"class_list":["post-8442","page","type-page","status-publish","has-post-thumbnail","hentry","nodate","item-wrap"],"_links":{"self":[{"href":"https:\/\/www.donhighend.de\/index.php?rest_route=\/wp\/v2\/pages\/8442","targetHints":{"allow":["GET"]}}],"collection":[{"href":"https:\/\/www.donhighend.de\/index.php?rest_route=\/wp\/v2\/pages"}],"about":[{"href":"https:\/\/www.donhighend.de\/index.php?rest_route=\/wp\/v2\/types\/page"}],"author":[{"embeddable":true,"href":"https:\/\/www.donhighend.de\/index.php?rest_route=\/wp\/v2\/users\/1"}],"replies":[{"embeddable":true,"href":"https:\/\/www.donhighend.de\/index.php?rest_route=%2Fwp%2Fv2%2Fcomments&post=8442"}],"version-history":[{"count":61,"href":"https:\/\/www.donhighend.de\/index.php?rest_route=\/wp\/v2\/pages\/8442\/revisions"}],"predecessor-version":[{"id":11529,"href":"https:\/\/www.donhighend.de\/index.php?rest_route=\/wp\/v2\/pages\/8442\/revisions\/11529"}],"up":[{"embeddable":true,"href":"https:\/\/www.donhighend.de\/index.php?rest_route=\/wp\/v2\/pages\/1709"}],"wp:featuredmedia":[{"embeddable":true,"href":"https:\/\/www.donhighend.de\/index.php?rest_route=\/wp\/v2\/media\/11528"}],"wp:attachment":[{"href":"https:\/\/www.donhighend.de\/index.php?rest_route=%2Fwp%2Fv2%2Fmedia&parent=8442"}],"curies":[{"name":"wp","href":"https:\/\/api.w.org\/{rel}","templated":true}]}}