{"id":7921,"date":"2021-01-29T17:50:03","date_gmt":"2021-01-29T16:50:03","guid":{"rendered":"http:\/\/www.donhighend.de\/?page_id=7921"},"modified":"2021-01-29T18:02:38","modified_gmt":"2021-01-29T17:02:38","slug":"ueber-mich","status":"publish","type":"page","link":"https:\/\/www.donhighend.de\/?page_id=7921","title":{"rendered":"\u00dcber mich"},"content":{"rendered":"<div id=\"cc-m-13776782135\" class=\"j-module n j-text \">\n<h4><strong>Herzlich Willkommen!<\/strong><\/h4>\n<p>&nbsp;<\/p>\n<p>Mein Name ist Alexander Gresler<\/p>\n<\/div>\n<p>&nbsp;<\/p>\n<p><img loading=\"lazy\" decoding=\"async\" class=\"aligncenter size-medium wp-image-701\" src=\"https:\/\/www.donhighend.de\/wp-content\/uploads\/2010\/12\/Alex-228x300.gif\" alt=\"Alex\" width=\"228\" height=\"300\" srcset=\"https:\/\/www.donhighend.de\/wp-content\/uploads\/2010\/12\/Alex-228x300.gif 228w, https:\/\/www.donhighend.de\/wp-content\/uploads\/2010\/12\/Alex.gif 686w\" sizes=\"auto, (max-width: 228px) 100vw, 228px\" \/><\/p>\n<div class=\"entry-content clearfix\">\n<p>&nbsp;<\/p>\n<p style=\"text-align: justify;\">und ich freue mich, dass Sie den Weg auf meine Homepage gefunden haben. Hier stelle ich Ihnen meine DIY-Lautsprecher vor. Ferner finden Sie auf der rechten Seite Links zu interessanten und leistungsf\u00e4higen Simulationstools und zu Datenbanken mit TSP f\u00fcr sehr viele Chassis. Im Bereich \u201eWie geht\u2019s?\u201c findet der Interessierte hilfreiche Tipps f\u00fcr den Umgang mit Simulationswerkzeug und f\u00fcr den handwerklichen Aufbau von Lautsprechern. Vielleicht bekommen Sie ja beim Lesen Lust darauf, selbst einmal Hand anzulegen. Ich kann Ihnen versichern, dass dieses Hobby Sie nie mehr los l\u00e4sst.<\/p>\n<p style=\"text-align: justify;\">Angefangen hat bei mir alles in meinen Kindertagen. Ich mag vielleicht 12 Jahre alt gewesen sein, als ein Bekannter mir seine selbstgebauten Lautsprecher vorf\u00fchrte. Mit grossen Augen, offenen Ohren und noch weiter aufgerissenem Mund stand ich da und konnte nur noch fasziniert staunen. Im Wohnzimmer des jungen Mannes standen zwei imposante K\u00e4sten, welche mir fast den Atem raubten. Lautsprecher in dieser Gr\u00f6\u00dfe hatte ich bis dato noch niemals gesehen, geschweige denn geh\u00f6rt.<\/p>\n<p style=\"text-align: justify;\">Heute w\u00fcrde sich niemand mehr solche Schr\u00e4nke hinstellen. Schmucklose Quader im Kistendesign der 70er Jahre mit einer, gemessen an heutigen Geschmacksnormen, noch schmuckloseren Frontbespannung, aber mit hochwertiger Isophon Best\u00fcckung, wie der freundliche Herr mir Jahre sp\u00e4ter er\u00f6ffnete.<\/p>\n<p style=\"text-align: justify;\">Jedenfalls war diese Vorf\u00fchrung ein Schl\u00fcsselerlebnis f\u00fcr mich. Es war der Anfang eines wunderbaren Hobbys, welches bei jedem Projekt immer wieder neue und interessante Erlebnisse bietet. Manchmal f\u00fchle ich mich wie in einem Sog. Ist man erst einmal hinein geraten, ist ein Entrinnen kaum m\u00f6glich.<\/p>\n<p>Ich habe Sie gewarnt\u2026<\/p>\n<\/div>\n<div class=\"entry-footer clearfix\"><\/div>\n","protected":false},"excerpt":{"rendered":"<p>Herzlich Willkommen! &nbsp; Mein Name ist Alexander Gresler &nbsp; &nbsp; und ich freue mich, dass Sie den Weg auf meine Homepage gefunden haben. Hier stelle ich Ihnen meine DIY-Lautsprecher vor. Ferner finden Sie auf der rechten Seite Links zu interessanten und leistungsf\u00e4higen Simulationstools und zu Datenbanken mit TSP f\u00fcr sehr viele Chassis. Im Bereich \u201eWie &hellip; <\/p>\n<p><a class=\"more-link btn\" href=\"https:\/\/www.donhighend.de\/?page_id=7921\">Weiterlesen<\/a><\/p>\n","protected":false},"author":1,"featured_media":0,"parent":0,"menu_order":1,"comment_status":"closed","ping_status":"closed","template":"","meta":{"footnotes":""},"class_list":["post-7921","page","type-page","status-publish","hentry","nodate","item-wrap"],"_links":{"self":[{"href":"https:\/\/www.donhighend.de\/index.php?rest_route=\/wp\/v2\/pages\/7921","targetHints":{"allow":["GET"]}}],"collection":[{"href":"https:\/\/www.donhighend.de\/index.php?rest_route=\/wp\/v2\/pages"}],"about":[{"href":"https:\/\/www.donhighend.de\/index.php?rest_route=\/wp\/v2\/types\/page"}],"author":[{"embeddable":true,"href":"https:\/\/www.donhighend.de\/index.php?rest_route=\/wp\/v2\/users\/1"}],"replies":[{"embeddable":true,"href":"https:\/\/www.donhighend.de\/index.php?rest_route=%2Fwp%2Fv2%2Fcomments&post=7921"}],"version-history":[{"count":6,"href":"https:\/\/www.donhighend.de\/index.php?rest_route=\/wp\/v2\/pages\/7921\/revisions"}],"predecessor-version":[{"id":7928,"href":"https:\/\/www.donhighend.de\/index.php?rest_route=\/wp\/v2\/pages\/7921\/revisions\/7928"}],"wp:attachment":[{"href":"https:\/\/www.donhighend.de\/index.php?rest_route=%2Fwp%2Fv2%2Fmedia&parent=7921"}],"curies":[{"name":"wp","href":"https:\/\/api.w.org\/{rel}","templated":true}]}}