{"id":7846,"date":"2021-01-20T16:32:17","date_gmt":"2021-01-20T15:32:17","guid":{"rendered":"http:\/\/www.donhighend.de\/?page_id=7846"},"modified":"2021-01-21T14:50:33","modified_gmt":"2021-01-21T13:50:33","slug":"hotte","status":"publish","type":"page","link":"https:\/\/www.donhighend.de\/?page_id=7846","title":{"rendered":"Hotte &#8211; Das Zufallsprojekt"},"content":{"rendered":"<p><img loading=\"lazy\" decoding=\"async\" class=\"aligncenter wp-image-7847\" src=\"https:\/\/www.donhighend.de\/wp-content\/uploads\/2021\/01\/Kistchen-Titelbild.jpg\" alt=\"\" width=\"481\" height=\"640\" \/><\/p>\n<p style=\"text-align: justify;\">Seit einigen Jahren stehe ich im Kontakt mit Horst. Horst ist ein Musikliebhaber, und er baut gerne Lautsprecher. Dabei ist er auf den Nachbau von Baus\u00e4tzen oder Bauvorschl\u00e4gen angewiesen, denn in der Entwicklung von Lautsprechern steht Horst noch ganz am Anfang seiner Karriere. So schreibt er mich immer wieder einmal an und fragt nach dem einen oder anderen Tipp. K\u00fcrzlich war es wieder soweit. Aus einem fr\u00fcheren Bauprojekt waren noch zwei schmucke kleine Geh\u00e4use aus sch\u00f6nem Multiplex \u00fcbrig, und Horst hatte die Idee, diese mit dem\u00a0 <span style=\"color: #0000ff;\"><a style=\"color: #0000ff;\" href=\"http:\/\/www.tb-speaker.com\/products\/w3-1053sc\" target=\"_blank\" rel=\"noopener\">Tang Band W3-1053SC <\/a><\/span>zu best\u00fccken, der aktuell ab 19,- Euro angeboten wird. Leider wei\u00df man bei dem Hersteller nie so genau, ob die im Datenblatt angebotenen TSP mit der Realit\u00e4t \u00fcbereinstimmen. So entwickelte sich die Idee, dass die Breitb\u00e4nder samt Geh\u00e4use zu mir geschickt werden, um eine m\u00f6gliche Liaison zwischen den Teilen herzustellen. Zwei Tage sp\u00e4ter klingelte der freundliche DHL Mann und \u00fcbergab mir ein kleines Paket. Die Arbeit an &#8222;Hotte&#8220; konnte beginnen&#8230;<\/p>\n<p style=\"text-align: center;\"><img loading=\"lazy\" decoding=\"async\" class=\"aligncenter size-full wp-image-7853\" src=\"https:\/\/www.donhighend.de\/wp-content\/uploads\/2021\/01\/W3-1053SC.jpg\" alt=\"\" width=\"500\" height=\"500\" srcset=\"https:\/\/www.donhighend.de\/wp-content\/uploads\/2021\/01\/W3-1053SC.jpg 500w, https:\/\/www.donhighend.de\/wp-content\/uploads\/2021\/01\/W3-1053SC-300x300.jpg 300w, https:\/\/www.donhighend.de\/wp-content\/uploads\/2021\/01\/W3-1053SC-150x150.jpg 150w\" sizes=\"auto, (max-width: 500px) 100vw, 500px\" \/>Tang Band W3-1053SC<\/p>\n<p>&nbsp;<\/p>\n<p style=\"text-align: justify;\">Nett anzusehen ist er ja, der kleine. Jetzt m\u00fcssen nur noch seine TSP denen aus dem Datenblatt nahe kommen. Um dies zu \u00fcberpr\u00fcfen habe ich mein DATS angeworfen und die beiden Breitb\u00e4nder einem kurzen Test unterzogen. Das Ergebnis war erfreulich, denn die gemessenen TSP weichen nicht sehr weit von den Angaben im Datenblatt ab. Zudem weisen die beiden T\u00f6nerchen auch eine recht ordentliche Konstanz auf.<\/p>\n<p style=\"text-align: center;\"><img loading=\"lazy\" decoding=\"async\" class=\"aligncenter size-full wp-image-7856\" src=\"https:\/\/www.donhighend.de\/wp-content\/uploads\/2021\/01\/TSP.gif\" alt=\"\" width=\"644\" height=\"574\" \/>Tang Band W3-1053 TSP Vergleich<\/p>\n<p>&nbsp;<\/p>\n<p style=\"text-align: justify;\">Die Resonanzfrequenzen liegen sehr nah an den im Datenblatt angegebenen 100 Hz. Qts ist etwas erh\u00f6ht, wof\u00fcr Vas ein wenig niedriger ausf\u00e4llt, als vom Hersteller angegeben. Das f\u00fchrt in Konsistenz zu quasi identischer Abstimmung wie mit den TSP aus dem Datenblatt. An dieser Stelle gibt es nichts auszusetzen.<\/p>\n<p style=\"text-align: justify;\">Die n\u00e4chste Frage, die es zu kl\u00e4ren galt, ist jene, ob das T\u00f6nerchen in den knapp 5 Litern Volumen, die das Geh\u00e4use mitbringt, klar kommt. Das Volumen ist aber nicht alles. Es hat zudem einen als Kanal fest eingeleiimten BR Port. Da muss Kollege Zufall schon ganz geh\u00f6rig mitspielen, um dieses &#8222;wilde&#8220; Gebilde zu einem funktionsf\u00e4higen werden zu lassen.<\/p>\n<p style=\"text-align: center;\"><img loading=\"lazy\" decoding=\"async\" class=\"aligncenter size-full wp-image-7859\" src=\"https:\/\/www.donhighend.de\/wp-content\/uploads\/2021\/01\/W3-1053SC-in-rund-5-Litern-BR.jpg\" alt=\"\" width=\"515\" height=\"419\" srcset=\"https:\/\/www.donhighend.de\/wp-content\/uploads\/2021\/01\/W3-1053SC-in-rund-5-Litern-BR.jpg 515w, https:\/\/www.donhighend.de\/wp-content\/uploads\/2021\/01\/W3-1053SC-in-rund-5-Litern-BR-300x244.jpg 300w\" sizes=\"auto, (max-width: 515px) 100vw, 515px\" \/>Tang Band W3-1053 in 5 Litern BR<\/p>\n<p>&nbsp;<\/p>\n<p style=\"text-align: justify;\">Da kann man fast von einer Punktlandung sprechen.\u00a0 Vollkommen \u00fcberraschend vermag der W3-1053 in den knapp 5 Litern mit ihrem vorhandenen Port recht ordentlich zu spielen. So viel zur Geh\u00e4useausf\u00fchrung. Spielen aber auch die akustischen Talente des Breitb\u00e4nders in einer Weise mit, die den Einsatz rechtfertigen? Dazu wurde das Chassis in ein zuvor bed\u00e4mpftes Geh\u00e4use geschraubt und akustisch gemessen.<\/p>\n<p style=\"text-align: center;\"><img loading=\"lazy\" decoding=\"async\" class=\"aligncenter size-full wp-image-7861\" src=\"https:\/\/www.donhighend.de\/wp-content\/uploads\/2021\/01\/Fernfeld-rot-Nahfeld-blau-Port-gruen-Freifeldbedingung.png\" alt=\"\" width=\"1000\" height=\"742\" srcset=\"https:\/\/www.donhighend.de\/wp-content\/uploads\/2021\/01\/Fernfeld-rot-Nahfeld-blau-Port-gruen-Freifeldbedingung.png 1000w, https:\/\/www.donhighend.de\/wp-content\/uploads\/2021\/01\/Fernfeld-rot-Nahfeld-blau-Port-gruen-Freifeldbedingung-300x223.png 300w, https:\/\/www.donhighend.de\/wp-content\/uploads\/2021\/01\/Fernfeld-rot-Nahfeld-blau-Port-gruen-Freifeldbedingung-768x570.png 768w, https:\/\/www.donhighend.de\/wp-content\/uploads\/2021\/01\/Fernfeld-rot-Nahfeld-blau-Port-gruen-Freifeldbedingung-750x557.png 750w\" sizes=\"auto, (max-width: 1000px) 100vw, 1000px\" \/>Messungen unbeschaltet, Fern- und Nahfeld, sowie Portanteil (Freifeld)<\/p>\n<p>&nbsp;<\/p>\n<p style=\"text-align: justify;\">Die Messungen zeigen keine wirklichen Katastrophen. Der Frequenzgang im Fernfeld erweist sich als weitgehend ausgewogen, wenn man vom Einflu\u00df des Baffle Steps absieht. Die Portresonanz ist recht kr\u00e4ftig. Sie ist auch in den Frequenzg\u00e4ngen sichtbar. Zum Gl\u00fcck befindet sich der Port auf der Geh\u00e4user\u00fcckseite. Mit einer etwas anderen Position des Ports k\u00f6nnte man die Intensit\u00e4t ein wenig verringern. Hier nehmen wir den kleinen Makel als gegeben hin.<\/p>\n<p style=\"text-align: center;\"><img loading=\"lazy\" decoding=\"async\" class=\"aligncenter size-full wp-image-7863\" src=\"https:\/\/www.donhighend.de\/wp-content\/uploads\/2021\/01\/Frequenzgang-gemerged-aus-Port-Nah-und-Fernfeld-unbeschaltet-Freifeldbedingung.png\" alt=\"\" width=\"1000\" height=\"742\" srcset=\"https:\/\/www.donhighend.de\/wp-content\/uploads\/2021\/01\/Frequenzgang-gemerged-aus-Port-Nah-und-Fernfeld-unbeschaltet-Freifeldbedingung.png 1000w, https:\/\/www.donhighend.de\/wp-content\/uploads\/2021\/01\/Frequenzgang-gemerged-aus-Port-Nah-und-Fernfeld-unbeschaltet-Freifeldbedingung-300x223.png 300w, https:\/\/www.donhighend.de\/wp-content\/uploads\/2021\/01\/Frequenzgang-gemerged-aus-Port-Nah-und-Fernfeld-unbeschaltet-Freifeldbedingung-768x570.png 768w, https:\/\/www.donhighend.de\/wp-content\/uploads\/2021\/01\/Frequenzgang-gemerged-aus-Port-Nah-und-Fernfeld-unbeschaltet-Freifeldbedingung-750x557.png 750w\" sizes=\"auto, (max-width: 1000px) 100vw, 1000px\" \/>Messung unbeschaltet, gemerged aus Fern- und Nahfeld, sowie Port (Freifeld)<\/p>\n<p>&nbsp;<\/p>\n<p style=\"text-align: justify;\">Diese Messung wurde im n\u00e4chsten Schritt in Vituixcad importiert. Die Simulation einer passenden Korrekturschaltung konnte beginnen. Da es sich beim W3-1053 um ein eher preiswertes Chassis handelt, wurden drei m\u00f6gliche Beschaltungen erarbeitet. Zun\u00e4chst wurde ein insgesamt glatter Verlauf hergestellt, der im Bereich des Baffle Steps einen kleinen Peak stehen l\u00e4sst.<\/p>\n<p style=\"text-align: center;\"><img loading=\"lazy\" decoding=\"async\" class=\"aligncenter wp-image-7867\" src=\"https:\/\/www.donhighend.de\/wp-content\/uploads\/2021\/01\/Variante-Peak.png\" alt=\"\" width=\"800\" height=\"422\" srcset=\"https:\/\/www.donhighend.de\/wp-content\/uploads\/2021\/01\/Variante-Peak.png 594w, https:\/\/www.donhighend.de\/wp-content\/uploads\/2021\/01\/Variante-Peak-300x158.png 300w\" sizes=\"auto, (max-width: 800px) 100vw, 800px\" \/>Variante mit gebr\u00fcckter Spule<\/p>\n<p>&nbsp;<\/p>\n<p><img loading=\"lazy\" decoding=\"async\" class=\"aligncenter size-full wp-image-7904\" src=\"https:\/\/www.donhighend.de\/wp-content\/uploads\/2021\/01\/Weiche-1.png\" alt=\"\" width=\"809\" height=\"182\" srcset=\"https:\/\/www.donhighend.de\/wp-content\/uploads\/2021\/01\/Weiche-1.png 809w, https:\/\/www.donhighend.de\/wp-content\/uploads\/2021\/01\/Weiche-1-300x67.png 300w, https:\/\/www.donhighend.de\/wp-content\/uploads\/2021\/01\/Weiche-1-768x173.png 768w, https:\/\/www.donhighend.de\/wp-content\/uploads\/2021\/01\/Weiche-1-750x169.png 750w\" sizes=\"auto, (max-width: 809px) 100vw, 809px\" \/><\/p>\n<p style=\"text-align: center;\">Beschaltung mit gebr\u00fcckter Spule<\/p>\n<h4 style=\"text-align: center;\"><span style=\"color: #0000ff;\"><a style=\"color: #0000ff;\" href=\"https:\/\/www.donhighend.de\/wp-content\/uploads\/2021\/01\/Warenkorb-Version-Standard.pdf\" target=\"_blank\" rel=\"noopener\">Warenkorb f\u00fcr Standardweiche im Quint-Store (Preisstand 28.12..2020)<\/a><\/span><\/h4>\n<p>&nbsp;<\/p>\n<p>Eine preiswerte Beschaltung des Peaks l\u00e4sst sich bereits mit einem zus\u00e4tzlichen und preiswerten Sperrkreis erzielen.<\/p>\n<p style=\"text-align: center;\"><img loading=\"lazy\" decoding=\"async\" class=\"aligncenter wp-image-7870\" src=\"https:\/\/www.donhighend.de\/wp-content\/uploads\/2021\/01\/Variante-Sperr.png\" alt=\"\" width=\"800\" height=\"422\" srcset=\"https:\/\/www.donhighend.de\/wp-content\/uploads\/2021\/01\/Variante-Sperr.png 594w, https:\/\/www.donhighend.de\/wp-content\/uploads\/2021\/01\/Variante-Sperr-300x158.png 300w\" sizes=\"auto, (max-width: 800px) 100vw, 800px\" \/>Variante mit zus\u00e4tzlichem Sperrkreis<\/p>\n<p>&nbsp;<\/p>\n<p style=\"text-align: center;\"><span style=\"color: #0000ff;\"><img loading=\"lazy\" decoding=\"async\" class=\"aligncenter size-full wp-image-7905\" src=\"https:\/\/www.donhighend.de\/wp-content\/uploads\/2021\/01\/Weiche-2.png\" alt=\"\" width=\"809\" height=\"231\" srcset=\"https:\/\/www.donhighend.de\/wp-content\/uploads\/2021\/01\/Weiche-2.png 809w, https:\/\/www.donhighend.de\/wp-content\/uploads\/2021\/01\/Weiche-2-300x86.png 300w, https:\/\/www.donhighend.de\/wp-content\/uploads\/2021\/01\/Weiche-2-768x219.png 768w, https:\/\/www.donhighend.de\/wp-content\/uploads\/2021\/01\/Weiche-2-750x214.png 750w\" sizes=\"auto, (max-width: 809px) 100vw, 809px\" \/>\u00a0<\/span>Beschaltung mit zus\u00e4tzlichem Sperrkreis<\/p>\n<h4 style=\"text-align: center;\"><a href=\"https:\/\/www.donhighend.de\/wp-content\/uploads\/2021\/01\/Warenkorb-Version-Sperr.pdf\" target=\"_blank\" rel=\"noopener\"><span style=\"color: #0000ff;\">Warenkorb f\u00fcr Weiche mit Sperrkreis im Quint-Store (Preisstand 28.12..2020)<\/span><\/a><\/h4>\n<p>&nbsp;<\/p>\n<p style=\"text-align: justify;\">Der zus\u00e4tzliche Sperrkreis bietet eine sehr preiswerte M\u00f6glichkeit, den Peak zu eliminieren. Er f\u00fchrt jedoch zu einer kleinen Senke im zu korrigierenden Bereich. Noch etwas exakter l\u00e4sst sich der Peak mit einem schmalen, aber auch etwas teureren Saugkreis bek\u00e4mpfen.<\/p>\n<p style=\"text-align: center;\"><img loading=\"lazy\" decoding=\"async\" class=\"aligncenter wp-image-7874\" src=\"https:\/\/www.donhighend.de\/wp-content\/uploads\/2021\/01\/Variante-Saug-e1611168680568.png\" alt=\"\" width=\"800\" height=\"422\" \/>Variante mit zus\u00e4tzlichem Saugkreis<\/p>\n<p>&nbsp;<\/p>\n<p><img loading=\"lazy\" decoding=\"async\" class=\"aligncenter size-full wp-image-7906\" src=\"https:\/\/www.donhighend.de\/wp-content\/uploads\/2021\/01\/Weiche-3.png\" alt=\"\" width=\"809\" height=\"386\" srcset=\"https:\/\/www.donhighend.de\/wp-content\/uploads\/2021\/01\/Weiche-3.png 809w, https:\/\/www.donhighend.de\/wp-content\/uploads\/2021\/01\/Weiche-3-300x143.png 300w, https:\/\/www.donhighend.de\/wp-content\/uploads\/2021\/01\/Weiche-3-768x366.png 768w, https:\/\/www.donhighend.de\/wp-content\/uploads\/2021\/01\/Weiche-3-750x358.png 750w\" sizes=\"auto, (max-width: 809px) 100vw, 809px\" \/><\/p>\n<p style=\"text-align: center;\">Beschaltung mit zus\u00e4tzlichem Saugkreis<\/p>\n<h4 style=\"text-align: center;\"><span style=\"color: #0000ff;\"><a style=\"color: #0000ff;\" href=\"https:\/\/www.donhighend.de\/wp-content\/uploads\/2021\/01\/Warenkorb-Version-Sauger.pdf\" target=\"_blank\" rel=\"noopener\">Warenkorb f\u00fcr Weiche mit Saugkreis im Quint-Store (Preisstand 28.12..2020)<\/a><\/span><\/h4>\n<p>&nbsp;<\/p>\n<p style=\"text-align: justify;\">Letztgenannte Variante f\u00fchrt zum besten Ergebnis, ist allerdings auch ein wenig teurer. Nat\u00fcrlich k\u00f6nnen bei einem solch preiswerten Projekt auch preiswerte Spulen eingesetzt werden, wie etwa die Jantzen I-Kern Spulen mit 0,7 mm Draht. Sehr g\u00fcnstig werden diese z. B.\u00a0 im <a href=\"https:\/\/quint-store.com\/weichenbauteile\/spulen\/jantzen-i-kern-spulen-o0-7mm\" target=\"_blank\" rel=\"noopener\"><span style=\"color: #0000ff;\">Quint-Store<\/span><\/a> angeboten.<\/p>\n<p style=\"text-align: justify;\">Die Variante mit dem Saugkreis war dann auch diejenige, deren Weiche gesteckt wurde, bevor die Messungen stattfinden konnten. Leider exportiert Vituixcad Screenshots der Simulationen im Widescreen Format, so dass, wegen der besseren Vergleichbarkeit, die Funktion bei ARTA ebenso gew\u00e4hlt wurde.<\/p>\n<p style=\"text-align: center;\"><img loading=\"lazy\" decoding=\"async\" class=\"aligncenter size-full wp-image-7879\" src=\"https:\/\/www.donhighend.de\/wp-content\/uploads\/2021\/01\/Messung-0\u00b0-incl-Nahfeld-Portanteil-Freifeld-e1611169137347.png\" alt=\"\" width=\"1000\" height=\"559\" \/>Messung 0\u00b0 aus Fern- und Nahfeld, sowie Portanteil (Freifeld)<\/p>\n<p>&nbsp;<\/p>\n<p style=\"text-align: center;\"><img loading=\"lazy\" decoding=\"async\" class=\"aligncenter size-full wp-image-7880\" src=\"https:\/\/www.donhighend.de\/wp-content\/uploads\/2021\/01\/Messung-0\u00b0-90\u00b0-e1611169349117.png\" alt=\"\" width=\"1000\" height=\"559\" \/>Messung 0\u00b0 (gef\u00fcgt) &#8211; 90\u00b0 (nur Fernfeld)<\/p>\n<p>&nbsp;<\/p>\n<p style=\"text-align: justify;\">Damit kann man wunderbar leben, wenngleich sich die Wirkfrequenz des Saugkreises unter Winkeln leicht verschiebt. Insgesamt ein ordentliches und mehr als brauchbares Ergebnis. Der W3-1053 hat ein sehr ordentliches Rundstrahlverhalten, auch unter gr\u00f6\u00dferen Winkeln.<\/p>\n<p style=\"text-align: center;\"><img loading=\"lazy\" decoding=\"async\" class=\"aligncenter size-full wp-image-7890\" src=\"https:\/\/www.donhighend.de\/wp-content\/uploads\/2021\/01\/Bauplan-Hotte-mit-WZ.jpg\" alt=\"\" width=\"1055\" height=\"612\" srcset=\"https:\/\/www.donhighend.de\/wp-content\/uploads\/2021\/01\/Bauplan-Hotte-mit-WZ.jpg 1055w, https:\/\/www.donhighend.de\/wp-content\/uploads\/2021\/01\/Bauplan-Hotte-mit-WZ-300x174.jpg 300w, https:\/\/www.donhighend.de\/wp-content\/uploads\/2021\/01\/Bauplan-Hotte-mit-WZ-1024x594.jpg 1024w, https:\/\/www.donhighend.de\/wp-content\/uploads\/2021\/01\/Bauplan-Hotte-mit-WZ-768x446.jpg 768w, https:\/\/www.donhighend.de\/wp-content\/uploads\/2021\/01\/Bauplan-Hotte-mit-WZ-750x435.jpg 750w\" sizes=\"auto, (max-width: 1055px) 100vw, 1055px\" \/>Bau- und Bed\u00e4mpfungsplan (vergr\u00f6\u00dfern -&gt; rechte Maustaste &#8211; Grafik anzeigen)<\/p>\n<p>&nbsp;<\/p>\n<p>Die Weichen- und Baupl\u00e4ne sind f\u00fcr private Nutzung freigegeben. Jegliche Form der gewerblichen Nutzung oder Verbreitung ohne vorherige Absprache ist untersagt und wird strafrechtlich verfolgt.<\/p>\n<p style=\"text-align: justify;\">Wie klingt&#8217;s denn so? Naja, es klingt dem linearen Frequenzgang entsprechend sehr ausgewogen. Der Bass ist nicht tief, aber volumin\u00f6s. Man vermisst nichts, vor allem, wenn Hotte wandnah oder auf einer Tischplatte o. \u00e4. aufgestellt wird. Breitb\u00e4nder Typisch baut sich eine sch\u00f6ne B\u00fchne auf. Das ist auch der Fall, wenn man den Lautsprecher im Nahfeld h\u00f6rt. Der Maximalpegel ist bei einem 3 Z\u00f6ller nat\u00fcrlich begrenzt. Dennoch bieten sich viele Einsatzzwecke und Aufstellungsm\u00f6glichkeiten an. Tolles kleines B\u00f6xlein. Der Hochtonanteil l\u00e4sst sich \u00fcbrigens wunderbar durch Variation des 10 Ohm Widerstands \u00fcber der ersten Spule dosieren. Wer es etwas frischer mag, oder den Lautsprecher nicht auf Ohrh\u00f6he positionieren, oder ausrichten kann, w\u00e4hlt einfach einen etwas kleineren Wert. Hier ist probieren nicht strafbar, sondern ggfs. zielf\u00fchrend und zwar in allen drei Beschaltungsvariationen.<\/p>\n","protected":false},"excerpt":{"rendered":"<p>Seit einigen Jahren stehe ich im Kontakt mit Horst. Horst ist ein Musikliebhaber, und er baut gerne Lautsprecher. Dabei ist er auf den Nachbau von Baus\u00e4tzen oder Bauvorschl\u00e4gen angewiesen, denn in der Entwicklung von Lautsprechern steht Horst noch ganz am Anfang seiner Karriere. So schreibt er mich immer wieder einmal an und fragt nach dem &hellip; <\/p>\n<p><a class=\"more-link btn\" href=\"https:\/\/www.donhighend.de\/?page_id=7846\">Weiterlesen<\/a><\/p>\n","protected":false},"author":1,"featured_media":7847,"parent":4401,"menu_order":953,"comment_status":"open","ping_status":"closed","template":"","meta":{"footnotes":""},"class_list":["post-7846","page","type-page","status-publish","has-post-thumbnail","hentry","nodate","item-wrap"],"_links":{"self":[{"href":"https:\/\/www.donhighend.de\/index.php?rest_route=\/wp\/v2\/pages\/7846","targetHints":{"allow":["GET"]}}],"collection":[{"href":"https:\/\/www.donhighend.de\/index.php?rest_route=\/wp\/v2\/pages"}],"about":[{"href":"https:\/\/www.donhighend.de\/index.php?rest_route=\/wp\/v2\/types\/page"}],"author":[{"embeddable":true,"href":"https:\/\/www.donhighend.de\/index.php?rest_route=\/wp\/v2\/users\/1"}],"replies":[{"embeddable":true,"href":"https:\/\/www.donhighend.de\/index.php?rest_route=%2Fwp%2Fv2%2Fcomments&post=7846"}],"version-history":[{"count":38,"href":"https:\/\/www.donhighend.de\/index.php?rest_route=\/wp\/v2\/pages\/7846\/revisions"}],"predecessor-version":[{"id":7907,"href":"https:\/\/www.donhighend.de\/index.php?rest_route=\/wp\/v2\/pages\/7846\/revisions\/7907"}],"up":[{"embeddable":true,"href":"https:\/\/www.donhighend.de\/index.php?rest_route=\/wp\/v2\/pages\/4401"}],"wp:featuredmedia":[{"embeddable":true,"href":"https:\/\/www.donhighend.de\/index.php?rest_route=\/wp\/v2\/media\/7847"}],"wp:attachment":[{"href":"https:\/\/www.donhighend.de\/index.php?rest_route=%2Fwp%2Fv2%2Fmedia&parent=7846"}],"curies":[{"name":"wp","href":"https:\/\/api.w.org\/{rel}","templated":true}]}}