{"id":7671,"date":"2020-12-07T20:36:40","date_gmt":"2020-12-07T19:36:40","guid":{"rendered":"http:\/\/www.donhighend.de\/?page_id=7671"},"modified":"2025-09-07T12:54:44","modified_gmt":"2025-09-07T11:54:44","slug":"bargain","status":"publish","type":"page","link":"https:\/\/www.donhighend.de\/?page_id=7671","title":{"rendered":"Bargain"},"content":{"rendered":"<p><img loading=\"lazy\" decoding=\"async\" class=\"aligncenter size-full wp-image-11468\" src=\"https:\/\/www.donhighend.de\/wp-content\/uploads\/2025\/09\/Titelbild-tuerkis-klein.jpg\" alt=\"\" width=\"181\" height=\"640\" srcset=\"https:\/\/www.donhighend.de\/wp-content\/uploads\/2025\/09\/Titelbild-tuerkis-klein.jpg 181w, https:\/\/www.donhighend.de\/wp-content\/uploads\/2025\/09\/Titelbild-tuerkis-klein-85x300.jpg 85w\" sizes=\"auto, (max-width: 181px) 100vw, 181px\" \/><\/p>\n<p style=\"text-align: justify;\">Es wurde mal wieder Zeit! Zeit f\u00fcr ein Schn\u00e4ppchen, das trotz seiner Preisw\u00fcrdigkeit vollends zu \u00fcberzeugen wei\u00df. Diesmal soll es aber eins sein, das abseits der ultrag\u00fcnstigen Abverk\u00e4ufe von der Chassis-Resterampe entsteht. Da in der aktuellen Zeit der Pandemie Kontakte zur Au\u00dfenwelt nicht zu meinen bevorzugten Aktivit\u00e4ten z\u00e4hlen, richtete sich mein Blick in Richtung der vorhandenen Chassis und Geh\u00e4use in meiner Entwicklungsabteilung. Erst k\u00fcrzlich fand bei einer \u00e4hnlichen Aktion der <a href=\"https:\/\/www.monacor.de\/produkte\/components\/lautsprechertechnik\/hi-fi-mitteltoener-\/spm-116-8\/\" target=\"_blank\" rel=\"noopener noreferrer\"><span style=\"color: #0000ff;\">Monacor SPM-116\/8<\/span><\/a> aus Gazzas <span style=\"color: #0000ff;\"><a style=\"color: #0000ff;\" href=\"https:\/\/www.gazza-diy-audio.de\/speakers\/icebox\/\" target=\"_blank\" rel=\"noopener noreferrer\">Icebox<\/a><\/span> den Weg in meine kleine <span style=\"color: #0000ff;\"><a style=\"color: #0000ff;\" href=\"https:\/\/www.donhighend.de\/?page_id=6894\" target=\"_blank\" rel=\"noopener noreferrer\">Yps<\/a><\/span>. Darin spielt das Chassis in 9 Litern umbauter Luft ganz hervorragend und mit veritabler Basswiedergabe. Zwei davon m\u00fcssten doch eine gute Figur in dem schmalen, rund 18 Liter gro\u00dfen Standgeh\u00e4use aus einem nicht vollendeten Visaton Projekt machen. F\u00fcr ein paar Euro hatte ich irgendwann mal ein Paar <span style=\"color: #0000ff;\"><a style=\"color: #0000ff;\" href=\"https:\/\/www.monacor.de\/produkte\/components\/lautsprechertechnik\/hi-fi-hochtoener-\/ht-22-8\/\" target=\"_blank\" rel=\"noopener noreferrer\">HT-22\/8<\/a><\/span> Konushocht\u00f6ner mitbestellt, die in einer Messung eines Lautsprechermagazins recht ordentliches Verhalten zeigten. Summa Summarum liegen die drei T\u00f6ner pro Seite bei unter 40,- Euro incl. Porto. Da kann wahrlich man nicht meckern.<\/p>\n<p style=\"text-align: justify;\">Auf meiner Kreiss\u00e4ge wurden noch am selben Tag\u00a0 die Geh\u00e4use ihrer Schallw\u00e4nde f\u00fcr die ursp\u00fcngliche Visaton-Best\u00fcckung entledigt. Wegen der zu erwartenden stehenden Welle in dem l\u00e4nglichen Geh\u00e4use wurde gleich ein weiteres Brettchen mit einer 45 mm durchmessenden Bohrung eingeleimt, welches mit dem eigentlichen Geh\u00e4useboden einen IHA bildet. Nun musste nur noch die Schallwand mit den Fr\u00e4sungen f\u00fcr die neuen Chassis aufgeleimt werden, und fertig waren die neuen Behausungen.<\/p>\n<p style=\"text-align: center;\"><img loading=\"lazy\" decoding=\"async\" class=\"aligncenter size-full wp-image-6909\" src=\"https:\/\/www.donhighend.de\/wp-content\/uploads\/2020\/06\/SPM-116_8-geschraubt.jpg\" alt=\"\" width=\"500\" height=\"500\" srcset=\"https:\/\/www.donhighend.de\/wp-content\/uploads\/2020\/06\/SPM-116_8-geschraubt.jpg 500w, https:\/\/www.donhighend.de\/wp-content\/uploads\/2020\/06\/SPM-116_8-geschraubt-300x300.jpg 300w, https:\/\/www.donhighend.de\/wp-content\/uploads\/2020\/06\/SPM-116_8-geschraubt-150x150.jpg 150w\" sizes=\"auto, (max-width: 500px) 100vw, 500px\" \/>Monacor SPM-116\/8<\/p>\n<p>&nbsp;<\/p>\n<h4>TSP<\/h4>\n<ul>\n<li>FS: 83,12 Hz<\/li>\n<li>Mms: 3,91 Gr<\/li>\n<li>Cms: 0,94 mm\/N<\/li>\n<li>Sd: 54,9 cm\u00b2<\/li>\n<li>Vas: 3,87 Liter<\/li>\n<li>Re: 7,39 Ohm<\/li>\n<li>BL: 4,39 N\/A<\/li>\n<li>Qms: 2,54<\/li>\n<li>Qes: 0,78<\/li>\n<li>Qts: 0,59<\/li>\n<li>Rms: 0,8 kg\/s<\/li>\n<li>Spl: 86,46 dB<\/li>\n<\/ul>\n<p>&nbsp;<\/p>\n<p style=\"text-align: justify;\">Dieser TSP Satz qualifiziert den SPM-116\/8 ganz klar f\u00fcr den Einsatz in einer TQWT. Aus einer solchen habe ich das Chassis leihweise heraus operiert. Es steckte n\u00e4mlich in Gazzas <a href=\"https:\/\/www.gazza-diy-audio.de\/speakers\/icebox-advanced-style\/\" target=\"_blank\" rel=\"noopener noreferrer\"><span style=\"color: #0000ff;\">Icebox<\/span><\/a>, und die funktioniert als TQWT wunderbar. Nat\u00fcrlich wollte ich diese nicht kopieren, sondern dem Chassis ein m\u00f6glichst kleines Volumen schenken, in dem es fullrange l\u00e4uft. Eine Simulation mit AJHorn wies ein 18 Liter gro\u00dfes BR Volumen f\u00fcr eine Best\u00fcckung mit zwei SPM-116\/8 als ideal aus, soweit man das f\u00fcr ein Chassis mit einem Qts von 0,59 \u00fcberhaupt behauten kann.<\/p>\n<p style=\"text-align: center;\"><img loading=\"lazy\" decoding=\"async\" class=\"aligncenter size-full wp-image-7688\" src=\"https:\/\/www.donhighend.de\/wp-content\/uploads\/2020\/12\/2-x-SPM-116_8-in-18-Litern-BR.jpg\" alt=\"\" width=\"556\" height=\"418\" srcset=\"https:\/\/www.donhighend.de\/wp-content\/uploads\/2020\/12\/2-x-SPM-116_8-in-18-Litern-BR.jpg 556w, https:\/\/www.donhighend.de\/wp-content\/uploads\/2020\/12\/2-x-SPM-116_8-in-18-Litern-BR-300x226.jpg 300w\" sizes=\"auto, (max-width: 556px) 100vw, 556px\" \/>2 x Monacor SPM-116\/8 in 18 Litern BR<\/p>\n<p>&nbsp;<\/p>\n<p style=\"text-align: justify;\">Der preiswerte Konushocht\u00f6ner HT-22\/8 sieht mit seiner Dustcap in hochgl\u00e4nzender Chrom-Optik deutlich billiger aus, als das was er akustisch zu leisten imstande ist.<\/p>\n<p style=\"text-align: center;\"><img loading=\"lazy\" decoding=\"async\" class=\"aligncenter size-full wp-image-7685\" src=\"https:\/\/www.donhighend.de\/wp-content\/uploads\/2020\/12\/HT-22-mit-Schrauben.jpg\" alt=\"\" width=\"450\" height=\"450\" srcset=\"https:\/\/www.donhighend.de\/wp-content\/uploads\/2020\/12\/HT-22-mit-Schrauben.jpg 450w, https:\/\/www.donhighend.de\/wp-content\/uploads\/2020\/12\/HT-22-mit-Schrauben-300x300.jpg 300w, https:\/\/www.donhighend.de\/wp-content\/uploads\/2020\/12\/HT-22-mit-Schrauben-150x150.jpg 150w\" sizes=\"auto, (max-width: 450px) 100vw, 450px\" \/>Monacor HT-22\/8<\/p>\n<p>&nbsp;<\/p>\n<p style=\"text-align: justify;\">Sollte die Dustcap in den Augen des Betrachters einen Makel darstellen, tauchen ein Pinsel und ein paar Tropfen Nachf\u00fclltusche aus dem Hause Edding das spiegelnde Zentrum in\u00a0 seidiges Schwarz.<\/p>\n<p style=\"text-align: justify;\">Aus der Icebox und der Yps war das Verhalten der SPM-116\/8 bereits als recht gutm\u00fctig bekannt. Entspricht aber auch das Verhalten des HT-22\/8 dem, welches ein Magazin ihm vor einigen Jahren attestierte? Nun, in der schmalen Schallwand, die einem einfachen Aufbau zuliebe bewusst ohne Fasen ausgef\u00fchrt wurde, weist der Frequenzgang einige Welligkeiten auf Achse und unter 15\u00b0 auf. Bereits unter 30\u00b0 verh\u00e4lt er sich jedoch musterg\u00fcltig und strahlt f\u00fcr einen Konus wunderbar ab.<\/p>\n<p style=\"text-align: center;\"><img loading=\"lazy\" decoding=\"async\" class=\"aligncenter size-full wp-image-7696\" src=\"https:\/\/www.donhighend.de\/wp-content\/uploads\/2020\/12\/HT-unbeschaltet-1dB-Offset.jpg\" alt=\"\" width=\"784\" height=\"513\" srcset=\"https:\/\/www.donhighend.de\/wp-content\/uploads\/2020\/12\/HT-unbeschaltet-1dB-Offset.jpg 784w, https:\/\/www.donhighend.de\/wp-content\/uploads\/2020\/12\/HT-unbeschaltet-1dB-Offset-300x196.jpg 300w, https:\/\/www.donhighend.de\/wp-content\/uploads\/2020\/12\/HT-unbeschaltet-1dB-Offset-768x503.jpg 768w, https:\/\/www.donhighend.de\/wp-content\/uploads\/2020\/12\/HT-unbeschaltet-1dB-Offset-750x491.jpg 750w\" sizes=\"auto, (max-width: 784px) 100vw, 784px\" \/>HT-22\/8 unbeschaltet in Bargain Geh\u00e4use (Darstellung 1 dB Offset)<\/p>\n<p>&nbsp;<\/p>\n<p style=\"text-align: justify;\">Das kann sich durchaus sehen lassen. Einzig der Peak knapp unterhalb von 6 kHz sollte bei der sp\u00e4teren Beschaltung mittels eines kleinen Saugkreises ein wenig einged\u00e4mmt werden.<\/p>\n<p style=\"text-align: justify;\">Nachdem alle Winkelmessungen der beteiligten Chassis in XOver importiert wurden, konnte die Simulation einer geeigneten Frequenzweiche beginnen. Nat\u00fcrlich sollte diese m\u00f6glichst einfach und preiswert ausfallen und zu den g\u00fcnstigen Bremer T\u00f6nern passen.<\/p>\n<p><img loading=\"lazy\" decoding=\"async\" class=\"aligncenter size-full wp-image-7709\" src=\"https:\/\/www.donhighend.de\/wp-content\/uploads\/2020\/12\/Simu-v2.jpg\" alt=\"\" width=\"784\" height=\"513\" srcset=\"https:\/\/www.donhighend.de\/wp-content\/uploads\/2020\/12\/Simu-v2.jpg 784w, https:\/\/www.donhighend.de\/wp-content\/uploads\/2020\/12\/Simu-v2-300x196.jpg 300w, https:\/\/www.donhighend.de\/wp-content\/uploads\/2020\/12\/Simu-v2-768x503.jpg 768w, https:\/\/www.donhighend.de\/wp-content\/uploads\/2020\/12\/Simu-v2-750x491.jpg 750w\" sizes=\"auto, (max-width: 784px) 100vw, 784px\" \/><\/p>\n<p style=\"text-align: center;\">Bargain Simulation 0\u00b0 &#8211; 60\u00b0<\/p>\n<p>&nbsp;<\/p>\n<p style=\"text-align: justify;\">Im Messraum folgte als n\u00e4chster Schritt der fliegende Aufbau der Frequenzweichenschaltung auf dem bew\u00e4hrten Steckbrett. In einer darauffolgenden Messung wurde \u00fcberpr\u00fcft, ob die Ergebnisse der Simulation mit der Realit\u00e4t \u00fcbereinstimmen.<\/p>\n<p style=\"text-align: center;\"><img loading=\"lazy\" decoding=\"async\" class=\"aligncenter size-full wp-image-7711\" src=\"https:\/\/www.donhighend.de\/wp-content\/uploads\/2020\/12\/Bargain-0\u00b0-90\u00b0-gefensterte-Messung.png\" alt=\"\" width=\"1000\" height=\"766\" srcset=\"https:\/\/www.donhighend.de\/wp-content\/uploads\/2020\/12\/Bargain-0\u00b0-90\u00b0-gefensterte-Messung.png 1000w, https:\/\/www.donhighend.de\/wp-content\/uploads\/2020\/12\/Bargain-0\u00b0-90\u00b0-gefensterte-Messung-300x230.png 300w, https:\/\/www.donhighend.de\/wp-content\/uploads\/2020\/12\/Bargain-0\u00b0-90\u00b0-gefensterte-Messung-768x588.png 768w, https:\/\/www.donhighend.de\/wp-content\/uploads\/2020\/12\/Bargain-0\u00b0-90\u00b0-gefensterte-Messung-750x575.png 750w\" sizes=\"auto, (max-width: 1000px) 100vw, 1000px\" \/>Bargain gefensterte Messung 0\u00b0 &#8211; 90\u00b0<\/p>\n<p style=\"text-align: justify;\">F\u00fcr die obige Messung wurde lediglich eine minimal hochohmigere Spule im Korrekturglied des Tiefmittelt\u00f6ners verwendet. Die Senke im Bereich um 1,5 kHz konnte somit vollkommen vermieden werden.\u00a0 Das Abstrahlverhalten ist f\u00fcr eine solch preiswerte Kombination hervorragend, besonders, wenn man sich vor Augen f\u00fchrt, dass der Lautsprecher keinerlei Fasen aufweist.<\/p>\n<p style=\"text-align: center;\"><img loading=\"lazy\" decoding=\"async\" class=\"aligncenter size-full wp-image-7713\" src=\"https:\/\/www.donhighend.de\/wp-content\/uploads\/2020\/12\/Bargain-0\u00b0-gefensterte-Messung-Zweige.png\" alt=\"\" width=\"1000\" height=\"742\" srcset=\"https:\/\/www.donhighend.de\/wp-content\/uploads\/2020\/12\/Bargain-0\u00b0-gefensterte-Messung-Zweige.png 1000w, https:\/\/www.donhighend.de\/wp-content\/uploads\/2020\/12\/Bargain-0\u00b0-gefensterte-Messung-Zweige-300x223.png 300w, https:\/\/www.donhighend.de\/wp-content\/uploads\/2020\/12\/Bargain-0\u00b0-gefensterte-Messung-Zweige-768x570.png 768w, https:\/\/www.donhighend.de\/wp-content\/uploads\/2020\/12\/Bargain-0\u00b0-gefensterte-Messung-Zweige-750x557.png 750w\" sizes=\"auto, (max-width: 1000px) 100vw, 1000px\" \/>Bargain gefensterte Messung 0\u00b0 + Zweige<\/p>\n<p>&nbsp;<\/p>\n<p style=\"text-align: justify;\">Die Charakteristik der Einzelzweige zeigt keinerlei Auff\u00e4lligkeiten. Der Schnittpunkt der Summenkurve von Tiefmittelt\u00f6ner und Hocht\u00f6ner befindet sich exakt 6 dB unterhalb der Summenkurve, was eine einwandfreie Phasenlage im \u00dcbernahmebereich attestiert.<\/p>\n<p><img loading=\"lazy\" decoding=\"async\" class=\"aligncenter size-full wp-image-7743\" src=\"https:\/\/www.donhighend.de\/wp-content\/uploads\/2020\/12\/Bargain-0\u00b0-incl.-Nahfeld-Port-Freifeldbedingung-1.png\" alt=\"\" width=\"1000\" height=\"742\" srcset=\"https:\/\/www.donhighend.de\/wp-content\/uploads\/2020\/12\/Bargain-0\u00b0-incl.-Nahfeld-Port-Freifeldbedingung-1.png 1000w, https:\/\/www.donhighend.de\/wp-content\/uploads\/2020\/12\/Bargain-0\u00b0-incl.-Nahfeld-Port-Freifeldbedingung-1-300x223.png 300w, https:\/\/www.donhighend.de\/wp-content\/uploads\/2020\/12\/Bargain-0\u00b0-incl.-Nahfeld-Port-Freifeldbedingung-1-768x570.png 768w, https:\/\/www.donhighend.de\/wp-content\/uploads\/2020\/12\/Bargain-0\u00b0-incl.-Nahfeld-Port-Freifeldbedingung-1-750x557.png 750w\" sizes=\"auto, (max-width: 1000px) 100vw, 1000px\" \/><\/p>\n<p style=\"text-align: center;\">Bargain Messung 0\u00b0 incl. Nahfeld + Port (Freifeldbedingung) sowie Impedanzverlauf<\/p>\n<p>&nbsp;<\/p>\n<p style=\"text-align: justify;\">Die Weichenschaltung konnte sehr einfach ausfallen. So wird der Tieft\u00f6ner legidlich mit einem 6 dB Filter langsam nach oben ausgekoppelt. Den Tiefmittelt\u00f6ner filtert ein 12 dB Tiefpass bei der Trennfrequenz aus. Dabei wird er von einem kleinen Korrekturglied unterst\u00fctzt, welches eine kleine \u00dcberh\u00f6hung im Mitteltonbereich egalisiert. Zur korrekten Funktion des Zweiges ist die Impedanz des Chassis linearisiert. Der Hocht\u00f6ner wird ebenfalls mit einem 12 dB Filter eingeschleift. Ein preiswerter Saugkreis d\u00e4mpft eine Resonanz um 6 kHz ein. Der Spannungsteiler sorgt f\u00fcr korrekten Pegel.<\/p>\n<p><img loading=\"lazy\" decoding=\"async\" class=\"aligncenter size-full wp-image-7724\" src=\"https:\/\/www.donhighend.de\/wp-content\/uploads\/2020\/12\/Weiche-Simu-v2-WZ.jpg\" alt=\"\" width=\"579\" height=\"715\" srcset=\"https:\/\/www.donhighend.de\/wp-content\/uploads\/2020\/12\/Weiche-Simu-v2-WZ.jpg 579w, https:\/\/www.donhighend.de\/wp-content\/uploads\/2020\/12\/Weiche-Simu-v2-WZ-243x300.jpg 243w\" sizes=\"auto, (max-width: 579px) 100vw, 579px\" \/><\/p>\n<p style=\"text-align: center;\">Bargain Weichenschaltplan<\/p>\n<p>&nbsp;<\/p>\n<h4 style=\"text-align: center;\"><a href=\"https:\/\/www.donhighend.de\/wp-content\/uploads\/2020\/12\/Warenkorb.pdf\" target=\"_blank\" rel=\"noopener\"><span style=\"color: #0000ff;\">Warenkorb f\u00fcr die Weichenteile der Bargain im Quint-Store (Preisstand 14.12..2020)<\/span><\/a><\/h4>\n<p>&nbsp;<\/p>\n<p style=\"text-align: justify;\">Der Aufbau des Geh\u00e4uses bereitet keine Schwierigkeiten. es handelt sich um eine Box aus 6 rechtwinkligen Brettern und einem zus\u00e4tzlichen Teiler, der zusammen mit dem einspringenden Boden einen IHA bildet, der die stehende Welle, die durch die Geh\u00e4useh\u00f6he verursacht wird, wirksam unterdr\u00fcckt.\u00a0 Die beiden Tief- und Tiefmittelt\u00f6ner werden versenkt in die Schallwand eingelassen. Die Frontplatte des Hocht\u00f6ners ist mit 0,6 mm Materialst\u00e4rke so flach, dass sich eine Einfr\u00e4sung er\u00fcbrigt. Es reicht deswegen ein einfacher kreisrunder Ausschnitt.<\/p>\n<p style=\"text-align: center;\"><img loading=\"lazy\" decoding=\"async\" class=\"aligncenter size-full wp-image-7729\" src=\"https:\/\/www.donhighend.de\/wp-content\/uploads\/2020\/12\/Schallwand-1.jpg\" alt=\"\" width=\"1024\" height=\"768\" srcset=\"https:\/\/www.donhighend.de\/wp-content\/uploads\/2020\/12\/Schallwand-1.jpg 1024w, https:\/\/www.donhighend.de\/wp-content\/uploads\/2020\/12\/Schallwand-1-300x225.jpg 300w, https:\/\/www.donhighend.de\/wp-content\/uploads\/2020\/12\/Schallwand-1-768x576.jpg 768w, https:\/\/www.donhighend.de\/wp-content\/uploads\/2020\/12\/Schallwand-1-750x563.jpg 750w\" sizes=\"auto, (max-width: 1024px) 100vw, 1024px\" \/>Schallwand mit Ausfr\u00e4sungen f\u00fcr die Tief- und Tiefmittelt\u00f6nern sowie HT \u00d6ffnung<\/p>\n<p>&nbsp;<\/p>\n<p style=\"text-align: justify;\">Damit die Korbfenster der Tief- und Tiefmittelt\u00f6ner nicht durch den Einbau verdeckt werden, empfiehlt es sich, die Fr\u00e4sungen f\u00fcr diese Chassis r\u00fcckseitig anzufasen. Dies verhindert Kompressionseffekte durch teilweise verdeckte Korbfenster. Es kommt bei dieser Ma\u00dfnahme nicht auf den Millimeter an. Wer keinen Fasefr\u00e4se sein eigen nennt, darf auch beherzt zur Raspel greifen.<\/p>\n<p><img loading=\"lazy\" decoding=\"async\" class=\"aligncenter size-full wp-image-7730\" src=\"https:\/\/www.donhighend.de\/wp-content\/uploads\/2020\/12\/Ausschnitt-angefast.jpg\" alt=\"\" width=\"1024\" height=\"768\" srcset=\"https:\/\/www.donhighend.de\/wp-content\/uploads\/2020\/12\/Ausschnitt-angefast.jpg 1024w, https:\/\/www.donhighend.de\/wp-content\/uploads\/2020\/12\/Ausschnitt-angefast-300x225.jpg 300w, https:\/\/www.donhighend.de\/wp-content\/uploads\/2020\/12\/Ausschnitt-angefast-768x576.jpg 768w, https:\/\/www.donhighend.de\/wp-content\/uploads\/2020\/12\/Ausschnitt-angefast-750x563.jpg 750w\" sizes=\"auto, (max-width: 1024px) 100vw, 1024px\" \/><\/p>\n<p style=\"text-align: center;\">Angefaste Fr\u00e4sung f\u00fcr Tief- und Tiefmittelt\u00f6ner<\/p>\n<p>&nbsp;<\/p>\n<p style=\"text-align: center;\"><img loading=\"lazy\" decoding=\"async\" class=\"aligncenter size-full wp-image-7737\" src=\"https:\/\/www.donhighend.de\/wp-content\/uploads\/2020\/12\/Bauplan-WZ.jpg\" alt=\"\" width=\"1415\" height=\"1061\" srcset=\"https:\/\/www.donhighend.de\/wp-content\/uploads\/2020\/12\/Bauplan-WZ.jpg 1415w, https:\/\/www.donhighend.de\/wp-content\/uploads\/2020\/12\/Bauplan-WZ-300x225.jpg 300w, https:\/\/www.donhighend.de\/wp-content\/uploads\/2020\/12\/Bauplan-WZ-1024x768.jpg 1024w, https:\/\/www.donhighend.de\/wp-content\/uploads\/2020\/12\/Bauplan-WZ-768x576.jpg 768w, https:\/\/www.donhighend.de\/wp-content\/uploads\/2020\/12\/Bauplan-WZ-750x562.jpg 750w\" sizes=\"auto, (max-width: 1415px) 100vw, 1415px\" \/>Bau- und Bed\u00e4mpfungsplan (vergr\u00f6\u00dfern &#8211;&gt; rechte Maustaste &#8211;&gt; Grafik anzeigen)<\/p>\n<p>&nbsp;<\/p>\n<p style=\"text-align: justify;\">Die Weichen- und Baupl\u00e4ne sind f\u00fcr private Nutzung freigegeben. Jegliche Form der gewerblichen Nutzung oder Verbreitung ohne vorherige Absprache ist untersagt und wird strafrechtlich verfolgt.<\/p>\n<p style=\"text-align: justify;\">Und wie klingt es? Ziemlich ausgewachsen klingt es. Die beiden Vierz\u00f6ller liefern ein sehr sch\u00f6nes, konturiertes und volumin\u00f6ses Bassfundament ab. Es geht zwar nicht ultratief in den Keller, aber die Wiedergabe l\u00e4sst nichts vermissen. Nur bei Musikst\u00fccken mit sehr tiefem Bassanteil merkt man, dass untenrum irgendwo Schluss ist. Der Lautsprecher strahlt hervorragend ab, was ihm eine gewisse Stimmigkeit verleiht und im positiven Sinn Ruhe ins Klangbild bringt. Stimmen klingen sehr gut. Nichts zischelt, die Aufl\u00f6sung gelingt den preiswerten HT-22\/8 wirklich sehr gut. Die B\u00fchnendarstellung und die Ortbarkeit einzelner Instrumente und Stimmen funktionieren wunderbar. Ich bin sehr positiv \u00fcberrascht. All das hatte ich bei den ersten Gedankenspielen zur Konstruktion dieses Lautsprechers nicht erwartet. It&#8217;s a Bargain&#8230;<\/p>\n","protected":false},"excerpt":{"rendered":"<p>Es wurde mal wieder Zeit! Zeit f\u00fcr ein Schn\u00e4ppchen, das trotz seiner Preisw\u00fcrdigkeit vollends zu \u00fcberzeugen wei\u00df. Diesmal soll es aber eins sein, das abseits der ultrag\u00fcnstigen Abverk\u00e4ufe von der Chassis-Resterampe entsteht. Da in der aktuellen Zeit der Pandemie Kontakte zur Au\u00dfenwelt nicht zu meinen bevorzugten Aktivit\u00e4ten z\u00e4hlen, richtete sich mein Blick in Richtung der &hellip; <\/p>\n<p><a class=\"more-link btn\" href=\"https:\/\/www.donhighend.de\/?page_id=7671\">Weiterlesen<\/a><\/p>\n","protected":false},"author":1,"featured_media":11468,"parent":4401,"menu_order":955,"comment_status":"open","ping_status":"closed","template":"","meta":{"footnotes":""},"class_list":["post-7671","page","type-page","status-publish","has-post-thumbnail","hentry","nodate","item-wrap"],"_links":{"self":[{"href":"https:\/\/www.donhighend.de\/index.php?rest_route=\/wp\/v2\/pages\/7671","targetHints":{"allow":["GET"]}}],"collection":[{"href":"https:\/\/www.donhighend.de\/index.php?rest_route=\/wp\/v2\/pages"}],"about":[{"href":"https:\/\/www.donhighend.de\/index.php?rest_route=\/wp\/v2\/types\/page"}],"author":[{"embeddable":true,"href":"https:\/\/www.donhighend.de\/index.php?rest_route=\/wp\/v2\/users\/1"}],"replies":[{"embeddable":true,"href":"https:\/\/www.donhighend.de\/index.php?rest_route=%2Fwp%2Fv2%2Fcomments&post=7671"}],"version-history":[{"count":58,"href":"https:\/\/www.donhighend.de\/index.php?rest_route=\/wp\/v2\/pages\/7671\/revisions"}],"predecessor-version":[{"id":11469,"href":"https:\/\/www.donhighend.de\/index.php?rest_route=\/wp\/v2\/pages\/7671\/revisions\/11469"}],"up":[{"embeddable":true,"href":"https:\/\/www.donhighend.de\/index.php?rest_route=\/wp\/v2\/pages\/4401"}],"wp:featuredmedia":[{"embeddable":true,"href":"https:\/\/www.donhighend.de\/index.php?rest_route=\/wp\/v2\/media\/11468"}],"wp:attachment":[{"href":"https:\/\/www.donhighend.de\/index.php?rest_route=%2Fwp%2Fv2%2Fmedia&parent=7671"}],"curies":[{"name":"wp","href":"https:\/\/api.w.org\/{rel}","templated":true}]}}