{"id":7575,"date":"2020-10-12T11:16:25","date_gmt":"2020-10-12T10:16:25","guid":{"rendered":"http:\/\/www.donhighend.de\/?page_id=7575"},"modified":"2025-09-07T13:19:45","modified_gmt":"2025-09-07T12:19:45","slug":"speedy","status":"publish","type":"page","link":"https:\/\/www.donhighend.de\/?page_id=7575","title":{"rendered":"Spee-dy"},"content":{"rendered":"<p><img loading=\"lazy\" decoding=\"async\" class=\"aligncenter size-full wp-image-11474\" src=\"https:\/\/www.donhighend.de\/wp-content\/uploads\/2025\/09\/Titelbild-grau.jpg\" alt=\"\" width=\"480\" height=\"640\" srcset=\"https:\/\/www.donhighend.de\/wp-content\/uploads\/2025\/09\/Titelbild-grau.jpg 480w, https:\/\/www.donhighend.de\/wp-content\/uploads\/2025\/09\/Titelbild-grau-225x300.jpg 225w\" sizes=\"auto, (max-width: 480px) 100vw, 480px\" \/><\/p>\n<p style=\"text-align: justify;\">In unserer <a href=\"https:\/\/www.facebook.com\/groups\/304972859996029\/\" target=\"_blank\" rel=\"noopener noreferrer\"><span style=\"color: #0000ff;\">FB Gruppe<\/span><\/a> pr\u00e4sentierte k\u00fcrzlich ein Mitglied sein flammneues Paar <a href=\"https:\/\/sbacoustics.com\/product\/2%c2%bdin-sb65wbac25-4\/\" target=\"_blank\" rel=\"noopener noreferrer\"><span style=\"color: #0000ff;\">SB65WBAC25-4<\/span><\/a> und stellte gleichzeitig die Frage, ob jemand einen Bausatz auf Basis dieses zierlichen Breitb\u00e4nders kennen w\u00fcrde. Nur z\u00f6gerlich wurde die Hoffnung laut, ein Gruppenmitglied zu finden, welches eine Entwicklung mit diesem Chassis unterst\u00fctzen k\u00f6nnte. Ein F.A.S.T. sollte es werden, mit einem 5-7 Zoll Tieft\u00f6ner, der den kleinen Indonesier im Bassbereich flankiert. Einige \u00dcberlegungen und Vorschl\u00e4ge weiter hatten wir uns darauf geeinigt, dass ich die Entwicklung des Lautsprechers \u00fcbernehme. Ein <span style=\"color: #0000ff;\"><a style=\"color: #0000ff;\" href=\"https:\/\/www.monacor.de\/produkte\/components\/lautsprechertechnik\/hi-fi-mitteltoener-\/sph-145hq\/\" target=\"_blank\" rel=\"noopener noreferrer\">Paar Monacor SPH-145HQ<\/a><\/span>\u00a0 hatte ich noch in den Regalen. Sie sollten die zuk\u00fcnftigen Spielpartner f\u00fcr den kleinen SB Breitb\u00e4nder sein.<\/p>\n<p style=\"text-align: center;\"><img loading=\"lazy\" decoding=\"async\" class=\"aligncenter wp-image-7581 size-full\" src=\"https:\/\/www.donhighend.de\/wp-content\/uploads\/2020\/10\/SB65-mit-Schrauben-e1602501349549.jpg\" alt=\"\" width=\"450\" height=\"450\" \/>SB Acoustics SB65WBAC25-4<\/p>\n<p>&nbsp;<\/p>\n<p style=\"text-align: justify;\">Der kleine Breitb\u00e4nder kommt mit einer optisch sehr attraktiven Alumembran daher. Haptisch gibt es an diesem Chassis nicht das geringste auszusetzen. Membran, Sicke, Korb und Magnet &#8211; alles wirkt perfekt miteinander verbunden, und die Verarbeitung ist top.<\/p>\n<p style=\"text-align: center;\"><img loading=\"lazy\" decoding=\"async\" class=\"aligncenter wp-image-7583 size-full\" src=\"https:\/\/www.donhighend.de\/wp-content\/uploads\/2020\/10\/SPH-145HQ-e1602501401718.jpg\" alt=\"\" width=\"550\" height=\"550\" \/>Monacor SPH-145HQ<\/p>\n<p>&nbsp;<\/p>\n<p style=\"text-align: justify;\">Gleiches kann man vom SPH-145HQ ebenfalls berichten. Das im Hause LPG gefertigte Chassis macht einen einwandfreien Eindruck, der keinen Grund zur Kritik erlaubt. Mit seinem TSP Satz ist das Chassis f\u00fcr BR-Volumina zwischen etwa 10 und 15 Litern hervorragend geeignet.<\/p>\n<p>TSP<\/p>\n<ul>\n<li>Fs: 60 Hz<\/li>\n<li>Mms: 7,5 g<\/li>\n<li>Cms: 0,94<\/li>\n<li>Sd: 80 cm\u00b2<\/li>\n<li>Re: 5,69 Ohm<\/li>\n<li>Qms: 2,65<\/li>\n<li>Qes: 0,51<\/li>\n<li>Qts: 0,43<\/li>\n<li>B\/L: 5,62 Tm<\/li>\n<li>Le: 0,57 mH<\/li>\n<li>Rms: 1,1 kg\/s<\/li>\n<li>SPL: 87,5 dB<\/li>\n<\/ul>\n<p>&nbsp;<\/p>\n<p><img loading=\"lazy\" decoding=\"async\" class=\"aligncenter size-full wp-image-7588\" src=\"https:\/\/www.donhighend.de\/wp-content\/uploads\/2020\/10\/SPH-145HQ-in-11-Litern-BR.jpg\" alt=\"\" width=\"518\" height=\"371\" srcset=\"https:\/\/www.donhighend.de\/wp-content\/uploads\/2020\/10\/SPH-145HQ-in-11-Litern-BR.jpg 518w, https:\/\/www.donhighend.de\/wp-content\/uploads\/2020\/10\/SPH-145HQ-in-11-Litern-BR-300x215.jpg 300w\" sizes=\"auto, (max-width: 518px) 100vw, 518px\" \/><\/p>\n<p style=\"text-align: center;\">Monacor SPH-145HQ in 11 Litern BR<\/p>\n<p>&nbsp;<\/p>\n<p style=\"text-align: justify;\">Mit der kommenden Beschaltung wird das Chassis hervorragend mit dem Bezugspegel des SB65WBAC25-4 passen, so dass dieser ohne weitere Pegelkorrektur auskommen wird.<\/p>\n<p style=\"text-align: justify;\">Im ersten Schritt wurden die unbeschalteten Chassis im Geh\u00e4use gemessen und die Dateien in das Programm XOver importiert.<\/p>\n<p style=\"text-align: center;\"><img loading=\"lazy\" decoding=\"async\" class=\"aligncenter size-full wp-image-7591\" src=\"https:\/\/www.donhighend.de\/wp-content\/uploads\/2020\/10\/SPH-145HQ-unbeschaltet.jpg\" alt=\"\" width=\"636\" height=\"402\" srcset=\"https:\/\/www.donhighend.de\/wp-content\/uploads\/2020\/10\/SPH-145HQ-unbeschaltet.jpg 636w, https:\/\/www.donhighend.de\/wp-content\/uploads\/2020\/10\/SPH-145HQ-unbeschaltet-300x190.jpg 300w\" sizes=\"auto, (max-width: 636px) 100vw, 636px\" \/>Monacor SPH-145HQ unbeschaltet 0\u00b0 &#8211; 90\u00b0<\/p>\n<p>&nbsp;<\/p>\n<p style=\"text-align: justify;\">Das Chassis zeigt eine insgesamt sehr gute Linearit\u00e4t mit einem f\u00fcr die Geh\u00e4useabmessungen typischen Effekt des Baffle Steps.<\/p>\n<p>&nbsp;<\/p>\n<p><img loading=\"lazy\" decoding=\"async\" class=\"aligncenter size-full wp-image-7592\" src=\"https:\/\/www.donhighend.de\/wp-content\/uploads\/2020\/10\/SB65WBAC25-4-unbeschaltet.jpg\" alt=\"\" width=\"637\" height=\"401\" srcset=\"https:\/\/www.donhighend.de\/wp-content\/uploads\/2020\/10\/SB65WBAC25-4-unbeschaltet.jpg 637w, https:\/\/www.donhighend.de\/wp-content\/uploads\/2020\/10\/SB65WBAC25-4-unbeschaltet-300x189.jpg 300w\" sizes=\"auto, (max-width: 637px) 100vw, 637px\" \/><\/p>\n<p style=\"text-align: center;\">SB Acoustics SB65WBAC25-4 unbeschaltet 0\u00b0 &#8211; 90\u00b0<\/p>\n<p>&nbsp;<\/p>\n<p style=\"text-align: justify;\">Der Breitb\u00e4nder zeigt leider eine St\u00f6rung, die unter Winkeln im Bereich zwischen etwa 600 und 700 Hz wandert. Diese vereitelt eine urspr\u00fcglich unterhalb dieses Bereichs vorgesehene Trennfrequenz. Selbst eine Trennfrequenz im Bereich um 700 Hz, bei der diese St\u00f6rung in die abfallende Flanke des Breitb\u00e4nders fallen w\u00fcrde, erwies sich als nicht sinnvoll.<\/p>\n<p style=\"text-align: center;\"><img loading=\"lazy\" decoding=\"async\" class=\"aligncenter size-full wp-image-7593\" src=\"https:\/\/www.donhighend.de\/wp-content\/uploads\/2020\/10\/v700hz.jpg\" alt=\"\" width=\"635\" height=\"399\" srcset=\"https:\/\/www.donhighend.de\/wp-content\/uploads\/2020\/10\/v700hz.jpg 635w, https:\/\/www.donhighend.de\/wp-content\/uploads\/2020\/10\/v700hz-300x189.jpg 300w\" sizes=\"auto, (max-width: 635px) 100vw, 635px\" \/>Spee-dy mit Trennfrequenz um 700 Hz<\/p>\n<p>&nbsp;<\/p>\n<p style=\"text-align: justify;\">Erst mit einer Trennfrequenz im Bereich um 1 kHz stabilisierte sich die Linearit\u00e4t der Winkelfrequnzg\u00e4nge.<\/p>\n<p style=\"text-align: center;\"><img loading=\"lazy\" decoding=\"async\" class=\"aligncenter size-full wp-image-7595\" src=\"https:\/\/www.donhighend.de\/wp-content\/uploads\/2020\/10\/vfinal.jpg\" alt=\"\" width=\"634\" height=\"400\" srcset=\"https:\/\/www.donhighend.de\/wp-content\/uploads\/2020\/10\/vfinal.jpg 634w, https:\/\/www.donhighend.de\/wp-content\/uploads\/2020\/10\/vfinal-300x189.jpg 300w\" sizes=\"auto, (max-width: 634px) 100vw, 634px\" \/>Spee-dy mit Trennfrequenz um 1 kHz<\/p>\n<p>&nbsp;<\/p>\n<p style=\"text-align: justify;\">Nun kann sich das sehen lassen.\u00a0 Wie bei nahezu allen F.A.S.T. Konstrukten neigt auch die Speedy unter Winkeln zu einer Aufweitung, hier im Bereich zwischen etwa 3 und 4 kHz. Um eine zu starke Energiabgabe in diesem Bereich zu vermeiden, wurde er auf Achse und unter 15\u00b0 mit einer Korrekturschaltung leicht abgesenkt. Die Folge ist ein entspannter Pr\u00e4senzbereich, der die Speedy sehr langzeittauglich werden l\u00e4sst.<\/p>\n<p>Einmal mehr stimmen die finalen Messungen mit der Simulation \u00fcberein.<\/p>\n<p style=\"text-align: center;\"><img loading=\"lazy\" decoding=\"async\" class=\"aligncenter size-full wp-image-7600\" src=\"https:\/\/www.donhighend.de\/wp-content\/uploads\/2020\/10\/Spee-dy-gefensterte-Messung-0\u00b0-90\u00b0.jpg\" alt=\"\" width=\"800\" height=\"613\" srcset=\"https:\/\/www.donhighend.de\/wp-content\/uploads\/2020\/10\/Spee-dy-gefensterte-Messung-0\u00b0-90\u00b0.jpg 800w, https:\/\/www.donhighend.de\/wp-content\/uploads\/2020\/10\/Spee-dy-gefensterte-Messung-0\u00b0-90\u00b0-300x230.jpg 300w, https:\/\/www.donhighend.de\/wp-content\/uploads\/2020\/10\/Spee-dy-gefensterte-Messung-0\u00b0-90\u00b0-768x588.jpg 768w, https:\/\/www.donhighend.de\/wp-content\/uploads\/2020\/10\/Spee-dy-gefensterte-Messung-0\u00b0-90\u00b0-750x575.jpg 750w\" sizes=\"auto, (max-width: 800px) 100vw, 800px\" \/>Spee-dy gefensterte Messung 0\u00b0 &#8211; 90\u00b0<\/p>\n<p>&nbsp;<\/p>\n<p style=\"text-align: center;\"><img loading=\"lazy\" decoding=\"async\" class=\"aligncenter size-full wp-image-7602\" src=\"https:\/\/www.donhighend.de\/wp-content\/uploads\/2020\/10\/Spee-dy-gefensterte-Messung-0\u00b0-Einzelzweige.jpg\" alt=\"\" width=\"800\" height=\"594\" srcset=\"https:\/\/www.donhighend.de\/wp-content\/uploads\/2020\/10\/Spee-dy-gefensterte-Messung-0\u00b0-Einzelzweige.jpg 800w, https:\/\/www.donhighend.de\/wp-content\/uploads\/2020\/10\/Spee-dy-gefensterte-Messung-0\u00b0-Einzelzweige-300x223.jpg 300w, https:\/\/www.donhighend.de\/wp-content\/uploads\/2020\/10\/Spee-dy-gefensterte-Messung-0\u00b0-Einzelzweige-768x570.jpg 768w, https:\/\/www.donhighend.de\/wp-content\/uploads\/2020\/10\/Spee-dy-gefensterte-Messung-0\u00b0-Einzelzweige-750x557.jpg 750w\" sizes=\"auto, (max-width: 800px) 100vw, 800px\" \/>Spee-dy gefensterte Messung 0\u00b0 + Einzelzweige<\/p>\n<p>&nbsp;<\/p>\n<p style=\"text-align: center;\"><img loading=\"lazy\" decoding=\"async\" class=\"aligncenter size-full wp-image-7603\" src=\"https:\/\/www.donhighend.de\/wp-content\/uploads\/2020\/10\/Spee-dy-0\u00b0-gefuegte-Messung-aus-Port-Nah-und-Fernfeld-Impedanzverlauf.jpg\" alt=\"\" width=\"800\" height=\"594\" srcset=\"https:\/\/www.donhighend.de\/wp-content\/uploads\/2020\/10\/Spee-dy-0\u00b0-gefuegte-Messung-aus-Port-Nah-und-Fernfeld-Impedanzverlauf.jpg 800w, https:\/\/www.donhighend.de\/wp-content\/uploads\/2020\/10\/Spee-dy-0\u00b0-gefuegte-Messung-aus-Port-Nah-und-Fernfeld-Impedanzverlauf-300x223.jpg 300w, https:\/\/www.donhighend.de\/wp-content\/uploads\/2020\/10\/Spee-dy-0\u00b0-gefuegte-Messung-aus-Port-Nah-und-Fernfeld-Impedanzverlauf-768x570.jpg 768w, https:\/\/www.donhighend.de\/wp-content\/uploads\/2020\/10\/Spee-dy-0\u00b0-gefuegte-Messung-aus-Port-Nah-und-Fernfeld-Impedanzverlauf-750x557.jpg 750w\" sizes=\"auto, (max-width: 800px) 100vw, 800px\" \/>Spee-dy gef\u00fcgte Messung 0\u00b0 aus Port, Nah- und Fernfeld + Impedanzverlauf<\/p>\n<p>&nbsp;<\/p>\n<p style=\"text-align: justify;\">Die Weichenschaltung gestaltet sich erfreulich einfach. Der Tiefpass wird durch ein 12dB Filter gebildet. Im Bereich der Trennfrequenz egalisiert ein schmalbandiger Saugkreis eine kleine \u00dcberh\u00f6hung, die durch die Impedanzlinearisierung nicht g\u00e4nzlich vermieden werden konnte. Die 1,8 mH Spule ist als Luftspule mit 0,7 mm Draht ausgef\u00fchrt, die den Pegel des Tiefmittelt\u00f6ners besser an den doch recht geringen Pegfel des kleinen 2,5 Zoll Breitb\u00e4nders anpasst. Dieser wird wird einem 18 dB Hochpass nach unten hin gefiltert. Ein kleiner Sperrkreis senkt den Pr\u00e4senzbereich etwas ab.<\/p>\n<p style=\"text-align: center;\"><img loading=\"lazy\" decoding=\"async\" class=\"aligncenter size-full wp-image-7605\" src=\"https:\/\/www.donhighend.de\/wp-content\/uploads\/2020\/10\/Weiche-final-mit-WZ.jpg\" alt=\"\" width=\"544\" height=\"439\" srcset=\"https:\/\/www.donhighend.de\/wp-content\/uploads\/2020\/10\/Weiche-final-mit-WZ.jpg 544w, https:\/\/www.donhighend.de\/wp-content\/uploads\/2020\/10\/Weiche-final-mit-WZ-300x242.jpg 300w\" sizes=\"auto, (max-width: 544px) 100vw, 544px\" \/>Spee-dy Weichenschaltung<\/p>\n<p>&nbsp;<\/p>\n<h4 style=\"text-align: center;\"><span style=\"color: #0000ff;\"><a style=\"color: #0000ff;\" href=\"https:\/\/www.donhighend.de\/wp-content\/uploads\/2020\/10\/Warenkorb-1.pdf\" target=\"_blank\" rel=\"noopener noreferrer\">Warenkorb f\u00fcr die Weichenteile der Spee-dy im Quint-Store (Preisstand 12.10..2020)<\/a><\/span><\/h4>\n<p>&nbsp;<\/p>\n<p style=\"text-align: justify;\">Im Warenkorb sind C3, C4 und C6 als Crosscaps aufgef\u00fchrt. Au\u00dfer einer verk\u00fcrzten Lebensdauer von nur 20 &#8211; 25 Jahren spricht rein gar nichts dagegen, deutlich preiswertere Elkos zu verwenden.<\/p>\n<p style=\"text-align: center;\"><img loading=\"lazy\" decoding=\"async\" class=\"aligncenter size-full wp-image-7611\" src=\"https:\/\/www.donhighend.de\/wp-content\/uploads\/2020\/10\/Bauplan-mit-WZ-1.jpg\" alt=\"\" width=\"1057\" height=\"744\" srcset=\"https:\/\/www.donhighend.de\/wp-content\/uploads\/2020\/10\/Bauplan-mit-WZ-1.jpg 1057w, https:\/\/www.donhighend.de\/wp-content\/uploads\/2020\/10\/Bauplan-mit-WZ-1-300x211.jpg 300w, https:\/\/www.donhighend.de\/wp-content\/uploads\/2020\/10\/Bauplan-mit-WZ-1-1024x721.jpg 1024w, https:\/\/www.donhighend.de\/wp-content\/uploads\/2020\/10\/Bauplan-mit-WZ-1-768x541.jpg 768w, https:\/\/www.donhighend.de\/wp-content\/uploads\/2020\/10\/Bauplan-mit-WZ-1-750x528.jpg 750w\" sizes=\"auto, (max-width: 1057px) 100vw, 1057px\" \/>Spee-dy Bau- und Bed\u00e4mpfungsplan (vergr\u00f6\u00dfern -&gt; rechte Maustaste -&gt; Grafik anzeigen)<\/p>\n<p>&nbsp;<\/p>\n<p style=\"text-align: justify;\">Die Weichen- und Baupl\u00e4ne sind f\u00fcr private Nutzung freigegeben. Jegliche Form der gewerblichen Nutzung oder Verbreitung ohne vorherige Absprache ist untersagt und wird strafrechtlich verfolgt.<\/p>\n<p style=\"text-align: justify;\">Klanglich sind die Spee-dy eine \u00dcberraschung und zwar im positiven Sinne. Sie vereinen gute Eigenschaften eines Breitb\u00e4nders mit den guten Eigenschaften eines Mehrwegers. Ab rund 1 kHz spielt der Breitb\u00e4nder, der so gar nicht nach Breitb\u00e4nder klingt, den sensibelsten Bereich der Musik. Dies resultiert in einer hervorragenden B\u00fchnendarstellung und Ortbarkeit einzelner Instrumente oder S\u00e4nger. Der Sweet Spot ist, bedingt durch die zierliche Membran, recht gro\u00df. Der Bass ist straff, trocken und punchig. Alles klingt, wie es klingen soll. Stimmen nerven nicht. Der kleine Breitb\u00e4nder l\u00f6st sehr gut aus. Zweiweger mit tiefer Trennfrequenz und sehr hochwertigem Konushocht\u00f6ner ist vielleicht die treffendste Beschreibung f\u00fcr die Spee-dy.<\/p>\n<p>FB Gruppenmitglied Sascha S. schreibt:<\/p>\n<blockquote>\n<h5 style=\"text-align: justify;\"><em><span style=\"color: #ff6600;\">Nach langem sind endlich meine Spee-dy fertig geworden. F\u00fcr alle lesefaulen, hier die Kurzversion: Nachbauen! Beim Namen musste ich sofort an nen Speed-Shop denken. Und ein Lautsprecher in so einer Umgebung braucht nen Rallyestreifen und jede Menge Aufkleber. Und schon war das Design fertig. Nun aber zum wichtigsten, dem Klang. Alex der das Ding f\u00fcr mich entwickelt hat, h\u00f6rt sicherlich immer noch mein Flehen, das Duo nicht quietschig werden zu lassen. Herausgekommen ist ein Lautsprecher, der f\u00fcr Partys in kleinen R\u00e4umen die Idealbesetzung sein d\u00fcrfte. Absolut langzeittauglich und kein bisschen nervig. Um in Musik zu schwelgen fehlte aber etwas der Glanz. Deswegen habe ich in Abstimmung mit Alex im Sperrkreis 12 \u00b5F hinzugef\u00fcgt. Meine Beschreibung bezieht sich auf die so an meine H\u00f6rgewohnheiten angepasste Version. Die Spee-dy macht ihrem Namen alle Ehren. Ich kenne keinen LS der so schnell, pr\u00e4zise und kontrolliert der Musik folgt. Wo die FW 146 DAU bei Dee Snider \u201eWe\u2019re not gonna take it\u201c oder Iron Maiden \u201eFear of the dark live\u201c emotional etwas schummelt, bleibt die Spee-dy staubtrocken. Bei Nick Cave \u201eRed Right Hand\u201c l\u00e4uft es einem eiskalt den R\u00fccken runter. Es ist unglaublich welche Details ich pl\u00f6tzlich bei Ulli Boegershausen \u201eIn Dialogue\u201c h\u00f6re. Und woher kommt pl\u00f6tzlich das Publikum bei Bob Seger \u201eTurn the Page\u201c? Wer wissen will, was Dynamik hei\u00dft sollte sich Slipknot \u201ePulse of the maggots\u201c anh\u00f6ren. Als das Schlagzeug losgelegt hat bin ich tats\u00e4chlich zusammengezuckt. Amaranthe \u201eDo or Die\u201c ist endlich ein Lied und nicht nur tonales gematsche. Immer wenn es schnell ist und Spa\u00df machen soll ist der LS in seinem Element! UMC \u201eKings &amp; Queens Metal Version\u201c , Thundermother \u201eHellavator\u201c Oder Godsmack \u201eCrying like a bitch\u201c, HEAT \u201eDangerous Ground\u201c knallt genau so wie es soll. Dabei klingt das Ganze viel gr\u00f6\u00dfer als es aussieht. Alex Christensen and the Berlin Orchestra \u201eRedemption\u201c oder Laing \u201eWechselt die Beleuchtung\u201c braucht nicht mehr. Das passt wie die Faust aufs Auge. M\u00e4nnerstimmen z\u00e4hlen zu den St\u00e4rken des Lautsprecher was bei Club for Five \u201eBrothers in Arms\u201c eindrucksvoll bewiesen wird. Aber auch Delain \u201eWe Are the Others New Ballad Version\u201c ist ein Genuss. Ja, ich bin schwer begeistert. Und ja, es gibt noch zig weitere Lieder die ich auff\u00fchren wollte. Alex: Vielen vielen Dank f\u00fcr diese Entwicklung! Ich dreh jetzt mal lauter!&#8220;<\/span><\/em><\/h5>\n<\/blockquote>\n<p>&nbsp;<\/p>\n","protected":false},"excerpt":{"rendered":"<p>In unserer FB Gruppe pr\u00e4sentierte k\u00fcrzlich ein Mitglied sein flammneues Paar SB65WBAC25-4 und stellte gleichzeitig die Frage, ob jemand einen Bausatz auf Basis dieses zierlichen Breitb\u00e4nders kennen w\u00fcrde. Nur z\u00f6gerlich wurde die Hoffnung laut, ein Gruppenmitglied zu finden, welches eine Entwicklung mit diesem Chassis unterst\u00fctzen k\u00f6nnte. Ein F.A.S.T. sollte es werden, mit einem 5-7 Zoll &hellip; <\/p>\n<p><a class=\"more-link btn\" href=\"https:\/\/www.donhighend.de\/?page_id=7575\">Weiterlesen<\/a><\/p>\n","protected":false},"author":1,"featured_media":11474,"parent":4401,"menu_order":956,"comment_status":"open","ping_status":"closed","template":"","meta":{"footnotes":""},"class_list":["post-7575","page","type-page","status-publish","has-post-thumbnail","hentry","nodate","item-wrap"],"_links":{"self":[{"href":"https:\/\/www.donhighend.de\/index.php?rest_route=\/wp\/v2\/pages\/7575","targetHints":{"allow":["GET"]}}],"collection":[{"href":"https:\/\/www.donhighend.de\/index.php?rest_route=\/wp\/v2\/pages"}],"about":[{"href":"https:\/\/www.donhighend.de\/index.php?rest_route=\/wp\/v2\/types\/page"}],"author":[{"embeddable":true,"href":"https:\/\/www.donhighend.de\/index.php?rest_route=\/wp\/v2\/users\/1"}],"replies":[{"embeddable":true,"href":"https:\/\/www.donhighend.de\/index.php?rest_route=%2Fwp%2Fv2%2Fcomments&post=7575"}],"version-history":[{"count":27,"href":"https:\/\/www.donhighend.de\/index.php?rest_route=\/wp\/v2\/pages\/7575\/revisions"}],"predecessor-version":[{"id":11475,"href":"https:\/\/www.donhighend.de\/index.php?rest_route=\/wp\/v2\/pages\/7575\/revisions\/11475"}],"up":[{"embeddable":true,"href":"https:\/\/www.donhighend.de\/index.php?rest_route=\/wp\/v2\/pages\/4401"}],"wp:featuredmedia":[{"embeddable":true,"href":"https:\/\/www.donhighend.de\/index.php?rest_route=\/wp\/v2\/media\/11474"}],"wp:attachment":[{"href":"https:\/\/www.donhighend.de\/index.php?rest_route=%2Fwp%2Fv2%2Fmedia&parent=7575"}],"curies":[{"name":"wp","href":"https:\/\/api.w.org\/{rel}","templated":true}]}}