{"id":7509,"date":"2020-10-03T12:11:40","date_gmt":"2020-10-03T11:11:40","guid":{"rendered":"http:\/\/www.donhighend.de\/?page_id=7509"},"modified":"2025-09-07T13:47:54","modified_gmt":"2025-09-07T12:47:54","slug":"ball-pen","status":"publish","type":"page","link":"https:\/\/www.donhighend.de\/?page_id=7509","title":{"rendered":"Ball Pen"},"content":{"rendered":"<p><img loading=\"lazy\" decoding=\"async\" class=\"aligncenter size-full wp-image-11477\" src=\"https:\/\/www.donhighend.de\/wp-content\/uploads\/2025\/09\/Titelbild-grau-1.jpg\" alt=\"\" width=\"280\" height=\"640\" srcset=\"https:\/\/www.donhighend.de\/wp-content\/uploads\/2025\/09\/Titelbild-grau-1.jpg 280w, https:\/\/www.donhighend.de\/wp-content\/uploads\/2025\/09\/Titelbild-grau-1-131x300.jpg 131w\" sizes=\"auto, (max-width: 280px) 100vw, 280px\" \/><\/p>\n<p style=\"text-align: justify;\">Neulich bot mein Freund Rouven aus dem D.A.U. an, seine derzeit nicht genutzten Chassis f\u00fcr Entwicklungszwecke zur Verf\u00fcgung zu stellen. In seinen Regalen befand sich ein P\u00e4rchen <a href=\"https:\/\/products.tymphany.com\/transducer\/72\" target=\"_blank\" rel=\"noopener\"><span style=\"color: #0000ff;\">Peerless GBS-115N25AL01-04<\/span><\/a>, dessen kleinere Schwestern bereits in der <span style=\"color: #0000ff;\"><a style=\"color: #0000ff;\" href=\"https:\/\/www.donhighend.de\/?page_id=6034\" target=\"_blank\" rel=\"noopener noreferrer\">Three-Sixtyfive<\/a><\/span> eine mehr als nur gute Figur machen. Ein schneller Blick ins Datenblatt offenbarte einen gutm\u00fctigen Frequenzgang und eine schnelle Simulation mit dem MJK-Sheet versprach eine sehr gute Performance in einer nur 75 cm kurzen TQWT.\u00a0 Der liebe Rouven durfte die kleinen Chassis verpacken und an mich senden. Derweil verschwand ich in meiner Werkstatt, um das simulierte Geh\u00e4use aus noch vorhandenen Plattenresten aufzubauen. Die Fr\u00e4sung f\u00fcr den GBS-115 wurde nach Datenblatt &#8222;frei Hand&#8220; gefertigt. F\u00fcr die noch in meinem Vorrat befindliche, zun\u00e4chst als Spielpartner vorgesehene DX-20 Hochtonkalotte konnte ich den Fr\u00e4sdurchmesser von 66 mm am lebenden Objekt abnehmen.<\/p>\n<p style=\"text-align: center;\"><img loading=\"lazy\" decoding=\"async\" class=\"aligncenter wp-image-7516 size-full\" src=\"https:\/\/www.donhighend.de\/wp-content\/uploads\/2020\/10\/GBS-115-e1601726519426.jpg\" alt=\"\" width=\"500\" height=\"500\" \/>Peerless GBS-115N25AL01-04<\/p>\n<p>&nbsp;<\/p>\n<p style=\"text-align: justify;\">Haptisch ist der kleine Chinese mit seiner Alumimiummembran und dem sauber gefertigten Korb einwandfrei. Auch seine TSP k\u00f6nnen sich sehen lassen:<\/p>\n<p>TSP<\/p>\n<ul>\n<li>Fs: 89 Hz<\/li>\n<li>Mms: 9,3 g<\/li>\n<li>Cms: 0,34 mm\/N<\/li>\n<li>Sd: 56 cm\u00b2<\/li>\n<li>Re: 3,19 Ohm<\/li>\n<li>Le: 0,25 mH<\/li>\n<li>B\/L: 4,3 N\/A<\/li>\n<li>Vas: 1,6 L<\/li>\n<li>Qms: 3,5<\/li>\n<li>Qes: 0,85<\/li>\n<li>Qts: 0,68<\/li>\n<li>SPL: 85 dB @ 2,83V<\/li>\n<\/ul>\n<p>&nbsp;<\/p>\n<p style=\"text-align: justify;\">Damit l\u00e4sst sich in einer kleinen, nur 75 cm langen TQWT eine Basswiedergabe erreichen, die durchaus als solche bezeichnet werden darf. Nat\u00fcrlich darf man nicht erwarten, dass ein 4&#8243; TMT zu Pegelorgien f\u00e4hig ist. Aber f\u00fcr mehr als Zimmerlautst\u00e4rke reichen die Reserven des GBS115 auf jeden Fall. Das kleine Vas f\u00fchrt dazu, dass die notwendigen Querschnitte sehr klein werden. Daraus resultiert ein recht schmales l\u00e4ngliches Geh\u00e4use, welches an einen Stift erinnert. Die Membran des Tiefmittelt\u00f6ners bildet quasi ein halber Ball. Der kleine Lautsprecher erh\u00e4lt deswegen den Namen &#8222;Ball Pen&#8220;.<\/p>\n<p style=\"text-align: center;\"><img loading=\"lazy\" decoding=\"async\" class=\"aligncenter size-full wp-image-7519\" src=\"https:\/\/www.donhighend.de\/wp-content\/uploads\/2020\/10\/75-cm-TQWT-Chassis-auf-40-cm.jpg\" alt=\"\" width=\"587\" height=\"240\" srcset=\"https:\/\/www.donhighend.de\/wp-content\/uploads\/2020\/10\/75-cm-TQWT-Chassis-auf-40-cm.jpg 587w, https:\/\/www.donhighend.de\/wp-content\/uploads\/2020\/10\/75-cm-TQWT-Chassis-auf-40-cm-300x123.jpg 300w\" sizes=\"auto, (max-width: 587px) 100vw, 587px\" \/>GBS-115N25AL01-04 in 75 cm TQWT<\/p>\n<p>&nbsp;<\/p>\n<p style=\"text-align: justify;\">Tiefgang bis Mitte 50 Hz hinab verspricht die Simulation mit dem MJK Sheet, deren \u00dcbereinstimmung mit der Realit\u00e4t in der Vergangenheit vielfach eindrucksvoll unter Beweis gestellt wurde.<\/p>\n<p style=\"text-align: justify;\">Leider wollte jedoch die ebenfalls von Peerless stammende Hochtonkalotte DX-20 \u00fcberhaupt nicht mit dem Tiefmittelton-Dome harmonieren. Der Kurzwaveguide l\u00e4dt erst ein gutes St\u00fcck oberhalb der Trennfrequenz, was zu einem nicht vertretbaren Bruch im Abstrahlverhalten f\u00fchrt.<\/p>\n<p style=\"text-align: center;\"><img loading=\"lazy\" decoding=\"async\" class=\"aligncenter size-full wp-image-7522\" src=\"https:\/\/www.donhighend.de\/wp-content\/uploads\/2020\/10\/v1-klein.jpg\" alt=\"\" width=\"594\" height=\"393\" srcset=\"https:\/\/www.donhighend.de\/wp-content\/uploads\/2020\/10\/v1-klein.jpg 594w, https:\/\/www.donhighend.de\/wp-content\/uploads\/2020\/10\/v1-klein-300x198.jpg 300w\" sizes=\"auto, (max-width: 594px) 100vw, 594px\" \/>Simulation Ball Pen 0\u00b0 &#8211; 90\u00b0 mit Peerless DX-20<\/p>\n<p>&nbsp;<\/p>\n<p style=\"text-align: justify;\">Da das Projekt aber im Bassbereich vielversprechend war, richtete sich der Blick nach einem alternativen Hocht\u00f6ner. Dieser musste mechanisch so klein sein, dass er in dem Geh\u00e4use oberhalb des GBS-115N25AL01-04 Platz findet. Einmal mehr wurde ich bei Sica f\u00fcndig. Mit der <a href=\"https:\/\/sica.it\/prodotto\/lp-66-25-n14-tw\/\" target=\"_blank\" rel=\"noopener\"><span style=\"color: #0000ff;\">LP 66.25\/N14 TW<\/span><\/a> bieten die Italiener eine 25 mm Kalotte an, deren Frontplatte 66 mm durchmisst und somit exakt in die Fr\u00e4sung der DX-20 passt.<\/p>\n<p style=\"text-align: center;\"><img loading=\"lazy\" decoding=\"async\" class=\"aligncenter size-full wp-image-7524\" src=\"https:\/\/www.donhighend.de\/wp-content\/uploads\/2020\/10\/LP-66.25-geschraubt.jpg\" alt=\"\" width=\"500\" height=\"500\" srcset=\"https:\/\/www.donhighend.de\/wp-content\/uploads\/2020\/10\/LP-66.25-geschraubt.jpg 500w, https:\/\/www.donhighend.de\/wp-content\/uploads\/2020\/10\/LP-66.25-geschraubt-300x300.jpg 300w, https:\/\/www.donhighend.de\/wp-content\/uploads\/2020\/10\/LP-66.25-geschraubt-150x150.jpg 150w\" sizes=\"auto, (max-width: 500px) 100vw, 500px\" \/>Sica LP 66.25<\/p>\n<p>&nbsp;<\/p>\n<p style=\"text-align: justify;\">Mit einem Preis von rund 25,- Euro passt der kleine Italiener hervorragend zu dem Peerless Tiefmittelt\u00f6ner. Bleibt zu hoffen, dass die zu erzielende Abstrahlung keinen Strich durch die Rechnung macht. Eines der Ziele bei der Entwicklung\u00a0 war es n\u00e4mlich, mal wieder einen Lautsprecher ohne die akustisch so sinnvollen schr\u00e4gen Fasen aufzubauen.<\/p>\n<p style=\"text-align: justify;\">Jedenfalls verspricht die Simulation, die diesmal mit Vituixcad durchgef\u00fchrt wurde, ein deutlich besseres Ergebnis als mit der DX-20.<\/p>\n<p style=\"text-align: center;\"><img loading=\"lazy\" decoding=\"async\" class=\"aligncenter size-full wp-image-7526\" src=\"https:\/\/www.donhighend.de\/wp-content\/uploads\/2020\/10\/GBS-115-LP-66.25-real-SPL.png\" alt=\"\" width=\"594\" height=\"313\" srcset=\"https:\/\/www.donhighend.de\/wp-content\/uploads\/2020\/10\/GBS-115-LP-66.25-real-SPL.png 594w, https:\/\/www.donhighend.de\/wp-content\/uploads\/2020\/10\/GBS-115-LP-66.25-real-SPL-300x158.png 300w\" sizes=\"auto, (max-width: 594px) 100vw, 594px\" \/>Simulation Ball Pen 0\u00b0 + Zweige<\/p>\n<p>&nbsp;<\/p>\n<p style=\"text-align: justify;\">Auf Achse zeigt der Hocht\u00f6ner eine leichte Senke bei rund 6 kHz und eine schmalbandige Kerbe bei etwa 15 kHz. Der kleine Pickel bei etwa 500 Hz r\u00fchrt von einer Fertigungstoleranz des Testgeh\u00e4uses. Die Auflagefl\u00e4che des GBS-115 und der innere Fr\u00e4skreis sind nicht optimal. \u00dcber das Anziehen der Verschraubungen l\u00e4sst sich das Problem minimieren. Auf saubere Fertigung ist beim Geh\u00e4usebau, zumindest an diesem Punkt,\u00a0 unbedingt zu achten. Die Auflagefl\u00e4che des GBS-115 ist im Bereich der geraden Seiten sehr schmal.<\/p>\n<p style=\"text-align: center;\"><img loading=\"lazy\" decoding=\"async\" class=\"aligncenter size-full wp-image-7527\" src=\"https:\/\/www.donhighend.de\/wp-content\/uploads\/2020\/10\/GBS-115-LP-66.25-real-Directivity-hor.png\" alt=\"\" width=\"578\" height=\"313\" srcset=\"https:\/\/www.donhighend.de\/wp-content\/uploads\/2020\/10\/GBS-115-LP-66.25-real-Directivity-hor.png 578w, https:\/\/www.donhighend.de\/wp-content\/uploads\/2020\/10\/GBS-115-LP-66.25-real-Directivity-hor-300x162.png 300w\" sizes=\"auto, (max-width: 578px) 100vw, 578px\" \/>Simulation Ball Pen 0\u00b0 &#8211; 90\u00b0<\/p>\n<p>&nbsp;<\/p>\n<p style=\"text-align: justify;\">Unter Winkeln mitteln sich diese Punkte sehr sch\u00f6n aus. Das Abstrahlverhalten des gesamten Lautsprechers ist mit der LP 66.25 deutlich besser und wird f\u00fcr ungetr\u00fcbten H\u00f6rgenuss sorgen.<\/p>\n<p style=\"text-align: center;\"><img loading=\"lazy\" decoding=\"async\" class=\"aligncenter size-full wp-image-7535\" src=\"https:\/\/www.donhighend.de\/wp-content\/uploads\/2020\/10\/Ball-Pen-0\u00b0-90\u00b0.jpg\" alt=\"\" width=\"800\" height=\"613\" srcset=\"https:\/\/www.donhighend.de\/wp-content\/uploads\/2020\/10\/Ball-Pen-0\u00b0-90\u00b0.jpg 800w, https:\/\/www.donhighend.de\/wp-content\/uploads\/2020\/10\/Ball-Pen-0\u00b0-90\u00b0-300x230.jpg 300w, https:\/\/www.donhighend.de\/wp-content\/uploads\/2020\/10\/Ball-Pen-0\u00b0-90\u00b0-768x588.jpg 768w, https:\/\/www.donhighend.de\/wp-content\/uploads\/2020\/10\/Ball-Pen-0\u00b0-90\u00b0-750x575.jpg 750w\" sizes=\"auto, (max-width: 800px) 100vw, 800px\" \/>Ball Pen gefensterte Messung 0\u00b0 &#8211; 90\u00b0<\/p>\n<p>&nbsp;<\/p>\n<p style=\"text-align: justify;\">Die nach dem Stecken der Frequenzweiche und Optimierung des Einbaus beim TMT durchgef\u00fchrten Messungen stimmen mit der Simulation quasi \u00fcberein.<\/p>\n<p><img loading=\"lazy\" decoding=\"async\" class=\"aligncenter size-full wp-image-7571\" src=\"https:\/\/www.donhighend.de\/wp-content\/uploads\/2020\/10\/Ball-Pen-Messung-0\u00b0-Einzelzweige.jpg\" alt=\"\" width=\"800\" height=\"594\" srcset=\"https:\/\/www.donhighend.de\/wp-content\/uploads\/2020\/10\/Ball-Pen-Messung-0\u00b0-Einzelzweige.jpg 800w, https:\/\/www.donhighend.de\/wp-content\/uploads\/2020\/10\/Ball-Pen-Messung-0\u00b0-Einzelzweige-300x223.jpg 300w, https:\/\/www.donhighend.de\/wp-content\/uploads\/2020\/10\/Ball-Pen-Messung-0\u00b0-Einzelzweige-768x570.jpg 768w, https:\/\/www.donhighend.de\/wp-content\/uploads\/2020\/10\/Ball-Pen-Messung-0\u00b0-Einzelzweige-750x557.jpg 750w\" sizes=\"auto, (max-width: 800px) 100vw, 800px\" \/><\/p>\n<p style=\"text-align: center;\">Ball Pen gefensterte Messung 0\u00b0 + Einzelzweige<\/p>\n<p>&nbsp;<\/p>\n<p style=\"text-align: justify;\">Sch\u00f6n symmetrisch verlaufende Flanken zeigen eine Trennfrequenz etwas oberhalb von 2,2 kHz mit Phasen idealem Schnittpunkt 6 dB unterhalb der Summenkurve. Nach vielen Versuchen stellte sich bei dieser Frequenz das bestm\u00f6gliche Zusammenspiel der beiden Chassis im Hinblick auf das Abstrahlverhalten unter Winkeln ein. Die Empfehlung aus dem Sica Datenblatt, den HT ab 2,5 kHz einzusetzen, wurde hier ein wenig unterschritten. Der erreichbare Maximalpegel wird in der Ball Pen klar vom GBS-115 definiert, so dass hier keinerlei Probleme zu erwarten sind.<\/p>\n<p><img loading=\"lazy\" decoding=\"async\" class=\"aligncenter size-full wp-image-7536\" src=\"https:\/\/www.donhighend.de\/wp-content\/uploads\/2020\/10\/Ball-Pen-0\u00b0-gefuegt-incl-Nahfeld-Port-und-Impedanzverlauf-Freifeld.jpg\" alt=\"\" width=\"800\" height=\"575\" srcset=\"https:\/\/www.donhighend.de\/wp-content\/uploads\/2020\/10\/Ball-Pen-0\u00b0-gefuegt-incl-Nahfeld-Port-und-Impedanzverlauf-Freifeld.jpg 800w, https:\/\/www.donhighend.de\/wp-content\/uploads\/2020\/10\/Ball-Pen-0\u00b0-gefuegt-incl-Nahfeld-Port-und-Impedanzverlauf-Freifeld-300x216.jpg 300w, https:\/\/www.donhighend.de\/wp-content\/uploads\/2020\/10\/Ball-Pen-0\u00b0-gefuegt-incl-Nahfeld-Port-und-Impedanzverlauf-Freifeld-768x552.jpg 768w, https:\/\/www.donhighend.de\/wp-content\/uploads\/2020\/10\/Ball-Pen-0\u00b0-gefuegt-incl-Nahfeld-Port-und-Impedanzverlauf-Freifeld-750x539.jpg 750w\" sizes=\"auto, (max-width: 800px) 100vw, 800px\" \/><\/p>\n<p style=\"text-align: center;\">Ball Pen Messung 0\u00b0 gef\u00fcgt incl. Nahfeld, Port und Impedanzverlauf (Freifeld)<\/p>\n<p>&nbsp;<\/p>\n<p>Der gemessene Freifeldfrequenzgang der Ball Pen best\u00e4tigt die Funktion der TQWT nach MJK-Simu.<\/p>\n<p style=\"text-align: justify;\">Wie bereits erw\u00e4hnt resultiert durch den TSP Satz des Chassis eine TQWT mit recht kleinen Querschnitten. Obwohl die Breite des Geh\u00e4uses schon sehr schmal gew\u00e4hlt wurde, bleibt es in seiner Tiefe eher flach. Hier machen wir aus der Not eine Tugend. Der Korpus des Geh\u00e4uses wird einfach ein St\u00fcck nach hinten verl\u00e4ngert, so dass sich eine einspringende R\u00fcckwand ergibt. Dadurch ergibt sich einerseits ein Fach f\u00fcr die Frequenzweichenbauteile. Andererseits bietet diese Bauweise einen entscheidenden Vorteil bei der Montage des Ports. Dieser ist n\u00e4mlich mit gut 8 cm so tief, dass er bei konventionellem Einbau ein <span class=\"ILfuVd\"><span class=\"hgKElc\">T\u00eate-\u00e0-T\u00eate mit dem Teiler eingehen w\u00fcrde. Eine kleine, aus zwei zus\u00e4tzlichen Brettchen gebildete Konstruktion im unteren Bereich erlaubt es, den Port so einzubringen, dass er ideale Bedingungen vorfindet.<\/span><\/span><\/p>\n<p><img loading=\"lazy\" decoding=\"async\" class=\"aligncenter wp-image-7544 size-full\" src=\"https:\/\/www.donhighend.de\/wp-content\/uploads\/2020\/10\/4-e1601886896781.jpg\" alt=\"\" width=\"450\" height=\"600\" \/><\/p>\n<p style=\"text-align: center;\">Ball Pen Faltung TQWT und Einbausituation des Ports<\/p>\n<p>&nbsp;<\/p>\n<p style=\"text-align: justify;\">Als Port wurde ein Abschnitt eines DN40 Rohres aus dem Sanit\u00e4rbereich verwendet. Dieses l\u00e4uft im Gegensatz zu den meisten angebotenen BR-Ports nicht konisch zu, wodurch der Einbau in die doppelwandige Konstrultion deutlich vereinfacht wird. Es werden lediglich zwei identische Ausschnitte mit einer Lochs\u00e4ge erforderlich. Dabei ist unbedingt darauf zu achten, dass der Ausschnitt bei der innenliegenden R\u00fcckwand bereits vor dem Zusammenleimen anzubringen ist. Beim\u00a0 Testaufbau wurde mit einer 38 mm Lochs\u00e4ge gearbeitet und sp\u00e4ter mit grobk\u00f6rnigem Schleifpapier aufgeweitet. So kann man sich dem n\u00f6tigen Durchmesser schrittweise n\u00e4hern, ohne ein \u00dcberma\u00df zu produzieren. Beim hier gezeigten Testgeh\u00e4use sitzt das Rohr so stramm, dass weitere Abdichtungen nicht notwendig sind.<\/p>\n<p>&nbsp;<\/p>\n<p style=\"text-align: center;\"><img loading=\"lazy\" decoding=\"async\" class=\"aligncenter size-full wp-image-7547\" src=\"https:\/\/www.donhighend.de\/wp-content\/uploads\/2020\/10\/5-e1601887160772.jpg\" alt=\"\" width=\"600\" height=\"450\" \/>Ball Pen Detail Port<\/p>\n<p>&nbsp;<\/p>\n<p style=\"text-align: center;\"><img loading=\"lazy\" decoding=\"async\" class=\"aligncenter size-full wp-image-7550\" src=\"https:\/\/www.donhighend.de\/wp-content\/uploads\/2020\/10\/6-e1601887862353.jpg\" alt=\"\" width=\"450\" height=\"600\" \/>Ball Pen Geh\u00e4use offen<\/p>\n<p>&nbsp;<\/p>\n<p style=\"text-align: justify;\">Die Weichenschaltung konnte sehr einfach ausgef\u00fchrt werden. Der Tieftonzweig besteht aus einem simplen 12dB Filter, dessen dem Parallelkondensator nachgeschalteter Widerstand ein wenig Energie aus dem Bereich der abfallenden Flanke nimmt. Ein Saugkreis erledigt die finale Gl\u00e4ttung. Im Hochpass \u00fcbernimmt ebenfalls ein 12 dB Filter die Arbeit. Ein Spannungsteiler sorgt f\u00fcr korrekte Pegelverh\u00e4ltnisse.<\/p>\n<p style=\"text-align: center;\"><img loading=\"lazy\" decoding=\"async\" class=\"aligncenter size-full wp-image-7556\" src=\"https:\/\/www.donhighend.de\/wp-content\/uploads\/2020\/10\/Weichenplan-final-mit-WZ.jpg\" alt=\"\" width=\"584\" height=\"371\" srcset=\"https:\/\/www.donhighend.de\/wp-content\/uploads\/2020\/10\/Weichenplan-final-mit-WZ.jpg 584w, https:\/\/www.donhighend.de\/wp-content\/uploads\/2020\/10\/Weichenplan-final-mit-WZ-300x191.jpg 300w\" sizes=\"auto, (max-width: 584px) 100vw, 584px\" \/>Ball Pen Weichenplan<\/p>\n<p>&nbsp;<\/p>\n<h4 style=\"text-align: center;\"><a href=\"https:\/\/www.donhighend.de\/wp-content\/uploads\/2020\/10\/Warenkorb.pdf\" target=\"_blank\" rel=\"noopener noreferrer\"><span style=\"color: #0000ff;\">Warenkorb f\u00fcr die Weichenteile der Ball Pen im Quint-Store (Preisstand 05.10..2020)<\/span><\/a><\/h4>\n<p>&nbsp;<\/p>\n<p><img loading=\"lazy\" decoding=\"async\" class=\"aligncenter size-full wp-image-8329\" src=\"https:\/\/www.donhighend.de\/wp-content\/uploads\/2021\/05\/Bauplan-mit-WZ.jpg\" alt=\"\" width=\"1415\" height=\"1069\" srcset=\"https:\/\/www.donhighend.de\/wp-content\/uploads\/2021\/05\/Bauplan-mit-WZ.jpg 1415w, https:\/\/www.donhighend.de\/wp-content\/uploads\/2021\/05\/Bauplan-mit-WZ-300x227.jpg 300w, https:\/\/www.donhighend.de\/wp-content\/uploads\/2021\/05\/Bauplan-mit-WZ-1024x774.jpg 1024w, https:\/\/www.donhighend.de\/wp-content\/uploads\/2021\/05\/Bauplan-mit-WZ-768x580.jpg 768w, https:\/\/www.donhighend.de\/wp-content\/uploads\/2021\/05\/Bauplan-mit-WZ-750x567.jpg 750w\" sizes=\"auto, (max-width: 1415px) 100vw, 1415px\" \/><\/p>\n<p style=\"text-align: center;\">Ball Pen Bau- und Bed\u00e4mpfungsplan (vergr\u00f6\u00dfern -&gt; rechte Maustaste &#8211; Grafik anzheigen)<\/p>\n<p>&nbsp;<\/p>\n<p style=\"text-align: justify;\">Die Weichen- und Baupl\u00e4ne sind f\u00fcr private Nutzung freigegeben. Jegliche Form der gewerblichen Nutzung oder Verbreitung ohne vorherige Absprache ist untersagt und wird strafrechtlich verfolgt.<\/p>\n<p style=\"text-align: justify;\">Wie klingt es denn nun? Ausgewachsen, verdammt ausgewachsen. Eine so volumin\u00f6se Wiedergabe erwartet man von einem so kleinen Lautsprecher mit dieser schlanken Silhouette eher nicht. Der Klang ist dem Abstrahlverhalten entsprechend sehr ausgewogen. Die beiden Chassis machen ihre Arbeit sehr gut. Die Stimmenwiedergabe ist ausgezeichnet und sehr realistisch. Die Ball Pen baut eine breite B\u00fchne mit sch\u00f6ner Tiefe auf. Alles ist sehr gut ortbar. Jedes Instrument steht am gewohnten Platz. Alles in allem ein feiner, kleiner Lautsprecher.<\/p>\n","protected":false},"excerpt":{"rendered":"<p>Neulich bot mein Freund Rouven aus dem D.A.U. an, seine derzeit nicht genutzten Chassis f\u00fcr Entwicklungszwecke zur Verf\u00fcgung zu stellen. In seinen Regalen befand sich ein P\u00e4rchen Peerless GBS-115N25AL01-04, dessen kleinere Schwestern bereits in der Three-Sixtyfive eine mehr als nur gute Figur machen. Ein schneller Blick ins Datenblatt offenbarte einen gutm\u00fctigen Frequenzgang und eine schnelle &hellip; <\/p>\n<p><a class=\"more-link btn\" href=\"https:\/\/www.donhighend.de\/?page_id=7509\">Weiterlesen<\/a><\/p>\n","protected":false},"author":1,"featured_media":11477,"parent":4401,"menu_order":957,"comment_status":"open","ping_status":"closed","template":"","meta":{"footnotes":""},"class_list":["post-7509","page","type-page","status-publish","has-post-thumbnail","hentry","nodate","item-wrap"],"_links":{"self":[{"href":"https:\/\/www.donhighend.de\/index.php?rest_route=\/wp\/v2\/pages\/7509","targetHints":{"allow":["GET"]}}],"collection":[{"href":"https:\/\/www.donhighend.de\/index.php?rest_route=\/wp\/v2\/pages"}],"about":[{"href":"https:\/\/www.donhighend.de\/index.php?rest_route=\/wp\/v2\/types\/page"}],"author":[{"embeddable":true,"href":"https:\/\/www.donhighend.de\/index.php?rest_route=\/wp\/v2\/users\/1"}],"replies":[{"embeddable":true,"href":"https:\/\/www.donhighend.de\/index.php?rest_route=%2Fwp%2Fv2%2Fcomments&post=7509"}],"version-history":[{"count":53,"href":"https:\/\/www.donhighend.de\/index.php?rest_route=\/wp\/v2\/pages\/7509\/revisions"}],"predecessor-version":[{"id":11478,"href":"https:\/\/www.donhighend.de\/index.php?rest_route=\/wp\/v2\/pages\/7509\/revisions\/11478"}],"up":[{"embeddable":true,"href":"https:\/\/www.donhighend.de\/index.php?rest_route=\/wp\/v2\/pages\/4401"}],"wp:featuredmedia":[{"embeddable":true,"href":"https:\/\/www.donhighend.de\/index.php?rest_route=\/wp\/v2\/media\/11477"}],"wp:attachment":[{"href":"https:\/\/www.donhighend.de\/index.php?rest_route=%2Fwp%2Fv2%2Fmedia&parent=7509"}],"curies":[{"name":"wp","href":"https:\/\/api.w.org\/{rel}","templated":true}]}}