{"id":7349,"date":"2020-09-08T20:38:20","date_gmt":"2020-09-08T19:38:20","guid":{"rendered":"http:\/\/www.donhighend.de\/?page_id=7349"},"modified":"2025-09-08T13:11:58","modified_gmt":"2025-09-08T12:11:58","slug":"fiancino","status":"publish","type":"page","link":"https:\/\/www.donhighend.de\/?page_id=7349","title":{"rendered":"Fiancino"},"content":{"rendered":"<p><img loading=\"lazy\" decoding=\"async\" class=\"aligncenter size-full wp-image-11503\" src=\"https:\/\/www.donhighend.de\/wp-content\/uploads\/2025\/09\/Titelbild-hell-anthrazit.jpg\" alt=\"\" width=\"852\" height=\"640\" srcset=\"https:\/\/www.donhighend.de\/wp-content\/uploads\/2025\/09\/Titelbild-hell-anthrazit.jpg 852w, https:\/\/www.donhighend.de\/wp-content\/uploads\/2025\/09\/Titelbild-hell-anthrazit-300x225.jpg 300w, https:\/\/www.donhighend.de\/wp-content\/uploads\/2025\/09\/Titelbild-hell-anthrazit-768x577.jpg 768w, https:\/\/www.donhighend.de\/wp-content\/uploads\/2025\/09\/Titelbild-hell-anthrazit-750x563.jpg 750w\" sizes=\"auto, (max-width: 852px) 100vw, 852px\" \/><\/p>\n<p style=\"text-align: justify;\">Darf ich mich vorstellen? Mein Name ist Fiancino. Ich bin die Schwester der <span style=\"color: #0000ff;\"><a style=\"color: #0000ff;\" href=\"https:\/\/www.donhighend.de\/?page_id=7291\" target=\"_blank\" rel=\"noopener noreferrer\">Fianco<\/a><\/span>. Ok, ich bin etwas kleiner, was mich aber auch unauff\u00e4lliger und noch universeller einsetzbar macht. So spiele ich z. B. ganz hervorragend direkt vor einer Wand, oder als Effektlautsprecher bzw. Center in einem Heimkino Setup. Ich bin geschlossen, und im Bassbreich hilft mir ein Hochpasskondensator auf die Spr\u00fcnge. Zudem hat mein Entwickler daf\u00fcr gesorgt, dass mein Wirkungsgrad etwas niedriger liegt als der meiner Schwester. Daf\u00fcr spiele ich f\u00fcr meine nur knapp 4 Liter schmale Taille recht erwachsen auf.<\/p>\n<p style=\"text-align: justify;\">Wie bei der Fianco spielt auch in der Fiancino der bew\u00e4hrte <span style=\"color: #0000ff;\"><a style=\"color: #0000ff;\" href=\"https:\/\/sica.it\/prodotto\/5-5-c-15-cp\/\" target=\"_blank\" rel=\"noopener\">Sica Koax 5.5 C 1.5 CP<\/a><\/span>.<\/p>\n<p style=\"text-align: center;\"><img loading=\"lazy\" decoding=\"async\" class=\"aligncenter size-full wp-image-6819\" src=\"https:\/\/www.donhighend.de\/wp-content\/uploads\/2020\/05\/5.5C1.5CP-mit-Schrauben.jpg\" alt=\"\" width=\"600\" height=\"600\" srcset=\"https:\/\/www.donhighend.de\/wp-content\/uploads\/2020\/05\/5.5C1.5CP-mit-Schrauben.jpg 600w, https:\/\/www.donhighend.de\/wp-content\/uploads\/2020\/05\/5.5C1.5CP-mit-Schrauben-300x300.jpg 300w, https:\/\/www.donhighend.de\/wp-content\/uploads\/2020\/05\/5.5C1.5CP-mit-Schrauben-150x150.jpg 150w\" sizes=\"auto, (max-width: 600px) 100vw, 600px\" \/>Sica 5.5 C 1.5 CP<\/p>\n<p>&nbsp;<\/p>\n<p style=\"text-align: justify;\">Eine AJHorn Simulation zeigte n\u00e4mlich, dass das schmucke Chassis auch in einem kleinen GHP Geh\u00e4use eine sehr ordentliche, und f\u00fcr viele Einsatzbereiche geradezu pr\u00e4destinierte Performance bietet.<\/p>\n<p style=\"text-align: center;\"><img loading=\"lazy\" decoding=\"async\" class=\"aligncenter size-full wp-image-7391\" src=\"https:\/\/www.donhighend.de\/wp-content\/uploads\/2020\/09\/BR-vs.-GHP.jpg\" alt=\"\" width=\"575\" height=\"457\" srcset=\"https:\/\/www.donhighend.de\/wp-content\/uploads\/2020\/09\/BR-vs.-GHP.jpg 575w, https:\/\/www.donhighend.de\/wp-content\/uploads\/2020\/09\/BR-vs.-GHP-300x238.jpg 300w\" sizes=\"auto, (max-width: 575px) 100vw, 575px\" \/>Sica 5.5 C 1.5CP in 6 Litern BR vs. 4 Liter GHP<\/p>\n<p>&nbsp;<\/p>\n<p style=\"text-align: justify;\">Die GHP Simu (rot) zeigt eine untere Grenzfrequenz -3dB bei ca. 60 Hz, bei gegen\u00fcber der BR Variante reduziertem Pegel. Dies sollte bei der Beschaltung des kleinen Kubus nat\u00fcrlich ber\u00fccksichtigt werden.<\/p>\n<p style=\"text-align: justify;\">Die in das Simulationsprogramm XOver importierten Messungen zeigten, dass sich durch den Einbau des Chassis in einen Kubus der Effekt des Baffle Steps in einer sehr steilen Stufe zeigt. Das war bereits bei der gr\u00f6\u00dferen Schwester so.<\/p>\n<p style=\"text-align: center;\"><img loading=\"lazy\" decoding=\"async\" class=\"aligncenter size-full wp-image-7394\" src=\"https:\/\/www.donhighend.de\/wp-content\/uploads\/2020\/09\/tt-unbeschaltet-1.jpg\" alt=\"\" width=\"780\" height=\"520\" srcset=\"https:\/\/www.donhighend.de\/wp-content\/uploads\/2020\/09\/tt-unbeschaltet-1.jpg 780w, https:\/\/www.donhighend.de\/wp-content\/uploads\/2020\/09\/tt-unbeschaltet-1-300x200.jpg 300w, https:\/\/www.donhighend.de\/wp-content\/uploads\/2020\/09\/tt-unbeschaltet-1-768x512.jpg 768w, https:\/\/www.donhighend.de\/wp-content\/uploads\/2020\/09\/tt-unbeschaltet-1-750x500.jpg 750w\" sizes=\"auto, (max-width: 780px) 100vw, 780px\" \/>Fiancino Tiefmittelt\u00f6ner 0\u00b0 &#8211; 90\u00b0 unbeschaltet<\/p>\n<p>&nbsp;<\/p>\n<p style=\"text-align: center;\"><img loading=\"lazy\" decoding=\"async\" class=\"aligncenter size-full wp-image-7395\" src=\"https:\/\/www.donhighend.de\/wp-content\/uploads\/2020\/09\/ht-unbeschaltet-1.jpg\" alt=\"\" width=\"781\" height=\"517\" srcset=\"https:\/\/www.donhighend.de\/wp-content\/uploads\/2020\/09\/ht-unbeschaltet-1.jpg 781w, https:\/\/www.donhighend.de\/wp-content\/uploads\/2020\/09\/ht-unbeschaltet-1-300x199.jpg 300w, https:\/\/www.donhighend.de\/wp-content\/uploads\/2020\/09\/ht-unbeschaltet-1-768x508.jpg 768w, https:\/\/www.donhighend.de\/wp-content\/uploads\/2020\/09\/ht-unbeschaltet-1-750x496.jpg 750w\" sizes=\"auto, (max-width: 781px) 100vw, 781px\" \/>Fiancino Hocht\u00f6ner 0\u00b0 &#8211; 90\u00b0 unbeschaltet<\/p>\n<p>&nbsp;<\/p>\n<p style=\"text-align: justify;\">In der Simulation, deren Weichentopologie jener der Fianco sehr nah kommt, stellt sich ein insgesamt gutes Verhalten ein, welches auf Achse kleinere, durch Kantendiffraktion bedingte Unruhigkeiten mit sich bringt. Unter Winkeln bl\u00fcht die Fiancino jedoch auf. F\u00fcr einen Koaxiallautsprecher ist das Abstrahlverhalten mehr als nur gut. Letztlich habe ich mich dazu entschieden, eine Senke im unteren Mitteltonbereich in Kauf zu nehmen. Mit deutlich gr\u00f6\u00dferem Aufwand in der Beschaltung h\u00e4tte diese zwar verringert werden k\u00f6nnen. Akustisch stellt sie aber kein Problem dar. Ihre Intensit\u00e4t verliert sich unter Winkeln ohnehin. Gleichzeitig bleibt der Aufwand f\u00fcr die Beschaltung in sehr vertretbaren Grenzen.<\/p>\n<p style=\"text-align: center;\"><img loading=\"lazy\" decoding=\"async\" class=\"aligncenter size-full wp-image-7398\" src=\"https:\/\/www.donhighend.de\/wp-content\/uploads\/2020\/09\/Simulation-Fiancino-0\u00b0-90\u00b0.jpg\" alt=\"\" width=\"784\" height=\"517\" srcset=\"https:\/\/www.donhighend.de\/wp-content\/uploads\/2020\/09\/Simulation-Fiancino-0\u00b0-90\u00b0.jpg 784w, https:\/\/www.donhighend.de\/wp-content\/uploads\/2020\/09\/Simulation-Fiancino-0\u00b0-90\u00b0-300x198.jpg 300w, https:\/\/www.donhighend.de\/wp-content\/uploads\/2020\/09\/Simulation-Fiancino-0\u00b0-90\u00b0-768x506.jpg 768w, https:\/\/www.donhighend.de\/wp-content\/uploads\/2020\/09\/Simulation-Fiancino-0\u00b0-90\u00b0-750x495.jpg 750w\" sizes=\"auto, (max-width: 784px) 100vw, 784px\" \/>Fiancino Simulation 0\u00b0 &#8211; 90\u00b0<\/p>\n<p>&nbsp;<\/p>\n<p style=\"text-align: justify;\">Wie immer musste die auf Basis dieser Simulation gesteckte Weiche zeigen, ob die realen Messungen halten, was die virtuelle Beschaltung verspricht.<\/p>\n<p style=\"text-align: center;\"><img loading=\"lazy\" decoding=\"async\" class=\"aligncenter size-full wp-image-7401\" src=\"https:\/\/www.donhighend.de\/wp-content\/uploads\/2020\/09\/Fiancino-Messung-0\u00b0-90\u00b0.png\" alt=\"\" width=\"1000\" height=\"766\" srcset=\"https:\/\/www.donhighend.de\/wp-content\/uploads\/2020\/09\/Fiancino-Messung-0\u00b0-90\u00b0.png 1000w, https:\/\/www.donhighend.de\/wp-content\/uploads\/2020\/09\/Fiancino-Messung-0\u00b0-90\u00b0-300x230.png 300w, https:\/\/www.donhighend.de\/wp-content\/uploads\/2020\/09\/Fiancino-Messung-0\u00b0-90\u00b0-768x588.png 768w, https:\/\/www.donhighend.de\/wp-content\/uploads\/2020\/09\/Fiancino-Messung-0\u00b0-90\u00b0-750x575.png 750w\" sizes=\"auto, (max-width: 1000px) 100vw, 1000px\" \/>Fiancino Messung 0\u00b0 &#8211; 90\u00b0<\/p>\n<p>&nbsp;<\/p>\n<p style=\"text-align: justify;\">Nat\u00fcrlich stimmt die Messung sehr genau mit der obigen Simulation \u00fcberein. Das ist quasi immer so. Dennoch erfreut es das Entwicklerherz, wenn sich die von der Simulation prognostizierten Ergebnisse in der Praxis auch einstellen.<\/p>\n<p style=\"text-align: center;\"><img loading=\"lazy\" decoding=\"async\" class=\"aligncenter size-full wp-image-7403\" src=\"https:\/\/www.donhighend.de\/wp-content\/uploads\/2020\/09\/Fiancino-Messung-0\u00b0-Zweige.png\" alt=\"\" width=\"1000\" height=\"742\" srcset=\"https:\/\/www.donhighend.de\/wp-content\/uploads\/2020\/09\/Fiancino-Messung-0\u00b0-Zweige.png 1000w, https:\/\/www.donhighend.de\/wp-content\/uploads\/2020\/09\/Fiancino-Messung-0\u00b0-Zweige-300x223.png 300w, https:\/\/www.donhighend.de\/wp-content\/uploads\/2020\/09\/Fiancino-Messung-0\u00b0-Zweige-768x570.png 768w, https:\/\/www.donhighend.de\/wp-content\/uploads\/2020\/09\/Fiancino-Messung-0\u00b0-Zweige-750x557.png 750w\" sizes=\"auto, (max-width: 1000px) 100vw, 1000px\" \/>Fiancino Messung 0\u00b0 + Zweige<\/p>\n<p>&nbsp;<\/p>\n<p style=\"text-align: justify;\">Die Trennfrequenz liegt bei rund 2,6 kHz mit wunderbar symmetrisch verlaufenden Flanken, deren Schnittpunkt 6 dB unterhalb der Summenkurve verl\u00e4uft. Die Phasenlage ist somit einwandfrei. Die kleine Zacke in der abfallenden Flanke des Tiefmittelt\u00f6ners f\u00fchrt zu einer kleinen Schweinerei bei 5 kHz. Hier spinkst der Pegel des Hocht\u00f6ners kurz und minimal \u00fcber den Gesamtpegel hinaus. Geschenkt, da definitiv nicht h\u00f6rbar.<\/p>\n<p style=\"text-align: center;\"><img loading=\"lazy\" decoding=\"async\" class=\"aligncenter size-full wp-image-7404\" src=\"https:\/\/www.donhighend.de\/wp-content\/uploads\/2020\/09\/Fiancino-Messung-0\u00b0-Nah-und-Fernfeld-gefuegt-Freifeld-Impedanzverlauf.png\" alt=\"\" width=\"1000\" height=\"742\" srcset=\"https:\/\/www.donhighend.de\/wp-content\/uploads\/2020\/09\/Fiancino-Messung-0\u00b0-Nah-und-Fernfeld-gefuegt-Freifeld-Impedanzverlauf.png 1000w, https:\/\/www.donhighend.de\/wp-content\/uploads\/2020\/09\/Fiancino-Messung-0\u00b0-Nah-und-Fernfeld-gefuegt-Freifeld-Impedanzverlauf-300x223.png 300w, https:\/\/www.donhighend.de\/wp-content\/uploads\/2020\/09\/Fiancino-Messung-0\u00b0-Nah-und-Fernfeld-gefuegt-Freifeld-Impedanzverlauf-768x570.png 768w, https:\/\/www.donhighend.de\/wp-content\/uploads\/2020\/09\/Fiancino-Messung-0\u00b0-Nah-und-Fernfeld-gefuegt-Freifeld-Impedanzverlauf-750x557.png 750w\" sizes=\"auto, (max-width: 1000px) 100vw, 1000px\" \/>Fiancino Messung 0\u00b0 Fern- und Nahfeld gef\u00fcgt (Freifeld) + Impedanzverlauf<\/p>\n<p>&nbsp;<\/p>\n<p style=\"text-align: justify;\">Der Impedanzverlauf sinkt bei etwa 200 Hz nur schmalbandig knapp unter die 4 Ohm Marke. Eine hohe Betriebssicherheit mit quasi jedem ordentlichen Verst\u00e4rker ist also garantiert.<\/p>\n<p style=\"text-align: center;\"><img loading=\"lazy\" decoding=\"async\" class=\"aligncenter size-full wp-image-7407\" src=\"https:\/\/www.donhighend.de\/wp-content\/uploads\/2020\/09\/Weiche-mit-WZ.jpg\" alt=\"\" width=\"614\" height=\"417\" srcset=\"https:\/\/www.donhighend.de\/wp-content\/uploads\/2020\/09\/Weiche-mit-WZ.jpg 614w, https:\/\/www.donhighend.de\/wp-content\/uploads\/2020\/09\/Weiche-mit-WZ-300x204.jpg 300w\" sizes=\"auto, (max-width: 614px) 100vw, 614px\" \/>Fiancino Weichenplan<\/p>\n<p>&nbsp;<\/p>\n<h4 style=\"text-align: center;\"><span style=\"color: #0000ff;\"><a style=\"color: #0000ff;\" href=\"https:\/\/www.donhighend.de\/wp-content\/uploads\/2020\/09\/Warenkorb-16.06.2020.pdf\" target=\"_blank\" rel=\"noopener noreferrer\">Warenkorb f\u00fcr die Weichenteile der Fiancino im Quint-Store (Preisstand 16.09.2020)<\/a><\/span><\/h4>\n<p>&nbsp;<\/p>\n<p style=\"text-align: justify;\">Die Weichenschaltung f\u00e4llt recht moderat aus. \u00dcber den Parallelwiderstand des Spannungsteilers kann der Hochtobereich eingestellt werden. Die Messungen erfolgten mit dem 3,9 Ohm Widerstand. Der Einsatz eines 4,7 Ohm Typen f\u00fchrt zu etwa 1 dB mehr Hochtonenergie.<\/p>\n<p><img loading=\"lazy\" decoding=\"async\" class=\"aligncenter size-full wp-image-8428\" src=\"https:\/\/www.donhighend.de\/wp-content\/uploads\/2021\/06\/Bauplan-mit-WZ.jpg\" alt=\"\" width=\"1057\" height=\"670\" srcset=\"https:\/\/www.donhighend.de\/wp-content\/uploads\/2021\/06\/Bauplan-mit-WZ.jpg 1057w, https:\/\/www.donhighend.de\/wp-content\/uploads\/2021\/06\/Bauplan-mit-WZ-300x190.jpg 300w, https:\/\/www.donhighend.de\/wp-content\/uploads\/2021\/06\/Bauplan-mit-WZ-1024x649.jpg 1024w, https:\/\/www.donhighend.de\/wp-content\/uploads\/2021\/06\/Bauplan-mit-WZ-768x487.jpg 768w, https:\/\/www.donhighend.de\/wp-content\/uploads\/2021\/06\/Bauplan-mit-WZ-750x475.jpg 750w\" sizes=\"auto, (max-width: 1057px) 100vw, 1057px\" \/><\/p>\n<p style=\"text-align: center;\">Fiancino Bau- und Bed\u00e4mpfungsplan (vergr\u00f6\u00dfern -&gt; rechte Maustaste -&gt; Grafik anzeigen)<\/p>\n<p>&nbsp;<\/p>\n<p style=\"text-align: justify;\">Die Weichen- und Baupl\u00e4ne sind f\u00fcr private Nutzung freigegeben. Jegliche Form der gewerblichen Nutzung oder Verbreitung ohne vorherige Absprache ist untersagt und wird strafrechtlich verfolgt.<\/p>\n<p>Zum seinen Fiancino \u00e4u\u00dfert sich Chrissn H. aus der FB Gruppe wie folgt:<\/p>\n<blockquote>\n<div class=\"\" dir=\"auto\">\n<div id=\"jsc_c_f6\" class=\"ecm0bbzt hv4rvrfc ihqw7lf3 dati1w0a\" data-ad-comet-preview=\"message\" data-ad-preview=\"message\">\n<div class=\"j83agx80 cbu4d94t ew0dbk1b irj2b8pg\">\n<div class=\"qzhwtbm6 knvmm38d\">\n<div class=\"kvgmc6g5 cxmmr5t8 oygrvhab hcukyx3x c1et5uql ii04i59q\">\n<h5 dir=\"auto\" style=\"text-align: justify;\"><em><span style=\"color: #ff6600;\">Da stehen sie nun, die Fiancinos. Nur noch schleifen und lackieren und dann sind sie endlich fertig.<\/span><\/em><\/h5>\n<\/div>\n<div class=\"o9v6fnle cxmmr5t8 oygrvhab hcukyx3x c1et5uql ii04i59q\">\n<h5 dir=\"auto\" style=\"text-align: justify;\"><em><span style=\"color: #ff6600;\">Klangvergleich mit Heco Victa 201&#8230; Stimmen versteht man besser, die H\u00f6hen sind pr\u00e4ziser und dabei weniger nervig. Bassdrums knallen jetzt etwas besser. Denke das die Mitten und der Grundton einfach kerniger sind. Etwas Bass k\u00f6nnen sie schon auch wenn sie ab 80 Hz abfallen. Liegt wohl an der Aufstellung. Zusammen mit Subwoofer bei 80 Hz Trennung geht da jedoch einiges und laut geht auch. Well done, Alexander Gresler. Tolle Lautsprechercher!<\/span><\/em><\/h5>\n<\/div>\n<\/div>\n<\/div>\n<\/div>\n<\/div>\n<\/blockquote>\n<p>&nbsp;<\/p>\n","protected":false},"excerpt":{"rendered":"<p>Darf ich mich vorstellen? Mein Name ist Fiancino. Ich bin die Schwester der Fianco. Ok, ich bin etwas kleiner, was mich aber auch unauff\u00e4lliger und noch universeller einsetzbar macht. So spiele ich z. B. ganz hervorragend direkt vor einer Wand, oder als Effektlautsprecher bzw. Center in einem Heimkino Setup. Ich bin geschlossen, und im Bassbreich &hellip; <\/p>\n<p><a class=\"more-link btn\" href=\"https:\/\/www.donhighend.de\/?page_id=7349\">Weiterlesen<\/a><\/p>\n","protected":false},"author":1,"featured_media":11503,"parent":4401,"menu_order":958,"comment_status":"open","ping_status":"closed","template":"","meta":{"footnotes":""},"class_list":["post-7349","page","type-page","status-publish","has-post-thumbnail","hentry","nodate","item-wrap"],"_links":{"self":[{"href":"https:\/\/www.donhighend.de\/index.php?rest_route=\/wp\/v2\/pages\/7349","targetHints":{"allow":["GET"]}}],"collection":[{"href":"https:\/\/www.donhighend.de\/index.php?rest_route=\/wp\/v2\/pages"}],"about":[{"href":"https:\/\/www.donhighend.de\/index.php?rest_route=\/wp\/v2\/types\/page"}],"author":[{"embeddable":true,"href":"https:\/\/www.donhighend.de\/index.php?rest_route=\/wp\/v2\/users\/1"}],"replies":[{"embeddable":true,"href":"https:\/\/www.donhighend.de\/index.php?rest_route=%2Fwp%2Fv2%2Fcomments&post=7349"}],"version-history":[{"count":35,"href":"https:\/\/www.donhighend.de\/index.php?rest_route=\/wp\/v2\/pages\/7349\/revisions"}],"predecessor-version":[{"id":11504,"href":"https:\/\/www.donhighend.de\/index.php?rest_route=\/wp\/v2\/pages\/7349\/revisions\/11504"}],"up":[{"embeddable":true,"href":"https:\/\/www.donhighend.de\/index.php?rest_route=\/wp\/v2\/pages\/4401"}],"wp:featuredmedia":[{"embeddable":true,"href":"https:\/\/www.donhighend.de\/index.php?rest_route=\/wp\/v2\/media\/11503"}],"wp:attachment":[{"href":"https:\/\/www.donhighend.de\/index.php?rest_route=%2Fwp%2Fv2%2Fmedia&parent=7349"}],"curies":[{"name":"wp","href":"https:\/\/api.w.org\/{rel}","templated":true}]}}