{"id":7291,"date":"2020-09-04T19:39:33","date_gmt":"2020-09-04T18:39:33","guid":{"rendered":"http:\/\/www.donhighend.de\/?page_id=7291"},"modified":"2025-09-08T13:23:17","modified_gmt":"2025-09-08T12:23:17","slug":"fianco","status":"publish","type":"page","link":"https:\/\/www.donhighend.de\/?page_id=7291","title":{"rendered":"Fianco"},"content":{"rendered":"<p><img loading=\"lazy\" decoding=\"async\" class=\"aligncenter size-full wp-image-11506\" src=\"https:\/\/www.donhighend.de\/wp-content\/uploads\/2025\/09\/Titelbild.jpg\" alt=\"\" width=\"853\" height=\"640\" srcset=\"https:\/\/www.donhighend.de\/wp-content\/uploads\/2025\/09\/Titelbild.jpg 853w, https:\/\/www.donhighend.de\/wp-content\/uploads\/2025\/09\/Titelbild-300x225.jpg 300w, https:\/\/www.donhighend.de\/wp-content\/uploads\/2025\/09\/Titelbild-768x576.jpg 768w, https:\/\/www.donhighend.de\/wp-content\/uploads\/2025\/09\/Titelbild-750x563.jpg 750w\" sizes=\"auto, (max-width: 853px) 100vw, 853px\" \/><\/p>\n<p style=\"text-align: justify;\">Fianco ist italienisch und steht \u00fcbersetzt f\u00fcr Flanke. Flankieren, genau das k\u00f6nnen die kleinen Kuben in Verbindung mit mit der soeben ver\u00f6ffentlichten\u00a0 <a href=\"https:\/\/www.donhighend.de\/?page_id=6812\" target=\"_blank\" rel=\"noopener noreferrer\"><span style=\"color: #0000ff;\">Focus<\/span><\/a> und den <a href=\"https:\/\/www.donhighend.de\/?page_id=5291\" target=\"_blank\" rel=\"noopener noreferrer\"><span style=\"color: #0000ff;\">Italian Stallion<\/span><\/a> im Rahmen eines Heimkino Setups tun. Aber nicht nur das, die Fianco ist auch ein hervorragender PC- oder Monitor Lautsprecher, der mit seinem fr\u00fch und sanft abfallenden Bassbereich exakt die Bedingung erf\u00fcllt, um auf der Tischplatte keinen \u00fcberzogenen Bass zu produzieren. Um hier Missverst\u00e4ndnissen vorzubeugen sei angemerkt, dass die Fianco nicht bassarm ist. Lediglich die letzte Oktave in den Basskeller kann sie mit ihrem gerade einmal 6 Liter kleinen Volumen nicht mehr stemmen. So eignet sie sich auch wunderbar f\u00fcr eine Aufstellung direkt an einer Wand.<\/p>\n<p style=\"text-align: justify;\">Her(t)zst\u00fcck der Konstruktion ist der bereits in der <a href=\"https:\/\/www.donhighend.de\/?page_id=6812\" target=\"_blank\" rel=\"noopener noreferrer\"><span style=\"color: #0000ff;\">Focus<\/span><\/a> eingesetzte Koax <a href=\"https:\/\/sica.it\/prodotto\/5-5-c-15-cp\/\" target=\"_blank\" rel=\"noopener\"><span style=\"color: #0000ff;\">5.5 C 1.5 CP<\/span><\/a> des italienischen Herstellers Sica.<\/p>\n<p style=\"text-align: center;\"><img loading=\"lazy\" decoding=\"async\" class=\"aligncenter size-full wp-image-6819\" src=\"https:\/\/www.donhighend.de\/wp-content\/uploads\/2020\/05\/5.5C1.5CP-mit-Schrauben.jpg\" alt=\"\" width=\"600\" height=\"600\" srcset=\"https:\/\/www.donhighend.de\/wp-content\/uploads\/2020\/05\/5.5C1.5CP-mit-Schrauben.jpg 600w, https:\/\/www.donhighend.de\/wp-content\/uploads\/2020\/05\/5.5C1.5CP-mit-Schrauben-300x300.jpg 300w, https:\/\/www.donhighend.de\/wp-content\/uploads\/2020\/05\/5.5C1.5CP-mit-Schrauben-150x150.jpg 150w\" sizes=\"auto, (max-width: 600px) 100vw, 600px\" \/>Sica 5.5 C 1.5 CP<\/p>\n<p>&nbsp;<\/p>\n<p style=\"text-align: justify;\">Das kleine Prachtst\u00fcck ist zwar von seinem TSP Satz nicht ganz so kr\u00e4ftig aufgestellt wie sein ohne Hocht\u00f6ner werkelnder Bruder 5.5 H 1.5 CP , aber f\u00fcr eine sehr ordentliche Performance im gew\u00fcnschten Rahmen reicht es allemal.<\/p>\n<p style=\"text-align: center;\"><img loading=\"lazy\" decoding=\"async\" class=\"aligncenter size-full wp-image-7299\" src=\"https:\/\/www.donhighend.de\/wp-content\/uploads\/2020\/09\/TSP.gif\" alt=\"\" width=\"800\" height=\"716\" \/>TSP Sica 5.5 C 1.5 CP<\/p>\n<p>&nbsp;<\/p>\n<p style=\"text-align: justify;\">Die TSP Schwankungen sind sehr gering und f\u00fchren zu quasi identischen Abstimmungen.\u00a0 Optimal arbeitet das Chassis in 8 Litern. Um das Geh\u00e4use aber tauglicher f\u00fcr den genannten Einsatz zu machen, bekam der Koax 6 Liter Luft auf den R\u00fccken geschnallt. Die Performance f\u00e4llt nur minimal zur\u00fcck. In der Praxis d\u00fcrfte das keine nennenswerten Auswirkungen mit sich bringen.<\/p>\n<p><img loading=\"lazy\" decoding=\"async\" class=\"aligncenter size-full wp-image-7301\" src=\"https:\/\/www.donhighend.de\/wp-content\/uploads\/2020\/09\/6-zu-8-Litern.jpg\" alt=\"\" width=\"552\" height=\"417\" srcset=\"https:\/\/www.donhighend.de\/wp-content\/uploads\/2020\/09\/6-zu-8-Litern.jpg 552w, https:\/\/www.donhighend.de\/wp-content\/uploads\/2020\/09\/6-zu-8-Litern-300x227.jpg 300w\" sizes=\"auto, (max-width: 552px) 100vw, 552px\" \/><\/p>\n<p style=\"text-align: center;\">Sica 5.5 C 1.5 CP in 6 Litern vs. 8 Litern<\/p>\n<p>&nbsp;<\/p>\n<p style=\"text-align: justify;\">Die Messung des unbeschalteten Tiefmittelt\u00f6ners offenbart eine Besonderheit, die das kubische Geh\u00e4use mit sich bringt. Zeigt sich der Effekt des Baffle Step in einem rechteckigen Geh\u00e4use eher in einem allm\u00e4hlich ansteigenden Verlauf, verh\u00e4lt es sich durch die identische Kantenentfernung\u00a0 zu allen Seiten hier in der Tat quasi als Stufe.<\/p>\n<p style=\"text-align: center;\"><img loading=\"lazy\" decoding=\"async\" class=\"aligncenter size-full wp-image-7304\" src=\"https:\/\/www.donhighend.de\/wp-content\/uploads\/2020\/09\/TT-unbeschaltet.jpg\" alt=\"\" width=\"783\" height=\"514\" srcset=\"https:\/\/www.donhighend.de\/wp-content\/uploads\/2020\/09\/TT-unbeschaltet.jpg 783w, https:\/\/www.donhighend.de\/wp-content\/uploads\/2020\/09\/TT-unbeschaltet-300x197.jpg 300w, https:\/\/www.donhighend.de\/wp-content\/uploads\/2020\/09\/TT-unbeschaltet-768x504.jpg 768w, https:\/\/www.donhighend.de\/wp-content\/uploads\/2020\/09\/TT-unbeschaltet-750x492.jpg 750w\" sizes=\"auto, (max-width: 783px) 100vw, 783px\" \/>Fianco TMT unbeschaltet<\/p>\n<p>&nbsp;<\/p>\n<p>Dieser Effekt wird bei der Beschaltung etwas mehr Aufwand erfordern. Die Messung des unbeschalteten Hocht\u00f6ners zeigt eine sehr gro\u00dfe \u00c4hnlichkeit mit seiner Messung im Geh\u00e4use der <span style=\"color: #0000ff;\"><a style=\"color: #0000ff;\" href=\"https:\/\/www.donhighend.de\/?page_id=6812\" target=\"_blank\" rel=\"noopener noreferrer\">Focus<\/a><\/span>.<\/p>\n<p style=\"text-align: center;\"><img loading=\"lazy\" decoding=\"async\" class=\"aligncenter size-full wp-image-7305\" src=\"https:\/\/www.donhighend.de\/wp-content\/uploads\/2020\/09\/HT-unbeschaltet.jpg\" alt=\"\" width=\"782\" height=\"518\" srcset=\"https:\/\/www.donhighend.de\/wp-content\/uploads\/2020\/09\/HT-unbeschaltet.jpg 782w, https:\/\/www.donhighend.de\/wp-content\/uploads\/2020\/09\/HT-unbeschaltet-300x199.jpg 300w, https:\/\/www.donhighend.de\/wp-content\/uploads\/2020\/09\/HT-unbeschaltet-768x509.jpg 768w, https:\/\/www.donhighend.de\/wp-content\/uploads\/2020\/09\/HT-unbeschaltet-750x497.jpg 750w\" sizes=\"auto, (max-width: 782px) 100vw, 782px\" \/>Fianco HT unbeschaltet<\/p>\n<p>&nbsp;<\/p>\n<p style=\"text-align: justify;\">Die den Hocht\u00f6ner umrahmende Membran des Tiefmittelt\u00f6ners ist hier f\u00fcr den Verlauf ma\u00dfgeblich entscheidend.<\/p>\n<p style=\"text-align: center;\"><img loading=\"lazy\" decoding=\"async\" class=\"aligncenter size-full wp-image-7307\" src=\"https:\/\/www.donhighend.de\/wp-content\/uploads\/2020\/09\/Fianco-Simu-final.jpg\" alt=\"\" width=\"782\" height=\"518\" srcset=\"https:\/\/www.donhighend.de\/wp-content\/uploads\/2020\/09\/Fianco-Simu-final.jpg 782w, https:\/\/www.donhighend.de\/wp-content\/uploads\/2020\/09\/Fianco-Simu-final-300x199.jpg 300w, https:\/\/www.donhighend.de\/wp-content\/uploads\/2020\/09\/Fianco-Simu-final-768x509.jpg 768w, https:\/\/www.donhighend.de\/wp-content\/uploads\/2020\/09\/Fianco-Simu-final-750x497.jpg 750w\" sizes=\"auto, (max-width: 782px) 100vw, 782px\" \/>Fianco Simulation 0\u00b0 &#8211; 90\u00b0<\/p>\n<p>&nbsp;<\/p>\n<p style=\"text-align: justify;\">Nach einigen Versuchen war schlie\u00dflich eine Beschaltung gefunden, die, wie bereits bei der <span style=\"color: #0000ff;\"><a style=\"color: #0000ff;\" href=\"https:\/\/www.donhighend.de\/?page_id=6812\" target=\"_blank\" rel=\"noopener noreferrer\">Focus<\/a><\/span>, nicht zu einem Abstrahlwunder f\u00fchrt, wohl aber zu einem f\u00fcr einen Koax sehr guten Ergebnis. Nur wenige Koaxialchassis verhalten sich so gutm\u00fctig.<\/p>\n<p style=\"text-align: center;\"><img loading=\"lazy\" decoding=\"async\" class=\"aligncenter size-full wp-image-7310\" src=\"https:\/\/www.donhighend.de\/wp-content\/uploads\/2020\/09\/Fianco-0\u00b0-90\u00b0.png\" alt=\"\" width=\"1000\" height=\"766\" srcset=\"https:\/\/www.donhighend.de\/wp-content\/uploads\/2020\/09\/Fianco-0\u00b0-90\u00b0.png 1000w, https:\/\/www.donhighend.de\/wp-content\/uploads\/2020\/09\/Fianco-0\u00b0-90\u00b0-300x230.png 300w, https:\/\/www.donhighend.de\/wp-content\/uploads\/2020\/09\/Fianco-0\u00b0-90\u00b0-768x588.png 768w, https:\/\/www.donhighend.de\/wp-content\/uploads\/2020\/09\/Fianco-0\u00b0-90\u00b0-750x575.png 750w\" sizes=\"auto, (max-width: 1000px) 100vw, 1000px\" \/>Fianco gefensterte Messung 0\u00b0 &#8211; 90\u00b0<\/p>\n<p>&nbsp;<\/p>\n<p>Die \u00dcbereinstimmung mit der Simulation ist, wie immer bei sorgf\u00e4ltiger Aufbereitung und Einspeisung der Messdateien, sehr hoch.<\/p>\n<p style=\"text-align: center;\"><img loading=\"lazy\" decoding=\"async\" class=\"aligncenter size-full wp-image-7311\" src=\"https:\/\/www.donhighend.de\/wp-content\/uploads\/2020\/09\/Fianco-0\u00b0-Zweige.png\" alt=\"\" width=\"1000\" height=\"742\" srcset=\"https:\/\/www.donhighend.de\/wp-content\/uploads\/2020\/09\/Fianco-0\u00b0-Zweige.png 1000w, https:\/\/www.donhighend.de\/wp-content\/uploads\/2020\/09\/Fianco-0\u00b0-Zweige-300x223.png 300w, https:\/\/www.donhighend.de\/wp-content\/uploads\/2020\/09\/Fianco-0\u00b0-Zweige-768x570.png 768w, https:\/\/www.donhighend.de\/wp-content\/uploads\/2020\/09\/Fianco-0\u00b0-Zweige-750x557.png 750w\" sizes=\"auto, (max-width: 1000px) 100vw, 1000px\" \/>Fianco gefensterte Messung 0\u00b0 + Zweige<\/p>\n<p>&nbsp;<\/p>\n<p style=\"text-align: justify;\">Die Trennung erfolgt bei etwa 2,6 kHz mit einem Schnittpunkt der Flanken 6dB unterhalb der Summenkurve. Dies attestiert eine korrekte Phasenlage.<\/p>\n<p style=\"text-align: center;\"><img loading=\"lazy\" decoding=\"async\" class=\"aligncenter size-full wp-image-7312\" src=\"https:\/\/www.donhighend.de\/wp-content\/uploads\/2020\/09\/Fianco-0\u00b0-incl.-Nahfeld-und-Portanteil-Freifeld.png\" alt=\"\" width=\"1000\" height=\"742\" srcset=\"https:\/\/www.donhighend.de\/wp-content\/uploads\/2020\/09\/Fianco-0\u00b0-incl.-Nahfeld-und-Portanteil-Freifeld.png 1000w, https:\/\/www.donhighend.de\/wp-content\/uploads\/2020\/09\/Fianco-0\u00b0-incl.-Nahfeld-und-Portanteil-Freifeld-300x223.png 300w, https:\/\/www.donhighend.de\/wp-content\/uploads\/2020\/09\/Fianco-0\u00b0-incl.-Nahfeld-und-Portanteil-Freifeld-768x570.png 768w, https:\/\/www.donhighend.de\/wp-content\/uploads\/2020\/09\/Fianco-0\u00b0-incl.-Nahfeld-und-Portanteil-Freifeld-750x557.png 750w\" sizes=\"auto, (max-width: 1000px) 100vw, 1000px\" \/>Fianco Messung 0\u00b0 incl. Nahfeld und Portanteil sowie Impedanzverlauf (Freifeldbedingungen)<\/p>\n<p>&nbsp;<\/p>\n<p style=\"text-align: justify;\">Um das Geh\u00e4use der Fianco optisch etwas aufzuh\u00fcbschen, wurde der Port als Kanal entlang der R\u00fcckwand ausgef\u00fchrt. Sollten die Fianco z. B. als Heights in einem HK Setup eingesetzt werden, kann der Kubus so ausgerichtet werden, dass der Port entweder zu einer Seite oder auch nach unten gerichtet ist. Optisch ist das deutlich attraktiver als der Blick in ein kreisrundes Plastikrohr.<\/p>\n<p style=\"text-align: center;\"><img loading=\"lazy\" decoding=\"async\" class=\"aligncenter size-full wp-image-7318\" src=\"https:\/\/www.donhighend.de\/wp-content\/uploads\/2020\/09\/k-8.jpg\" alt=\"\" width=\"800\" height=\"600\" srcset=\"https:\/\/www.donhighend.de\/wp-content\/uploads\/2020\/09\/k-8.jpg 800w, https:\/\/www.donhighend.de\/wp-content\/uploads\/2020\/09\/k-8-300x225.jpg 300w, https:\/\/www.donhighend.de\/wp-content\/uploads\/2020\/09\/k-8-768x576.jpg 768w, https:\/\/www.donhighend.de\/wp-content\/uploads\/2020\/09\/k-8-750x563.jpg 750w\" sizes=\"auto, (max-width: 800px) 100vw, 800px\" \/>Fianco BR Kanal noch ohne R\u00fcckwand<\/p>\n<p>&nbsp;<\/p>\n<p><img loading=\"lazy\" decoding=\"async\" class=\"aligncenter size-full wp-image-7319\" src=\"https:\/\/www.donhighend.de\/wp-content\/uploads\/2020\/09\/k-9.jpg\" alt=\"\" width=\"800\" height=\"600\" srcset=\"https:\/\/www.donhighend.de\/wp-content\/uploads\/2020\/09\/k-9.jpg 800w, https:\/\/www.donhighend.de\/wp-content\/uploads\/2020\/09\/k-9-300x225.jpg 300w, https:\/\/www.donhighend.de\/wp-content\/uploads\/2020\/09\/k-9-768x576.jpg 768w, https:\/\/www.donhighend.de\/wp-content\/uploads\/2020\/09\/k-9-750x563.jpg 750w\" sizes=\"auto, (max-width: 800px) 100vw, 800px\" \/><\/p>\n<p style=\"text-align: center;\">Fianco BR Port mit aufgesetzter R\u00fcckwand<\/p>\n<p>&nbsp;<\/p>\n<p style=\"text-align: justify;\">Um m\u00f6glichst wenig Volumen zu &#8222;stehlen&#8220; wurde der Port aus 10 mm starkem Material gefertigt.<\/p>\n<p style=\"text-align: justify;\">Wie bereits erw\u00e4hnt, erfordert der sehr steile Anstieg des Baffle Steps etwas mehr Aufmerksamkeit bei der Beschaltung.<\/p>\n<p><img loading=\"lazy\" decoding=\"async\" class=\"aligncenter size-full wp-image-7327\" src=\"https:\/\/www.donhighend.de\/wp-content\/uploads\/2020\/09\/Fianco-Weiche-final-mit-WZ.jpg\" alt=\"\" width=\"589\" height=\"487\" srcset=\"https:\/\/www.donhighend.de\/wp-content\/uploads\/2020\/09\/Fianco-Weiche-final-mit-WZ.jpg 589w, https:\/\/www.donhighend.de\/wp-content\/uploads\/2020\/09\/Fianco-Weiche-final-mit-WZ-300x248.jpg 300w\" sizes=\"auto, (max-width: 589px) 100vw, 589px\" \/><\/p>\n<p style=\"text-align: center;\">Fianco Weichenplan<\/p>\n<p>&nbsp;<\/p>\n<h4 style=\"text-align: center;\"><a href=\"https:\/\/www.donhighend.de\/wp-content\/uploads\/2020\/09\/Warenkorb-Fianco-07.09.2020.pdf\" target=\"_blank\" rel=\"noopener noreferrer\"><span style=\"color: #0000ff;\">Warenkorb f\u00fcr die Weichenteile der Fianco im Quint-Store (Preisstand 07.09.2020)<\/span><\/a><\/h4>\n<p><img loading=\"lazy\" decoding=\"async\" class=\"aligncenter size-full wp-image-8431\" src=\"https:\/\/www.donhighend.de\/wp-content\/uploads\/2021\/06\/Bauplan-mit-WZ-1.jpg\" alt=\"\" width=\"1057\" height=\"744\" srcset=\"https:\/\/www.donhighend.de\/wp-content\/uploads\/2021\/06\/Bauplan-mit-WZ-1.jpg 1057w, https:\/\/www.donhighend.de\/wp-content\/uploads\/2021\/06\/Bauplan-mit-WZ-1-300x211.jpg 300w, https:\/\/www.donhighend.de\/wp-content\/uploads\/2021\/06\/Bauplan-mit-WZ-1-1024x721.jpg 1024w, https:\/\/www.donhighend.de\/wp-content\/uploads\/2021\/06\/Bauplan-mit-WZ-1-768x541.jpg 768w, https:\/\/www.donhighend.de\/wp-content\/uploads\/2021\/06\/Bauplan-mit-WZ-1-750x528.jpg 750w\" sizes=\"auto, (max-width: 1057px) 100vw, 1057px\" \/><\/p>\n<p style=\"text-align: center;\">Fianco Bau- und Bed\u00e4mpfungsplan (vergr\u00f6\u00dfern -&gt; rechte Maustaste -&gt; Grafik anzeigen)<\/p>\n<p>&nbsp;<\/p>\n<p style=\"text-align: justify;\">Die Weichen- und Baupl\u00e4ne sind f\u00fcr private Nutzung freigegeben. Jegliche Form der gewerblichen Nutzung oder Verbreitung ohne vorherige Absprache ist untersagt und wird strafrechtlich verfolgt.<\/p>\n<p style=\"text-align: justify;\">Wie klingt&#8217;s denn nun? Ziemlich erwachsen kann man sagen. Die Fianco klingt weder sehr schlank noch bassarm, wie der Freifeld Frequenzgang vielleicht suggeriert. Klar, sie ist kein Bassmonster, aber selbst bei freier Aufstellung ist der Klang warm und l\u00e4sst bei den meisten Musikst\u00fccken nichts vermissen. Die Messungen erfolgten mit dem 6,8 Ohm Parallelwiderstand im Spannungsteiler. Wer einen Ticken mehr im Hochtonbereich w\u00fcnscht, w\u00e4hlt den 8,2 Ohm Typen. Der Bass ist also nicht d\u00fcnn, aber eben nicht sehr tief. Mit einer Wand im R\u00fccken oder einer Tischplatte darunter sieht das nochmal anders aus. Wer etwa 1dB mehr Pagel im Bass, aber dann auch im Grundtonbereich w\u00fcnscht, ersetzt die 1mH 0,7mm Draht Spule mit 0,85 Ohm im Tiefpass durch eine solche mit 1mm Draht und 0,48 Ohm. Die R\u00e4umlichkeit und Ortbarkeit von Instrumenten und Stimmen ist hervorragend. Auch kritische Stimmen meistert die Fianco hervorragend. Klarer Fall von mehr Sein als Schein&#8230;<\/p>\n<p>FB Gruppenmitglied Chris Tu schreibt zum Klang seiner Fianco<\/p>\n<blockquote>\n<div class=\"\" dir=\"auto\">\n<div id=\"jsc_c_9g\" class=\"ecm0bbzt hv4rvrfc ihqw7lf3 dati1w0a\" data-ad-comet-preview=\"message\" data-ad-preview=\"message\">\n<div class=\"j83agx80 cbu4d94t ew0dbk1b irj2b8pg\">\n<div class=\"qzhwtbm6 knvmm38d\">\n<div class=\"kvgmc6g5 cxmmr5t8 oygrvhab hcukyx3x c1et5uql ii04i59q\">\n<h5 dir=\"auto\"><em><span style=\"color: #ff6600;\">Fianco ist endlich fertig wow ich bin beeindruckt, was aus den 6L rauskommt. <\/span><\/em><em><span style=\"color: #ff6600;\">Eigentlich zu schade was ich mit denen vor habe (Atmos Lautsprecher f\u00fcr die Decke). <\/span><\/em><em><span style=\"color: #ff6600;\">Am liebsten w\u00fcrde ich die als Stereo Verwenden. Nora Jones Einfach Top.<\/span><\/em><\/h5>\n<\/div>\n<\/div>\n<\/div>\n<\/div>\n<\/div>\n<\/blockquote>\n<p>&nbsp;<\/p>\n<p>Melo D. schreibt in unserer FB Gruppe:<\/p>\n<blockquote>\n<h5 dir=\"auto\"><span style=\"color: #ff6600;\"><em>Klingt zusammen mit meinem Iceamp (50asx2 se) richtig gut. <\/em><em>Vielen Dank Alexander f\u00fcr diese gelungene Konstruktion.<\/em><\/span><\/h5>\n<\/blockquote>\n<p>&nbsp;<\/p>\n<p>FB Gruppenmitglied Andreas P. schreibt:<\/p>\n<blockquote>\n<h5 style=\"text-align: justify;\"><em><span style=\"color: #ff6600;\">Mit <a style=\"color: #ff6600;\" title=\"https:\/\/www.donhighend.de\/?page_id=7291\" href=\"https:\/\/www.donhighend.de\/?page_id=7291\" target=\"_blank\" rel=\"noopener\">Fianco<\/a> und <a style=\"color: #ff6600;\" title=\"https:\/\/www.donhighend.de\/?page_id=6812\" href=\"https:\/\/www.donhighend.de\/?page_id=6812\" target=\"_blank\" rel=\"noopener\">Focus<\/a> hat Alexander Gresler zwei tolle Entwicklungen im Portfolio. Ich vermute, dass sie, wie bei mir, recht h\u00e4ufig im Heimkino ihr Dasein fristen. Mit beiden kann man aber auch wunderbar Musik geniessen. Ich habe es getestet. Toll. Der Focus musste (leider) hinter Stoff im Lowboard verschwinden. Etwas eingewinkelt und per AVR eingemessen ist das trotzdem ein gnadenlos guter Center!<\/span><\/em><\/h5>\n<\/blockquote>\n<p>&nbsp;<\/p>\n<p>User Skaladesign schreibt in einem Forum:<\/p>\n<blockquote>\n<h5 style=\"text-align: justify;\"><span style=\"color: #ff6600;\"><em>Zuspieler nat\u00fcrlich erstmal Analog. Mit Shure M95 und Jico. Verst\u00e4rker Technics SU-7700. <\/em><\/span><br \/>\n<span style=\"color: #ff6600;\"><em>Zu Anfang, wie soll es anders sein, erstmal die \u00fcblichen Verd\u00e4chtigen&#8230;.. Dire Straits und Mhmmmmm, irgendwie nicht so wie ich es mir gedacht habe. Ich kann es gar nicht so wirklich beschreiben aber die kleine Box ist sehr zur\u00fcckhaltend, eher eine prima Ballerina, als eine Cubus Maximus. Stimme und Mitten sehr dominant, untenrum fehlte mir aber was. Klar kann die kleine Box nicht mit der darunter stehenden 23\/3 mithalten dachte ich mir&#8230;.. ABER. Meine Gattin war mit dem telefonieren fertig, und ich dreh den Regler nur zwei Raster weiter auf und den Bass am Amp auf 2 Uhr. Dann Annie Lennox Diva und Falco`s Jeanny&#8230; ich bin vonne Socken Kollegen. Der kleine Teenie wird in k\u00fcrzester Zeit erwachsen. Ein wenig mehr Leistung ben\u00f6tigt die Box und macht richtig freude. <\/em><\/span><\/h5>\n<h5 style=\"text-align: justify;\"><span style=\"color: #ff6600;\"><em>Ich h\u00e4tte jetzt Stunden weitermachen k\u00f6nnen, aber meine Gattin kommt ins Zimmer&#8230;..&#8220;oh die sind aber sch\u00f6n&#8220; &#8222;bleiben die da stehen ?&#8220; &#8222;spielen jetzt etwa die kleinen?&#8220; &#8222;Sieht gut aus, ich w\u00fcrde die d stehen lassen&#8220;. Alles soweit positiv <img decoding=\"async\" src=\"http:\/\/www.hifi-forum.de\/images\/smilies\/4.gif\" border=\"0\" \/> Aber dann: &#8222;wir k\u00f6nnen jetzt die Serie schauen, ich bin fertig&#8220; <img decoding=\"async\" src=\"http:\/\/www.hifi-forum.de\/images\/smilies\/8.gif\" border=\"0\" \/> <\/em><\/span><\/h5>\n<h5 style=\"text-align: justify;\"><span style=\"color: #ff6600;\"><em>Ja Okay, ein Titel noch &#8230;&#8230;. Patrick Kelly &#8211; Blurry Eyes von der LP Boats.<\/em><\/span><br \/>\n<span style=\"color: #ff6600;\"><em>Krasser Auftritt dieses kleinen unscheinbaren W\u00fcrfels, welcher ja eigentlich die schlechteste Geometrie haben soll. Das scheint den kleinen italienischem Koax nicht zu st\u00f6ren. Hier hat der Entwickler ganze Arbeit geleistet und den Piccolo gut beschaltet. Respekt. <\/em><\/span><\/h5>\n<h5 style=\"text-align: justify;\"><span style=\"color: #ff6600;\"><em>Fazit: Ich bin \u00fcber das Ergebniss mehr als zufrieden. Heute Abend werde ich den mal mit digitalen Flacs befeuern und dann Bericht erstatten. Wer also das erste mal eine Box bauen m\u00f6chte und nicht so das gro\u00dfe Musikzimmer hat, der sollte sich mal an diesen Bauvorschlag machen. Auch in einem weniger aufw\u00e4ndigem Geh\u00e4use spielt er genauso gut.. Uneingeschr\u00e4nkte Empfehlung des Bausatzes k\u00f6nnte man sagen. <\/em><\/span><\/h5>\n<h5 style=\"text-align: justify;\"><span style=\"color: #ff6600;\"><em>Bleibt noch die eigentlich letzte Frage offen &#8230;&#8230;.. Cubus Maximus, mit italienischem Koax, beides mit viel Handarbeit gefertigt, oder DeVore micr\/O <img decoding=\"async\" src=\"http:\/\/www.hifi-forum.de\/images\/smilies\/5.gif\" border=\"0\" \/><\/em><\/span><\/h5>\n<\/blockquote>\n<p>Und im weiteren Verlauf:<\/p>\n<blockquote>\n<h5 style=\"text-align: justify;\"><span style=\"color: #ff6600;\"><em>&#8230;&#8230;. unglaublich was da raus kommt&#8230;&#8230; Mein Sohn hat es nicht glauben wollen und den versteckten Sub gesucht <img decoding=\"async\" src=\"http:\/\/www.hifi-forum.de\/images\/smilies\/4.gif\" border=\"0\" \/> und mit den H\u00e4nden an den Subwoofern gefasst. <\/em><\/span><\/h5>\n<h5><span style=\"color: #ff6600;\"><em>Auf jeden Fall, bleiben die jetzt da stehen.<\/em><\/span><\/h5>\n<\/blockquote>\n<p>&nbsp;<\/p>\n<p>FB Gruppenmitglied Chrissn H. schreibt:<\/p>\n<blockquote>\n<div class=\"xdj266r x11i5rnm xat24cr x1mh8g0r x1vvkbs\">\n<h5 dir=\"auto\" style=\"text-align: justify;\"><span style=\"color: #ff6600;\"><em>Die kleinen sind wirklich richtig gro\u00df. Mir gefallen die eher weichen H\u00f6hen,was sie sehr spielfreudig macht.<\/em><\/span><\/h5>\n<h5 dir=\"auto\" style=\"text-align: justify;\"><span style=\"color: #ff6600;\"><em>Wenn es nicht zwingend laut wird, ist es imho der beste Kompaktlautsprecher den ich je h\u00f6rte. F\u00fcr mehr Pegel ist eine Bassbefreiung und Subwooferunterst\u00fctzung allerdings unumg\u00e4nglich. Da selbst diese Kombi f\u00fcr mich etwas zu leise war habe ich auf Fokus erweitert denn wenn ich laut h\u00f6re, dann wirklich laut. Dank an meine tolleranten Nachbarn.<\/em><\/span><\/h5>\n<h5 dir=\"auto\" style=\"text-align: justify;\"><span style=\"color: #ff6600;\"><em>F\u00fcr ein gutes Heimkino sind die Kleinen aber wirklich was feines und sollten auch genug Dynamikreserven mitbringen.<\/em><\/span><\/h5>\n<\/div>\n<\/blockquote>\n","protected":false},"excerpt":{"rendered":"<p>Fianco ist italienisch und steht \u00fcbersetzt f\u00fcr Flanke. Flankieren, genau das k\u00f6nnen die kleinen Kuben in Verbindung mit mit der soeben ver\u00f6ffentlichten\u00a0 Focus und den Italian Stallion im Rahmen eines Heimkino Setups tun. Aber nicht nur das, die Fianco ist auch ein hervorragender PC- oder Monitor Lautsprecher, der mit seinem fr\u00fch und sanft abfallenden Bassbereich &hellip; <\/p>\n<p><a class=\"more-link btn\" href=\"https:\/\/www.donhighend.de\/?page_id=7291\">Weiterlesen<\/a><\/p>\n","protected":false},"author":1,"featured_media":11506,"parent":4401,"menu_order":959,"comment_status":"open","ping_status":"closed","template":"","meta":{"footnotes":""},"class_list":["post-7291","page","type-page","status-publish","has-post-thumbnail","hentry","nodate","item-wrap"],"_links":{"self":[{"href":"https:\/\/www.donhighend.de\/index.php?rest_route=\/wp\/v2\/pages\/7291","targetHints":{"allow":["GET"]}}],"collection":[{"href":"https:\/\/www.donhighend.de\/index.php?rest_route=\/wp\/v2\/pages"}],"about":[{"href":"https:\/\/www.donhighend.de\/index.php?rest_route=\/wp\/v2\/types\/page"}],"author":[{"embeddable":true,"href":"https:\/\/www.donhighend.de\/index.php?rest_route=\/wp\/v2\/users\/1"}],"replies":[{"embeddable":true,"href":"https:\/\/www.donhighend.de\/index.php?rest_route=%2Fwp%2Fv2%2Fcomments&post=7291"}],"version-history":[{"count":37,"href":"https:\/\/www.donhighend.de\/index.php?rest_route=\/wp\/v2\/pages\/7291\/revisions"}],"predecessor-version":[{"id":11507,"href":"https:\/\/www.donhighend.de\/index.php?rest_route=\/wp\/v2\/pages\/7291\/revisions\/11507"}],"up":[{"embeddable":true,"href":"https:\/\/www.donhighend.de\/index.php?rest_route=\/wp\/v2\/pages\/4401"}],"wp:featuredmedia":[{"embeddable":true,"href":"https:\/\/www.donhighend.de\/index.php?rest_route=\/wp\/v2\/media\/11506"}],"wp:attachment":[{"href":"https:\/\/www.donhighend.de\/index.php?rest_route=%2Fwp%2Fv2%2Fmedia&parent=7291"}],"curies":[{"name":"wp","href":"https:\/\/api.w.org\/{rel}","templated":true}]}}