{"id":715,"date":"2011-05-03T12:29:14","date_gmt":"2011-05-03T12:29:14","guid":{"rendered":"http:\/\/www.donhighend.de\/?page_id=715"},"modified":"2024-06-13T12:22:08","modified_gmt":"2024-06-13T11:22:08","slug":"mo-rock-oh","status":"publish","type":"page","link":"https:\/\/www.donhighend.de\/?page_id=715","title":{"rendered":"Mo-Rock-Oh"},"content":{"rendered":"<p><a href=\"https:\/\/www.donhighend.de\/wp-content\/uploads\/2011\/05\/k-IMG_0504.jpg\"><img loading=\"lazy\" decoding=\"async\" class=\"aligncenter size-full wp-image-767\" title=\"k-IMG_0504\" src=\"https:\/\/www.donhighend.de\/wp-content\/uploads\/2011\/05\/k-IMG_0504.jpg\" alt=\"\" width=\"480\" height=\"640\" srcset=\"https:\/\/www.donhighend.de\/wp-content\/uploads\/2011\/05\/k-IMG_0504.jpg 480w, https:\/\/www.donhighend.de\/wp-content\/uploads\/2011\/05\/k-IMG_0504-225x300.jpg 225w\" sizes=\"auto, (max-width: 480px) 100vw, 480px\" \/><\/a><\/p>\n<p style=\"text-align: justify;\">Die\u00a0 &#8222;Mo-Rock-Oh&#8220; ist ein wirkungsgradstarkes Party-Konzept mit einer hochwertigen, aber dennoch preisw\u00fcrdigen Best\u00fcckung aus dem Hause Monacor.<\/p>\n<p style=\"text-align: justify;\">2 SPA-10PA d\u00fcrfen auf ein 80 Liter gro\u00dfes Geh\u00e4use arbeiten.<\/p>\n<p><a href=\"https:\/\/www.donhighend.de\/wp-content\/uploads\/2011\/05\/SPA-10PA.png\"><img loading=\"lazy\" decoding=\"async\" class=\"aligncenter size-full wp-image-768\" title=\"SPA-10PA\" src=\"https:\/\/www.donhighend.de\/wp-content\/uploads\/2011\/05\/SPA-10PA.png\" alt=\"\" width=\"282\" height=\"400\" srcset=\"https:\/\/www.donhighend.de\/wp-content\/uploads\/2011\/05\/SPA-10PA.png 282w, https:\/\/www.donhighend.de\/wp-content\/uploads\/2011\/05\/SPA-10PA-211x300.png 211w\" sizes=\"auto, (max-width: 282px) 100vw, 282px\" \/><\/a><\/p>\n<p>&nbsp;<\/p>\n<p>Den Hochtonbereich befeuert ein MRD-34 Treiber&#8230;<\/p>\n<p><a href=\"https:\/\/www.donhighend.de\/wp-content\/uploads\/2011\/05\/MRD-34PA.png\"><img loading=\"lazy\" decoding=\"async\" class=\"aligncenter size-full wp-image-769\" title=\"MRD-34PA\" src=\"https:\/\/www.donhighend.de\/wp-content\/uploads\/2011\/05\/MRD-34PA.png\" alt=\"\" width=\"382\" height=\"400\" srcset=\"https:\/\/www.donhighend.de\/wp-content\/uploads\/2011\/05\/MRD-34PA.png 382w, https:\/\/www.donhighend.de\/wp-content\/uploads\/2011\/05\/MRD-34PA-286x300.png 286w\" sizes=\"auto, (max-width: 382px) 100vw, 382px\" \/><\/a><\/p>\n<p>&nbsp;<\/p>\n<p>&#8230;am MRH-80 Horn.<\/p>\n<p><a href=\"https:\/\/www.donhighend.de\/wp-content\/uploads\/2011\/05\/MRH-80.png\"><img loading=\"lazy\" decoding=\"async\" class=\"aligncenter size-full wp-image-770\" title=\"MRH-80\" src=\"https:\/\/www.donhighend.de\/wp-content\/uploads\/2011\/05\/MRH-80.png\" alt=\"\" width=\"347\" height=\"400\" srcset=\"https:\/\/www.donhighend.de\/wp-content\/uploads\/2011\/05\/MRH-80.png 347w, https:\/\/www.donhighend.de\/wp-content\/uploads\/2011\/05\/MRH-80-260x300.png 260w\" sizes=\"auto, (max-width: 347px) 100vw, 347px\" \/><\/a><\/p>\n<p style=\"text-align: justify;\">Bei der Planung und Entwicklung standen hoher Schalldruck bei ordentlichem Klang und m\u00f6glichst preiswerten Chassis im Vordergrund.<\/p>\n<p style=\"text-align: justify;\">&#8222;Bis zum diesj\u00e4hrigen &#8222;Rock am Ring&#8220; m\u00fcssen die Teile spielen&#8220;, hiess es an dieser Stelle bislang.<\/p>\n<p style=\"text-align: justify;\">Inzwischen ist es vollbracht&#8230;<\/p>\n<p style=\"text-align: justify;\">Die Lautsprecher spielen und wurden in der Nacht vor dem Beginn des gro\u00dfen Spektakels in der Eifel 2011 in letzter Sekunde rechtzeitig fertig.<\/p>\n<p style=\"text-align: justify;\">Die Messung der Chassis, insbesondere der beiden Tieft\u00f6ner, zeigte recht schnell die Grenzen des Systems auf. Der Frequenzgang der SPA-10PA verl\u00e4uft recht ordentlich bis etwa 2000 Hz, um nach einem Peak wie ein Bungee Seil steil ins Nirvana zu fallen.<\/p>\n<p style=\"text-align: justify;\">Der kleine MRD-34 Treiber vermag an dem kleinen MRH-80 nicht ganz so tief zu spielen, wie in der Kombination mit dem n\u00e4chstgr\u00f6\u00dferen MRH-83, wie in der 10-34 von Christian Gather eingesetzt.<\/p>\n<p style=\"text-align: justify;\">Es galt also, einen Kompromiss zu finden, der dennoch zu einem brauchbaren Ergebnis f\u00fchrt. Verschiedene Versuchsaufbauten der Weiche f\u00fchrten allesamt zu unbefriedigenden Ergebnissen. &#8222;Was tun?&#8220; sprach Zeus, wollten die Lautsprecher doch am bevorstehenden Wochenende ihr Debut feiern.<\/p>\n<p style=\"text-align: justify;\">Ich besann mich der schon zuvor erw\u00e4hnten 10-34 aus der Klang + Ton und schaute mir deren Frequenzweiche an. Die Schaltungstopologie wurde \u00fcbernommen, nat\u00fcrlich mit anderen Bauteilewerten, da ja ein zweiter Tieft\u00f6ner im Spiel ist und der Hochtontreiber an einem kleineren Horn spielt.<\/p>\n<p style=\"text-align: justify;\">Die Simulation versprach einen Frequenzgang, der in der Praxis ein gutes St\u00fcckchen besser aussieht. Leider habe ich es in der tiefen Nacht vers\u00e4umt, die Messung abzuspeichern, so dass ich an dieser Stelle lediglich die schlechtere Simulation ver\u00f6ffentlichen kann. Die Lautsprecher befinden sich schon im sch\u00f6nen Siegerland.<\/p>\n<p><a href=\"https:\/\/www.donhighend.de\/wp-content\/uploads\/2011\/05\/Simu.png\"><img loading=\"lazy\" decoding=\"async\" class=\"aligncenter size-full wp-image-772\" title=\"Simu\" src=\"https:\/\/www.donhighend.de\/wp-content\/uploads\/2011\/05\/Simu.png\" alt=\"\" width=\"600\" height=\"348\" srcset=\"https:\/\/www.donhighend.de\/wp-content\/uploads\/2011\/05\/Simu.png 600w, https:\/\/www.donhighend.de\/wp-content\/uploads\/2011\/05\/Simu-300x174.png 300w\" sizes=\"auto, (max-width: 600px) 100vw, 600px\" \/><\/a><\/p>\n<p>&nbsp;<\/p>\n<p style=\"text-align: justify;\">Das sieht wahrlich auf den ersten Blick nicht nach einem auf Neutralit\u00e4t gez\u00fcchteten HiFi-Lautsprecher aus, wobei die Welligkeiten des Tieft\u00f6ners teilweise messbedingt sind.\u00a0 Ein Neutralit\u00e4tswunder will die Mo-Rock-Oh auch gar nicht sein. Hier steht der Spa\u00df im Vordergrund, und Spa\u00df macht dieser Lautsprecher jede Menge. Der Bass kommt kr\u00e4ftig und trocken, nichts spielt sich in den Vordergrund. Tonal ist das Ding ok. Nat\u00fcrlich gibt es neutralere Lautsprecher, aber selbst l\u00e4ngeres Zuh\u00f6ren macht Freude und erst recht, wenn h\u00f6here Pegel gefahren werden. Meine Wohnsituation erlaubte mir, es nach der Fertigstellung trotz der sp\u00e4ten Stunde noch ein wenig krachen zu lassen. Manche Passagen, z. B. kritische Frauenstimmen klangen ein wenig harsch, aber das soll sich nach Aussagen des stolzen Besitzers noch deutlich gebessert haben, nachdem die Lautsprecher ihren Auftritt beim Rock-am-Ring und somit heftigeres Einspielen problemlos bew\u00e4ltigt haben.<\/p>\n<p style=\"text-align: justify;\"><a href=\"https:\/\/www.donhighend.de\/wp-content\/uploads\/2011\/05\/k-IMG_0499.jpg\"><img loading=\"lazy\" decoding=\"async\" class=\"aligncenter size-full wp-image-775\" title=\"k-IMG_0499\" src=\"https:\/\/www.donhighend.de\/wp-content\/uploads\/2011\/05\/k-IMG_0499.jpg\" alt=\"\" width=\"640\" height=\"480\" srcset=\"https:\/\/www.donhighend.de\/wp-content\/uploads\/2011\/05\/k-IMG_0499.jpg 640w, https:\/\/www.donhighend.de\/wp-content\/uploads\/2011\/05\/k-IMG_0499-300x225.jpg 300w\" sizes=\"auto, (max-width: 640px) 100vw, 640px\" \/><\/a>Auf den Fotos fehlen noch die Schutzgitter vor den Tieft\u00f6nern, sowie die Schutzecken. Der junge und stolze Besitzer hat mir diese Arbeit abgenommen&#8230; \ud83d\ude09<\/p>\n<p style=\"text-align: justify;\"><span style=\"color: #ffffff;\">fff<\/span><\/p>\n<p><a href=\"https:\/\/www.donhighend.de\/wp-content\/uploads\/2011\/05\/Mo-Rock-Oh.jpg\"><img loading=\"lazy\" decoding=\"async\" class=\"aligncenter size-full wp-image-1556\" src=\"https:\/\/www.donhighend.de\/wp-content\/uploads\/2011\/05\/Mo-Rock-Oh.jpg\" alt=\"Mo-Rock-Oh\" width=\"875\" height=\"420\" srcset=\"https:\/\/www.donhighend.de\/wp-content\/uploads\/2011\/05\/Mo-Rock-Oh.jpg 875w, https:\/\/www.donhighend.de\/wp-content\/uploads\/2011\/05\/Mo-Rock-Oh-300x144.jpg 300w\" sizes=\"auto, (max-width: 875px) 100vw, 875px\" \/><\/a><\/p>\n<p><span style=\"color: #ffffff;\">fff<\/span><\/p>\n<p style=\"text-align: justify;\">Die Weichenaufwand ist, gemessen am klanglichen Ergebnis eher als moderat zu bezeichnen. Es wurde auf hohe Betriebssicherheit geachtet.<\/p>\n<p><span style=\"color: #ffffff;\">fff<\/span><\/p>\n<p>Bauplan:<\/p>\n<p>&nbsp;<\/p>\n<p><a href=\"https:\/\/www.donhighend.de\/wp-content\/uploads\/2011\/05\/Bauplan.jpg\"><img loading=\"lazy\" decoding=\"async\" class=\"aligncenter size-full wp-image-1559\" src=\"https:\/\/www.donhighend.de\/wp-content\/uploads\/2011\/05\/Bauplan.jpg\" alt=\"Bauplan\" width=\"1240\" height=\"830\" srcset=\"https:\/\/www.donhighend.de\/wp-content\/uploads\/2011\/05\/Bauplan.jpg 1240w, https:\/\/www.donhighend.de\/wp-content\/uploads\/2011\/05\/Bauplan-300x200.jpg 300w, https:\/\/www.donhighend.de\/wp-content\/uploads\/2011\/05\/Bauplan-1024x685.jpg 1024w\" sizes=\"auto, (max-width: 1240px) 100vw, 1240px\" \/><\/a><\/p>\n<p>&nbsp;<\/p>\n<p>Viel Spa\u00df bei der n\u00e4chsten Party \ud83d\ude42<\/p>\n","protected":false},"excerpt":{"rendered":"<p>Die\u00a0 &#8222;Mo-Rock-Oh&#8220; ist ein wirkungsgradstarkes Party-Konzept mit einer hochwertigen, aber dennoch preisw\u00fcrdigen Best\u00fcckung aus dem Hause Monacor. 2 SPA-10PA d\u00fcrfen auf ein 80 Liter gro\u00dfes Geh\u00e4use arbeiten. &nbsp; Den Hochtonbereich befeuert ein MRD-34 Treiber&#8230; &nbsp; &#8230;am MRH-80 Horn. Bei der Planung und Entwicklung standen hoher Schalldruck bei ordentlichem Klang und m\u00f6glichst preiswerten Chassis im Vordergrund. &hellip; <\/p>\n<p><a class=\"more-link btn\" href=\"https:\/\/www.donhighend.de\/?page_id=715\">Weiterlesen<\/a><\/p>\n","protected":false},"author":1,"featured_media":767,"parent":1709,"menu_order":994,"comment_status":"open","ping_status":"closed","template":"","meta":{"footnotes":""},"class_list":["post-715","page","type-page","status-publish","has-post-thumbnail","hentry","nodate","item-wrap"],"_links":{"self":[{"href":"https:\/\/www.donhighend.de\/index.php?rest_route=\/wp\/v2\/pages\/715","targetHints":{"allow":["GET"]}}],"collection":[{"href":"https:\/\/www.donhighend.de\/index.php?rest_route=\/wp\/v2\/pages"}],"about":[{"href":"https:\/\/www.donhighend.de\/index.php?rest_route=\/wp\/v2\/types\/page"}],"author":[{"embeddable":true,"href":"https:\/\/www.donhighend.de\/index.php?rest_route=\/wp\/v2\/users\/1"}],"replies":[{"embeddable":true,"href":"https:\/\/www.donhighend.de\/index.php?rest_route=%2Fwp%2Fv2%2Fcomments&post=715"}],"version-history":[{"count":24,"href":"https:\/\/www.donhighend.de\/index.php?rest_route=\/wp\/v2\/pages\/715\/revisions"}],"predecessor-version":[{"id":3491,"href":"https:\/\/www.donhighend.de\/index.php?rest_route=\/wp\/v2\/pages\/715\/revisions\/3491"}],"up":[{"embeddable":true,"href":"https:\/\/www.donhighend.de\/index.php?rest_route=\/wp\/v2\/pages\/1709"}],"wp:featuredmedia":[{"embeddable":true,"href":"https:\/\/www.donhighend.de\/index.php?rest_route=\/wp\/v2\/media\/767"}],"wp:attachment":[{"href":"https:\/\/www.donhighend.de\/index.php?rest_route=%2Fwp%2Fv2%2Fmedia&parent=715"}],"curies":[{"name":"wp","href":"https:\/\/api.w.org\/{rel}","templated":true}]}}