{"id":7100,"date":"2020-08-11T14:59:11","date_gmt":"2020-08-11T13:59:11","guid":{"rendered":"http:\/\/www.donhighend.de\/?page_id=7100"},"modified":"2025-09-08T09:06:23","modified_gmt":"2025-09-08T08:06:23","slug":"pink-panther","status":"publish","type":"page","link":"https:\/\/www.donhighend.de\/?page_id=7100","title":{"rendered":"Pink Panther"},"content":{"rendered":"<p><img loading=\"lazy\" decoding=\"async\" class=\"aligncenter size-full wp-image-11492\" src=\"https:\/\/www.donhighend.de\/wp-content\/uploads\/2025\/09\/Titelbild-neu-Dustcap-gefaerbt.jpg\" alt=\"\" width=\"480\" height=\"640\" srcset=\"https:\/\/www.donhighend.de\/wp-content\/uploads\/2025\/09\/Titelbild-neu-Dustcap-gefaerbt.jpg 480w, https:\/\/www.donhighend.de\/wp-content\/uploads\/2025\/09\/Titelbild-neu-Dustcap-gefaerbt-225x300.jpg 225w\" sizes=\"auto, (max-width: 480px) 100vw, 480px\" \/><\/p>\n<p style=\"text-align: justify;\">Sie glauben, irgendeine Erinnerung an diesen Lautsprecher zu haben? Nun, dann liegen Sie gar nicht so sehr daneben. Vor ein paar Jahren erblickte n\u00e4mlich die <span style=\"color: #0000ff;\"><a style=\"color: #0000ff;\" href=\"https:\/\/www.donhighend.de\/?page_id=2014\" target=\"_blank\" rel=\"noopener noreferrer\">Kid Rock<\/a>\u00a0<\/span> das Licht der Welt. Dieser recht kompakte Lautsprecher entwickelte sich zu einem Preis\/Leistungs Schlager, der inzwischen so manches Jugendzimmer und die eine oder andere Feier beschallt. Wir erinnern uns, dass der <a href=\"https:\/\/www.donhighend.de\/?page_id=2014\"><span style=\"color: #0000ff;\">Kid Rock<\/span><\/a> neben ihrer Partytauglichkeit ebenfalls ein feiner Klang attestiert wurde. Die Qualit\u00e4ten der preiswerten Chassis sind sehr beachtlich. Besonders der verwendete Tieft\u00f6ner SP-202C erweist sich als robuster und potenter Kollege.<\/p>\n<p style=\"text-align: justify;\">Der Zufall wollte es, dass ein Paar jungfr\u00e4ulicher <a href=\"https:\/\/www.monacor.de\/produkte\/beschallungstechnik\/lautsprecher-\/einbaulautsprecher\/niederohm\/sp-252c\/\" target=\"_blank\" rel=\"noopener noreferrer\"><span style=\"color: #0000ff;\">SP-252C<\/span><\/a> f\u00fcr Peanuts den Weg in meinen Entwicklungsraum fand. Dies ist der n\u00e4chstgr\u00f6\u00dfere Bruder des bew\u00e4hrten SP-202C, der einer Serie von vier unterschiedlich gro\u00dfen Chassis entstammt. Warum also nicht hingehen und diesem ebenfalls interessanten Tieft\u00f6ner ein Konzept auf den Korb schneidern?<\/p>\n<p><img loading=\"lazy\" decoding=\"async\" class=\"aligncenter size-full wp-image-7178\" src=\"https:\/\/www.donhighend.de\/wp-content\/uploads\/2020\/08\/SP-252C.jpg\" alt=\"\" width=\"640\" height=\"640\" srcset=\"https:\/\/www.donhighend.de\/wp-content\/uploads\/2020\/08\/SP-252C.jpg 640w, https:\/\/www.donhighend.de\/wp-content\/uploads\/2020\/08\/SP-252C-300x300.jpg 300w, https:\/\/www.donhighend.de\/wp-content\/uploads\/2020\/08\/SP-252C-150x150.jpg 150w\" sizes=\"auto, (max-width: 640px) 100vw, 640px\" \/><\/p>\n<p style=\"text-align: center;\">Monacor SP-252C<\/p>\n<p>&nbsp;<\/p>\n<p style=\"text-align: justify;\">Das &#8222;sch\u00f6ne&#8220; Carpower Logo wurde ganz einfach mit Edding Nachf\u00fcll-Tusche \u00fcberpinselt. Das funktioniert \u00fcbrigens auch mit der Sicke, wie das Beispiel des zu einer PM degradierten SP-167C in der <span style=\"color: #0000ff;\"><a style=\"color: #0000ff;\" href=\"https:\/\/www.donhighend.de\/?page_id=1627\" target=\"_blank\" rel=\"noopener\">Minimo <\/a><\/span>zeigt.<\/p>\n<p style=\"text-align: justify;\">Der gemessene TSP Satz dieses preiswerten Tieft\u00f6ners ist sehr praxisgerecht. Sogar der Einsatz in einem BR Geh\u00e4use w\u00e4re theoretisch denkbar. Mit rund 150 Litern f\u00fcr optimale Funktion m\u00fcsste das allerdings extrem gro\u00df f\u00fcr einen 10 Z\u00f6ller ausfallen.<\/p>\n<p style=\"text-align: center;\"><img loading=\"lazy\" decoding=\"async\" class=\"aligncenter size-full wp-image-7113\" src=\"https:\/\/www.donhighend.de\/wp-content\/uploads\/2020\/08\/TSP-Mittelwerte-SP-252C.jpg\" alt=\"\" width=\"427\" height=\"317\" srcset=\"https:\/\/www.donhighend.de\/wp-content\/uploads\/2020\/08\/TSP-Mittelwerte-SP-252C.jpg 427w, https:\/\/www.donhighend.de\/wp-content\/uploads\/2020\/08\/TSP-Mittelwerte-SP-252C-300x223.jpg 300w\" sizes=\"auto, (max-width: 427px) 100vw, 427px\" \/>SP-252C Tsp Mittelwerte<\/p>\n<p>&nbsp;<\/p>\n<p style=\"text-align: justify;\">Ein geschlossenes Geh\u00e4use ist hier die richtige Wahl. Bei Unterst\u00fctzung durch einen HPC f\u00e4llt die Behausung mit 40 &#8211; 50 Litern erfreulich klein aus.<\/p>\n<p><img loading=\"lazy\" decoding=\"async\" class=\"aligncenter size-full wp-image-7112\" src=\"https:\/\/www.donhighend.de\/wp-content\/uploads\/2020\/08\/SP-252C-in-45-Litern-GHP.jpg\" alt=\"\" width=\"544\" height=\"420\" srcset=\"https:\/\/www.donhighend.de\/wp-content\/uploads\/2020\/08\/SP-252C-in-45-Litern-GHP.jpg 544w, https:\/\/www.donhighend.de\/wp-content\/uploads\/2020\/08\/SP-252C-in-45-Litern-GHP-300x232.jpg 300w\" sizes=\"auto, (max-width: 544px) 100vw, 544px\" \/><\/p>\n<p style=\"text-align: center;\">SP-252C in 45 Litern GHP<\/p>\n<p>&nbsp;<\/p>\n<p style=\"text-align: justify;\">Interessant ist in diesem Zusammenhang auch, dass der Frequenzgang des\u00a0 SP-252C den im Schrieb seines Datenblatts sichtbaren Schlenker bei rund 300 Hz in der Praxis nicht aufweist. Das Chassis verh\u00e4lt sich bis rund 1 kHz tadellos und neigt erst dar\u00fcber zu kr\u00e4ftigen Resonanzen. Da die angestrebte Trennung zum MT aber deutlich tiefer erfolgt, ist das im Falle der Pink Panther nicht von Bedeutung.<\/p>\n<p style=\"text-align: center;\"><img loading=\"lazy\" decoding=\"async\" class=\"aligncenter size-full wp-image-7144\" src=\"https:\/\/www.donhighend.de\/wp-content\/uploads\/2020\/08\/TT-unbeschaltet-60-110dB.jpg\" alt=\"\" width=\"783\" height=\"517\" srcset=\"https:\/\/www.donhighend.de\/wp-content\/uploads\/2020\/08\/TT-unbeschaltet-60-110dB.jpg 783w, https:\/\/www.donhighend.de\/wp-content\/uploads\/2020\/08\/TT-unbeschaltet-60-110dB-300x198.jpg 300w, https:\/\/www.donhighend.de\/wp-content\/uploads\/2020\/08\/TT-unbeschaltet-60-110dB-768x507.jpg 768w, https:\/\/www.donhighend.de\/wp-content\/uploads\/2020\/08\/TT-unbeschaltet-60-110dB-750x495.jpg 750w\" sizes=\"auto, (max-width: 783px) 100vw, 783px\" \/>Monacor SP-252C unbeschaltet 0\u00b0 &#8211; 90\u00b0\u00a0 in Pink Panther Geh\u00e4use<\/p>\n<p>&nbsp;<\/p>\n<p style=\"text-align: justify;\">Welche Chassis aber k\u00f6nnte man mit dem Tieft\u00f6ner kombinieren? Preiswert sollten sie nat\u00fcrlich sein, und so sah ich mich zun\u00e4chst nach gr\u00f6\u00dferem Breitband Material um. In den Bremer Regalen findet sich aber nichts, was zum Carpower Chassis passen will. Entweder sind die Chassis zu teuer, zu schwachbr\u00fcstig, weisen\u00a0 eine unzureichende Linearit\u00e4t auf, oder vereinen von all dem etwas in sich. Also richtete sich der Blick in Richtung anderer, noch in meinem Fundus befindlicher Chassis. Der <a href=\"https:\/\/faitalpro.com\/en\/products\/LF_Loudspeakers\/product_details\/index.php?id=401010100\" target=\"_blank\" rel=\"noopener noreferrer\"><span style=\"color: #0000ff;\">Faital 5FE100\/4<\/span><\/a> hatte seine Qualit\u00e4ten bereits in unserer <a href=\"https:\/\/www.der-akustische-untergrund.de\/speakers\/intermediate-projects\/winter-blues\/\" target=\"_blank\" rel=\"noopener noreferrer\"><span style=\"color: #0000ff;\">Winter Blues<\/span><\/a> unter Beweis gestellt. Sein Frequenzgang ist recht gutm\u00fctig, er hat einen recht ordentlichen Kennschalldruck, und er ist preiswert.<\/p>\n<p><img loading=\"lazy\" decoding=\"async\" class=\"aligncenter wp-image-7131 size-full\" src=\"https:\/\/www.donhighend.de\/wp-content\/uploads\/2020\/08\/5FE100-verschraubt-e1597944811177.jpg\" alt=\"\" width=\"500\" height=\"495\" \/><\/p>\n<p style=\"text-align: center;\">Faital 5FE100\/4<\/p>\n<p>&nbsp;<\/p>\n<p style=\"text-align: justify;\">Der Mittelt\u00f6ner verh\u00e4lt sich ebenfalls sehr gut. Der Tausch der Einbauposition mit dem Hocht\u00f6ner sorgt f\u00fcr einen insgesamt ruhigeren Verlauf. Nat\u00fcrlich l\u00e4sst sich auf Achse und unter 15\u00b0 ein Effekt durch Kantendiffraktion nicht vermeiden. Insgesamt kann durch diese Anordnung der Aufwand bei der Beschaltung recht klein bleiben.<\/p>\n<p style=\"text-align: center;\"><img loading=\"lazy\" decoding=\"async\" class=\"aligncenter size-full wp-image-7146\" src=\"https:\/\/www.donhighend.de\/wp-content\/uploads\/2020\/08\/MT-unbeschaltet-60-110dB.jpg\" alt=\"\" width=\"784\" height=\"518\" srcset=\"https:\/\/www.donhighend.de\/wp-content\/uploads\/2020\/08\/MT-unbeschaltet-60-110dB.jpg 784w, https:\/\/www.donhighend.de\/wp-content\/uploads\/2020\/08\/MT-unbeschaltet-60-110dB-300x198.jpg 300w, https:\/\/www.donhighend.de\/wp-content\/uploads\/2020\/08\/MT-unbeschaltet-60-110dB-768x507.jpg 768w, https:\/\/www.donhighend.de\/wp-content\/uploads\/2020\/08\/MT-unbeschaltet-60-110dB-750x496.jpg 750w\" sizes=\"auto, (max-width: 784px) 100vw, 784px\" \/>Faital 5FE100 unbeschaltet 0\u00b0 &#8211; 90\u00b0 in Pink Panther Geh\u00e4use<\/p>\n<p>&nbsp;<\/p>\n<p style=\"text-align: justify;\">Nun fehlte noch ein passender Hocht\u00f6ner. Erneut sah ich mich bei den verhandenen Tweetern um, und schnell fand ich einen kleinen preiswerten Kandidaten. Der <span style=\"color: #0000ff;\"><a style=\"color: #0000ff;\" href=\"https:\/\/quint-store.com\/lautsprecher\/hochtoener-tweeter\/peerless-bc25sc06-04\" target=\"_blank\" rel=\"noopener noreferrer\">Peerless BC25SC06-04<\/a><\/span> durfte schon in meiner <span style=\"color: #0000ff;\"><a style=\"color: #0000ff;\" href=\"https:\/\/www.donhighend.de\/?page_id=2882\" target=\"_blank\" rel=\"noopener noreferrer\">\u00c4lg<\/a><\/span> zusammen mit einem kleinen Mission Tiefmittelt\u00f6ner in einem zum Geh\u00e4use umfunktionierten IKEA Bambusk\u00e4stchen spielen.<\/p>\n<p><img loading=\"lazy\" decoding=\"async\" class=\"aligncenter size-full wp-image-7136\" src=\"https:\/\/www.donhighend.de\/wp-content\/uploads\/2020\/08\/BC25SC06-04.jpg\" alt=\"\" width=\"480\" height=\"480\" srcset=\"https:\/\/www.donhighend.de\/wp-content\/uploads\/2020\/08\/BC25SC06-04.jpg 480w, https:\/\/www.donhighend.de\/wp-content\/uploads\/2020\/08\/BC25SC06-04-300x300.jpg 300w, https:\/\/www.donhighend.de\/wp-content\/uploads\/2020\/08\/BC25SC06-04-150x150.jpg 150w\" sizes=\"auto, (max-width: 480px) 100vw, 480px\" \/><\/p>\n<p style=\"text-align: center;\">Peerless BC25SC06-04<\/p>\n<p>&nbsp;<\/p>\n<p style=\"text-align: justify;\">Auch dieser kleine Chinese mit d\u00e4nischen Wurzeln misst sich an seiner Einbauposition sehr ordentlich.<\/p>\n<p style=\"text-align: center;\"><img loading=\"lazy\" decoding=\"async\" class=\"aligncenter size-full wp-image-7148\" src=\"https:\/\/www.donhighend.de\/wp-content\/uploads\/2020\/08\/HT-unbeschaltet-60-110dB.jpg\" alt=\"\" width=\"785\" height=\"517\" srcset=\"https:\/\/www.donhighend.de\/wp-content\/uploads\/2020\/08\/HT-unbeschaltet-60-110dB.jpg 785w, https:\/\/www.donhighend.de\/wp-content\/uploads\/2020\/08\/HT-unbeschaltet-60-110dB-300x198.jpg 300w, https:\/\/www.donhighend.de\/wp-content\/uploads\/2020\/08\/HT-unbeschaltet-60-110dB-768x506.jpg 768w, https:\/\/www.donhighend.de\/wp-content\/uploads\/2020\/08\/HT-unbeschaltet-60-110dB-750x494.jpg 750w\" sizes=\"auto, (max-width: 785px) 100vw, 785px\" \/>Peerless BC25SC06-04 unbeschaltet 0\u00b0 &#8211; 90\u00b0 in Pink Panther Geh\u00e4use<\/p>\n<p>&nbsp;<\/p>\n<p style=\"text-align: justify;\">Die Pink Panther soll als kompakter Party-Lautsprecher nat\u00fcrlich wenig Platz beanspruchen. So wurde sie im Format klassischer Lautsprecher aufgebaut, die breiter als tief sind. Um die f\u00fcr den Tieft\u00f6ner erforderlichen 45 Liter und noch ein wenig umbaute Luft f\u00fcr den Mittelt\u00f6ner bereit zu stellen, wurden Geh\u00e4use mit den Ma\u00dfen 65 x 40 x 27 (H x B x T) aufgebaut. Die sp\u00e4ter in dieser Behausung angefertigten Messungen zeigten, dass eine zus\u00e4tzlich angebrachte, die Schallwand umlaufende 20 mm Fase keinen nennenswerten Einflu\u00df auf die gemessenen Frequenzg\u00e4nge nahm. Es ist also dem eigenen Gusto \u00fcberlassen, ob die Pink Panther mit oder ohne diese Fase aufgebaut wird. Sie funktioniert in beiden Varianten gleicherma\u00dfen gut.<\/p>\n<p style=\"text-align: justify;\">F\u00fchrt man sich vor Augen, dass die drei Chassis pro Seite bei g\u00fcnstiger Einkaufslage f\u00fcr unter 70,- Euro zu bekommen sind, sollte die Beschaltung m\u00f6glichst einfach sein, um die Kosten nicht in die H\u00f6he zu treiben. So stellt sich mit der finalen Beschaltung auf Achse im Bereich um 1,5 kHz eine Senke ein, die bereits ab 15\u00b0 unbedeuternd ist und unter gr\u00f6\u00dferen Winkeln vollkommen verschwindet. Mit deutlich mehr Bauteileaufwand lie\u00dfe sich diese Senke, die teilweise auch durch Kantendiffraktion entsteht, eliminieren. Ein insgesamt schlechteres Verhalten unter Winkeln und nicht zuletzt h\u00f6here Kosten f\u00fcr die Frequenzweiche w\u00e4ren das Resultat.<\/p>\n<p style=\"text-align: center;\"><img loading=\"lazy\" decoding=\"async\" class=\"aligncenter size-full wp-image-7140\" src=\"https:\/\/www.donhighend.de\/wp-content\/uploads\/2020\/08\/v1_20.08.20.jpg\" alt=\"\" width=\"784\" height=\"520\" srcset=\"https:\/\/www.donhighend.de\/wp-content\/uploads\/2020\/08\/v1_20.08.20.jpg 784w, https:\/\/www.donhighend.de\/wp-content\/uploads\/2020\/08\/v1_20.08.20-300x199.jpg 300w, https:\/\/www.donhighend.de\/wp-content\/uploads\/2020\/08\/v1_20.08.20-768x509.jpg 768w, https:\/\/www.donhighend.de\/wp-content\/uploads\/2020\/08\/v1_20.08.20-750x497.jpg 750w\" sizes=\"auto, (max-width: 784px) 100vw, 784px\" \/>Pink Panther Simulation 0\u00b0 &#8211; 90\u00b0 (Freifeldbedingung)<\/p>\n<p>&nbsp;<\/p>\n<p style=\"text-align: justify;\">Das kann sich durchaus sehen lassen, und es gibt wahrlich Lautsprecher mit deutlich schlechterem Abstrahlverhalten. Der Bassbereich wird hier nat\u00fcrlich nicht korrekt dargestellt, da der fehlende Nahfeldanteil mit dem zugeschalteten HPC nicht korrekt interagieren kann. Wie immer galt es im n\u00e4chsten Schritt zu verifizieren, ob das Simulationsergebnis sich mit den realen Messungen deckt.<\/p>\n<p style=\"text-align: center;\"><img loading=\"lazy\" decoding=\"async\" class=\"aligncenter size-full wp-image-7150\" src=\"https:\/\/www.donhighend.de\/wp-content\/uploads\/2020\/08\/Pink-Panther-0\u00b0-90\u00b0.png\" alt=\"\" width=\"1000\" height=\"766\" srcset=\"https:\/\/www.donhighend.de\/wp-content\/uploads\/2020\/08\/Pink-Panther-0\u00b0-90\u00b0.png 1000w, https:\/\/www.donhighend.de\/wp-content\/uploads\/2020\/08\/Pink-Panther-0\u00b0-90\u00b0-300x230.png 300w, https:\/\/www.donhighend.de\/wp-content\/uploads\/2020\/08\/Pink-Panther-0\u00b0-90\u00b0-768x588.png 768w, https:\/\/www.donhighend.de\/wp-content\/uploads\/2020\/08\/Pink-Panther-0\u00b0-90\u00b0-750x575.png 750w\" sizes=\"auto, (max-width: 1000px) 100vw, 1000px\" \/>Pink Panther Messung Fernfeld 0\u00b0 &#8211; 90\u00b0<\/p>\n<p>&nbsp;<\/p>\n<p style=\"text-align: justify;\">Wie zu erwarten war, ist die \u00dcbereinstimmung mit der Simulation einmal mehr beeindruckend. Auch wenn einzelne gewerbliche Entwickler den Umgang mit solchen Werkzeugen ablehnen.<\/p>\n<p style=\"text-align: center;\"><img loading=\"lazy\" decoding=\"async\" class=\"aligncenter size-full wp-image-7151\" src=\"https:\/\/www.donhighend.de\/wp-content\/uploads\/2020\/08\/Pink-Panther-0\u00b0-Zweige.png\" alt=\"\" width=\"1000\" height=\"742\" srcset=\"https:\/\/www.donhighend.de\/wp-content\/uploads\/2020\/08\/Pink-Panther-0\u00b0-Zweige.png 1000w, https:\/\/www.donhighend.de\/wp-content\/uploads\/2020\/08\/Pink-Panther-0\u00b0-Zweige-300x223.png 300w, https:\/\/www.donhighend.de\/wp-content\/uploads\/2020\/08\/Pink-Panther-0\u00b0-Zweige-768x570.png 768w, https:\/\/www.donhighend.de\/wp-content\/uploads\/2020\/08\/Pink-Panther-0\u00b0-Zweige-750x557.png 750w\" sizes=\"auto, (max-width: 1000px) 100vw, 1000px\" \/>Pink Panther Messung 0\u00b0 + Einzelzweige<\/p>\n<p>&nbsp;<\/p>\n<p style=\"text-align: justify;\">Trotz moderater Beschaltung addieren sich die Einzelzweige auch auf Achse zu einer insgesamt ausgewogenen Kurve mit kleinen Senken, welche sich aber erstens nicht negativ bemerkbar machen, und die zweitens unter Winkeln verschwinden. Zudem war es bei der Pink Panther, wie auch bei ihrer kleineren Schwester <span style=\"color: #0000ff;\"><a style=\"color: #0000ff;\" href=\"https:\/\/www.donhighend.de\/?page_id=2014\" target=\"_blank\" rel=\"noopener noreferrer\">Kid Rock<\/a><\/span> nicht das Ziel, den ausgewogensten Lautsprecher der Welt aufzubauen.<\/p>\n<p style=\"text-align: center;\"><img loading=\"lazy\" decoding=\"async\" class=\"aligncenter size-full wp-image-7153\" src=\"https:\/\/www.donhighend.de\/wp-content\/uploads\/2020\/08\/Pink-Panther-0\u00b0-Nahfeld-Impedanzverlauf.png\" alt=\"\" width=\"1000\" height=\"742\" srcset=\"https:\/\/www.donhighend.de\/wp-content\/uploads\/2020\/08\/Pink-Panther-0\u00b0-Nahfeld-Impedanzverlauf.png 1000w, https:\/\/www.donhighend.de\/wp-content\/uploads\/2020\/08\/Pink-Panther-0\u00b0-Nahfeld-Impedanzverlauf-300x223.png 300w, https:\/\/www.donhighend.de\/wp-content\/uploads\/2020\/08\/Pink-Panther-0\u00b0-Nahfeld-Impedanzverlauf-768x570.png 768w, https:\/\/www.donhighend.de\/wp-content\/uploads\/2020\/08\/Pink-Panther-0\u00b0-Nahfeld-Impedanzverlauf-750x557.png 750w\" sizes=\"auto, (max-width: 1000px) 100vw, 1000px\" \/>Pink Panther Messung 0\u00b0 Nah- und Fernfeld + Impedanzverlauf<\/p>\n<p>&nbsp;<\/p>\n<p style=\"text-align: justify;\">Mit angef\u00fcgter Nahfeldmessung wird deutlich, dass der rosa Panther zu einer veritablen Basswiedergabe in der Lage ist. Diese ist sehr trocken und punchig, wie man sie von geschlossenen Geh\u00e4usen kennt. Der Hochtonbereich ist leicht fallend abgestimmt, so dass das Klangbild auch bei h\u00f6heren Pegeln angenehm bleibt.<\/p>\n<p style=\"text-align: justify;\">Wie bereits erw\u00e4hnt, kann die Weiche angenehm einfach ausfallen. Es werden neben den Filtern und Spannungsteilern nur ein Saugkreis im Tieftonzweig, sowie ein kleiner Sperrkreis im Hochtonzweig ben\u00f6tigt.<\/p>\n<p style=\"text-align: center;\"><img loading=\"lazy\" decoding=\"async\" class=\"aligncenter size-full wp-image-7156\" src=\"https:\/\/www.donhighend.de\/wp-content\/uploads\/2020\/08\/Weiche-final-mit-Wasserzeichen.jpg\" alt=\"\" width=\"667\" height=\"638\" srcset=\"https:\/\/www.donhighend.de\/wp-content\/uploads\/2020\/08\/Weiche-final-mit-Wasserzeichen.jpg 667w, https:\/\/www.donhighend.de\/wp-content\/uploads\/2020\/08\/Weiche-final-mit-Wasserzeichen-300x287.jpg 300w\" sizes=\"auto, (max-width: 667px) 100vw, 667px\" \/>Pink Panther Weichenplan<\/p>\n<h4><\/h4>\n<h4><span style=\"color: #0000ff;\"><a style=\"color: #0000ff;\" href=\"https:\/\/www.donhighend.de\/wp-content\/uploads\/2020\/08\/Pink-Panther-Warenkorb-Quint-22.08.2020.pdf\" target=\"_blank\" rel=\"noopener noreferrer\">Warenkorb f\u00fcr die Weichenteile der Pink Panther im Quint-Store (Stand 22.08.2020)<\/a><\/span><\/h4>\n<p>&nbsp;<\/p>\n<p style=\"text-align: center;\"><img loading=\"lazy\" decoding=\"async\" class=\"aligncenter size-full wp-image-7164\" src=\"https:\/\/www.donhighend.de\/wp-content\/uploads\/2020\/08\/Pink-Panther-Bauplan-mit-Wasserzeichen.jpg\" alt=\"\" width=\"1248\" height=\"888\" srcset=\"https:\/\/www.donhighend.de\/wp-content\/uploads\/2020\/08\/Pink-Panther-Bauplan-mit-Wasserzeichen.jpg 1248w, https:\/\/www.donhighend.de\/wp-content\/uploads\/2020\/08\/Pink-Panther-Bauplan-mit-Wasserzeichen-300x213.jpg 300w, https:\/\/www.donhighend.de\/wp-content\/uploads\/2020\/08\/Pink-Panther-Bauplan-mit-Wasserzeichen-1024x729.jpg 1024w, https:\/\/www.donhighend.de\/wp-content\/uploads\/2020\/08\/Pink-Panther-Bauplan-mit-Wasserzeichen-768x546.jpg 768w, https:\/\/www.donhighend.de\/wp-content\/uploads\/2020\/08\/Pink-Panther-Bauplan-mit-Wasserzeichen-750x534.jpg 750w\" sizes=\"auto, (max-width: 1248px) 100vw, 1248px\" \/>Bau- und Bed\u00e4mpfungsplan Pink Panther (vergr\u00f6\u00dfern -&gt; rechte Maustaste -&gt; Grafik anzeigen)<\/p>\n<p>&nbsp;<\/p>\n<p style=\"text-align: justify;\">Die Weichen- und Baupl\u00e4ne sind f\u00fcr private Nutzung freigegeben. Jegliche Form der gewerblichen Nutzung oder Verbreitung ohne vorherige Absprache ist untersagt und wird strafrechtlich verfolgt.<\/p>\n<p style=\"text-align: justify;\">Und wie klingt der rosa Panther? Geil, das geht ab. Trockener, punchiger Bass, wie man es von einem geschlossenen System erwarten kann. Das gute Abstrahlverhalten sorgt f\u00fcr stressfreies H\u00f6ren, auch unter dem Gesichtspunkt HiFi. Die Lautsprecher sind durch ihre neutrale Spielweise sehr langzeittauglich. Stimmen werden sehr gut wiedergegeben. Selbst schwierigere Stimmen wie die von Hilary James bei &#8222;Storm Warning&#8220; klingen wie sie klingen sollen. Die Lautsprecher bauen eine sehr sch\u00f6ne und glaubhafte B\u00fchne auf.\u00a0 Der leicht abfallende Hochtonbereich sorgt daf\u00fcr, dass die Musik auch bei hohen Pegeln nicht nervt.<\/p>\n<p style=\"text-align: justify;\">Ein HiFi-Lautsprecher, mit dem man es auch mal krachen lassen kann. Umgekehrt wird ein Schuh draus.<\/p>\n","protected":false},"excerpt":{"rendered":"<p>Sie glauben, irgendeine Erinnerung an diesen Lautsprecher zu haben? Nun, dann liegen Sie gar nicht so sehr daneben. Vor ein paar Jahren erblickte n\u00e4mlich die Kid Rock\u00a0 das Licht der Welt. Dieser recht kompakte Lautsprecher entwickelte sich zu einem Preis\/Leistungs Schlager, der inzwischen so manches Jugendzimmer und die eine oder andere Feier beschallt. Wir erinnern &hellip; <\/p>\n<p><a class=\"more-link btn\" href=\"https:\/\/www.donhighend.de\/?page_id=7100\">Weiterlesen<\/a><\/p>\n","protected":false},"author":1,"featured_media":11492,"parent":4401,"menu_order":960,"comment_status":"open","ping_status":"closed","template":"","meta":{"footnotes":""},"class_list":["post-7100","page","type-page","status-publish","has-post-thumbnail","hentry","nodate","item-wrap"],"_links":{"self":[{"href":"https:\/\/www.donhighend.de\/index.php?rest_route=\/wp\/v2\/pages\/7100","targetHints":{"allow":["GET"]}}],"collection":[{"href":"https:\/\/www.donhighend.de\/index.php?rest_route=\/wp\/v2\/pages"}],"about":[{"href":"https:\/\/www.donhighend.de\/index.php?rest_route=\/wp\/v2\/types\/page"}],"author":[{"embeddable":true,"href":"https:\/\/www.donhighend.de\/index.php?rest_route=\/wp\/v2\/users\/1"}],"replies":[{"embeddable":true,"href":"https:\/\/www.donhighend.de\/index.php?rest_route=%2Fwp%2Fv2%2Fcomments&post=7100"}],"version-history":[{"count":60,"href":"https:\/\/www.donhighend.de\/index.php?rest_route=\/wp\/v2\/pages\/7100\/revisions"}],"predecessor-version":[{"id":11495,"href":"https:\/\/www.donhighend.de\/index.php?rest_route=\/wp\/v2\/pages\/7100\/revisions\/11495"}],"up":[{"embeddable":true,"href":"https:\/\/www.donhighend.de\/index.php?rest_route=\/wp\/v2\/pages\/4401"}],"wp:featuredmedia":[{"embeddable":true,"href":"https:\/\/www.donhighend.de\/index.php?rest_route=\/wp\/v2\/media\/11492"}],"wp:attachment":[{"href":"https:\/\/www.donhighend.de\/index.php?rest_route=%2Fwp%2Fv2%2Fmedia&parent=7100"}],"curies":[{"name":"wp","href":"https:\/\/api.w.org\/{rel}","templated":true}]}}