{"id":6894,"date":"2020-06-19T08:10:50","date_gmt":"2020-06-19T07:10:50","guid":{"rendered":"http:\/\/www.donhighend.de\/?page_id=6894"},"modified":"2020-07-29T21:20:08","modified_gmt":"2020-07-29T20:20:08","slug":"yps","status":"publish","type":"page","link":"https:\/\/www.donhighend.de\/?page_id=6894","title":{"rendered":"Yps"},"content":{"rendered":"<p><img loading=\"lazy\" decoding=\"async\" class=\"aligncenter size-full wp-image-6970\" src=\"https:\/\/www.donhighend.de\/wp-content\/uploads\/2020\/06\/Titelbild.jpg\" alt=\"\" width=\"480\" height=\"640\" srcset=\"https:\/\/www.donhighend.de\/wp-content\/uploads\/2020\/06\/Titelbild.jpg 480w, https:\/\/www.donhighend.de\/wp-content\/uploads\/2020\/06\/Titelbild-225x300.jpg 225w\" sizes=\"auto, (max-width: 480px) 100vw, 480px\" \/><\/p>\n<p style=\"text-align: justify;\">Wir schreiben das Jahr 2020. Es ist der 20. Juni, um genau zu sein. Heute ist Sommersonnenwende, der\u00a0 l\u00e4ngste Tag des Jahres. Normalerweise genie\u00dfe ich diese Jahreszeit. Man sitzt an langen Abenden irgendwo in einem Biergarten oder Au\u00dfenrestaurant und genie\u00dft einfach die Zeit. In diesem Jahr ist das anders. Covid19 hat uns alle fest im Griff, und man ist gezwungen, seine Zeit anders zu nutzen. So habe ich die in meinem Vorrat befindlichen Chassis an meinem geistigen Auge vorbei ziehen lassen und \u00fcberlegt, was ich denn mal so anstellen k\u00f6nnte. Also nix besonderes halt. Besch\u00e4ftigungstherapie sozusagen. Einfach was kleines, f\u00fcr das sich mit den Plattenabschnitten und sonstigen MDF und Spanplattenresten in meiner Werkstatt noch ein Kistchen zusammendengeln l\u00e4sst. Die virtuelle Reise der Chassis endete, als ein kleiner Bremer vor meinem Auge auftauchte. <a href=\"https:\/\/www.monacor.de\/produkte\/components\/lautsprechertechnik\/hi-fi-mitteltoener-\/spm-116-8\/\" target=\"_blank\" rel=\"noopener noreferrer\"><span style=\"color: #0000ff;\">SPM-116\/8<\/span><\/a> hei\u00dft das T\u00f6nerchen und stammt von Monacor. Ich erinnerte mich, in einem Magazin gelesen zu haben, dass das Teil Fullrange tauglich sein soll. Warum also nicht die Probe aufs Exempel machen? Das ist doch genau das richtige Gimmick, mit dessen Konstruktion ich mir die momentan viel zu viele Zeit vertreiben kann. Gimmick? Gab&#8217;s da nicht mal ein Heft mit einer genau so titulierten Beigabe? Richtig, &#8222;Yps&#8220; hie\u00df das Magazin, und es ist der Namensgeber f\u00fcr das folgende Projekt .<\/p>\n<p style=\"text-align: center;\"><img loading=\"lazy\" decoding=\"async\" class=\"aligncenter size-full wp-image-6909\" src=\"https:\/\/www.donhighend.de\/wp-content\/uploads\/2020\/06\/SPM-116_8-geschraubt.jpg\" alt=\"\" width=\"500\" height=\"500\" srcset=\"https:\/\/www.donhighend.de\/wp-content\/uploads\/2020\/06\/SPM-116_8-geschraubt.jpg 500w, https:\/\/www.donhighend.de\/wp-content\/uploads\/2020\/06\/SPM-116_8-geschraubt-300x300.jpg 300w, https:\/\/www.donhighend.de\/wp-content\/uploads\/2020\/06\/SPM-116_8-geschraubt-150x150.jpg 150w\" sizes=\"auto, (max-width: 500px) 100vw, 500px\" \/>SPM-116\/8<\/p>\n<p>&nbsp;<\/p>\n<h4>TSP<\/h4>\n<ul>\n<li>FS: 83,12 Hz<\/li>\n<li>Mms: 3,91 Gr<\/li>\n<li>Cms: 0,94 mm\/N<\/li>\n<li>Sd: 54,9 cm\u00b2<\/li>\n<li>Vas: 3,87 Liter<\/li>\n<li>Re: 7,39 Ohm<\/li>\n<li>BL: 4,39 N\/A<\/li>\n<li>Qms: 2,54<\/li>\n<li>Qes: 0,78<\/li>\n<li>Qts: 0,59<\/li>\n<li>Rms: 0,8 kg\/s<\/li>\n<li>Spl: 86,46 dB<\/li>\n<\/ul>\n<p>&nbsp;<\/p>\n<p style=\"text-align: justify;\">Dieser TSP Satz qualifiziert den SPM-116\/8 ganz klar f\u00fcr den Einsatz in einer TQWT. Aus einer solchen habe ich das Chassis leihweise heraus operiert. Es steckte n\u00e4mlich in Gazzas <a href=\"https:\/\/www.gazza-diy-audio.de\/speakers\/icebox-advanced-style\/\" target=\"_blank\" rel=\"noopener noreferrer\"><span style=\"color: #0000ff;\">Icebox<\/span><\/a>, und die funktioniert als TQWT wunderbar. Nat\u00fcrlich wollte ich diese nicht kopieren, sondern dem Chassis ein m\u00f6glichst kleines Volumen schenken, in dem es fullrange l\u00e4uft. Eine Simulation in AJHorn wies ein 10 Liter gro\u00dfes BR Volumen als ideal aus, soweit man das f\u00fcr ein Chassis mit einem Qts von 0,59 \u00fcberhaupt behauten kann.<\/p>\n<p style=\"text-align: center;\"><img loading=\"lazy\" decoding=\"async\" class=\"aligncenter size-full wp-image-6918\" src=\"https:\/\/www.donhighend.de\/wp-content\/uploads\/2020\/06\/SPM-116_8-in-10-Litern-BR.png\" alt=\"\" width=\"625\" height=\"416\" srcset=\"https:\/\/www.donhighend.de\/wp-content\/uploads\/2020\/06\/SPM-116_8-in-10-Litern-BR.png 625w, https:\/\/www.donhighend.de\/wp-content\/uploads\/2020\/06\/SPM-116_8-in-10-Litern-BR-300x200.png 300w\" sizes=\"auto, (max-width: 625px) 100vw, 625px\" \/>AJHorn Simu SPM-116\/8 in 10 Litern BR<\/p>\n<p>&nbsp;<\/p>\n<p style=\"text-align: justify;\">Diese Simulation habe ich ebenfalls in das MJK Sheet \u00fcbertragen, welches die M\u00f6glichkeit bietet, die exakten Geh\u00e4useabmessungen, sowie die Positionen f\u00fcr Chassis und Port anzugeben. AJHorn 7 kann dies zwar auch, aber mir gefallen die Handhabung und auch die Genauigkeit der Simulation des MJK Sheets besser. Im Verlauf der Simulation habe ich die Dimensionen des Geh\u00e4uses sukzessive Zentimeter f\u00fcr Zentimeter reduziert und dabei auch die Positionen von Chassis und Port optimiert. Sowohl in der H\u00f6he als auch in der Tiefe konnte ich soweit reduzieren, dass sich erstens gelungene Proportionen ergeben und zweitens die Performance nahezu identisch bleibt. Das Volumen konnte so um rund 10% bzw. 1 Liter reduziert werden. Das mag im ersten Moment nach wenig klingen. F\u00fchrt man sich aber einen handels\u00fcblichen Tetra Pack vor Augen, fallen dessen Abmessungen bei einem kompakten Kistchen durchaus ins Gewicht.<\/p>\n<p style=\"text-align: center;\"><img loading=\"lazy\" decoding=\"async\" class=\"aligncenter size-full wp-image-6922\" src=\"https:\/\/www.donhighend.de\/wp-content\/uploads\/2020\/06\/MJK-Simu.jpg\" alt=\"\" width=\"587\" height=\"240\" srcset=\"https:\/\/www.donhighend.de\/wp-content\/uploads\/2020\/06\/MJK-Simu.jpg 587w, https:\/\/www.donhighend.de\/wp-content\/uploads\/2020\/06\/MJK-Simu-300x123.jpg 300w\" sizes=\"auto, (max-width: 587px) 100vw, 587px\" \/>MJK Simu SPM-116\/8 in 9 Litern BR<\/p>\n<p>&nbsp;<\/p>\n<p style=\"text-align: center;\"><img loading=\"lazy\" decoding=\"async\" class=\"aligncenter size-full wp-image-6923\" src=\"https:\/\/www.donhighend.de\/wp-content\/uploads\/2020\/06\/MJK-Simu-Port.jpg\" alt=\"\" width=\"588\" height=\"240\" srcset=\"https:\/\/www.donhighend.de\/wp-content\/uploads\/2020\/06\/MJK-Simu-Port.jpg 588w, https:\/\/www.donhighend.de\/wp-content\/uploads\/2020\/06\/MJK-Simu-Port-300x122.jpg 300w\" sizes=\"auto, (max-width: 588px) 100vw, 588px\" \/>MJK Simu SPM-116\/8 Membran vs. Port<\/p>\n<p>&nbsp;<\/p>\n<p style=\"text-align: justify;\">Durch geschickte Wahl der Positionen von Chassis und Port stellt sich eine saubere Abstimmung ein, die nat\u00fcrlich durch den TSP Satz des kleinen Bremers einen Ripple mitbringt. Dieser ist auch sehr willkommen, da er durch etwas mehr F\u00fclle im Oberbass ein wenig mehr Tiefgang suggeriert, als tats\u00e4chlich vorhanden ist.<\/p>\n<p style=\"text-align: justify;\">Die Messung des unbeschalteten Chassis l\u00e4sst beim ersten Hinsehen die Vermutung aufkeimen, dass es im Hochtonbereich an Energie fehlen k\u00f6nnte.<\/p>\n<p><img loading=\"lazy\" decoding=\"async\" class=\"aligncenter size-full wp-image-6937\" src=\"https:\/\/www.donhighend.de\/wp-content\/uploads\/2020\/06\/SPM-116_8-unbeschaltet.png\" alt=\"\" width=\"822\" height=\"540\" srcset=\"https:\/\/www.donhighend.de\/wp-content\/uploads\/2020\/06\/SPM-116_8-unbeschaltet.png 822w, https:\/\/www.donhighend.de\/wp-content\/uploads\/2020\/06\/SPM-116_8-unbeschaltet-300x197.png 300w, https:\/\/www.donhighend.de\/wp-content\/uploads\/2020\/06\/SPM-116_8-unbeschaltet-768x505.png 768w, https:\/\/www.donhighend.de\/wp-content\/uploads\/2020\/06\/SPM-116_8-unbeschaltet-750x493.png 750w\" sizes=\"auto, (max-width: 822px) 100vw, 822px\" \/><\/p>\n<p style=\"text-align: center;\">SPM-116\/8 unbeschaltet, Bass aus TSP (Freifeld)<\/p>\n<p>&nbsp;<\/p>\n<p style=\"text-align: justify;\">Erst durch eine sinnvoll angepasste Beschaltung zeigt sich, dass dies nicht der Fall ist. Sie f\u00fchrt zudem zu einer leichten Anhebung am Ende des \u00dcbertragungsbereichs, was das Chassis zwar nicht zu einem Hochtonwunder werden l\u00e4sst, aber zumindet auf Achse zu genug Hochtonanteil f\u00fchrt.<\/p>\n<p><img loading=\"lazy\" decoding=\"async\" class=\"aligncenter size-full wp-image-6939\" src=\"https:\/\/www.donhighend.de\/wp-content\/uploads\/2020\/06\/SPM-116_8-unbeschaltet-vs.-beschaltet.png\" alt=\"\" width=\"822\" height=\"542\" srcset=\"https:\/\/www.donhighend.de\/wp-content\/uploads\/2020\/06\/SPM-116_8-unbeschaltet-vs.-beschaltet.png 822w, https:\/\/www.donhighend.de\/wp-content\/uploads\/2020\/06\/SPM-116_8-unbeschaltet-vs.-beschaltet-300x198.png 300w, https:\/\/www.donhighend.de\/wp-content\/uploads\/2020\/06\/SPM-116_8-unbeschaltet-vs.-beschaltet-768x506.png 768w, https:\/\/www.donhighend.de\/wp-content\/uploads\/2020\/06\/SPM-116_8-unbeschaltet-vs.-beschaltet-750x495.png 750w\" sizes=\"auto, (max-width: 822px) 100vw, 822px\" \/><\/p>\n<p style=\"text-align: center;\">SPM-116\/8 unbeschaltet vs. beschaltet, Bass aus TSP (Freifeld)<\/p>\n<p>&nbsp;<\/p>\n<p style=\"text-align: justify;\">Da gibt es sicherlich schlimmeres, aber man k\u00f6nnte nat\u00fcrlich die Frage stellen, ob sie kleine Senke bei 3 kHz nicht vermeidbar gewesen w\u00e4re. Vermeidbar ist sie auf jeden Fall. Das w\u00fcrde aber nicht nur dazu f\u00fchren, dass der Bauteileaufwand steigt. Es w\u00fcrde auch eine Aufweitung unter Winkeln verursachen, die genau in dem Bereich unangenehm klingt. In diesem Frequenzbereich ist das menschliche Ohr n\u00e4mlich sehr empfindlich.<\/p>\n<p style=\"text-align: center;\"><img loading=\"lazy\" decoding=\"async\" class=\"aligncenter size-full wp-image-6940\" src=\"https:\/\/www.donhighend.de\/wp-content\/uploads\/2020\/06\/SPM-116_8-beschaltet-glatt.png\" alt=\"\" width=\"821\" height=\"540\" srcset=\"https:\/\/www.donhighend.de\/wp-content\/uploads\/2020\/06\/SPM-116_8-beschaltet-glatt.png 821w, https:\/\/www.donhighend.de\/wp-content\/uploads\/2020\/06\/SPM-116_8-beschaltet-glatt-300x197.png 300w, https:\/\/www.donhighend.de\/wp-content\/uploads\/2020\/06\/SPM-116_8-beschaltet-glatt-768x505.png 768w, https:\/\/www.donhighend.de\/wp-content\/uploads\/2020\/06\/SPM-116_8-beschaltet-glatt-750x493.png 750w\" sizes=\"auto, (max-width: 821px) 100vw, 821px\" \/>SPM-116\/8 mit glattem Frequenzgang<\/p>\n<p>&nbsp;<\/p>\n<p style=\"text-align: justify;\">Als n\u00e4chstes wurde das Korrekturglied nach Simulation aufgebaut. So stand der \u00dcberpr\u00fcfung der Simulation mit einer Messung nichts mehr im Wege. Erwartungsgem\u00e4\u00df stimmt die Messung mit der Simulation \u00fcberein.<\/p>\n<p style=\"text-align: center;\"><img loading=\"lazy\" decoding=\"async\" class=\"aligncenter size-full wp-image-6947\" src=\"https:\/\/www.donhighend.de\/wp-content\/uploads\/2020\/06\/Yps-0\u00b0.png\" alt=\"\" width=\"1000\" height=\"742\" srcset=\"https:\/\/www.donhighend.de\/wp-content\/uploads\/2020\/06\/Yps-0\u00b0.png 1000w, https:\/\/www.donhighend.de\/wp-content\/uploads\/2020\/06\/Yps-0\u00b0-300x223.png 300w, https:\/\/www.donhighend.de\/wp-content\/uploads\/2020\/06\/Yps-0\u00b0-768x570.png 768w, https:\/\/www.donhighend.de\/wp-content\/uploads\/2020\/06\/Yps-0\u00b0-750x557.png 750w\" sizes=\"auto, (max-width: 1000px) 100vw, 1000px\" \/>Yps gefensterte Messung 0\u00b0<\/p>\n<p>&nbsp;<\/p>\n<p style=\"text-align: justify;\">Unter Winkeln verschwindet die Senke bei 3 kHz vollst\u00e4ndig.\u00a0 Bei 30\u00b0 verl\u00e4uft der Frequenzgang an dieser Stelle linear. Unter gr\u00f6\u00dferen Winkeln bleibt die Aufweitung sehr klein.<\/p>\n<p style=\"text-align: center;\"><img loading=\"lazy\" decoding=\"async\" class=\"aligncenter size-full wp-image-6952\" src=\"https:\/\/www.donhighend.de\/wp-content\/uploads\/2020\/06\/Yps-0\u00b0-45\u00b0.png\" alt=\"\" width=\"1000\" height=\"742\" srcset=\"https:\/\/www.donhighend.de\/wp-content\/uploads\/2020\/06\/Yps-0\u00b0-45\u00b0.png 1000w, https:\/\/www.donhighend.de\/wp-content\/uploads\/2020\/06\/Yps-0\u00b0-45\u00b0-300x223.png 300w, https:\/\/www.donhighend.de\/wp-content\/uploads\/2020\/06\/Yps-0\u00b0-45\u00b0-768x570.png 768w, https:\/\/www.donhighend.de\/wp-content\/uploads\/2020\/06\/Yps-0\u00b0-45\u00b0-750x557.png 750w\" sizes=\"auto, (max-width: 1000px) 100vw, 1000px\" \/>Yps gefensterte Messung 0\u00b0 &#8211; 45\u00b0<\/p>\n<p>&nbsp;<\/p>\n<p style=\"text-align: justify;\">Eine gef\u00fcgte Messung aus gefenstertem Fernfeld, Nahfeld und Portanteil zeigt ebenso eine hohe \u00dcbereinstimmung mit der Simulation.<\/p>\n<p><img loading=\"lazy\" decoding=\"async\" class=\"aligncenter size-full wp-image-6959\" src=\"https:\/\/www.donhighend.de\/wp-content\/uploads\/2020\/06\/Yps-0\u00b0-mit-Nahfeld-und-Portanteil-Freifeldbedingung.png\" alt=\"\" width=\"1000\" height=\"742\" srcset=\"https:\/\/www.donhighend.de\/wp-content\/uploads\/2020\/06\/Yps-0\u00b0-mit-Nahfeld-und-Portanteil-Freifeldbedingung.png 1000w, https:\/\/www.donhighend.de\/wp-content\/uploads\/2020\/06\/Yps-0\u00b0-mit-Nahfeld-und-Portanteil-Freifeldbedingung-300x223.png 300w, https:\/\/www.donhighend.de\/wp-content\/uploads\/2020\/06\/Yps-0\u00b0-mit-Nahfeld-und-Portanteil-Freifeldbedingung-768x570.png 768w, https:\/\/www.donhighend.de\/wp-content\/uploads\/2020\/06\/Yps-0\u00b0-mit-Nahfeld-und-Portanteil-Freifeldbedingung-750x557.png 750w\" sizes=\"auto, (max-width: 1000px) 100vw, 1000px\" \/><\/p>\n<p style=\"text-align: center;\">Yps gef\u00fcgte Messung 0\u00b0 aus Fern und Nahfeld sowie Portanteil (Freifeld)<\/p>\n<p>&nbsp;<\/p>\n<p style=\"text-align: justify;\">Was muss man aber mit einem solchen Chassis anstellen, damit ein so ausgewogener Frequenzgang resultiert? Klar, es bedarf einer Hand voll Bauteile. Da ist die Frage legitim, ob sich der betriebene Aufwand bei einem so g\u00fcnstigen Chassis wie dem SPM-116\/8 lohnt.<\/p>\n<p style=\"text-align: center;\"><img loading=\"lazy\" decoding=\"async\" class=\"aligncenter size-full wp-image-6961\" src=\"https:\/\/www.donhighend.de\/wp-content\/uploads\/2020\/06\/Weiche-final-Website.png\" alt=\"\" width=\"598\" height=\"315\" srcset=\"https:\/\/www.donhighend.de\/wp-content\/uploads\/2020\/06\/Weiche-final-Website.png 598w, https:\/\/www.donhighend.de\/wp-content\/uploads\/2020\/06\/Weiche-final-Website-300x158.png 300w\" sizes=\"auto, (max-width: 598px) 100vw, 598px\" \/>Yps Korrekturglied<\/p>\n<p>&nbsp;<\/p>\n<h4 style=\"text-align: justify;\"><span style=\"color: #0000ff;\"><a style=\"color: #0000ff;\" href=\"https:\/\/www.donhighend.de\/wp-content\/uploads\/2020\/06\/Warenkorb-Yps.pdf\" target=\"_blank\" rel=\"noopener noreferrer\">Warenkorb f\u00fcr die Weichenteile der Yps im Quint-Store (Preisstand 20.06.2020)<\/a><\/span><\/h4>\n<p>&nbsp;<\/p>\n<p style=\"text-align: justify;\">In meinen Augen lohnt sich der &#8222;Aufwand&#8220; ganz klar. Hier teilen sich das Chassis und die Bauteile das ben\u00f6tigte Budget je nach Einkaufsquelle zur H\u00e4lfte. F\u00fcr insgesamt unter 30,- Euro pro Lautsprecher (Technik) bietet die Yps einen ausgewogenen Frequenzgang mit einer durchaus guten Basswiedergabe. Insgesamt also sehr viel Gegenwert f\u00fcr ein sehr kleines Budget .<\/p>\n<p style=\"text-align: justify;\">Da ich der Yps wegen ihrer Proportionen kein separates Weichenfach spendieren wollte, muss\u00a0 die Unterbringung des Korrekturgliedes im Geh\u00e4use selbst erfolgen. Nach dem Zusammenbau ist dies kaum zu bewerkstelligen.\u00a0 Aus diesem Grund habe ich mich dazu entschlossen, die Bauteile vor dem Aufleimen der Frontwand auf dieser unterhalb des Chassis aufzukleben. Im vorliegenden Fall handelt es sich vorwiegend um Teile, die ich aus gebrauchten Weichen ausgel\u00f6tet habe, oder um g\u00fcnstig erstandene Restposten. Sogar die Kabel entstammen einer zerlegten &#8222;Terminalweiche&#8220;. Damit die Teile auch halten, habe ich mit Hei\u00dfklebepampe nicht gegeizt. Besonders bei den Spulen habe ich die Kanten des Spulenk\u00f6rpers quasi eingerahmt. Auf der linken Seite sieht man den angeleimten Zentimeter, der bei dem Restbrettchen f\u00fcr die Schallwand in der Breite fehlte.<\/p>\n<p><img loading=\"lazy\" decoding=\"async\" class=\"aligncenter size-full wp-image-6972\" src=\"https:\/\/www.donhighend.de\/wp-content\/uploads\/2020\/06\/Weiche-Website.jpg\" alt=\"\" width=\"480\" height=\"640\" srcset=\"https:\/\/www.donhighend.de\/wp-content\/uploads\/2020\/06\/Weiche-Website.jpg 480w, https:\/\/www.donhighend.de\/wp-content\/uploads\/2020\/06\/Weiche-Website-225x300.jpg 225w\" sizes=\"auto, (max-width: 480px) 100vw, 480px\" \/><\/p>\n<p style=\"text-align: center;\">Yps Korrekturglied<\/p>\n<p>&nbsp;<\/p>\n<p style=\"text-align: justify;\">Die Bed\u00e4mpfung der Yps gestaltet sich sehr einfach. Auf den Boden kommt eine Lage Fibsorb 100. Das ist komprimiertes Polyestervlies mit einem Fl\u00e4chengewicht von 1000g\/m\u00b2. Die Seiten, der Deckel und die R\u00fcckwand werden mit Fibsorb 50 beklebt, alternativ mit komprimiertem Polyestervlies mit einem Fl\u00e4chengewicht von ca. 500g\/m\u00b2.<\/p>\n<p style=\"text-align: center;\"><img loading=\"lazy\" decoding=\"async\" class=\"aligncenter size-full wp-image-6974\" src=\"https:\/\/www.donhighend.de\/wp-content\/uploads\/2020\/06\/Bed\u00e4mpfung-Website.jpg\" alt=\"\" width=\"480\" height=\"640\" srcset=\"https:\/\/www.donhighend.de\/wp-content\/uploads\/2020\/06\/Bed\u00e4mpfung-Website.jpg 480w, https:\/\/www.donhighend.de\/wp-content\/uploads\/2020\/06\/Bed\u00e4mpfung-Website-225x300.jpg 225w\" sizes=\"auto, (max-width: 480px) 100vw, 480px\" \/>Yps Bed\u00e4mpfung<\/p>\n<p>&nbsp;<\/p>\n<p style=\"text-align: center;\"><img loading=\"lazy\" decoding=\"async\" class=\"aligncenter size-full wp-image-6980\" src=\"https:\/\/www.donhighend.de\/wp-content\/uploads\/2020\/06\/Bauplan-mit-Wasserzeichen.jpg\" alt=\"\" width=\"1057\" height=\"744\" srcset=\"https:\/\/www.donhighend.de\/wp-content\/uploads\/2020\/06\/Bauplan-mit-Wasserzeichen.jpg 1057w, https:\/\/www.donhighend.de\/wp-content\/uploads\/2020\/06\/Bauplan-mit-Wasserzeichen-300x211.jpg 300w, https:\/\/www.donhighend.de\/wp-content\/uploads\/2020\/06\/Bauplan-mit-Wasserzeichen-1024x721.jpg 1024w, https:\/\/www.donhighend.de\/wp-content\/uploads\/2020\/06\/Bauplan-mit-Wasserzeichen-768x541.jpg 768w, https:\/\/www.donhighend.de\/wp-content\/uploads\/2020\/06\/Bauplan-mit-Wasserzeichen-750x528.jpg 750w\" sizes=\"auto, (max-width: 1057px) 100vw, 1057px\" \/>Yps Bauplan (vergr\u00f6\u00dfern &#8211;&gt; rechte Maustaste &#8211;&gt; Grafik anzeigen)<\/p>\n<p>&nbsp;<\/p>\n<p>Die Weichen- und Baupl\u00e4ne sind f\u00fcr private Nutzung freigegeben. Jegliche Form der gewerblichen Nutzung oder Verbreitung ohne vorherige Absprache ist untersagt und wird strafrechtlich verfolgt.<\/p>\n<p style=\"text-align: justify;\">Die Yps liefert eine tonal sehr ausgewogene Wiedergabe. Der Bass ist sauber und gut dosiert. Nat\u00fcrlich ist der Pegel bei einem 4 Z\u00f6ller begrenzt. Es geht aber erstaunlich viel. Wahrscheinlich ist das mehr, als man von einem so kleinen und preiswerten Chassis erwartet.\u00a0 Stimmen klingen angenehm warm, ohne Sch\u00e4rfe. Breitb\u00e4nder typisch ist die Ortung einzelner Instrumente und Stimmen sehr gut. Ein toller und preiswerter Allrounder, mit dem Musik h\u00f6ren Spa\u00df macht.<\/p>\n<p>&nbsp;<\/p>\n<p>Tim M. schreibt in unserer <a href=\"https:\/\/www.facebook.com\/groups\/304972859996029\/\" target=\"_blank\" rel=\"noopener noreferrer\"><span style=\"color: #0000ff;\">FB Gruppe<\/span><\/a><\/p>\n<h5 style=\"text-align: justify;\"><em><span style=\"color: #ff6600;\">Da dieser Sommer etwas eingeschr\u00e4nkter abl\u00e4uft habe ich mich f\u00fcr ein kleines Projekt entschieden. <\/span><\/em><em><span style=\"color: #ff6600;\">Ich habe die YPS von Alexander Gresler nachgebaut.\u00a0<\/span><\/em><\/h5>\n<h5 style=\"text-align: justify;\"><em><span style=\"color: #ff6600;\">Schnell, einfach und der Hammer.\u00a0<\/span><\/em><\/h5>\n<div class=\"text_exposed_show\">\n<h5 style=\"text-align: justify;\"><em><span style=\"color: #ff6600;\">Ich habe bei den YPS alles und nichts erwartet. <\/span><\/em><em><span style=\"color: #ff6600;\">Bisher war ich bei allen Projekten aus dem Hause Gresler begeistert also wird der auch gut sein dachte ich mir. Gleichzeitig war ich davon \u00fcberzeugt das so ein kleiner \u201eBreitb\u00e4nder\u201c ja nun nicht die Welt sein kann.<\/span><\/em><\/h5>\n<h5 style=\"text-align: justify;\"><em><span style=\"color: #ff6600;\">Nach ersten T\u00f6nen haben die Lautsprecher mich aber ganz sch\u00f6n vom Gegenteil \u00fcberzeugt. <\/span><\/em><em><span style=\"color: #ff6600;\">Die kleinen spielen viel gr\u00f6\u00dfer als sie sind. <\/span><\/em><em><span style=\"color: #ff6600;\">Im vergleich zu dem BYT spielen sie nat\u00fcrlich nicht ganz so Volumin\u00f6s auf, und die BYT sind obenrum auch hochaufl\u00f6sender, aber man muss hier klar die Kosten, Aufwand und die Gr\u00f6\u00dfe ber\u00fccksichtigen.<\/span><\/em><\/h5>\n<h5 style=\"text-align: justify;\"><em><span style=\"color: #ff6600;\">Ich kann die YPS f\u00fcr jeden Einsteiger oder f\u00fcr kleine R\u00e4ume empfehlen.<\/span><\/em><\/h5>\n<\/div>\n<p>&nbsp;<\/p>\n","protected":false},"excerpt":{"rendered":"<p>Wir schreiben das Jahr 2020. Es ist der 20. Juni, um genau zu sein. Heute ist Sommersonnenwende, der\u00a0 l\u00e4ngste Tag des Jahres. Normalerweise genie\u00dfe ich diese Jahreszeit. Man sitzt an langen Abenden irgendwo in einem Biergarten oder Au\u00dfenrestaurant und genie\u00dft einfach die Zeit. In diesem Jahr ist das anders. Covid19 hat uns alle fest im &hellip; <\/p>\n<p><a class=\"more-link btn\" href=\"https:\/\/www.donhighend.de\/?page_id=6894\">Weiterlesen<\/a><\/p>\n","protected":false},"author":1,"featured_media":6970,"parent":4401,"menu_order":962,"comment_status":"open","ping_status":"closed","template":"","meta":{"footnotes":""},"class_list":["post-6894","page","type-page","status-publish","has-post-thumbnail","hentry","nodate","item-wrap"],"_links":{"self":[{"href":"https:\/\/www.donhighend.de\/index.php?rest_route=\/wp\/v2\/pages\/6894","targetHints":{"allow":["GET"]}}],"collection":[{"href":"https:\/\/www.donhighend.de\/index.php?rest_route=\/wp\/v2\/pages"}],"about":[{"href":"https:\/\/www.donhighend.de\/index.php?rest_route=\/wp\/v2\/types\/page"}],"author":[{"embeddable":true,"href":"https:\/\/www.donhighend.de\/index.php?rest_route=\/wp\/v2\/users\/1"}],"replies":[{"embeddable":true,"href":"https:\/\/www.donhighend.de\/index.php?rest_route=%2Fwp%2Fv2%2Fcomments&post=6894"}],"version-history":[{"count":68,"href":"https:\/\/www.donhighend.de\/index.php?rest_route=\/wp\/v2\/pages\/6894\/revisions"}],"predecessor-version":[{"id":7060,"href":"https:\/\/www.donhighend.de\/index.php?rest_route=\/wp\/v2\/pages\/6894\/revisions\/7060"}],"up":[{"embeddable":true,"href":"https:\/\/www.donhighend.de\/index.php?rest_route=\/wp\/v2\/pages\/4401"}],"wp:featuredmedia":[{"embeddable":true,"href":"https:\/\/www.donhighend.de\/index.php?rest_route=\/wp\/v2\/media\/6970"}],"wp:attachment":[{"href":"https:\/\/www.donhighend.de\/index.php?rest_route=%2Fwp%2Fv2%2Fmedia&parent=6894"}],"curies":[{"name":"wp","href":"https:\/\/api.w.org\/{rel}","templated":true}]}}