{"id":6812,"date":"2020-05-27T12:07:27","date_gmt":"2020-05-27T11:07:27","guid":{"rendered":"http:\/\/www.donhighend.de\/?page_id=6812"},"modified":"2025-09-07T14:18:57","modified_gmt":"2025-09-07T13:18:57","slug":"italian-focus","status":"publish","type":"page","link":"https:\/\/www.donhighend.de\/?page_id=6812","title":{"rendered":"Focus"},"content":{"rendered":"<p><img loading=\"lazy\" decoding=\"async\" class=\"aligncenter size-full wp-image-11483\" src=\"https:\/\/www.donhighend.de\/wp-content\/uploads\/2025\/09\/Titelbild-neu-1.jpg\" alt=\"\" width=\"1632\" height=\"640\" srcset=\"https:\/\/www.donhighend.de\/wp-content\/uploads\/2025\/09\/Titelbild-neu-1.jpg 1632w, https:\/\/www.donhighend.de\/wp-content\/uploads\/2025\/09\/Titelbild-neu-1-300x118.jpg 300w, https:\/\/www.donhighend.de\/wp-content\/uploads\/2025\/09\/Titelbild-neu-1-1024x402.jpg 1024w, https:\/\/www.donhighend.de\/wp-content\/uploads\/2025\/09\/Titelbild-neu-1-768x301.jpg 768w, https:\/\/www.donhighend.de\/wp-content\/uploads\/2025\/09\/Titelbild-neu-1-1536x602.jpg 1536w, https:\/\/www.donhighend.de\/wp-content\/uploads\/2025\/09\/Titelbild-neu-1-750x294.jpg 750w\" sizes=\"auto, (max-width: 1632px) 100vw, 1632px\" \/><\/p>\n<p style=\"text-align: justify;\">&#8222;Leg ihn um!&#8220; &#8211; Zugegeben, diese Aufforderung k\u00f6nnte man an anderer Stelle durchaus falsch verstehen. Nicht aber im Zusammenhang mit der &#8222;Focus&#8220;, in deren Zentrum sich ein noch recht neu auf dem DIY-Markt erh\u00e4ltliches Koaxialchassis des italienischen Spezialisten Sica befindet. Genau dieses macht aus der im folgenden beschriebenen Lautsprecherbox ein kleines Universalgenie. Stehend, etwa auf einem Lowboard, gibt sie einen tollen Lautsprecher f\u00fcr die HiFi- Anlage ab. Legt man sie um, hat man es mit einem hervorragenden Center f\u00fcr das Heimkino zu tun. Auch an anderen Stellen im Heimkino-Bereich passt er perfekt.<\/p>\n<p style=\"text-align: justify;\">Der neue <a href=\"https:\/\/sica.it\/prodotto\/5-5-c-15-cp\/\" target=\"_blank\" rel=\"noopener noreferrer\"><span style=\"color: #0000ff;\">Sica 5.5C<\/span><\/a><span style=\"color: #0000ff;\">1.5CP<\/span> bildet das Herzst\u00fcck der &#8222;Focus&#8220;. Er ist als Koaxialchassis der Schl\u00fcssel ihrer Universalit\u00e4t.<\/p>\n<p style=\"text-align: center;\"><img loading=\"lazy\" decoding=\"async\" class=\"aligncenter size-full wp-image-6819\" src=\"https:\/\/www.donhighend.de\/wp-content\/uploads\/2020\/05\/5.5C1.5CP-mit-Schrauben.jpg\" alt=\"\" width=\"600\" height=\"600\" srcset=\"https:\/\/www.donhighend.de\/wp-content\/uploads\/2020\/05\/5.5C1.5CP-mit-Schrauben.jpg 600w, https:\/\/www.donhighend.de\/wp-content\/uploads\/2020\/05\/5.5C1.5CP-mit-Schrauben-300x300.jpg 300w, https:\/\/www.donhighend.de\/wp-content\/uploads\/2020\/05\/5.5C1.5CP-mit-Schrauben-150x150.jpg 150w\" sizes=\"auto, (max-width: 600px) 100vw, 600px\" \/>Sica 5.5C1.5CP<\/p>\n<p>&nbsp;<\/p>\n<p style=\"text-align: justify;\">Obwohl sein TSP Satz eine Standalone L\u00f6sung durchaus zulassen w\u00fcrde, wird der kleine Italiener\u00a0 von zwei kr\u00e4ftigen Br\u00fcdern flankiert, die auf nur auf den ersten Blick dem Tiefmittelton-Part des kleinen Koax \u00e4hneln. Bei den\u00a0<a href=\"https:\/\/sica.it\/prodotto\/5-5-h-1-5-cp\/\" target=\"_blank\" rel=\"noopener noreferrer\"><span style=\"color: #0000ff;\">5.5H1.5CP<\/span><\/a>\u00a0 handelt es sich um deutlich Bass potentere Kollegen, deren Antrieb und damit auch der TSP Satz eine ganz andere Sprache sprechen.<\/p>\n<p style=\"text-align: center;\"><img loading=\"lazy\" decoding=\"async\" class=\"aligncenter size-full wp-image-7040\" src=\"https:\/\/www.donhighend.de\/wp-content\/uploads\/2020\/07\/5.5H1.5CP.jpg\" alt=\"\" width=\"600\" height=\"600\" srcset=\"https:\/\/www.donhighend.de\/wp-content\/uploads\/2020\/07\/5.5H1.5CP.jpg 600w, https:\/\/www.donhighend.de\/wp-content\/uploads\/2020\/07\/5.5H1.5CP-300x300.jpg 300w, https:\/\/www.donhighend.de\/wp-content\/uploads\/2020\/07\/5.5H1.5CP-150x150.jpg 150w\" sizes=\"auto, (max-width: 600px) 100vw, 600px\" \/>Sica 5.5H1.5CP<\/p>\n<p>&nbsp;<\/p>\n<p style=\"text-align: justify;\">Um die Abmessungen des Centers angenehm klein zu halten aber dennoch eine Wiedergabe bis in Bereiche um 50 Hz zu erm\u00f6glichen, d\u00fcrfen die beiden Tiefmittelt\u00f6ner auf je rund 6 Liter GHP-Volumen zur\u00fcckgreifen. Nat\u00fcrlich wissen wir, dass ein Center gar nicht so tief hinunter spielen muss. Doch dazu komme ich im weiteren Verlauf dieses Artikels noch zur\u00fcck.<\/p>\n<p style=\"text-align: justify;\">Zun\u00e4chst m\u00f6chte ich hier den Effekt aufzeigen, der ein brauchbares Abstrahlverhalten bei einem Center mit\u00a0 klassischem Aufbau nach D&#8217;Appolito Muster zunichte macht. Die folgende Grafik zeigt eine Messung der beiden unbeschalteten TMT in Winkeln von 0\u00b0 &#8211; 60\u00b0<\/p>\n<p style=\"text-align: center;\"><img loading=\"lazy\" decoding=\"async\" class=\"aligncenter size-full wp-image-7005\" src=\"https:\/\/www.donhighend.de\/wp-content\/uploads\/2020\/07\/TT-unbeschaltet-0\u00b0-60\u00b0.png\" alt=\"\" width=\"782\" height=\"517\" srcset=\"https:\/\/www.donhighend.de\/wp-content\/uploads\/2020\/07\/TT-unbeschaltet-0\u00b0-60\u00b0.png 782w, https:\/\/www.donhighend.de\/wp-content\/uploads\/2020\/07\/TT-unbeschaltet-0\u00b0-60\u00b0-300x198.png 300w, https:\/\/www.donhighend.de\/wp-content\/uploads\/2020\/07\/TT-unbeschaltet-0\u00b0-60\u00b0-768x508.png 768w, https:\/\/www.donhighend.de\/wp-content\/uploads\/2020\/07\/TT-unbeschaltet-0\u00b0-60\u00b0-750x496.png 750w\" sizes=\"auto, (max-width: 782px) 100vw, 782px\" \/>Messung 2 x Sica 5.5H1.5CP unbeschaltet 0\u00b0 &#8211; 60\u00b0 in Focus Geh\u00e4use<\/p>\n<p>&nbsp;<\/p>\n<p style=\"text-align: justify;\">Deutlich zu sehen sind die durch diese Anordnung entstehenden Kammfiltereffekte. Mit steigendem Abh\u00f6rwinkel sinkt die Frequenz, an der die erste St\u00f6rung auftritt. Es d\u00fcrfte einleuchten, dass die Kombination mit einem Kalottenhocht\u00f6ner bei angenommener Trennfrequenz im Bereich von etwa 2 kHz\u00a0 zu keinem sinnvollen Resultat f\u00fchren kann. Abhilfe schafft nur eine tiefe Trennung, die mit einem klassischen Kalottenhocht\u00f6ner jedoch nicht zu erreichen ist. Dies legt entweder die Verwendung eines Breitb\u00e4nders nah, oder eben einen 3-Wege Aufbau. Dabei bietet sich, nicht zuletzt aus optischen Gesichtspunkten, den Einsatz eines Koaxialchassis an.\u00a0 Wenn dieses wie der <a href=\"https:\/\/www.sica.it\/en\/product\/coaxial\/5-5-c-1-5-cp-8-8\" target=\"_blank\" rel=\"noopener noreferrer\"><span style=\"color: #0000ff;\">Sica 5.5C1.5CP<\/span><\/a> auch noch der Optik der umschlie\u00dfenden Tieft\u00f6ner entspricht, steht sowohl dem akustischen als auch dem optischen Genu\u00df kaum etwas im Wege.<\/p>\n<p style=\"text-align: justify;\">Nat\u00fcrlich verh\u00e4lt sich ein Koax mit zentral sitzendem Hocht\u00f6ner hinsichtlich seiner Abstrahlung prinzipbedingt auch nicht perfekt. Jedoch l\u00e4sst sich mit einem solchen Chassis ein erheblich besseres Abstrahlverhalten erzielen, als es jeder am Markt befindliche Center in Pseudo D&#8217;Appolito Ausf\u00fchrung mit zwei TMT und einem Kalottenhocht\u00f6ner bietet.<\/p>\n<p style=\"text-align: justify;\">Wenn man die oben gezeigte Messung der beiden parallel geschalteten Tief(mittel)t\u00f6ner betrachtet, erscheint eine tiefe Trennung bei allersp\u00e4testens 400 Hz notwendig, um die Kammfilter Effekte zu umgehen. Da der TSP Satz des verwendeten Koaxialchassis eine Einsatz als Standalone Chassis erm\u00f6glicht, spricht bei diesem Chassis nichts gegen eine solch tiefe Trennung.<\/p>\n<p style=\"text-align: justify;\">Nach Messung der unbeschalteten Chassis wurden die gewonnenen Dateien in eine Simulationssoftware importiert. Die Simulation f\u00fchrt zu einem Ergebnis, welches sich deutlich von dem eines Pseudo D&#8217;Appolito Center unterscheidet und ein erheblich besseres Verhalten unter Winkeln verspricht.<\/p>\n<p><img loading=\"lazy\" decoding=\"async\" class=\"aligncenter size-full wp-image-7070\" src=\"https:\/\/www.donhighend.de\/wp-content\/uploads\/2020\/08\/Focus-0\u00b0-90\u00b0.jpg\" alt=\"\" width=\"786\" height=\"518\" srcset=\"https:\/\/www.donhighend.de\/wp-content\/uploads\/2020\/08\/Focus-0\u00b0-90\u00b0.jpg 786w, https:\/\/www.donhighend.de\/wp-content\/uploads\/2020\/08\/Focus-0\u00b0-90\u00b0-300x198.jpg 300w, https:\/\/www.donhighend.de\/wp-content\/uploads\/2020\/08\/Focus-0\u00b0-90\u00b0-768x506.jpg 768w, https:\/\/www.donhighend.de\/wp-content\/uploads\/2020\/08\/Focus-0\u00b0-90\u00b0-750x494.jpg 750w\" sizes=\"auto, (max-width: 786px) 100vw, 786px\" \/><\/p>\n<p style=\"text-align: center;\">Focus Simulation 0\u00b0 &#8211; 60\u00b0 (50dB Range)<\/p>\n<p>&nbsp;<\/p>\n<p style=\"text-align: justify;\">Man k\u00f6nnte dieses Ergebnis durch eine gr\u00f6\u00dfere Anzeige-Range von z. B. 70dB sch\u00f6nen, was aber in meinen Augen nicht seri\u00f6s erscheint. In dieser, intern PM-Modus genannten, Darstellung erscheint alles gleich deutlich glatter.<\/p>\n<p><img loading=\"lazy\" decoding=\"async\" class=\"aligncenter size-full wp-image-7071\" src=\"https:\/\/www.donhighend.de\/wp-content\/uploads\/2020\/08\/Focus-0\u00b0-90\u00b0-PMM.jpg\" alt=\"\" width=\"781\" height=\"520\" srcset=\"https:\/\/www.donhighend.de\/wp-content\/uploads\/2020\/08\/Focus-0\u00b0-90\u00b0-PMM.jpg 781w, https:\/\/www.donhighend.de\/wp-content\/uploads\/2020\/08\/Focus-0\u00b0-90\u00b0-PMM-300x200.jpg 300w, https:\/\/www.donhighend.de\/wp-content\/uploads\/2020\/08\/Focus-0\u00b0-90\u00b0-PMM-768x511.jpg 768w, https:\/\/www.donhighend.de\/wp-content\/uploads\/2020\/08\/Focus-0\u00b0-90\u00b0-PMM-750x499.jpg 750w\" sizes=\"auto, (max-width: 781px) 100vw, 781px\" \/><\/p>\n<p>&nbsp;<\/p>\n<p style=\"text-align: center;\">Focus Simulation 0\u00b0 &#8211; 60\u00b0 (70dB Range)<\/p>\n<p>&nbsp;<\/p>\n<p style=\"text-align: justify;\">Nat\u00fcrlich musste schnellstm\u00f6glich \u00fcberpr\u00fcft werden, ob sich die simulierten Frequenzg\u00e4nge auch in der Realit\u00e4t bewahrheiten, und so kam einmal mehr das bew\u00e4hrte Weichensteckbrett zum Einsatz, auf dem die Bauteile laut Simulation ihren Platz fanden.<\/p>\n<p><img loading=\"lazy\" decoding=\"async\" class=\"aligncenter wp-image-7072\" src=\"https:\/\/www.donhighend.de\/wp-content\/uploads\/2020\/08\/Focus-0\u00b0-90\u00b0.png\" alt=\"\" width=\"1000\" height=\"766\" srcset=\"https:\/\/www.donhighend.de\/wp-content\/uploads\/2020\/08\/Focus-0\u00b0-90\u00b0.png 1000w, https:\/\/www.donhighend.de\/wp-content\/uploads\/2020\/08\/Focus-0\u00b0-90\u00b0-300x230.png 300w, https:\/\/www.donhighend.de\/wp-content\/uploads\/2020\/08\/Focus-0\u00b0-90\u00b0-768x588.png 768w, https:\/\/www.donhighend.de\/wp-content\/uploads\/2020\/08\/Focus-0\u00b0-90\u00b0-750x575.png 750w\" sizes=\"auto, (max-width: 1000px) 100vw, 1000px\" \/><\/p>\n<p style=\"text-align: center;\">Focus 0\u00b0 &#8211; 90<\/p>\n<p>&nbsp;<\/p>\n<p style=\"text-align: justify;\">Simulation und Messergebnis stimmen, wie immer, sehr gut miteinander \u00fcberein und sind quasi deckungsgleich.<\/p>\n<p style=\"text-align: center;\"><img loading=\"lazy\" decoding=\"async\" class=\"aligncenter size-full wp-image-7073\" src=\"https:\/\/www.donhighend.de\/wp-content\/uploads\/2020\/08\/Focus-0\u00b0-Nahfeld-Freifeld-Impedanzverlauf.png\" alt=\"\" width=\"1000\" height=\"742\" srcset=\"https:\/\/www.donhighend.de\/wp-content\/uploads\/2020\/08\/Focus-0\u00b0-Nahfeld-Freifeld-Impedanzverlauf.png 1000w, https:\/\/www.donhighend.de\/wp-content\/uploads\/2020\/08\/Focus-0\u00b0-Nahfeld-Freifeld-Impedanzverlauf-300x223.png 300w, https:\/\/www.donhighend.de\/wp-content\/uploads\/2020\/08\/Focus-0\u00b0-Nahfeld-Freifeld-Impedanzverlauf-768x570.png 768w, https:\/\/www.donhighend.de\/wp-content\/uploads\/2020\/08\/Focus-0\u00b0-Nahfeld-Freifeld-Impedanzverlauf-750x557.png 750w\" sizes=\"auto, (max-width: 1000px) 100vw, 1000px\" \/>Focus 0\u00b0 + Nahfeld (Freifeld) + Impedanzverlauf<\/p>\n<p>&nbsp;<\/p>\n<p style=\"text-align: center;\"><img loading=\"lazy\" decoding=\"async\" class=\"aligncenter size-full wp-image-7075\" src=\"https:\/\/www.donhighend.de\/wp-content\/uploads\/2020\/08\/Focus-0\u00b0-Zweige.png\" alt=\"\" width=\"1000\" height=\"742\" srcset=\"https:\/\/www.donhighend.de\/wp-content\/uploads\/2020\/08\/Focus-0\u00b0-Zweige.png 1000w, https:\/\/www.donhighend.de\/wp-content\/uploads\/2020\/08\/Focus-0\u00b0-Zweige-300x223.png 300w, https:\/\/www.donhighend.de\/wp-content\/uploads\/2020\/08\/Focus-0\u00b0-Zweige-768x570.png 768w, https:\/\/www.donhighend.de\/wp-content\/uploads\/2020\/08\/Focus-0\u00b0-Zweige-750x557.png 750w\" sizes=\"auto, (max-width: 1000px) 100vw, 1000px\" \/>Focus 0\u00b0 + Zweige<\/p>\n<p>&nbsp;<\/p>\n<p style=\"text-align: justify;\">Sp\u00e4testens an dieser Stelle sollte die Frage gekl\u00e4rt werden, warum f\u00fcr einen Center der weiter oben genannte Hochpasskondensator vorgesehen wurde. Die Focus funktioniert n\u00e4mlich nicht nur in liegender, sondern auch in stehender Position. Sie er\u00f6ffnet auf diese Weise weitere Einsatzm\u00f6glichkeiten im Rahmen eines Heimkinos, oder dar\u00fcber hinaus. Je nach Einsatzzweck kann dann der Einsatz eines HPC\u00a0 mit einem Wert von 330\u00b5F hilfreich und sinnvoll sein.<\/p>\n<p style=\"text-align: center;\"><img loading=\"lazy\" decoding=\"async\" class=\"aligncenter size-full wp-image-7077\" src=\"https:\/\/www.donhighend.de\/wp-content\/uploads\/2020\/08\/Focus-0\u00b0-90\u00b0-stehend.png\" alt=\"\" width=\"1000\" height=\"766\" srcset=\"https:\/\/www.donhighend.de\/wp-content\/uploads\/2020\/08\/Focus-0\u00b0-90\u00b0-stehend.png 1000w, https:\/\/www.donhighend.de\/wp-content\/uploads\/2020\/08\/Focus-0\u00b0-90\u00b0-stehend-300x230.png 300w, https:\/\/www.donhighend.de\/wp-content\/uploads\/2020\/08\/Focus-0\u00b0-90\u00b0-stehend-768x588.png 768w, https:\/\/www.donhighend.de\/wp-content\/uploads\/2020\/08\/Focus-0\u00b0-90\u00b0-stehend-750x575.png 750w\" sizes=\"auto, (max-width: 1000px) 100vw, 1000px\" \/>Focus 0\u00b0 &#8211; 90\u00b0 aufrecht stehend<\/p>\n<p>&nbsp;<\/p>\n<p style=\"text-align: justify;\">Auch stehend macht die Focus eine tolle Figur. Das Abstrahlverhalten ist von 0\u00b0 &#8211; 90\u00b0 sehr gut, f\u00fcr einen Koax sogar exzellent. Um 900 Hz gibt es einen kleinen und vollkommen unbedeutenden H\u00fcgel mit einer Intensit\u00e4t von etwa 1dB. Reine Makulatur.\u00a0 Die folgende Grafik zeigt das Verhalten im Bassbereich mit und ohne HPC.<\/p>\n<p style=\"text-align: center;\"><img loading=\"lazy\" decoding=\"async\" class=\"aligncenter size-full wp-image-7052\" src=\"https:\/\/www.donhighend.de\/wp-content\/uploads\/2020\/07\/2-x-5.5H1.5CP-in-12-Litern-GHP-vs.-CB-beschaltet.jpg\" alt=\"\" width=\"553\" height=\"420\" srcset=\"https:\/\/www.donhighend.de\/wp-content\/uploads\/2020\/07\/2-x-5.5H1.5CP-in-12-Litern-GHP-vs.-CB-beschaltet.jpg 553w, https:\/\/www.donhighend.de\/wp-content\/uploads\/2020\/07\/2-x-5.5H1.5CP-in-12-Litern-GHP-vs.-CB-beschaltet-300x228.jpg 300w\" sizes=\"auto, (max-width: 553px) 100vw, 553px\" \/>2 x Sica 5.5H1.5CP ohne (schwarz) und mit 330\u00b5F HPC (rot)<\/p>\n<p>&nbsp;<\/p>\n<p style=\"text-align: justify;\">Bei Einsatz der Focus als Center sollte der entsprechende Kanal ein gefiltertes Singal liefern, welches den HPC unn\u00f6tig macht. Wird die Focus jedoch als Hauptlautsprecher eingesetzt, liegt die Verwendung eines HPC mit 330\u00b5F nahe. Die \u00dcberh\u00f6hung bei rund 90 Hz verschwindet, ein sauberer Verlauf der Kurve mit einer unteren Grenzfrequenz von etwa 50 Hz bleibt als Resultat.<\/p>\n<p style=\"text-align: justify;\">Durch ihr sehr gutes Abstrahlverhalten sowohl im horizontalen als auch vertikalen Betrieb wird die Focus zu einem kleinen Universalgenie. Vertikal betrieben ist sie im Zusammenwirken mit dem HPC ein vollwertiger HiFi-Lautsprecher.<\/p>\n<p style=\"text-align: justify;\">Sehr erfreulich ist, dass die hochwertigen Sica Chassis sich mit recht moderatem Beschaltungsaufwand zu dieser tollen Performance hinrei\u00dfen lassen. Lediglich simple 18dB Filter, welche im Mittel- und Hochtonzweig noch durch je einen Saugkreis und einen\u00a0 Spannungsteiler unterst\u00fctzt werden, sind notwendig.<\/p>\n<p><img loading=\"lazy\" decoding=\"async\" class=\"aligncenter size-full wp-image-8307\" src=\"https:\/\/www.donhighend.de\/wp-content\/uploads\/2021\/05\/Weiche-final.png\" alt=\"\" width=\"764\" height=\"660\" srcset=\"https:\/\/www.donhighend.de\/wp-content\/uploads\/2021\/05\/Weiche-final.png 764w, https:\/\/www.donhighend.de\/wp-content\/uploads\/2021\/05\/Weiche-final-300x259.png 300w, https:\/\/www.donhighend.de\/wp-content\/uploads\/2021\/05\/Weiche-final-750x648.png 750w\" sizes=\"auto, (max-width: 764px) 100vw, 764px\" \/><\/p>\n<p style=\"text-align: center;\">Focus Weiche final<\/p>\n<p>&nbsp;<\/p>\n<h4 style=\"text-align: center;\"><span style=\"color: #0000ff;\"><a style=\"color: #0000ff;\" href=\"https:\/\/www.donhighend.de\/wp-content\/uploads\/2020\/08\/Warenkorb-Quint-Store-08.08.2020.pdf\" target=\"_blank\" rel=\"noopener noreferrer\">Warenkorb f\u00fcr die Weichenteile der Focus im Quint-Store (Preisstand 08.08.2020)<\/a><\/span><\/h4>\n<p>&nbsp;<\/p>\n<p><img loading=\"lazy\" decoding=\"async\" class=\"aligncenter size-full wp-image-7287\" src=\"https:\/\/www.donhighend.de\/wp-content\/uploads\/2020\/09\/Bauplan-Focus-mit-Wasserzeichen.jpg\" alt=\"\" width=\"984\" height=\"1281\" srcset=\"https:\/\/www.donhighend.de\/wp-content\/uploads\/2020\/09\/Bauplan-Focus-mit-Wasserzeichen.jpg 984w, https:\/\/www.donhighend.de\/wp-content\/uploads\/2020\/09\/Bauplan-Focus-mit-Wasserzeichen-230x300.jpg 230w, https:\/\/www.donhighend.de\/wp-content\/uploads\/2020\/09\/Bauplan-Focus-mit-Wasserzeichen-787x1024.jpg 787w, https:\/\/www.donhighend.de\/wp-content\/uploads\/2020\/09\/Bauplan-Focus-mit-Wasserzeichen-768x1000.jpg 768w, https:\/\/www.donhighend.de\/wp-content\/uploads\/2020\/09\/Bauplan-Focus-mit-Wasserzeichen-750x976.jpg 750w\" sizes=\"auto, (max-width: 984px) 100vw, 984px\" \/><\/p>\n<p style=\"text-align: center;\">Focus Bau- und Bed\u00e4pfungsplan<\/p>\n<p>&nbsp;<\/p>\n<p style=\"text-align: justify;\">Die Weichen- und Baupl\u00e4ne sind f\u00fcr private Nutzung freigegeben. Jegliche Form der gewerblichen Nutzung oder Verbreitung ohne vorherige Absprache ist untersagt und wird strafrechtlich verfolgt.<\/p>\n<p>&nbsp;<\/p>\n<p>FB Gruppenmitglied Andreas P. schreibt:<\/p>\n<blockquote>\n<h5 style=\"text-align: justify;\"><span style=\"color: #ff6600;\"><em>Mit <a style=\"color: #ff6600;\" title=\"https:\/\/www.donhighend.de\/?page_id=7291\" href=\"https:\/\/www.donhighend.de\/?page_id=7291\" target=\"_blank\" rel=\"noopener\">Fianco<\/a> und <a style=\"color: #ff6600;\" title=\"https:\/\/www.donhighend.de\/?page_id=6812\" href=\"https:\/\/www.donhighend.de\/?page_id=6812\" target=\"_blank\" rel=\"noopener\">Focus<\/a> hat Alexander Gresler zwei tolle Entwicklungen im Portfolio. Ich vermute, dass sie, wie bei mir, recht h\u00e4ufig im Heimkino ihr Dasein fristen. Mit beiden kann man aber auch wunderbar Musik geniessen. Ich habe es getestet. Toll. Der Focus musste (leider) hinter Stoff im Lowboard verschwinden. Etwas eingewinkelt und per AVR eingemessen ist das trotzdem ein gnadenlos guter Center!<\/em><\/span><\/h5>\n<\/blockquote>\n<p>&nbsp;<\/p>\n<p>Chrissn H. schreibt:<\/p>\n<blockquote>\n<div class=\"x1lliihq xjkvuk6 x1iorvi4\">\n<div class=\"x11i5rnm xat24cr x1mh8g0r x1vvkbs xdj266r\">\n<h5 dir=\"auto\" style=\"text-align: justify;\"><em><span style=\"color: #ff6600;\"><span class=\"x193iq5w xeuugli x13faqbe x1vvkbs x1xmvt09 x1lliihq x1s928wv xhkezso x1gmr53x x1cpjm7i x1fgarty x1943h6x xudqn12 x3x7a5m x6prxxf xvq8zen xo1l8bm xzsf02u x1yc453h\" dir=\"auto\">Wow. Mehr gibbet nich zu sagen. Einfach nur Wow!<\/span><\/span><\/em><\/h5>\n<h5 dir=\"auto\" style=\"text-align: justify;\"><em><span style=\"color: #ff6600;\">Die Focus habe ich als Front. Beim DAU-Treff in M\u00fcnter waren die Jungs schwer begeistert und sprachen davon dass sie wie &#8222;4-Stellig&#8220; klingen. <\/span><\/em><em><span style=\"color: #ff6600;\">Zuvor hatte ich die Fiancinos. Sehr gute Lautsprecher. Der Sica Coax ist genial. Mir waren sie aber etwas zu leise. Desshalb vergr\u00f6\u00dfert auf Focus. <\/span><\/em><em><span style=\"color: #ff6600;\">Die h\u00f6hen sind etwas weicher abgebildet aber dennoch fehlt nichts. Zum Dauerh\u00f6ren genau richtig. Nennen wir sie &#8222;Spielfreudig&#8220;.<\/span><\/em><\/h5>\n<\/div>\n<\/div>\n<\/blockquote>\n<p>&nbsp;<\/p>\n<p style=\"text-align: center;\">\n","protected":false},"excerpt":{"rendered":"<p>&#8222;Leg ihn um!&#8220; &#8211; Zugegeben, diese Aufforderung k\u00f6nnte man an anderer Stelle durchaus falsch verstehen. Nicht aber im Zusammenhang mit der &#8222;Focus&#8220;, in deren Zentrum sich ein noch recht neu auf dem DIY-Markt erh\u00e4ltliches Koaxialchassis des italienischen Spezialisten Sica befindet. Genau dieses macht aus der im folgenden beschriebenen Lautsprecherbox ein kleines Universalgenie. Stehend, etwa auf &hellip; <\/p>\n<p><a class=\"more-link btn\" href=\"https:\/\/www.donhighend.de\/?page_id=6812\">Weiterlesen<\/a><\/p>\n","protected":false},"author":1,"featured_media":11483,"parent":4401,"menu_order":961,"comment_status":"open","ping_status":"closed","template":"","meta":{"footnotes":""},"class_list":["post-6812","page","type-page","status-publish","has-post-thumbnail","hentry","nodate","item-wrap"],"_links":{"self":[{"href":"https:\/\/www.donhighend.de\/index.php?rest_route=\/wp\/v2\/pages\/6812","targetHints":{"allow":["GET"]}}],"collection":[{"href":"https:\/\/www.donhighend.de\/index.php?rest_route=\/wp\/v2\/pages"}],"about":[{"href":"https:\/\/www.donhighend.de\/index.php?rest_route=\/wp\/v2\/types\/page"}],"author":[{"embeddable":true,"href":"https:\/\/www.donhighend.de\/index.php?rest_route=\/wp\/v2\/users\/1"}],"replies":[{"embeddable":true,"href":"https:\/\/www.donhighend.de\/index.php?rest_route=%2Fwp%2Fv2%2Fcomments&post=6812"}],"version-history":[{"count":77,"href":"https:\/\/www.donhighend.de\/index.php?rest_route=\/wp\/v2\/pages\/6812\/revisions"}],"predecessor-version":[{"id":11484,"href":"https:\/\/www.donhighend.de\/index.php?rest_route=\/wp\/v2\/pages\/6812\/revisions\/11484"}],"up":[{"embeddable":true,"href":"https:\/\/www.donhighend.de\/index.php?rest_route=\/wp\/v2\/pages\/4401"}],"wp:featuredmedia":[{"embeddable":true,"href":"https:\/\/www.donhighend.de\/index.php?rest_route=\/wp\/v2\/media\/11483"}],"wp:attachment":[{"href":"https:\/\/www.donhighend.de\/index.php?rest_route=%2Fwp%2Fv2%2Fmedia&parent=6812"}],"curies":[{"name":"wp","href":"https:\/\/api.w.org\/{rel}","templated":true}]}}