{"id":675,"date":"2011-03-20T01:21:57","date_gmt":"2011-03-20T01:21:57","guid":{"rendered":"http:\/\/www.donhighend.de\/?page_id=675"},"modified":"2015-03-18T09:26:02","modified_gmt":"2015-03-18T08:26:02","slug":"benz-micro-glider","status":"publish","type":"page","link":"https:\/\/www.donhighend.de\/?page_id=675","title":{"rendered":"Benz Micro Glider"},"content":{"rendered":"<p>Vinyl &#8211; Das schwarze Gold der HiFi Enthusiasten&#8230;<\/p>\n<p>Totgesagte leben meist l\u00e4nger. So erlebt die Schallplatte seit einigen Jahren eine Renaissance, die manch j\u00fcngeres Medium in der Geschichte der Musikwiedergabe neidvollen Blickes hinnehmen muss. Schenkt man den &#8222;J\u00fcngern der verlorenen Sch\u00e4tze&#8220; Glauben, so klingt die Schallplatte oft besser als die silbernen digitalen Kollegen. Dies mag zwar zum einen daran liegen, dass moderne Aufnahmen in den letzten Jahren immer mehr komprimiert und somit ihrer Dynamik beraubt werden. Andererseits mag auch ein wenig Leidenschaft im Spiel sein, wenn man sich daran erfreut, dass sich etwas dreht und ein filigraner Tonarm das Vinyl vorsichtig abtastet.<\/p>\n<p>Nat\u00fcrlich setzt ein gutes vinyles Klangerlebnis neben guten Schallplattenpressungen ebenso einen (un)vern\u00fcnftigen Plattenspieler, sowie einen hochwertigen Tonabnehmer voraus.<\/p>\n<p>Meine Schallplatten werden von einem <a href=\"https:\/\/www.donhighend.de\/?page_id=669\" target=\"_blank\"><span style=\"color: #ff0000;\"><strong>JVC QL-A7<\/strong><\/span><\/a> gedreht, welcher abtastende Unterst\u00fctzung durch ein Benz Micro Glider in der High Output Version erh\u00e4lt.<\/p>\n<p><a href=\"https:\/\/www.donhighend.de\/wp-content\/uploads\/2011\/03\/Benz-Micro-Glider.png\"><img loading=\"lazy\" decoding=\"async\" class=\"aligncenter size-full wp-image-901\" title=\"Benz Micro Glider\" src=\"https:\/\/www.donhighend.de\/wp-content\/uploads\/2011\/03\/Benz-Micro-Glider.png\" alt=\"\" width=\"640\" height=\"480\" srcset=\"https:\/\/www.donhighend.de\/wp-content\/uploads\/2011\/03\/Benz-Micro-Glider.png 640w, https:\/\/www.donhighend.de\/wp-content\/uploads\/2011\/03\/Benz-Micro-Glider-300x225.png 300w\" sizes=\"auto, (max-width: 640px) 100vw, 640px\" \/><\/a><\/p>\n<p>Das &#8222;Glider&#8220; besticht durch eine sehr r\u00e4umliche und authentische Wiedergabe. Children of Sanchez von Chuck Mangione beispielsweise erlebt man, eine gute Pressung vorausgesetzt, vollkommen neu. Im Vergleich mit der CD-Version ist die Vinylaufnahme klar um L\u00e4ngen besser. Da gibts Dynamikspr\u00fcnge, die die CD nicht einmal erahnen l\u00e4sst. Nat\u00fcrlich liegt der Unterschied schon in der Abmischung, aber der Abtaster tut einen nicht zu untersch\u00e4tzenden Teil dazu. Nicht umsonst spielt das System in den Testberichten der einschl\u00e4gigen Magazine, wie z. B. <a href=\"http:\/\/www.audio.de\/testbericht\/tonabnehmer-benz-micro-glider-sl-330016.html\" target=\"_blank\"><span style=\"color: #ff0000;\"><strong>AUDIO<\/strong><\/span><\/a>,\u00a0 in der ersten Liga.<\/p>\n<p><a href=\"https:\/\/www.donhighend.de\/wp-content\/uploads\/2011\/03\/k-IMG_0873.jpg\"><img loading=\"lazy\" decoding=\"async\" class=\"aligncenter size-full wp-image-897\" title=\"k-IMG_0873\" src=\"https:\/\/www.donhighend.de\/wp-content\/uploads\/2011\/03\/k-IMG_0873.jpg\" alt=\"\" width=\"640\" height=\"480\" srcset=\"https:\/\/www.donhighend.de\/wp-content\/uploads\/2011\/03\/k-IMG_0873.jpg 640w, https:\/\/www.donhighend.de\/wp-content\/uploads\/2011\/03\/k-IMG_0873-300x225.jpg 300w\" sizes=\"auto, (max-width: 640px) 100vw, 640px\" \/><\/a>Das System verw\u00f6hnt aber nicht nur die Ohren. Es ist am Orsonic AV101 Headshell auch ein Augenschmaus&#8230;<\/p>\n<p>&nbsp;<\/p>\n<p>&nbsp;<\/p>\n<p>&nbsp;<\/p>\n","protected":false},"excerpt":{"rendered":"<p>Vinyl &#8211; Das schwarze Gold der HiFi Enthusiasten&#8230; Totgesagte leben meist l\u00e4nger. So erlebt die Schallplatte seit einigen Jahren eine Renaissance, die manch j\u00fcngeres Medium in der Geschichte der Musikwiedergabe neidvollen Blickes hinnehmen muss. Schenkt man den &#8222;J\u00fcngern der verlorenen Sch\u00e4tze&#8220; Glauben, so klingt die Schallplatte oft besser als die silbernen digitalen Kollegen. Dies mag &hellip; <\/p>\n<p><a class=\"more-link btn\" href=\"https:\/\/www.donhighend.de\/?page_id=675\">Weiterlesen<\/a><\/p>\n","protected":false},"author":1,"featured_media":0,"parent":665,"menu_order":0,"comment_status":"closed","ping_status":"closed","template":"","meta":{"footnotes":""},"class_list":["post-675","page","type-page","status-publish","hentry","nodate","item-wrap"],"_links":{"self":[{"href":"https:\/\/www.donhighend.de\/index.php?rest_route=\/wp\/v2\/pages\/675","targetHints":{"allow":["GET"]}}],"collection":[{"href":"https:\/\/www.donhighend.de\/index.php?rest_route=\/wp\/v2\/pages"}],"about":[{"href":"https:\/\/www.donhighend.de\/index.php?rest_route=\/wp\/v2\/types\/page"}],"author":[{"embeddable":true,"href":"https:\/\/www.donhighend.de\/index.php?rest_route=\/wp\/v2\/users\/1"}],"replies":[{"embeddable":true,"href":"https:\/\/www.donhighend.de\/index.php?rest_route=%2Fwp%2Fv2%2Fcomments&post=675"}],"version-history":[{"count":12,"href":"https:\/\/www.donhighend.de\/index.php?rest_route=\/wp\/v2\/pages\/675\/revisions"}],"predecessor-version":[{"id":2760,"href":"https:\/\/www.donhighend.de\/index.php?rest_route=\/wp\/v2\/pages\/675\/revisions\/2760"}],"up":[{"embeddable":true,"href":"https:\/\/www.donhighend.de\/index.php?rest_route=\/wp\/v2\/pages\/665"}],"wp:attachment":[{"href":"https:\/\/www.donhighend.de\/index.php?rest_route=%2Fwp%2Fv2%2Fmedia&parent=675"}],"curies":[{"name":"wp","href":"https:\/\/api.w.org\/{rel}","templated":true}]}}