{"id":669,"date":"2011-03-20T01:19:57","date_gmt":"2011-03-20T01:19:57","guid":{"rendered":"http:\/\/www.donhighend.de\/?page_id=669"},"modified":"2011-07-12T22:06:12","modified_gmt":"2011-07-12T22:06:12","slug":"jvc-ql-a7","status":"publish","type":"page","link":"https:\/\/www.donhighend.de\/?page_id=669","title":{"rendered":"JVC QL-A7"},"content":{"rendered":"<p><a href=\"https:\/\/www.donhighend.de\/wp-content\/uploads\/2011\/03\/k-IMG_08661.jpg\"><img loading=\"lazy\" decoding=\"async\" class=\"aligncenter size-full wp-image-876\" title=\"k-IMG_0866\" src=\"https:\/\/www.donhighend.de\/wp-content\/uploads\/2011\/03\/k-IMG_08661.jpg\" alt=\"\" width=\"640\" height=\"480\" srcset=\"https:\/\/www.donhighend.de\/wp-content\/uploads\/2011\/03\/k-IMG_08661.jpg 640w, https:\/\/www.donhighend.de\/wp-content\/uploads\/2011\/03\/k-IMG_08661-300x225.jpg 300w\" sizes=\"auto, (max-width: 640px) 100vw, 640px\" \/><\/a><\/p>\n<p>Nein, der Marke JVC gilt gewiss nicht der erste Gedanke, wenn man an hochwertige Plattenspieler denkt. Neben all den namhaften Produkten wie z.B. Thorens und Dual fristete die <strong><a href=\"http:\/\/jdl.jvc-europe.com\" target=\"_blank\"><span style=\"color: #ff0000;\">Japan Victor Company<\/span><\/a><\/strong> eher ein Mauerbl\u00fcmchendasein.Vollkommen zu Unrecht, wie der JVC QL-A7, neben einigen anderen Modellen des Herstellers, beweist.<\/p>\n<p>Der QL-A7 z\u00e4hlte in den sp\u00e4ten 70ern zu  den Top-Drehern aus Japan und erinnert optisch an einen <a href=\"http:\/\/h8.abload.de\/img\/ai44q.jpg\" target=\"_blank\"><strong><span style=\"color: #ff0000;\">Denon DP57<\/span><\/strong><\/a> oder <a href=\"http:\/\/www.hifi-studio.de\/hifi-klassiker\/plattenspieler\/Denon-DP67.jpg\" target=\"_blank\"><strong><span style=\"color: #ff0000;\">DP67<\/span><\/strong><\/a>. Es handelt sich um einen  Direkttriebler, dessen Geschwindigkeit \u00fcber Sensortasten gew\u00e4hlt  wird.<\/p>\n<p><a href=\"https:\/\/www.donhighend.de\/wp-content\/uploads\/2011\/03\/tt-71.png\"><img loading=\"lazy\" decoding=\"async\" class=\"aligncenter size-full wp-image-880\" title=\"tt-71\" src=\"https:\/\/www.donhighend.de\/wp-content\/uploads\/2011\/03\/tt-71.png\" alt=\"\" width=\"640\" height=\"480\" srcset=\"https:\/\/www.donhighend.de\/wp-content\/uploads\/2011\/03\/tt-71.png 640w, https:\/\/www.donhighend.de\/wp-content\/uploads\/2011\/03\/tt-71-300x225.png 300w\" sizes=\"auto, (max-width: 640px) 100vw, 640px\" \/><\/a><\/p>\n<p>Das quarzgesteurte Laufwerk TT-71 war f\u00fcr den Studioeinsatz konzipiert.<\/p>\n<p><span style=\"color: #ffffff;\">fff<\/span><\/p>\n<p>Als Besonderheit ist zu erw\u00e4hnen, dass der Spieler sehr schnell seine  Nenndrehzahl erreicht. Beim Bet\u00e4tigen der Stop Taste wird der  Plattenteller mit einer speziellen Vorrichtung abgebremst und steht quasi sofort. Ferner verf\u00fcgt der Spieler \u00fcber  eine fotokinetische Endabschaltung, welche ebenfalls die Tellerbremse, sowie den Tonarmlift ausl\u00f6st.<\/p>\n<p><a href=\"https:\/\/www.donhighend.de\/wp-content\/uploads\/2011\/03\/k-IMG_0867.jpg\"><img loading=\"lazy\" decoding=\"async\" class=\"aligncenter size-full wp-image-886\" title=\"k-IMG_0867\" src=\"https:\/\/www.donhighend.de\/wp-content\/uploads\/2011\/03\/k-IMG_0867.jpg\" alt=\"\" width=\"640\" height=\"480\" srcset=\"https:\/\/www.donhighend.de\/wp-content\/uploads\/2011\/03\/k-IMG_0867.jpg 640w, https:\/\/www.donhighend.de\/wp-content\/uploads\/2011\/03\/k-IMG_0867-300x225.jpg 300w\" sizes=\"auto, (max-width: 640px) 100vw, 640px\" \/><\/a><\/p>\n<p>Der Dreher kostete damals neu etwa 1200,- D-Mark. Er ist seit 1979 in  meinem Besitz und wurde erst k\u00fcrzlich reanimiert. Er bekam ein neues <a href=\"https:\/\/www.donhighend.de\/?page_id=675\" target=\"_blank\"><span style=\"color: #ff0000;\"><strong>Tonabnehmersystem<\/strong><\/span><\/a> spendiert und spielt einwandfrei, ohne Lagerger\u00e4usche oder  \u00e4hnliches.<\/p>\n<p>&nbsp;<\/p>\n","protected":false},"excerpt":{"rendered":"<p>Nein, der Marke JVC gilt gewiss nicht der erste Gedanke, wenn man an hochwertige Plattenspieler denkt. Neben all den namhaften Produkten wie z.B. Thorens und Dual fristete die Japan Victor Company eher ein Mauerbl\u00fcmchendasein.Vollkommen zu Unrecht, wie der JVC QL-A7, neben einigen anderen Modellen des Herstellers, beweist. Der QL-A7 z\u00e4hlte in den sp\u00e4ten 70ern zu &hellip; <\/p>\n<p><a class=\"more-link btn\" href=\"https:\/\/www.donhighend.de\/?page_id=669\">Weiterlesen<\/a><\/p>\n","protected":false},"author":1,"featured_media":0,"parent":665,"menu_order":0,"comment_status":"closed","ping_status":"closed","template":"","meta":{"footnotes":""},"class_list":["post-669","page","type-page","status-publish","hentry","nodate","item-wrap"],"_links":{"self":[{"href":"https:\/\/www.donhighend.de\/index.php?rest_route=\/wp\/v2\/pages\/669","targetHints":{"allow":["GET"]}}],"collection":[{"href":"https:\/\/www.donhighend.de\/index.php?rest_route=\/wp\/v2\/pages"}],"about":[{"href":"https:\/\/www.donhighend.de\/index.php?rest_route=\/wp\/v2\/types\/page"}],"author":[{"embeddable":true,"href":"https:\/\/www.donhighend.de\/index.php?rest_route=\/wp\/v2\/users\/1"}],"replies":[{"embeddable":true,"href":"https:\/\/www.donhighend.de\/index.php?rest_route=%2Fwp%2Fv2%2Fcomments&post=669"}],"version-history":[{"count":14,"href":"https:\/\/www.donhighend.de\/index.php?rest_route=\/wp\/v2\/pages\/669\/revisions"}],"predecessor-version":[{"id":891,"href":"https:\/\/www.donhighend.de\/index.php?rest_route=\/wp\/v2\/pages\/669\/revisions\/891"}],"up":[{"embeddable":true,"href":"https:\/\/www.donhighend.de\/index.php?rest_route=\/wp\/v2\/pages\/665"}],"wp:attachment":[{"href":"https:\/\/www.donhighend.de\/index.php?rest_route=%2Fwp%2Fv2%2Fmedia&parent=669"}],"curies":[{"name":"wp","href":"https:\/\/api.w.org\/{rel}","templated":true}]}}