{"id":6571,"date":"2020-03-11T20:53:39","date_gmt":"2020-03-11T19:53:39","guid":{"rendered":"http:\/\/www.donhighend.de\/?page_id=6571"},"modified":"2025-09-08T19:14:05","modified_gmt":"2025-09-08T18:14:05","slug":"speedway","status":"publish","type":"page","link":"https:\/\/www.donhighend.de\/?page_id=6571","title":{"rendered":"DAUmino &#8222;L&#8220;"},"content":{"rendered":"<p><img loading=\"lazy\" decoding=\"async\" class=\"aligncenter size-full wp-image-11513\" src=\"https:\/\/www.donhighend.de\/wp-content\/uploads\/2025\/09\/Titelbild-Kirschbaum-Furnier.jpg\" alt=\"\" width=\"386\" height=\"640\" srcset=\"https:\/\/www.donhighend.de\/wp-content\/uploads\/2025\/09\/Titelbild-Kirschbaum-Furnier.jpg 386w, https:\/\/www.donhighend.de\/wp-content\/uploads\/2025\/09\/Titelbild-Kirschbaum-Furnier-181x300.jpg 181w\" sizes=\"auto, (max-width: 386px) 100vw, 386px\" \/><\/p>\n<p>Kennen Sie das? Sie sind aus irgendwelchen Gr\u00fcnden einer Sache habhaft geworden, und sie wissen nicht so recht, was Sie damit anstellen sollen? So jedenfalls ging es mir, als ein Paar <a href=\"http:\/\/sbacoustics.com\/product\/5x8in-sb15sfcr39-8\/\" target=\"_blank\" rel=\"noopener noreferrer\"><span style=\"color: #0000ff;\">SB15SFCR39-8<\/span><\/a> des indonesischen Herstellers SB Acoustics den Weg in mein Regal fand.<\/p>\n<p style=\"text-align: center;\"><img loading=\"lazy\" decoding=\"async\" class=\"aligncenter size-full wp-image-6827\" src=\"https:\/\/www.donhighend.de\/wp-content\/uploads\/2020\/05\/SB15SGCR39-8.jpg\" alt=\"\" width=\"362\" height=\"585\" srcset=\"https:\/\/www.donhighend.de\/wp-content\/uploads\/2020\/05\/SB15SGCR39-8.jpg 362w, https:\/\/www.donhighend.de\/wp-content\/uploads\/2020\/05\/SB15SGCR39-8-186x300.jpg 186w\" sizes=\"auto, (max-width: 362px) 100vw, 362px\" \/>SB15SFCR39-8<\/p>\n<p>&nbsp;<\/p>\n<p style=\"text-align: justify;\">Ovalb\u00e4sse, was will man denn damit? Naja, die Dinger sind nun mal da. Also wagte ich einen Blick ins zugeh\u00f6rige Datenblatt und war erstaunt. Die TSP sind praxisgerecht und auch der Frequenzgang sieht ordentlich aus. Aus der Erfahrung wei\u00df ich, dass die Datenbl\u00e4tter von SB Acoustics sich recht nah an der Realit\u00e4t bewegen, und so beschloss ich, eine TSP Messung von den Ovalis zu machen. Wie erwartet sind die real gemessenen TSP sehr nah an den Angaben aus dem Datenblatt, und auch die Toleranzen zwischen den beiden Chassis sind gering.<\/p>\n<p style=\"text-align: center;\"><img loading=\"lazy\" decoding=\"async\" class=\"aligncenter size-full wp-image-6825\" src=\"https:\/\/www.donhighend.de\/wp-content\/uploads\/2020\/05\/tsp.png\" alt=\"\" width=\"428\" height=\"384\" srcset=\"https:\/\/www.donhighend.de\/wp-content\/uploads\/2020\/05\/tsp.png 428w, https:\/\/www.donhighend.de\/wp-content\/uploads\/2020\/05\/tsp-300x269.png 300w\" sizes=\"auto, (max-width: 428px) 100vw, 428px\" \/>TSP\u00a0 und Mittelwert<\/p>\n<p>&nbsp;<\/p>\n<p style=\"text-align: justify;\">Das Chassis bietet vielf\u00e4ltige M\u00f6glichkeiten hinsichtlich seines Einsatzes. Da geht ganz klar eine TQWT, die aber recht gro\u00df w\u00fcrde. Gleiches gilt f\u00fcr ein BR Geh\u00e4use. Auch das m\u00fcsste recht gro\u00df ausfallen und w\u00fcrde den Rahmen f\u00fcr ein Chassis mit der Membranfl\u00e4che eines 7 Z\u00f6llers sprengen. Nach sehr langer Zeit mal wieder eine TML aufbauen? Ja, das w\u00e4re eine M\u00f6glichkeit, zumal es in der Bl\u00fctezeit des Lautsprecher DIY einige solcher gab, die mit Ovalb\u00e4ssen britischer Herkunft aufgebaut waren. Aber nein, f\u00fcr das Chassis hatte ich mir etwas vorgestellt, das gewisse Freir\u00e4ume in der Gestaltung \u00f6ffnet. In nur 18 Litern GHP vermag es n\u00e4mlich die 40 Hz Marke zu knacken. Bei der Gestaltung des Geh\u00e4uses hat der gewillte Nachbauer in einigen Punkten freie Hand. So k\u00f6nnen die DAUmino &#8222;L&#8220; im praktischen Kurzgeh\u00e4use, wie etwa auf dem Titelbild, aufgebaut werden. So machen die Lautsprecher auf einem modernen Lowboard eine gute Figur. Sie wollen lieber eine schlanke Standbox? Kein Problem, verl\u00e4ngern Sie Ihre &#8222;DAUmino &#8222;L&#8220; einfach und nutzen Sie den freien Raum unterhalb des tats\u00e4chlich genutzten Volumens zur bequemen Unterbringung der Weiche? Es besteht nat\u00fcrlich auch die M\u00f6glichkeit, die DAUmino &#8222;L&#8220; als Kompaktlautsprecher auszuf\u00fchren. Dazu k\u00fcrzt man das Geh\u00e4use einige Zentimeter unterhalb des Tiefmittelt\u00f6ners und gibt das fehlende Volumen durch Vergr\u00f6\u00dferung der Tiefe hinzu.\u00a0 Die DAUmino &#8222;L&#8220; bietet damit vielf\u00e4ltige M\u00f6glichkeiten bez\u00fcglich ihrer Aufstellung.<\/p>\n<p style=\"text-align: center;\"><img loading=\"lazy\" decoding=\"async\" class=\"aligncenter size-full wp-image-6831\" src=\"https:\/\/www.donhighend.de\/wp-content\/uploads\/2020\/05\/18-Liter-GHP.png\" alt=\"\" width=\"532\" height=\"417\" srcset=\"https:\/\/www.donhighend.de\/wp-content\/uploads\/2020\/05\/18-Liter-GHP.png 532w, https:\/\/www.donhighend.de\/wp-content\/uploads\/2020\/05\/18-Liter-GHP-300x235.png 300w\" sizes=\"auto, (max-width: 532px) 100vw, 532px\" \/>SB15SFCR39-8 in 18 Litern GHP<\/p>\n<p>&nbsp;<\/p>\n<p style=\"text-align: justify;\">Nun galt es, dem schmucken Indonesier messtechnisch auf den Zahn zu f\u00fchlen. Mir schwebte ein schlankes Geh\u00e4use mit etwa 20cm breiter Schallwand vor. Ein genau solches, welches zuf\u00e4llig auch die simulierten 18 Liter Volumen mitbrachte, hatte ich noch von einem ausgemusterten Projekt \u00fcbrig. Schnell wurden auf der R\u00fcckseite des Geh\u00e4uses Ausschnitte f\u00fcr den ovalen Freund und seinen angedachten HT Partner gefr\u00e4st. Der vorhandene Ausschnitt wanderte auf die R\u00fcckseite und wurde, wie auch die ehemalige Port\u00f6ffnung, mit jeweils passenden Deckeln verschlossen.<\/p>\n<p style=\"text-align: justify;\">Die nachfolgende Messung zeigt sich dem Frequenzgang aus dem Datenblatt ebenfalls sehr nah. Eine daraufhin simulierte erste Beschaltungsvariante f\u00fchrt mit sehr wenigen Bauteilen zu einem sehr guten Verhalten.<\/p>\n<p style=\"text-align: center;\"><img loading=\"lazy\" decoding=\"async\" class=\"aligncenter size-full wp-image-6835\" src=\"https:\/\/www.donhighend.de\/wp-content\/uploads\/2020\/05\/SB15SFCR39-8-unbeschaltet-vs.-beschaltet.png\" alt=\"\" width=\"823\" height=\"538\" srcset=\"https:\/\/www.donhighend.de\/wp-content\/uploads\/2020\/05\/SB15SFCR39-8-unbeschaltet-vs.-beschaltet.png 823w, https:\/\/www.donhighend.de\/wp-content\/uploads\/2020\/05\/SB15SFCR39-8-unbeschaltet-vs.-beschaltet-300x196.png 300w, https:\/\/www.donhighend.de\/wp-content\/uploads\/2020\/05\/SB15SFCR39-8-unbeschaltet-vs.-beschaltet-768x502.png 768w, https:\/\/www.donhighend.de\/wp-content\/uploads\/2020\/05\/SB15SFCR39-8-unbeschaltet-vs.-beschaltet-750x490.png 750w\" sizes=\"auto, (max-width: 823px) 100vw, 823px\" \/>SB15SFCR39-8 unbeschaltet (gestrichelt) vs. erster Beschaltungsentwurf (durchgezogen)<\/p>\n<p>&nbsp;<\/p>\n<p style=\"text-align: justify;\">Bereits in den beiden <a href=\"https:\/\/www.der-akustische-untergrund.de\/speakers\/projects-for-beginners\/daumino-s\/\" target=\"_blank\" rel=\"noopener noreferrer\"><span style=\"color: #0000ff;\">DAUmino S<\/span><\/a> und <a href=\"https:\/\/www.der-akustische-untergrund.de\/speakers\/projects-for-beginners\/daumino-m\/\" target=\"_blank\" rel=\"noopener noreferrer\"><span style=\"color: #0000ff;\">DAUmino M<\/span><\/a> als auch in der <a href=\"https:\/\/www.der-akustische-untergrund.de\/speakers\/projects-for-beginners\/juna\/\" target=\"_blank\" rel=\"noopener noreferrer\"><span style=\"color: #0000ff;\">Juna<\/span><\/a> zeigte die bew\u00e4hrte <span style=\"color: #0000ff;\"><a style=\"color: #0000ff;\" href=\"https:\/\/www.daytonaudio.com\/product\/1280\/nd25fw-4-1-soft-dome-neodymium-tweeter-with-waveguide-4-ohm\" target=\"_blank\" rel=\"noopener noreferrer\">Dayton ND25FW-4<\/a> <\/span>erstaunliche Qualit\u00e4ten zu einem sehr g\u00fcnstigen Preis. Vor allem aber funktioniert dieser Hocht\u00f6ner mit seinem kleinen Waveguide hervorragend in einem Geh\u00e4use ohne &#8222;Avalon Fasen&#8220;. F\u00fcr eine sehr gute Abstrahlung reichen kleine, lineare Fasen. Beste Voraussetzungen also f\u00fcr einen unkomplizierten Geh\u00e4useaufbau.<\/p>\n<p style=\"text-align: center;\"><img loading=\"lazy\" decoding=\"async\" class=\"aligncenter size-full wp-image-5476\" src=\"https:\/\/www.donhighend.de\/wp-content\/uploads\/2018\/07\/ND25FW-4.jpg\" alt=\"\" width=\"600\" height=\"600\" srcset=\"https:\/\/www.donhighend.de\/wp-content\/uploads\/2018\/07\/ND25FW-4.jpg 600w, https:\/\/www.donhighend.de\/wp-content\/uploads\/2018\/07\/ND25FW-4-150x150.jpg 150w, https:\/\/www.donhighend.de\/wp-content\/uploads\/2018\/07\/ND25FW-4-300x300.jpg 300w\" sizes=\"auto, (max-width: 600px) 100vw, 600px\" \/>Dayton ND25FW-4<\/p>\n<p>&nbsp;<\/p>\n<p style=\"text-align: justify;\">Nachdem auch der Hocht\u00f6ner im Testgeh\u00e4use Platz genommen hatte, wurden neue Messungen von beiden unbeschalteten Chassis vorgenommen und in Xover importiert. Es zeigte sich, dass die Trennfrequenz etwas h\u00f6her gelegt werden musste, um auch unter Winkeln zu einem ordentlichen Abstrahlverhalten zu gelangen. Mit den ber\u00fchmt ber\u00fcchtigten Avalon Fasen w\u00fcrde sich das einfacher gestalten. Ziel dieser Entwicklung war es jedoch, ein gutes Rundstrahlverhalten mit simplen und handwerlich deutlich einfacher herzustellenden linearen Fasen zu erreichen.<\/p>\n<p style=\"text-align: center;\"><img loading=\"lazy\" decoding=\"async\" class=\"aligncenter wp-image-6850\" src=\"https:\/\/www.donhighend.de\/wp-content\/uploads\/2020\/06\/v1-0\u00b0-60\u00b0.png\" alt=\"\" width=\"700\" height=\"460\" srcset=\"https:\/\/www.donhighend.de\/wp-content\/uploads\/2020\/06\/v1-0\u00b0-60\u00b0.png 786w, https:\/\/www.donhighend.de\/wp-content\/uploads\/2020\/06\/v1-0\u00b0-60\u00b0-300x197.png 300w, https:\/\/www.donhighend.de\/wp-content\/uploads\/2020\/06\/v1-0\u00b0-60\u00b0-768x505.png 768w, https:\/\/www.donhighend.de\/wp-content\/uploads\/2020\/06\/v1-0\u00b0-60\u00b0-750x493.png 750w\" sizes=\"auto, (max-width: 700px) 100vw, 700px\" \/>DAUmino &#8222;L&#8220;\u00a0 Simulation 0\u00b0 &#8211; 60\u00b0<\/p>\n<p>&nbsp;<\/p>\n<p style=\"text-align: justify;\">\u00c4hnlich wie es bereits bei der DAUmino M der Fall war, f\u00fchrt dies zu einer leichten Pr\u00e4senzsenke auf Achse. Unter zunehmenden Winkeln weitet die Kurve dann etwas auf, was aber im absolut vertretbaren Bereich liegt. Eine alternative Simulation, die lediglich die Ver\u00e4nderung eines einzigen Bauteilewertes erfordert, zeigt eine leichte Vergr\u00f6\u00dferung der Senke bei gleichzeitig etwas weniger Aufweitung unter Winkeln.<\/p>\n<p style=\"text-align: center;\"><img loading=\"lazy\" decoding=\"async\" class=\"aligncenter wp-image-6854\" src=\"https:\/\/www.donhighend.de\/wp-content\/uploads\/2020\/06\/v1-0\u00b0-60\u00b0-C-3.6-Mikrofarad.png\" alt=\"\" width=\"700\" height=\"458\" \/>DAUmino &#8222;L&#8220;\u00a0 alternative Simulation 0\u00b0 &#8211; 60\u00b0<\/p>\n<p>&nbsp;<\/p>\n<p>Zun\u00e4chst wurde die Weiche mit den Bauteilen der ersten Simu-Variante aufgebaut und gemessen. Wie immer decken sich die Simulationen und die Messungen einwandfrei.<\/p>\n<p style=\"text-align: center;\"><img loading=\"lazy\" decoding=\"async\" class=\"aligncenter size-full wp-image-6843\" src=\"https:\/\/www.donhighend.de\/wp-content\/uploads\/2020\/06\/Speedway-0\u00b0-60\u00b0.png\" alt=\"\" width=\"1000\" height=\"766\" srcset=\"https:\/\/www.donhighend.de\/wp-content\/uploads\/2020\/06\/Speedway-0\u00b0-60\u00b0.png 1000w, https:\/\/www.donhighend.de\/wp-content\/uploads\/2020\/06\/Speedway-0\u00b0-60\u00b0-300x230.png 300w, https:\/\/www.donhighend.de\/wp-content\/uploads\/2020\/06\/Speedway-0\u00b0-60\u00b0-768x588.png 768w, https:\/\/www.donhighend.de\/wp-content\/uploads\/2020\/06\/Speedway-0\u00b0-60\u00b0-750x575.png 750w\" sizes=\"auto, (max-width: 1000px) 100vw, 1000px\" \/>DAUmino &#8222;L&#8220;\u00a0 0\u00b0 &#8211; 60\u00b0<\/p>\n<p>&nbsp;<\/p>\n<p style=\"text-align: justify;\">Die Winkelmessungen zeigen ein insgesamt gutm\u00fctiges Verhalten mit einem ordentlichen Abstrahlverhalten.<\/p>\n<p><img loading=\"lazy\" decoding=\"async\" class=\"aligncenter size-full wp-image-6848\" src=\"https:\/\/www.donhighend.de\/wp-content\/uploads\/2020\/06\/Speedway-0\u00b0-mit-Impedanzverlauf-und-Einzelzweigen.png\" alt=\"\" width=\"1000\" height=\"742\" srcset=\"https:\/\/www.donhighend.de\/wp-content\/uploads\/2020\/06\/Speedway-0\u00b0-mit-Impedanzverlauf-und-Einzelzweigen.png 1000w, https:\/\/www.donhighend.de\/wp-content\/uploads\/2020\/06\/Speedway-0\u00b0-mit-Impedanzverlauf-und-Einzelzweigen-300x223.png 300w, https:\/\/www.donhighend.de\/wp-content\/uploads\/2020\/06\/Speedway-0\u00b0-mit-Impedanzverlauf-und-Einzelzweigen-768x570.png 768w, https:\/\/www.donhighend.de\/wp-content\/uploads\/2020\/06\/Speedway-0\u00b0-mit-Impedanzverlauf-und-Einzelzweigen-750x557.png 750w\" sizes=\"auto, (max-width: 1000px) 100vw, 1000px\" \/><\/p>\n<p style=\"text-align: center;\">DAUmino &#8222;L&#8220;\u00a0 0\u00b0 mit Impedanzverlauf und Einzelzweigen<\/p>\n<p>&nbsp;<\/p>\n<p style=\"text-align: justify;\">Die Flanken der einzelnen Zweige verlaufen sch\u00f6n symmetrisch zueinander und addieren sich bei rund 2,5 kHz zu einem sauberen Frequenzgang.\u00a0 Die Impedanz verl\u00e4uft auf recht hohem Niveau und unterschreitet an ihrem tiefsten Punkt geraade einmal die 8 Ohm Marke. Die DAUmino &#8222;L&#8220; stellt f\u00fcr keinen handels\u00fcblichen Verst\u00e4rker eine schwierige Last dar und garantiert hohe Betriebssicherheit.<\/p>\n<p style=\"text-align: justify;\">Die Beschaltung gestaltet sich moderat. Leider ist durch die notwendige, im Gegensatz zum ersten Entwurf h\u00f6here Trennfrequenz im Tiefpass ein Saugkreis vonn\u00f6ten, der eine Korrektur im Mitteltonbereich vornimmt. Das Filter selbst ist 3. Ordnung ausgef\u00fchrt. Der induktive Ansteig der Impedanz wurde zus\u00e4tzlich linearisiert. Der Hochpass ist ebenfalls als Filter 3. Ordnung ausgef\u00fchrt. Zus\u00e4tzlich zum Spannungsteiler kommt ein kleiner Vorwiderstand zum Einsatz. Insgesamt stellt sich durch dieses zus\u00e4tzliche Bauteil ein besserer Verlauf des Hocht\u00f6ners ein.<\/p>\n<p><img loading=\"lazy\" decoding=\"async\" class=\"aligncenter size-full wp-image-6864\" src=\"https:\/\/www.donhighend.de\/wp-content\/uploads\/2020\/06\/Weiche-final.png\" alt=\"\" width=\"791\" height=\"496\" srcset=\"https:\/\/www.donhighend.de\/wp-content\/uploads\/2020\/06\/Weiche-final.png 791w, https:\/\/www.donhighend.de\/wp-content\/uploads\/2020\/06\/Weiche-final-300x188.png 300w, https:\/\/www.donhighend.de\/wp-content\/uploads\/2020\/06\/Weiche-final-768x482.png 768w, https:\/\/www.donhighend.de\/wp-content\/uploads\/2020\/06\/Weiche-final-750x470.png 750w\" sizes=\"auto, (max-width: 791px) 100vw, 791px\" \/><\/p>\n<p style=\"text-align: center;\">DAUmino &#8222;L&#8220;\u00a0 Weichenplan<\/p>\n<p>&nbsp;<\/p>\n<p style=\"text-align: justify;\">Der Wert des ersten Kondensators im Hochpass entscheidet \u00fcber die Tiefe der Senke auf Achse und das Verhalten unter Winkeln. Dabei zeigen die erste Simlation und auch die sp\u00e4teren Messungen den Einsatz eines 3,9\u00b5F Kondensators. Die zweite Simulation zeigt das Verhalten bei 3,6\u00b5F. Ebenso kann der Hochtonanteil durch Variation des Vorwiderstands fein justiert werden. Die Messungen erfolgten mit 1,5 Ohm. Der Einsatz von 1 Ohm bzw. 1,2 Ohm bewirken minimal mehr Energie, jeweils etwa in Pixelbreite.<\/p>\n<p style=\"text-align: justify;\">Die f\u00fcr mich finale Version ist mit 3,9\u00b5F und 1,5 Ohm aufgebaut. Das Umstecken der Bauteile bedeutete eine H\u00f6rpause von jeweils etwa 30 Sekunden, was jegliche Objektivit\u00e4t hinaus nimmt. F\u00fcr mich ist die Version mit den genannten Bauteilen die stimmigste.<\/p>\n<p>&nbsp;<\/p>\n<p style=\"text-align: justify;\">Mehrfach wurde die Frage gestellt, welcher der beiden 10\u00b5F Kondensatoren in den Tiefton- bzw. Hochtonzweig geh\u00f6rt. Der 10\u00b5F Jantzen Electrolytic Cap (meist gr\u00fcn) geh\u00f6rt in den Tiefpass, der &#8222;Jantzen Cross Cap&#8220; geh\u00f6rt in den Hochtonzweig.<\/p>\n<p style=\"text-align: center;\"><img loading=\"lazy\" decoding=\"async\" class=\"aligncenter size-full wp-image-10685\" src=\"https:\/\/www.donhighend.de\/wp-content\/uploads\/2024\/10\/Jantzen-Electrolytic-Cap-vs.-Jantzen-Cross-Cap.jpg\" alt=\"\" width=\"800\" height=\"289\" srcset=\"https:\/\/www.donhighend.de\/wp-content\/uploads\/2024\/10\/Jantzen-Electrolytic-Cap-vs.-Jantzen-Cross-Cap.jpg 800w, https:\/\/www.donhighend.de\/wp-content\/uploads\/2024\/10\/Jantzen-Electrolytic-Cap-vs.-Jantzen-Cross-Cap-300x108.jpg 300w, https:\/\/www.donhighend.de\/wp-content\/uploads\/2024\/10\/Jantzen-Electrolytic-Cap-vs.-Jantzen-Cross-Cap-768x277.jpg 768w, https:\/\/www.donhighend.de\/wp-content\/uploads\/2024\/10\/Jantzen-Electrolytic-Cap-vs.-Jantzen-Cross-Cap-750x271.jpg 750w\" sizes=\"auto, (max-width: 800px) 100vw, 800px\" \/>Jantzen &#8222;Electrolytic Cap&#8220;\u00a0 (oben) und Jantzen &#8222;Cross Cap&#8220; (unten)<\/p>\n<p>&nbsp;<\/p>\n<h4 style=\"text-align: justify;\"><span style=\"color: #0000ff;\"><a style=\"color: #0000ff;\" href=\"https:\/\/www.donhighend.de\/wp-content\/uploads\/2020\/08\/Warenkorb-DAUmino-L-Stand-19.08.20.pdf\" target=\"_blank\" rel=\"noopener noreferrer\">Warenkorb f\u00fcr die Weichenteile der DAUmino L im Quint-Store (Preisstand 18.08.2020)<\/a><\/span><\/h4>\n<p>Die beiden aufgef\u00fchrten Elkos mit den Werten 120\u00b5F und 560\u00b5F werden zu 680\u00b5F parallel geschaltet.<\/p>\n<p style=\"text-align: center;\"><img loading=\"lazy\" decoding=\"async\" class=\"aligncenter size-full wp-image-6891\" src=\"https:\/\/www.donhighend.de\/wp-content\/uploads\/2020\/06\/Bau-und-Bed\u00e4mpfungsplan.jpg\" alt=\"\" width=\"1197\" height=\"849\" srcset=\"https:\/\/www.donhighend.de\/wp-content\/uploads\/2020\/06\/Bau-und-Bed\u00e4mpfungsplan.jpg 1197w, https:\/\/www.donhighend.de\/wp-content\/uploads\/2020\/06\/Bau-und-Bed\u00e4mpfungsplan-300x213.jpg 300w, https:\/\/www.donhighend.de\/wp-content\/uploads\/2020\/06\/Bau-und-Bed\u00e4mpfungsplan-1024x726.jpg 1024w, https:\/\/www.donhighend.de\/wp-content\/uploads\/2020\/06\/Bau-und-Bed\u00e4mpfungsplan-768x545.jpg 768w, https:\/\/www.donhighend.de\/wp-content\/uploads\/2020\/06\/Bau-und-Bed\u00e4mpfungsplan-750x532.jpg 750w\" sizes=\"auto, (max-width: 1197px) 100vw, 1197px\" \/>Bau &#8211; und Bed\u00e4mpfungsplan &#8222;DAUmino L&#8220; (vergr\u00f6\u00dfern -&gt; rechte Maustaste -&gt; Grafik anzeigen<\/p>\n<p>&nbsp;<\/p>\n<p style=\"text-align: justify;\">Die Bau- und Weichenpl\u00e4ne sind f\u00fcr private Nutzung freigegeben. Jegliche Form der gewerblichen Nutzung oder Verbreitung ohne vorherige Absprache ist untersagt und wird strafrechtlich verfolgt.<\/p>\n<p>&nbsp;<\/p>\n","protected":false},"excerpt":{"rendered":"<p>Kennen Sie das? Sie sind aus irgendwelchen Gr\u00fcnden einer Sache habhaft geworden, und sie wissen nicht so recht, was Sie damit anstellen sollen? So jedenfalls ging es mir, als ein Paar SB15SFCR39-8 des indonesischen Herstellers SB Acoustics den Weg in mein Regal fand. SB15SFCR39-8 &nbsp; Ovalb\u00e4sse, was will man denn damit? Naja, die Dinger sind &hellip; <\/p>\n<p><a class=\"more-link btn\" href=\"https:\/\/www.donhighend.de\/?page_id=6571\">Weiterlesen<\/a><\/p>\n","protected":false},"author":1,"featured_media":11513,"parent":3466,"menu_order":95,"comment_status":"open","ping_status":"closed","template":"","meta":{"footnotes":""},"class_list":["post-6571","page","type-page","status-publish","has-post-thumbnail","hentry","nodate","item-wrap"],"_links":{"self":[{"href":"https:\/\/www.donhighend.de\/index.php?rest_route=\/wp\/v2\/pages\/6571","targetHints":{"allow":["GET"]}}],"collection":[{"href":"https:\/\/www.donhighend.de\/index.php?rest_route=\/wp\/v2\/pages"}],"about":[{"href":"https:\/\/www.donhighend.de\/index.php?rest_route=\/wp\/v2\/types\/page"}],"author":[{"embeddable":true,"href":"https:\/\/www.donhighend.de\/index.php?rest_route=\/wp\/v2\/users\/1"}],"replies":[{"embeddable":true,"href":"https:\/\/www.donhighend.de\/index.php?rest_route=%2Fwp%2Fv2%2Fcomments&post=6571"}],"version-history":[{"count":56,"href":"https:\/\/www.donhighend.de\/index.php?rest_route=\/wp\/v2\/pages\/6571\/revisions"}],"predecessor-version":[{"id":11514,"href":"https:\/\/www.donhighend.de\/index.php?rest_route=\/wp\/v2\/pages\/6571\/revisions\/11514"}],"up":[{"embeddable":true,"href":"https:\/\/www.donhighend.de\/index.php?rest_route=\/wp\/v2\/pages\/3466"}],"wp:featuredmedia":[{"embeddable":true,"href":"https:\/\/www.donhighend.de\/index.php?rest_route=\/wp\/v2\/media\/11513"}],"wp:attachment":[{"href":"https:\/\/www.donhighend.de\/index.php?rest_route=%2Fwp%2Fv2%2Fmedia&parent=6571"}],"curies":[{"name":"wp","href":"https:\/\/api.w.org\/{rel}","templated":true}]}}