{"id":6034,"date":"2019-03-25T10:47:02","date_gmt":"2019-03-25T09:47:02","guid":{"rendered":"http:\/\/www.donhighend.de\/?page_id=6034"},"modified":"2019-06-17T09:23:55","modified_gmt":"2019-06-17T08:23:55","slug":"three-sixtyfive-3-wege-tqwt-mit-dome-mitteltoener","status":"publish","type":"page","link":"https:\/\/www.donhighend.de\/?page_id=6034","title":{"rendered":"Three-Sixtyfive &#8211; 3 Wege TQWT mit Dome-MT"},"content":{"rendered":"<p><img loading=\"lazy\" decoding=\"async\" class=\"aligncenter wp-image-6143\" src=\"https:\/\/www.donhighend.de\/wp-content\/uploads\/2019\/05\/Titelbild.jpg\" alt=\"\" width=\"445\" height=\"600\" srcset=\"https:\/\/www.donhighend.de\/wp-content\/uploads\/2019\/05\/Titelbild.jpg 541w, https:\/\/www.donhighend.de\/wp-content\/uploads\/2019\/05\/Titelbild-222x300.jpg 222w\" sizes=\"auto, (max-width: 445px) 100vw, 445px\" \/><\/p>\n<p style=\"text-align: justify;\">&#8222;Erstens kommt es anders und zweitens als man denkt&#8220; lautet ein vielverbreitetes Sprichwort. Exakt so verh\u00e4lt es sich auch mit dem hier vorgestellten Lautsprecher, der eine weitere Gemeinschaftsentwicklung mit meinem Freund Gazza ist. Urspr\u00fcnglich bestand die Idee darin, um den g\u00fcnstigen und guten SPM-116\/8 aus der IceBox herum eine 3-Wege Box mit Chassis aus dem passendem Preissegment aufzubauen. Bei der Recherche fand Gazza einen interessanten Tiefmittelt\u00f6ner. Es handelt sich um den <span style=\"color: #0000ff;\"><a style=\"color: #0000ff;\" href=\"https:\/\/www.tymphany.com\/transducers\/sds-160f25pr01-08\/\" target=\"_blank\" rel=\"noopener noreferrer\">SDS-160F25PR01-08 <\/a><\/span>von Tymphany und somit um ein aktuelles Markenchassis mit einem sehr brauchbaren TSP Satz. Bei der weiteren Recherche auf der Tymphany Website stie\u00dfen wir auf den <a href=\"https:\/\/www.tymphany.com\/transducers\/gbs-85n25pr03-04\/\" target=\"_blank\" rel=\"noopener noreferrer\"><span style=\"color: #0000ff;\">GBS-85N25PR03-04<\/span><\/a><span style=\"color: #0000ff;\"><span style=\"color: #333333;\">. Die Angaben in seinem Datenblatt fanden wir so verlockend, dass der urspr\u00fcnglich als Wurzel des Projekts gesetzte SPM-116\/8 aus dem Rennen war. Als Hocht\u00f6ner komplettiert der bereits in den hervorragenden Crazy und Crazy Again eingesetzte <span style=\"color: #0000ff;\"><a style=\"color: #0000ff;\" href=\"https:\/\/www.tymphany.com\/transducers\/xt25sc90-04\/\" target=\"_blank\" rel=\"noopener noreferrer\">XT25SC90-04<\/a><\/span> das Ensemble.\u00a0 Die Komponenten f\u00fchren zu einem markenreinen 3-Wege Lautsprecher, dessen Best\u00fcckung sich pro Seite ab etwa 65 Euro realisieren l\u00e4sst. Somit war der Name\u00a0 &#8222;Three Sixtyfive&#8220; gesetzt.<br \/>\n<\/span><\/span><\/p>\n<p>Betrachten wir zun\u00e4chst den Tiefmittelt\u00f6ner:<\/p>\n<p><img loading=\"lazy\" decoding=\"async\" class=\"aligncenter size-full wp-image-6051\" src=\"https:\/\/www.donhighend.de\/wp-content\/uploads\/2019\/04\/SDS160.jpg\" alt=\"\" width=\"600\" height=\"450\" srcset=\"https:\/\/www.donhighend.de\/wp-content\/uploads\/2019\/04\/SDS160.jpg 600w, https:\/\/www.donhighend.de\/wp-content\/uploads\/2019\/04\/SDS160-300x225.jpg 300w\" sizes=\"auto, (max-width: 600px) 100vw, 600px\" \/><\/p>\n<p style=\"text-align: center;\">Tymphany SDS-160F25PR01-08<\/p>\n<p>TSP<\/p>\n<ul>\n<li>Rdc: 7,08 Ohm<\/li>\n<li>Fs: 44,41 Hz<\/li>\n<li>Sd: 141 cm\u00b2<\/li>\n<li>Mms: 12,57 Gr<\/li>\n<li>BL: 6,25 Tm<\/li>\n<li>Xmax: 6,1 mm<\/li>\n<li>Le: 0,42 mH<\/li>\n<li>Qms: 3,14<\/li>\n<li>Qes: 0,64<\/li>\n<li>Qts: 0,53<\/li>\n<li>Vas: 28,55 L<\/li>\n<li>SPL: 87 dB<\/li>\n<\/ul>\n<p>&nbsp;<\/p>\n<p style=\"text-align: justify;\">Mit diesem TSP-Satz, der zu quasi identischer Abstimmung wie bei Simulation mit den TSP aus dem Datenblatt f\u00fchrt,\u00a0 ist das Chassis f\u00fcr den Einsatz in einer TQWT pr\u00e4destiniert. In einer 155cm langen Line f\u00fchlt sich das Chassis pudelwohl und produziert Tiefbass bis um ca. 35 Hz mit einer sanft abfallenden Flanke.<\/p>\n<p style=\"text-align: center;\"><img loading=\"lazy\" decoding=\"async\" class=\"aligncenter size-full wp-image-6053\" src=\"https:\/\/www.donhighend.de\/wp-content\/uploads\/2019\/04\/TQWT-Simu-neu.png\" alt=\"\" width=\"600\" height=\"913\" srcset=\"https:\/\/www.donhighend.de\/wp-content\/uploads\/2019\/04\/TQWT-Simu-neu.png 600w, https:\/\/www.donhighend.de\/wp-content\/uploads\/2019\/04\/TQWT-Simu-neu-197x300.png 197w\" sizes=\"auto, (max-width: 600px) 100vw, 600px\" \/>TQWT Simulation mittels MJK-Sheet<\/p>\n<p style=\"text-align: justify;\">Die geschickt gew\u00e4hlte Position des Ports reduziert st\u00f6rende Resonanzen und Mitteltonm\u00fcll auf ein vollkommen zu vernachl\u00e4ssigendes Ma\u00df. Beste Voraussetzungen also f\u00fcr ungetr\u00fcbten Musikgenu\u00df.<\/p>\n<p style=\"text-align: justify;\">Den Mitteltonbereich \u00fcbernimmt, wie eingangs bereits erw\u00e4hnt, ein etwas \u00fcngew\u00f6hnlicheres Chassis von Tymphany. Der GBS-85N25PR03-04, der beim Hersteller als Bass gelistet wird, f\u00e4llt mit seiner kalottenf\u00f6rmig ausgef\u00fchrten Membran sofort ins Auge. Sein <a href=\"https:\/\/www.parts-express.com\/pedocs\/specs\/264-1494--peerless-gbs-85n25pr03-04-spec-sheet.pdf\" target=\"_blank\" rel=\"noopener noreferrer\"><span style=\"color: #0000ff;\">Datenblatt<\/span><\/a> verspricht einen sehr linearen Amplitudenverlauf bis weit in den oberen Mitteltonbereich hinein.<\/p>\n<p style=\"text-align: center;\"><img loading=\"lazy\" decoding=\"async\" class=\"aligncenter size-full wp-image-6035\" src=\"https:\/\/www.donhighend.de\/wp-content\/uploads\/2019\/03\/GBS-85-e1554108490162.jpg\" alt=\"\" width=\"600\" height=\"451\" \/>Tymphany GBS-85N25PR03-04<\/p>\n<p style=\"text-align: justify;\">F\u00fcr den Hochtonpart hatten wir die Wahl zwischen zwei verschiedenen Hocht\u00f6nern mit fast gleichem Frontplattendurchmesser. Nach einigen Versuchen in einer Testschalltand stellte sich schnell heraus, dass die <span style=\"color: #0000ff;\"><a style=\"color: #0000ff;\" href=\"https:\/\/www.tymphany.com\/drivers\/driver_functions\/specsheet.php?id=766\" target=\"_blank\" rel=\"noopener noreferrer\">XT25SC90-04<\/a><\/span> zu deutlich besserem Abstrahlverhalten f\u00fchrte.<\/p>\n<p><img loading=\"lazy\" decoding=\"async\" class=\"aligncenter size-full wp-image-6094\" src=\"https:\/\/www.donhighend.de\/wp-content\/uploads\/2019\/04\/XT25SC90-04.jpg\" alt=\"\" width=\"600\" height=\"451\" srcset=\"https:\/\/www.donhighend.de\/wp-content\/uploads\/2019\/04\/XT25SC90-04.jpg 600w, https:\/\/www.donhighend.de\/wp-content\/uploads\/2019\/04\/XT25SC90-04-300x226.jpg 300w\" sizes=\"auto, (max-width: 600px) 100vw, 600px\" \/><\/p>\n<p style=\"text-align: center;\">Tymphany XT25SC90-04<\/p>\n<p style=\"text-align: justify;\">Um ein insgesamt sauberes Abstrahlverhalten zu erm\u00f6glichen, wurde ein Geh\u00e4use aufgebaut, welches im Bereich der MHT-Einheit \u00fcber schr\u00e4ge, breite Fasen verf\u00fcgt.<\/p>\n<p style=\"text-align: center;\"><img loading=\"lazy\" decoding=\"async\" class=\"aligncenter wp-image-6063 size-full\" src=\"https:\/\/www.donhighend.de\/wp-content\/uploads\/2019\/04\/Fasen-Detail-1-e1554110847235.jpg\" alt=\"\" width=\"450\" height=\"600\" \/>Geh\u00e4use mit Fasen<\/p>\n<p style=\"text-align: justify;\">In diesem Geh\u00e4use wurden Einzelmessungen der drei Chassis im unbeschalteten Zustand vorgenommen und in die Simulationssoftware Xover importiert.<\/p>\n<p style=\"text-align: center;\"><img loading=\"lazy\" decoding=\"async\" class=\"aligncenter wp-image-6116 size-full\" src=\"https:\/\/www.donhighend.de\/wp-content\/uploads\/2019\/05\/Einzelzweig-TT.png\" alt=\"\" width=\"802\" height=\"539\" srcset=\"https:\/\/www.donhighend.de\/wp-content\/uploads\/2019\/05\/Einzelzweig-TT.png 802w, https:\/\/www.donhighend.de\/wp-content\/uploads\/2019\/05\/Einzelzweig-TT-300x202.png 300w, https:\/\/www.donhighend.de\/wp-content\/uploads\/2019\/05\/Einzelzweig-TT-768x516.png 768w, https:\/\/www.donhighend.de\/wp-content\/uploads\/2019\/05\/Einzelzweig-TT-750x504.png 750w\" sizes=\"auto, (max-width: 802px) 100vw, 802px\" \/>Importierte Messung TT 0\u00b0<\/p>\n<p style=\"text-align: justify;\">Sehr sch\u00f6n sieht man zwischen etwa 300 Hz und 600 Hz die Auswirkung des Baffle Step als sanft ansteigenden Bereich. In diesem Fall gelingt die notwendige Korrektur durch eine &#8222;zu gro\u00dfe&#8220; Spule im Tiefpass. Eine solche Beschaltung birgt jedoch die Gefahr, dass sich durch\u00a0 Wechselwirkung mit dem zweiten Impedanzh\u00f6cker eine \u00dcberh\u00f6hung im Oberbass einstellt, die zu einem unangenehmen One-Note-Bass f\u00fchren w\u00fcrde. Sowohl die Simulation als auch die im sp\u00e4teren Verlauf dieses Artikels ver\u00f6ffentlichte Nahfeldmessung zeigen, dass dies bei der &#8222;Three-Sixtyfive&#8220; nicht der Fall ist.<\/p>\n<p style=\"text-align: center;\"><img loading=\"lazy\" decoding=\"async\" class=\"aligncenter wp-image-6117 size-full\" src=\"https:\/\/www.donhighend.de\/wp-content\/uploads\/2019\/05\/Einzelzweig-MT.png\" alt=\"\" width=\"803\" height=\"537\" srcset=\"https:\/\/www.donhighend.de\/wp-content\/uploads\/2019\/05\/Einzelzweig-MT.png 803w, https:\/\/www.donhighend.de\/wp-content\/uploads\/2019\/05\/Einzelzweig-MT-300x201.png 300w, https:\/\/www.donhighend.de\/wp-content\/uploads\/2019\/05\/Einzelzweig-MT-768x514.png 768w, https:\/\/www.donhighend.de\/wp-content\/uploads\/2019\/05\/Einzelzweig-MT-750x502.png 750w\" sizes=\"auto, (max-width: 803px) 100vw, 803px\" \/>Importierte Messung MT 0\u00b0<\/p>\n<p style=\"text-align: justify;\">Anders als beim Tieft\u00f6ner zeigt sich beim Mittelt\u00f6ner die Auswirkung des Baffle Step im Bereich zwischen etwa 650 und 800 Hz als recht pr\u00e4gnante Stufe. Bei der sp\u00e4teren Entwicklung der Weiche konnte die Trennfrequenz zwischen den beiden Chassis genau in diesen Bereich gelegt werden. Der Vorteil dieser Ma\u00dfnahme ist die Tatsache, dass die Beschaltung des Mittelt\u00f6ners keinerlei Eingriffe zur Korrektur des Baffle Step enthalten muss und somit sehr einfach bleiben kann.<\/p>\n<p><img loading=\"lazy\" decoding=\"async\" class=\"aligncenter wp-image-6118 size-full\" src=\"https:\/\/www.donhighend.de\/wp-content\/uploads\/2019\/05\/Einzelzweig-HT.png\" alt=\"\" width=\"803\" height=\"538\" srcset=\"https:\/\/www.donhighend.de\/wp-content\/uploads\/2019\/05\/Einzelzweig-HT.png 803w, https:\/\/www.donhighend.de\/wp-content\/uploads\/2019\/05\/Einzelzweig-HT-300x201.png 300w, https:\/\/www.donhighend.de\/wp-content\/uploads\/2019\/05\/Einzelzweig-HT-768x515.png 768w, https:\/\/www.donhighend.de\/wp-content\/uploads\/2019\/05\/Einzelzweig-HT-750x502.png 750w\" sizes=\"auto, (max-width: 803px) 100vw, 803px\" \/><\/p>\n<p style=\"text-align: center;\">Importierte Messung HT 0\u00b0<\/p>\n<p style=\"text-align: justify;\">Neben einem m\u00f6glichst linearen Amplitudenverlauf, sowie einem sauberen Abstrahlverhalten galt es noch auf ein weiteres Detail zu achten. Bis auf den TMT handelt es sich um 4 Ohm Chassis, die bei Beschaltung dazu neigen, den Impedanzverlauf des gesamten Systems auf unzul\u00e4ssig niedrige Werte zu ziehen. Nach einigen Spielarten bez\u00fcglich der Weichentopologie konnte eine \u00fcberzeugende Variante der Beschaltung gefunden werden.<\/p>\n<p><img loading=\"lazy\" decoding=\"async\" class=\"aligncenter wp-image-6103 size-full\" src=\"https:\/\/www.donhighend.de\/wp-content\/uploads\/2019\/05\/Simu-final.png\" alt=\"\" width=\"803\" height=\"538\" srcset=\"https:\/\/www.donhighend.de\/wp-content\/uploads\/2019\/05\/Simu-final.png 803w, https:\/\/www.donhighend.de\/wp-content\/uploads\/2019\/05\/Simu-final-300x201.png 300w, https:\/\/www.donhighend.de\/wp-content\/uploads\/2019\/05\/Simu-final-768x515.png 768w, https:\/\/www.donhighend.de\/wp-content\/uploads\/2019\/05\/Simu-final-750x502.png 750w\" sizes=\"auto, (max-width: 803px) 100vw, 803px\" \/><\/p>\n<p style=\"text-align: center;\">Xover &#8211; Simulation &#8222;Three Sixtyfive&#8220; 0\u00b0 &#8211; 45\u00b0 ohne Einzelzweige<\/p>\n<p style=\"text-align: center;\"><img loading=\"lazy\" decoding=\"async\" class=\"aligncenter wp-image-6104 size-full\" src=\"https:\/\/www.donhighend.de\/wp-content\/uploads\/2019\/05\/Simu-final-mit-Zweigen.png\" alt=\"\" width=\"801\" height=\"538\" srcset=\"https:\/\/www.donhighend.de\/wp-content\/uploads\/2019\/05\/Simu-final-mit-Zweigen.png 801w, https:\/\/www.donhighend.de\/wp-content\/uploads\/2019\/05\/Simu-final-mit-Zweigen-300x201.png 300w, https:\/\/www.donhighend.de\/wp-content\/uploads\/2019\/05\/Simu-final-mit-Zweigen-768x516.png 768w, https:\/\/www.donhighend.de\/wp-content\/uploads\/2019\/05\/Simu-final-mit-Zweigen-750x504.png 750w\" sizes=\"auto, (max-width: 801px) 100vw, 801px\" \/>Xover &#8211; Simulation &#8222;Three-Sixtyfive&#8220; 0\u00b0 &#8211; 45\u00b0 mit Einzelzweigen<\/p>\n<p style=\"text-align: justify;\">Die obigen Simulationen von 0\u00b0 &#8211; 45\u00b0 stellen auch unter Winkeln ein sehr ordentliches Abstrahlverhalten in Aussicht, welches es im n\u00e4chsten Schritt durch Messungen am lebenden Objekt zu verifizieren galt.<\/p>\n<p style=\"text-align: center;\"><img loading=\"lazy\" decoding=\"async\" class=\"aligncenter wp-image-6107 size-full\" src=\"https:\/\/www.donhighend.de\/wp-content\/uploads\/2019\/05\/3-65-0\u00b0-90\u00b0.png\" alt=\"\" width=\"1000\" height=\"766\" srcset=\"https:\/\/www.donhighend.de\/wp-content\/uploads\/2019\/05\/3-65-0\u00b0-90\u00b0.png 1000w, https:\/\/www.donhighend.de\/wp-content\/uploads\/2019\/05\/3-65-0\u00b0-90\u00b0-300x230.png 300w, https:\/\/www.donhighend.de\/wp-content\/uploads\/2019\/05\/3-65-0\u00b0-90\u00b0-768x588.png 768w, https:\/\/www.donhighend.de\/wp-content\/uploads\/2019\/05\/3-65-0\u00b0-90\u00b0-750x575.png 750w\" sizes=\"auto, (max-width: 1000px) 100vw, 1000px\" \/>Messung &#8222;Three-Sixtyfive&#8220; 0\u00b0 &#8211; 90\u00b0<\/p>\n<p style=\"text-align: justify;\">Wie zu erwarten zeigen die Messungen eine hervorragende \u00dcbereinstimmung\u00a0 mit der Simulation. Selbst bis 90\u00b0 zeigt sich ein sehr gutes Abstrahlverhalten mit der gew\u00fcnschten, zunehmenden B\u00fcndelung zum oberen Hochtonbereich.<\/p>\n<p style=\"text-align: center;\"><img loading=\"lazy\" decoding=\"async\" class=\"aligncenter wp-image-6110 size-full\" src=\"https:\/\/www.donhighend.de\/wp-content\/uploads\/2019\/05\/3-65-Nah-und-Fernfeld-gemerged-Portanteil.png\" alt=\"\" width=\"1000\" height=\"742\" srcset=\"https:\/\/www.donhighend.de\/wp-content\/uploads\/2019\/05\/3-65-Nah-und-Fernfeld-gemerged-Portanteil.png 1000w, https:\/\/www.donhighend.de\/wp-content\/uploads\/2019\/05\/3-65-Nah-und-Fernfeld-gemerged-Portanteil-300x223.png 300w, https:\/\/www.donhighend.de\/wp-content\/uploads\/2019\/05\/3-65-Nah-und-Fernfeld-gemerged-Portanteil-768x570.png 768w, https:\/\/www.donhighend.de\/wp-content\/uploads\/2019\/05\/3-65-Nah-und-Fernfeld-gemerged-Portanteil-750x557.png 750w\" sizes=\"auto, (max-width: 1000px) 100vw, 1000px\" \/>Frequenzgang &#8222;Three-Sixtyfive&#8220; gemerged aus Nah- und Fernfeld mit separatem Portanteil<\/p>\n<p style=\"text-align: justify;\">Die obige Grafik zeigt die einwandfreie Funktion der TQWT. Durch die geschickte Positionierung des Ports bereits w\u00e4hrend der Simulation bleiben Portresonanzen und der gef\u00fcrchtete Mitteltonm\u00fcll nahezu vollst\u00e4ndig aus und bewegen sich im nicht erw\u00e4hnenswerten Bereich. Ggfs. kann die Tuningfrequenz durch K\u00fcrzen des Ports noch ein wenig angehoben werden. Das ist abh\u00e4ngig vom H\u00f6rgeschmack und\/oder der Aufstellung der Lautsprecher im H\u00f6rraum.<\/p>\n<p style=\"text-align: center;\"><img loading=\"lazy\" decoding=\"async\" class=\"aligncenter wp-image-6111\" src=\"https:\/\/www.donhighend.de\/wp-content\/uploads\/2019\/05\/3-65-Impedanz-1024x469.png\" alt=\"\" width=\"1000\" height=\"458\" srcset=\"https:\/\/www.donhighend.de\/wp-content\/uploads\/2019\/05\/3-65-Impedanz-1024x469.png 1024w, https:\/\/www.donhighend.de\/wp-content\/uploads\/2019\/05\/3-65-Impedanz-300x137.png 300w, https:\/\/www.donhighend.de\/wp-content\/uploads\/2019\/05\/3-65-Impedanz-768x352.png 768w, https:\/\/www.donhighend.de\/wp-content\/uploads\/2019\/05\/3-65-Impedanz-750x343.png 750w, https:\/\/www.donhighend.de\/wp-content\/uploads\/2019\/05\/3-65-Impedanz.png 1365w\" sizes=\"auto, (max-width: 1000px) 100vw, 1000px\" \/>Impedanzverlauf &#8222;Three-Sixtyfive&#8220;<\/p>\n<p style=\"text-align: justify;\">Die Impedanzkurve der Three-Sixtyfive erreicht ihr Minimum mit einem Wert von rund 4,3 Ohm bei etwa 2 kHz. Damit d\u00fcrfte sie mit quasi jedem Verst\u00e4rker harmonieren und einen problemlosen Betrieb gew\u00e4hrleisten. Bemerkenswert ist die Tatsache, dass die Abstimmung der TQWT auf knapp \u00fcber 30 Hz ebenso perfekt mit der MJK-Simulation \u00fcbereinstimmt.<\/p>\n<p style=\"text-align: center;\"><img loading=\"lazy\" decoding=\"async\" class=\"aligncenter wp-image-6115 size-full\" src=\"https:\/\/www.donhighend.de\/wp-content\/uploads\/2019\/05\/Weiche-final.png\" alt=\"\" width=\"761\" height=\"733\" srcset=\"https:\/\/www.donhighend.de\/wp-content\/uploads\/2019\/05\/Weiche-final.png 761w, https:\/\/www.donhighend.de\/wp-content\/uploads\/2019\/05\/Weiche-final-300x289.png 300w, https:\/\/www.donhighend.de\/wp-content\/uploads\/2019\/05\/Weiche-final-750x722.png 750w\" sizes=\"auto, (max-width: 761px) 100vw, 761px\" \/>&#8222;Three-Sixtyfive&#8220; Weichenplan<\/p>\n<p style=\"text-align: justify;\">Die Weichenschaltung der Three-Sixtyfive konnte dank der gutm\u00fctigen Chassis recht einfach ausfallen. Der Tieftonzweig kommt mit einem Filter 2. Ordnung und einer Impedanzlinearisierung aus. Dem Mittelt\u00f6ner reicht ein Hochpass ebenfalls 2. Ordnung und ein Tiefpass 3. Ordnung mit einem Vorwiderstand. Lediglich der Hocht\u00f6ner ben\u00f6tigt, zus\u00e4tzlich zu seinem Filter 3. Ordnung, zwei kleine Korrekturen in Form eines Saugkreises und eines Shelving-Filters, sowie eine Pegelanpassung.<\/p>\n<p style=\"text-align: center;\"><img loading=\"lazy\" decoding=\"async\" class=\"aligncenter size-full wp-image-6129\" src=\"https:\/\/www.donhighend.de\/wp-content\/uploads\/2019\/05\/3-65-Klirr-@-85dB.png\" alt=\"\" width=\"1000\" height=\"718\" srcset=\"https:\/\/www.donhighend.de\/wp-content\/uploads\/2019\/05\/3-65-Klirr-@-85dB.png 1000w, https:\/\/www.donhighend.de\/wp-content\/uploads\/2019\/05\/3-65-Klirr-@-85dB-300x215.png 300w, https:\/\/www.donhighend.de\/wp-content\/uploads\/2019\/05\/3-65-Klirr-@-85dB-768x551.png 768w, https:\/\/www.donhighend.de\/wp-content\/uploads\/2019\/05\/3-65-Klirr-@-85dB-750x539.png 750w\" sizes=\"auto, (max-width: 1000px) 100vw, 1000px\" \/>&#8222;Three-Sixtyfive&#8220; Klirr @ 85dB<\/p>\n<p><img loading=\"lazy\" decoding=\"async\" class=\"aligncenter size-full wp-image-6166\" src=\"https:\/\/www.donhighend.de\/wp-content\/uploads\/2019\/06\/Bauplan-3-65.jpg\" alt=\"\" width=\"1238\" height=\"853\" srcset=\"https:\/\/www.donhighend.de\/wp-content\/uploads\/2019\/06\/Bauplan-3-65.jpg 1238w, https:\/\/www.donhighend.de\/wp-content\/uploads\/2019\/06\/Bauplan-3-65-300x207.jpg 300w, https:\/\/www.donhighend.de\/wp-content\/uploads\/2019\/06\/Bauplan-3-65-768x529.jpg 768w, https:\/\/www.donhighend.de\/wp-content\/uploads\/2019\/06\/Bauplan-3-65-1024x706.jpg 1024w, https:\/\/www.donhighend.de\/wp-content\/uploads\/2019\/06\/Bauplan-3-65-750x517.jpg 750w\" sizes=\"auto, (max-width: 1238px) 100vw, 1238px\" \/><\/p>\n<p style=\"text-align: center;\">Bau- und Bed\u00e4mpfungsplan (vergr\u00f6\u00dfern: rechte Maustaste &#8211;&gt; Grafik anzeigen)<\/p>\n<p style=\"text-align: justify;\">Die Weichen- und Baupl\u00e4ne sind f\u00fcr private Nutzung freigegeben. Jegliche Form der gewerblichen Nutzung oder Verbreitung ohne vorherige Absprache ist untersagt und wird strafrechtlich verfolgt.<\/p>\n<p>&nbsp;<\/p>\n<p>L. E. schreibt in der <span style=\"color: #ff0000;\"><a style=\"color: #ff0000;\" href=\"https:\/\/www.facebook.com\/groups\/304972859996029\/?ref=bookmarks\" target=\"_blank\" rel=\"noopener noreferrer\">FB Gruppe des Akustischen Untergrunds<\/a><\/span><\/p>\n<blockquote>\n<h5 style=\"text-align: justify;\"><em><span style=\"color: #ff6600;\"><span dir=\"ltr\"><span class=\"_3l3x _1n4g\">Ich hab die 3-65 ja letztes Wochenende h\u00f6ren d\u00fcrfen und muss sagen, dass sie mich ziemlich begeistert hat. Angesichts der Baukosten ist das mal wieder ein super Schn\u00e4ppchen. Der ungew\u00f6hnliche Mittelt\u00f6ner macht seine Sache sehr gut, die XT25 im Hochton ist vorz\u00fcglich und der Tympany liefert deutlich lauter, als man denken kann, einfach ab. Ich hatte ja meine Zweifel, als es hiess, das wird ein 3-Weger mit 17er im Bass &#8211; ich nehme alles zur\u00fcck!<br \/>\nGanz tolle Kiste, die auf den Fotos massiger wirkt als sie ist. Und das Finish ist zur\u00fcckhaltend aber sehr schick geworden.<\/span><\/span><\/span><\/em><\/h5>\n<p>&nbsp;<\/p><\/blockquote>\n","protected":false},"excerpt":{"rendered":"<p>&#8222;Erstens kommt es anders und zweitens als man denkt&#8220; lautet ein vielverbreitetes Sprichwort. Exakt so verh\u00e4lt es sich auch mit dem hier vorgestellten Lautsprecher, der eine weitere Gemeinschaftsentwicklung mit meinem Freund Gazza ist. Urspr\u00fcnglich bestand die Idee darin, um den g\u00fcnstigen und guten SPM-116\/8 aus der IceBox herum eine 3-Wege Box mit Chassis aus dem &hellip; <\/p>\n<p><a class=\"more-link btn\" href=\"https:\/\/www.donhighend.de\/?page_id=6034\">Weiterlesen<\/a><\/p>\n","protected":false},"author":1,"featured_media":6143,"parent":4401,"menu_order":967,"comment_status":"open","ping_status":"closed","template":"","meta":{"footnotes":""},"class_list":["post-6034","page","type-page","status-publish","has-post-thumbnail","hentry","nodate","item-wrap"],"_links":{"self":[{"href":"https:\/\/www.donhighend.de\/index.php?rest_route=\/wp\/v2\/pages\/6034","targetHints":{"allow":["GET"]}}],"collection":[{"href":"https:\/\/www.donhighend.de\/index.php?rest_route=\/wp\/v2\/pages"}],"about":[{"href":"https:\/\/www.donhighend.de\/index.php?rest_route=\/wp\/v2\/types\/page"}],"author":[{"embeddable":true,"href":"https:\/\/www.donhighend.de\/index.php?rest_route=\/wp\/v2\/users\/1"}],"replies":[{"embeddable":true,"href":"https:\/\/www.donhighend.de\/index.php?rest_route=%2Fwp%2Fv2%2Fcomments&post=6034"}],"version-history":[{"count":83,"href":"https:\/\/www.donhighend.de\/index.php?rest_route=\/wp\/v2\/pages\/6034\/revisions"}],"predecessor-version":[{"id":6173,"href":"https:\/\/www.donhighend.de\/index.php?rest_route=\/wp\/v2\/pages\/6034\/revisions\/6173"}],"up":[{"embeddable":true,"href":"https:\/\/www.donhighend.de\/index.php?rest_route=\/wp\/v2\/pages\/4401"}],"wp:featuredmedia":[{"embeddable":true,"href":"https:\/\/www.donhighend.de\/index.php?rest_route=\/wp\/v2\/media\/6143"}],"wp:attachment":[{"href":"https:\/\/www.donhighend.de\/index.php?rest_route=%2Fwp%2Fv2%2Fmedia&parent=6034"}],"curies":[{"name":"wp","href":"https:\/\/api.w.org\/{rel}","templated":true}]}}