{"id":558,"date":"2011-03-12T09:26:39","date_gmt":"2011-03-12T09:26:39","guid":{"rendered":"http:\/\/www.donhighend.de\/?page_id=558"},"modified":"2024-06-13T12:21:46","modified_gmt":"2024-06-13T11:21:46","slug":"modipo","status":"publish","type":"page","link":"https:\/\/www.donhighend.de\/?page_id=558","title":{"rendered":"MoDiPo (vorgestellt in K+T 05\/11)"},"content":{"rendered":"<p><a href=\"https:\/\/www.donhighend.de\/wp-content\/uploads\/2011\/03\/k-IMG_0506.jpg\"><img loading=\"lazy\" decoding=\"async\" class=\"aligncenter size-full wp-image-761\" title=\"k-IMG_0506\" src=\"https:\/\/www.donhighend.de\/wp-content\/uploads\/2011\/03\/k-IMG_0506.jpg\" alt=\"\" width=\"480\" height=\"640\" srcset=\"https:\/\/www.donhighend.de\/wp-content\/uploads\/2011\/03\/k-IMG_0506.jpg 480w, https:\/\/www.donhighend.de\/wp-content\/uploads\/2011\/03\/k-IMG_0506-225x300.jpg 225w\" sizes=\"auto, (max-width: 480px) 100vw, 480px\" \/><\/a><\/p>\n<p><del>Derzeit in der Entwicklung&#8230;<\/del><\/p>\n<p><del>Kurz vor der Fertigstellung&#8230;<\/del><\/p>\n<p><del>Wird gerade f\u00fcr die Pr\u00e4sentation in der Fachpresse aufgeh\u00fcbscht&#8230;<\/del><\/p>\n<p><del>Ist fertig und wartet auf Ihre Pr\u00e4sentation&#8230;<\/del><\/p>\n<p>Ver\u00f6ffentlicht in der Klang und Ton Ausgabe 05\/2011<\/p>\n<p><span style=\"color: #ffffff;\">ggggg<\/span><\/p>\n<p style=\"text-align: justify;\">Vorabinfo:<\/p>\n<p style=\"text-align: justify;\">Die MoDiPo ist ein markenreiner, mit preiswerten Chassis aus dem Monacor Portfolio aufgebauter, passiver Vollbereichsdipol mit einer Gesamtbreite von unter 30 Zentimetern.<\/p>\n<p style=\"text-align: justify;\">Um dem Dipolverlust gerade im Bassbereich entgegenzuwirken kommt als Tieft\u00f6ner der <a href=\"https:\/\/loudspeakerdatabase.com\/MONACOR\/SPP-250\" target=\"_blank\" rel=\"noopener noreferrer\"><strong><span style=\"color: #ff0000;\">SPP-250<\/span><\/strong><\/a> gleich dreifach zur Anwendung.<\/p>\n<p>&nbsp;<\/p>\n<p><a href=\"https:\/\/www.donhighend.de\/wp-content\/uploads\/2011\/03\/SPP-250.png\"><img loading=\"lazy\" decoding=\"async\" class=\"aligncenter size-full wp-image-753\" title=\"SPP-250\" src=\"https:\/\/www.donhighend.de\/wp-content\/uploads\/2011\/03\/SPP-250.png\" alt=\"\" width=\"256\" height=\"400\" srcset=\"https:\/\/www.donhighend.de\/wp-content\/uploads\/2011\/03\/SPP-250.png 256w, https:\/\/www.donhighend.de\/wp-content\/uploads\/2011\/03\/SPP-250-192x300.png 192w\" sizes=\"auto, (max-width: 256px) 100vw, 256px\" \/><\/a><\/p>\n<p>&nbsp;<\/p>\n<p style=\"text-align: justify;\">Den Mitteltonpart von etwa 400Hz bis rund 2500Hz \u00fcbernimmt ein <a href=\"https:\/\/www.monacor.de\/produkte\/components\/lautsprechertechnik\/hi-fi-breitbandlautsprecher-\/sp-13-4\/\" target=\"_blank\" rel=\"noopener noreferrer\"><strong><span style=\"color: #ff0000;\">SP-13\/4<\/span><\/strong><\/a>. Dies ist ebenfalls ein Chassis aus dem preiswerteren Segment, welches aber unerwartet gute Qualit\u00e4ten mitbringt. In der Modipo spielt das Chassis in einer winzigen, nur 14 x 14 Zentimeter gro\u00dfen Schallwand.<\/p>\n<p>&nbsp;<\/p>\n<p><a href=\"https:\/\/www.donhighend.de\/wp-content\/uploads\/2011\/03\/SP-13_4.png\"><img loading=\"lazy\" decoding=\"async\" class=\"aligncenter size-full wp-image-754\" title=\"SP-13_4\" src=\"https:\/\/www.donhighend.de\/wp-content\/uploads\/2011\/03\/SP-13_4.png\" alt=\"\" width=\"313\" height=\"400\" srcset=\"https:\/\/www.donhighend.de\/wp-content\/uploads\/2011\/03\/SP-13_4.png 313w, https:\/\/www.donhighend.de\/wp-content\/uploads\/2011\/03\/SP-13_4-234x300.png 234w\" sizes=\"auto, (max-width: 313px) 100vw, 313px\" \/><\/a><\/p>\n<p>&nbsp;<\/p>\n<p style=\"text-align: justify;\">Im Hochtonbereich fiel die Wahl auf die Car-HiFi Kalotte <a href=\"https:\/\/www.lautsprecherkauf.com\/Monacor-CRB-40-Hochtoenerpaar---Paarpreis.html\" target=\"_blank\" rel=\"noopener noreferrer\"><strong><span style=\"color: #ff0000;\">CRB-40<\/span><\/strong><\/a>, welche in der Modipo gleich doppelt, je eine nach vorne und hinten abstrahlend, zum Einsatz kommt. Dem mechanischen Aufbau spielt hier der besondere Umstand, dass die Hocht\u00f6ner perfekt in ein gek\u00fcrztes Bassreflexrohr des Typs <a href=\"https:\/\/www.monacor.de\/produkte\/components\/lautsprechertechnik\/selbstbau-\/mbr-35\/\" target=\"_blank\" rel=\"noopener noreferrer\"><strong><span style=\"color: #ff0000;\">MBR-35<\/span><\/strong><\/a> passen, angenehm in die Karten.<\/p>\n<p>&nbsp;<\/p>\n<p><a href=\"https:\/\/www.donhighend.de\/wp-content\/uploads\/2011\/03\/CRB-40.png\"><img loading=\"lazy\" decoding=\"async\" class=\"aligncenter size-full wp-image-756\" title=\"CRB-40\" src=\"https:\/\/www.donhighend.de\/wp-content\/uploads\/2011\/03\/CRB-40.png\" alt=\"\" width=\"194\" height=\"213\" \/><\/a><\/p>\n<p>&nbsp;<\/p>\n<p>&nbsp;<\/p>\n<p><a href=\"https:\/\/www.donhighend.de\/wp-content\/uploads\/2011\/03\/k-IMG_0511.jpg\"><img loading=\"lazy\" decoding=\"async\" class=\"aligncenter size-full wp-image-763\" title=\"k-IMG_0511\" src=\"https:\/\/www.donhighend.de\/wp-content\/uploads\/2011\/03\/k-IMG_0511.jpg\" alt=\"\" width=\"480\" height=\"640\" srcset=\"https:\/\/www.donhighend.de\/wp-content\/uploads\/2011\/03\/k-IMG_0511.jpg 480w, https:\/\/www.donhighend.de\/wp-content\/uploads\/2011\/03\/k-IMG_0511-225x300.jpg 225w\" sizes=\"auto, (max-width: 480px) 100vw, 480px\" \/><\/a><\/p>\n<p>&nbsp;<\/p>\n<p><a href=\"https:\/\/www.donhighend.de\/wp-content\/uploads\/2011\/03\/k-IMG_0514.jpg\"><img loading=\"lazy\" decoding=\"async\" class=\"aligncenter size-full wp-image-764\" title=\"k-IMG_0514\" src=\"https:\/\/www.donhighend.de\/wp-content\/uploads\/2011\/03\/k-IMG_0514.jpg\" alt=\"\" width=\"480\" height=\"640\" srcset=\"https:\/\/www.donhighend.de\/wp-content\/uploads\/2011\/03\/k-IMG_0514.jpg 480w, https:\/\/www.donhighend.de\/wp-content\/uploads\/2011\/03\/k-IMG_0514-225x300.jpg 225w\" sizes=\"auto, (max-width: 480px) 100vw, 480px\" \/><\/a><\/p>\n<p>&nbsp;<\/p>\n<p style=\"text-align: justify;\">Leider sind durch einen Hardwarecrash die meisten Messdaten, die w\u00e4hrend der Entwicklung entstanden sind, verloren gegangen. So kann ich leider nur Messungen der fertigen Lautsprecher sowie die Schaltung der Frequenzweiche und den Aufbauplan der Modipo ver\u00f6ffentlichen.<\/p>\n<p style=\"text-align: justify;\">Zun\u00e4chst der Frequenzgang der Modipo unter Winkeln. Hier ist das einwandfreie Rundstrahlverhalten der Konstruktion ersichtlich.<\/p>\n<p>&nbsp;<\/p>\n<p><a href=\"https:\/\/www.donhighend.de\/wp-content\/uploads\/2011\/03\/Frequenzgang.jpg\"><img loading=\"lazy\" decoding=\"async\" class=\"aligncenter size-full wp-image-2587\" src=\"https:\/\/www.donhighend.de\/wp-content\/uploads\/2011\/03\/Frequenzgang.jpg\" alt=\"Frequenzgang\" width=\"799\" height=\"503\" srcset=\"https:\/\/www.donhighend.de\/wp-content\/uploads\/2011\/03\/Frequenzgang.jpg 799w, https:\/\/www.donhighend.de\/wp-content\/uploads\/2011\/03\/Frequenzgang-300x189.jpg 300w\" sizes=\"auto, (max-width: 799px) 100vw, 799px\" \/><\/a>Frequenzgang 0\u00b0 &#8211; 45\u00b0<\/p>\n<p>&nbsp;<\/p>\n<p><a href=\"https:\/\/www.donhighend.de\/wp-content\/uploads\/2011\/03\/Zweige.jpg\"><img loading=\"lazy\" decoding=\"async\" class=\"aligncenter size-full wp-image-2588\" src=\"https:\/\/www.donhighend.de\/wp-content\/uploads\/2011\/03\/Zweige.jpg\" alt=\"Zweige\" width=\"799\" height=\"503\" srcset=\"https:\/\/www.donhighend.de\/wp-content\/uploads\/2011\/03\/Zweige.jpg 799w, https:\/\/www.donhighend.de\/wp-content\/uploads\/2011\/03\/Zweige-300x189.jpg 300w\" sizes=\"auto, (max-width: 799px) 100vw, 799px\" \/><\/a>Frequenzgang Einzelzweige<\/p>\n<p>&nbsp;<\/p>\n<p style=\"text-align: justify;\">Gemessen an der Komplexit\u00e4t der Gesamtsystems ist der Frequenzgang der MoDiPo als ausgeglichen zu bezeichnen. Lediglich im Bereich um 5 kHz liegt der Gesamtpegel leicht oberhalb des Einzelfrequenzganges der beiden Hochtonkalotten. Dies ist bedigt durch die Tatsache, dass die Hocht\u00f6ner &#8222;in einem weiten Bereich oberhalb ihrer Dipolsitze betrieben werden&#8220; *Rudolf Finke, der dieses Projekt beratend unterst\u00fctzt hat.<\/p>\n<p style=\"text-align: justify;\">Auch das Ausschwingverhalten der MoDiPo l\u00e4sst keinen Raum f\u00fcr ernsthafte Kritik.<\/p>\n<p>&nbsp;<\/p>\n<p><a href=\"https:\/\/www.donhighend.de\/wp-content\/uploads\/2011\/03\/Wasserfall.jpg\"><img loading=\"lazy\" decoding=\"async\" class=\"aligncenter size-full wp-image-2589\" src=\"https:\/\/www.donhighend.de\/wp-content\/uploads\/2011\/03\/Wasserfall.jpg\" alt=\"Wasserfall\" width=\"799\" height=\"496\" srcset=\"https:\/\/www.donhighend.de\/wp-content\/uploads\/2011\/03\/Wasserfall.jpg 799w, https:\/\/www.donhighend.de\/wp-content\/uploads\/2011\/03\/Wasserfall-300x186.jpg 300w\" sizes=\"auto, (max-width: 799px) 100vw, 799px\" \/><\/a>Zerfallspektrum<\/p>\n<p>&nbsp;<\/p>\n<p style=\"text-align: justify;\">Die meisten offenen Schallw\u00e4nde werden sehr breit ausgef\u00fchrt, um einen Wirkungsgradgewinn, besonders im Bassbereich, zu erzielen. Leider erkauft man sich mit einer breiten Schallwand den Nachteil, dass sich das Abstrahlverhalten des Lautsprechers zu h\u00f6heren Frequenzen immer weiter von der idealen Dipol-8 entfernt. Durch die unterschiedlichen Schallwandbreiten wird dieses Problem bei der MoDiPo elegant umschifft, so dass diese bis \u00fcber 3 kHz, und damit im gewichtigen Frequenzbereich, die gew\u00fcnschte Dipol-8 produziert. Dar\u00fcber hinaus beginnen die beiden Hochtonkalotten immer st\u00e4rker zu b\u00fcndeln.<\/p>\n<p><a href=\"https:\/\/www.donhighend.de\/wp-content\/uploads\/2011\/03\/Polardiagramm.jpg\"><img loading=\"lazy\" decoding=\"async\" class=\"aligncenter size-full wp-image-2590\" src=\"https:\/\/www.donhighend.de\/wp-content\/uploads\/2011\/03\/Polardiagramm.jpg\" alt=\"Polardiagramm\" width=\"799\" height=\"659\" srcset=\"https:\/\/www.donhighend.de\/wp-content\/uploads\/2011\/03\/Polardiagramm.jpg 799w, https:\/\/www.donhighend.de\/wp-content\/uploads\/2011\/03\/Polardiagramm-300x247.jpg 300w\" sizes=\"auto, (max-width: 799px) 100vw, 799px\" \/><\/a>Polardiagramm<\/p>\n<p>&nbsp;<\/p>\n<p style=\"text-align: justify;\">Konstruktionsbedingt schleicht sich im Klirrspektrum eine schmalbandige Spitze im Bereich um 500 Hz ein, die der unbeschaltete Mittelt\u00f6ner in einer Messschallwand in diesem Bereich nicht aufweist. Sie ist nicht dem Mittelt\u00f6ner zuzuordnen und ist klanglich nicht wirklich relevant. Die weiter unten aufgef\u00fchrten H\u00f6rermeinungen lassen diesen Schluss jedenfalls zu&#8230;<\/p>\n<p>&nbsp;<\/p>\n<p><a href=\"https:\/\/www.donhighend.de\/wp-content\/uploads\/2011\/03\/Klirr-@-85dB.jpg\"><img loading=\"lazy\" decoding=\"async\" class=\"aligncenter size-full wp-image-2597\" src=\"https:\/\/www.donhighend.de\/wp-content\/uploads\/2011\/03\/Klirr-@-85dB.jpg\" alt=\"Klirr @ 85dB\" width=\"799\" height=\"503\" srcset=\"https:\/\/www.donhighend.de\/wp-content\/uploads\/2011\/03\/Klirr-@-85dB.jpg 799w, https:\/\/www.donhighend.de\/wp-content\/uploads\/2011\/03\/Klirr-@-85dB-300x189.jpg 300w\" sizes=\"auto, (max-width: 799px) 100vw, 799px\" \/><\/a>Klirr @ 85dB<\/p>\n<p>&nbsp;<\/p>\n<p style=\"text-align: justify;\">Die Frequenzweiche konnte angenehm einfach gestaltet werden. 17 Bauteile f\u00fcr eine ausgewachsene 3-Wege Box kann man als durchaus sp\u00e4rliche Ausf\u00fchrung bezeichnen.<\/p>\n<p><a href=\"https:\/\/www.donhighend.de\/wp-content\/uploads\/2011\/03\/Weichenplan.jpg\"><img loading=\"lazy\" decoding=\"async\" class=\"aligncenter size-full wp-image-2591\" src=\"https:\/\/www.donhighend.de\/wp-content\/uploads\/2011\/03\/Weichenplan.jpg\" alt=\"Weichenplan\" width=\"799\" height=\"500\" srcset=\"https:\/\/www.donhighend.de\/wp-content\/uploads\/2011\/03\/Weichenplan.jpg 799w, https:\/\/www.donhighend.de\/wp-content\/uploads\/2011\/03\/Weichenplan-300x188.jpg 300w\" sizes=\"auto, (max-width: 799px) 100vw, 799px\" \/><\/a>Weichenplan<\/p>\n<p>&nbsp;<\/p>\n<p style=\"text-align: justify;\">Im Basszweig der Frequenzweiche werden 2 recht niederohmige Induktivit\u00e4ten von 3,3 mH in Reihe geschaltet, um die Gesamtimpedanz nicht unter 3 Ohm sinken zu lassen. Nat\u00fcrlich l\u00e4sst sich das auch mit einer einzigen 6,8 mH Spule mit h\u00f6herem Widerstand erreichen.<\/p>\n<p>&nbsp;<\/p>\n<p><a href=\"https:\/\/www.donhighend.de\/wp-content\/uploads\/2011\/03\/Imp.-u.-Phase.jpg\"><img loading=\"lazy\" decoding=\"async\" class=\"aligncenter size-full wp-image-2598\" src=\"https:\/\/www.donhighend.de\/wp-content\/uploads\/2011\/03\/Imp.-u.-Phase.jpg\" alt=\"Imp. u. Phase\" width=\"799\" height=\"503\" srcset=\"https:\/\/www.donhighend.de\/wp-content\/uploads\/2011\/03\/Imp.-u.-Phase.jpg 799w, https:\/\/www.donhighend.de\/wp-content\/uploads\/2011\/03\/Imp.-u.-Phase-300x189.jpg 300w\" sizes=\"auto, (max-width: 799px) 100vw, 799px\" \/><\/a>Impedanz und Phase<\/p>\n<p>&nbsp;<\/p>\n<p>&nbsp;<\/p>\n<p><a href=\"https:\/\/www.donhighend.de\/wp-content\/uploads\/2011\/03\/Bauplan.jpg\"><img loading=\"lazy\" decoding=\"async\" class=\"aligncenter size-full wp-image-2592\" src=\"https:\/\/www.donhighend.de\/wp-content\/uploads\/2011\/03\/Bauplan.jpg\" alt=\"Bauplan\" width=\"800\" height=\"663\" srcset=\"https:\/\/www.donhighend.de\/wp-content\/uploads\/2011\/03\/Bauplan.jpg 800w, https:\/\/www.donhighend.de\/wp-content\/uploads\/2011\/03\/Bauplan-300x249.jpg 300w\" sizes=\"auto, (max-width: 800px) 100vw, 800px\" \/><\/a>Bauplan Modipo<\/p>\n<p style=\"text-align: justify;\">Die Baupl\u00e4ne sind f\u00fcr private Nutzung freigegeben. Jegliche Form der gewerblichen Nutzung oder Verbreitung ohne vorherige Absprache ist untersagt und wird strafrechtlich verfolgt.<\/p>\n<p>&nbsp;<\/p>\n<p>Klang + Ton urteilte<span style=\"color: #ffffff;\">ffff<\/span><\/p>\n<blockquote>\n<h4 style=\"text-align: justify;\"><span style=\"color: #ff6600;\">In unserem H\u00f6rraum erwies sich die MoDiPo als erstaunlich aufstellungsunkritisch \u2013 dennoch sollte man den Anteil des reflektierten r\u00fcckw\u00e4rtigen Schalls im eigenen H\u00f6rraum immer auf der Rechnung haben, bevor man ein solches Projekt realisieren m\u00f6chte. Der Bass kann das halten, was die Messungen versprechen \u2013 er geht ungeheuer tief hinunter und besitzt eine ganz eigene selbstverst\u00e4ndliche Autorit\u00e4t. Faszinierend wie immer bei einem Dipolbass ist das vermeintlich ansatzlose Entstehen der tiefen T\u00f6ne, die einfach da sind und dann wieder ohne Wummern verklingen \u2013 perfekt. Der Mittelt\u00f6ner macht einen ordentlichen Job \u2013 hier sehe ich aber in Sachen Neutralit\u00e4t noch Verbesserungspotenzial, vor allem hinsichtlich des Preises: Die drei Tieft\u00f6ner kosten zusammen \u00fcber hundert Euro, da k\u00f6nnte man auch f\u00fcr das \u201eHauptchassis\u201c etwas mehr als 15 Euro investieren. Die beiden Hocht\u00f6ner klingen sehr gut \u2013 mit genau jener Mischung aus Detailliertheit und Glanz, die solche Chassis ausmachen. Mit der MoDiPo wird ein hoch interessantes Lautsprecherkonzept verwirklicht \u2013 ein Dipol mit kontrolliertem Abstrahlverhalten, der sich relativ unproblematisch aufstellen l\u00e4sst. F\u00fcr sich genommen eine sehr gute Box \u2013 die man aber auch als gedankliche Basis f\u00fcr eigene Konzepte verwenden kann. <\/span><\/h4>\n<\/blockquote>\n<p>&nbsp;<\/p>\n<p>Bertramxxl aus dem DIY-HiFi-Forum schrieb:<span style=\"color: #ffffff;\">ffff<\/span><\/p>\n<blockquote>\n<h4 style=\"text-align: justify;\"><span style=\"color: #ff6600;\">Hallo, durch g\u00fcnstige Umst\u00e4nde und etwas Hartn\u00e4ckigkeit meinerseits ist die Modipo seit Samstagabend Besucher in meinem Wohnzimmer&#8230;<\/span><\/h4>\n<h4 style=\"text-align: justify;\"><span style=\"color: #ff6600;\">&#8230;Was mir sofort aufgefallen ist, der niedrige Wirkungsgrad, den K+T gemessen hat, kann nicht stimmen! Da klafft zwischen RAR Messung und dem Verhalten im realen (Halbraum) eine L\u00fccke von 4-6db, die zugunsten der Modipo wirken!<\/span><\/h4>\n<h4 style=\"text-align: justify;\"><span style=\"color: #ff6600;\">Drei 10 Z\u00f6ller pro Seite=SD 1038 qcm! Das ist mehr als ein (theoretisches) 17,x Zoll Lautsprecherchassis!! Und das h\u00f6rt man nicht nur, das kann man sogar f\u00fchlen! Dass kein mir Bekannter 15 Z\u00f6ller soooo tief runter geht nur mal am Rande erw\u00e4hnt! Wenns doch einen gibt, kostet der aber bestimmt auch mehr als die 160\u20ac, die alle 3 Monacor 10er zusammen auf die Waage bringen!!? Und das Beste dabei: es dr\u00f6ht nix, wirklich absolut nix! Bernds Orgel CD&#8217;s w\u00e4ren darauf der Wahn!! Bei der Menge an Tieftonenergie im Raum einfach nur erstaunlich!! Warum sperren wir gleich nochmal Chassis in Kisten ein und \u00e4rgern uns mit dem r\u00fcckw\u00e4rtigen Schall rum??? Achso, akustischer Kurzschluss und soweiter, ich erinnere mich! Die Modipo beweist, dass es jenseits aller praktischen Erw\u00e4gungen und der Theorie einfach hervorragend passt, wenn die Membranen &#8222;frei atmen&#8220; k\u00f6nnen, und das funktioniert auch noch bei Pegeln, die jenseits der Menschlichkeit liegen, ganz \u00fcberzeugend!<\/span><\/h4>\n<h4 style=\"text-align: justify;\"><span style=\"color: #ff6600;\">\u00dcbrigens, andersrum wird auch ein Schuh draus: Ich habe noch niemals einen Lautsprecher geh\u00f6rt, der bei 60 db (gemessen!!) und darunter schon so komplett &#8222;da&#8220; ist. Also auch Gro\u00dforchestrales komplett zu Geh\u00f6r bringt. Meist fehlt da einiges, und die allermeisten Lautsprecher wachen da \u00fcberhaupt noch nicht auf! Die Modipo schon.<\/span><\/h4>\n<h4 style=\"text-align: justify;\"><span style=\"color: #ff6600;\">Die n\u00e4chste Schokoladenseite ist der Sweet Spot! Obwohl es den strenggenommen gar nicht gibt! Wie das? Nun, es ist sogut wie egal ob man steht, sitzt oder liegt und das auch noch unabh\u00e4ngig wo zwischen den Lautsprechern man sich aufh\u00e4lt! Ich mache mich jetzt mal nochwas angreifbarer und erz\u00e4hle etwas v\u00f6llig unm\u00f6gliches! W\u00e4hrend ich dies hier schreibe, sitze ich auf der Linie der Lautsprecher ca. einen knappen Meter neben der rechten Box und h\u00f6re sehr sehr gut was links l\u00e4uft! Nicht wirklich Stereo, aber verdammt nahe dran. Geht nicht? Doch, geht! Dipol machts m\u00f6glich&#8230;.<\/span><\/h4>\n<h4 style=\"text-align: justify;\"><span style=\"color: #ff6600;\">Ich hatte ja etwas Bedenken, dass im Diffusschall die Ortung leidet. Normalerweise bin ich sehr f\u00fcr, wie ich es nenne, informative Lautsprecher. Breite und Tiefe der imagin\u00e4ren B\u00fchne, am Liebsten noch mit einer glaubhaften H\u00f6henabbildung \/ Staffelung sind f\u00fcr mich die K\u00fcr bei hochwertigen Lautsprechern. Keine Tonalen Ausrei\u00dfer und insgesamt stimmige Wiedergabe die Pflicht.<\/span><br \/>\n<span style=\"color: #ff6600;\"> Nach diesen Kriterien geurteilt, kann ich sagen: Pflicht zu 100% erf\u00fcllt. Nichts unangenehmes zu H\u00f6ren, die Tendenz ist eher auf der warmen Seite, und alle Bereiche spielen bruchlos zusammen.<\/span><\/h4>\n<h4 style=\"text-align: justify;\"><span style=\"color: #ff6600;\">Ein Lautsprecher f\u00fcr echte Klassikfreunde ist die Modipo allerdings nicht in jedem Fall. Und das liegt an der mitunter fehlenden Luftigkeit. Dies ist nicht auf die H\u00f6hen bezogen, die \u00fcberraschen und \u00fcberzeugen sehr! Es ist eher der Mittelton der nicht bei jeder Aufnahme die letzten Details verr\u00e4t. Bei Yello\/Kraftwerk\/Portishead und Konsorten kein Thema! Bei guten CDs von Chesky,Tacet, Dorian oder den Rudy van Geldern Remasters von Blue Note Klassikern fehlt mir manchmal etwas Lebendigkeit und B\u00fchnenbreite. Das ist Bestimmt kein Problem des Dipol Prinzips. Ich glaube ein deutlich besserer Mittelt\u00f6ner w\u00fcrde die Modipo auf ein atemberaubendes Niveau bringen k\u00f6nnen. Was ich hier kritisch formuliere ist allerdings Meckern auf ganz ganz hohem Niveau! Ich habe beispielsweise keinen alternativen Mittelt\u00f6ner, den ich empfehlen w\u00fcrde, da fehlt mir schlicht die Erfahrung f\u00fcr! Aber ich mu\u00df auch keine Eier legen k\u00f6nnen um zu wissen ob mir das Fr\u00fchst\u00fccksei schmeckt.<\/span><\/h4>\n<h4 style=\"text-align: justify;\"><span style=\"color: #ff6600;\">Ich hoffe das mir die kritischen Annmerkungen nicht zu negativ geraten sind. Das w\u00fcrde der Modipo n\u00e4mlich nicht gerecht<\/span> <span style=\"color: #ff6600;\">werden! Sie ist ein sehr emfehlenswerter Lautsprecher, der Unglaubliches vollbringt und eben auch (eine) Schw\u00e4che hat. Wie sogut wie jeder Lautsprecher den ich kenne. Irgendwas ist immer. Meine Referenzlautsprecher von Fischer&amp;Fischer (immerhin 14000\u20ac Teuer) machen eben auch nicht alles Perfekt&#8230;<\/span><\/h4>\n<h4 style=\"text-align: justify;\"><span style=\"color: #ff6600;\">Die Modipo ist ja eigentlich, von ihren Abma\u00dfen und ihrem Gewicht her, ein halbes Hemd! Wer eine kleine Box sucht, die einen riesengro\u00dfen Klangeindruck erzeugen kann, sollte sie auf jeden Fall mal anh\u00f6ren oder einfach nachbauen! F\u00fcr mich hat sich das Warten auf die Modipo auf jeden Fall gelohnt. Gl\u00fcckwunsch an Alex, Rudolf und Franky.<\/span><\/h4>\n<\/blockquote>\n<p style=\"text-align: justify;\">Black-Devil fand:<\/p>\n<blockquote>\n<h4 style=\"text-align: justify;\"><span style=\"color: #ff6600;\">Dipole sind ja immer so eine Sache. Dieser hier konnte aber voll \u00fcberzeugen. Erstaunt war ich vor allem \u00fcber den, f\u00fcr einen Dipol mit doch sehr \u00fcberschaubaren Abmessungen, kr\u00e4ftigen Bass. Sogar ordentlich Druck wurde erzeugt, viele Dipole lassen ja oft k\u00f6rperlich sp\u00fcrbare Eindr\u00fccke vermissen. Die Mittel-Hochton-Sektion besteht &#8211; typisch Alex &#8211; aus eher g\u00fcnstigen aber guten Chassis und machte ebenfalls alles richtig. Das ist schon verdammt gut und erinnerte ein wenig an gro\u00dfe Elektrostaten.<\/span><\/h4>\n<p>&nbsp;<\/p><\/blockquote>\n","protected":false},"excerpt":{"rendered":"<p>Derzeit in der Entwicklung&#8230; Kurz vor der Fertigstellung&#8230; Wird gerade f\u00fcr die Pr\u00e4sentation in der Fachpresse aufgeh\u00fcbscht&#8230; Ist fertig und wartet auf Ihre Pr\u00e4sentation&#8230; Ver\u00f6ffentlicht in der Klang und Ton Ausgabe 05\/2011 ggggg Vorabinfo: Die MoDiPo ist ein markenreiner, mit preiswerten Chassis aus dem Monacor Portfolio aufgebauter, passiver Vollbereichsdipol mit einer Gesamtbreite von unter 30 &hellip; <\/p>\n<p><a class=\"more-link btn\" href=\"https:\/\/www.donhighend.de\/?page_id=558\">Weiterlesen<\/a><\/p>\n","protected":false},"author":1,"featured_media":761,"parent":1709,"menu_order":995,"comment_status":"open","ping_status":"closed","template":"","meta":{"footnotes":""},"class_list":["post-558","page","type-page","status-publish","has-post-thumbnail","hentry","nodate","item-wrap"],"_links":{"self":[{"href":"https:\/\/www.donhighend.de\/index.php?rest_route=\/wp\/v2\/pages\/558","targetHints":{"allow":["GET"]}}],"collection":[{"href":"https:\/\/www.donhighend.de\/index.php?rest_route=\/wp\/v2\/pages"}],"about":[{"href":"https:\/\/www.donhighend.de\/index.php?rest_route=\/wp\/v2\/types\/page"}],"author":[{"embeddable":true,"href":"https:\/\/www.donhighend.de\/index.php?rest_route=\/wp\/v2\/users\/1"}],"replies":[{"embeddable":true,"href":"https:\/\/www.donhighend.de\/index.php?rest_route=%2Fwp%2Fv2%2Fcomments&post=558"}],"version-history":[{"count":38,"href":"https:\/\/www.donhighend.de\/index.php?rest_route=\/wp\/v2\/pages\/558\/revisions"}],"predecessor-version":[{"id":9969,"href":"https:\/\/www.donhighend.de\/index.php?rest_route=\/wp\/v2\/pages\/558\/revisions\/9969"}],"up":[{"embeddable":true,"href":"https:\/\/www.donhighend.de\/index.php?rest_route=\/wp\/v2\/pages\/1709"}],"wp:featuredmedia":[{"embeddable":true,"href":"https:\/\/www.donhighend.de\/index.php?rest_route=\/wp\/v2\/media\/761"}],"wp:attachment":[{"href":"https:\/\/www.donhighend.de\/index.php?rest_route=%2Fwp%2Fv2%2Fmedia&parent=558"}],"curies":[{"name":"wp","href":"https:\/\/api.w.org\/{rel}","templated":true}]}}