{"id":521,"date":"2011-03-11T20:43:04","date_gmt":"2011-03-11T20:43:04","guid":{"rendered":"http:\/\/www.donhighend.de\/?page_id=521"},"modified":"2024-06-13T12:21:08","modified_gmt":"2024-06-13T11:21:08","slug":"point-seventy","status":"publish","type":"page","link":"https:\/\/www.donhighend.de\/?page_id=521","title":{"rendered":"Point Seventy"},"content":{"rendered":"<p><a href=\"https:\/\/www.donhighend.de\/wp-content\/uploads\/2011\/03\/Point-Seventy.png\"><img loading=\"lazy\" decoding=\"async\" class=\"aligncenter size-full wp-image-1112\" title=\"Point Seventy\" src=\"https:\/\/www.donhighend.de\/wp-content\/uploads\/2011\/03\/Point-Seventy.png\" alt=\"\" width=\"480\" height=\"640\" srcset=\"https:\/\/www.donhighend.de\/wp-content\/uploads\/2011\/03\/Point-Seventy.png 480w, https:\/\/www.donhighend.de\/wp-content\/uploads\/2011\/03\/Point-Seventy-225x300.png 225w\" sizes=\"auto, (max-width: 480px) 100vw, 480px\" \/><\/a><\/p>\n<p>&nbsp;<\/p>\n<p style=\"text-align: justify;\">Einem Sonderangebot, welches der Frankfurter Lautsprechervertrieb <strong><a href=\"http:\/\/oaudio.de\/\" target=\"_blank\" rel=\"noopener noreferrer\"><span style=\"color: #0000ff;\">BPA<\/span><\/a><\/strong> vor einigen Wochen feil bot, konnte ich nicht widerstehen. Der <strong><a href=\"http:\/\/oaudio.de\/media\/products\/23d420b5961e35faf11.pdf\" target=\"_blank\" rel=\"noopener noreferrer\"><span style=\"color: #0000ff;\">Markaudio CHP70<\/span><\/a><\/strong> wurde zum Paarpreis von 45,00 Euro angeboten. Das bedeutet eine Einsparung von \u00fcber 35% auf den Normalpreis von 70,00 Euro. Ich war also quasi gezwungen, die Teile zu bestellen.<\/p>\n<p>&nbsp;<\/p>\n<p style=\"text-align: center;\"><a href=\"https:\/\/www.donhighend.de\/wp-content\/uploads\/2011\/03\/CHP702.png\"><img loading=\"lazy\" decoding=\"async\" class=\"aligncenter size-full wp-image-1116\" title=\"CHP70\" src=\"https:\/\/www.donhighend.de\/wp-content\/uploads\/2011\/03\/CHP702.png\" alt=\"\" width=\"550\" height=\"416\" srcset=\"https:\/\/www.donhighend.de\/wp-content\/uploads\/2011\/03\/CHP702.png 550w, https:\/\/www.donhighend.de\/wp-content\/uploads\/2011\/03\/CHP702-300x226.png 300w\" sizes=\"auto, (max-width: 550px) 100vw, 550px\" \/><\/a>Markaudio CHP70 (MK1)<\/p>\n<p>&nbsp;<\/p>\n<p style=\"text-align: justify;\">Die TSP der Chassis liessen mich zun\u00e4chst an ein Experiment in einem hochpassgefilterten Bassreflexgeh\u00e4use denken. Verlockende 30 Hz untere Grenzfrequenz\u00a0 lie\u00df die Simulation mittels AJHorn in einem 18 Liter BR Geh\u00e4use erwarten, wie die rote Kurve der unteren Abbildung zeigt.<\/p>\n<p>&nbsp;<\/p>\n<p><a href=\"https:\/\/www.donhighend.de\/wp-content\/uploads\/2011\/03\/p70-simu.png\"><img loading=\"lazy\" decoding=\"async\" class=\"aligncenter size-full wp-image-527\" title=\"p70 simu\" src=\"https:\/\/www.donhighend.de\/wp-content\/uploads\/2011\/03\/p70-simu.png\" alt=\"\" width=\"421\" height=\"261\" srcset=\"https:\/\/www.donhighend.de\/wp-content\/uploads\/2011\/03\/p70-simu.png 421w, https:\/\/www.donhighend.de\/wp-content\/uploads\/2011\/03\/p70-simu-300x185.png 300w\" sizes=\"auto, (max-width: 421px) 100vw, 421px\" \/><\/a><\/p>\n<p>&nbsp;<\/p>\n<p style=\"text-align: justify;\">Leider w\u00e4re die maximale Membranauslenkung in dieser Konfiguation jenseits von Gut und B\u00f6se gewesen und h\u00e4tte gewiss f\u00fcr einen schnellen mechanischen Tod des kleinen Chassis gesorgt.<\/p>\n<p style=\"text-align: justify;\">BR5 wurde also verworfen, und wie die schwarze Kurve der Simulation zeigt, reichts auch in einem normalen 12 Liter BR Geh\u00e4use locker bis 40 Hz hinunter, nat\u00fcrlich mit leichter Bassbetonung. Dies ist aber gerade bei kleinen Breitbandchassis nicht von Nachteil. Im Gegenteil, eine leicht &#8222;badewannige&#8220; Abstimmung verleiht solchen Lautsprechern meist genug Volumen im Bassbereich, sowie eine ausreichend kr\u00e4ftige Hochtonabstrahlung.<\/p>\n<p style=\"text-align: justify;\">Hier nun mal eine in Boxsim eingepflegte Messung des unbeschalteten Breitb\u00e4nders, jedoch ohne Nahfeldmessung. Der Pegel ist nicht kalibriert.<\/p>\n<p>&nbsp;<\/p>\n<p><a href=\"https:\/\/www.donhighend.de\/wp-content\/uploads\/2011\/03\/p70-Messung-in-Geh\u00e4use-unbeschaltet2.png\"><img loading=\"lazy\" decoding=\"async\" class=\"aligncenter size-medium wp-image-540\" title=\"p70 Messung in Geh\u00e4use unbeschaltet\" src=\"https:\/\/www.donhighend.de\/wp-content\/uploads\/2011\/03\/p70-Messung-in-Geh\u00e4use-unbeschaltet2-300x201.png\" alt=\"\" width=\"300\" height=\"201\" srcset=\"https:\/\/www.donhighend.de\/wp-content\/uploads\/2011\/03\/p70-Messung-in-Geh\u00e4use-unbeschaltet2-300x201.png 300w, https:\/\/www.donhighend.de\/wp-content\/uploads\/2011\/03\/p70-Messung-in-Geh\u00e4use-unbeschaltet2.png 822w\" sizes=\"auto, (max-width: 300px) 100vw, 300px\" \/><\/a><\/p>\n<p style=\"text-align: justify;\">Zwischen ca. 700 Hz und gut 3000 Hz steigt der Frequenzgang an, um nach einer kleinen Senke bis in den Hochtonbereich weiter zu klettern.<\/p>\n<p style=\"text-align: justify;\">Wie oben bereits erw\u00e4hnt, tut es Breitb\u00e4ndern meist gut, den Hochtonfrequenzgang steigend abzustimmen. Also lag das Hauptaugenmerk zun\u00e4chst darin, den Frequenzgang im Bereich zwischen 700 Hz und 3000 hz zu begradigen.<\/p>\n<p style=\"text-align: justify;\">Erfahrungen aus einem anderen Projekt mit einem kleinen Breitb\u00e4nder, welches sehr linear abgestimmt wurde, liessen mich aber zun\u00e4chst Versuche mit 3 Sperrkreisen vornehmen. Diese f\u00fchrten zwar zu einem glatten Frequenzgang bis in den Hochtonbereich, jedoch fehlte musikalisch etwas. Die Musik klang m\u00fcde und langweilig. Es mangelte an Hochton, und auch der Stimmbereich war unterbelichtet. Man kann sich das so vorstellen, als w\u00fcrde ein S\u00e4nger hinter einem Samtvorhang stehen.<\/p>\n<p style=\"text-align: justify;\">So wurde diese L\u00f6sung schnell verworfen und nach recht wenigen Versuchen stand fest, dass ein einziger Sperrkreis den CHP70 richtig aufbl\u00fchen l\u00e4sst.<\/p>\n<p><a href=\"https:\/\/www.donhighend.de\/wp-content\/uploads\/2011\/03\/p70-weiche.png\"><img loading=\"lazy\" decoding=\"async\" class=\"aligncenter size-full wp-image-533\" title=\"p70 weiche\" src=\"https:\/\/www.donhighend.de\/wp-content\/uploads\/2011\/03\/p70-weiche.png\" alt=\"\" width=\"299\" height=\"202\" \/><\/a><\/p>\n<p style=\"text-align: justify;\">Die simple Korrekturschaltung f\u00fchrt zu einem sehr linearen Frequenzgang bis fast 4000 Hz, um gefolgt von einer kleinen Senke, bis zum Hochtonbereich anzusteigen.<\/p>\n<p><a href=\"https:\/\/www.donhighend.de\/wp-content\/uploads\/2011\/03\/p70-winkel.png\"><img loading=\"lazy\" decoding=\"async\" class=\"aligncenter size-large wp-image-532\" title=\"p70 winkel\" src=\"https:\/\/www.donhighend.de\/wp-content\/uploads\/2011\/03\/p70-winkel-1024x640.png\" alt=\"\" width=\"645\" height=\"403\" srcset=\"https:\/\/www.donhighend.de\/wp-content\/uploads\/2011\/03\/p70-winkel-1024x640.png 1024w, https:\/\/www.donhighend.de\/wp-content\/uploads\/2011\/03\/p70-winkel-300x187.png 300w, https:\/\/www.donhighend.de\/wp-content\/uploads\/2011\/03\/p70-winkel.png 1440w\" sizes=\"auto, (max-width: 645px) 100vw, 645px\" \/><\/a><\/p>\n<p style=\"text-align: justify;\">Der Frequenzgang f\u00e4llt naturgem\u00e4\u00df schon unter Winkeln recht schnell ab. Am ausgeglichensten klingen die Lautsprecher unter einem Winkel von ca. 15 Grad. Die H\u00f6rentfernung sollte bei etwa 2 Metern liegen, ebenso ist dies die optimale Distanz zwischen den Lautsprechern. So aufgestellt glaubt man, einen deutlich gr\u00f6\u00dferen Lautsprecher vor sich zu haben. Hier trumpft der etwas kr\u00e4ftiger abgestimmte Bassbereich auf. Die Ortung ist sehr gut, der Lautsprecher produziert eine glaubhafte B\u00fchne. Es ist wirklich erstaunlich, wie gut das kleine Chassis aufl\u00f6st. Das h\u00e4tte ich nicht erwartet.<\/p>\n<p style=\"text-align: justify;\">Der CHP70 ist ein absoluter Kauftipp, auch zum regul\u00e4ren Preis&#8230;<\/p>\n<p style=\"text-align: justify;\"><strong>Hier einige Stimmen von Nachbauern der Point Seventy:<\/strong><\/p>\n<p>&nbsp;<\/p>\n<p style=\"text-align: justify;\">Der User &#8222;sayrum&#8220; aus dem DIY-HiFi-Forum schrieb<\/p>\n<blockquote>\n<h5 style=\"text-align: justify;\"><em><span style=\"color: #ff6600;\">Ich war baff, klangen angenehm homogen und Bass gabs auch. Nun ist der neue Besitzer gl\u00fccklich, gefallen ihm teilweise besser als seine B&amp;W Zweiweger. Werd im neuen Jahr mal Bilder machen&#8230;<\/span><\/em><\/h5>\n<h5 style=\"text-align: justify;\"><em><span style=\"color: #ff6600;\">Dank Dir f\u00fcr die Entwicklung!<\/span><\/em><\/h5>\n<\/blockquote>\n<p>&nbsp;<\/p>\n<p>&#8222;Eismann&#8220;, ebenfalls aus dem DIY-HiFi-Forum findet<\/p>\n<blockquote>\n<h5 style=\"text-align: justify;\"><em><span style=\"color: #ff6600;\">Also, gestern habe ich selbst geh\u00f6rt. Es ist wirklich sehr beeindruckend, was aus den Point Seventies heraus kommt. In den ersten Sekunden habe ich allen Ernstes gesucht, wo die Musik eigentlich her kommt. (Bei den vielen Boxen Alex&#8217;s Zimmer schon ein Suchspiel..)<\/span><\/em><br \/>\n<em><span style=\"color: #ff6600;\"> Und bei den Testracks waren nat\u00fcrlich auch ein paar gute Beispiele f\u00fcr r\u00e4umliche gelungene Aufnahmen dabei. Die B\u00fchne entstand prompt ein paar Meter hinter den Boxen. Jedes Instrument konnte man orten. Ich h\u00e4tte am liebsten mit dem Zollstock nach gemessen. Geh\u00f6rt habe ich \u00fcbrigens nicht genau auf Achse, sondern auf ca 15\u00b0. <\/span><\/em><br \/>\n<em><span style=\"color: #ff6600;\"> Zum Thema Grundton kann ich nur sagen: f\u00fcr diese kleinen Membranen mehr als genug.<\/span><\/em><br \/>\n<em><span style=\"color: #ff6600;\"> Man tut gut daran, im Nahfeld zu h\u00f6ren. Eine Entfernung \u00fcber 2m macht wahrscheinlich keinen Sinn, da werden die H\u00f6hen schon schw\u00e4cher. M\u00f6glicherweise eigent sich die Box gut f\u00fcr kleine Zimmer. <\/span><\/em><br \/>\n<em><span style=\"color: #ff6600;\"> Bei den Entzerrungen ist mir nichts seltsames aufgefallen. Allerdings fehlte mir dazu eigene Testst\u00fccke. <\/span><\/em><\/h5>\n<h5 style=\"text-align: justify;\"><em><span style=\"color: #ff6600;\"> Alles in allem ist die Point seventy einen Nachbau wert.<\/span><\/em><\/h5>\n<\/blockquote>\n<h4><\/h4>\n<p>User &#8222;Der Bastler&#8220; schrieb<\/p>\n<blockquote>\n<h5 style=\"text-align: justify;\"><em><span style=\"color: #ff6600;\">Die kleine Box klingt sch\u00f6n ausgewogen. Selbst Pegel kann sie f\u00fcr den nomalen Hausgebrauch ausreichend.<\/span><\/em><\/h5>\n<h5 style=\"text-align: justify;\"><em><span style=\"color: #ff6600;\"> F\u00fcr kleine Wohnzimmer, PC und TV unterst\u00fctzung bestimmt ideal. Und da BR einfach nachzubauen.<\/span><\/em><\/h5>\n<\/blockquote>\n<p>&nbsp;<\/p>\n<p>&#8222;Zeppi&#8220; findet folgende Worte<\/p>\n<blockquote>\n<h5 style=\"text-align: justify;\"><em><span style=\"color: #ff6600;\">Eigentlich zitiert man sich ja nicht selbst, aber ich mache es ausnahmsweise mal doch. Als ich sie gestern h\u00f6rte rutschte mir ein spontanes &#8222;die Kleine klingt aber auch gr\u00f6\u00dfer als sie ist!&#8220; <\/span><\/em><\/h5>\n<h5 style=\"text-align: justify;\"><em><span style=\"color: #ff6600;\"> Sie ist sehr anspringend und offen.<\/span><\/em><\/h5>\n<h5 style=\"text-align: justify;\"><em><span style=\"color: #ff6600;\"> Insgesamt ein lohnender Tipp f\u00fcr&#8217;s Nahfeld. Mehr braucht man da nicht!<\/span><\/em><\/h5>\n<\/blockquote>\n<p>&nbsp;<\/p>\n<p>Der Nachbauer &#8222;Rotel RA-980BX meint zu seiner &#8222;Point Seventy&#8220;<\/p>\n<blockquote>\n<h5 style=\"text-align: justify;\"><em><span style=\"color: #ff6600;\">Der Klang ist sch\u00f6n weich\/dezent und nicht zu analytisch, <\/span><span style=\"color: #ff6600;\">somit auf jeden Fall langzeittauglich. <\/span><span style=\"color: #ff6600;\">Der Bass ist absolut ausreichend <\/span><span style=\"color: #ff6600;\">und wirkt manch mal sogar volumin\u00f6s. <\/span><span style=\"color: #ff6600;\">Und das obwohl die LS gute 40cm von der Wand entfernt sind <\/span><span style=\"color: #ff6600;\">und der max. Basspegel nicht am H\u00f6rplatz herrscht. <\/span><span style=\"color: #ff6600;\">Einen Sub brauch man h\u00f6chstens, <\/span><span style=\"color: #ff6600;\">wenn man die BB von den ganz tiefen T\u00f6nen etwas entlasten will,\u00a0 <\/span><span style=\"color: #ff6600;\">um den max. Pegel etwas zu erh\u00f6hen.<\/span><\/em><\/h5>\n<h5 style=\"text-align: justify;\"><em><span style=\"color: #ff6600;\"> F\u00fcr kleinere R\u00e4ume ohne Partypegel-Anforderung, <\/span><span style=\"color: #ff6600;\">sind die LS so meiner Meinung nach perfekt.<\/span><\/em><\/h5>\n<h5 style=\"text-align: justify;\"><em><span style=\"color: #ff6600;\"> Hast Du gut gemacht Alex!<\/span><\/em><\/h5>\n<\/blockquote>\n<p>&nbsp;<\/p>\n<p>Kurzer und knapper Kommentar des DIY-HiFi-Forum Users &#8222;wolf-sascha&#8220;<\/p>\n<blockquote>\n<h5><em><span style=\"color: #ff6600;\">Ab sofort meine neuen PC-Lautsprecher. <\/span><span style=\"color: #ff6600;\">Wirklich herrlich. Danke, Alex!<\/span><\/em><\/h5>\n<\/blockquote>\n<p>&nbsp;<\/p>\n<p>Der DIY-HiFi-Forum User &#8222;Joern&#8220; hat eine abgewandelte Version der Point 70 in einem Fuzzy TML Geh\u00e4use mit identischer Frontwandbreite und mit Original Sperrkreis aufgebaut. Er schrieb mir per PN folgendes:<\/p>\n<blockquote>\n<h5 style=\"text-align: justify;\"><em><span style=\"color: #ff6600;\">Moin Alex<\/span><\/em><\/h5>\n<h5 style=\"text-align: justify;\"><em><span style=\"color: #ff6600;\">so, nun l\u00e4uft endlich die &#8222;Fuzzy&#8220;-Point70. <\/span><\/em><em><span style=\"color: #ff6600;\">Mu\u00dfte gegen\u00fcber der bisher im Thread gezeigten Version wieder etwas Bed\u00e4mpfung rausnehmen. <\/span><span style=\"color: #ff6600;\">Mit Deiner Original-Weiche. <\/span><span style=\"color: #ff6600;\">&#8222;Fuzzy&#8220; steht dem Treiber sehr gut &#8211; hatte den schon in der (\u00fcberarbeiteten) Hornkehle sowie BR. <\/span><\/em><em><span style=\"color: #ff6600;\">Die Musik ist selten &#8222;entschleunigt&#8220;, nix, was sich in den Vordergrund dr\u00e4ngt, einfach da. Super. <\/span><span style=\"color: #ff6600;\">Jetzt kommt der Treiber wieder raus &#8211; Geh\u00e4use lackieren, Front \u00f6len &#8211; das fertige Ergebnis werd ich dann mal posten. <\/span><\/em><em><span style=\"color: #ff6600;\">Danke f\u00fcr die gute Entwicklung !<\/span><\/em><\/h5>\n<h5 style=\"text-align: justify;\"><em><span style=\"color: #ff6600;\">Bis demn\u00e4chst.<\/span><\/em><br \/>\n<em><span style=\"color: #ff6600;\"> Gr\u00fc\u00dfe<\/span><\/em><br \/>\n<em><span style=\"color: #ff6600;\"> J\u00f6rn<\/span><\/em><\/h5>\n<\/blockquote>\n<p>&nbsp;<\/p>\n","protected":false},"excerpt":{"rendered":"<p>&nbsp; Einem Sonderangebot, welches der Frankfurter Lautsprechervertrieb BPA vor einigen Wochen feil bot, konnte ich nicht widerstehen. Der Markaudio CHP70 wurde zum Paarpreis von 45,00 Euro angeboten. Das bedeutet eine Einsparung von \u00fcber 35% auf den Normalpreis von 70,00 Euro. Ich war also quasi gezwungen, die Teile zu bestellen. &nbsp; Markaudio CHP70 (MK1) &nbsp; Die &hellip; <\/p>\n<p><a class=\"more-link btn\" href=\"https:\/\/www.donhighend.de\/?page_id=521\">Weiterlesen<\/a><\/p>\n","protected":false},"author":1,"featured_media":1112,"parent":1709,"menu_order":996,"comment_status":"open","ping_status":"closed","template":"","meta":{"footnotes":""},"class_list":["post-521","page","type-page","status-publish","has-post-thumbnail","hentry","nodate","item-wrap"],"_links":{"self":[{"href":"https:\/\/www.donhighend.de\/index.php?rest_route=\/wp\/v2\/pages\/521","targetHints":{"allow":["GET"]}}],"collection":[{"href":"https:\/\/www.donhighend.de\/index.php?rest_route=\/wp\/v2\/pages"}],"about":[{"href":"https:\/\/www.donhighend.de\/index.php?rest_route=\/wp\/v2\/types\/page"}],"author":[{"embeddable":true,"href":"https:\/\/www.donhighend.de\/index.php?rest_route=\/wp\/v2\/users\/1"}],"replies":[{"embeddable":true,"href":"https:\/\/www.donhighend.de\/index.php?rest_route=%2Fwp%2Fv2%2Fcomments&post=521"}],"version-history":[{"count":61,"href":"https:\/\/www.donhighend.de\/index.php?rest_route=\/wp\/v2\/pages\/521\/revisions"}],"predecessor-version":[{"id":6013,"href":"https:\/\/www.donhighend.de\/index.php?rest_route=\/wp\/v2\/pages\/521\/revisions\/6013"}],"up":[{"embeddable":true,"href":"https:\/\/www.donhighend.de\/index.php?rest_route=\/wp\/v2\/pages\/1709"}],"wp:featuredmedia":[{"embeddable":true,"href":"https:\/\/www.donhighend.de\/index.php?rest_route=\/wp\/v2\/media\/1112"}],"wp:attachment":[{"href":"https:\/\/www.donhighend.de\/index.php?rest_route=%2Fwp%2Fv2%2Fmedia&parent=521"}],"curies":[{"name":"wp","href":"https:\/\/api.w.org\/{rel}","templated":true}]}}