{"id":5107,"date":"2017-12-31T13:05:32","date_gmt":"2017-12-31T12:05:32","guid":{"rendered":"http:\/\/www.donhighend.de\/?page_id=5107"},"modified":"2021-07-06T18:54:02","modified_gmt":"2021-07-06T17:54:02","slug":"sale","status":"publish","type":"page","link":"https:\/\/www.donhighend.de\/?page_id=5107","title":{"rendered":"Sale"},"content":{"rendered":"<p><a href=\"https:\/\/www.ebay-kleinanzeigen.de\/s-bestandsliste.html?userId=22643505\" target=\"_blank\" rel=\"noopener\"><img loading=\"lazy\" decoding=\"async\" class=\"aligncenter size-full wp-image-8544\" src=\"https:\/\/www.donhighend.de\/wp-content\/uploads\/2021\/07\/Click-Here.jpg\" alt=\"\" width=\"425\" height=\"425\" srcset=\"https:\/\/www.donhighend.de\/wp-content\/uploads\/2021\/07\/Click-Here.jpg 425w, https:\/\/www.donhighend.de\/wp-content\/uploads\/2021\/07\/Click-Here-300x300.jpg 300w, https:\/\/www.donhighend.de\/wp-content\/uploads\/2021\/07\/Click-Here-150x150.jpg 150w\" sizes=\"auto, (max-width: 425px) 100vw, 425px\" \/><\/a><\/p>\n<p style=\"text-align: justify;\">Wenn man, wie ich, viele hervorragende Lautsprecher entwickelt, bleibt es nicht aus, dass sich der H\u00f6rraum nach und nach mit unz\u00e4hligen Boxen f\u00fcllt. Um einer hoffnungslosen \u00dcberflutung vorzubeugen, biete ich hier in verschiedenen Zeitr\u00e4umen einige meiner Lautsprecher zum Verkauf an. Grunds\u00e4tzlich gilt bei allen Angeboten, dass es sich um gebrauchte, jedoch oft nur kurz benutzte bzw. gemessene Ware im Privatverkauf handelt. Sachm\u00e4ngelhaftung, R\u00fccknahme, Nachverhandlungen und jegliche Garantie oder Gew\u00e4hrleistung sind ausgeschlossen. Komplette Lautsprecherboxen werden grunds\u00e4tzlich nicht versendet. F\u00fcr diese gilt ausschlie\u00dflich und ausnahmslos Selbstabholung.<\/p>\n<p>Ein Klick auf den obigen Button bef\u00f6rdert Sie direkt zu meinen Angeboten in den ebay-kleinanzeigen.<\/p>\n","protected":false},"excerpt":{"rendered":"<p>Wenn man, wie ich, viele hervorragende Lautsprecher entwickelt, bleibt es nicht aus, dass sich der H\u00f6rraum nach und nach mit unz\u00e4hligen Boxen f\u00fcllt. Um einer hoffnungslosen \u00dcberflutung vorzubeugen, biete ich hier in verschiedenen Zeitr\u00e4umen einige meiner Lautsprecher zum Verkauf an. Grunds\u00e4tzlich gilt bei allen Angeboten, dass es sich um gebrauchte, jedoch oft nur kurz benutzte &hellip; <\/p>\n<p><a class=\"more-link btn\" href=\"https:\/\/www.donhighend.de\/?page_id=5107\">Weiterlesen<\/a><\/p>\n","protected":false},"author":1,"featured_media":0,"parent":0,"menu_order":7,"comment_status":"closed","ping_status":"closed","template":"","meta":{"footnotes":""},"class_list":["post-5107","page","type-page","status-publish","hentry","nodate","item-wrap"],"_links":{"self":[{"href":"https:\/\/www.donhighend.de\/index.php?rest_route=\/wp\/v2\/pages\/5107","targetHints":{"allow":["GET"]}}],"collection":[{"href":"https:\/\/www.donhighend.de\/index.php?rest_route=\/wp\/v2\/pages"}],"about":[{"href":"https:\/\/www.donhighend.de\/index.php?rest_route=\/wp\/v2\/types\/page"}],"author":[{"embeddable":true,"href":"https:\/\/www.donhighend.de\/index.php?rest_route=\/wp\/v2\/users\/1"}],"replies":[{"embeddable":true,"href":"https:\/\/www.donhighend.de\/index.php?rest_route=%2Fwp%2Fv2%2Fcomments&post=5107"}],"version-history":[{"count":8,"href":"https:\/\/www.donhighend.de\/index.php?rest_route=\/wp\/v2\/pages\/5107\/revisions"}],"predecessor-version":[{"id":8545,"href":"https:\/\/www.donhighend.de\/index.php?rest_route=\/wp\/v2\/pages\/5107\/revisions\/8545"}],"wp:attachment":[{"href":"https:\/\/www.donhighend.de\/index.php?rest_route=%2Fwp%2Fv2%2Fmedia&parent=5107"}],"curies":[{"name":"wp","href":"https:\/\/api.w.org\/{rel}","templated":true}]}}