{"id":5029,"date":"2017-12-13T09:59:36","date_gmt":"2017-12-13T08:59:36","guid":{"rendered":"http:\/\/www.donhighend.de\/?page_id=5029"},"modified":"2024-06-13T12:30:40","modified_gmt":"2024-06-13T11:30:40","slug":"xanthippe-mein-d-a-u-wichtelprojekt","status":"publish","type":"page","link":"https:\/\/www.donhighend.de\/?page_id=5029","title":{"rendered":"Xanthippe &#8211;  Mein D.A.U. Wichtelprojekt"},"content":{"rendered":"<p><img loading=\"lazy\" decoding=\"async\" class=\"aligncenter wp-image-7061 size-full\" src=\"https:\/\/www.donhighend.de\/wp-content\/uploads\/2020\/07\/Titelbild-neu.jpg\" alt=\"\" width=\"261\" height=\"640\" srcset=\"https:\/\/www.donhighend.de\/wp-content\/uploads\/2020\/07\/Titelbild-neu.jpg 261w, https:\/\/www.donhighend.de\/wp-content\/uploads\/2020\/07\/Titelbild-neu-122x300.jpg 122w\" sizes=\"auto, (max-width: 261px) 100vw, 261px\" \/><\/p>\n<p style=\"text-align: justify;\">Wir Jungs vom D.A.U. hatten letztes Jahr die verr\u00fcckte Idee, anl\u00e4\u00dflich des Weihnachtsfestes zu wichteln. Als besondere Aufgabe muss jeder Bewichtelte mit den geschenkten Chassis bis zum n\u00e4chsten D.A.U. Treffen ein irgendwie geartetes Lautsprecherprojekt realisieren. Als ich vor einigen Tagen mein Paket entgegennehmen durfte und sofort \u00f6ffnete, staunte ich nicht nicht schlecht. Ich hatte ein Paar flammneuer 6,5 Zoll Chassis des Herstellers HK-Audio erhalten.<\/p>\n<p><img loading=\"lazy\" decoding=\"async\" class=\"aligncenter size-full wp-image-5079\" src=\"https:\/\/www.donhighend.de\/wp-content\/uploads\/2017\/12\/ML-6.jpg\" alt=\"\" width=\"640\" height=\"640\" srcset=\"https:\/\/www.donhighend.de\/wp-content\/uploads\/2017\/12\/ML-6.jpg 640w, https:\/\/www.donhighend.de\/wp-content\/uploads\/2017\/12\/ML-6-150x150.jpg 150w, https:\/\/www.donhighend.de\/wp-content\/uploads\/2017\/12\/ML-6-300x300.jpg 300w\" sizes=\"auto, (max-width: 640px) 100vw, 640px\" \/><\/p>\n<p style=\"text-align: center;\">HK-Audio ML 6<\/p>\n<p>&nbsp;<\/p>\n<p style=\"text-align: justify;\">Die Chassis erinnern mit ihrem Ohrenkorb und der einfachen, unbeschichteten Pappmembran ein wenig an die vielen seligen Westra KW160 Typen. Naja, dachte ich, was wirst Du damit wohl anstellen? Eine TSP-Messung verschaffte schnell Klarheit dar\u00fcber, wie ich die guten St\u00fccke einsetzen k\u00f6nnte.<\/p>\n<p><img loading=\"lazy\" decoding=\"async\" class=\"aligncenter size-full wp-image-5084\" src=\"https:\/\/www.donhighend.de\/wp-content\/uploads\/2017\/12\/TSP.png\" alt=\"\" width=\"835\" height=\"735\" srcset=\"https:\/\/www.donhighend.de\/wp-content\/uploads\/2017\/12\/TSP.png 835w, https:\/\/www.donhighend.de\/wp-content\/uploads\/2017\/12\/TSP-300x264.png 300w, https:\/\/www.donhighend.de\/wp-content\/uploads\/2017\/12\/TSP-768x676.png 768w\" sizes=\"auto, (max-width: 835px) 100vw, 835px\" \/><\/p>\n<p style=\"text-align: justify;\">Der TSP-Satz schreit mit der Gesamtg\u00fcte um 0,5 nach dem Einsatz in einer TQWT. Die durch eine recht harte Einspannung hohe Fs von 76 Hz f\u00fchrt mit dem entsprechend kleinen \u00c4quivalentvolumen zu einem moderaten Geh\u00e4usevolumen, das eine untere Grenzfrequenz im Bereich von 45 Hz in Aussicht stellt.<\/p>\n<p><img loading=\"lazy\" decoding=\"async\" class=\"aligncenter size-full wp-image-5092\" src=\"https:\/\/www.donhighend.de\/wp-content\/uploads\/2017\/12\/Simu-TQWT.jpg\" alt=\"\" width=\"523\" height=\"398\" srcset=\"https:\/\/www.donhighend.de\/wp-content\/uploads\/2017\/12\/Simu-TQWT.jpg 523w, https:\/\/www.donhighend.de\/wp-content\/uploads\/2017\/12\/Simu-TQWT-300x228.jpg 300w\" sizes=\"auto, (max-width: 523px) 100vw, 523px\" \/><\/p>\n<p style=\"text-align: justify;\">Die Tatsache, dass das ML 6 benannte Chassis aktuell sowohl bei einigen H\u00e4ndlern, als auch bei\u00a0<a href=\"https:\/\/service.hkaudio.com\/en\/product\/ml-6-speaker\/?v=3a52f3c22ed6\" target=\"_blank\" rel=\"noopener noreferrer\"><strong><span style=\"color: #ff0000;\">HK-Audio<\/span><\/strong><\/a> selbst als Serviceware zu rund 32,00 Euro erh\u00e4ltlich ist, hat mich dazu inspiriert, einen einfachen Bausatz auf Basis des ML 6 zu entwickeln.<\/p>\n<p style=\"text-align: justify;\">Nat\u00fcrlich soll der Preis des begleitenden HT dem des ML 6 angemessen sein, aber dennoch ein gutes Gesamtergebnis der Box in Aussicht stellen. Da der ML6 als 4 \u03a9 Chassis einen recht hohen Kennschalldruck aufweist, muss der zuspielnde Hocht\u00f6ner ebenfalls einer von der lauteren Sorte sein. Zudem ist wegen eines nicht allzu sauberen Amplitudenverlaufs des TMT eine niedrige Trennfrequenz vonn\u00f6ten. Als geeigneter Kandidat empfiehlt sich mit seinem derzeitigen Marktpreis von 21,00 Euro der Gradient GDX104W. Der Hocht\u00f6ner, ebenfalls ein 4\u00a0\u03a9 Typ, bietet f\u00fcr seinen geringen Preis eine\u00a0 25 mm Kalotte, die in einer konvexen Frontplatte sitzt, welche die Abstrahlung \u00e4hnlich wie ein Waveguide beeinflusst. Der Schalldruck steigt in Richtung der Trennfrequenz an. Somit l\u00e4sst sich eine akustisch niedrige Trennfrequenz einstellen, ohne das Chassis elektrisch zu sehr zu belasten. Mit seinen 6 Schraubl\u00f6chern und einer Gummikappe \u00fcber seinem Magneten macht das Chassis einen ordentlichen Eindruck.<\/p>\n<p style=\"text-align: center;\"><img loading=\"lazy\" decoding=\"async\" class=\"aligncenter size-full wp-image-5234\" src=\"https:\/\/www.donhighend.de\/wp-content\/uploads\/2018\/04\/GDX104W.jpg\" alt=\"\" width=\"640\" height=\"640\" srcset=\"https:\/\/www.donhighend.de\/wp-content\/uploads\/2018\/04\/GDX104W.jpg 640w, https:\/\/www.donhighend.de\/wp-content\/uploads\/2018\/04\/GDX104W-150x150.jpg 150w, https:\/\/www.donhighend.de\/wp-content\/uploads\/2018\/04\/GDX104W-300x300.jpg 300w\" sizes=\"auto, (max-width: 640px) 100vw, 640px\" \/>Gradient GDX104W<\/p>\n<p>&nbsp;<\/p>\n<p style=\"text-align: justify;\">Die Messung des unbeschalteten ML6 im vorgesehenen Geh\u00e4use zeigt, dass der Amplitudenverlauf nicht der sauberste ist. Unter &#8222;normalen&#8220; Umst\u00e4nden h\u00e4tte ich dieses Chassis nicht gew\u00e4hlt, aber ich stand nun mal in der Pflicht, das Wichtelgeschenk zu verwenden.<\/p>\n<p style=\"text-align: center;\"><img loading=\"lazy\" decoding=\"async\" class=\"aligncenter size-full wp-image-5241\" src=\"https:\/\/www.donhighend.de\/wp-content\/uploads\/2018\/04\/ML-6-unbeschaltet.png\" alt=\"\" width=\"823\" height=\"542\" srcset=\"https:\/\/www.donhighend.de\/wp-content\/uploads\/2018\/04\/ML-6-unbeschaltet.png 823w, https:\/\/www.donhighend.de\/wp-content\/uploads\/2018\/04\/ML-6-unbeschaltet-300x198.png 300w, https:\/\/www.donhighend.de\/wp-content\/uploads\/2018\/04\/ML-6-unbeschaltet-768x506.png 768w\" sizes=\"auto, (max-width: 823px) 100vw, 823px\" \/>ML6 unbeschaltet auf Achse<\/p>\n<p>&nbsp;<\/p>\n<p style=\"text-align: justify;\">Die Sickenresonanz bei ca. 1,3 kHz Hz zeigt sich auch im Impedanzverlauf. Oberhalb von 2 kHz bricht die Membran in Resonanzen auf, die eine Trennfrequenz m\u00f6glichst unterhalb von 2 kHz notwendig machen. Auch diese Resonanzen sind in der Impedanzkurve erkennbar.<\/p>\n<p>Auch der GDX104W spielt in der Front nicht ultrasauber.<\/p>\n<p style=\"text-align: center;\"><img loading=\"lazy\" decoding=\"async\" class=\"aligncenter size-full wp-image-5243\" src=\"https:\/\/www.donhighend.de\/wp-content\/uploads\/2018\/04\/GDX104W-unbeschaltet.png\" alt=\"\" width=\"821\" height=\"547\" srcset=\"https:\/\/www.donhighend.de\/wp-content\/uploads\/2018\/04\/GDX104W-unbeschaltet.png 821w, https:\/\/www.donhighend.de\/wp-content\/uploads\/2018\/04\/GDX104W-unbeschaltet-300x200.png 300w, https:\/\/www.donhighend.de\/wp-content\/uploads\/2018\/04\/GDX104W-unbeschaltet-768x512.png 768w\" sizes=\"auto, (max-width: 821px) 100vw, 821px\" \/>GDX104W unbeschaltet auf Achse<\/p>\n<p>&nbsp;<\/p>\n<p style=\"text-align: justify;\">Die Unregelm\u00e4ssigkeiten im oberen Hochtonbereich sind teilweise auf Effekte von Kantendiffraktion zur\u00fcckzuf\u00fchren. Sehr sch\u00f6n zu sehen ist der Schalldruckanstieg zu tiefen Frequenzen hin, der eine problemlose tiefe akustische Trennung bei entsprechender Betriebssicherheit erm\u00f6glicht. In der Praxis kompensiert ein eigentlich &#8222;zu kleiner&#8220; Kondensator den Anstieg, und die elektrische Trennfrequenz rutscht ein gutes St\u00fcck weiter nach oben. Die asymmetrische Anordnung des GDX104W sorgt zudem daf\u00fcr, dass das Abstrahlverhalten des Lautsprechers in beide Richtungen vertretbar bleibt. Nat\u00fcrlich gibt es bei einer solchen Anordnung immer eine &#8222;Schokoladenseite&#8220;. Doch dazu sp\u00e4ter mehr&#8230;<\/p>\n<p style=\"text-align: justify;\">Wie es sich f\u00fcr ein Wichtelprojekt geh\u00f6rt, waren m\u00f6glichst geringe Kosten, die zu einem sehr guten P\/L Verh\u00e4ltnis f\u00fchren, unverr\u00fcckbar gesetzt. Nat\u00fcrlich galt das auch f\u00fcr die Frequenzweiche. Die Schaltung sollte trotz einfacher und somit preiswerter Gestaltung\u00a0 zu einem ordentlichen Gesamtergebnis f\u00fchren. Nach kurzem Simulationsaufwand lie\u00df sich in Boxsim folgender Amplitudenverlauf einstellen:<\/p>\n<p style=\"text-align: center;\"><img loading=\"lazy\" decoding=\"async\" class=\"aligncenter size-full wp-image-5245\" src=\"https:\/\/www.donhighend.de\/wp-content\/uploads\/2018\/04\/Simu-final.png\" alt=\"\" width=\"825\" height=\"514\" srcset=\"https:\/\/www.donhighend.de\/wp-content\/uploads\/2018\/04\/Simu-final.png 825w, https:\/\/www.donhighend.de\/wp-content\/uploads\/2018\/04\/Simu-final-300x187.png 300w, https:\/\/www.donhighend.de\/wp-content\/uploads\/2018\/04\/Simu-final-768x478.png 768w\" sizes=\"auto, (max-width: 825px) 100vw, 825px\" \/>Simulation Xanthippe auf Achse<\/p>\n<p>&nbsp;<\/p>\n<p style=\"text-align: justify;\">Nat\u00fcrlich h\u00e4tte ich mit einem nicht unerheblichen Mehraufwand an Bauteilen eine glattere Kurve erzielen k\u00f6nnen, doch das war nicht das Ziel. Die niedrige akustische Trennfrequenz ist ebenso sichtbar, wie die einwandfrei symmetrischen Flanken im \u00dcbernahmebereich. Der 6dB unterhalb der Summenkurve liegende Schnittpunkt best\u00e4tigt eine korrekte Phasenlage.<\/p>\n<p style=\"text-align: justify;\">Im realen Leben best\u00e4tigt sich die Simulation. Die (Achsen-)Messungen sind quasi deckungsgleich.<\/p>\n<p style=\"text-align: center;\"><img loading=\"lazy\" decoding=\"async\" class=\"aligncenter size-full wp-image-5248\" src=\"https:\/\/www.donhighend.de\/wp-content\/uploads\/2018\/04\/Xanthippe-\u00fcber-kurze-Seite-0\u00b0-45\u00b0.png\" alt=\"\" width=\"800\" height=\"585\" srcset=\"https:\/\/www.donhighend.de\/wp-content\/uploads\/2018\/04\/Xanthippe-\u00fcber-kurze-Seite-0\u00b0-45\u00b0.png 800w, https:\/\/www.donhighend.de\/wp-content\/uploads\/2018\/04\/Xanthippe-\u00fcber-kurze-Seite-0\u00b0-45\u00b0-300x219.png 300w, https:\/\/www.donhighend.de\/wp-content\/uploads\/2018\/04\/Xanthippe-\u00fcber-kurze-Seite-0\u00b0-45\u00b0-768x562.png 768w\" sizes=\"auto, (max-width: 800px) 100vw, 800px\" \/>Messung Xanthippe 0\u00b0 -45\u00b0 \u00fcber die kurze Seite<\/p>\n<p>&nbsp;<\/p>\n<p style=\"text-align: center;\"><img loading=\"lazy\" decoding=\"async\" class=\"aligncenter size-full wp-image-5249\" src=\"https:\/\/www.donhighend.de\/wp-content\/uploads\/2018\/04\/Xanthippe-\u00fcber-lange-Seite-0\u00b0-45\u00b0.png\" alt=\"\" width=\"800\" height=\"585\" srcset=\"https:\/\/www.donhighend.de\/wp-content\/uploads\/2018\/04\/Xanthippe-\u00fcber-lange-Seite-0\u00b0-45\u00b0.png 800w, https:\/\/www.donhighend.de\/wp-content\/uploads\/2018\/04\/Xanthippe-\u00fcber-lange-Seite-0\u00b0-45\u00b0-300x219.png 300w, https:\/\/www.donhighend.de\/wp-content\/uploads\/2018\/04\/Xanthippe-\u00fcber-lange-Seite-0\u00b0-45\u00b0-768x562.png 768w\" sizes=\"auto, (max-width: 800px) 100vw, 800px\" \/>Messung Xanthippe 0\u00b0 &#8211; 45\u00b0 \u00fcber lange Seite<\/p>\n<p>&nbsp;<\/p>\n<p style=\"text-align: justify;\">Die Messungen sind selbstverst\u00e4ndlich ungel\u00e4ttet und in der aussagekr\u00e4ftigen 50dB Range dargestellt. Auf diese Weise wird nichts besch\u00f6nigt. Ferner wird eine Vergleichbarkeit mit der Darstellungsweise vieler offizieller Testmagazine und Hersteller erreicht. Einige Anbieter gl\u00e4tten ihre Messkurven n\u00e4mlich und w\u00e4hlen f\u00fcr die Darstellung eine gr\u00f6\u00dfere Range. Der Amplitudenverlauf wirkt durch solche Ma\u00dfnahmen deutlich glatter, wie die foldenden Beispiele zeigen:<\/p>\n<p><img loading=\"lazy\" decoding=\"async\" class=\"aligncenter size-full wp-image-5250\" src=\"https:\/\/www.donhighend.de\/wp-content\/uploads\/2018\/04\/Xanthippe-\u00fcber-kurze-Seite-0\u00b0-45\u00b0-70dB-Range-1.9-oct-smoothing.png\" alt=\"\" width=\"800\" height=\"585\" srcset=\"https:\/\/www.donhighend.de\/wp-content\/uploads\/2018\/04\/Xanthippe-\u00fcber-kurze-Seite-0\u00b0-45\u00b0-70dB-Range-1.9-oct-smoothing.png 800w, https:\/\/www.donhighend.de\/wp-content\/uploads\/2018\/04\/Xanthippe-\u00fcber-kurze-Seite-0\u00b0-45\u00b0-70dB-Range-1.9-oct-smoothing-300x219.png 300w, https:\/\/www.donhighend.de\/wp-content\/uploads\/2018\/04\/Xanthippe-\u00fcber-kurze-Seite-0\u00b0-45\u00b0-70dB-Range-1.9-oct-smoothing-768x562.png 768w\" sizes=\"auto, (max-width: 800px) 100vw, 800px\" \/><\/p>\n<p style=\"text-align: center;\">Messung Xanthippe 0\u00b0 -45\u00b0 \u00fcber die kurze Seite mit 70dB Range und 1\/9 Oct Gl\u00e4ttung<\/p>\n<p>&nbsp;<\/p>\n<p><img loading=\"lazy\" decoding=\"async\" class=\"aligncenter size-full wp-image-5251\" src=\"https:\/\/www.donhighend.de\/wp-content\/uploads\/2018\/04\/Xanthippe-\u00fcber-lange-Seite-0\u00b0-45\u00b0-70dB-Range-1.9-smoothing.png\" alt=\"\" width=\"800\" height=\"585\" srcset=\"https:\/\/www.donhighend.de\/wp-content\/uploads\/2018\/04\/Xanthippe-\u00fcber-lange-Seite-0\u00b0-45\u00b0-70dB-Range-1.9-smoothing.png 800w, https:\/\/www.donhighend.de\/wp-content\/uploads\/2018\/04\/Xanthippe-\u00fcber-lange-Seite-0\u00b0-45\u00b0-70dB-Range-1.9-smoothing-300x219.png 300w, https:\/\/www.donhighend.de\/wp-content\/uploads\/2018\/04\/Xanthippe-\u00fcber-lange-Seite-0\u00b0-45\u00b0-70dB-Range-1.9-smoothing-768x562.png 768w\" sizes=\"auto, (max-width: 800px) 100vw, 800px\" \/><\/p>\n<p style=\"text-align: center;\">Messung Xanthippe 0\u00b0 -45\u00b0 \u00fcber die lange Seite mit 70dB Range und 1\/9 Oct Gl\u00e4ttung<\/p>\n<p>&nbsp;<\/p>\n<p style=\"text-align: justify;\">So k\u00f6nnte man Xanthippe, die preiswerte Wichtelbox, fast als Monitorlautsprecher durchgehen lassen. \ud83d\ude09<\/p>\n<p>Das Klirrverhalten kann sich f\u00fcr einen solch preiswerten Lautsprecher ebenfalls sehen lassen.<\/p>\n<p style=\"text-align: center;\"><img loading=\"lazy\" decoding=\"async\" class=\"aligncenter size-full wp-image-5257\" src=\"https:\/\/www.donhighend.de\/wp-content\/uploads\/2018\/04\/Klirr@85dB.png\" alt=\"\" width=\"800\" height=\"551\" srcset=\"https:\/\/www.donhighend.de\/wp-content\/uploads\/2018\/04\/Klirr@85dB.png 800w, https:\/\/www.donhighend.de\/wp-content\/uploads\/2018\/04\/Klirr@85dB-300x207.png 300w, https:\/\/www.donhighend.de\/wp-content\/uploads\/2018\/04\/Klirr@85dB-768x529.png 768w\" sizes=\"auto, (max-width: 800px) 100vw, 800px\" \/>Klirr @ 85dB<\/p>\n<p>&nbsp;<\/p>\n<p style=\"text-align: center;\"><img loading=\"lazy\" decoding=\"async\" class=\"aligncenter size-full wp-image-5258\" src=\"https:\/\/www.donhighend.de\/wp-content\/uploads\/2018\/04\/Klirr@90dB.png\" alt=\"\" width=\"800\" height=\"551\" srcset=\"https:\/\/www.donhighend.de\/wp-content\/uploads\/2018\/04\/Klirr@90dB.png 800w, https:\/\/www.donhighend.de\/wp-content\/uploads\/2018\/04\/Klirr@90dB-300x207.png 300w, https:\/\/www.donhighend.de\/wp-content\/uploads\/2018\/04\/Klirr@90dB-768x529.png 768w\" sizes=\"auto, (max-width: 800px) 100vw, 800px\" \/>Klirr @ 90dB<\/p>\n<p>&nbsp;<\/p>\n<p style=\"text-align: justify;\">Erfreulich ist auch, dass trotz Verwendung von 4 \u03a9 Chassis, die Impedanzkurve immer deutlich oberhalb von 4 Ohm und damit im unkritischen Bereich verl\u00e4uft. Jeder Verst\u00e4rker sollte die Xanthippe antreiben k\u00f6nnen. Durch den recht hohen Wirkungsgrad der Lautsprecher ist nicht einmal gro\u00dfe Leistung vonn\u00f6ten.<\/p>\n<p style=\"text-align: center;\"><img loading=\"lazy\" decoding=\"async\" class=\"aligncenter size-full wp-image-5259\" src=\"https:\/\/www.donhighend.de\/wp-content\/uploads\/2018\/04\/Impedanzverlauf.png\" alt=\"\" width=\"1258\" height=\"584\" srcset=\"https:\/\/www.donhighend.de\/wp-content\/uploads\/2018\/04\/Impedanzverlauf.png 1258w, https:\/\/www.donhighend.de\/wp-content\/uploads\/2018\/04\/Impedanzverlauf-300x139.png 300w, https:\/\/www.donhighend.de\/wp-content\/uploads\/2018\/04\/Impedanzverlauf-768x357.png 768w, https:\/\/www.donhighend.de\/wp-content\/uploads\/2018\/04\/Impedanzverlauf-1024x475.png 1024w\" sizes=\"auto, (max-width: 1258px) 100vw, 1258px\" \/>Impedanzverlauf<\/p>\n<p>&nbsp;<\/p>\n<p style=\"text-align: justify;\">Wie bereits erw\u00e4hnt, konnte und sollte die Weichenschaltung, bei dem geringen finanziellen Aufwand von 43,- Euro f\u00fcr die Chassis pro Seite, einfach und preiswert werden.<\/p>\n<p style=\"text-align: center;\"><img loading=\"lazy\" decoding=\"async\" class=\"aligncenter size-full wp-image-5260\" src=\"https:\/\/www.donhighend.de\/wp-content\/uploads\/2018\/04\/Xanthippe-Weiche.png\" alt=\"\" width=\"614\" height=\"374\" srcset=\"https:\/\/www.donhighend.de\/wp-content\/uploads\/2018\/04\/Xanthippe-Weiche.png 614w, https:\/\/www.donhighend.de\/wp-content\/uploads\/2018\/04\/Xanthippe-Weiche-300x183.png 300w\" sizes=\"auto, (max-width: 614px) 100vw, 614px\" \/>Weichenschaltung<\/p>\n<p>&nbsp;<\/p>\n<p><img loading=\"lazy\" decoding=\"async\" class=\"aligncenter size-full wp-image-5308\" src=\"https:\/\/www.donhighend.de\/wp-content\/uploads\/2018\/04\/Bauplan.jpg\" alt=\"\" width=\"1410\" height=\"947\" srcset=\"https:\/\/www.donhighend.de\/wp-content\/uploads\/2018\/04\/Bauplan.jpg 1410w, https:\/\/www.donhighend.de\/wp-content\/uploads\/2018\/04\/Bauplan-300x201.jpg 300w, https:\/\/www.donhighend.de\/wp-content\/uploads\/2018\/04\/Bauplan-768x516.jpg 768w, https:\/\/www.donhighend.de\/wp-content\/uploads\/2018\/04\/Bauplan-1024x688.jpg 1024w\" sizes=\"auto, (max-width: 1410px) 100vw, 1410px\" \/><\/p>\n<p style=\"text-align: center;\">Bau- und Bed\u00e4mpfungsplan (Vergr\u00f6\u00dfern mit Rechtsklick &#8211; Grafik anzeigen)<\/p>\n<p>&nbsp;<\/p>\n<p style=\"text-align: justify;\">Die Baupl\u00e4ne sind f\u00fcr private Nutzung freigegeben. Jegliche Form der gewerblichen Nutzung oder Verbreitung ohne vorherige Absprache ist untersagt und wird strafrechtlich verfolgt.<\/p>\n<p style=\"text-align: justify;\">Die Xanthippe liefert eine einwandfreie klangliche Vorstellung. Der straffe und dr\u00f6hnfreie Bass reicht in Regionen um 45 Hz. Die Hochtonaufl\u00f6sung ist sehr gut und die B\u00fchnendarstellung gelingt einwandfrei, sowohl in der Breite als auch in der Tiefe. Die Positionierung mit au\u00dfen liegenden Hocht\u00f6nern bietet &#8222;auf dem Papier&#8220; den etwas glatteren Amplitudenverlauf. Der pers\u00f6nliche Geschmack sollte hier definitiv in die Art und Weise der Aufstellung einbezogen werden. Die Unterschiede sind marginal, wobei ich pers\u00f6nlich &#8222;innenliegende&#8220; Hocht\u00f6ner bevorzuge. Meines Erachtens gelingt die Darstellung der B\u00fchne so etwas besser.<\/p>\n<p style=\"text-align: justify;\">Die Chassis der Xanthippe sind f\u00fcr 43,- Euro zu haben. Hinzu kommen Weichenteile, die ab rund 22,- Euro erh\u00e4ltlich sind. Holz und Kleinteile sind ab etwa 15,- Euro zu bekommen. So erh\u00e4lt der Nachbauer ab etwa 80,- Euro pro Seite, ohne eventuelle Versandkosten, einen wohlklingenden Lautsprecher, der durch seinen hohen Kennschalldruck und seinen unproblematischen Impedanzverlauf auch mit kleineren Verst\u00e4rkern wunderbar harmoniert.<\/p>\n<p>&nbsp;<\/p>\n","protected":false},"excerpt":{"rendered":"<p>Wir Jungs vom D.A.U. hatten letztes Jahr die verr\u00fcckte Idee, anl\u00e4\u00dflich des Weihnachtsfestes zu wichteln. Als besondere Aufgabe muss jeder Bewichtelte mit den geschenkten Chassis bis zum n\u00e4chsten D.A.U. Treffen ein irgendwie geartetes Lautsprecherprojekt realisieren. Als ich vor einigen Tagen mein Paket entgegennehmen durfte und sofort \u00f6ffnete, staunte ich nicht nicht schlecht. Ich hatte ein &hellip; <\/p>\n<p><a class=\"more-link btn\" href=\"https:\/\/www.donhighend.de\/?page_id=5029\">Weiterlesen<\/a><\/p>\n","protected":false},"author":1,"featured_media":7061,"parent":1709,"menu_order":975,"comment_status":"open","ping_status":"closed","template":"","meta":{"footnotes":""},"class_list":["post-5029","page","type-page","status-publish","has-post-thumbnail","hentry","nodate","item-wrap"],"_links":{"self":[{"href":"https:\/\/www.donhighend.de\/index.php?rest_route=\/wp\/v2\/pages\/5029","targetHints":{"allow":["GET"]}}],"collection":[{"href":"https:\/\/www.donhighend.de\/index.php?rest_route=\/wp\/v2\/pages"}],"about":[{"href":"https:\/\/www.donhighend.de\/index.php?rest_route=\/wp\/v2\/types\/page"}],"author":[{"embeddable":true,"href":"https:\/\/www.donhighend.de\/index.php?rest_route=\/wp\/v2\/users\/1"}],"replies":[{"embeddable":true,"href":"https:\/\/www.donhighend.de\/index.php?rest_route=%2Fwp%2Fv2%2Fcomments&post=5029"}],"version-history":[{"count":60,"href":"https:\/\/www.donhighend.de\/index.php?rest_route=\/wp\/v2\/pages\/5029\/revisions"}],"predecessor-version":[{"id":8912,"href":"https:\/\/www.donhighend.de\/index.php?rest_route=\/wp\/v2\/pages\/5029\/revisions\/8912"}],"up":[{"embeddable":true,"href":"https:\/\/www.donhighend.de\/index.php?rest_route=\/wp\/v2\/pages\/1709"}],"wp:featuredmedia":[{"embeddable":true,"href":"https:\/\/www.donhighend.de\/index.php?rest_route=\/wp\/v2\/media\/7061"}],"wp:attachment":[{"href":"https:\/\/www.donhighend.de\/index.php?rest_route=%2Fwp%2Fv2%2Fmedia&parent=5029"}],"curies":[{"name":"wp","href":"https:\/\/api.w.org\/{rel}","templated":true}]}}