{"id":4462,"date":"2017-06-23T16:12:15","date_gmt":"2017-06-23T15:12:15","guid":{"rendered":"http:\/\/www.donhighend.de\/?page_id=4462"},"modified":"2025-09-14T13:16:27","modified_gmt":"2025-09-14T12:16:27","slug":"mischief","status":"publish","type":"page","link":"https:\/\/www.donhighend.de\/?page_id=4462","title":{"rendered":"Mischief &#8211; Vintage Spa\u00dfbox"},"content":{"rendered":"<p><img loading=\"lazy\" decoding=\"async\" class=\"aligncenter size-full wp-image-11548\" src=\"https:\/\/www.donhighend.de\/wp-content\/uploads\/2025\/09\/Titelbild-neu-Furnier-korr.-Perspektive.jpg\" alt=\"\" width=\"467\" height=\"640\" srcset=\"https:\/\/www.donhighend.de\/wp-content\/uploads\/2025\/09\/Titelbild-neu-Furnier-korr.-Perspektive.jpg 467w, https:\/\/www.donhighend.de\/wp-content\/uploads\/2025\/09\/Titelbild-neu-Furnier-korr.-Perspektive-219x300.jpg 219w\" sizes=\"auto, (max-width: 467px) 100vw, 467px\" \/><\/p>\n<p style=\"text-align: justify;\">Schon sehr lange verfolgte mich der Gedanke, mal etwas Spinnertes aus Vintage Komponenten auf die Beine zu stellen. Zum Gl\u00fcck gibt es in meinem Chassislager eine nicht unerhebliche Anzahl an Chassis aus vergangenen Tagen, und schnell war eine m\u00f6gliche Kombination erdacht, der ich nicht widerstehen wollte. Ob das erdachte Konstrukt in der Praxis halbwegs vern\u00fcnftig funktioniert, wei\u00df nur der Wind. Das ganze kann auch in grobem Unfug enden, weswegen die Boxen auf den Namen &#8222;Mischief&#8220; h\u00f6ren werden. Entgegen meiner sonstigen Vorgehensweise, dokumentiere ich die Entwicklung hier Step by Step und nicht erst nach Fertigstellung.<\/p>\n<p style=\"text-align: justify;\">So ruhte in meinem Keller seit Jahren ein flammneues Paar 10&#8243; Breitb\u00e4nder vom Typ CG10 des l\u00e4ngst nicht mehr existenten britischen Herstellers Richard Allan. Es handelt sich um Exemplare ohne Schwirrkonus. Der Kunde konnte seinerzeit zwischen dieser Version und einer Ausf\u00fchrung mit Schwirrkonus ausw\u00e4hlen.<\/p>\n<p><span style=\"color: #ffffff;\">fff<\/span><\/p>\n<p><img loading=\"lazy\" decoding=\"async\" class=\"aligncenter size-full wp-image-4483\" src=\"https:\/\/www.donhighend.de\/wp-content\/uploads\/2017\/06\/CG10.jpg\" alt=\"\" width=\"640\" height=\"640\" srcset=\"https:\/\/www.donhighend.de\/wp-content\/uploads\/2017\/06\/CG10.jpg 640w, https:\/\/www.donhighend.de\/wp-content\/uploads\/2017\/06\/CG10-150x150.jpg 150w, https:\/\/www.donhighend.de\/wp-content\/uploads\/2017\/06\/CG10-300x300.jpg 300w\" sizes=\"auto, (max-width: 640px) 100vw, 640px\" \/><\/p>\n<p style=\"text-align: center;\">Richard Allan CG10<\/p>\n<p><span style=\"color: #ffffff;\">fff<\/span><\/p>\n<p>Die TSP-Messung offenbarte, dass die Werte der beiden Chassis recht nah beeinander liegen.<\/p>\n<p><span style=\"color: #ffffff;\">fff<\/span><\/p>\n<p style=\"text-align: center;\"><img loading=\"lazy\" decoding=\"async\" class=\"aligncenter size-full wp-image-4467\" src=\"https:\/\/www.donhighend.de\/wp-content\/uploads\/2017\/06\/TSP-Mittelwert.jpg\" alt=\"\" width=\"427\" height=\"321\" srcset=\"https:\/\/www.donhighend.de\/wp-content\/uploads\/2017\/06\/TSP-Mittelwert.jpg 427w, https:\/\/www.donhighend.de\/wp-content\/uploads\/2017\/06\/TSP-Mittelwert-300x226.jpg 300w\" sizes=\"auto, (max-width: 427px) 100vw, 427px\" \/>TSP Richard Allan CG10<\/p>\n<p><span style=\"color: #ffffff;\">fff<\/span><\/p>\n<p style=\"text-align: justify;\">Der Qts Wert von rund 0,38 f\u00fchrt zusammen mit dem relativ gro\u00dfen VAS zu einem recht unhandlichen BR Volumen, welches de fakto dem VAS entprechen muss. Rund 160 Liter f\u00fcr einen 10 Z\u00f6ller? NoGo, das ist ein K.O. Kriterium. So erwog ich, den CG10 in GHP Anwendung zu simulieren. Siehe da, mit 60-65 Litern Luft im R\u00fccken spielt das Chassis bis unter 50 Hz.<\/p>\n<p><span style=\"color: #ffffff;\">fff<\/span><\/p>\n<p style=\"text-align: center;\"><img loading=\"lazy\" decoding=\"async\" class=\"aligncenter size-full wp-image-4470\" src=\"https:\/\/www.donhighend.de\/wp-content\/uploads\/2017\/06\/CG10-in-60-Litern-GHP.jpg\" alt=\"\" width=\"518\" height=\"409\" srcset=\"https:\/\/www.donhighend.de\/wp-content\/uploads\/2017\/06\/CG10-in-60-Litern-GHP.jpg 518w, https:\/\/www.donhighend.de\/wp-content\/uploads\/2017\/06\/CG10-in-60-Litern-GHP-300x237.jpg 300w\" sizes=\"auto, (max-width: 518px) 100vw, 518px\" \/>CG10 in 60 Litern GHP<\/p>\n<p><span style=\"color: #ffffff;\">fff<\/span><\/p>\n<p style=\"text-align: justify;\">Das kann sich durchaus sehen lassen, und auch der Schalldruck ist nicht von schlechten Eltern.<\/p>\n<p style=\"text-align: justify;\">Dem gro\u00dfen Breitb\u00e4nder m\u00f6chte ich &#8222;obenrum&#8220; ein wenig unter die Arme greifen. So wird er Unterst\u00fctzung durch einen Superhocht\u00f6ner erhalten. In meinen Regalen entdeckte ich ein P\u00e4rchen Coral H-40 Hornhocht\u00f6ner, die einen Kennschalldruck von rund 100dB mitbringen. Coral bot seinerzeit eine stattliche Anzahl \u00e4hnlicher H\u00f6rnchen an. Den meisten gemein ist, dass es sich um Kalotten verschiedenen Durchmessers mit unterschiedlichen Antrieben und unterschiedlichen vorgesetzten H\u00f6rnern handelte. Hinter dem Horn des H-40 werkelt eine 14,4 mm durchmessende Kalotte. Eine \u00fcberschl\u00e4gige Messung des Paares attestiert einen m\u00f6glichen Einsatz ab etwa 6 kHz. Ich strebe aus Gr\u00fcnden der Betriebssicherheit und g\u00fcnstigeren Klirrverhaltens eine h\u00f6here Trennfrequenz an. Zudem m\u00f6chte ich den Breitb\u00e4nder so weit wie m\u00f6glich Breitb\u00e4nder sein lassen. Der sp\u00e4tere Aufbau wird zeigen was m\u00f6glich ist.<\/p>\n<p><span style=\"color: #ffffff;\">fff<\/span><\/p>\n<p><img loading=\"lazy\" decoding=\"async\" class=\"aligncenter size-full wp-image-4485\" src=\"https:\/\/www.donhighend.de\/wp-content\/uploads\/2017\/06\/H-40.jpg\" alt=\"\" width=\"640\" height=\"640\" srcset=\"https:\/\/www.donhighend.de\/wp-content\/uploads\/2017\/06\/H-40.jpg 640w, https:\/\/www.donhighend.de\/wp-content\/uploads\/2017\/06\/H-40-150x150.jpg 150w, https:\/\/www.donhighend.de\/wp-content\/uploads\/2017\/06\/H-40-300x300.jpg 300w\" sizes=\"auto, (max-width: 640px) 100vw, 640px\" \/><\/p>\n<p style=\"text-align: center;\"><span style=\"color: #ffffff;\"><span style=\"color: #000000;\">Coral H-40<\/span><br \/>\n<\/span><\/p>\n<p><span style=\"color: #ffffff;\">fff<\/span><\/p>\n<p style=\"text-align: justify;\">Die kleinen H\u00f6rnchen habe ich vor l\u00e4ngerer Zeit f\u00fcr einen schmalen Taler erworben. Sie haben rund 35 Jahre auf dem Buckel, und die sind nat\u00fcrlich nicht spurlos an ihnen vorbei gegangen. Alles in allem sind sie in einem ordentlichen optischen Zustand. Technisch sind sie einwandfrei. Eine \u00fcberschl\u00e4gige Messung zeigt eine recht gute Paargleichheit. Die Messungen sind der aus dem Katalog des damaligen Vertriebs nicht un\u00e4hnlich.<\/p>\n<p><span style=\"color: #ffffff;\">fff<\/span><\/p>\n<p><img loading=\"lazy\" decoding=\"async\" class=\"aligncenter size-full wp-image-4492\" src=\"https:\/\/www.donhighend.de\/wp-content\/uploads\/2017\/06\/Messung-Katalog.jpg\" alt=\"\" width=\"640\" height=\"416\" srcset=\"https:\/\/www.donhighend.de\/wp-content\/uploads\/2017\/06\/Messung-Katalog.jpg 640w, https:\/\/www.donhighend.de\/wp-content\/uploads\/2017\/06\/Messung-Katalog-300x195.jpg 300w\" sizes=\"auto, (max-width: 640px) 100vw, 640px\" \/><\/p>\n<p style=\"text-align: center;\">Messung Coral H-40 (Katalogangabe)<\/p>\n<p><span style=\"color: #ffffff;\">fff<\/span><\/p>\n<p style=\"text-align: justify;\">Der Geh\u00e4useaufbau ist nix Besonderes. Es handelt sich um eine schlichte Kiste aus 6 Brettern und einer auf halber Boxenh\u00f6he eingebrachten T-Versteifung zwischen den Seitenw\u00e4nden und der R\u00fcckwand. Die Au\u00dfenma\u00dfe betragen 65 x 34 x 37 cm (H x B x T). Das ergibt ein Volumen von gut 62 Litern. Der CG10 sitzt dabei mittig, das H-40 10 cm von der Oberkante. Die Abmessungen sind weder g\u00f6ttlicher Herkunft, noch in langen Simulationsreihen entstanden. Sie ergaben sich einfach aus den Ma\u00dfen einiger Bretter aus einem nicht verwirklichten Geh\u00e4use. Ich finde, die Proportionen passen dennoch ganz gut zu den Vintage-Chassis.<\/p>\n<p style=\"text-align: justify;\">Eine Besonderheit des CG10 erforderte jedoch eine Detailarbeit, die ich an dieser Stelle nicht vorenthalten m\u00f6chte. Das Chassis ist eigentlich f\u00fcr r\u00fcckseitigen Einbau in die Schallwand vorgesehen. Darauf deuten zum einen das sch\u00f6ne rote Filzgasket und zum anderen der r\u00fcckseitig nicht plane Korbrand hin.<\/p>\n<p><span style=\"color: #ffffff;\">fff<\/span><\/p>\n<p><img loading=\"lazy\" decoding=\"async\" class=\"size-full wp-image-4507\" src=\"https:\/\/www.donhighend.de\/wp-content\/uploads\/2017\/06\/IMG_20170625_183109.jpg\" alt=\"\" width=\"800\" height=\"600\" srcset=\"https:\/\/www.donhighend.de\/wp-content\/uploads\/2017\/06\/IMG_20170625_183109.jpg 800w, https:\/\/www.donhighend.de\/wp-content\/uploads\/2017\/06\/IMG_20170625_183109-300x225.jpg 300w, https:\/\/www.donhighend.de\/wp-content\/uploads\/2017\/06\/IMG_20170625_183109-768x576.jpg 768w\" sizes=\"auto, (max-width: 800px) 100vw, 800px\" \/><\/p>\n<p style=\"text-align: center;\">CG10 Korbrand r\u00fcckseitig<\/p>\n<p><span style=\"color: #ffffff;\">fff<\/span><\/p>\n<p style=\"text-align: justify;\">Eine r\u00fcckseitige Chassismontage will mir aber optisch nicht gefallen. Zudem habe ich keine wirkliche Lust auf eine aufwendige Geh\u00e4usekonstruktion mit abnehmbarer Schall- oder R\u00fcckwand, die f\u00fcr eine sp\u00e4tere Demontage des Chassis vonn\u00f6ten w\u00e4re. In Ermangelung einer CNC-Fr\u00e4se habe ich die &#8222;Pi mal Daumen-Methode&#8220; angewendet. Dazu habe ich zun\u00e4chst die Dicke des \u00e4u\u00dferen Korbrandes ermittelt. Mit genau einem Millimeter mehr Tiefe habe ich den \u00e4u\u00dferen Korbradius gefr\u00e4st. Im n\u00e4chsten Schritt habe ich die Breite des schr\u00e4g zulaufenden Korbrandes bis zum Korbfenster gemessen. Der resultierende Durchmesser ergab das Ma\u00df f\u00fcr die Schallwand\u00f6ffnung. Diese \u00d6ffnung habe ich mittels eines 45\u00b0 Fasefr\u00e4sers mit untenliegendem Anlaufring aufgeweitet. Nach Markierung der Positionen f\u00fcr die Schraubl\u00f6cher wurden diese mit einem 5 mm Bohrer angefertigt. R\u00fcckseitig eingebrachte Einschlagmuttern werden f\u00fcr den festen Halt des Chassis sorgen. Der Korb liegt zwar nicht vollfl\u00e4chig auf, aber mit der gro\u00dfz\u00fcgigen Vergabe von Dichtband in Kombination mit fester Verschraubung wird hier nichts anbrennen.<\/p>\n<p><span style=\"color: #ffffff;\">fff<\/span><\/p>\n<p><img loading=\"lazy\" decoding=\"async\" class=\"size-full wp-image-4524 aligncenter\" src=\"https:\/\/www.donhighend.de\/wp-content\/uploads\/2017\/06\/Detail-Fr\u00e4sung-CG10.jpg\" alt=\"\" width=\"480\" height=\"640\" srcset=\"https:\/\/www.donhighend.de\/wp-content\/uploads\/2017\/06\/Detail-Fr\u00e4sung-CG10.jpg 480w, https:\/\/www.donhighend.de\/wp-content\/uploads\/2017\/06\/Detail-Fr\u00e4sung-CG10-225x300.jpg 225w\" sizes=\"auto, (max-width: 480px) 100vw, 480px\" \/><\/p>\n<p style=\"text-align: center;\">Detail Fr\u00e4sung CG10<\/p>\n<p><span style=\"color: #ffffff;\">fff<\/span><\/p>\n<p style=\"text-align: justify;\">Als N\u00e4chstes wurden alle Geh\u00e4usew\u00e4nde mit Ausnahme der Front mit Noppenschaumstoff ausgekleidet. Zus\u00e4tzlich wurde am Boden unterhalb des TMT und am Deckel oberhalb des HT eine etwa 10cm dicke Lage Polyesterwatte eingebracht. Diese Ma\u00dfnahme sollte das geschlossene Geh\u00e4use hinreichend bed\u00e4mpfen.<\/p>\n<p style=\"text-align: justify;\">Nach Montage der beiden Chassis im Geh\u00e4use wurden sie ohne Beschaltung gemessen. Vom CG10 wurde ferner eine Nahfeldmessung angefertigt, welche mit der Fernfeldmessung, welche in 1 Meter Abstand auf Chassish\u00f6he erfolgte, gemerged wurde. In Boxsim kann durch diese Vorgehensweise sehr einfach der ideale Wert f\u00fcr den vorgesehenen Hochpasskondensator ermittelt werden. Im folgenden Schritt wurden dann auch die Messungen der unbeschalteten Chassis in Boxsim importiert.<\/p>\n<p><span style=\"color: #ffffff;\">fff<\/span><\/p>\n<p style=\"text-align: center;\"><img loading=\"lazy\" decoding=\"async\" class=\"aligncenter size-full wp-image-4592\" src=\"https:\/\/www.donhighend.de\/wp-content\/uploads\/2017\/06\/CG10-Nah-und-Fern-gemerged.jpg\" alt=\"\" width=\"789\" height=\"598\" srcset=\"https:\/\/www.donhighend.de\/wp-content\/uploads\/2017\/06\/CG10-Nah-und-Fern-gemerged.jpg 789w, https:\/\/www.donhighend.de\/wp-content\/uploads\/2017\/06\/CG10-Nah-und-Fern-gemerged-300x227.jpg 300w, https:\/\/www.donhighend.de\/wp-content\/uploads\/2017\/06\/CG10-Nah-und-Fern-gemerged-768x582.jpg 768w\" sizes=\"auto, (max-width: 789px) 100vw, 789px\" \/>Gef\u00fcgte Nah- und Fernfeldmessung CG10 unbeschaltet<\/p>\n<p><span style=\"color: #ffffff;\">fff<\/span><\/p>\n<p style=\"text-align: justify;\">Die bei ca. 350Hz gef\u00fcgte Messung des CG10 zeigt eine Unregelm\u00e4\u00dfigkeit bei rund 200 Hz, welche sich auch im Impedanzschrieb zeigt. Diese St\u00f6rung ist Chassis immanent und zeigt sich auch bei der Messung des nicht eingebauten Chassis. Es handelt sich hier definitiv nicht um eine Undichtigkeit des Geh\u00e4uses oder einen anderen konstruktiven Mangel beim Aufbau. Am Rande sei angemerkt, dass die Auswirkungen dieser Resonanz sich auch in der Impulsantwort wiederfinden. Der Fernfeldanteil der obigen Messung wurde deswegen leicht gesmoothed, um ein gr\u00f6\u00dferes Messfenster w\u00e4hlen zu k\u00f6nnen, welches die Auswirkungen des Baffle Steps sichtbar macht.<\/p>\n<p><span style=\"color: #ffffff;\">fff<\/span><\/p>\n<p style=\"text-align: center;\"><img loading=\"lazy\" decoding=\"async\" class=\"aligncenter size-full wp-image-4594\" src=\"https:\/\/www.donhighend.de\/wp-content\/uploads\/2017\/06\/H-40-unbeschaltet.jpg\" alt=\"\" width=\"789\" height=\"594\" srcset=\"https:\/\/www.donhighend.de\/wp-content\/uploads\/2017\/06\/H-40-unbeschaltet.jpg 789w, https:\/\/www.donhighend.de\/wp-content\/uploads\/2017\/06\/H-40-unbeschaltet-300x226.jpg 300w, https:\/\/www.donhighend.de\/wp-content\/uploads\/2017\/06\/H-40-unbeschaltet-768x578.jpg 768w\" sizes=\"auto, (max-width: 789px) 100vw, 789px\" \/>H-40 Fernfeldmessung unbeschaltet<\/p>\n<p><span style=\"color: #ffffff;\">fff<\/span><\/p>\n<p style=\"text-align: justify;\">Der Hocht\u00f6ner misst sich leider nicht so sehr glatt, daf\u00fcr ist die Messung aber sehr nah an der Ver\u00f6ffentlichung aus dem seinerzeitigen Datenblatt. Das spricht f\u00fcr die damalige Serienkonstanz bei Coral. Um die \u00c4hnlichkeit zu viualisieren habe ich die beiden Messungen interessehalber einmal gegeneinander skaliert.<\/p>\n<p><span style=\"color: #ffffff;\">fff<\/span><\/p>\n<p><img loading=\"lazy\" decoding=\"async\" class=\"aligncenter size-full wp-image-4615\" src=\"https:\/\/www.donhighend.de\/wp-content\/uploads\/2017\/06\/Coral-H-40-eigene-Messung-vs.-Datenblatt.jpg\" alt=\"\" width=\"415\" height=\"619\" srcset=\"https:\/\/www.donhighend.de\/wp-content\/uploads\/2017\/06\/Coral-H-40-eigene-Messung-vs.-Datenblatt.jpg 415w, https:\/\/www.donhighend.de\/wp-content\/uploads\/2017\/06\/Coral-H-40-eigene-Messung-vs.-Datenblatt-201x300.jpg 201w\" sizes=\"auto, (max-width: 415px) 100vw, 415px\" \/><\/p>\n<p style=\"text-align: center;\">Coral H-40 eigene Messung vs. Datenblatt<\/p>\n<p><span style=\"color: #ffffff;\">fff<\/span><\/p>\n<p style=\"text-align: justify;\">Nun konnte die Simulation einer Frequenzweiche erfolgen. Da anf\u00e4ngliche Simulationen mit Xover gezeigt haben, dass das Verhalten unter Winkeln bis zu einem gewissen Grad ertr\u00e4glich ist, habe ich mich darauf beschr\u00e4nkt, die finale Version mit Boxsim zu entwickeln. Boxsim bietet zwar nur mit recht viel Aufwand die M\u00f6glichkeit, gleichzeitig auch Winkelfrequenzg\u00e4nge zu simulieren, ist aber grunds\u00e4tzlich benutzerfreundlicher als Xover. Das Ergebnis der Simulation ist, gemessen am Alter und den konstruktiven Details der Oldie-Chassis, sehr ordentlich.<\/p>\n<p><span style=\"color: #ffffff;\">fff<\/span><\/p>\n<p style=\"text-align: center;\"><img loading=\"lazy\" decoding=\"async\" class=\"aligncenter size-full wp-image-4597\" src=\"https:\/\/www.donhighend.de\/wp-content\/uploads\/2017\/06\/Mieschief-1.3-Simu.jpg\" alt=\"\" width=\"791\" height=\"593\" srcset=\"https:\/\/www.donhighend.de\/wp-content\/uploads\/2017\/06\/Mieschief-1.3-Simu.jpg 791w, https:\/\/www.donhighend.de\/wp-content\/uploads\/2017\/06\/Mieschief-1.3-Simu-300x225.jpg 300w, https:\/\/www.donhighend.de\/wp-content\/uploads\/2017\/06\/Mieschief-1.3-Simu-768x576.jpg 768w\" sizes=\"auto, (max-width: 791px) 100vw, 791px\" \/>Finale Simulation Mischief<\/p>\n<p><span style=\"color: #ffffff;\">fff<\/span><\/p>\n<p style=\"text-align: justify;\">Die Simulation zeigt einige interessante Details. So weist der Impedanzverlauf eine Senke im Oberbassbereich auf. Etwa an dieser Stelle tritt die omin\u00f6se Resonanz beim CG10 auf. Diese und die Effekte durch den Baffle Step erforderten den Einsatz zweier recht schmalbandiger Saugkreise. Ferner zeigen sich im \u00dcbernahmebereich eine kleine Senke sowie eine kleine Phasenschweinerei. Nach zahlreichen Versuchen habe ich diese Beschaltungsvariante als bestm\u00f6glichen Kompromiss zwischen Aufwand und Nutzen aufgebaut. Jedenfalls verlaufen die Flanken der beiden Chassis im Bereich der Trennfrequenz recht symmetrisch. Interessant ist auch, dass das kleine Coral H\u00f6rnchen die 20kHz Marke locker knackt. Sehr sch\u00f6n sieht man ferner den positiven Effekt des HP-Kondensators, welcher den Bassbereich mit leicht fallender Flanke bis Mitte 40Hz erweitert.<\/p>\n<p><span style=\"color: #ffffff;\">fff<\/span><\/p>\n<p style=\"text-align: center;\"><img loading=\"lazy\" decoding=\"async\" class=\"aligncenter size-full wp-image-4607\" src=\"https:\/\/www.donhighend.de\/wp-content\/uploads\/2017\/06\/Mischief-Weiche-1.3.jpg\" alt=\"\" width=\"602\" height=\"376\" srcset=\"https:\/\/www.donhighend.de\/wp-content\/uploads\/2017\/06\/Mischief-Weiche-1.3.jpg 602w, https:\/\/www.donhighend.de\/wp-content\/uploads\/2017\/06\/Mischief-Weiche-1.3-300x187.jpg 300w\" sizes=\"auto, (max-width: 602px) 100vw, 602px\" \/>Weichenschaltung Mischief<\/p>\n<p><span style=\"color: #ffffff;\">fff<\/span><\/p>\n<p style=\"text-align: justify;\">Nun mussten Messungen zeigen, ob sich der &#8222;Unfug&#8220; auch in der Praxis so verh\u00e4lt, wie es die Simulation suggeriert. Die folgenden Messungen zeigen das Verhalten zwischen 0\u00b0 und 45\u00b0 in 15\u00b0 Schritten<\/p>\n<p><span style=\"color: #ffffff;\">fff<\/span><\/p>\n<p style=\"text-align: center;\"><img loading=\"lazy\" decoding=\"async\" class=\"aligncenter size-full wp-image-4601\" src=\"https:\/\/www.donhighend.de\/wp-content\/uploads\/2017\/06\/Mischief-1.3-0\u00b0-45\u00b0.jpg\" alt=\"\" width=\"800\" height=\"551\" srcset=\"https:\/\/www.donhighend.de\/wp-content\/uploads\/2017\/06\/Mischief-1.3-0\u00b0-45\u00b0.jpg 800w, https:\/\/www.donhighend.de\/wp-content\/uploads\/2017\/06\/Mischief-1.3-0\u00b0-45\u00b0-300x207.jpg 300w, https:\/\/www.donhighend.de\/wp-content\/uploads\/2017\/06\/Mischief-1.3-0\u00b0-45\u00b0-768x529.jpg 768w\" sizes=\"auto, (max-width: 800px) 100vw, 800px\" \/>Messungen Mischief 0\u00b0 &#8211; 45\u00b0<\/p>\n<p><span style=\"color: #ffffff;\">fff<\/span><\/p>\n<p style=\"text-align: justify;\">Die Messung best\u00e4tigt die Simulation des Amplitudengangs auf Achse (hier ohne Nahfeldanteil)\u00a0 in beeindruckender Weise. Bis zu 30\u00b0 ist das Verhalten sehr gut. Unter gr\u00f6\u00dferen Winkeln bricht der Amplitudenverlauf konstruktionsbedingt ein. F\u00fcr ein schnell geschossenes Spa\u00dfprojekt geht das aber vollkommen in Ordnung, wie ich finde. Auch der Verlauf der Impedanzkurve entspricht der Simulation.<\/p>\n<p><span style=\"color: #ffffff;\">fff<\/span><\/p>\n<p style=\"text-align: center;\"><img loading=\"lazy\" decoding=\"async\" class=\"aligncenter size-full wp-image-4602\" src=\"https:\/\/www.donhighend.de\/wp-content\/uploads\/2017\/06\/Mischief-1.3-Imp.jpg\" alt=\"\" width=\"763\" height=\"497\" srcset=\"https:\/\/www.donhighend.de\/wp-content\/uploads\/2017\/06\/Mischief-1.3-Imp.jpg 763w, https:\/\/www.donhighend.de\/wp-content\/uploads\/2017\/06\/Mischief-1.3-Imp-300x195.jpg 300w\" sizes=\"auto, (max-width: 763px) 100vw, 763px\" \/>Impedanzverlauf Mischief<\/p>\n<p><span style=\"color: #ffffff;\">fff<\/span><\/p>\n<p style=\"text-align: justify;\">Das Projekt Mischief ist also gar kein so grober Unfug. Nat\u00fcrlich ist dies kein High-End Projekt. Dennoch macht der Lautsprecher richtig Spa\u00df. Er spielt homogen und sauber. Die B\u00e4sse sind sehr punchig, tief und trocken. Stimmen werden auch sehr gut wiedergegeben. Selbst die B\u00fchnendarstellung erfolgt in glaubhafter Manier.<\/p>\n<p style=\"text-align: justify;\">Fazit:<\/p>\n<p style=\"text-align: justify;\">Ein Spa\u00dfprojekt, dass meine gesteckten Erwartungen deutlich \u00fcbertrifft. Was will man(n) mehr?<\/p>\n<p><span style=\"color: #ffffff;\">fff<\/span><\/p>\n<p>&#8222;Olnima&#8220; schreibt im Nachgang einer Veranstaltung, auf welcher die Mischief vorgef\u00fchrt wurde:<\/p>\n<blockquote>\n<h4 style=\"text-align: justify;\"><span style=\"color: #ff6600;\">Meine bisherige Rangliste ist: <\/span><span style=\"color: #ff6600;\">Mischief, dicht gefolgt von xxx&#8230;<\/span><\/h4>\n<\/blockquote>\n<p>&nbsp;<\/p>\n<p>&#8222;Discard&#8220; schreibt im Nachgang einer Veranstaltung, auf welcher die Mischief vorgef\u00fchrt wurde:<\/p>\n<blockquote>\n<h4 style=\"text-align: justify;\"><span style=\"color: #ff6600;\"><b>Alex (donhighend) Mischief:<\/b><\/span><br \/>\n<span style=\"color: #ff6600;\"> 10er plus kleines H\u00f6rnchen im GHP, das geht sehr gut. \u00c4hnlich wie xxx, rythmisch packend, Gr\u00f6\u00dfenverh\u00e4ltnisse passen, z.B. Stimmen, hat mir wirklich gut gefallen.<\/span><\/h4>\n<\/blockquote>\n","protected":false},"excerpt":{"rendered":"<p>Schon sehr lange verfolgte mich der Gedanke, mal etwas Spinnertes aus Vintage Komponenten auf die Beine zu stellen. Zum Gl\u00fcck gibt es in meinem Chassislager eine nicht unerhebliche Anzahl an Chassis aus vergangenen Tagen, und schnell war eine m\u00f6gliche Kombination erdacht, der ich nicht widerstehen wollte. Ob das erdachte Konstrukt in der Praxis halbwegs vern\u00fcnftig &hellip; <\/p>\n<p><a class=\"more-link btn\" href=\"https:\/\/www.donhighend.de\/?page_id=4462\">Weiterlesen<\/a><\/p>\n","protected":false},"author":1,"featured_media":11548,"parent":10285,"menu_order":999,"comment_status":"open","ping_status":"closed","template":"","meta":{"footnotes":""},"class_list":["post-4462","page","type-page","status-publish","has-post-thumbnail","hentry","nodate","item-wrap"],"_links":{"self":[{"href":"https:\/\/www.donhighend.de\/index.php?rest_route=\/wp\/v2\/pages\/4462","targetHints":{"allow":["GET"]}}],"collection":[{"href":"https:\/\/www.donhighend.de\/index.php?rest_route=\/wp\/v2\/pages"}],"about":[{"href":"https:\/\/www.donhighend.de\/index.php?rest_route=\/wp\/v2\/types\/page"}],"author":[{"embeddable":true,"href":"https:\/\/www.donhighend.de\/index.php?rest_route=\/wp\/v2\/users\/1"}],"replies":[{"embeddable":true,"href":"https:\/\/www.donhighend.de\/index.php?rest_route=%2Fwp%2Fv2%2Fcomments&post=4462"}],"version-history":[{"count":98,"href":"https:\/\/www.donhighend.de\/index.php?rest_route=\/wp\/v2\/pages\/4462\/revisions"}],"predecessor-version":[{"id":11549,"href":"https:\/\/www.donhighend.de\/index.php?rest_route=\/wp\/v2\/pages\/4462\/revisions\/11549"}],"up":[{"embeddable":true,"href":"https:\/\/www.donhighend.de\/index.php?rest_route=\/wp\/v2\/pages\/10285"}],"wp:featuredmedia":[{"embeddable":true,"href":"https:\/\/www.donhighend.de\/index.php?rest_route=\/wp\/v2\/media\/11548"}],"wp:attachment":[{"href":"https:\/\/www.donhighend.de\/index.php?rest_route=%2Fwp%2Fv2%2Fmedia&parent=4462"}],"curies":[{"name":"wp","href":"https:\/\/api.w.org\/{rel}","templated":true}]}}