{"id":4413,"date":"2017-06-23T08:34:53","date_gmt":"2017-06-23T07:34:53","guid":{"rendered":"http:\/\/www.donhighend.de\/?page_id=4413"},"modified":"2020-08-31T13:46:33","modified_gmt":"2020-08-31T12:46:33","slug":"linearitaet-wahrheit-oder-wunschdenken","status":"publish","type":"page","link":"https:\/\/www.donhighend.de\/?page_id=4413","title":{"rendered":"Linearit\u00e4t &#8211; Wahrheit oder Wunschgedanke?"},"content":{"rendered":"<p><img loading=\"lazy\" decoding=\"async\" class=\"aligncenter size-full wp-image-4562\" src=\"https:\/\/www.donhighend.de\/wp-content\/uploads\/2017\/06\/Titelbild-1.jpg\" alt=\"\" width=\"640\" height=\"445\" srcset=\"https:\/\/www.donhighend.de\/wp-content\/uploads\/2017\/06\/Titelbild-1.jpg 640w, https:\/\/www.donhighend.de\/wp-content\/uploads\/2017\/06\/Titelbild-1-300x209.jpg 300w\" sizes=\"auto, (max-width: 640px) 100vw, 640px\" \/><\/p>\n<p style=\"text-align: justify;\">Ein perfekt glatter Amplitudenverlauf seiner Lautsprecher z\u00e4hlt zu den wohl erstrebenswertesten Kriterien, die der DIY-Musikfreund sich w\u00fcnscht. Neben vielen anderen Faktoren z\u00e4hlt eine lineare Abstimmung zu den Grundvoraussetzungen f\u00fcr ein ausgewogenes Klangerlebnis. Was aber n\u00fctzen die tollsten Simulationen und Messungen, wenn deren Darstellung einen viel zu glatten Amplitudenverlauf vorgaukelt?<\/p>\n<p style=\"text-align: justify;\">Oft f\u00e4ngt es schon bei der Auswahl der Lautsprecherchassis an. Die Datenbl\u00e4tter einiger Hersteller zeigen durch extreme Spreizung der Grafiken einen fast linealglatten Amplitudenverlauf ihrer Chassis.<\/p>\n<p style=\"text-align: center;\"><img loading=\"lazy\" decoding=\"async\" class=\"aligncenter size-full wp-image-4453\" src=\"https:\/\/www.donhighend.de\/wp-content\/uploads\/2017\/06\/Amplitudengang-gut-gespreizt.jpg\" alt=\"\" width=\"800\" height=\"220\" srcset=\"https:\/\/www.donhighend.de\/wp-content\/uploads\/2017\/06\/Amplitudengang-gut-gespreizt.jpg 800w, https:\/\/www.donhighend.de\/wp-content\/uploads\/2017\/06\/Amplitudengang-gut-gespreizt-300x83.jpg 300w, https:\/\/www.donhighend.de\/wp-content\/uploads\/2017\/06\/Amplitudengang-gut-gespreizt-768x211.jpg 768w\" sizes=\"auto, (max-width: 800px) 100vw, 800px\" \/>Amplitudenverlauf eines TMT in gespreizter Darstellung bei 60dB Range im Datenblatt<\/p>\n<p>Die gespreizte Darstellung l\u00e4sst den Verlauf wesentlich glatter erscheinen als er tats\u00e4chlich ist. Skaliert man die obige Grafik in das f\u00fcr solche Darstellungen meist verwendete 4:3 Format, gewinnt die Kurve an Aussagekraft.<\/p>\n<p><img loading=\"lazy\" decoding=\"async\" class=\"aligncenter size-full wp-image-4454\" src=\"https:\/\/www.donhighend.de\/wp-content\/uploads\/2017\/06\/Amplitudengang-gut-4x3.jpg\" alt=\"\" width=\"800\" height=\"600\" srcset=\"https:\/\/www.donhighend.de\/wp-content\/uploads\/2017\/06\/Amplitudengang-gut-4x3.jpg 800w, https:\/\/www.donhighend.de\/wp-content\/uploads\/2017\/06\/Amplitudengang-gut-4x3-300x225.jpg 300w, https:\/\/www.donhighend.de\/wp-content\/uploads\/2017\/06\/Amplitudengang-gut-4x3-768x576.jpg 768w\" sizes=\"auto, (max-width: 800px) 100vw, 800px\" \/><\/p>\n<p style=\"text-align: center;\">Amplitudenverlauf des obigen TMT bei 60dB Range in praxisgerechter Skalierung<\/p>\n<p style=\"text-align: justify;\">Nat\u00fcrlich wird das jeweilige Chassis selbst durch die Aufl\u00f6sung der Grafik nicht besser oder schlechter. Durch die ge\u00e4nderte Darstellungsweise werden aber selbst kleinere Abweichungen und Resonanzartefakte besser sichtbar.<\/p>\n<p style=\"text-align: justify;\">Noch deutlicher werden die Unterschiede bei Chassis, deren Amplitudenverlauf nicht so sch\u00f6n glatt ist, wie im obigen Beispiel.<\/p>\n<p style=\"text-align: center;\"><img loading=\"lazy\" decoding=\"async\" class=\"aligncenter size-full wp-image-4457\" src=\"https:\/\/www.donhighend.de\/wp-content\/uploads\/2017\/06\/Amplitudengang-schlecht-gespreizt.jpg\" alt=\"\" width=\"800\" height=\"220\" srcset=\"https:\/\/www.donhighend.de\/wp-content\/uploads\/2017\/06\/Amplitudengang-schlecht-gespreizt.jpg 800w, https:\/\/www.donhighend.de\/wp-content\/uploads\/2017\/06\/Amplitudengang-schlecht-gespreizt-300x83.jpg 300w, https:\/\/www.donhighend.de\/wp-content\/uploads\/2017\/06\/Amplitudengang-schlecht-gespreizt-768x211.jpg 768w\" sizes=\"auto, (max-width: 800px) 100vw, 800px\" \/>Amplitudenverlauf eines TMT in gespreizter Darstellung bei 60dB Range im Datenblatt<\/p>\n<p>Skaliert man diese Grafik ebenfalls in das g\u00e4ngige 4:3 Format, entpuppt sich die scheinbar leicht zu korrigierende Unregelm\u00e4\u00dfigkeit im Mitteltonbereich als nicht so harmlos wie angenommen.<\/p>\n<p><img loading=\"lazy\" decoding=\"async\" class=\"aligncenter size-full wp-image-4458\" src=\"https:\/\/www.donhighend.de\/wp-content\/uploads\/2017\/06\/Amplitudengang-schlecht-4x3.jpg\" alt=\"\" width=\"800\" height=\"600\" srcset=\"https:\/\/www.donhighend.de\/wp-content\/uploads\/2017\/06\/Amplitudengang-schlecht-4x3.jpg 800w, https:\/\/www.donhighend.de\/wp-content\/uploads\/2017\/06\/Amplitudengang-schlecht-4x3-300x225.jpg 300w, https:\/\/www.donhighend.de\/wp-content\/uploads\/2017\/06\/Amplitudengang-schlecht-4x3-768x576.jpg 768w\" sizes=\"auto, (max-width: 800px) 100vw, 800px\" \/><\/p>\n<p style=\"text-align: center;\">Amplitudenverlauf des obigen TMT bei 60dB Range in praxisgerechter Skalierung<\/p>\n<p style=\"text-align: justify;\">Die beiden obigen Beispiele zeigen eine Range von 60dB. Das hei\u00dft, der Anzeigebereich zwischen unterer Linie (50dB) und oberer Linie (110dB) betr\u00e4gt 60dB. Leider publiziert auch die Hobby HiFi ihre Messungen in einer 60dB Range (45dB &#8211; 105dB). Pers\u00f6nlich bevorzuge ich eine Range von 50dB. Viele\u00a0 Fachzeitschriften, wie z. B. Klang+Ton, oder au\u00dferhalb des DIY Stereoplay, w\u00e4hlen f\u00fcr ihre Grafiken ebenso die aussagekr\u00e4ftigere Range von 50dB.<\/p>\n<p style=\"text-align: justify;\">Das gro\u00dfartige und kostenlose Simulationsprogramm Boxsim ist ohne Installation sofort nach dem Download lauff\u00e4hig. Leider ist es in der Default Version so eingestellt, dass die Anzeige einen Bereich von 40dB &#8211; 110dB umfasst. Das ist eine Range von 70dB, die den Amplitudenverlauf viel zu glatt erscheinen l\u00e4sst. In den Projekteigenschaften bietet Boxsim ferner die M\u00f6glichkeit, in die Darstellung einzugreifen. \u00dcber die Buttons &#8222;grob&#8220;, &#8222;mittel&#8220;, und &#8222;fein&#8220; kann die hinterlegte Messkurve eines Chassis, bzw. eine importierte Messung, nochmals gegl\u00e4ttet werden. In der Default Einstellung ist &#8222;mittel&#8220; voreingestellt. Auch dadurch erscheint der simulierte Amplitudenverlauf glatter, als er tats\u00e4chlich ist. W\u00e4hlt der User zus\u00e4tzlich noch eine Volldarstellung auf einem der heute \u00fcblichen Widescreens, gleicht die Simulation sehr schnell dem vielzitierten Lineal. Wenn der User dann zus\u00e4tzlich noch die Messung seines Chassis gesmoothed hat&#8230;<\/p>\n<p>An folgendem Beispiel wird dies deutlich:<\/p>\n<p style=\"text-align: center;\"><img loading=\"lazy\" decoding=\"async\" class=\"aligncenter size-full wp-image-4550\" src=\"https:\/\/www.donhighend.de\/wp-content\/uploads\/2017\/06\/Breitb\u00e4nder-nicht-gesmoothed.jpg\" alt=\"\" width=\"800\" height=\"600\" srcset=\"https:\/\/www.donhighend.de\/wp-content\/uploads\/2017\/06\/Breitb\u00e4nder-nicht-gesmoothed.jpg 800w, https:\/\/www.donhighend.de\/wp-content\/uploads\/2017\/06\/Breitb\u00e4nder-nicht-gesmoothed-300x225.jpg 300w, https:\/\/www.donhighend.de\/wp-content\/uploads\/2017\/06\/Breitb\u00e4nder-nicht-gesmoothed-768x576.jpg 768w\" sizes=\"auto, (max-width: 800px) 100vw, 800px\" \/>Breitb\u00e4nder Messung mit ARTA, Darstellung im 4:3 Format ohne Gl\u00e4ttung<\/p>\n<p style=\"text-align: justify;\">Sehr deutlich sind selbst kleine Abweichungen vom theroretischen Idealverlauf der Amplitude sichtbar. ARTA bietet die M\u00f6glichkeit, den Verlauf der Kurve in verschiedenen Intensit\u00e4ten zu gl\u00e4tten. Dies kann in diversen Messsituationen hilfreich sein, nicht jedoch bei der Entwicklung und Abstimmung eines Lautsprechers.<\/p>\n<p><img loading=\"lazy\" decoding=\"async\" class=\"aligncenter size-full wp-image-4551\" src=\"https:\/\/www.donhighend.de\/wp-content\/uploads\/2017\/06\/Breitb\u00e4nder-gesmoothed-Widescreen.jpg\" alt=\"\" width=\"800\" height=\"450\" srcset=\"https:\/\/www.donhighend.de\/wp-content\/uploads\/2017\/06\/Breitb\u00e4nder-gesmoothed-Widescreen.jpg 800w, https:\/\/www.donhighend.de\/wp-content\/uploads\/2017\/06\/Breitb\u00e4nder-gesmoothed-Widescreen-300x169.jpg 300w, https:\/\/www.donhighend.de\/wp-content\/uploads\/2017\/06\/Breitb\u00e4nder-gesmoothed-Widescreen-768x432.jpg 768w\" sizes=\"auto, (max-width: 800px) 100vw, 800px\" \/><\/p>\n<p style=\"text-align: center;\">Breitb\u00e4nder Messung mit ARTA, Darstellung im Widescreen Format mit 1\/3 oct Gl\u00e4ttung<\/p>\n<p style=\"text-align: justify;\">Durch die Gl\u00e4ttung der Messung erscheint der Amplitudenverlauf deutlich ausgewogener. Die Widescreen Darstellung verst\u00e4rkt diesen Effekt zus\u00e4tzlich. Wird diese Messung im n\u00e4chsten Arbeitsschritt in Boxsim importiert, ohne die Default Einstellungen des Programms zu ver\u00e4ndern, f\u00fchrt dies zu einer nochmaligen Gl\u00e4ttung.<\/p>\n<p><img loading=\"lazy\" decoding=\"async\" class=\"aligncenter size-full wp-image-4578\" src=\"https:\/\/www.donhighend.de\/wp-content\/uploads\/2017\/06\/Breitb\u00e4nder-gesmoothed-Widescreen-Boxsim-default.jpg\" alt=\"\" width=\"799\" height=\"449\" srcset=\"https:\/\/www.donhighend.de\/wp-content\/uploads\/2017\/06\/Breitb\u00e4nder-gesmoothed-Widescreen-Boxsim-default.jpg 799w, https:\/\/www.donhighend.de\/wp-content\/uploads\/2017\/06\/Breitb\u00e4nder-gesmoothed-Widescreen-Boxsim-default-300x169.jpg 300w, https:\/\/www.donhighend.de\/wp-content\/uploads\/2017\/06\/Breitb\u00e4nder-gesmoothed-Widescreen-Boxsim-default-768x432.jpg 768w\" sizes=\"auto, (max-width: 799px) 100vw, 799px\" \/><\/p>\n<p style=\"text-align: center;\">Messung in Boxsim importiert, Darstellung im Widescreen Format, Boxsim Default Einstellung<\/p>\n<p style=\"text-align: justify;\">Der Amplitudenverlauf des Chassis erscheint nun schon fast perfekt, wenn man vom Anstieg zum Hochton hin absieht. Wie bereits erw\u00e4hnt, wird ein Chassis durch die Einstellungen nicht besser oder schlechter. Es besteht jedoch die Gefahr, dass unerfahrene Entwickler sich auf diese Weise unwissend einen viel besseren Amplitudenverlauf ihrer Lautsprecher vorgaukeln, als er tats\u00e4chlich ist.<\/p>\n<p style=\"text-align: justify;\">So schaut es in Boxsim aus, wenn eine Range von 50dB, in den Projekteigenschaften die Anzeige\u00a0 &#8222;Fein &#8211; 250 Punkte&#8220; und eine Darstellung im 4:3 Format eingestellt wird.<\/p>\n<p><img loading=\"lazy\" decoding=\"async\" class=\"aligncenter size-full wp-image-4579\" src=\"https:\/\/www.donhighend.de\/wp-content\/uploads\/2017\/06\/Breitb\u00e4nder-unsmoothed-4_3-Boxsim-50dB.jpg\" alt=\"\" width=\"798\" height=\"604\" srcset=\"https:\/\/www.donhighend.de\/wp-content\/uploads\/2017\/06\/Breitb\u00e4nder-unsmoothed-4_3-Boxsim-50dB.jpg 798w, https:\/\/www.donhighend.de\/wp-content\/uploads\/2017\/06\/Breitb\u00e4nder-unsmoothed-4_3-Boxsim-50dB-300x227.jpg 300w, https:\/\/www.donhighend.de\/wp-content\/uploads\/2017\/06\/Breitb\u00e4nder-unsmoothed-4_3-Boxsim-50dB-768x581.jpg 768w\" sizes=\"auto, (max-width: 798px) 100vw, 798px\" \/><\/p>\n<p style=\"text-align: center;\"><span style=\"color: #000000;\">Ungegl\u00e4ttete Messung in Boxsim importiert, Darstellung im 4:3 Format, Boxsim &#8222;250 Punkte Fein&#8220;<br \/>\n<\/span><\/p>\n<p style=\"text-align: justify;\">Um es noch einmal deutlich zu machen, bei beiden Boxsim Darstellungen handelt es sich um die selbe Messung des selben Breitb\u00e4nders im selben Geh\u00e4use. Lediglich die Darstellungsweise wurde ver\u00e4ndert.<\/p>\n<p style=\"text-align: justify;\">Ein kleiner Tip, f\u00fcr alle die es noch genauer haben m\u00f6chten. Boxsim gl\u00e4ttet auch in der Einstellung &#8222;Fein 250 Punkte&#8220; noch. Die 250 Punkte k\u00f6nnen mit bis zu 599 Punkten \u00fcberschrieben werden&#8230;<\/p>\n<p>&nbsp;<\/p>\n","protected":false},"excerpt":{"rendered":"<p>Ein perfekt glatter Amplitudenverlauf seiner Lautsprecher z\u00e4hlt zu den wohl erstrebenswertesten Kriterien, die der DIY-Musikfreund sich w\u00fcnscht. Neben vielen anderen Faktoren z\u00e4hlt eine lineare Abstimmung zu den Grundvoraussetzungen f\u00fcr ein ausgewogenes Klangerlebnis. Was aber n\u00fctzen die tollsten Simulationen und Messungen, wenn deren Darstellung einen viel zu glatten Amplitudenverlauf vorgaukelt? Oft f\u00e4ngt es schon bei der &hellip; <\/p>\n<p><a class=\"more-link btn\" href=\"https:\/\/www.donhighend.de\/?page_id=4413\">Weiterlesen<\/a><\/p>\n","protected":false},"author":1,"featured_media":4562,"parent":3876,"menu_order":998,"comment_status":"open","ping_status":"closed","template":"","meta":{"footnotes":""},"class_list":["post-4413","page","type-page","status-publish","has-post-thumbnail","hentry","nodate","item-wrap"],"_links":{"self":[{"href":"https:\/\/www.donhighend.de\/index.php?rest_route=\/wp\/v2\/pages\/4413","targetHints":{"allow":["GET"]}}],"collection":[{"href":"https:\/\/www.donhighend.de\/index.php?rest_route=\/wp\/v2\/pages"}],"about":[{"href":"https:\/\/www.donhighend.de\/index.php?rest_route=\/wp\/v2\/types\/page"}],"author":[{"embeddable":true,"href":"https:\/\/www.donhighend.de\/index.php?rest_route=\/wp\/v2\/users\/1"}],"replies":[{"embeddable":true,"href":"https:\/\/www.donhighend.de\/index.php?rest_route=%2Fwp%2Fv2%2Fcomments&post=4413"}],"version-history":[{"count":80,"href":"https:\/\/www.donhighend.de\/index.php?rest_route=\/wp\/v2\/pages\/4413\/revisions"}],"predecessor-version":[{"id":6226,"href":"https:\/\/www.donhighend.de\/index.php?rest_route=\/wp\/v2\/pages\/4413\/revisions\/6226"}],"up":[{"embeddable":true,"href":"https:\/\/www.donhighend.de\/index.php?rest_route=\/wp\/v2\/pages\/3876"}],"wp:featuredmedia":[{"embeddable":true,"href":"https:\/\/www.donhighend.de\/index.php?rest_route=\/wp\/v2\/media\/4562"}],"wp:attachment":[{"href":"https:\/\/www.donhighend.de\/index.php?rest_route=%2Fwp%2Fv2%2Fmedia&parent=4413"}],"curies":[{"name":"wp","href":"https:\/\/api.w.org\/{rel}","templated":true}]}}