{"id":439,"date":"2010-12-16T19:18:43","date_gmt":"2010-12-16T19:18:43","guid":{"rendered":"http:\/\/www.donhighend.de\/?page_id=439"},"modified":"2018-04-09T11:28:39","modified_gmt":"2018-04-09T10:28:39","slug":"monalina","status":"publish","type":"page","link":"https:\/\/www.donhighend.de\/?page_id=439","title":{"rendered":"Monalina"},"content":{"rendered":"<p><img loading=\"lazy\" decoding=\"async\" class=\"aligncenter size-full wp-image-5185\" src=\"https:\/\/www.donhighend.de\/wp-content\/uploads\/2018\/01\/Titelbild.jpg\" alt=\"\" width=\"350\" height=\"640\" srcset=\"https:\/\/www.donhighend.de\/wp-content\/uploads\/2018\/01\/Titelbild.jpg 350w, https:\/\/www.donhighend.de\/wp-content\/uploads\/2018\/01\/Titelbild-164x300.jpg 164w\" sizes=\"auto, (max-width: 350px) 100vw, 350px\" \/><\/p>\n<p style=\"text-align: justify;\">Es war im Herbst 2006, als die K+T in Zusammenarbeit mit Monacor einen Leserwettbewerb auschrieb. F\u00fcnf aus vielen Zuschriften ausgew\u00e4hlte Kandidaten durften sich an die Arbeit machen und aus den von Monacor spendierten Chassis, je einem SPH-170 Tiefmittelt\u00f6ner und DT-25N Hocht\u00f6ner, ihr zuvor eingereichtes Konzept verwirklichen. Offensichtlich gefiel meine auf den Namen &#8222;Monalina&#8220; getaufte Transmissionline, denn kurze Zeit \u00f6ffnete ich einen Briefumschlag, in dem ich lesen durfte, dass ich zu den auserkorenen f\u00fcnf z\u00e4hle.<\/p>\n<p style=\"text-align: justify;\">Einige Tage sp\u00e4ter \u00fcberreichte mir der Postbote ein Paket mit den heissersehnten Chassis. Lange hatte ich nichts mehr gemacht, mit T\u00f6nern aus Bremen. Umso \u00fcberraschter war ich, als ich die guten St\u00fccke in den H\u00e4nden hielt. Die Chassis machten einen sehr soliden Eindruck. Der SPH-170 tr\u00e4gt seine steife Polypropylenmembran in einem optisch ansprechenden und sehr soliden Gusskorb. Da gibts keine Grate oder schlechte Verklebungen. Das Teil hat was&#8230;<\/p>\n<p>&nbsp;<\/p>\n<p style=\"text-align: center;\"><img loading=\"lazy\" decoding=\"async\" class=\"aligncenter size-full wp-image-5183\" src=\"https:\/\/www.donhighend.de\/wp-content\/uploads\/2018\/01\/SPH-170.jpg\" alt=\"\" width=\"600\" height=\"600\" srcset=\"https:\/\/www.donhighend.de\/wp-content\/uploads\/2018\/01\/SPH-170.jpg 600w, https:\/\/www.donhighend.de\/wp-content\/uploads\/2018\/01\/SPH-170-150x150.jpg 150w, https:\/\/www.donhighend.de\/wp-content\/uploads\/2018\/01\/SPH-170-300x300.jpg 300w\" sizes=\"auto, (max-width: 600px) 100vw, 600px\" \/>SPH-170<\/p>\n<p style=\"text-align: center;\"><span style=\"color: #ffffff;\">fff<\/span><\/p>\n<p style=\"text-align: justify;\">Ebenfalls von guter Haptik ist der Hocht\u00f6ner. Die DT-25N ist eine nur 66 mm durchmessende 1 Zoll Kalotte, welche, von einem Neodymmagneten befeuert, auf einen kleinen Hornvorsatz arbeitet.<\/p>\n<p style=\"text-align: justify;\"><span style=\"color: #ffffff;\">fff<\/span><\/p>\n<p style=\"text-align: center;\"><img loading=\"lazy\" decoding=\"async\" class=\"aligncenter size-full wp-image-5181\" src=\"https:\/\/www.donhighend.de\/wp-content\/uploads\/2018\/01\/DT-25N.jpg\" alt=\"\" width=\"540\" height=\"540\" srcset=\"https:\/\/www.donhighend.de\/wp-content\/uploads\/2018\/01\/DT-25N.jpg 540w, https:\/\/www.donhighend.de\/wp-content\/uploads\/2018\/01\/DT-25N-150x150.jpg 150w, https:\/\/www.donhighend.de\/wp-content\/uploads\/2018\/01\/DT-25N-300x300.jpg 300w\" sizes=\"auto, (max-width: 540px) 100vw, 540px\" \/>DT-25N<\/p>\n<p style=\"text-align: center;\"><span style=\"color: #ffffff;\">fff<\/span><\/p>\n<p style=\"text-align: justify;\">Da das Simulationsprogramm AJHorn und auch die Martin J. King Sheets\u00a0 erst zu einem sp\u00e4teren Zeitpunkt Einzug in mein DIY-Leben hielten, wurde das Transmissionlinegeh\u00e4use der Monalina noch zu Fu\u00df mit den bekannten Formeln erstellt.\u00a0 Zu jener Zeit hatte ich des \u00d6fteren gelesen, dass eine Positionierung des Chassis auf 1\/3 bzw. 1\/5 der Linel\u00e4nge vorteilhaft sei und zu einer deutlichen Reduzierung des ber\u00fcchtigten Transmissionline Lochs f\u00fchren kann. So entschied ich mich dazu, den SPH-170 auf einem Drittel der Linel\u00e4nge einzubauen.<\/p>\n<p style=\"text-align: justify;\"><span style=\"color: #ffffff;\">fff<\/span><\/p>\n<p style=\"text-align: center;\"><a href=\"https:\/\/www.donhighend.de\/wp-content\/uploads\/2010\/12\/Monalina-Bauplan1.png\"><img loading=\"lazy\" decoding=\"async\" class=\"aligncenter size-large wp-image-1098\" title=\"Monalina Bauplan\" src=\"https:\/\/www.donhighend.de\/wp-content\/uploads\/2010\/12\/Monalina-Bauplan1-766x1024.png\" alt=\"\" width=\"645\" height=\"862\" srcset=\"https:\/\/www.donhighend.de\/wp-content\/uploads\/2010\/12\/Monalina-Bauplan1-766x1024.png 766w, https:\/\/www.donhighend.de\/wp-content\/uploads\/2010\/12\/Monalina-Bauplan1-224x300.png 224w, https:\/\/www.donhighend.de\/wp-content\/uploads\/2010\/12\/Monalina-Bauplan1.png 1452w\" sizes=\"auto, (max-width: 645px) 100vw, 645px\" \/><\/a>Bauplan (Ma\u00dfe f\u00fcr 22 mm Materialst\u00e4rke)<\/p>\n<p style=\"text-align: justify;\"><span style=\"color: #ffffff;\">fff<\/span><\/p>\n<p style=\"text-align: justify;\">Die Aufdoppelung des Teilers ist nicht unbedingt erforderlich. Da ich bei schmalen Standboxen nicht mag, wenn sie breiter als tief sind, habe ich mich dieses Tricks bedient.\u00a0 Andererseits wird die Box dadurch sehr stabil und schwer, was sich auch in der beliebten Klopfprobe positiv bemerkbar macht. Positiver Nebeneffekt der Faltung ist das resultierende Weichenfach in der Mitte der R\u00fcckseite.<\/p>\n<p style=\"text-align: justify;\"><span style=\"color: #ffffff;\">fff<\/span><\/p>\n<p style=\"text-align: center;\"><img loading=\"lazy\" decoding=\"async\" class=\"aligncenter size-full wp-image-4084\" src=\"https:\/\/www.donhighend.de\/wp-content\/uploads\/2010\/12\/Weichenfach.jpg\" alt=\"\" width=\"338\" height=\"465\" srcset=\"https:\/\/www.donhighend.de\/wp-content\/uploads\/2010\/12\/Weichenfach.jpg 338w, https:\/\/www.donhighend.de\/wp-content\/uploads\/2010\/12\/Weichenfach-218x300.jpg 218w\" sizes=\"auto, (max-width: 338px) 100vw, 338px\" \/>Weichenfach<\/p>\n<p style=\"text-align: justify;\"><span style=\"color: #ffffff;\">fff<\/span><\/p>\n<p style=\"text-align: justify;\">Der kreisrunde 78mm durchmessende Ausschnitt auf der R\u00fcckseite ist f\u00fcr das Anschlu\u00dfterminal vorgesehen. Nat\u00fcrlich k\u00f6nnen Terminals mit anderen Ma\u00dfen oder auch einfach nur Polklemmen eingebracht werden.<\/p>\n<p style=\"text-align: justify;\">Die beiden Chassis verhalten sich im Geh\u00e4use absolut musterg\u00fcltig, so dass die Frequenzweiche sehr einfach und somit preiswert gestaltet werden kann.\u00a0 Schlichte 12 dB Filter, im Hochtonbereich um einen Spannungsteiler zur Pegelkorrektur erg\u00e4nzt, ergeben eine Frequenzweiche aus nur 6 Bauteilen.<\/p>\n<p style=\"text-align: justify;\"><span style=\"color: #ffffff;\">fff<\/span><\/p>\n<p style=\"text-align: center;\"><a href=\"https:\/\/www.donhighend.de\/wp-content\/uploads\/2010\/12\/Weiche.png\"><img loading=\"lazy\" decoding=\"async\" class=\"aligncenter size-full wp-image-1102\" title=\"Weiche\" src=\"https:\/\/www.donhighend.de\/wp-content\/uploads\/2010\/12\/Weiche.png\" alt=\"\" width=\"504\" height=\"267\" srcset=\"https:\/\/www.donhighend.de\/wp-content\/uploads\/2010\/12\/Weiche.png 504w, https:\/\/www.donhighend.de\/wp-content\/uploads\/2010\/12\/Weiche-300x158.png 300w\" sizes=\"auto, (max-width: 504px) 100vw, 504px\" \/><\/a>Weiche<\/p>\n<p style=\"text-align: center;\"><span style=\"color: #ffffff;\">fff<\/span><\/p>\n<p style=\"text-align: center;\"><a href=\"https:\/\/www.donhighend.de\/wp-content\/uploads\/2010\/12\/Frequenzgang.png\"><img loading=\"lazy\" decoding=\"async\" class=\"aligncenter size-full wp-image-1105\" title=\"Frequenzgang\" src=\"https:\/\/www.donhighend.de\/wp-content\/uploads\/2010\/12\/Frequenzgang.png\" alt=\"\" width=\"640\" height=\"411\" srcset=\"https:\/\/www.donhighend.de\/wp-content\/uploads\/2010\/12\/Frequenzgang.png 640w, https:\/\/www.donhighend.de\/wp-content\/uploads\/2010\/12\/Frequenzgang-300x192.png 300w\" sizes=\"auto, (max-width: 640px) 100vw, 640px\" \/><\/a>Frequenzgangmessung<\/p>\n<p style=\"text-align: center;\"><span style=\"color: #ffffff;\">fff<\/span><\/p>\n<p style=\"text-align: justify;\">Die Monalina spielt sehr ausgewogen mit einem kr\u00e4ftigen, trockenen Bass. Stimmen klingen sehr nat\u00fcrlich, und die DT-25N l\u00f6st sehr fein auf. Der Lautsprecher eignet sich f\u00fcr kleine bis mittelgro\u00dfe R\u00e4ume und nimmt selbst wandnahe Aufstellung nicht \u00fcbel. Hier lohnt es, ein wenig mit der Bed\u00e4mpfung zu experimentieren. Ich habe die Monalina lediglich mit einem Streifen\u00a0 Polyesterwatte versehen, die ich \u00fcber den Teiler gespannt habe. Dieser Streifen ragt sowohl oben, als auch unten gerade so \u00fcber den Knick in den hinteren Teil der Line. Ferner wird am Anfang und am Ende der Line jeweils ein kleiner Ballen Sonofil eingebracht. Hier darf ruhig ein wenig experimentiert werden.<\/p>\n<p style=\"text-align: justify;\">Einen Nachbau der Monalina finden Sie <a href=\"http:\/\/sinus-pollux.de\/ml.html\" target=\"_blank\" rel=\"noopener noreferrer\"><strong><span style=\"color: #ff0000;\">HIER<\/span><\/strong><\/a><\/p>\n<p style=\"text-align: justify;\">Die Baupl\u00e4ne sind f\u00fcr private Nutzung freigegeben. Jegliche Form der gewerblichen Nutzung oder Verbreitung ohne vorherige Absprache ist untersagt und wird strafrechtlich verfolgt.<\/p>\n","protected":false},"excerpt":{"rendered":"<p>Es war im Herbst 2006, als die K+T in Zusammenarbeit mit Monacor einen Leserwettbewerb auschrieb. F\u00fcnf aus vielen Zuschriften ausgew\u00e4hlte Kandidaten durften sich an die Arbeit machen und aus den von Monacor spendierten Chassis, je einem SPH-170 Tiefmittelt\u00f6ner und DT-25N Hocht\u00f6ner, ihr zuvor eingereichtes Konzept verwirklichen. Offensichtlich gefiel meine auf den Namen &#8222;Monalina&#8220; getaufte Transmissionline, &hellip; <\/p>\n<p><a class=\"more-link btn\" href=\"https:\/\/www.donhighend.de\/?page_id=439\">Weiterlesen<\/a><\/p>\n","protected":false},"author":1,"featured_media":5185,"parent":4401,"menu_order":1000,"comment_status":"open","ping_status":"closed","template":"","meta":{"footnotes":""},"class_list":["post-439","page","type-page","status-publish","has-post-thumbnail","hentry","nodate","item-wrap"],"_links":{"self":[{"href":"https:\/\/www.donhighend.de\/index.php?rest_route=\/wp\/v2\/pages\/439","targetHints":{"allow":["GET"]}}],"collection":[{"href":"https:\/\/www.donhighend.de\/index.php?rest_route=\/wp\/v2\/pages"}],"about":[{"href":"https:\/\/www.donhighend.de\/index.php?rest_route=\/wp\/v2\/types\/page"}],"author":[{"embeddable":true,"href":"https:\/\/www.donhighend.de\/index.php?rest_route=\/wp\/v2\/users\/1"}],"replies":[{"embeddable":true,"href":"https:\/\/www.donhighend.de\/index.php?rest_route=%2Fwp%2Fv2%2Fcomments&post=439"}],"version-history":[{"count":49,"href":"https:\/\/www.donhighend.de\/index.php?rest_route=\/wp\/v2\/pages\/439\/revisions"}],"predecessor-version":[{"id":5220,"href":"https:\/\/www.donhighend.de\/index.php?rest_route=\/wp\/v2\/pages\/439\/revisions\/5220"}],"up":[{"embeddable":true,"href":"https:\/\/www.donhighend.de\/index.php?rest_route=\/wp\/v2\/pages\/4401"}],"wp:featuredmedia":[{"embeddable":true,"href":"https:\/\/www.donhighend.de\/index.php?rest_route=\/wp\/v2\/media\/5185"}],"wp:attachment":[{"href":"https:\/\/www.donhighend.de\/index.php?rest_route=%2Fwp%2Fv2%2Fmedia&parent=439"}],"curies":[{"name":"wp","href":"https:\/\/api.w.org\/{rel}","templated":true}]}}