{"id":4320,"date":"2017-04-03T09:11:29","date_gmt":"2017-04-03T08:11:29","guid":{"rendered":"http:\/\/www.donhighend.de\/?page_id=4320"},"modified":"2025-09-09T12:57:51","modified_gmt":"2025-09-09T11:57:51","slug":"maxi-al-tqwt-d-a-u-edition","status":"publish","type":"page","link":"https:\/\/www.donhighend.de\/?page_id=4320","title":{"rendered":"FW146 TQWT &#8222;D.A.U. Edition&#8220;"},"content":{"rendered":"<p style=\"text-align: justify;\"><img loading=\"lazy\" decoding=\"async\" class=\"aligncenter size-full wp-image-11522\" src=\"https:\/\/www.donhighend.de\/wp-content\/uploads\/2025\/09\/Titelbild-neu.jpg\" alt=\"\" width=\"335\" height=\"640\" srcset=\"https:\/\/www.donhighend.de\/wp-content\/uploads\/2025\/09\/Titelbild-neu.jpg 335w, https:\/\/www.donhighend.de\/wp-content\/uploads\/2025\/09\/Titelbild-neu-157x300.jpg 157w\" sizes=\"auto, (max-width: 335px) 100vw, 335px\" \/><\/p>\n<p style=\"text-align: justify;\">Ja ich wei\u00df, das wirkt jetzt wie ein alter Hut, und die &#8222;Neuentwicklung&#8220; ist auf den ersten Blick nicht die spektakul\u00e4rste des Jahres. Dennoch soll dieses Elaborat des 4. D.A.U. Treffens an dieser Stelle vorgestellt werden. Vielleicht erinnern Sie sich ja an den ersten &#8222;Lautsprecher-Battle&#8220; aus dem Jahre 2011, der zum Thema hatte, einen bestehenden Bassreflex-Breitband-Bausatz unter Beibehaltung der Schallwandbreite in andere Geh\u00e4useprinzipien zu pflanzen. Ich hatte mich damals dazu entschieden, den Fountek FW146 in meiner\u00a0 <strong><span style=\"color: #ff0000;\"><a style=\"color: #ff0000;\" href=\"https:\/\/www.donhighend.de\/?page_id=972\" target=\"_blank\" rel=\"noopener noreferrer\">Maxi-Al TQWT<\/a><\/span><\/strong> unterzubringen und eine alternative Beschaltung zu entwickeln.<\/p>\n<p style=\"text-align: justify;\"><span style=\"color: #ffffff;\">fff<\/span><\/p>\n<p style=\"text-align: justify;\">Als &#8222;Besch\u00e4ftigungstherapie&#8220; f\u00fcr unser 4. D.A.U. Treffen hatten wir uns auf die Fahne geschrieben, der Konstruktion mit einem Hocht\u00f6ner auf den Pelz zu r\u00fccken und sie zu einer 2-Wege Box zu erweitern. Dazu standen verschiedenste 0,75&#8243; und 1&#8243; Kalotten zur Verf\u00fcgung. Ein dem FW146 optisch sehr \u00e4hnlicher 3&#8243; Breitb\u00e4nder vervollst\u00e4ndigte die Reihe der Probanden. Es wurden diverse kleine Aufsatzschallw\u00e4nde angefertigt und entsprechende Weichenschaltungen getestet. Recht schnell zeigte sich, dass die auf die Schnelle erzielten Ergebnisse nicht unseren Vorstellungen entsprachen. Es w\u00e4ren l\u00e4ngere Experimente mit Schallwandausf\u00fchrungen, Fasen, Chassispositionen etc. notwendig gewesen. Daf\u00fcr war die Zeit einfach zu knapp. Zudem ist f\u00fcr eine sinnvolle Beschaltung des FW146 ein relativ hoher Bauteileaufwand n\u00f6tig, so dass wir unser Vorhaben kurzerhand in die Entwicklung einer neuen Beschaltung des FW146 f\u00fcr den Fullrangebetrieb \u00e4nderten.<\/p>\n<p style=\"text-align: justify;\"><span style=\"color: #ffffff;\">fff<\/span><\/p>\n<p style=\"text-align: justify;\">Heraus gekommen ist eine, im Gegensatz zu meiner Maxi-AL TQWT, vereinfachte Schaltungsvariante mit geringerem Bauteileaufwand. Das klangliche Ergebnis ist dennoch als besser zu bezeichnen. Verschiedene Musikst\u00fccke, die wir &#8222;traditionell&#8220; bei der Abstimmung von Lautsprechern anh\u00f6ren, lie\u00dfen keinen Zweifel aufkommen. So wird die Stimme von Hilary James beim St\u00fcck &#8222;Storm Warning&#8220; mit perfekter Intensit\u00e4t wiedergegeben. Die Aufnahme ist sehr kritisch, da die Stimme sehr schnell langweilig wird, andererseits aber ebenso schnell ins L\u00e4stige kippt. \u00dcber eine Einwinkelung im Bereich von etwa 10\u00b0 &#8211; 15\u00b0 l\u00e4sst sich zudem der Superhochtonbereich fein an den Raum und\/oder die H\u00f6rgewohnheiten anpassen.<\/p>\n<p style=\"text-align: justify;\"><span style=\"color: #ffffff;\">fff<\/span><\/p>\n<p style=\"text-align: center;\"><img loading=\"lazy\" decoding=\"async\" class=\"aligncenter size-full wp-image-4327\" src=\"https:\/\/www.donhighend.de\/wp-content\/uploads\/2017\/04\/Maxi-AL-TQWT-DAU-Edition-unbeschaltet.png\" alt=\"\" width=\"800\" height=\"568\" srcset=\"https:\/\/www.donhighend.de\/wp-content\/uploads\/2017\/04\/Maxi-AL-TQWT-DAU-Edition-unbeschaltet.png 800w, https:\/\/www.donhighend.de\/wp-content\/uploads\/2017\/04\/Maxi-AL-TQWT-DAU-Edition-unbeschaltet-300x213.png 300w, https:\/\/www.donhighend.de\/wp-content\/uploads\/2017\/04\/Maxi-AL-TQWT-DAU-Edition-unbeschaltet-768x545.png 768w\" sizes=\"auto, (max-width: 800px) 100vw, 800px\" \/>Fountek FW146 in TQWT unbeschaltet ohne Nahfeld<\/p>\n<p style=\"text-align: justify;\"><span style=\"color: #ffffff;\">fff<\/span><\/p>\n<p style=\"text-align: justify;\">Mit Boxsim lie\u00df sich recht schnell mit wenigen, preiswerten Bauteilen ein ansehnlicher Amplitudenverlauf erzielen.<\/p>\n<p style=\"text-align: justify;\"><span style=\"color: #ffffff;\">fff<\/span><\/p>\n<p style=\"text-align: center;\"><img loading=\"lazy\" decoding=\"async\" class=\"aligncenter size-full wp-image-4328\" src=\"https:\/\/www.donhighend.de\/wp-content\/uploads\/2017\/04\/Simulation.jpg\" alt=\"\" width=\"800\" height=\"582\" srcset=\"https:\/\/www.donhighend.de\/wp-content\/uploads\/2017\/04\/Simulation.jpg 800w, https:\/\/www.donhighend.de\/wp-content\/uploads\/2017\/04\/Simulation-300x218.jpg 300w, https:\/\/www.donhighend.de\/wp-content\/uploads\/2017\/04\/Simulation-768x559.jpg 768w\" sizes=\"auto, (max-width: 800px) 100vw, 800px\" \/>Simulation Fountek FW146 in TQWT auf Achse<\/p>\n<p style=\"text-align: justify;\"><span style=\"color: #ffffff;\">fff<\/span><\/p>\n<p style=\"text-align: justify;\">In der Praxis haben wir dem Superhochtonbereich auf Achse etwas mehr Energie spendiert als in der Simulation. Die Folge ist ein unter 15\u00b0 sehr glatter Amplitudenverlauf mit minimal abfallender Tendenz. \u00dcber die Einwinkelung der Lautsprecher l\u00e4sst sich die Superhochtonwiedergabe fein dosieren.<\/p>\n<p style=\"text-align: justify;\"><span style=\"color: #ffffff;\">fff<\/span><\/p>\n<p style=\"text-align: justify;\"><img loading=\"lazy\" decoding=\"async\" class=\"aligncenter size-full wp-image-4329\" src=\"https:\/\/www.donhighend.de\/wp-content\/uploads\/2017\/04\/Maxi-AL-TQWT-DAU-Edition-0\u00b0-60\u00b0.png\" alt=\"\" width=\"800\" height=\"585\" srcset=\"https:\/\/www.donhighend.de\/wp-content\/uploads\/2017\/04\/Maxi-AL-TQWT-DAU-Edition-0\u00b0-60\u00b0.png 800w, https:\/\/www.donhighend.de\/wp-content\/uploads\/2017\/04\/Maxi-AL-TQWT-DAU-Edition-0\u00b0-60\u00b0-300x219.png 300w, https:\/\/www.donhighend.de\/wp-content\/uploads\/2017\/04\/Maxi-AL-TQWT-DAU-Edition-0\u00b0-60\u00b0-768x562.png 768w\" sizes=\"auto, (max-width: 800px) 100vw, 800px\" \/><\/p>\n<p style=\"text-align: center;\">Amplitudenverlauf 0\u00b0 &#8211; 60\u00b0<\/p>\n<p style=\"text-align: justify;\"><span style=\"color: #ffffff;\">fff<\/span><\/p>\n<p style=\"text-align: justify;\">Der Impedanzverlauf ist frei von T\u00fccken. Die FW146 TQWT D.A.U. Edition stellt keine besonderen Anforderungen an den betreibenden Verst\u00e4rker.<\/p>\n<p style=\"text-align: justify;\"><span style=\"color: #ffffff;\">fff<\/span><\/p>\n<p style=\"text-align: center;\"><img loading=\"lazy\" decoding=\"async\" class=\"aligncenter size-full wp-image-4330\" src=\"https:\/\/www.donhighend.de\/wp-content\/uploads\/2017\/04\/Impedanzverlauf.png\" alt=\"\" width=\"942\" height=\"600\" srcset=\"https:\/\/www.donhighend.de\/wp-content\/uploads\/2017\/04\/Impedanzverlauf.png 942w, https:\/\/www.donhighend.de\/wp-content\/uploads\/2017\/04\/Impedanzverlauf-300x191.png 300w, https:\/\/www.donhighend.de\/wp-content\/uploads\/2017\/04\/Impedanzverlauf-768x489.png 768w\" sizes=\"auto, (max-width: 942px) 100vw, 942px\" \/>Impedanzverlauf<\/p>\n<p style=\"text-align: justify;\"><span style=\"color: #ffffff;\">fff<\/span><\/p>\n<p style=\"text-align: justify;\">Wie bereits erw\u00e4hnt, f\u00fchrt die neue Weichenschaltung zu einem nochmals verbesserten Klang und das, obwohl der Bauteileaufwand reduziert werden konnte.<\/p>\n<p style=\"text-align: justify;\"><span style=\"color: #ffffff;\">fff<\/span><\/p>\n<p style=\"text-align: justify;\"><img loading=\"lazy\" decoding=\"async\" class=\"aligncenter size-full wp-image-4335\" src=\"https:\/\/www.donhighend.de\/wp-content\/uploads\/2017\/04\/Weichenplan.jpg\" alt=\"\" width=\"584\" height=\"225\" srcset=\"https:\/\/www.donhighend.de\/wp-content\/uploads\/2017\/04\/Weichenplan.jpg 584w, https:\/\/www.donhighend.de\/wp-content\/uploads\/2017\/04\/Weichenplan-300x116.jpg 300w\" sizes=\"auto, (max-width: 584px) 100vw, 584px\" \/><\/p>\n<p style=\"text-align: center;\">Weichenschaltplan Maxi-AL TQWT D.A.U. Edition<\/p>\n<h3 style=\"text-align: left;\"><strong><span style=\"color: #ff0000;\"><a style=\"color: #ff0000;\" href=\"https:\/\/www.donhighend.de\/wp-content\/uploads\/2017\/04\/Warenkorb-f%C3%BCr-Maxi-AL-TQWT-D.A.U.-Edition-bei-quint-store.com_.pdf\" target=\"_blank\" rel=\"noopener noreferrer\">Warenkorb f\u00fcr die FW146 TQWT D.A.U. Edition bei quint-store.com<\/a><\/span><\/strong><\/h3>\n<p style=\"text-align: justify;\"><span style=\"color: #ffffff;\">fff<\/span><\/p>\n<p style=\"text-align: justify;\">Der Bauplan f\u00fcr das Geh\u00e4use entspricht dem meiner Ur-Maxi-AL TQWT. Sie finden ihn im entsprechenden <strong><span style=\"color: #ff0000;\"><a style=\"color: #ff0000;\" href=\"https:\/\/www.donhighend.de\/?page_id=972\" target=\"_blank\" rel=\"noopener noreferrer\">Artikel<\/a><\/span><\/strong><\/p>\n<p style=\"text-align: justify;\"><span style=\"color: #ffffff;\">fff<\/span><\/p>\n<p style=\"text-align: justify;\">Die FW146 TQWT ist in der D.A.U. Edition aktueller denn je. Sie bietet die M\u00f6glichkeit, die faszinierende r\u00e4umliche Abbildung eines kleinen Breitb\u00e4nders mit der Basswiedergabe eines erwachsenen Lautsprechers f\u00fcr einen kleinen Preis zu kombinieren.<\/p>\n<p>&nbsp;<\/p>\n<p>Forenuser TobyK schreibt:<\/p>\n<h5 style=\"text-align: justify;\"><span style=\"color: #ff6600;\"><em>Wie schon bei den LYC hab ich Dire Straits mit &#8222;Brothers in Arms&#8220; aufgelegt, mich hingesetzt und gehofft dass ich was h\u00f6ren werde. <\/em><\/span><span style=\"color: #ff6600;\"><em>Und siehe da, die ersten Takte und ich hatte ein L\u00e4cheln im Gesicht. <\/em><\/span><span style=\"color: #ff6600;\"><em>Anfangs hatte ich die LS scheinbar zu wenig eingewinkelt oder ich sa\u00df in einer ung\u00fcnstigen Entfernung. Ich vermisste R\u00e4umlichkeit. <\/em><\/span><span style=\"color: #ff6600;\"><em>Jetzt sind sie beide etwas mehr auf mich eingedreht und bums, alles prima. <\/em><\/span><span style=\"color: #ff6600;\"><em>Die H\u00f6hen find ich prima, nicht scharfes zu h\u00f6ren und der Bass ist f\u00fcr meinen Raum scheinbar genau richtig. <\/em><\/span><span style=\"color: #ff6600;\"><em>Bei den LYC hatte ich eine starke Mode hinter mir an der Wand <\/em><\/span><span style=\"color: #ff6600;\"><em>Da ists jetzt unauff\u00e4llig. <\/em><\/span><span style=\"color: #ff6600;\"><em>Ich vermisse keinen Bass. <\/em><\/span><span style=\"color: #ff6600;\"><em>Insegsamt muss ich sagen, dass ich nie gedacht h\u00e4tte, dass ein einzelner Lautsprecher so komplett klingen kann. <\/em><\/span><span style=\"color: #ff6600;\"><em>Ich bin sicher kein audiophiler Sch\u00f6ngeist, der Unregelm\u00e4\u00dfigkeiten heraush\u00f6ren k\u00f6nnte: stattdessen bin ich sehr zufrieden. Zum einen weil mir der Klang gef\u00e4llt und zum anderen, weil ich dieses Mal alles selber zusammengeschustert habe, einschlie\u00dflich der Weiche.<\/em><\/span><br \/>\n<span style=\"color: #ff6600;\"><em>Bin einigerma\u00dfen stolz auf mich.<\/em><\/span><\/h5>\n<h5 style=\"text-align: justify;\"><span style=\"color: #ff6600;\"><em>Mein Dank an Alex f\u00fcr diese Konstruktion und seine hilfsbereite Art.<\/em><\/span><br \/>\n<span style=\"color: #ff6600;\"><em>Weiterhin nochmal Danke an Lars und Oli, die ich w\u00e4hrend des Baus genervt habe<\/em><\/span><\/h5>\n<h5 style=\"text-align: justify;\"><span style=\"color: #ff6600;\"><em>Gru\u00df <\/em><\/span><span style=\"color: #ff6600;\"><em>Tobias<\/em><\/span><\/h5>\n<p>&nbsp;<\/p>\n<p>Nachbauer Sascha S. schreibt:<\/p>\n<h5 style=\"text-align: justify;\"><em><span style=\"color: #ff6600;\">Hallo Alex,<\/span><\/em><\/h5>\n<h5 style=\"text-align: justify;\"><em><span style=\"color: #ff6600;\">ich muss mich nochmal wegen der FW146 DAU Edition melden und Danke sagen. Ich h\u00f6re Spotify rauf und runter. Aber was das Ding Spa\u00df macht&#8230; unglaublich. Immer wenn mir einer nicht glaubt, lass ich Dee Snider &#8211; We\u2018re Not Gonna take it &#8211; laufen. Ja, seine Stimme franzt zum Ende hin etwas aus. Aber immer wenn das Lied los geht, will ich die LS umarmen.<\/span><\/em><\/h5>\n<h5 style=\"text-align: justify;\"><em><span style=\"color: #ff6600;\">Gru\u00df Sascha<\/span><\/em><\/h5>\n<p>&nbsp;<\/p>\n<p>&nbsp;<\/p>\n<p>&nbsp;<\/p>\n<p style=\"text-align: justify;\">\n","protected":false},"excerpt":{"rendered":"<p>Ja ich wei\u00df, das wirkt jetzt wie ein alter Hut, und die &#8222;Neuentwicklung&#8220; ist auf den ersten Blick nicht die spektakul\u00e4rste des Jahres. Dennoch soll dieses Elaborat des 4. D.A.U. Treffens an dieser Stelle vorgestellt werden. Vielleicht erinnern Sie sich ja an den ersten &#8222;Lautsprecher-Battle&#8220; aus dem Jahre 2011, der zum Thema hatte, einen bestehenden &hellip; <\/p>\n<p><a class=\"more-link btn\" href=\"https:\/\/www.donhighend.de\/?page_id=4320\">Weiterlesen<\/a><\/p>\n","protected":false},"author":1,"featured_media":11522,"parent":3466,"menu_order":98,"comment_status":"open","ping_status":"closed","template":"","meta":{"footnotes":""},"class_list":["post-4320","page","type-page","status-publish","has-post-thumbnail","hentry","nodate","item-wrap"],"_links":{"self":[{"href":"https:\/\/www.donhighend.de\/index.php?rest_route=\/wp\/v2\/pages\/4320","targetHints":{"allow":["GET"]}}],"collection":[{"href":"https:\/\/www.donhighend.de\/index.php?rest_route=\/wp\/v2\/pages"}],"about":[{"href":"https:\/\/www.donhighend.de\/index.php?rest_route=\/wp\/v2\/types\/page"}],"author":[{"embeddable":true,"href":"https:\/\/www.donhighend.de\/index.php?rest_route=\/wp\/v2\/users\/1"}],"replies":[{"embeddable":true,"href":"https:\/\/www.donhighend.de\/index.php?rest_route=%2Fwp%2Fv2%2Fcomments&post=4320"}],"version-history":[{"count":32,"href":"https:\/\/www.donhighend.de\/index.php?rest_route=\/wp\/v2\/pages\/4320\/revisions"}],"predecessor-version":[{"id":11523,"href":"https:\/\/www.donhighend.de\/index.php?rest_route=\/wp\/v2\/pages\/4320\/revisions\/11523"}],"up":[{"embeddable":true,"href":"https:\/\/www.donhighend.de\/index.php?rest_route=\/wp\/v2\/pages\/3466"}],"wp:featuredmedia":[{"embeddable":true,"href":"https:\/\/www.donhighend.de\/index.php?rest_route=\/wp\/v2\/media\/11522"}],"wp:attachment":[{"href":"https:\/\/www.donhighend.de\/index.php?rest_route=%2Fwp%2Fv2%2Fmedia&parent=4320"}],"curies":[{"name":"wp","href":"https:\/\/api.w.org\/{rel}","templated":true}]}}