{"id":431,"date":"2010-12-16T17:31:03","date_gmt":"2010-12-16T17:31:03","guid":{"rendered":"http:\/\/www.donhighend.de\/?page_id=431"},"modified":"2024-06-13T12:20:30","modified_gmt":"2024-06-13T11:20:30","slug":"domona","status":"publish","type":"page","link":"https:\/\/www.donhighend.de\/?page_id=431","title":{"rendered":"Domona"},"content":{"rendered":"<p><img loading=\"lazy\" decoding=\"async\" class=\"aligncenter wp-image-9405\" src=\"https:\/\/www.donhighend.de\/wp-content\/uploads\/2022\/11\/Titelbild-rotated.jpg\" alt=\"\" width=\"480\" height=\"640\" srcset=\"https:\/\/www.donhighend.de\/wp-content\/uploads\/2022\/11\/Titelbild-rotated.jpg 600w, https:\/\/www.donhighend.de\/wp-content\/uploads\/2022\/11\/Titelbild-225x300.jpg 225w\" sizes=\"auto, (max-width: 480px) 100vw, 480px\" \/><\/p>\n<p style=\"text-align: justify;\">Vor einiger Zeit \u00fcberraschte der Bremer Vertrieb \u201eMonacor\u201c den deutschen DIY-Markt mit einem \u00fcberaus interessanten Chassis. Mit der DM-75TB schwappte eine in Fernost gefertigte, riesige Mitteltonkalotte im 75mm Format in die Regale der H\u00e4ndler. F\u00fcr mich stand sofort fest, dass ich mit diesem feinen Teil \u201eetwas machen\u201c werde.<\/p>\n<p><img loading=\"lazy\" decoding=\"async\" class=\"aligncenter size-full wp-image-9415\" src=\"https:\/\/www.donhighend.de\/wp-content\/uploads\/2022\/11\/DM-75TB.jpg\" alt=\"\" width=\"650\" height=\"650\" srcset=\"https:\/\/www.donhighend.de\/wp-content\/uploads\/2022\/11\/DM-75TB.jpg 650w, https:\/\/www.donhighend.de\/wp-content\/uploads\/2022\/11\/DM-75TB-300x300.jpg 300w, https:\/\/www.donhighend.de\/wp-content\/uploads\/2022\/11\/DM-75TB-150x150.jpg 150w\" sizes=\"auto, (max-width: 650px) 100vw, 650px\" \/><\/p>\n<p style=\"text-align: center;\">Monacor DM-75TB<\/p>\n<p>&nbsp;<\/p>\n<p style=\"text-align: justify;\">Es begab sich, dass die findigen Bremer ein ebenso interessantes 8\u201c Tieftonchassis des gleichen Herstellers feil boten. Der SPH-8TB machte nicht nur optisch einen guten Eindruck, auch die TSP fanden mein Wohlwollen, und so setzte sich in meinen Gedanken ein Lautsprecher mit diesen Komponenten zusammen.Monacor SPH-8TB<\/p>\n<p style=\"text-align: center;\"><img loading=\"lazy\" decoding=\"async\" class=\"aligncenter size-full wp-image-9411\" src=\"https:\/\/www.donhighend.de\/wp-content\/uploads\/2022\/11\/SP-8TB.jpg\" alt=\"\" width=\"640\" height=\"640\" srcset=\"https:\/\/www.donhighend.de\/wp-content\/uploads\/2022\/11\/SP-8TB.jpg 640w, https:\/\/www.donhighend.de\/wp-content\/uploads\/2022\/11\/SP-8TB-300x300.jpg 300w, https:\/\/www.donhighend.de\/wp-content\/uploads\/2022\/11\/SP-8TB-150x150.jpg 150w\" sizes=\"auto, (max-width: 640px) 100vw, 640px\" \/>Monacor SPH-8TB<\/p>\n<p>&nbsp;<\/p>\n<p style=\"text-align: justify;\">Nun fehlte lediglich noch der Hocht\u00f6ner, um den Lautsprecher entstehen zu lassen. Ich entsann mich eines Tests im Online Magazin \u201eHiFi-Selbstbau\u201c, demzufolge ein kleiner, recht unscheinbarer Hocht\u00f6ner zu recht beachtlichen Leistungen imstande sei. Der DT-25TI, ebenfalls ein Produkt im Vertrieb von Monacor, sollte das Konzept vervollst\u00e4ndigen.<\/p>\n<p><img loading=\"lazy\" decoding=\"async\" class=\"aligncenter size-full wp-image-9408\" src=\"https:\/\/www.donhighend.de\/wp-content\/uploads\/2022\/11\/DT25Ti.jpg\" alt=\"\" width=\"583\" height=\"583\" srcset=\"https:\/\/www.donhighend.de\/wp-content\/uploads\/2022\/11\/DT25Ti.jpg 583w, https:\/\/www.donhighend.de\/wp-content\/uploads\/2022\/11\/DT25Ti-300x300.jpg 300w, https:\/\/www.donhighend.de\/wp-content\/uploads\/2022\/11\/DT25Ti-150x150.jpg 150w\" sizes=\"auto, (max-width: 583px) 100vw, 583px\" \/><\/p>\n<p style=\"text-align: center;\">Monacor DT-25TI<\/p>\n<p>&nbsp;<\/p>\n<p style=\"text-align: justify;\">Die zuf\u00e4llige Markenreinheit (dazu sp\u00e4ter mehr) des virtuellen Lautsprechers erachtete ich als interessant genug, diese zum Entwicklungsziel meines diesj\u00e4hrigen Contestlautsprechers zu missbrauchen. Nat\u00fcrlich wollte ich in diesem Jahr nicht zum x-ten Mal die eckige Einheitskiste mitbringen. So ersann ich ein sich nach hinten verj\u00fcngendes Geh\u00e4use mit gerundeten Seitenw\u00e4nden. Diese entstanden unter Verwendung von geschlitztem MDF (Topan), welches sich mehr oder weniger problemlos biegen l\u00e4sst. Dieses Material wird in 9,5 Millimetern Dicke angeboten, so dass pro Seitenwand 2 Lagen Topan zum Einsatz kommen. (An dieser Stelle sei angemerkt, dass Topan recht zickig ist. Durch die Schlitzung wird das Material sehr instabil und bricht leicht. Ein Aufbau mittels Biegesperrholz w\u00e4re sicherlich wesentlich leichter von der Hand gegangen.)<\/p>\n<p><img loading=\"lazy\" decoding=\"async\" class=\"aligncenter size-full wp-image-9419\" src=\"https:\/\/www.donhighend.de\/wp-content\/uploads\/2022\/12\/Topan.jpg\" alt=\"\" width=\"480\" height=\"640\" srcset=\"https:\/\/www.donhighend.de\/wp-content\/uploads\/2022\/12\/Topan.jpg 480w, https:\/\/www.donhighend.de\/wp-content\/uploads\/2022\/12\/Topan-225x300.jpg 225w\" sizes=\"auto, (max-width: 480px) 100vw, 480px\" \/><\/p>\n<p style=\"text-align: center;\">Topan<\/p>\n<p>&nbsp;<\/p>\n<p style=\"text-align: justify;\">Nat\u00fcrlich kann die Domona auch in einem konventionellen, eckigen Geh\u00e4use aufgebaut werden. Es ist dabei jedoch zwingend darauf zu achten, dass die Ma\u00dfe der Frontwand sowie die Anordnung der Chassis auf dieser genau eingehalten werden. Der Aufbau des Geh\u00e4uses erfolgte in Spantenbauweise, die dem Bootsbau nicht un\u00e4hnlich ist. Dazu wurden zun\u00e4chst die gefr\u00e4sten und ausges\u00e4gten Spanten, welche sp\u00e4ter das Topan tragen, auf die Innenseite der Frontwand geleimt.<\/p>\n<p>&nbsp;<\/p>\n<p style=\"text-align: center;\"><a href=\"https:\/\/www.donhighend.de\/wp-content\/uploads\/2010\/12\/user3_pic2706_1280947569.jpg\"><img loading=\"lazy\" decoding=\"async\" class=\"aligncenter size-full wp-image-2621\" src=\"https:\/\/www.donhighend.de\/wp-content\/uploads\/2010\/12\/user3_pic2706_1280947569.jpg\" alt=\"user3_pic2706_1280947569\" width=\"640\" height=\"480\" srcset=\"https:\/\/www.donhighend.de\/wp-content\/uploads\/2010\/12\/user3_pic2706_1280947569.jpg 640w, https:\/\/www.donhighend.de\/wp-content\/uploads\/2010\/12\/user3_pic2706_1280947569-300x225.jpg 300w\" sizes=\"auto, (max-width: 640px) 100vw, 640px\" \/><\/a>Geh\u00e4useaufbau mit Spanten<\/p>\n<p>&nbsp;<\/p>\n<p style=\"text-align: justify;\">Im nachfolgenden Bild sind die Seiten bereits aufgebracht. Sie bestehen aus 2 Lagen Topan, welche mit der geschlitzten Seite zueinander ver- und aufleimt wurden.<\/p>\n<p style=\"text-align: center;\"><img loading=\"lazy\" decoding=\"async\" class=\"aligncenter size-full wp-image-9402\" src=\"https:\/\/www.donhighend.de\/wp-content\/uploads\/2022\/11\/DSC02033.jpg\" alt=\"\" width=\"480\" height=\"640\" srcset=\"https:\/\/www.donhighend.de\/wp-content\/uploads\/2022\/11\/DSC02033.jpg 480w, https:\/\/www.donhighend.de\/wp-content\/uploads\/2022\/11\/DSC02033-225x300.jpg 225w\" sizes=\"auto, (max-width: 480px) 100vw, 480px\" \/>Domona Geh\u00e4use noch ohne Deckel<\/p>\n<p>&nbsp;<\/p>\n<p style=\"text-align: justify;\">Im Letzten Arbeitsgang wurden Boden, Deckel und R\u00fcckwand aufgeleimt. Die grobe Anpassung an die Kontur des Geh\u00e4uses wurde mittels eines B\u00fcndigfr\u00e4sers erledigt. Nach dem Fr\u00e4sen der Chassis\u00f6ffnungen und einigen kleinen Spachtel- und Schleifarbeiten waren die Geh\u00e4use fit f\u00fcr das Finish. Ich habe dazu wei\u00dfe T\u00fcrfolie von DC-Fix aufgeklebt. Diese Folie ist deutlich dicker und stabiler als die \u00fcbliche bekannte DC-Fix Folie.<\/p>\n<p style=\"text-align: justify;\">Zun\u00e4chst aber einen kleinen Eindruck von der Messarbeit.<\/p>\n<p>&nbsp;<\/p>\n<p style=\"text-align: center;\"><a href=\"https:\/\/www.donhighend.de\/wp-content\/uploads\/2010\/12\/Messung-1.jpg\"><img loading=\"lazy\" decoding=\"async\" class=\"aligncenter size-full wp-image-2626\" src=\"https:\/\/www.donhighend.de\/wp-content\/uploads\/2010\/12\/Messung-1.jpg\" alt=\"Messung 1\" width=\"800\" height=\"600\" srcset=\"https:\/\/www.donhighend.de\/wp-content\/uploads\/2010\/12\/Messung-1.jpg 800w, https:\/\/www.donhighend.de\/wp-content\/uploads\/2010\/12\/Messung-1-300x225.jpg 300w\" sizes=\"auto, (max-width: 800px) 100vw, 800px\" \/><\/a>Domona Messaufbau<\/p>\n<p>&nbsp;<\/p>\n<p>&nbsp;<\/p>\n<p style=\"text-align: center;\"><a href=\"https:\/\/www.donhighend.de\/wp-content\/uploads\/2010\/12\/Hoch\u00f6ner-Detail.jpg\"><img loading=\"lazy\" decoding=\"async\" class=\"aligncenter size-full wp-image-2631\" src=\"https:\/\/www.donhighend.de\/wp-content\/uploads\/2010\/12\/Hoch\u00f6ner-Detail.jpg\" alt=\"Hoch\u00f6ner Detail\" width=\"800\" height=\"600\" srcset=\"https:\/\/www.donhighend.de\/wp-content\/uploads\/2010\/12\/Hoch\u00f6ner-Detail.jpg 800w, https:\/\/www.donhighend.de\/wp-content\/uploads\/2010\/12\/Hoch\u00f6ner-Detail-300x225.jpg 300w\" sizes=\"auto, (max-width: 800px) 100vw, 800px\" \/><\/a>Domona Test mit provisorischem Umbau f\u00fcr DT-25TI<\/p>\n<p>&nbsp;<\/p>\n<p style=\"text-align: justify;\">In diesem Detailfoto wird ersichtlich, dass die bereits weiter oben erw\u00e4hnte Markenreinheit der Domona urspr\u00fcnglich nicht geplant war. Als Hochtonpart war anfangs die Sica 9106 Hochtonkalotte geplant, die f\u00fcr sich gesehen zwar ein hervorragender Hocht\u00f6ner ist, sich jedoch durch den benachbarten Dom der gro\u00dfen Mitteltonkalotte gest\u00f6rt f\u00fchlte. Sie \u00e4usserte dies durch deutliche Schwankungen im Frequenzgang, die der Hocht\u00f6ner unter anderen Einbaubedingungen nicht zeigt. Die zuf\u00e4llig vorhandene DT-25TI ignoriert die dicke B\u00e4rennase des Mittelt\u00f6ners einfach und spielt in der ihr vorgegebenen Einbauposition wunderbar linear. Nat\u00fcrlich musste der Ausschnitt f\u00fcr die kleinere Front des Monacor Hocht\u00f6ners entsprechend angepasst werden. Ich fr\u00e4ste daf\u00fcr einen Einsatz, leimte ihn ein und fr\u00e4ste eine neue \u00d6ffnung. Die auf diese Weise zusammen gekommenen Chassis erwiesen sich als sehr gutm\u00fctig und einfach zu beschalten.<\/p>\n<p>&nbsp;<\/p>\n<p style=\"text-align: center;\"><a href=\"https:\/\/www.donhighend.de\/wp-content\/uploads\/2010\/12\/user3_pic2811_1283706183.png\"><img loading=\"lazy\" decoding=\"async\" class=\"aligncenter size-full wp-image-2636\" src=\"https:\/\/www.donhighend.de\/wp-content\/uploads\/2010\/12\/user3_pic2811_1283706183.png\" alt=\"user3_pic2811_1283706183\" width=\"800\" height=\"551\" srcset=\"https:\/\/www.donhighend.de\/wp-content\/uploads\/2010\/12\/user3_pic2811_1283706183.png 800w, https:\/\/www.donhighend.de\/wp-content\/uploads\/2010\/12\/user3_pic2811_1283706183-300x207.png 300w\" sizes=\"auto, (max-width: 800px) 100vw, 800px\" \/><\/a>Domona Frequenzgang Achse<\/p>\n<p>&nbsp;<\/p>\n<p style=\"text-align: justify;\">Der Achsenfrequenzgang der Domona zeigt kleinere Unregelm\u00e4\u00dfigkeiten, welche sich durch Kantendiffraktion erkl\u00e4ren. Da der Lautsprecher auf einen Abstrahlwinkel von 30\u00b0 optimiert wurde, soll dies aber nicht weiter st\u00f6ren. die 30\u00b0 Messung der Domona zeigt einen einwandfrei linearen Frequenzgang.<\/p>\n<p style=\"text-align: center;\"><a href=\"https:\/\/www.donhighend.de\/wp-content\/uploads\/2010\/12\/user3_pic2813_1283706183.png\">Domona Frequenzgang 30<img loading=\"lazy\" decoding=\"async\" class=\"aligncenter size-full wp-image-2637\" src=\"https:\/\/www.donhighend.de\/wp-content\/uploads\/2010\/12\/user3_pic2813_1283706183.png\" alt=\"user3_pic2813_1283706183\" width=\"800\" height=\"551\" srcset=\"https:\/\/www.donhighend.de\/wp-content\/uploads\/2010\/12\/user3_pic2813_1283706183.png 800w, https:\/\/www.donhighend.de\/wp-content\/uploads\/2010\/12\/user3_pic2813_1283706183-300x207.png 300w\" sizes=\"auto, (max-width: 800px) 100vw, 800px\" \/><\/a>Domona Frequenzgang 30\u00b0 incl. angef\u00fcgtem Nahfeld<\/p>\n<p>&nbsp;<\/p>\n<p style=\"text-align: justify;\">Die Unregelm\u00e4ssigkeiten im Frequenzgang sind vollst\u00e4ndig verschwunden. Das Ergebnis ist ein vollkommen ausgeglichener Frequenzverlauf mit leicht abfallender Tendenz.<\/p>\n<p style=\"text-align: center;\"><a href=\"https:\/\/www.donhighend.de\/wp-content\/uploads\/2010\/12\/user3_pic2812_1283706183.png\"><img loading=\"lazy\" decoding=\"async\" class=\"aligncenter size-full wp-image-2638\" src=\"https:\/\/www.donhighend.de\/wp-content\/uploads\/2010\/12\/user3_pic2812_1283706183.png\" alt=\"user3_pic2812_1283706183\" width=\"800\" height=\"551\" srcset=\"https:\/\/www.donhighend.de\/wp-content\/uploads\/2010\/12\/user3_pic2812_1283706183.png 800w, https:\/\/www.donhighend.de\/wp-content\/uploads\/2010\/12\/user3_pic2812_1283706183-300x207.png 300w\" sizes=\"auto, (max-width: 800px) 100vw, 800px\" \/><\/a>Domona Frequenzgang 30\u00b0 incl. Einzelzweige<\/p>\n<p>&nbsp;<\/p>\n<p style=\"text-align: justify;\">Die Addtion der Einzelfrequenzg\u00e4nge exakt 6dB unterhalb der Summenkurve zeigt die einwandfreie Phasenlage der Chassis zueinander.<\/p>\n<p style=\"text-align: center;\"><a href=\"https:\/\/www.donhighend.de\/wp-content\/uploads\/2010\/12\/Imp-Phase.jpg\"><img loading=\"lazy\" decoding=\"async\" class=\"aligncenter size-full wp-image-2639\" src=\"https:\/\/www.donhighend.de\/wp-content\/uploads\/2010\/12\/Imp-Phase.jpg\" alt=\"Imp Phase\" width=\"800\" height=\"443\" srcset=\"https:\/\/www.donhighend.de\/wp-content\/uploads\/2010\/12\/Imp-Phase.jpg 800w, https:\/\/www.donhighend.de\/wp-content\/uploads\/2010\/12\/Imp-Phase-300x166.jpg 300w\" sizes=\"auto, (max-width: 800px) 100vw, 800px\" \/><\/a>Domona Impedanzverlauf<\/p>\n<p>&nbsp;<\/p>\n<p style=\"text-align: justify;\">Die Impedanz der Domona sinkt in keinem Bereich unter 4 Ohm. So sollte der Lautsprecher auch mit kleineren Verst\u00e4rkern harmonieren, zumal auch der Wirkungsgrad mit guten 90dB eher hoch ist.<\/p>\n<p><img loading=\"lazy\" decoding=\"async\" class=\"aligncenter size-full wp-image-9396\" src=\"https:\/\/www.donhighend.de\/wp-content\/uploads\/2022\/11\/Weiche-mit-HPC.jpg\" alt=\"\" width=\"684\" height=\"418\" srcset=\"https:\/\/www.donhighend.de\/wp-content\/uploads\/2022\/11\/Weiche-mit-HPC.jpg 684w, https:\/\/www.donhighend.de\/wp-content\/uploads\/2022\/11\/Weiche-mit-HPC-300x183.jpg 300w\" sizes=\"auto, (max-width: 684px) 100vw, 684px\" \/><\/p>\n<p style=\"text-align: center;\">Weichenplan<\/p>\n<p>&nbsp;<\/p>\n<p style=\"text-align: justify;\">Um einen Nachbau zu erm\u00f6glichen, habe ich eine schnelle Skizze der Frontwand angefertigt. Dieser k\u00f6nnen alle relevanten Ma\u00dfe und Chassispositionen entnommen werden.<\/p>\n<p>&nbsp;<\/p>\n<p style=\"text-align: center;\"><a href=\"https:\/\/www.donhighend.de\/wp-content\/uploads\/2010\/12\/Abmessungen-Frontwand.jpg\"><img loading=\"lazy\" decoding=\"async\" class=\"aligncenter size-full wp-image-2644\" src=\"https:\/\/www.donhighend.de\/wp-content\/uploads\/2010\/12\/Abmessungen-Frontwand.jpg\" alt=\"Abmessungen Frontwand\" width=\"476\" height=\"800\" srcset=\"https:\/\/www.donhighend.de\/wp-content\/uploads\/2010\/12\/Abmessungen-Frontwand.jpg 476w, https:\/\/www.donhighend.de\/wp-content\/uploads\/2010\/12\/Abmessungen-Frontwand-179x300.jpg 179w\" sizes=\"auto, (max-width: 476px) 100vw, 476px\" \/><\/a>Domona Bauskizze<\/p>\n<p style=\"text-align: justify;\">Unter Beibehaltung der Frontwandgr\u00f6\u00dfe und des Volumens von ca. 80 Litern ergibt sich bei Verwendung von 22er Material eine Innentiefe von ca. 32cm, sofern man den Geh\u00e4useaufbau auf der liegenden Schallwand beginnt und die Seitenw\u00e4nde aufsetzt. Dabei wurden eventuelle Verstrebungen nicht ber\u00fccksichtigt. Simulationen mit AJ Horn ergeben bei leicht abweichendem Volumen, sowohl nach oben als auch nach unten, kaum nennenswerte Ver\u00e4nderungen. Hier darf also ruhig ein wenig variiert werden.<\/p>\n<p>&nbsp;<\/p>\n<p>Hier ein kleiner Klangeindruck des DIY-HiFi-Forenusers Christoph Gebhard<\/p>\n<blockquote>\n<h5 style=\"text-align: justify;\"><em><span style=\"color: #ff6600;\">Ich hatte das Vergn\u00fcgen vor dem Contest ein paar Sekunden der Domona zu lauschen. Tonal passte alles wunderbar zusammen. Stimmen kamen sehr sauber und gel\u00f6st, der Hochton klang fein und luftig. Zudem bin ich seitdem wieder hei\u00df darauf auch etwas mit der DM-75TB zu machen.<\/span><\/em><\/h5>\n<\/blockquote>\n<p>&nbsp;<\/p>\n<p>Black-Devil aus dem HiFi-Forum schreibt<\/p>\n<blockquote>\n<h5 style=\"text-align: justify;\"><em><span style=\"color: #ff6600;\">Alex macht die Box einen etwas zu fetten Bass &#8211; so hat er es zumindest angek\u00fcndigt. Was mir aber als erstes auffiel, war die Mittelton-Wiedergabe. So eine gro\u00dfe Kalotte macht das einfach ein wenig anders als ein gew\u00f6hnlicher Konus. Sehr luftig, aber durchaus mit Durchsetzungskraft spielte der leider nicht mehr erh\u00e4ltliche Mittelt\u00f6ner auf. Dazu passend war die gute Hochton-Kalotte, die leider ebenfalls nicht mehr bei Monacor erh\u00e4ltlich ist. Ich fand auch den Bass ziemlich gut. Vielleicht nicht so trocken wie bei der MoDiPo, aber daf\u00fcr mit Nachdruck und einer Portion Spa\u00dffaktor gesegnet spielte er auch bei richtig hohen Pegeln noch entspannt auf. Leider ist aber auch dieses Chassis dem Rotstift zum Opfer gefallen. Sehr schade, so einen 3-Weger h\u00e4tten bestimmt viele gerne.<\/span><\/em><\/h5>\n<\/blockquote>\n<p>&nbsp;<\/p>\n","protected":false},"excerpt":{"rendered":"<p>Vor einiger Zeit \u00fcberraschte der Bremer Vertrieb \u201eMonacor\u201c den deutschen DIY-Markt mit einem \u00fcberaus interessanten Chassis. Mit der DM-75TB schwappte eine in Fernost gefertigte, riesige Mitteltonkalotte im 75mm Format in die Regale der H\u00e4ndler. F\u00fcr mich stand sofort fest, dass ich mit diesem feinen Teil \u201eetwas machen\u201c werde. Monacor DM-75TB &nbsp; Es begab sich, dass &hellip; <\/p>\n<p><a class=\"more-link btn\" href=\"https:\/\/www.donhighend.de\/?page_id=431\">Weiterlesen<\/a><\/p>\n","protected":false},"author":1,"featured_media":9405,"parent":1709,"menu_order":997,"comment_status":"open","ping_status":"closed","template":"","meta":{"footnotes":""},"class_list":["post-431","page","type-page","status-publish","has-post-thumbnail","hentry","nodate","item-wrap"],"_links":{"self":[{"href":"https:\/\/www.donhighend.de\/index.php?rest_route=\/wp\/v2\/pages\/431","targetHints":{"allow":["GET"]}}],"collection":[{"href":"https:\/\/www.donhighend.de\/index.php?rest_route=\/wp\/v2\/pages"}],"about":[{"href":"https:\/\/www.donhighend.de\/index.php?rest_route=\/wp\/v2\/types\/page"}],"author":[{"embeddable":true,"href":"https:\/\/www.donhighend.de\/index.php?rest_route=\/wp\/v2\/users\/1"}],"replies":[{"embeddable":true,"href":"https:\/\/www.donhighend.de\/index.php?rest_route=%2Fwp%2Fv2%2Fcomments&post=431"}],"version-history":[{"count":65,"href":"https:\/\/www.donhighend.de\/index.php?rest_route=\/wp\/v2\/pages\/431\/revisions"}],"predecessor-version":[{"id":9420,"href":"https:\/\/www.donhighend.de\/index.php?rest_route=\/wp\/v2\/pages\/431\/revisions\/9420"}],"up":[{"embeddable":true,"href":"https:\/\/www.donhighend.de\/index.php?rest_route=\/wp\/v2\/pages\/1709"}],"wp:featuredmedia":[{"embeddable":true,"href":"https:\/\/www.donhighend.de\/index.php?rest_route=\/wp\/v2\/media\/9405"}],"wp:attachment":[{"href":"https:\/\/www.donhighend.de\/index.php?rest_route=%2Fwp%2Fv2%2Fmedia&parent=431"}],"curies":[{"name":"wp","href":"https:\/\/api.w.org\/{rel}","templated":true}]}}