{"id":429,"date":"2010-12-16T17:30:44","date_gmt":"2010-12-16T17:30:44","guid":{"rendered":"http:\/\/www.donhighend.de\/?page_id=429"},"modified":"2025-09-10T14:23:55","modified_gmt":"2025-09-10T13:23:55","slug":"visage","status":"publish","type":"page","link":"https:\/\/www.donhighend.de\/?page_id=429","title":{"rendered":"VISage (CT 271)"},"content":{"rendered":"<p><img loading=\"lazy\" decoding=\"async\" class=\"aligncenter size-full wp-image-11532\" src=\"https:\/\/www.donhighend.de\/wp-content\/uploads\/2025\/09\/1.jpg\" alt=\"\" width=\"366\" height=\"640\" srcset=\"https:\/\/www.donhighend.de\/wp-content\/uploads\/2025\/09\/1.jpg 366w, https:\/\/www.donhighend.de\/wp-content\/uploads\/2025\/09\/1-172x300.jpg 172w\" sizes=\"auto, (max-width: 366px) 100vw, 366px\" \/><\/p>\n<p style=\"text-align: justify;\">Im Februar 2010 fand in Duisburg eine kleine Veranstaltung mit dem recht kryptisch wirkenden Namen 3-2-4 statt.<\/p>\n<p style=\"text-align: justify;\">Es handelte sich um ein Lautsprecher-Shootout, dessen Probanden eine Membranfl\u00e4che von h\u00f6chstens 61cm\u00b2 pro Chassis aufweisen durften. Three to Four, also 3-4 Zoll Chassis waren in Form von Nahfeld-Setups angesagt. Interessierte finden auf der Homepage von <a href=\"http:\/\/www.holgerbarske.com\/\"><strong><span style=\"color: #0000ff;\">Holger Barske<\/span><\/strong><\/a> eine kleine <a href=\"http:\/\/www.holgerbarske.com\/threetwofour\/\"><strong><span style=\"color: #0000ff;\">Fotogalerie<\/span><\/strong><\/a> zu der Veranstaltung.<\/p>\n<p style=\"text-align: justify;\">F\u00fcr mich, der nach jahrelanger Abstinenz mal wieder etwas mit einem kleinen Breitb\u00e4nder machen wollte, ein Aufruf, dem ich nicht widerstehen wollte.<\/p>\n<p style=\"text-align: justify;\">So entstand das Projekt <strong><span style=\"color: #ff0000;\">VISage<\/span><\/strong> rund um den kleinen Breitbandlautsprecher FR10\/8 von Visaton<\/p>\n<p>&nbsp;<\/p>\n<p><a href=\"https:\/\/www.donhighend.de\/wp-content\/uploads\/2010\/12\/FR101.png\"><img loading=\"lazy\" decoding=\"async\" class=\"aligncenter size-medium wp-image-654\" title=\"FR10\" src=\"https:\/\/www.donhighend.de\/wp-content\/uploads\/2010\/12\/FR101-300x300.png\" alt=\"\" width=\"300\" height=\"300\" \/><\/a><\/p>\n<p style=\"text-align: justify;\"><a href=\"https:\/\/www.donhighend.de\/wp-content\/uploads\/2010\/12\/fr10.jpg\"><br \/>\n<\/a>Der Parametersatz des kleinen Chassis sowie die Erfahrung mit der Sippo, deren TMT \u00e4hnliche TSP aufweist wie der kleine Visat\u00f6ner, machten \u00dcberlegungen hinsichtlich des Geh\u00e4useprinzips vollkommen \u00fcberfl\u00fcssig. Der FR10\/8 sollte ebenfalls eine TQWT beatmen.<\/p>\n<p style=\"text-align: justify;\">Der TQWT-Rechner von <strong><a href=\"http:\/\/www.hifi-selbstbau.de\/\">HiFi-Selbstbau<\/a><\/strong> spuckte, nachdem ich ihn mit den TSP des FR10\/8 gef\u00fcttert habe, folgende Geh\u00e4usedaten aus:<\/p>\n<p>&nbsp;<\/p>\n<p><a href=\"https:\/\/www.donhighend.de\/wp-content\/uploads\/2010\/12\/Bauplan-Teil-1.jpg\"><img loading=\"lazy\" decoding=\"async\" class=\"aligncenter size-medium wp-image-493\" title=\"Bauplan Teil 1\" src=\"https:\/\/www.donhighend.de\/wp-content\/uploads\/2010\/12\/Bauplan-Teil-1-300x225.jpg\" alt=\"\" width=\"300\" height=\"225\" srcset=\"https:\/\/www.donhighend.de\/wp-content\/uploads\/2010\/12\/Bauplan-Teil-1-300x225.jpg 300w, https:\/\/www.donhighend.de\/wp-content\/uploads\/2010\/12\/Bauplan-Teil-1.jpg 640w\" sizes=\"auto, (max-width: 300px) 100vw, 300px\" \/><\/a><a href=\"https:\/\/www.donhighend.de\/wp-content\/uploads\/2010\/12\/Bauplan-Teil-2.jpg\"><img loading=\"lazy\" decoding=\"async\" class=\"aligncenter size-medium wp-image-494\" title=\"Bauplan Teil 2\" src=\"https:\/\/www.donhighend.de\/wp-content\/uploads\/2010\/12\/Bauplan-Teil-2-300x225.jpg\" alt=\"\" width=\"300\" height=\"225\" srcset=\"https:\/\/www.donhighend.de\/wp-content\/uploads\/2010\/12\/Bauplan-Teil-2-300x225.jpg 300w, https:\/\/www.donhighend.de\/wp-content\/uploads\/2010\/12\/Bauplan-Teil-2.jpg 640w\" sizes=\"auto, (max-width: 300px) 100vw, 300px\" \/><\/a><\/p>\n<p>&nbsp;<\/p>\n<p style=\"text-align: justify;\">Nach diesem Plan in Holz gezimmert und ein wenig bed\u00e4mpft schaut die Box\u00a0 so aus:<\/p>\n<p>&nbsp;<\/p>\n<p><a href=\"https:\/\/www.donhighend.de\/wp-content\/uploads\/2010\/12\/DSC01148.jpg\"><img loading=\"lazy\" decoding=\"async\" class=\"aligncenter size-medium wp-image-495\" title=\"DSC01148\" src=\"https:\/\/www.donhighend.de\/wp-content\/uploads\/2010\/12\/DSC01148-225x300.jpg\" alt=\"\" width=\"225\" height=\"300\" srcset=\"https:\/\/www.donhighend.de\/wp-content\/uploads\/2010\/12\/DSC01148-225x300.jpg 225w, https:\/\/www.donhighend.de\/wp-content\/uploads\/2010\/12\/DSC01148.jpg 510w\" sizes=\"auto, (max-width: 225px) 100vw, 225px\" \/><\/a><\/p>\n<p>&nbsp;<\/p>\n<p style=\"text-align: justify;\">Nun galt es, eine Korrekturschaltung f\u00fcr den Lautsprecher zu entwickeln. Die Tatsache, dass es sich um ein Visaton Chassis handelt und somit eine verwertbare Boxsim-Datei f\u00fcr den FR10\/8 existiert,\u00a0 sollte die Sache vereinfachen.\u00a0 Flugs wurden in Boxsim die Geh\u00e4usedaten der VISage bestimmt, und schon konnte es mit der Simulation los gehen.<\/p>\n<p style=\"text-align: justify;\">Der unbeschaltete FR10\/8 liefert im Geh\u00e4use folgendes Frequenzverhalten auf Achse:<\/p>\n<p>&nbsp;<\/p>\n<p><a href=\"https:\/\/www.donhighend.de\/wp-content\/uploads\/2010\/12\/FR10-unbeschaltet.png\"><img loading=\"lazy\" decoding=\"async\" class=\"aligncenter size-medium wp-image-496\" title=\"FR10 unbeschaltet\" src=\"https:\/\/www.donhighend.de\/wp-content\/uploads\/2010\/12\/FR10-unbeschaltet-300x200.png\" alt=\"\" width=\"300\" height=\"200\" srcset=\"https:\/\/www.donhighend.de\/wp-content\/uploads\/2010\/12\/FR10-unbeschaltet-300x200.png 300w, https:\/\/www.donhighend.de\/wp-content\/uploads\/2010\/12\/FR10-unbeschaltet.png 520w\" sizes=\"auto, (max-width: 300px) 100vw, 300px\" \/><\/a><\/p>\n<p>&nbsp;<\/p>\n<p style=\"text-align: justify;\">Nach einigen Simulationen und praktischen Aktionen nach der guten alten Methode &#8222;Try &amp; Error&#8220; versprach Boxsim folgenden, durchaus akzeptablen Frequenzgang:<\/p>\n<p><a href=\"https:\/\/www.donhighend.de\/wp-content\/uploads\/2010\/12\/Simu-neu.jpg\"><img loading=\"lazy\" decoding=\"async\" class=\"aligncenter size-medium wp-image-497\" title=\"Simu neu\" src=\"https:\/\/www.donhighend.de\/wp-content\/uploads\/2010\/12\/Simu-neu-300x204.jpg\" alt=\"\" width=\"300\" height=\"204\" srcset=\"https:\/\/www.donhighend.de\/wp-content\/uploads\/2010\/12\/Simu-neu-300x204.jpg 300w, https:\/\/www.donhighend.de\/wp-content\/uploads\/2010\/12\/Simu-neu.jpg 520w\" sizes=\"auto, (max-width: 300px) 100vw, 300px\" \/><\/a><\/p>\n<p>&nbsp;<\/p>\n<p style=\"text-align: justify;\">Nun, mit den Bauteilewerten, welche die Simulation ergab, stellte sich zwar ein gegen\u00fcber der unbeschalteten Variante deutlich besserer Frequenzgang ein, aber erst nach dem Tausch einiger Bauteilewerte waren Simulation und gemessener Frequenzgang in etwa \u00e4hnlich:<\/p>\n<p>&nbsp;<\/p>\n<p><a href=\"https:\/\/www.donhighend.de\/wp-content\/uploads\/2010\/12\/Visage-Winkel.jpg\"><img loading=\"lazy\" decoding=\"async\" class=\"aligncenter size-medium wp-image-498\" title=\"Visage Winkel\" src=\"https:\/\/www.donhighend.de\/wp-content\/uploads\/2010\/12\/Visage-Winkel-300x197.jpg\" alt=\"\" width=\"300\" height=\"197\" srcset=\"https:\/\/www.donhighend.de\/wp-content\/uploads\/2010\/12\/Visage-Winkel-300x197.jpg 300w, https:\/\/www.donhighend.de\/wp-content\/uploads\/2010\/12\/Visage-Winkel.jpg 640w\" sizes=\"auto, (max-width: 300px) 100vw, 300px\" \/><\/a><\/p>\n<p>&nbsp;<\/p>\n<p>Hier der Weichenplan mit 3 Sperrkreisen:<\/p>\n<p>&nbsp;<\/p>\n<p><a href=\"https:\/\/www.donhighend.de\/wp-content\/uploads\/2010\/12\/Weichenplan.jpg\"><img loading=\"lazy\" decoding=\"async\" class=\"aligncenter size-medium wp-image-499\" title=\"Weichenplan\" src=\"https:\/\/www.donhighend.de\/wp-content\/uploads\/2010\/12\/Weichenplan-300x135.jpg\" alt=\"\" width=\"300\" height=\"135\" srcset=\"https:\/\/www.donhighend.de\/wp-content\/uploads\/2010\/12\/Weichenplan-300x135.jpg 300w, https:\/\/www.donhighend.de\/wp-content\/uploads\/2010\/12\/Weichenplan.jpg 619w\" sizes=\"auto, (max-width: 300px) 100vw, 300px\" \/><\/a><\/p>\n<p>&nbsp;<\/p>\n<p style=\"text-align: justify;\">Die Frage, die nun sicherlich laut werden wird, ist jene, ob denn wirklich 3 Sperrkreise notwendig sind, um den Frequenzgang zu begradigen, erst Recht bei einem Chassis f\u00fcr nen 10er.<\/p>\n<p style=\"text-align: justify;\">Nat\u00fcrlich habe ich das versucht, und es ist auch m\u00f6glich. Klanglich ist die vorliegende Version mit 3 Sperrkreisen aber meines Erachtens vorzuziehen.<\/p>\n<p style=\"text-align: justify;\">Die Lautsprecher spielen entspannt und ohne grobe Schnitzer. Klar, der Breitb\u00e4nder neigt oberhalb von 6-7kHz zum Resonieren, ein Tribut an den Schwirrkonus. Andererseits ist die B\u00fchne, die dieser kleine Lautsprecher aufbaut, frappierend breit. Typisch Breitb\u00e4nder eben. Selbst das Bassfundament ist erstaunlich, bei nat\u00fcrlich eingeschr\u00e4nkter Dynamik.<\/p>\n<p style=\"text-align: justify;\">Jedenfalls zeigt diese Box, dass man selbst mit einem sehr preiswerten Breitbandchassis Musik in sehr guter Qualit\u00e4t geniessen kann.<\/p>\n<p style=\"text-align: justify;\">Die Baupl\u00e4ne sind f\u00fcr private Nutzung freigegeben. Jegliche Form der gewerblichen Nutzung oder Verbreitung ohne vorherige Absprache ist untersagt und wird strafrechtlich verfolgt.<\/p>\n<p>&nbsp;<\/p>\n<p><span style=\"text-decoration: underline; color: #ff0000;\"><strong><span style=\"text-decoration: underline;\">Die VISage wurde in Klang + Ton 02\/14 als Cheap Trick 271 vorgestellt und getestet.<\/span><\/strong><\/span><\/p>\n<p>Holger Barske schreibt in Klang+Ton 02\/14<span style=\"color: #ffffff;\">\u00a0<\/span><\/p>\n<h5 style=\"text-align: justify;\"><em><span style=\"color: #ff6600;\">CT271 liefert nicht den typischen &#8222;Breitb\u00e4ndersound&#8220; mit einem \u00fcberrissenen Mitteltonbereich; Saxophon und kaputte M\u00e4nnerstimmen klingen toll, der Rest ist aber zum Rauslaufen. Das ist hier ganz anders: Es geht gesittet, fein s\u00e4uberlich abgezirkelt und mit ohrenf\u00e4ltiger Sorgfalt bei der Abstimmung der Korrekturglieder zur Sache. Ansteuerung? Unkritisch. Ich hab Diverses von der 8-Euro-Schaltverst\u00e4rkerplatine aus China bis zur 70.000-Euro-Kombi von Altmeister Dan D&#8217;Agostino probiert &#8211; das macht alles Musik. Ja, Variante B klingt besser, d\u00fcrfte in der Praxis aber eher selten auftreten. Das mit dem billigen &#8222;Schalter&#8220; ist sicherlich die richtigere Idee. In Verbindung mit diesem MDF gewordenen Sonderangebot sicherlich ein schwer zu schlagender Einstieg ins Thema ernsthafte Musikwiedergabe.<\/span><\/em><\/h5>\n<h5 style=\"text-align: justify;\"><em><span style=\"color: #ff6600;\">Holger Barske (Chefredakteur Klang + Ton)<\/span><\/em><\/h5>\n<h5><\/h5>\n<p>Der User anthomas schreibt im DIY-HiFi-Forum<\/p>\n<h5 style=\"text-align: justify;\"><em><span style=\"color: #ff6600;\">Moin,<br \/>\nseit gestern laufen die Visage. Nat\u00fcrlich ist der Klang begrenzt durch den einfachen FR10. Aber ich habe die Chassis schon viele Jahre und so gut wie in diesem Geh\u00e4use habe ich sie noch nie t\u00f6nen h\u00f6ren. Danke an Alex !<br \/>\nGr\u00fc\u00dfe Andre<\/span><\/em><\/h5>\n<h5><\/h5>\n<h5 style=\"text-align: justify;\"><span style=\"color: #ffffff;\">f<\/span><\/h5>\n","protected":false},"excerpt":{"rendered":"<p>Im Februar 2010 fand in Duisburg eine kleine Veranstaltung mit dem recht kryptisch wirkenden Namen 3-2-4 statt. Es handelte sich um ein Lautsprecher-Shootout, dessen Probanden eine Membranfl\u00e4che von h\u00f6chstens 61cm\u00b2 pro Chassis aufweisen durften. Three to Four, also 3-4 Zoll Chassis waren in Form von Nahfeld-Setups angesagt. Interessierte finden auf der Homepage von Holger Barske &hellip; <\/p>\n<p><a class=\"more-link btn\" href=\"https:\/\/www.donhighend.de\/?page_id=429\">Weiterlesen<\/a><\/p>\n","protected":false},"author":1,"featured_media":11532,"parent":4401,"menu_order":997,"comment_status":"open","ping_status":"closed","template":"","meta":{"footnotes":""},"class_list":["post-429","page","type-page","status-publish","has-post-thumbnail","hentry","nodate","item-wrap"],"_links":{"self":[{"href":"https:\/\/www.donhighend.de\/index.php?rest_route=\/wp\/v2\/pages\/429","targetHints":{"allow":["GET"]}}],"collection":[{"href":"https:\/\/www.donhighend.de\/index.php?rest_route=\/wp\/v2\/pages"}],"about":[{"href":"https:\/\/www.donhighend.de\/index.php?rest_route=\/wp\/v2\/types\/page"}],"author":[{"embeddable":true,"href":"https:\/\/www.donhighend.de\/index.php?rest_route=\/wp\/v2\/users\/1"}],"replies":[{"embeddable":true,"href":"https:\/\/www.donhighend.de\/index.php?rest_route=%2Fwp%2Fv2%2Fcomments&post=429"}],"version-history":[{"count":54,"href":"https:\/\/www.donhighend.de\/index.php?rest_route=\/wp\/v2\/pages\/429\/revisions"}],"predecessor-version":[{"id":11533,"href":"https:\/\/www.donhighend.de\/index.php?rest_route=\/wp\/v2\/pages\/429\/revisions\/11533"}],"up":[{"embeddable":true,"href":"https:\/\/www.donhighend.de\/index.php?rest_route=\/wp\/v2\/pages\/4401"}],"wp:featuredmedia":[{"embeddable":true,"href":"https:\/\/www.donhighend.de\/index.php?rest_route=\/wp\/v2\/media\/11532"}],"wp:attachment":[{"href":"https:\/\/www.donhighend.de\/index.php?rest_route=%2Fwp%2Fv2%2Fmedia&parent=429"}],"curies":[{"name":"wp","href":"https:\/\/api.w.org\/{rel}","templated":true}]}}