{"id":424,"date":"2010-12-16T17:29:49","date_gmt":"2010-12-16T17:29:49","guid":{"rendered":"http:\/\/www.donhighend.de\/?page_id=424"},"modified":"2024-06-13T12:19:51","modified_gmt":"2024-06-13T11:19:51","slug":"sippo","status":"publish","type":"page","link":"https:\/\/www.donhighend.de\/?page_id=424","title":{"rendered":"Sippo"},"content":{"rendered":"<p><a href=\"https:\/\/www.donhighend.de\/wp-content\/uploads\/2010\/12\/sippo003.jpg\"><br \/>\n<\/a><a href=\"https:\/\/www.donhighend.de\/wp-content\/uploads\/2010\/12\/Sippo.jpg\"><img loading=\"lazy\" decoding=\"async\" class=\"aligncenter size-full wp-image-608\" title=\"Sippo\" src=\"https:\/\/www.donhighend.de\/wp-content\/uploads\/2010\/12\/Sippo.jpg\" alt=\"\" width=\"308\" height=\"800\" srcset=\"https:\/\/www.donhighend.de\/wp-content\/uploads\/2010\/12\/Sippo.jpg 308w, https:\/\/www.donhighend.de\/wp-content\/uploads\/2010\/12\/Sippo-115x300.jpg 115w\" sizes=\"auto, (max-width: 308px) 100vw, 308px\" \/><\/a><\/p>\n<p style=\"text-align: justify;\">Die<em> Sippo is<\/em>t ein gelungenes Beispiel daf\u00fcr, dass hochwertige Musikwidergabe und Sparsamkeit einander nicht ausschliessen. Die Sippo kostet 60 Euro. Paarweise und inclusive Furnier&#8230;<\/p>\n<p style=\"text-align: justify;\">Ziel der Entwicklung war die absolute Minimierung des Budgets und ein dennoch guter Klang.<\/p>\n<p style=\"text-align: justify;\">Bei der Recherche nach preiswerten, aber dennoch brauchbaren Chassis entdeckte ich einen 10 Zentimeter durchmessenden abgeschirmten Tiefmittelt\u00f6ner, welcher von SIPE in Italien hergestellt wurde. In diversen ebay Shops wird das Chassis auch unter dem Namen &#8222;Sonority&#8220; angeboten. Offensichtlich handelt es sich um Restpostenware, denn SIPE hat die Belieferung des DIY-Marktes bereits vor \u00fcber 20 Jahren eingestellt. Die Preise f\u00fcr dieses Chassis liegen bei ca. 2,00\u20ac, so dass ich sogleich ein P\u00e4rchen orderte.<\/p>\n<p><a href=\"https:\/\/www.donhighend.de\/wp-content\/uploads\/2010\/12\/Sippo-TMT-transparent.gif\"><img loading=\"lazy\" decoding=\"async\" class=\"aligncenter size-full wp-image-613\" title=\"Sippo TMT transparent\" src=\"https:\/\/www.donhighend.de\/wp-content\/uploads\/2010\/12\/Sippo-TMT-transparent.gif\" alt=\"\" width=\"271\" height=\"269\" srcset=\"https:\/\/www.donhighend.de\/wp-content\/uploads\/2010\/12\/Sippo-TMT-transparent.gif 271w, https:\/\/www.donhighend.de\/wp-content\/uploads\/2010\/12\/Sippo-TMT-transparent-150x150.gif 150w\" sizes=\"auto, (max-width: 271px) 100vw, 271px\" \/><\/a><\/p>\n<p style=\"text-align: justify;\"><a href=\"https:\/\/www.donhighend.de\/wp-content\/uploads\/2010\/12\/Sippo-TMT.png\"><br \/>\n<\/a>Der kleine 4 Zoll Tiefmittelt\u00f6ner vermag deutlich mehr Bass zu erzeugen, als man ihm vielleicht zutraut. In seinem TQWT Geh\u00e4use gehts hinunter bis 50 Hz.<\/p>\n<p style=\"text-align: justify;\">Im Hochtonbereich setzt die Sippo auf preiswerte Konushocht\u00f6ner, wie man sie heuzutage kaum noch antrifft. Auch hier handelt es sich um ein Markenprodukt aus dem Hause Philips.<\/p>\n<p><a href=\"https:\/\/www.donhighend.de\/wp-content\/uploads\/2010\/12\/Sippo-Hocht\u00f6ner-transparent.gif\"><img loading=\"lazy\" decoding=\"async\" class=\"aligncenter size-full wp-image-617\" title=\"Sippo Hocht\u00f6ner transparent\" src=\"https:\/\/www.donhighend.de\/wp-content\/uploads\/2010\/12\/Sippo-Hocht\u00f6ner-transparent.gif\" alt=\"\" width=\"194\" height=\"143\" \/><\/a><\/p>\n<p style=\"text-align: justify;\">Die Hocht\u00f6ner sind ebenfalls magnetisch geschirmt und waren wohl f\u00fcr den Einsatz in Fernsehger\u00e4ten vorgesehen. Diese Hocht\u00f6ner wechseln zu einem Paarpreis 1,95\u20ac den Besitzer.<\/p>\n<p style=\"text-align: justify;\">Man mag es kaum glauben, aber selbst mit solch preiswertem Chassismaterial l\u00e4sst sich ein wohlklingender Lautsprecher entwickeln, wie z.B. auf der privaten Internetseite von <a href=\"http:\/\/www.frank-landmesser.de\/\"><span style=\"color: #ff0000;\"><strong>Frank L<\/strong><\/span>.<\/a> wie folgt nachzulesen ist:<span style=\"color: #ffffff;\">\u00a0fff<\/span><\/p>\n<blockquote>\n<h5 style=\"text-align: justify;\"><em><span style=\"color: #ff6600;\">Die Vorf\u00fchrung der Sippo war gleich in zweierlei Hinsicht bemerkenswert: 1. Konnten willige Selbstbau-Interessierte die Weichenentstehungsgeschichte technisch und auch akustisch nachvollziehen &#8211; das hat so m.E. noch keiner geboten. Und 2. straft die Sippo all jene, die glauben, dass man (aus dem &#8222;Schrottverkauf&#8220;) f\u00fcr gerade einmal 30 EUR (!) pro Paar inkl. Frequenzweiche und Geh\u00e4use keinen vern\u00fcnftigen Lautsprecher bauen kann, L\u00fcgen. Hut ab Alex! Das ist kein &#8222;Running-Gag&#8220; aus Eurem Forum, sondern ein gekonnt abgestimmter kleiner 2-Wege-Lautsprecher mit dem man problemlos (auch fernab kleiner Gang-Breitb\u00e4nder-Effekt-Kisten) anst\u00e4ndig Musik h\u00f6ren kann.<\/span><\/em><\/h5>\n<\/blockquote>\n<p><span style=\"color: #ffffff;\">\u00a0fff<\/span><\/p>\n<p style=\"text-align: justify;\">Einen weiteren Kommentar verfasste der DIY-HiFi-Forum User &#8222;uliguitar&#8220; am 21.08.13, also einige Jahre nach dem Erscheinen der Sippo:<span style=\"color: #ffffff;\">fff<\/span><\/p>\n<blockquote>\n<h5 style=\"text-align: justify;\"><span style=\"color: #ff6600;\"><em> Hallo, ich m\u00f6chte mich hier auch noch mal einklinken.<\/em><br \/>\n<em>Die SiPPo ist es selbst dann noch Wert nachgebaut zu werden, wenn der TMT 10\u20ac das Stk. kosten w\u00fcrde. Was einem an Klangqualit\u00e4t entgegen gebracht wird,<\/em><br \/>\n<em>sind eine Chassis Investition auch von 12\u20ac pro Seite 3x Wert&#8230; die SiPPo ist und bleibt ein Ph\u00e4nomen in der LS-Szene. Ich habe schon 600\u20ac Fertig-LS geh\u00f6rt (B&amp;W Kompakt LS etc.) die da nicht im entferntesten dran kommen.<\/em><br \/>\n<em>Die im letzten posting gebaute Weiche ist dem Projekt w\u00fcrdig und ich kann dem Erbauer nur dazu gratulieren&#8230; saubere Arbeit. Die SiPPo ist quasi der &#8222;getunte&#8220; VW K\u00e4fer unter den LS. Sie offenbart den uneingeschr\u00e4nkten Vorteil des DIY. Sowas gibt es einfach nicht als Fertig-LS, weil es<\/em><br \/>\n<em>den Herstellern wahrscheinlich nicht genug &#8222;Gewinn&#8220; abwirft. Und das ist bei vielen Fertig-LS Herstellern immer das prim\u00e4re Ziel &#8211; Alex hat einfach nur die Maxime<\/em><br \/>\n<em>&#8212;&gt; nehme viele mittelpr\u00e4chtige Zutaten und baue eine echt guten LS daraus verfolgt&#8230; auf das Zusammenspiel kommt es an.<\/em><br \/>\n<\/span><\/h5>\n<\/blockquote>\n<p>&nbsp;<\/p>\n<p>Axel R. schrieb per E-Mail am 12.12.2016, also 7 Jahre nach Pr\u00e4sentation der Sippo:<\/p>\n<blockquote>\n<h5><em><span style=\"color: #ff6600;\">Hallo Alex,<\/span><\/em><\/h5>\n<h5><em><span style=\"color: #ff6600;\">ich m\u00f6chte mich auf diesem Weg bei Dir f\u00fcr die Entwicklung der Sippo bedanken. Habe Sie f\u00fcr den Sohn eines Bekannten gebaut und ich bin begeistert\u00a0was Du, in Anbetracht des Preises, gezaubert hast!!!<\/span><\/em><\/h5>\n<h5><em><span style=\"color: #ff6600;\">Ich komme aus dem P.A. Bereich aber die Sippo wird nicht die letzte Hifi Box sein, die ich von Dir nachgebaut habe !!!<\/span><\/em><\/h5>\n<h5><em><span style=\"color: #ff6600;\">Gr\u00fc\u00dfe Axel<\/span><\/em><\/h5>\n<\/blockquote>\n<p>&nbsp;<\/p>\n<p>8 Jahre nach der Pr\u00e4sentation der Sippo hat Martin sie gebaut und schreibt per E-Mail:<\/p>\n<blockquote>\n<h5 style=\"text-align: justify;\"><em><span style=\"color: #ff6600;\">Ein HiFi m\u00e4\u00dfiges Hallo,<\/span><\/em><\/h5>\n<h5 style=\"text-align: justify;\"><em><span style=\"color: #ff6600;\">vielen vielen Dank f\u00fcr die Entwicklung der Sippo,habe sie gestern fertig gestellt und bin total begeistert. Saubere Mitten, sehr sch\u00f6ne H\u00f6hen und der Bassbereich kommt so gut, dass meine Frau gesagt hat, ich soll leiser machen bevor die Kinder noch denken, dass ein Gewitter kommt. &#8230; ganz gro\u00dfes Kino. Im Vergleich mit meinem JBL Ti-1000 war kein Sieger auszumachen. Das was die JBL in den H\u00f6hen gut hatte, wurde in den Mitten breiig und unklar, im unteren Bereich macht die JBL zwar mehr Druck, aber die Sippo geht tiefer runter und ist dabei klarer, also wirklich ein gelungener und sauberer Lautsprecher. Dadurch, dass die Teile daf\u00fcr etwas schwerer zu bekommen sind ist der Preis pro LS auf 50\u20ac inkl. Holz gestiegen, aber ich w\u00fcrde sogar 100\u20ac pro Seite daf\u00fcr zahlen.<\/span><\/em><br \/>\n<em><span style=\"color: #ff6600;\">Das werden nicht meine letzten von dir entwickelten Lautsprecher sein, da kommt garantiert n\u00e4chstes Jahr noch was hinterher.<\/span><\/em><br \/>\n<em><span style=\"color: #ff6600;\">VIELEN Dank!!<\/span><\/em><br \/>\n<em><span style=\"color: #ff6600;\">Liebe Gr\u00fc\u00dfe Martin.<\/span><\/em><\/h5>\n<\/blockquote>\n<p>&nbsp;<\/p>\n<p>Als weiterer &#8222;Nachz\u00fcgler&#8220; schreibt Forenuser Vangart<\/p>\n<blockquote>\n<h5><span style=\"color: #ff6600;\"><em>Tja.. und dann ert\u00f6nten die ersten Instrumente \u00fcber diese \u201eBilligbox\u201c und ich dachte\u2026 Was dachte ich eigentlich? Ich dachte ich tr\u00e4ume. Wie gerne h\u00e4tte ich in diesem Moment meinen Gesichtsausdruck gesehen, denn was da herauskam, war unfassbar. In welcher Qualit\u00e4t die Sippo mit Chassis f\u00fcr 3(!)\u20ac pro Seite Musik reproduziert, ist rational nicht nachvollziehbar. Das ist eine Erfahrung, die jeder \u2013 und ich wiederhole mich hier gerne \u2013 jeder Selbstbauer erlebt haben sollte. Dieser Lautsprecher ist echtes Hifi. Mit fiel sofort ein Schlagwort ein: Suggestion! Anhand der Sippo l\u00e4sst sich dieses Ph\u00e4nomen sehr gut erl\u00e4utern. Wenn man diesen Lautsprecher in ein edles Geh\u00e4use packen und mit einer undurchsichtigen Frontbespannung versehen w\u00fcrde, lie\u00dfe sich die Konstruktion im mittleren dreistelligen Bereich vertreiben \u2013 und das meine ich ohne zu \u00fcbertreiben. Betrachtet man aber die tats\u00e4chlichen Kosten, stellt sich die Frage des P\/L-Verh\u00e4ltnisses nicht mehr, denn dieses ist lediglich theoretischer Natur. Warum? Weil es m.M.n. keinen ad\u00e4quaten Terminus daf\u00fcr gibt. Au\u00dferdem w\u00e4re das nur ein Begriff, mit dem man etwas zu beschreiben versucht, das selbst nur durch die Erfahrung greifbar erscheint. Die Sippo ist einzigartig. Und wenn man mich fragt, wird sie das auf unbestimmte Zeit auch bleiben.<\/em><\/span><\/h5>\n<\/blockquote>\n<p><span style=\"color: #ffffff;\">fff<\/span><\/p>\n<p><span style=\"color: #000000;\">Mit ihrer schlanken Silhouette f\u00fcgt sich die Sippo in jeden Wohnraum ein.<\/span><\/p>\n<p><a href=\"https:\/\/www.donhighend.de\/wp-content\/uploads\/2010\/12\/DSC004642.jpg\"><img loading=\"lazy\" decoding=\"async\" class=\"aligncenter size-medium wp-image-461\" title=\"DSC00464\" src=\"https:\/\/www.donhighend.de\/wp-content\/uploads\/2010\/12\/DSC004642-300x225.jpg\" alt=\"\" width=\"300\" height=\"225\" srcset=\"https:\/\/www.donhighend.de\/wp-content\/uploads\/2010\/12\/DSC004642-300x225.jpg 300w, https:\/\/www.donhighend.de\/wp-content\/uploads\/2010\/12\/DSC004642.jpg 640w\" sizes=\"auto, (max-width: 300px) 100vw, 300px\" \/><\/a><\/p>\n<p style=\"text-align: justify;\">Die Weiche der Sippo besteht aus 7 kleinen Bauteilen, welche problemlos im Geh\u00e4use untergebracht werden k\u00f6nnen. In diesem Beispiel wurden sie auf die Bodenplatte geklebt.<\/p>\n<p><a href=\"https:\/\/www.donhighend.de\/wp-content\/uploads\/2010\/12\/Weiche-Sippo.png\"><img loading=\"lazy\" decoding=\"async\" class=\"aligncenter size-medium wp-image-640\" title=\"Weiche Sippo\" src=\"https:\/\/www.donhighend.de\/wp-content\/uploads\/2010\/12\/Weiche-Sippo-300x225.png\" alt=\"\" width=\"300\" height=\"225\" srcset=\"https:\/\/www.donhighend.de\/wp-content\/uploads\/2010\/12\/Weiche-Sippo-300x225.png 300w, https:\/\/www.donhighend.de\/wp-content\/uploads\/2010\/12\/Weiche-Sippo.png 640w\" sizes=\"auto, (max-width: 300px) 100vw, 300px\" \/><\/a><\/p>\n<p style=\"text-align: justify;\">Der mit realen Messungen simulierte Frequenzganz der Sippo. Die Simulation wurde ohne den in einer Nahfeldmessung ermittelten Bassfrequenzgang durchgef\u00fchrt.<\/p>\n<p><a href=\"https:\/\/www.donhighend.de\/wp-content\/uploads\/2010\/12\/Sippo-Simu-neu.jpg\"><img loading=\"lazy\" decoding=\"async\" class=\"aligncenter size-medium wp-image-459\" title=\"Sippo Simu neu\" src=\"https:\/\/www.donhighend.de\/wp-content\/uploads\/2010\/12\/Sippo-Simu-neu-300x200.jpg\" alt=\"\" width=\"300\" height=\"200\" srcset=\"https:\/\/www.donhighend.de\/wp-content\/uploads\/2010\/12\/Sippo-Simu-neu-300x200.jpg 300w, https:\/\/www.donhighend.de\/wp-content\/uploads\/2010\/12\/Sippo-Simu-neu.jpg 640w\" sizes=\"auto, (max-width: 300px) 100vw, 300px\" \/><\/a><\/p>\n<p>Das gleiche gilt f\u00fcr den gemessenen Frequenzgang.<\/p>\n<p><a href=\"https:\/\/www.donhighend.de\/wp-content\/uploads\/2010\/12\/sippo-fernfeld-bearb..jpg\"><img loading=\"lazy\" decoding=\"async\" class=\"aligncenter size-medium wp-image-462\" title=\"sippo fernfeld bearb.\" src=\"https:\/\/www.donhighend.de\/wp-content\/uploads\/2010\/12\/sippo-fernfeld-bearb.-300x187.jpg\" alt=\"\" width=\"300\" height=\"187\" srcset=\"https:\/\/www.donhighend.de\/wp-content\/uploads\/2010\/12\/sippo-fernfeld-bearb.-300x187.jpg 300w, https:\/\/www.donhighend.de\/wp-content\/uploads\/2010\/12\/sippo-fernfeld-bearb..jpg 640w\" sizes=\"auto, (max-width: 300px) 100vw, 300px\" \/><\/a><\/p>\n<p>Kommentare, sowie Pressestimmen zur Sippo finden Sie unter folgenden Links:<\/p>\n<p><a title=\"Bericht in HB-HiFi\" href=\"http:\/\/www.holgerbarske.com\/?page_id=326\" target=\"_blank\" rel=\"noopener noreferrer\">Bericht in HB-HiFi<\/a><br \/>\n<a title=\"Bericht &quot;Sippo das Sparwunder&quot; in HiFi-Selbstbau\" href=\"http:\/\/www.hifi-selbstbau.de\/index.php?option=com_content&amp;view=article&amp;id=333:sippo-das-sparwunder&amp;catid=53:leserprojekte&amp;Itemid=84\" target=\"_blank\" rel=\"noopener noreferrer\">Bericht in HiFi-Selbstbau<\/a><\/p>\n<h3 style=\"text-align: justify;\"><strong><a href=\"https:\/\/www.donhighend.de\/wp-content\/uploads\/2010\/12\/Sippo-Dokumentation.pdf\"><span style=\"color: #0000ff;\">DOKUMENTATION DER SIPPO<\/span><\/a> <\/strong><\/h3>\n<p>&nbsp;<\/p>\n","protected":false},"excerpt":{"rendered":"<p>Die Sippo ist ein gelungenes Beispiel daf\u00fcr, dass hochwertige Musikwidergabe und Sparsamkeit einander nicht ausschliessen. Die Sippo kostet 60 Euro. Paarweise und inclusive Furnier&#8230; Ziel der Entwicklung war die absolute Minimierung des Budgets und ein dennoch guter Klang. Bei der Recherche nach preiswerten, aber dennoch brauchbaren Chassis entdeckte ich einen 10 Zentimeter durchmessenden abgeschirmten Tiefmittelt\u00f6ner, &hellip; <\/p>\n<p><a class=\"more-link btn\" href=\"https:\/\/www.donhighend.de\/?page_id=424\">Weiterlesen<\/a><\/p>\n","protected":false},"author":1,"featured_media":608,"parent":1709,"menu_order":998,"comment_status":"open","ping_status":"closed","template":"","meta":{"footnotes":""},"class_list":["post-424","page","type-page","status-publish","has-post-thumbnail","hentry","nodate","item-wrap"],"_links":{"self":[{"href":"https:\/\/www.donhighend.de\/index.php?rest_route=\/wp\/v2\/pages\/424","targetHints":{"allow":["GET"]}}],"collection":[{"href":"https:\/\/www.donhighend.de\/index.php?rest_route=\/wp\/v2\/pages"}],"about":[{"href":"https:\/\/www.donhighend.de\/index.php?rest_route=\/wp\/v2\/types\/page"}],"author":[{"embeddable":true,"href":"https:\/\/www.donhighend.de\/index.php?rest_route=\/wp\/v2\/users\/1"}],"replies":[{"embeddable":true,"href":"https:\/\/www.donhighend.de\/index.php?rest_route=%2Fwp%2Fv2%2Fcomments&post=424"}],"version-history":[{"count":61,"href":"https:\/\/www.donhighend.de\/index.php?rest_route=\/wp\/v2\/pages\/424\/revisions"}],"predecessor-version":[{"id":6308,"href":"https:\/\/www.donhighend.de\/index.php?rest_route=\/wp\/v2\/pages\/424\/revisions\/6308"}],"up":[{"embeddable":true,"href":"https:\/\/www.donhighend.de\/index.php?rest_route=\/wp\/v2\/pages\/1709"}],"wp:featuredmedia":[{"embeddable":true,"href":"https:\/\/www.donhighend.de\/index.php?rest_route=\/wp\/v2\/media\/608"}],"wp:attachment":[{"href":"https:\/\/www.donhighend.de\/index.php?rest_route=%2Fwp%2Fv2%2Fmedia&parent=424"}],"curies":[{"name":"wp","href":"https:\/\/api.w.org\/{rel}","templated":true}]}}