{"id":3880,"date":"2016-07-11T21:12:45","date_gmt":"2016-07-11T20:12:45","guid":{"rendered":"http:\/\/www.donhighend.de\/?page_id=3880"},"modified":"2018-01-16T11:51:10","modified_gmt":"2018-01-16T10:51:10","slug":"liegende-dappolito-center-nicht-funktionieren","status":"publish","type":"page","link":"https:\/\/www.donhighend.de\/?page_id=3880","title":{"rendered":"Warum liegende D&#8217;Appolito Center nicht funktionieren"},"content":{"rendered":"<p><img loading=\"lazy\" decoding=\"async\" class=\"aligncenter size-full wp-image-3886\" src=\"https:\/\/www.donhighend.de\/wp-content\/uploads\/2016\/07\/Center.jpg\" alt=\"Center\" width=\"800\" height=\"533\" srcset=\"https:\/\/www.donhighend.de\/wp-content\/uploads\/2016\/07\/Center.jpg 800w, https:\/\/www.donhighend.de\/wp-content\/uploads\/2016\/07\/Center-300x200.jpg 300w, https:\/\/www.donhighend.de\/wp-content\/uploads\/2016\/07\/Center-768x512.jpg 768w\" sizes=\"auto, (max-width: 800px) 100vw, 800px\" \/><\/p>\n<p>&nbsp;<\/p>\n<p style=\"text-align: justify;\">Ja, sch\u00f6n sind sie nat\u00fcrlich, diese wunderbar symmetrisch aufgebauten Center-Lautsprecher nach D&#8217;Appolito Vorbild. Mit schicker Hochglanzlackierung oder in edlem Furnier machen sie unter einem gro\u00dfen Flatscreen zumindest optisch eine gute Figur. Doch tun die sch\u00f6nen liegenden Center das auch in akustischer Hinsicht?<\/p>\n<p style=\"text-align: justify;\">Nun, sp\u00e4testens seit ein findiger amerikanischer Entwickler namens Joe D&#8217;Appolito sich mit der symmetrischen Chassisanordnung, bei der i.a.R. ein Hocht\u00f6ner von zwei Tiefmittelt\u00f6nern umschlossen wird, besch\u00e4ftigt hat, stieg die Beliebtheit solcher Konstruktionen rapide an. Niemand wird von der Hand weisen wollen, dass diese Anordnung dem Auge schmeichelt.<\/p>\n<p style=\"text-align: justify;\">Damit ein solches Gebilde aber auch dem Ohr schmeichelt, sind bei der Konstruktion eines solchen Lautsprechers gewisse Bedingungen einzuhalten, bzw. Knackpunkte hinzunehmen. Diese sollen in diesem Artikel jedoch nur am Rande beschrieben werden. Hier geht es schlie\u00dflich nur darum aufzuzeigen, warum man einen liegenden Center nach D&#8217;Appolito Vorbild vermeiden sollte. Wissenschaftliche Abhandlungen dazu sind in ausreichender Menge im WWW verf\u00fcgbar.<\/p>\n<p style=\"text-align: justify;\">In den Jahren, in denen Joe D&#8217;Appolito seine Forschungen betrieb, spielten die heute sehr stark verbreiteten Heimkinos eine eher untergeordnete Rolle. So war es dann auch, dass D&#8217;Appolito seine Entwicklungen f\u00fcr den HiFi-Freund, also f\u00fcr die reine Musikwiedergabe voran trieb. Joe fand heraus, dass eine symmetrische Chassisanordnung unter Ber\u00fccksichtigung von zwingend einzuhaltenden Chassisabst\u00e4nden und korrelierenden \u00dcbernahmefrequenzen zu einem verbesserten Abstrahlverhalten f\u00fchren kann. Ferner ist dazu eine Filtertopologie erforderlich, die zu einem genau definierten Verlauf der akustischen Flanken der einzelnen Chassis f\u00fchrt. Sind all diese Bedingungen nicht erf\u00fcllt, funktioniert ein solcher Lautsprecher nicht optimal und bringt Probleme mit sich. In diesem Zusammenhang sei erw\u00e4hnt, dass etwa 99,99% aller Lautsprecher dieser Bauart die Bedingungen nicht einhalten. F\u00fcr solche Lautsprecher hat sich der Begriff\u00a0 &#8222;Quasi-D&#8217;Appolito Lautsprecher&#8220; (im folgenden QAL genannt) manifestiert. Sie halten die geforderten Bedingungen mehr oder weniger ein, und die m\u00f6glichen Vorteile schwinden, je weiter die Konstruktion vom theoretischen Optimum abweicht.<\/p>\n<p style=\"text-align: justify;\">In der Praxis ist das Problem aber l\u00e4ngst nicht so gro\u00df, wie es der obige Text vermuten l\u00e4sst. Allerdings nur dann nicht, wenn ein QAL seiner eigentlichen Bestimmung zugef\u00fchrt wird, n\u00e4mlich dem H\u00f6ren von Musik in Stereoanordnung mit stehenden Lautsprechern. Das Nichteinhalten der von Joe aufgestellten Bedingungen f\u00fchrt bei einem stehenden QAL zu Fehlern im Abstrahlverhalten auf vertikaler Ebene. Auf horizontaler Ebene strahlt ein QAL hingegegen breit und weitestgehend fehlerfrei. Das hei\u00dft im Klartext, dass ein stehender QAL nur dann gut funktioniert, wenn sich der Hocht\u00f6ner auf Ohrh\u00f6he des Zuh\u00f6rers befindet.<\/p>\n<p style=\"text-align: justify;\"><span style=\"color: #ffffff;\">fff<\/span><\/p>\n<p style=\"text-align: center;\"><img loading=\"lazy\" decoding=\"async\" class=\"aligncenter size-full wp-image-3901\" src=\"https:\/\/www.donhighend.de\/wp-content\/uploads\/2016\/07\/Abstrahlverhalten-stehender-QAL.jpg\" alt=\"Abstrahlverhalten stehender QAL\" width=\"600\" height=\"556\" srcset=\"https:\/\/www.donhighend.de\/wp-content\/uploads\/2016\/07\/Abstrahlverhalten-stehender-QAL.jpg 600w, https:\/\/www.donhighend.de\/wp-content\/uploads\/2016\/07\/Abstrahlverhalten-stehender-QAL-300x278.jpg 300w\" sizes=\"auto, (max-width: 600px) 100vw, 600px\" \/>Stehender QAL mit Hocht\u00f6ner auf Ohrh\u00f6he<\/p>\n<p style=\"text-align: justify;\"><span style=\"color: #ffffff;\">fff<\/span><\/p>\n<p style=\"text-align: justify;\">Die Grafik d\u00fcrfte den Sachverhalt hinreichend verdeutlichen. Auf Ohrh\u00f6he, also nur in einem kleinen vertikalen Bereich, strahlt der Lautsprecher fehlerfrei ab. Die Gr\u00f6\u00dfe des Bereichs w\u00e4chst mit zunehmender H\u00f6rentfernung. \u00dcberschreitet man diesen schmalen Grat, befindet man sich in einem &#8222;Loch&#8220; in dem der QAL fehlerhaft abstrahlt und die resultierenden Schallausl\u00f6schungen das H\u00f6rerlebnis m\u00e4chtig tr\u00fcben. Da man beim Musikgenuss aber i.a.R. gem\u00fctlich in einem Sessel oder auf dem Sofa sitzt und seine vertikale Position nicht ver\u00e4ndert, f\u00e4llt die Problematik kaum bis gar nicht ins Gewicht.<\/p>\n<p style=\"text-align: justify;\">Schauen wir uns dazu einmal einige Frequenzgangsimulationen eines stehenden typischen QAL an:<\/p>\n<p style=\"text-align: justify;\"><span style=\"color: #ffffff;\">fff<\/span><\/p>\n<p style=\"text-align: center;\"><img loading=\"lazy\" decoding=\"async\" class=\"aligncenter size-full wp-image-3908\" src=\"https:\/\/www.donhighend.de\/wp-content\/uploads\/2016\/07\/Stehender-Center-auf-Achse.jpg\" alt=\"Stehender Center auf Achse\" width=\"605\" height=\"423\" srcset=\"https:\/\/www.donhighend.de\/wp-content\/uploads\/2016\/07\/Stehender-Center-auf-Achse.jpg 605w, https:\/\/www.donhighend.de\/wp-content\/uploads\/2016\/07\/Stehender-Center-auf-Achse-300x210.jpg 300w\" sizes=\"auto, (max-width: 605px) 100vw, 605px\" \/>Stehender QAL auf Achse und auf Ohrh\u00f6he<\/p>\n<p style=\"text-align: justify;\"><span style=\"color: #ffffff;\">fff<\/span><\/p>\n<p style=\"text-align: justify;\">Wir sehen einen sehr ausgeglichenen Amplitudenverlauf. Der Einbruch zwischen 2,5 und 5 kHz ist auf Kantendiffraktion zur\u00fcckzuf\u00fchren und wurde bewusst\u00a0 nicht korrigiert.<\/p>\n<p style=\"text-align: justify;\"><span style=\"color: #ffffff;\">fff<\/span><\/p>\n<p style=\"text-align: center;\"><img loading=\"lazy\" decoding=\"async\" class=\"aligncenter size-full wp-image-3910\" src=\"https:\/\/www.donhighend.de\/wp-content\/uploads\/2016\/07\/Stehender-Center-auf-Achse-und-nach-links-und-rechts.jpg\" alt=\"Stehender Center auf Achse und nach links und rechts\" width=\"586\" height=\"434\" srcset=\"https:\/\/www.donhighend.de\/wp-content\/uploads\/2016\/07\/Stehender-Center-auf-Achse-und-nach-links-und-rechts.jpg 586w, https:\/\/www.donhighend.de\/wp-content\/uploads\/2016\/07\/Stehender-Center-auf-Achse-und-nach-links-und-rechts-300x222.jpg 300w\" sizes=\"auto, (max-width: 586px) 100vw, 586px\" \/>Stehender QAL auf Achse und unter horizontalen Winkeln nach links und rechts auf Ohrh\u00f6he<\/p>\n<p style=\"text-align: justify;\"><span style=\"color: #ffffff;\">fff<\/span><\/p>\n<p style=\"text-align: justify;\">Wir sehen, dass der Amplitudenverlauf auch unter horizontalen Winkeln einen recht konstanten Verlauf aufweist. In der Praxis bedeutet das, dass auch die Zuh\u00f6rer, die rechts und links vom theoretisch idealen H\u00f6rplatz sitzen, eine weitestgehend ausgeglichene Musikwiedergabe zu erwarten haben. Am Rande sei bemerkt, dass die Unregelm\u00e4\u00dfigkeiten durch Kantendiffraktion im Amplitudenverlauf unter gr\u00f6\u00dferen horizontalen Winkeln verschwinden.<\/p>\n<p style=\"text-align: justify;\"><span style=\"color: #ffffff;\">fff<\/span><\/p>\n<p style=\"text-align: center;\"><img loading=\"lazy\" decoding=\"async\" class=\"aligncenter size-full wp-image-3911\" src=\"https:\/\/www.donhighend.de\/wp-content\/uploads\/2016\/07\/Stehender-Center-auf-Achse-und-nach-unten-und-oben.jpg\" alt=\"Stehender Center auf Achse und nach unten und oben\" width=\"578\" height=\"432\" srcset=\"https:\/\/www.donhighend.de\/wp-content\/uploads\/2016\/07\/Stehender-Center-auf-Achse-und-nach-unten-und-oben.jpg 578w, https:\/\/www.donhighend.de\/wp-content\/uploads\/2016\/07\/Stehender-Center-auf-Achse-und-nach-unten-und-oben-300x224.jpg 300w\" sizes=\"auto, (max-width: 578px) 100vw, 578px\" \/>Stehender QAL auf Achse und unter vertikalen Winkeln nach oben und unten<\/p>\n<p style=\"text-align: justify;\"><span style=\"color: #ffffff;\">fff<\/span><\/p>\n<p style=\"text-align: justify;\">Bewegt man sich beim Musikgenu\u00df \u00fcber einen QAL aber ausserhalb der Ohrh\u00f6he, weil man vielleicht einmal auf dem Boden sitzen m\u00f6chte, oder eine Stehparty gibt, ist es vorbei mit dem guten Klang. Die Fehler im Abstrahlverhalten f\u00fchren zu massiven Schallausl\u00f6schungen im relevanten Bereich. Der zu erwartende Klang w\u00e4re miserabel.<\/p>\n<p style=\"text-align: justify;\">Drehen wir nun einen QAL um 90\u00b0 und machen ihn zum Center, drehen wir auch sein Problem.<\/p>\n<p style=\"text-align: justify;\"><span style=\"color: #ffffff;\">fff<\/span><\/p>\n<p style=\"text-align: center;\"><img loading=\"lazy\" decoding=\"async\" class=\"aligncenter size-full wp-image-3913\" src=\"https:\/\/www.donhighend.de\/wp-content\/uploads\/2016\/07\/Abstrahlverhalten-liegender-QAL.jpg\" alt=\"Abstrahlverhalten liegender QAL\" width=\"518\" height=\"600\" srcset=\"https:\/\/www.donhighend.de\/wp-content\/uploads\/2016\/07\/Abstrahlverhalten-liegender-QAL.jpg 518w, https:\/\/www.donhighend.de\/wp-content\/uploads\/2016\/07\/Abstrahlverhalten-liegender-QAL-259x300.jpg 259w\" sizes=\"auto, (max-width: 518px) 100vw, 518px\" \/>Liegender QAL, 3 H\u00f6rer nebeneinander sitzend<\/p>\n<p style=\"text-align: justify;\"><span style=\"color: #ffffff;\">fff<\/span><\/p>\n<p style=\"text-align: justify;\">Auch im Falle eines liegenden QAL verdeutlicht die obige Grafik das Problem. Nur die Person, die mittig vor dem Hocht\u00f6ner sitzt, hat mit einer ausgeglichenen Wiedergabe zu rechnen.<\/p>\n<p style=\"text-align: justify;\">Schauen wir uns auch hierzu die entsprechenden Frequenzgangsimulationen eines liegenden QAL an:<\/p>\n<p style=\"text-align: justify;\"><span style=\"color: #ffffff;\">fff<\/span><\/p>\n<p style=\"text-align: center;\"><img loading=\"lazy\" decoding=\"async\" class=\"aligncenter size-full wp-image-3914\" src=\"https:\/\/www.donhighend.de\/wp-content\/uploads\/2016\/07\/Liegender-Center-auf-Achse.jpg\" alt=\"Liegender Center auf Achse\" width=\"605\" height=\"423\" srcset=\"https:\/\/www.donhighend.de\/wp-content\/uploads\/2016\/07\/Liegender-Center-auf-Achse.jpg 605w, https:\/\/www.donhighend.de\/wp-content\/uploads\/2016\/07\/Liegender-Center-auf-Achse-300x210.jpg 300w\" sizes=\"auto, (max-width: 605px) 100vw, 605px\" \/>Liegender QAL auf Ohrh\u00f6he mittig vor dem Hocht\u00f6ner<\/p>\n<p style=\"text-align: justify;\"><span style=\"color: #ffffff;\">fff<\/span><\/p>\n<p style=\"text-align: justify;\">Der Amplitudengang ist identisch mit dem des stehenden QAL. Bis hierhin ist also alles im Lot. Die zu erwartende Wiedergabe ist einwandfrei. Leider ist sie das auf horizontaler Ebene einzig und allein an einem H\u00f6rplatz, n\u00e4mlich dem direkt auf Achse zum Hocht\u00f6ner.<\/p>\n<p style=\"text-align: justify;\">Bewegen wir uns nun auf dem Sofa ein kleines St\u00fcckchen aus dieser optimalen H\u00f6rposition nach links oder rechts heraus, oder sitzen Filmfreunde links oder rechts neben dem Mittelplatz, sieht es ganz anders aus.<\/p>\n<p style=\"text-align: justify;\"><span style=\"color: #ffffff;\">fff<\/span><\/p>\n<p style=\"text-align: center;\"><img loading=\"lazy\" decoding=\"async\" class=\"aligncenter size-full wp-image-3915\" src=\"https:\/\/www.donhighend.de\/wp-content\/uploads\/2016\/07\/Liegender-Center-auf-Achse-und-nach-links-und-rechts.jpg\" alt=\"Liegender Center auf Achse und nach links und rechts\" width=\"578\" height=\"432\" srcset=\"https:\/\/www.donhighend.de\/wp-content\/uploads\/2016\/07\/Liegender-Center-auf-Achse-und-nach-links-und-rechts.jpg 578w, https:\/\/www.donhighend.de\/wp-content\/uploads\/2016\/07\/Liegender-Center-auf-Achse-und-nach-links-und-rechts-300x224.jpg 300w\" sizes=\"auto, (max-width: 578px) 100vw, 578px\" \/>Liegender QAL auf Ohrh\u00f6he auf Achse und unter horizontalen Winkeln nach rechts und links<\/p>\n<p style=\"text-align: justify;\"><span style=\"color: #ffffff;\">fff<\/span><\/p>\n<p style=\"text-align: justify;\">Durch die Drehung des QAL um 90\u00b0 in eine liegende Position wandert das schlechte Abstrahlverhalten eines stehenden QAL in die horizontale Ebene. Das ist logisch, weil die Konstruktion des Lautsprechers ja unver\u00e4ndert ist. Es resultiert ein unausgewogenes Klangerlebnis auf allen Pl\u00e4tzen, ausser dem Mittelplatz auf Achse vor dem Hocht\u00f6ner.<\/p>\n<p style=\"text-align: justify;\">Folgerichtig wird aus dem guten horizontalen Abstrahlverhalten eines stehenden QAL ein gutes vertikales Abstrahlverhalten beim liegenden QAL.<\/p>\n<p style=\"text-align: justify;\"><span style=\"color: #ffffff;\">fff<\/span><\/p>\n<p style=\"text-align: center;\"><img loading=\"lazy\" decoding=\"async\" class=\"aligncenter size-full wp-image-3916\" src=\"https:\/\/www.donhighend.de\/wp-content\/uploads\/2016\/07\/Liegender-Center-auf-Achse-und-nach-unten-und-oben.jpg\" alt=\"Liegender Center auf Achse und nach unten und oben\" width=\"586\" height=\"434\" srcset=\"https:\/\/www.donhighend.de\/wp-content\/uploads\/2016\/07\/Liegender-Center-auf-Achse-und-nach-unten-und-oben.jpg 586w, https:\/\/www.donhighend.de\/wp-content\/uploads\/2016\/07\/Liegender-Center-auf-Achse-und-nach-unten-und-oben-300x222.jpg 300w\" sizes=\"auto, (max-width: 586px) 100vw, 586px\" \/>Liegender QAL auf Ohrh\u00f6he auf Achse und unter vertikalen Winkeln nach oben und unten<\/p>\n<p style=\"text-align: justify;\"><span style=\"color: #ffffff;\">fff<\/span><\/p>\n<p style=\"text-align: justify;\">So sch\u00f6n das vertikale Abstrahlverhalten eines liegenden QAL auch ist. Es n\u00fctzt beim Einsatz als Center leider nichts, denn ebenso wie beim Musikgenu\u00df, schaut man einen tollen Film mit guten Freunden auf einem gem\u00fctlichen Sofa sitzend. Und die Freunde oder Familienmitglieder, die links und rechts des &#8222;Logenplatzes&#8220; sitzen, sollen doch auch in den Genu\u00df erstklassigen Klangs kommen, oder?<\/p>\n<p style=\"text-align: justify;\">Bleibt die Frage offen, warum die Industrie dann so viele liegende Center anbietet? Die Antwort ist einfach. Auch hier bestimmt die Nachfrage das Angebot. Wer ist schon bereit, eine konventionell stehende Box als Center einzusetzen? Wer ist bereit, etwas mehr Geld in die Hand zu nehmen um einen 3-Wege Center mit \u00fcbereinander angeordneten Mittel- und Hocht\u00f6nern zwischen zwei Tieft\u00f6nern anzuschaffen? Genau diese l\u00f6sen das Problem auf technisch einwandfreie und zudem auch optisch ansprechende Art und Weise.<\/p>\n<p style=\"text-align: justify;\"><span style=\"color: #ffffff;\">fff<\/span><\/p>\n<p style=\"text-align: justify;\">\n","protected":false},"excerpt":{"rendered":"<p>&nbsp; Ja, sch\u00f6n sind sie nat\u00fcrlich, diese wunderbar symmetrisch aufgebauten Center-Lautsprecher nach D&#8217;Appolito Vorbild. Mit schicker Hochglanzlackierung oder in edlem Furnier machen sie unter einem gro\u00dfen Flatscreen zumindest optisch eine gute Figur. Doch tun die sch\u00f6nen liegenden Center das auch in akustischer Hinsicht? Nun, sp\u00e4testens seit ein findiger amerikanischer Entwickler namens Joe D&#8217;Appolito sich mit &hellip; <\/p>\n<p><a class=\"more-link btn\" href=\"https:\/\/www.donhighend.de\/?page_id=3880\">Weiterlesen<\/a><\/p>\n","protected":false},"author":1,"featured_media":3886,"parent":3876,"menu_order":1000,"comment_status":"open","ping_status":"closed","template":"","meta":{"footnotes":""},"class_list":["post-3880","page","type-page","status-publish","has-post-thumbnail","hentry","nodate","item-wrap"],"_links":{"self":[{"href":"https:\/\/www.donhighend.de\/index.php?rest_route=\/wp\/v2\/pages\/3880","targetHints":{"allow":["GET"]}}],"collection":[{"href":"https:\/\/www.donhighend.de\/index.php?rest_route=\/wp\/v2\/pages"}],"about":[{"href":"https:\/\/www.donhighend.de\/index.php?rest_route=\/wp\/v2\/types\/page"}],"author":[{"embeddable":true,"href":"https:\/\/www.donhighend.de\/index.php?rest_route=\/wp\/v2\/users\/1"}],"replies":[{"embeddable":true,"href":"https:\/\/www.donhighend.de\/index.php?rest_route=%2Fwp%2Fv2%2Fcomments&post=3880"}],"version-history":[{"count":37,"href":"https:\/\/www.donhighend.de\/index.php?rest_route=\/wp\/v2\/pages\/3880\/revisions"}],"predecessor-version":[{"id":4955,"href":"https:\/\/www.donhighend.de\/index.php?rest_route=\/wp\/v2\/pages\/3880\/revisions\/4955"}],"up":[{"embeddable":true,"href":"https:\/\/www.donhighend.de\/index.php?rest_route=\/wp\/v2\/pages\/3876"}],"wp:featuredmedia":[{"embeddable":true,"href":"https:\/\/www.donhighend.de\/index.php?rest_route=\/wp\/v2\/media\/3886"}],"wp:attachment":[{"href":"https:\/\/www.donhighend.de\/index.php?rest_route=%2Fwp%2Fv2%2Fmedia&parent=3880"}],"curies":[{"name":"wp","href":"https:\/\/api.w.org\/{rel}","templated":true}]}}