{"id":3657,"date":"2016-04-30T23:27:59","date_gmt":"2016-04-30T22:27:59","guid":{"rendered":"http:\/\/www.donhighend.de\/?page_id=3657"},"modified":"2021-07-05T13:30:49","modified_gmt":"2021-07-05T12:30:49","slug":"tsp-messen-in-erstellung","status":"publish","type":"page","link":"https:\/\/www.donhighend.de\/?page_id=3657","title":{"rendered":"TSP messen und passende Geh\u00e4use simulieren"},"content":{"rendered":"<p><a href=\"https:\/\/www.der-akustische-untergrund.de\/tipps-n-tricks\/tsp-ermitteln-und-geh%C3%A4usesimulation-ganz-easy\/\" target=\"_blank\" rel=\"noopener\"><img loading=\"lazy\" decoding=\"async\" class=\"aligncenter size-full wp-image-8536\" src=\"https:\/\/www.donhighend.de\/wp-content\/uploads\/2021\/07\/DAU-TSP-Ermittlung.png\" alt=\"\" width=\"1143\" height=\"578\" srcset=\"https:\/\/www.donhighend.de\/wp-content\/uploads\/2021\/07\/DAU-TSP-Ermittlung.png 1143w, https:\/\/www.donhighend.de\/wp-content\/uploads\/2021\/07\/DAU-TSP-Ermittlung-300x152.png 300w, https:\/\/www.donhighend.de\/wp-content\/uploads\/2021\/07\/DAU-TSP-Ermittlung-1024x518.png 1024w, https:\/\/www.donhighend.de\/wp-content\/uploads\/2021\/07\/DAU-TSP-Ermittlung-768x388.png 768w, https:\/\/www.donhighend.de\/wp-content\/uploads\/2021\/07\/DAU-TSP-Ermittlung-750x379.png 750w\" sizes=\"auto, (max-width: 1143px) 100vw, 1143px\" \/><\/a><\/p>\n<p style=\"text-align: justify;\">Um eine sinnvolle Geh\u00e4useabstimmung f\u00fcr eines Lautsprechers vornehmen zu k\u00f6nnen, ben\u00f6tigt man den TSP Satz des zu verwendenden Chassis. Die meisten Hersteller ver\u00f6ffentlichen zu ihren T\u00f6nern Datenbl\u00e4tter, denen man die notwendigen TSP entnehmen kann. Damit sollte eine Abstimmung problemlos m\u00f6glich sein. Doch einige Hersteller nehmen es mit der Genauigkeit der ausgewiesenen Daten nicht so genau. Und was ist, wenn es zu einem \u00e4lteren Chassis, oder bei einem solchen, dessen Fabrikat und Herkunft unbekannt ist, keine TSP vorliegen? Wohl oder \u00fcben m\u00fcssen die TSP in solchen F\u00e4llen ermittelt werden. Doch wie geht man das an? Das muss doch wahnsinnig schwierig sein, und man wird eine Menge an Equipment daf\u00fcr ben\u00f6tigen!? Ist das aber wirklich so? In einer Online-Talkrunde mit Mitgliedern unserer Facebook Gruppe haben wir genau \u00fcber dieses Thema gesprochen. Die Fragen und Erkenntnisse dieses Talks haben wir in einem sehr ausf\u00fchrlichen PDF zusammengefasst. Auf unserer Website\u00a0<a href=\"https:\/\/www.der-akustische-untergrund.de\/tipps-n-tricks\/tsp-ermitteln-und-geh%C3%A4usesimulation-ganz-easy\/\" target=\"_blank\" rel=\"noopener\"><span style=\"color: #0000ff;\">Der Akustische Untergrund<\/span><\/a> steht das Dokument zum Download bereit.<\/p>\n","protected":false},"excerpt":{"rendered":"<p>Um eine sinnvolle Geh\u00e4useabstimmung f\u00fcr eines Lautsprechers vornehmen zu k\u00f6nnen, ben\u00f6tigt man den TSP Satz des zu verwendenden Chassis. Die meisten Hersteller ver\u00f6ffentlichen zu ihren T\u00f6nern Datenbl\u00e4tter, denen man die notwendigen TSP entnehmen kann. Damit sollte eine Abstimmung problemlos m\u00f6glich sein. Doch einige Hersteller nehmen es mit der Genauigkeit der ausgewiesenen Daten nicht so genau. &hellip; <\/p>\n<p><a class=\"more-link btn\" href=\"https:\/\/www.donhighend.de\/?page_id=3657\">Weiterlesen<\/a><\/p>\n","protected":false},"author":1,"featured_media":8536,"parent":1341,"menu_order":997,"comment_status":"open","ping_status":"closed","template":"","meta":{"footnotes":""},"class_list":["post-3657","page","type-page","status-publish","has-post-thumbnail","hentry","nodate","item-wrap"],"_links":{"self":[{"href":"https:\/\/www.donhighend.de\/index.php?rest_route=\/wp\/v2\/pages\/3657","targetHints":{"allow":["GET"]}}],"collection":[{"href":"https:\/\/www.donhighend.de\/index.php?rest_route=\/wp\/v2\/pages"}],"about":[{"href":"https:\/\/www.donhighend.de\/index.php?rest_route=\/wp\/v2\/types\/page"}],"author":[{"embeddable":true,"href":"https:\/\/www.donhighend.de\/index.php?rest_route=\/wp\/v2\/users\/1"}],"replies":[{"embeddable":true,"href":"https:\/\/www.donhighend.de\/index.php?rest_route=%2Fwp%2Fv2%2Fcomments&post=3657"}],"version-history":[{"count":6,"href":"https:\/\/www.donhighend.de\/index.php?rest_route=\/wp\/v2\/pages\/3657\/revisions"}],"predecessor-version":[{"id":8539,"href":"https:\/\/www.donhighend.de\/index.php?rest_route=\/wp\/v2\/pages\/3657\/revisions\/8539"}],"up":[{"embeddable":true,"href":"https:\/\/www.donhighend.de\/index.php?rest_route=\/wp\/v2\/pages\/1341"}],"wp:featuredmedia":[{"embeddable":true,"href":"https:\/\/www.donhighend.de\/index.php?rest_route=\/wp\/v2\/media\/8536"}],"wp:attachment":[{"href":"https:\/\/www.donhighend.de\/index.php?rest_route=%2Fwp%2Fv2%2Fmedia&parent=3657"}],"curies":[{"name":"wp","href":"https:\/\/api.w.org\/{rel}","templated":true}]}}