{"id":3277,"date":"2015-12-13T20:16:40","date_gmt":"2015-12-13T19:16:40","guid":{"rendered":"http:\/\/www.donhighend.de\/?page_id=3277"},"modified":"2026-02-08T15:58:41","modified_gmt":"2026-02-08T14:58:41","slug":"energy","status":"publish","type":"page","link":"https:\/\/www.donhighend.de\/?page_id=3277","title":{"rendered":"Energy F.A.S.T."},"content":{"rendered":"<p><img loading=\"lazy\" decoding=\"async\" class=\"aligncenter size-full wp-image-11525\" src=\"https:\/\/www.donhighend.de\/wp-content\/uploads\/2025\/09\/unnamed.png\" alt=\"\" width=\"366\" height=\"640\" srcset=\"https:\/\/www.donhighend.de\/wp-content\/uploads\/2025\/09\/unnamed.png 366w, https:\/\/www.donhighend.de\/wp-content\/uploads\/2025\/09\/unnamed-172x300.png 172w\" sizes=\"auto, (max-width: 366px) 100vw, 366px\" \/><\/p>\n<p style=\"text-align: justify;\">Man m\u00fcsste mal was anderes machen, als immer nur Lautsprecher mit aalglatten Frequenzg\u00e4ngen entwickeln. Die Idee, einmal aus den gewohnten Konventionen auszubrechen, geistert schon lange durch unsere K\u00f6pfe. Doch wie stellt man das am ehesten an? Letztlich laufen Entwicklungen doch immer wieder auf eine m\u00f6glichst glatte Abstimmung hinaus. So sollte es eigentlich auch bei der im Folgenden beschriebenen Lautsprecherbox sein. Doch im Verlauf der Entwicklung kristallisierte sich heraus, dass an dieser Box nichts aalglatt sein w\u00fcrde.<\/p>\n<p style=\"text-align: justify;\">Die Geschichte der Box begann mit einem kleinen Paket, welches Herr Marko Rose von der <span style=\"color: #ff0000;\"><a style=\"color: #ff0000;\" href=\"http:\/\/www.ebay.de\/usr\/dieboxengasse-hamm?_trksid=p2056016.l2559\" target=\"_blank\" rel=\"noopener noreferrer\"><strong>BOXENGASSE HAMM<\/strong><\/a><\/span> an mich geschickt hatte. Enthalten waren je ein Paar der brandaktuellen Mivoc Chassis SWM68 sowie FR358N, mit welchen Herr Rose dieses D.A.U. Lautsprecherkonzept sponsert.<\/p>\n<p style=\"text-align: justify;\">Der SWM68 ist ein preiswerter, aber dennoch ordentlich gemachter &#8222;17er&#8220;. Das Chassis ist mit einem stabilen Stahlblechkorb ausgestattet. Die Membran wirkt mit ihrer strukturierten Oberfl\u00e4che sehr wertig. Eine langzeitstabile Gummisicke und eine fette Polkerbohrung komplettieren das gute Erscheinungsbild.<\/p>\n<p>&nbsp;<\/p>\n<p><img loading=\"lazy\" decoding=\"async\" class=\"aligncenter size-full wp-image-3347\" src=\"https:\/\/www.donhighend.de\/wp-content\/uploads\/2015\/12\/SWM68.jpg\" alt=\"SWM68\" width=\"500\" height=\"499\" srcset=\"https:\/\/www.donhighend.de\/wp-content\/uploads\/2015\/12\/SWM68.jpg 500w, https:\/\/www.donhighend.de\/wp-content\/uploads\/2015\/12\/SWM68-150x150.jpg 150w, https:\/\/www.donhighend.de\/wp-content\/uploads\/2015\/12\/SWM68-300x300.jpg 300w\" sizes=\"auto, (max-width: 500px) 100vw, 500px\" \/><\/p>\n<p>&nbsp;<\/p>\n<h3>TSP<\/h3>\n<p>Fs: 47 Hz<\/p>\n<p>Re: 6,6 Ohm<\/p>\n<p>Qes: 0,52<\/p>\n<p>Qms: 2<\/p>\n<p>Qts: 0,41<\/p>\n<p>B\/L: 9<\/p>\n<p>SD: 124,7 cm\u00b2<\/p>\n<p>Mms: 21,7 Gramm<\/p>\n<p>Le: 0,65 mH<\/p>\n<p>Xmax: +\/- 6,3 mm<\/p>\n<p>VAS: 11,5 Liter<\/p>\n<p>Cms: 0,53<\/p>\n<p>SPL: 86 dB<\/p>\n<p>&nbsp;<\/p>\n<p style=\"text-align: justify;\">Die TSP weisen den SWM68 als sehr universell einsetzbares Chassis aus, das in nahezu allen Geh\u00e4useprizipien eine gute Figur macht. Unsere Simulationen haben ergeben, dass der kleine Solinger in einer ziemlich kleinen, gerade einmal 80 cm langen TQWT H\u00f6chstleistungen zu bringen imstande ist.<\/p>\n<p><img loading=\"lazy\" decoding=\"async\" class=\"aligncenter size-full wp-image-3285\" src=\"https:\/\/www.donhighend.de\/wp-content\/uploads\/2015\/12\/FG-aus-Simu.jpg\" alt=\"FG aus Simu\" width=\"894\" height=\"297\" srcset=\"https:\/\/www.donhighend.de\/wp-content\/uploads\/2015\/12\/FG-aus-Simu.jpg 894w, https:\/\/www.donhighend.de\/wp-content\/uploads\/2015\/12\/FG-aus-Simu-300x100.jpg 300w, https:\/\/www.donhighend.de\/wp-content\/uploads\/2015\/12\/FG-aus-Simu-768x255.jpg 768w\" sizes=\"auto, (max-width: 894px) 100vw, 894px\" \/><\/p>\n<p>&nbsp;<\/p>\n<p style=\"text-align: justify;\">Die Simulation erfolgte mit dem bew\u00e4hrten MJK-Sheet und verspricht Tiefgang bis in die 30 Hz Region.<\/p>\n<p style=\"text-align: justify;\">Als Spielpartner f\u00fcr den SWM68 h\u00e4lt der bereits oben erw\u00e4hnte Breitb\u00e4nder FR358N, ebenfalls eine Neuheit des Solinger Spezialisten Mivoc, Einzug ins gemeinsame Geh\u00e4use<\/p>\n<p>&nbsp;<\/p>\n<p><img loading=\"lazy\" decoding=\"async\" class=\"aligncenter size-full wp-image-3348\" src=\"https:\/\/www.donhighend.de\/wp-content\/uploads\/2015\/12\/FR-358N.jpg\" alt=\"FR 358N\" width=\"394\" height=\"382\" srcset=\"https:\/\/www.donhighend.de\/wp-content\/uploads\/2015\/12\/FR-358N.jpg 394w, https:\/\/www.donhighend.de\/wp-content\/uploads\/2015\/12\/FR-358N-300x291.jpg 300w\" sizes=\"auto, (max-width: 394px) 100vw, 394px\" \/><\/p>\n<p>&nbsp;<\/p>\n<p style=\"text-align: justify;\">Mit einem Preis von 39,- Euro ist der kleine Breitb\u00e4nder zwar um 10,- Euro teurer als sein Stallgef\u00e4hrte, daf\u00fcr legt er aber eine ausserordentliche Verarbeitungsqualit\u00e4t an den Tag. Die Papiermembran wird von einer Gewebesicke im ultrastabilen und massiven Gusskorb gehalten. An allen nur m\u00f6glichen Stellen verf\u00fcgt der kleine Kraftprotz \u00fcber durchdachte Bel\u00fcftungsma\u00dfnahmen.<\/p>\n<p style=\"text-align: justify;\">So gut die Haptik auch ist, die der FR358N vermittelt, so problematisch ist jedoch sein Frequenzgang. Mitten im wichtigen \u00dcbertragungsbereich gibt es einen unsch\u00f6nen Buckel und am oberen Ende des zu \u00fcbertragenden Frequenzspektrums steigt der Schalldruck sprungartig um fast 10dB an. Der Bursche ist also eine ordentliche Herausforderung, was seine Filterung angeht.<\/p>\n<p style=\"text-align: justify;\">Um den Frequenzgang des Breitb\u00e4nders durch den Einbau in eine Schallwand nicht noch weiter aus dem Ruder laufen zu lassen, wurde seine Einbauposition mittels des Programms edge optimiert. In der Praxis sitzt das Chassis leicht aussermittig mit relativ geringem Abstand zur oberen Kante des Lautsprechers.<\/p>\n<p style=\"text-align: justify;\">Die Ausgangssituation f\u00fcr die Beschaltung sieht wie folgt aus:<\/p>\n<p>&nbsp;<\/p>\n<p><img loading=\"lazy\" decoding=\"async\" class=\"aligncenter size-full wp-image-3291\" src=\"https:\/\/www.donhighend.de\/wp-content\/uploads\/2015\/12\/Messung-BB-unbeschaltet.jpg\" alt=\"Messung BB unbeschaltet\" width=\"822\" height=\"592\" srcset=\"https:\/\/www.donhighend.de\/wp-content\/uploads\/2015\/12\/Messung-BB-unbeschaltet.jpg 822w, https:\/\/www.donhighend.de\/wp-content\/uploads\/2015\/12\/Messung-BB-unbeschaltet-300x216.jpg 300w, https:\/\/www.donhighend.de\/wp-content\/uploads\/2015\/12\/Messung-BB-unbeschaltet-768x553.jpg 768w\" sizes=\"auto, (max-width: 822px) 100vw, 822px\" \/><\/p>\n<p>&nbsp;<\/p>\n<p style=\"text-align: justify;\">Nat\u00fcrlich erscheint es auf den ersten Blick nicht schwierig, die nach unten flach abfallende Flanke so hinzudengeln, dass sich ein sauberer \u00dcbergang zum TMT einstellt. Dann noch eine kleine Korrektur, die den Buckel bei 1800 Hz ausmerzt, und den Hochton reguliert man \u00fcber die Einwinkelung. Jedenfalls war das der erste Gedanke w\u00e4hrend der Entwicklung, und so wurde auch die erste von insgesamt 9 verschiedenen Weichenvarianten aufgebaut.<\/p>\n<p>&nbsp;<\/p>\n<p><img loading=\"lazy\" decoding=\"async\" class=\"aligncenter size-full wp-image-3297\" src=\"https:\/\/www.donhighend.de\/wp-content\/uploads\/2015\/12\/FG-Weiche-1.0.jpg\" alt=\"FG Weiche 1.0\" width=\"822\" height=\"590\" srcset=\"https:\/\/www.donhighend.de\/wp-content\/uploads\/2015\/12\/FG-Weiche-1.0.jpg 822w, https:\/\/www.donhighend.de\/wp-content\/uploads\/2015\/12\/FG-Weiche-1.0-300x215.jpg 300w, https:\/\/www.donhighend.de\/wp-content\/uploads\/2015\/12\/FG-Weiche-1.0-768x551.jpg 768w\" sizes=\"auto, (max-width: 822px) 100vw, 822px\" \/><\/p>\n<p>Frequenzgang Weichenversion 1.0<\/p>\n<p>&nbsp;<\/p>\n<p style=\"text-align: justify;\">Abgesehen vom Hochtonanstieg sieht das sehr vielversprechend aus. Frohen Mutes wurde die Weiche zusammengesteckt und kurz sp\u00e4ter ert\u00f6nten die ersten Takte von einer CD. Ich mache es kurz. Es war eine Katastrophe. Der Lautsprecher schrie mich an. Es klang absolut unausgewogen. Einfach nicht zu ertragen. Zudem erwies sich der Hochtonanstieg als zu stark, um ihn \u00fcber eine Einwinkelung in den Griff zu bekommen.<\/p>\n<p style=\"text-align: justify;\">Eine genauere Betrachtung der Simulationen und nat\u00fcrlich auch die entsprechenden Messungen unter Winkel offenbarten das Problem recht schnell.<\/p>\n<p>&nbsp;<\/p>\n<p><img loading=\"lazy\" decoding=\"async\" class=\"aligncenter size-full wp-image-3299\" src=\"https:\/\/www.donhighend.de\/wp-content\/uploads\/2015\/12\/Winkelsimulationen-1.0.jpg\" alt=\"Winkelsimulationen 1.0\" width=\"800\" height=\"597\" srcset=\"https:\/\/www.donhighend.de\/wp-content\/uploads\/2015\/12\/Winkelsimulationen-1.0.jpg 800w, https:\/\/www.donhighend.de\/wp-content\/uploads\/2015\/12\/Winkelsimulationen-1.0-300x224.jpg 300w, https:\/\/www.donhighend.de\/wp-content\/uploads\/2015\/12\/Winkelsimulationen-1.0-768x573.jpg 768w\" sizes=\"auto, (max-width: 800px) 100vw, 800px\" \/><\/p>\n<p>Simulierte Winkelfrequenzg\u00e4nge Weichenversion 1.0<\/p>\n<p>&nbsp;<\/p>\n<p style=\"text-align: justify;\">Der FR358N pfeffert zwischen 2 kHz und 5 kHz so extrem viel Energie in den Raum, dass eine ausgewogene Wiedergabe nicht m\u00f6glich ist. Auch die Darstellung des Energiefrequenzganges offenbart dieses Problem in aller Deutlichkeit.<\/p>\n<p>&nbsp;<\/p>\n<p><img loading=\"lazy\" decoding=\"async\" class=\"aligncenter size-full wp-image-3301\" src=\"https:\/\/www.donhighend.de\/wp-content\/uploads\/2015\/12\/Energiefrequenzgang-1.0.jpg\" alt=\"Energiefrequenzgang 1.0\" width=\"818\" height=\"589\" srcset=\"https:\/\/www.donhighend.de\/wp-content\/uploads\/2015\/12\/Energiefrequenzgang-1.0.jpg 818w, https:\/\/www.donhighend.de\/wp-content\/uploads\/2015\/12\/Energiefrequenzgang-1.0-300x216.jpg 300w, https:\/\/www.donhighend.de\/wp-content\/uploads\/2015\/12\/Energiefrequenzgang-1.0-768x553.jpg 768w\" sizes=\"auto, (max-width: 818px) 100vw, 818px\" \/><\/p>\n<p>Energiefrequenzgang Weichenversion 1.0<\/p>\n<p>&nbsp;<\/p>\n<p style=\"text-align: justify;\">Nun kann man einem solchen Problem mit verschiedenen Methoden auf den Pelz r\u00fccken. Wir entschieden uns daf\u00fcr, den Lautsprecher auf den Energiefrequenzgang zu optimieren. Somit war auch die Namensfindung der Box abgeschlossen. Die Entwicklung der &#8222;Energy F.A.S.T&#8220; konnte in die zweite Runde gehen.<\/p>\n<p style=\"text-align: justify;\">Im Verlauf der Entwicklung wurden noch diverse Ver\u00e4nderungen vorgenommen. So wurde z. B. mit diversen Flankensteilheiten und auch mit unterschiedlichen Trennfrequenzen experimentiert.<\/p>\n<p style=\"text-align: justify;\">Um das Verhalten des Lautsprechers unter Winkeln gleich w\u00e4hrend der Simulation bewerten zu k\u00f6nnen, wurden die weiteren Simulationen mit dem Programm Xover durchgef\u00fchrt. Dieses leistungsstarke Programm ist, im Gegensatz zu Boxsim, in der Lage, aus eingespeisten Winkelmessungen entsprechende Simulationen abzuleiten.<\/p>\n<p style=\"text-align: justify;\">Nat\u00fcrlich f\u00fchrt eine Abstimmung auf m\u00f6glichst glatt abfallenden Energiefrequenzgang zu Senken im Frequenzverlauf auf Achse.<\/p>\n<p>&nbsp;<\/p>\n<p><img loading=\"lazy\" decoding=\"async\" class=\"aligncenter size-full wp-image-3307\" src=\"https:\/\/www.donhighend.de\/wp-content\/uploads\/2015\/12\/Weiche-1.9-0\u00b0.jpg\" alt=\"Weiche 1.9 0\u00b0\" width=\"828\" height=\"551\" srcset=\"https:\/\/www.donhighend.de\/wp-content\/uploads\/2015\/12\/Weiche-1.9-0\u00b0.jpg 828w, https:\/\/www.donhighend.de\/wp-content\/uploads\/2015\/12\/Weiche-1.9-0\u00b0-300x200.jpg 300w, https:\/\/www.donhighend.de\/wp-content\/uploads\/2015\/12\/Weiche-1.9-0\u00b0-768x511.jpg 768w\" sizes=\"auto, (max-width: 828px) 100vw, 828px\" \/><\/p>\n<p>Frequenzgang 0\u00b0 Weichenversion 1.8<\/p>\n<p>&nbsp;<\/p>\n<p><img loading=\"lazy\" decoding=\"async\" class=\"aligncenter size-full wp-image-3308\" src=\"https:\/\/www.donhighend.de\/wp-content\/uploads\/2015\/12\/Weiche-1.9-15\u00b0.jpg\" alt=\"Weiche 1.9 15\u00b0\" width=\"826\" height=\"551\" srcset=\"https:\/\/www.donhighend.de\/wp-content\/uploads\/2015\/12\/Weiche-1.9-15\u00b0.jpg 826w, https:\/\/www.donhighend.de\/wp-content\/uploads\/2015\/12\/Weiche-1.9-15\u00b0-300x200.jpg 300w, https:\/\/www.donhighend.de\/wp-content\/uploads\/2015\/12\/Weiche-1.9-15\u00b0-768x512.jpg 768w\" sizes=\"auto, (max-width: 826px) 100vw, 826px\" \/>Frequenzgang 15\u00b0 Weichenversion 1.8<\/p>\n<p>&nbsp;<\/p>\n<p><img loading=\"lazy\" decoding=\"async\" class=\"aligncenter size-full wp-image-3309\" src=\"https:\/\/www.donhighend.de\/wp-content\/uploads\/2015\/12\/Weiche-1.9-30\u00b0.jpg\" alt=\"Weiche 1.9 30\u00b0\" width=\"828\" height=\"552\" srcset=\"https:\/\/www.donhighend.de\/wp-content\/uploads\/2015\/12\/Weiche-1.9-30\u00b0.jpg 828w, https:\/\/www.donhighend.de\/wp-content\/uploads\/2015\/12\/Weiche-1.9-30\u00b0-300x200.jpg 300w, https:\/\/www.donhighend.de\/wp-content\/uploads\/2015\/12\/Weiche-1.9-30\u00b0-768x512.jpg 768w\" sizes=\"auto, (max-width: 828px) 100vw, 828px\" \/>Frequenzgang 30\u00b0 Weichenversion 1.8<\/p>\n<p>&nbsp;<\/p>\n<p><img loading=\"lazy\" decoding=\"async\" class=\"aligncenter size-full wp-image-3310\" src=\"https:\/\/www.donhighend.de\/wp-content\/uploads\/2015\/12\/Weiche-1.9-45\u00b0.jpg\" alt=\"Weiche 1.9 45\u00b0\" width=\"829\" height=\"551\" srcset=\"https:\/\/www.donhighend.de\/wp-content\/uploads\/2015\/12\/Weiche-1.9-45\u00b0.jpg 829w, https:\/\/www.donhighend.de\/wp-content\/uploads\/2015\/12\/Weiche-1.9-45\u00b0-300x199.jpg 300w, https:\/\/www.donhighend.de\/wp-content\/uploads\/2015\/12\/Weiche-1.9-45\u00b0-768x510.jpg 768w\" sizes=\"auto, (max-width: 829px) 100vw, 829px\" \/>Frequenzgang 45\u00b0 Weichenversion 1.8<\/p>\n<p>&nbsp;<\/p>\n<p>Weichenversion 1.8 f\u00fchrt ebenfalls in Boxsim zu dem gew\u00fcnschten, konstant abfallenden Energiefrequenzgang.<\/p>\n<p>&nbsp;<\/p>\n<p><img loading=\"lazy\" decoding=\"async\" class=\"aligncenter size-full wp-image-3312\" src=\"https:\/\/www.donhighend.de\/wp-content\/uploads\/2015\/12\/Energiefrequenzgang-Weiche-1.8.jpg\" alt=\"Energiefrequenzgang Weiche 1.8\" width=\"822\" height=\"593\" srcset=\"https:\/\/www.donhighend.de\/wp-content\/uploads\/2015\/12\/Energiefrequenzgang-Weiche-1.8.jpg 822w, https:\/\/www.donhighend.de\/wp-content\/uploads\/2015\/12\/Energiefrequenzgang-Weiche-1.8-300x216.jpg 300w, https:\/\/www.donhighend.de\/wp-content\/uploads\/2015\/12\/Energiefrequenzgang-Weiche-1.8-768x554.jpg 768w\" sizes=\"auto, (max-width: 822px) 100vw, 822px\" \/>Energiefrequenzgang Weichenversion 1.8<\/p>\n<p>&nbsp;<\/p>\n<p>Die Messungen entsprechen den Simulationen<\/p>\n<p>&nbsp;<\/p>\n<p><img loading=\"lazy\" decoding=\"async\" class=\"aligncenter size-full wp-image-3321\" src=\"https:\/\/www.donhighend.de\/wp-content\/uploads\/2015\/12\/Pit-Stop-12.12.15.jpg\" alt=\"Pit Stop 12.12.15\" width=\"1360\" height=\"677\" srcset=\"https:\/\/www.donhighend.de\/wp-content\/uploads\/2015\/12\/Pit-Stop-12.12.15.jpg 1360w, https:\/\/www.donhighend.de\/wp-content\/uploads\/2015\/12\/Pit-Stop-12.12.15-300x149.jpg 300w, https:\/\/www.donhighend.de\/wp-content\/uploads\/2015\/12\/Pit-Stop-12.12.15-768x382.jpg 768w, https:\/\/www.donhighend.de\/wp-content\/uploads\/2015\/12\/Pit-Stop-12.12.15-1024x510.jpg 1024w\" sizes=\"auto, (max-width: 1360px) 100vw, 1360px\" \/><\/p>\n<p>Messungen 0\u00b0 &#8211; 30\u00b0<\/p>\n<p>&nbsp;<\/p>\n<p style=\"text-align: justify;\">Auch der Impedanzverlauf ist vollkommen unkritisch. Im Bereich 10 kHz sinkt er knapp unter 4 Ohm. Das sollte keinen Verst\u00e4rker in die Bredouille bringen.<\/p>\n<p><img loading=\"lazy\" decoding=\"async\" class=\"aligncenter size-full wp-image-3325\" src=\"https:\/\/www.donhighend.de\/wp-content\/uploads\/2015\/12\/Pit-Stop-Imp.jpg\" alt=\"Pit Stop Imp\" width=\"1258\" height=\"611\" srcset=\"https:\/\/www.donhighend.de\/wp-content\/uploads\/2015\/12\/Pit-Stop-Imp.jpg 1258w, https:\/\/www.donhighend.de\/wp-content\/uploads\/2015\/12\/Pit-Stop-Imp-300x146.jpg 300w, https:\/\/www.donhighend.de\/wp-content\/uploads\/2015\/12\/Pit-Stop-Imp-768x373.jpg 768w, https:\/\/www.donhighend.de\/wp-content\/uploads\/2015\/12\/Pit-Stop-Imp-1024x497.jpg 1024w\" sizes=\"auto, (max-width: 1258px) 100vw, 1258px\" \/>Impedanzverlauf<\/p>\n<p>&nbsp;<\/p>\n<p style=\"text-align: justify;\">Das Klirrverhalten spiegelt die Qualit\u00e4t der eingesetzten Chassis wider.<\/p>\n<p><img loading=\"lazy\" decoding=\"async\" class=\"aligncenter size-full wp-image-3326\" src=\"https:\/\/www.donhighend.de\/wp-content\/uploads\/2015\/12\/Pit-Stop-Klirr@90dB.jpg\" alt=\"Pit Stop Klirr@90dB\" width=\"1267\" height=\"666\" srcset=\"https:\/\/www.donhighend.de\/wp-content\/uploads\/2015\/12\/Pit-Stop-Klirr@90dB.jpg 1267w, https:\/\/www.donhighend.de\/wp-content\/uploads\/2015\/12\/Pit-Stop-Klirr@90dB-300x158.jpg 300w, https:\/\/www.donhighend.de\/wp-content\/uploads\/2015\/12\/Pit-Stop-Klirr@90dB-768x404.jpg 768w, https:\/\/www.donhighend.de\/wp-content\/uploads\/2015\/12\/Pit-Stop-Klirr@90dB-1024x538.jpg 1024w\" sizes=\"auto, (max-width: 1267px) 100vw, 1267px\" \/><\/p>\n<p>Klirr @ 90dB<\/p>\n<p>&nbsp;<\/p>\n<p style=\"text-align: justify;\">Die Frequenzweichenschaltung ist ein wenig aufwendiger und widmet sich auch dem sehr starken Hochtonanstieg. Der ausgewogene und vollkommen unangestrengte Klang der &#8222;Energy F.A.S.T.&#8220; rechtfertigt dies aber ohne Zweifel. Vollkommen unangestrengt spielen die Lautsprecher jegliche Art von Musik. Der Bass ist kr\u00e4ftig, tief, straff und trocken. Stimmen haben den richtigen K\u00f6rper, und auch die r\u00e4umliche Abbildung gelingt einwandfrei. &#8222;Energy F.A.S.T.&#8220; ist ein Lautsprecher, der absolut langzeittauglich aufspielt, der aber auch mal losfeuern kann, wenn es gew\u00fcnscht ist.<\/p>\n<p>&nbsp;<\/p>\n<p><img loading=\"lazy\" decoding=\"async\" class=\"aligncenter size-full wp-image-3315\" src=\"https:\/\/www.donhighend.de\/wp-content\/uploads\/2015\/12\/Weiche-Website.jpg\" alt=\"Weiche Website\" width=\"756\" height=\"420\" srcset=\"https:\/\/www.donhighend.de\/wp-content\/uploads\/2015\/12\/Weiche-Website.jpg 756w, https:\/\/www.donhighend.de\/wp-content\/uploads\/2015\/12\/Weiche-Website-300x167.jpg 300w\" sizes=\"auto, (max-width: 756px) 100vw, 756px\" \/>Weichenversion 1.8<\/p>\n<p>&nbsp;<\/p>\n<p style=\"text-align: justify;\">Der Geh\u00e4useaufbau gestaltet sich recht einfach. Unsere Lautsprecher wurden mit 16 mm MDF aufgebaut. Durch den Teiler der TQWT f\u00fchrt dies zu ausreichender Stabilit\u00e4t. Um die Box auf Standboxenniveau zu bringen, haben wir das Geh\u00e4use nach unten verl\u00e4ngert. In unserem Fall betr\u00e4gt die Gesamth\u00f6he genau 90 cm. Das Fach unter der eigentlichen TQWT bietet genug Raum f\u00fcr die Unterbringung der Frequenzweiche.<\/p>\n<p><img loading=\"lazy\" decoding=\"async\" class=\"aligncenter size-full wp-image-3352\" src=\"https:\/\/www.donhighend.de\/wp-content\/uploads\/2015\/12\/Faltplan-neu.png\" alt=\"Faltplan neu\" width=\"597\" height=\"793\" srcset=\"https:\/\/www.donhighend.de\/wp-content\/uploads\/2015\/12\/Faltplan-neu.png 597w, https:\/\/www.donhighend.de\/wp-content\/uploads\/2015\/12\/Faltplan-neu-226x300.png 226w\" sizes=\"auto, (max-width: 597px) 100vw, 597px\" \/><\/p>\n<p>Bauplan &#8222;Energy F.A.S.T.&#8220;<\/p>\n<p>&nbsp;<\/p>\n<p style=\"text-align: justify;\">Die Bed\u00e4mpfung der &#8222;Energy F.A.S.T.&#8220; gestaltet sich ebenfalls einfach. F\u00fcr die TQWT wurde ein Matarialmix verwendet. Auf den Deckel im Knickbereich wird eine Lage Fibsorb 100 geklebt. In den schmalen Bereich der Line werden 2 Lagen Noppenschaumstoff gelegt. Dar\u00fcber wird bis knapp unterhalb des Chassisausschnitts locker mit Sonofil gef\u00fcllt. Der Platz unterhalb des Ports beherbergt eine d\u00fcnne Lage Sonofil und einen Lage Noppenschaumstoff. Die Kammer des Breitb\u00e4nders wird recht stark mit Sonofil gef\u00fcllt.<\/p>\n<p><img loading=\"lazy\" decoding=\"async\" class=\"aligncenter size-full wp-image-3317\" src=\"https:\/\/www.donhighend.de\/wp-content\/uploads\/2015\/12\/Bed\u00e4mpfung.jpg\" alt=\"Bed\u00e4mpfung\" width=\"585\" height=\"800\" srcset=\"https:\/\/www.donhighend.de\/wp-content\/uploads\/2015\/12\/Bed\u00e4mpfung.jpg 585w, https:\/\/www.donhighend.de\/wp-content\/uploads\/2015\/12\/Bed\u00e4mpfung-219x300.jpg 219w\" sizes=\"auto, (max-width: 585px) 100vw, 585px\" \/>Bed\u00e4mpfung<\/p>\n<p>&nbsp;<\/p>\n<p style=\"text-align: justify;\">Der komplette Bausatz mit allen ben\u00f6tigten Teilen und detailliertem Bauplan ist f\u00fcr ca. 240 Euro bei der <span style=\"color: #ff0000;\"><strong><a style=\"color: #ff0000;\" href=\"http:\/\/www.ebay.de\/usr\/dieboxengasse-hamm?_trksid=p2056016.l2559\" target=\"_blank\" rel=\"noopener noreferrer\">Boxengasse Hamm <\/a><\/strong><a style=\"color: #ff0000;\" href=\"http:\/\/www.ebay.de\/usr\/dieboxengasse-hamm?_trksid=p2056016.l2559\" target=\"_blank\" rel=\"noopener noreferrer\"><span style=\"color: #000000;\">erh\u00e4ltlich.\u00a0<\/span><\/a><\/span><\/p>\n<p style=\"text-align: justify;\"><strong>Nachtrag:\u00a0<\/strong><\/p>\n<p style=\"text-align: justify;\"><strong>Die Chassis sind seit vielen Jahren vom Markt verschwunden, und auch die Boxengasse Hamm ist nicht mehr existent. Vereinzelt sind die Chassis f\u00fcr die Energy F.A.S.T. aber auf dem Gebrauchtmarkt zu finden. Wegen mehrfacher Nachfragen nach der Weichenschaltung habe ich mich dazu entschlossen, den Bauplan hier zum Download anzubieten.<\/strong><\/p>\n<p style=\"text-align: center;\"><span class=\"col col_shortcode\"><a class=\"maxbutton-17 maxbutton maxbutton-bauplan-energy-f-a-s-t\" target=\"_blank\" rel=\"noopener\" href=\"https:\/\/www.donhighend.de\/wp-content\/uploads\/2026\/02\/Bauplan-Energy-F.A.S.T.pdf\"><span class='mb-text'>Bauplan Energy F.A.S.T.<\/span><\/a><\/span><\/p>\n<p>&nbsp;<\/p>\n<p>&nbsp;<\/p>\n<p>&nbsp;<\/p>\n","protected":false},"excerpt":{"rendered":"<p>Man m\u00fcsste mal was anderes machen, als immer nur Lautsprecher mit aalglatten Frequenzg\u00e4ngen entwickeln. Die Idee, einmal aus den gewohnten Konventionen auszubrechen, geistert schon lange durch unsere K\u00f6pfe. Doch wie stellt man das am ehesten an? Letztlich laufen Entwicklungen doch immer wieder auf eine m\u00f6glichst glatte Abstimmung hinaus. So sollte es eigentlich auch bei der &hellip; <\/p>\n<p><a class=\"more-link btn\" href=\"https:\/\/www.donhighend.de\/?page_id=3277\">Weiterlesen<\/a><\/p>\n","protected":false},"author":1,"featured_media":11525,"parent":3466,"menu_order":99,"comment_status":"open","ping_status":"closed","template":"","meta":{"footnotes":""},"class_list":["post-3277","page","type-page","status-publish","has-post-thumbnail","hentry","nodate","item-wrap"],"_links":{"self":[{"href":"https:\/\/www.donhighend.de\/index.php?rest_route=\/wp\/v2\/pages\/3277","targetHints":{"allow":["GET"]}}],"collection":[{"href":"https:\/\/www.donhighend.de\/index.php?rest_route=\/wp\/v2\/pages"}],"about":[{"href":"https:\/\/www.donhighend.de\/index.php?rest_route=\/wp\/v2\/types\/page"}],"author":[{"embeddable":true,"href":"https:\/\/www.donhighend.de\/index.php?rest_route=\/wp\/v2\/users\/1"}],"replies":[{"embeddable":true,"href":"https:\/\/www.donhighend.de\/index.php?rest_route=%2Fwp%2Fv2%2Fcomments&post=3277"}],"version-history":[{"count":59,"href":"https:\/\/www.donhighend.de\/index.php?rest_route=\/wp\/v2\/pages\/3277\/revisions"}],"predecessor-version":[{"id":11838,"href":"https:\/\/www.donhighend.de\/index.php?rest_route=\/wp\/v2\/pages\/3277\/revisions\/11838"}],"up":[{"embeddable":true,"href":"https:\/\/www.donhighend.de\/index.php?rest_route=\/wp\/v2\/pages\/3466"}],"wp:featuredmedia":[{"embeddable":true,"href":"https:\/\/www.donhighend.de\/index.php?rest_route=\/wp\/v2\/media\/11525"}],"wp:attachment":[{"href":"https:\/\/www.donhighend.de\/index.php?rest_route=%2Fwp%2Fv2%2Fmedia&parent=3277"}],"curies":[{"name":"wp","href":"https:\/\/api.w.org\/{rel}","templated":true}]}}