{"id":3155,"date":"2015-09-06T12:19:17","date_gmt":"2015-09-06T11:19:17","guid":{"rendered":"http:\/\/www.donhighend.de\/?page_id=3155"},"modified":"2018-01-16T13:28:43","modified_gmt":"2018-01-16T12:28:43","slug":"d-a-u-minitqwt","status":"publish","type":"page","link":"https:\/\/www.donhighend.de\/?page_id=3155","title":{"rendered":"D.A.U. MiniTQWT"},"content":{"rendered":"<p><a href=\"https:\/\/www.donhighend.de\/wp-content\/uploads\/2015\/09\/1441564082.jpg\"><img loading=\"lazy\" decoding=\"async\" class=\"aligncenter size-full wp-image-3159\" src=\"https:\/\/www.donhighend.de\/wp-content\/uploads\/2015\/09\/1441564082.jpg\" alt=\"1441564082\" width=\"410\" height=\"547\" srcset=\"https:\/\/www.donhighend.de\/wp-content\/uploads\/2015\/09\/1441564082.jpg 410w, https:\/\/www.donhighend.de\/wp-content\/uploads\/2015\/09\/1441564082-225x300.jpg 225w\" sizes=\"auto, (max-width: 410px) 100vw, 410px\" \/><\/a><\/p>\n<p>&nbsp;<\/p>\n<p style=\"text-align: justify;\">Es ist soweit. Die erste Lautsprecherentwicklung des D.A.U. ist vollendet. Es handelt sich um einen nur 4,7 Liter kleinen Lautsprecher, in welchem ein gr\u00f6\u00dfenbezogen sehr leistungsstarker 3,5 Zoll Breitb\u00e4nder seinen Dienst tut. Der Sica 3.5 H1 CS schafft das Kunstst\u00fcck, in dem Minivolumen bis roundabout 55 Hz aufzuspielen. Mit seinem linearen Hub von +\/- 2,5 mm funktioniert das sogar mit recht gro\u00dfz\u00fcgigen Pegelreserven.<\/p>\n<p style=\"text-align: justify;\"><a href=\"http:\/\/www.gazza-diy-audio.de\/lautsprecher\/d-a-u-entwicklungen\/sica-mini-tqwt\/\" target=\"_blank\" rel=\"noopener noreferrer\"><span style=\"color: #ff0000;\"><strong>HIER<\/strong><\/span><\/a> geht&#8217;s zur D.A.U. MiniTQWT<\/p>\n","protected":false},"excerpt":{"rendered":"<p>&nbsp; Es ist soweit. Die erste Lautsprecherentwicklung des D.A.U. ist vollendet. Es handelt sich um einen nur 4,7 Liter kleinen Lautsprecher, in welchem ein gr\u00f6\u00dfenbezogen sehr leistungsstarker 3,5 Zoll Breitb\u00e4nder seinen Dienst tut. Der Sica 3.5 H1 CS schafft das Kunstst\u00fcck, in dem Minivolumen bis roundabout 55 Hz aufzuspielen. Mit seinem linearen Hub von +\/- &hellip; <\/p>\n<p><a class=\"more-link btn\" href=\"https:\/\/www.donhighend.de\/?page_id=3155\">Weiterlesen<\/a><\/p>\n","protected":false},"author":1,"featured_media":0,"parent":3466,"menu_order":100,"comment_status":"open","ping_status":"closed","template":"","meta":{"footnotes":""},"class_list":["post-3155","page","type-page","status-publish","hentry","nodate","item-wrap"],"_links":{"self":[{"href":"https:\/\/www.donhighend.de\/index.php?rest_route=\/wp\/v2\/pages\/3155","targetHints":{"allow":["GET"]}}],"collection":[{"href":"https:\/\/www.donhighend.de\/index.php?rest_route=\/wp\/v2\/pages"}],"about":[{"href":"https:\/\/www.donhighend.de\/index.php?rest_route=\/wp\/v2\/types\/page"}],"author":[{"embeddable":true,"href":"https:\/\/www.donhighend.de\/index.php?rest_route=\/wp\/v2\/users\/1"}],"replies":[{"embeddable":true,"href":"https:\/\/www.donhighend.de\/index.php?rest_route=%2Fwp%2Fv2%2Fcomments&post=3155"}],"version-history":[{"count":6,"href":"https:\/\/www.donhighend.de\/index.php?rest_route=\/wp\/v2\/pages\/3155\/revisions"}],"predecessor-version":[{"id":4372,"href":"https:\/\/www.donhighend.de\/index.php?rest_route=\/wp\/v2\/pages\/3155\/revisions\/4372"}],"up":[{"embeddable":true,"href":"https:\/\/www.donhighend.de\/index.php?rest_route=\/wp\/v2\/pages\/3466"}],"wp:attachment":[{"href":"https:\/\/www.donhighend.de\/index.php?rest_route=%2Fwp%2Fv2%2Fmedia&parent=3155"}],"curies":[{"name":"wp","href":"https:\/\/api.w.org\/{rel}","templated":true}]}}