{"id":3108,"date":"2015-08-31T13:53:18","date_gmt":"2015-08-31T12:53:18","guid":{"rendered":"http:\/\/www.donhighend.de\/?page_id=3108"},"modified":"2021-01-29T18:12:07","modified_gmt":"2021-01-29T17:12:07","slug":"d-a-u","status":"publish","type":"page","link":"https:\/\/www.donhighend.de\/?page_id=3108","title":{"rendered":"D.A.U."},"content":{"rendered":"<p style=\"text-align: justify;\"><img loading=\"lazy\" decoding=\"async\" class=\"aligncenter size-full wp-image-7919\" src=\"https:\/\/www.donhighend.de\/wp-content\/uploads\/2021\/01\/Logo-FB-Groesse.png\" alt=\"\" width=\"1640\" height=\"664\" srcset=\"https:\/\/www.donhighend.de\/wp-content\/uploads\/2021\/01\/Logo-FB-Groesse.png 1640w, https:\/\/www.donhighend.de\/wp-content\/uploads\/2021\/01\/Logo-FB-Groesse-300x121.png 300w, https:\/\/www.donhighend.de\/wp-content\/uploads\/2021\/01\/Logo-FB-Groesse-1024x415.png 1024w, https:\/\/www.donhighend.de\/wp-content\/uploads\/2021\/01\/Logo-FB-Groesse-768x311.png 768w, https:\/\/www.donhighend.de\/wp-content\/uploads\/2021\/01\/Logo-FB-Groesse-1536x622.png 1536w, https:\/\/www.donhighend.de\/wp-content\/uploads\/2021\/01\/Logo-FB-Groesse-750x304.png 750w\" sizes=\"auto, (max-width: 1640px) 100vw, 1640px\" \/><\/p>\n<p style=\"text-align: justify;\">&#8222;Der Akustische Untergrund&#8220; (D.A.U.) ist ein Zusammenschlu\u00df von versierten und kompetenten Entwicklern, die abseits eines \u00f6ffentlichen Forenbetriebs ihren Austausch bzgl. DIY-Audio betreiben. Der kreative Output dieser Zusammenarbeit ist teils bereits hier in den Lautsprecher-Projekten zu finden und wird auf unsewrer Website <a href=\"http:\/\/www.der-akustische-untergrund.de\" target=\"_blank\" rel=\"noopener\"><span style=\"color: #0000ff;\">Der Akustische Untergrund<\/span><\/a> pr\u00e4sentiert.<\/p>\n<p>Eine Mitgliedschaft im D.A.U. und seinem Forum ist nur auf Basis pers\u00f6nlicher Einladung m\u00f6glich.<\/p>\n<p>&nbsp;<\/p>\n<p style=\"text-align: justify;\">Aktuell:<\/p>\n<p style=\"text-align: justify;\">Mich und andere D.A.U. Entwickler treffen Sie in der <span style=\"color: #0000ff;\"><a style=\"color: #0000ff;\" href=\"https:\/\/www.facebook.com\/groups\/304972859996029\/\" target=\"_blank\" rel=\"noopener noreferrer\">Facebook Gruppe Der Akustische Untergrund<\/a><\/span>, in die wir Sie zum entspannten Austausch mit Gleichgesinnten, abseits der stumpfen Forenlandschaft mit ihren willk\u00fcrlich und durch pers\u00f6nliche Animosit\u00e4ten gesteuert handelnden Moderatorenteams,\u00a0 sehr gerne einladen.<\/p>\n<p>&nbsp;<\/p>\n<p><span style=\"color: #ffffff;\">.<\/span><\/p>\n<p>&nbsp;<\/p>\n<p>&nbsp;<\/p>\n","protected":false},"excerpt":{"rendered":"<p>&#8222;Der Akustische Untergrund&#8220; (D.A.U.) ist ein Zusammenschlu\u00df von versierten und kompetenten Entwicklern, die abseits eines \u00f6ffentlichen Forenbetriebs ihren Austausch bzgl. DIY-Audio betreiben. Der kreative Output dieser Zusammenarbeit ist teils bereits hier in den Lautsprecher-Projekten zu finden und wird auf unsewrer Website Der Akustische Untergrund pr\u00e4sentiert. Eine Mitgliedschaft im D.A.U. und seinem Forum ist nur auf &hellip; <\/p>\n<p><a class=\"more-link btn\" href=\"https:\/\/www.donhighend.de\/?page_id=3108\">Weiterlesen<\/a><\/p>\n","protected":false},"author":1,"featured_media":0,"parent":0,"menu_order":2,"comment_status":"closed","ping_status":"closed","template":"","meta":{"footnotes":""},"class_list":["post-3108","page","type-page","status-publish","hentry","nodate","item-wrap"],"_links":{"self":[{"href":"https:\/\/www.donhighend.de\/index.php?rest_route=\/wp\/v2\/pages\/3108","targetHints":{"allow":["GET"]}}],"collection":[{"href":"https:\/\/www.donhighend.de\/index.php?rest_route=\/wp\/v2\/pages"}],"about":[{"href":"https:\/\/www.donhighend.de\/index.php?rest_route=\/wp\/v2\/types\/page"}],"author":[{"embeddable":true,"href":"https:\/\/www.donhighend.de\/index.php?rest_route=\/wp\/v2\/users\/1"}],"replies":[{"embeddable":true,"href":"https:\/\/www.donhighend.de\/index.php?rest_route=%2Fwp%2Fv2%2Fcomments&post=3108"}],"version-history":[{"count":23,"href":"https:\/\/www.donhighend.de\/index.php?rest_route=\/wp\/v2\/pages\/3108\/revisions"}],"predecessor-version":[{"id":7930,"href":"https:\/\/www.donhighend.de\/index.php?rest_route=\/wp\/v2\/pages\/3108\/revisions\/7930"}],"wp:attachment":[{"href":"https:\/\/www.donhighend.de\/index.php?rest_route=%2Fwp%2Fv2%2Fmedia&parent=3108"}],"curies":[{"name":"wp","href":"https:\/\/api.w.org\/{rel}","templated":true}]}}