{"id":2882,"date":"2015-06-30T12:32:36","date_gmt":"2015-06-30T11:32:36","guid":{"rendered":"http:\/\/www.donhighend.de\/?page_id=2882"},"modified":"2025-09-10T14:33:56","modified_gmt":"2025-09-10T13:33:56","slug":"svenska-trote-in-der-entwicklungsphase","status":"publish","type":"page","link":"https:\/\/www.donhighend.de\/?page_id=2882","title":{"rendered":"\u00c4lg"},"content":{"rendered":"<p><img loading=\"lazy\" decoding=\"async\" class=\"aligncenter size-full wp-image-11535\" src=\"https:\/\/www.donhighend.de\/wp-content\/uploads\/2025\/09\/Titelbild-RAL-1015.png\" alt=\"\" width=\"498\" height=\"640\" srcset=\"https:\/\/www.donhighend.de\/wp-content\/uploads\/2025\/09\/Titelbild-RAL-1015.png 498w, https:\/\/www.donhighend.de\/wp-content\/uploads\/2025\/09\/Titelbild-RAL-1015-233x300.png 233w\" sizes=\"auto, (max-width: 498px) 100vw, 498px\" \/><\/p>\n<p style=\"text-align: justify;\">Schon lange ist es kein Geheimnis mehr, dass sich manches Utensil vom schwedischen M\u00f6belriesen f\u00fcr ganz andere als die vorgesehenen Einsatzzwecke gebrauchen l\u00e4sst. Verfolgt man die vielen Ikea-Hack Seiten im Internet, k\u00f6nnte man zu der Annahme gelangen, das Tunen und Umfunktionieren der Schwedenartikel mutierte zu einer Art Volkssport.<\/p>\n<p style=\"text-align: justify;\">Beim letzten Besuch des M\u00f6belschweden war es dann soweit. Auch ich wurde f\u00fcndig und schleppte zwei kleine Bambuskistchen, die auf den Namen <a href=\"http:\/\/www.ikea.com\/de\/de\/catalog\/products\/90226052\/\" target=\"_blank\" rel=\"noopener noreferrer\"><span style=\"color: #ff0000;\"><strong>VARIERA<\/strong><\/span><\/a> h\u00f6ren, mit nach Hause. Ich entschied mich f\u00fcr das kleinere des in zwei Gr\u00f6\u00dfen angebotenen Beh\u00e4ltnisses. Mit seinen gut 3,5 Litern Volumen sollten sich daraus prima Desktop-Lautsprecher f\u00fcr den B\u00fcroschreibtisch zaubern lassen.<\/p>\n<p>&nbsp;<\/p>\n<p><a href=\"https:\/\/www.donhighend.de\/wp-content\/uploads\/2015\/06\/Variera.jpg\"><img loading=\"lazy\" decoding=\"async\" class=\"aligncenter size-full wp-image-2890\" src=\"https:\/\/www.donhighend.de\/wp-content\/uploads\/2015\/06\/Variera.jpg\" alt=\"Variera\" width=\"772\" height=\"578\" srcset=\"https:\/\/www.donhighend.de\/wp-content\/uploads\/2015\/06\/Variera.jpg 772w, https:\/\/www.donhighend.de\/wp-content\/uploads\/2015\/06\/Variera-300x225.jpg 300w\" sizes=\"auto, (max-width: 772px) 100vw, 772px\" \/><\/a><\/p>\n<p>&nbsp;<\/p>\n<p style=\"text-align: justify;\">Die kleinen K\u00e4stchen sind aus ca. 6mm starkem Bambus gefertigt. Lediglich die wenige Millimeter d\u00fcnne R\u00fcckwand bedarf einer besonderen Verst\u00e4rkung. Eine irgendwie geartete Frontplatte komplettiert die kleine Box. Der Tragegriff kann gek\u00fcrzt durchaus als Versteifung zwischen Front- und R\u00fcckwand dienen. Durch das als Pyramidenstumpf ausgef\u00fchrte K\u00e4stchen ist die Schallwand automatisch in Richtung des Zuh\u00f6rers geneigt. Was will man mehr&#8230;?<\/p>\n<p style=\"text-align: justify;\">Die Anforderungen an einen Dektop-Lautsprecher sind ein wenig speziell. Einerseits sollte der Bassbereich, der durch die Tischplatte eine Verst\u00e4rkung erf\u00e4hrt, nicht zu dominant sein und unterhalb von 100 Hz konstant abfallen. Andererseits ist eine Wiedergabe tiefer Frequenzen bis in die 60 Hz Region w\u00fcnschenswert. Leider sind nicht viele Chassis am Markt verf\u00fcgbar, die beide Kriterien erf\u00fcllen.\u00a0 Zun\u00e4chst hatte ich Versuche mit dem Monacor SPH-100C, einem 4-Z\u00f6ller mit stabilem Gu\u00dfkorb, steifer Carbonmembran, starkem Antrieb und quasi perfekten TSP, unternommen. Leider stellte sich heraus, dass der kleine Kraftprotz unterhalb von 2000 Hz eine unsch\u00f6ne St\u00f6rstelle im Frequenzgang aufweist, die ihn f\u00fcr den Einsatz in einer Kombination mit einem Kalotten-Hocht\u00f6ner disqualifiziert. In einem kleinen F.A.S.T. mit niedriger Trennfrequenz ist er aber ein interessanter Spielpartner.<\/p>\n<p style=\"text-align: justify;\">Eher zuf\u00e4llig fand ich in meinem &#8222;Chassis-Vorratsraum&#8220; einen kleinen Vierz\u00f6ller, den ich vor einigen Monaten geschenkt bekam, und der in der Vergangenheit in einigen Tests und Anwendungen der DIY-Gazetten einen guten Eindruck hinterlassen konnte. Die Rede ist vom Mission CP-104.<\/p>\n<p>&nbsp;<\/p>\n<p><a href=\"https:\/\/www.donhighend.de\/wp-content\/uploads\/2015\/06\/Mission-CP-104.jpg\"><img loading=\"lazy\" decoding=\"async\" class=\"aligncenter size-full wp-image-3028\" src=\"https:\/\/www.donhighend.de\/wp-content\/uploads\/2015\/06\/Mission-CP-104.jpg\" alt=\"Mission CP-104\" width=\"800\" height=\"800\" srcset=\"https:\/\/www.donhighend.de\/wp-content\/uploads\/2015\/06\/Mission-CP-104.jpg 800w, https:\/\/www.donhighend.de\/wp-content\/uploads\/2015\/06\/Mission-CP-104-150x150.jpg 150w, https:\/\/www.donhighend.de\/wp-content\/uploads\/2015\/06\/Mission-CP-104-300x300.jpg 300w\" sizes=\"auto, (max-width: 800px) 100vw, 800px\" \/><\/a><\/p>\n<p>&nbsp;<\/p>\n<p style=\"text-align: justify;\">Wenngleich seine TSP nicht ganz an die Traumwerte des SPH-100C heran kommen, versprechen auch seine inneren Werte ein klangvolles Ergebnis. Zudem weist der kleine Brite einen deutlich h\u00f6heren Wirkungsgrad auf, was bei der vorgesehenen kleinen Verst\u00e4rkerleistung ein weiterer Vorteil ist.<\/p>\n<p>&nbsp;<\/p>\n<h2><span style=\"text-decoration: underline;\">TSP<\/span><\/h2>\n<p>Fs: 56<\/p>\n<p>Qms: 3,5<\/p>\n<p>Qes: 0,44<\/p>\n<p>Qts: 0,39<\/p>\n<p>Re: 3,5<\/p>\n<p>Le: 0,24<\/p>\n<p>Mms: 5,8<\/p>\n<p>Cms: 1,4<\/p>\n<p>Rms: 0,58<\/p>\n<p>B\/L: 4,0<\/p>\n<p>Vas: 6,9<\/p>\n<p>Sd: 59<\/p>\n<p>Spl: 86,3<\/p>\n<p>&nbsp;<\/p>\n<p style=\"text-align: justify;\">Ein kurzer Blick auf den TSP Satz verr\u00e4t, dass der CP-104 in einem 8-10 Liter kleinen BR-Geh\u00e4use zu H\u00f6chstleistungen aufl\u00e4uft und locker bis in die 50 Hz Region spielt. Leider bietet das Variera Geh\u00e4use nur rund ein Drittel des daf\u00fcr notwendigen Volumens. Die in dieser Konfiguration sehr lineare Spielweise w\u00e4re f\u00fcr den Schreibtisch aber ohnehin oversized. In einer GHP- Anwendung hingegen spielt der kleine Brite in den 3,5 Litern des Variera, wie gew\u00fcnscht, mit konstant abfallender Flanke bis nahezu 60 Hz. Volltreffer!<\/p>\n<p>&nbsp;<\/p>\n<p><a href=\"https:\/\/www.donhighend.de\/wp-content\/uploads\/2015\/06\/CP-104-in-35-Litern-GHP.jpg\"><img loading=\"lazy\" decoding=\"async\" class=\"aligncenter size-full wp-image-3033\" src=\"https:\/\/www.donhighend.de\/wp-content\/uploads\/2015\/06\/CP-104-in-35-Litern-GHP.jpg\" alt=\"CP-104 in 3,5 Litern GHP\" width=\"587\" height=\"403\" srcset=\"https:\/\/www.donhighend.de\/wp-content\/uploads\/2015\/06\/CP-104-in-35-Litern-GHP.jpg 587w, https:\/\/www.donhighend.de\/wp-content\/uploads\/2015\/06\/CP-104-in-35-Litern-GHP-300x206.jpg 300w\" sizes=\"auto, (max-width: 587px) 100vw, 587px\" \/><\/a><\/p>\n<p>&nbsp;<\/p>\n<p style=\"text-align: justify;\">Der Abfall zu tiefen Frequenzen ist f\u00fcr Desktopanwendung ggfs. noch etwas zu sanft. Durch den ab ca. 150 Hz allm\u00e4hlich einsetzenden Baffle Step kann der Bezugspegel des Chassis aber problemlos auf das richtige Ma\u00df abgestimmt werden. Die nachfolgende Grafik zeigt die obige Simulation mit und ohne Geh\u00e4useeinfluss.<\/p>\n<p><a href=\"https:\/\/www.donhighend.de\/wp-content\/uploads\/2015\/06\/Summensimu-CP-104.jpg\"><img loading=\"lazy\" decoding=\"async\" class=\"aligncenter size-full wp-image-3035\" src=\"https:\/\/www.donhighend.de\/wp-content\/uploads\/2015\/06\/Summensimu-CP-104.jpg\" alt=\"Summensimu CP-104\" width=\"638\" height=\"389\" srcset=\"https:\/\/www.donhighend.de\/wp-content\/uploads\/2015\/06\/Summensimu-CP-104.jpg 638w, https:\/\/www.donhighend.de\/wp-content\/uploads\/2015\/06\/Summensimu-CP-104-300x183.jpg 300w\" sizes=\"auto, (max-width: 638px) 100vw, 638px\" \/><\/a><\/p>\n<p>&nbsp;<\/p>\n<p style=\"text-align: justify;\">Einen passenden Hochtonpartner fand ich im Tymphany <a href=\"http:\/\/quint-store.com\/index.php?page=product&amp;info=5\" target=\"_blank\" rel=\"noopener noreferrer\"><span style=\"color: #ff0000;\"><strong>BC25SC06-04<\/strong><\/span><\/a>, der einerseits mit einem Stra\u00dfenpreis um 20,- Euro sehr gut zum CP-104 passt und andererseits mit den gl\u00e4nzenden Messwerten \u00fcberzeugt, die man von Tymphany Stoff im allgemeinen kennt.<\/p>\n<p>&nbsp;<\/p>\n<p><a href=\"https:\/\/www.donhighend.de\/wp-content\/uploads\/2015\/06\/Vifa-BC25SC06-04.jpg\"><img loading=\"lazy\" decoding=\"async\" class=\"aligncenter size-full wp-image-2949\" src=\"https:\/\/www.donhighend.de\/wp-content\/uploads\/2015\/06\/Vifa-BC25SC06-04.jpg\" alt=\"Vifa BC25SC06-04\" width=\"817\" height=\"817\" srcset=\"https:\/\/www.donhighend.de\/wp-content\/uploads\/2015\/06\/Vifa-BC25SC06-04.jpg 817w, https:\/\/www.donhighend.de\/wp-content\/uploads\/2015\/06\/Vifa-BC25SC06-04-150x150.jpg 150w, https:\/\/www.donhighend.de\/wp-content\/uploads\/2015\/06\/Vifa-BC25SC06-04-300x300.jpg 300w\" sizes=\"auto, (max-width: 817px) 100vw, 817px\" \/><\/a><\/p>\n<p>&nbsp;<\/p>\n<p style=\"text-align: justify;\">Mit einem Au\u00dfendurchmesser von nur 70 Millimetern stimmt auch das optische Gr\u00f6\u00dfenverh\u00e4ltnis zwischen TMT und HT. Die 25 Millimeter Kalotte sitzt in einem kleinen Waveguide, welches den abgestrahlten Schall des Hocht\u00f6ners b\u00fcndelt und somit an das B\u00fcndelungsverhalten des TMT ann\u00e4hert. Gerade bei der Aufstellung links und rechts neben dem Monitor und der daraus resultierenden kurzen H\u00f6rdistanz, sollte dies ein nicht zu untersch\u00e4tzender Vorteil sein. Der durch das Waveguide erh\u00f6hte Wirkungsgrad des BC25SC06-04 wird mittels eines stattlichen Spannungsteilers im wahrsten Sinne des Wortes verbraten. Der Hocht\u00f6ner wird also nur leichte Arbeit verrichten m\u00fcssen, was seiner Belastbarkeit wohlwollend in die Karten spielt.<\/p>\n<p style=\"text-align: justify;\">Zun\u00e4chst wurden die beiden Chassis unbeschaltet im vorgesehenen Geh\u00e4use gemessen.<\/p>\n<p>&nbsp;<\/p>\n<p><a href=\"https:\/\/www.donhighend.de\/wp-content\/uploads\/2015\/06\/Mission-CP-104-Fernfeld.jpg\"><img loading=\"lazy\" decoding=\"async\" class=\"aligncenter size-full wp-image-3044\" src=\"https:\/\/www.donhighend.de\/wp-content\/uploads\/2015\/06\/Mission-CP-104-Fernfeld.jpg\" alt=\"Mission CP-104 Fernfeld\" width=\"800\" height=\"551\" srcset=\"https:\/\/www.donhighend.de\/wp-content\/uploads\/2015\/06\/Mission-CP-104-Fernfeld.jpg 800w, https:\/\/www.donhighend.de\/wp-content\/uploads\/2015\/06\/Mission-CP-104-Fernfeld-300x207.jpg 300w\" sizes=\"auto, (max-width: 800px) 100vw, 800px\" \/><\/a><\/p>\n<p>&nbsp;<\/p>\n<p style=\"text-align: justify;\">Das kleine Chassis misst sich sehr ordentlich bis weit in den Mitteltonbereich. Lediglich bei ca. 6 kHz gibt es eine heftige Resonanzspitze, der bei der Beschaltung besonderes Augenmerk gilt.<\/p>\n<p><a href=\"https:\/\/www.donhighend.de\/wp-content\/uploads\/2015\/06\/Vifa-BC25SC06-04-Fernfeld.jpg\"><img loading=\"lazy\" decoding=\"async\" class=\"aligncenter size-full wp-image-3045\" src=\"https:\/\/www.donhighend.de\/wp-content\/uploads\/2015\/06\/Vifa-BC25SC06-04-Fernfeld.jpg\" alt=\"Vifa BC25SC06-04 Fernfeld\" width=\"800\" height=\"551\" srcset=\"https:\/\/www.donhighend.de\/wp-content\/uploads\/2015\/06\/Vifa-BC25SC06-04-Fernfeld.jpg 800w, https:\/\/www.donhighend.de\/wp-content\/uploads\/2015\/06\/Vifa-BC25SC06-04-Fernfeld-300x207.jpg 300w\" sizes=\"auto, (max-width: 800px) 100vw, 800px\" \/><\/a><\/p>\n<p>&nbsp;<\/p>\n<p style=\"text-align: justify;\">Auch der Hocht\u00f6ner misst sich ohne Fehl und Tadel. Einer akustischen Trennung im Bereich um 2 kHz sollte nichts im Wege stehen.<\/p>\n<p style=\"text-align: justify;\">Im n\u00e4chsten Schritt wurden die Einzelfrequenzg\u00e4nge in Boxsim importiert, und die Simulation einer Frequenzweiche konnte beginnen. Das Ergebnis kann sich durchaus sehen lassen.<\/p>\n<p><a href=\"https:\/\/www.donhighend.de\/wp-content\/uploads\/2015\/06\/Endg\u00fcltige-Version-vs.-zus.-Korrektur.jpg\"><img loading=\"lazy\" decoding=\"async\" class=\"aligncenter size-full wp-image-3046\" src=\"https:\/\/www.donhighend.de\/wp-content\/uploads\/2015\/06\/Endg\u00fcltige-Version-vs.-zus.-Korrektur.jpg\" alt=\"Endg\u00fcltige Version vs. zus. Korrektur\" width=\"826\" height=\"590\" srcset=\"https:\/\/www.donhighend.de\/wp-content\/uploads\/2015\/06\/Endg\u00fcltige-Version-vs.-zus.-Korrektur.jpg 826w, https:\/\/www.donhighend.de\/wp-content\/uploads\/2015\/06\/Endg\u00fcltige-Version-vs.-zus.-Korrektur-300x214.jpg 300w\" sizes=\"auto, (max-width: 826px) 100vw, 826px\" \/><\/a><\/p>\n<p>&nbsp;<\/p>\n<p style=\"text-align: justify;\">Die gestrichelte Linie zeigt eine Modifikationsm\u00f6glichkeit, welche zus\u00e4tzliche 3 Bauteile erfordert und zu einem etwas ausgeglicheneren Frequenzgang f\u00fchrt. Da die Elche aber bei mir im Nahfeld als PC-Lautsprecher genutzt werden, erachte ich die kleine Senke im Bereich 7 kHz als Vorteil. Gerade in diesem Bereich liegt oftmals das Problem zischelnder Lautsprecher. Im Weichenplan sind die 3 zus\u00e4tzlichen Bauteile rot markiert.<\/p>\n<p style=\"text-align: justify;\">Die Frequenzgangmessung auf Achse zeigt die quasi perfekte \u00dcbereinstimmung mit der Simulation.<\/p>\n<p><a href=\"https:\/\/www.donhighend.de\/wp-content\/uploads\/2015\/06\/Frequenzgang-Mission-end-Achse.jpg\"><img loading=\"lazy\" decoding=\"async\" class=\"aligncenter size-full wp-image-3049\" src=\"https:\/\/www.donhighend.de\/wp-content\/uploads\/2015\/06\/Frequenzgang-Mission-end-Achse.jpg\" alt=\"Frequenzgang Mission end Achse\" width=\"800\" height=\"568\" srcset=\"https:\/\/www.donhighend.de\/wp-content\/uploads\/2015\/06\/Frequenzgang-Mission-end-Achse.jpg 800w, https:\/\/www.donhighend.de\/wp-content\/uploads\/2015\/06\/Frequenzgang-Mission-end-Achse-300x213.jpg 300w\" sizes=\"auto, (max-width: 800px) 100vw, 800px\" \/><\/a><\/p>\n<p>&nbsp;<\/p>\n<p style=\"text-align: justify;\">Nat\u00fcrlich weitet sich der Frequenzgang einer solchen Kombination unter Winkeln unweigerlich etwas auf. Aber auch das h\u00e4lt sich in Grenzen. Bei 15\u00b0 ist noch alles perfekt. Erst ab 30\u00b0 wird eine leichte Unregelm\u00e4\u00dfigkeit sichtbar. Da das Ohr beim Bestimmungszweck der Lautsprecher aber vorwiegend mit Direktschall verw\u00f6hnt wird, ist akustisch alles im Lot.<\/p>\n<p>&nbsp;<\/p>\n<p><a href=\"https:\/\/www.donhighend.de\/wp-content\/uploads\/2015\/06\/Frequenzgang-Mission-end-0\u00b0-30\u00b0.jpg\"><img loading=\"lazy\" decoding=\"async\" class=\"aligncenter size-full wp-image-3050\" src=\"https:\/\/www.donhighend.de\/wp-content\/uploads\/2015\/06\/Frequenzgang-Mission-end-0\u00b0-30\u00b0.jpg\" alt=\"Frequenzgang Mission end 0\u00b0 - 30\u00b0\" width=\"800\" height=\"585\" srcset=\"https:\/\/www.donhighend.de\/wp-content\/uploads\/2015\/06\/Frequenzgang-Mission-end-0\u00b0-30\u00b0.jpg 800w, https:\/\/www.donhighend.de\/wp-content\/uploads\/2015\/06\/Frequenzgang-Mission-end-0\u00b0-30\u00b0-300x219.jpg 300w\" sizes=\"auto, (max-width: 800px) 100vw, 800px\" \/><\/a><\/p>\n<p>&nbsp;<\/p>\n<p style=\"text-align: justify;\">Auf das F\u00fcgen von Nah und Fernfeld verzichte ich an dieser Stelle. Stattdessen zeige ich das Verhalten im Nahfeld in den Topologien CB, GHP mit 300\u00b5F sowie GHP mit 560\u00b5F<\/p>\n<p><a href=\"https:\/\/www.donhighend.de\/wp-content\/uploads\/2015\/06\/Nahfeld-CB.jpg\"><img loading=\"lazy\" decoding=\"async\" class=\"aligncenter size-full wp-image-3053\" src=\"https:\/\/www.donhighend.de\/wp-content\/uploads\/2015\/06\/Nahfeld-CB.jpg\" alt=\"Nahfeld CB\" width=\"800\" height=\"424\" srcset=\"https:\/\/www.donhighend.de\/wp-content\/uploads\/2015\/06\/Nahfeld-CB.jpg 800w, https:\/\/www.donhighend.de\/wp-content\/uploads\/2015\/06\/Nahfeld-CB-300x159.jpg 300w\" sizes=\"auto, (max-width: 800px) 100vw, 800px\" \/><\/a><\/p>\n<p>&nbsp;<\/p>\n<p><a href=\"https:\/\/www.donhighend.de\/wp-content\/uploads\/2015\/06\/Nahfeld-300\u00b5F.jpg\"><img loading=\"lazy\" decoding=\"async\" class=\"aligncenter size-full wp-image-3054\" src=\"https:\/\/www.donhighend.de\/wp-content\/uploads\/2015\/06\/Nahfeld-300\u00b5F.jpg\" alt=\"Nahfeld 300\u00b5F\" width=\"800\" height=\"424\" srcset=\"https:\/\/www.donhighend.de\/wp-content\/uploads\/2015\/06\/Nahfeld-300\u00b5F.jpg 800w, https:\/\/www.donhighend.de\/wp-content\/uploads\/2015\/06\/Nahfeld-300\u00b5F-300x159.jpg 300w\" sizes=\"auto, (max-width: 800px) 100vw, 800px\" \/><\/a><\/p>\n<p>&nbsp;<\/p>\n<p><a href=\"https:\/\/www.donhighend.de\/wp-content\/uploads\/2015\/06\/Nahfeld-560\u00b5F.jpg\"><img loading=\"lazy\" decoding=\"async\" class=\"aligncenter size-full wp-image-3055\" src=\"https:\/\/www.donhighend.de\/wp-content\/uploads\/2015\/06\/Nahfeld-560\u00b5F.jpg\" alt=\"Nahfeld 560\u00b5F\" width=\"800\" height=\"424\" srcset=\"https:\/\/www.donhighend.de\/wp-content\/uploads\/2015\/06\/Nahfeld-560\u00b5F.jpg 800w, https:\/\/www.donhighend.de\/wp-content\/uploads\/2015\/06\/Nahfeld-560\u00b5F-300x159.jpg 300w\" sizes=\"auto, (max-width: 800px) 100vw, 800px\" \/><\/a><\/p>\n<p>&nbsp;<\/p>\n<p style=\"text-align: justify;\">Das unterschiedliche Verhalten der Bassabstimmungen ist deutlich sichtbar. Ich habe mich f\u00fcr die Ausf\u00fchrung mit dem 300\u00b5F GHP Kondensator entschieden, da sie auf meinem Schreibtisch am ausgewogensten klingt. Das mag aber bei anderer Aufstellungssituation mit einem anderen Kondensatorwert besser passen.<\/p>\n<p style=\"text-align: justify;\">Auch der Impedanzverlauf ist unkritisch. (Messung erfolgte vor endg\u00fcltiger Bed\u00e4mpfung)<\/p>\n<p>&nbsp;<\/p>\n<p><a href=\"https:\/\/www.donhighend.de\/wp-content\/uploads\/2015\/06\/Impedanzverlauf-Mission-end.jpg\"><img loading=\"lazy\" decoding=\"async\" class=\"aligncenter size-full wp-image-3056\" src=\"https:\/\/www.donhighend.de\/wp-content\/uploads\/2015\/06\/Impedanzverlauf-Mission-end.jpg\" alt=\"Impedanzverlauf Mission end\" width=\"800\" height=\"371\" srcset=\"https:\/\/www.donhighend.de\/wp-content\/uploads\/2015\/06\/Impedanzverlauf-Mission-end.jpg 800w, https:\/\/www.donhighend.de\/wp-content\/uploads\/2015\/06\/Impedanzverlauf-Mission-end-300x139.jpg 300w\" sizes=\"auto, (max-width: 800px) 100vw, 800px\" \/><\/a><\/p>\n<p>&nbsp;<\/p>\n<p>Zu guter Letzt noch der Weichenplan.<\/p>\n<p>&nbsp;<\/p>\n<p><a href=\"https:\/\/www.donhighend.de\/wp-content\/uploads\/2015\/06\/Weiche-Mission-end.jpg\"><img loading=\"lazy\" decoding=\"async\" class=\"aligncenter size-full wp-image-3077\" src=\"https:\/\/www.donhighend.de\/wp-content\/uploads\/2015\/06\/Weiche-Mission-end.jpg\" alt=\"Weiche Mission end\" width=\"807\" height=\"480\" srcset=\"https:\/\/www.donhighend.de\/wp-content\/uploads\/2015\/06\/Weiche-Mission-end.jpg 807w, https:\/\/www.donhighend.de\/wp-content\/uploads\/2015\/06\/Weiche-Mission-end-300x178.jpg 300w\" sizes=\"auto, (max-width: 807px) 100vw, 807px\" \/><\/a><\/p>\n<p>&nbsp;<\/p>\n<p style=\"text-align: justify;\">Hier gibt es keine Besonderheiten. Der impedanzlinearisierte Tiefmittelt\u00f6ner wird mit einem Filter 3. Ordnung aus dem Rennen genommen. Dabei eliminiert die 0,06mH Spule die Resonanzspitze bei 6 kHz restlos. Der Hocht\u00f6ner wird mit einem klassischen Filter 2. Ordnung getrennt. Der Wert des GHP-Kondensators ist variabel zu sehen.<\/p>\n<p>&nbsp;<\/p>\n<h2><span style=\"color: #ff0000;\"><a style=\"color: #ff0000;\" href=\"https:\/\/www.donhighend.de\/wp-content\/uploads\/2015\/06\/Warenkorb-f\u00fcr-\u00c4lg-Weichenteile-bei-ehighend.de_.pdf\">Warenkorb f\u00fcr \u00c4lg Weichenteile bei ehighend.de<\/a><\/span><\/h2>\n<p>&nbsp;<\/p>\n<p style=\"text-align: justify;\">Eine Geh\u00e4usezeichnung er\u00fcbrigt sich, da als quasi Fertiggeh\u00e4use die kleine Variante des Ikea Sortierbeh\u00e4ltnisses &#8222;Variera&#8220; zum Einsatz kommt.<\/p>\n<p>&nbsp;<\/p>\n<p>Die Variera Geh\u00e4use haben folgende Ma\u00dfe:<\/p>\n<p>Au\u00dfenma\u00df vorn (Schallwand) ist 168mm x 240mm<br \/>\nAu\u00dfenma\u00df hinten ist 143mm x 210mm<br \/>\nTiefe au\u00dfen 141mm<br \/>\nTiefe innen 135mm<br \/>\nWandst\u00e4rke ist 6mm, lediglich die R\u00fcckwand ist etwas d\u00fcnner.<\/p>\n<p>&nbsp;<\/p>\n<p style=\"text-align: justify;\">Nat\u00fcrlich muss dieses d\u00fcnnwandige Geh\u00e4use eine entsprechende Versteifung erhalten. Ein Kollege aus dem D.A.U. hatte, da er ein \u00e4hnliches Projekt mit dem gleichen Geh\u00e4use verfolgt, eine sehr gute Idee. Es wurde eine dreiteilige Verstrebungsmatrix aus 8mm starkem Multiplex so ausges\u00e4gt, dass zu den Innenw\u00e4nden des Variera rundum etwa 3-4mm Luft bleibt. Nachdem man den sp\u00e4teren Sitz der Matrix im Geh\u00e4use angezeichnet hat, bedeckt man die angezeichneten Stellen gro\u00dfz\u00fcgig mit dauerelastischem Montagekleber. Dann setzt man die Matrix so ein, dass sie keinen Kontakt zu den Geh\u00e4usew\u00e4nden einschliesslich der Frontwand hat. Das Ergebnis ist ein akustisch sehr stark beruhigtes Geh\u00e4use.<\/p>\n<p><a href=\"https:\/\/www.donhighend.de\/wp-content\/uploads\/2015\/06\/Verstrebung.jpg\"><img loading=\"lazy\" decoding=\"async\" class=\"aligncenter size-full wp-image-3060\" src=\"https:\/\/www.donhighend.de\/wp-content\/uploads\/2015\/06\/Verstrebung.jpg\" alt=\"Verstrebung\" width=\"629\" height=\"840\" srcset=\"https:\/\/www.donhighend.de\/wp-content\/uploads\/2015\/06\/Verstrebung.jpg 629w, https:\/\/www.donhighend.de\/wp-content\/uploads\/2015\/06\/Verstrebung-225x300.jpg 225w\" sizes=\"auto, (max-width: 629px) 100vw, 629px\" \/><\/a><\/p>\n<p>&nbsp;<\/p>\n<p style=\"text-align: justify;\">Die Frontplatte besteht aus 16mm starkem MDF, welches auf die umlaufenden Geh\u00e4usew\u00e4nde des versteiften Geh\u00e4uses geleimt wird. Ganz wichtig ist, die Stirnseiten des Geh\u00e4uses vor dem Verleimen anzuschleifen, da diese lackiert sind, und somit eine haltbare Verleimung nicht m\u00f6glich ist. Ferner sind die Verzapfungen nicht luftdicht. Eine dicke Hei\u00dfklebewurst wirkt an diesen Stellen Wunder. Die beiden Bohrungen in der R\u00fcckwand waren f\u00fcr den mitgelieferten Tragegriff vorgesehen und k\u00f6nnen nach einer Aufweitung den Anschlussbuchsen als Platz dienen.<\/p>\n<p style=\"text-align: justify;\">Die Chassisausschnitte sitzen f\u00fcr den TMT 8,5cm und f\u00fcr den HT auf 18,5cm von der Geh\u00e4useunterkante aus gesehen, jeweils mittig. F\u00fcr den Hocht\u00f6ner wird eine Fr\u00e4sung mit 70mm Durchmesser und 2,8mm Tiefe angefertigt. Die \u00d6ffnung f\u00fcr den Magneten habe ich mittels einer 44mm Lochs\u00e4ge angefertigt. Der TMT muss nicht eingefr\u00e4st werden. Hier reicht eine 98mm durchmessende \u00d6ffnung. Es empfiehlt sich, die \u00d6ffnung f\u00fcr den TMT nach innen anzufasen.<\/p>\n<p style=\"text-align: justify;\">Bed\u00e4mpft wurden die W\u00e4nde rundum mit Fibsorb 50, was vollkommen ausreichend ist, um stehende Wellen wirksam auszublenden.<\/p>\n<p style=\"text-align: justify;\">Die Baupl\u00e4ne sind f\u00fcr private Nutzung freigegeben. Jegliche Form der gewerblichen Nutzung oder Verbreitung ohne vorherige Absprache ist untersagt und wird strafrechtlich verfolgt.<\/p>\n<p>&nbsp;<\/p>\n<p>&nbsp;<\/p>\n","protected":false},"excerpt":{"rendered":"<p>Schon lange ist es kein Geheimnis mehr, dass sich manches Utensil vom schwedischen M\u00f6belriesen f\u00fcr ganz andere als die vorgesehenen Einsatzzwecke gebrauchen l\u00e4sst. Verfolgt man die vielen Ikea-Hack Seiten im Internet, k\u00f6nnte man zu der Annahme gelangen, das Tunen und Umfunktionieren der Schwedenartikel mutierte zu einer Art Volkssport. Beim letzten Besuch des M\u00f6belschweden war es &hellip; <\/p>\n<p><a class=\"more-link btn\" href=\"https:\/\/www.donhighend.de\/?page_id=2882\">Weiterlesen<\/a><\/p>\n","protected":false},"author":1,"featured_media":11535,"parent":1709,"menu_order":982,"comment_status":"open","ping_status":"closed","template":"","meta":{"footnotes":""},"class_list":["post-2882","page","type-page","status-publish","has-post-thumbnail","hentry","nodate","item-wrap"],"_links":{"self":[{"href":"https:\/\/www.donhighend.de\/index.php?rest_route=\/wp\/v2\/pages\/2882","targetHints":{"allow":["GET"]}}],"collection":[{"href":"https:\/\/www.donhighend.de\/index.php?rest_route=\/wp\/v2\/pages"}],"about":[{"href":"https:\/\/www.donhighend.de\/index.php?rest_route=\/wp\/v2\/types\/page"}],"author":[{"embeddable":true,"href":"https:\/\/www.donhighend.de\/index.php?rest_route=\/wp\/v2\/users\/1"}],"replies":[{"embeddable":true,"href":"https:\/\/www.donhighend.de\/index.php?rest_route=%2Fwp%2Fv2%2Fcomments&post=2882"}],"version-history":[{"count":102,"href":"https:\/\/www.donhighend.de\/index.php?rest_route=\/wp\/v2\/pages\/2882\/revisions"}],"predecessor-version":[{"id":11536,"href":"https:\/\/www.donhighend.de\/index.php?rest_route=\/wp\/v2\/pages\/2882\/revisions\/11536"}],"up":[{"embeddable":true,"href":"https:\/\/www.donhighend.de\/index.php?rest_route=\/wp\/v2\/pages\/1709"}],"wp:featuredmedia":[{"embeddable":true,"href":"https:\/\/www.donhighend.de\/index.php?rest_route=\/wp\/v2\/media\/11535"}],"wp:attachment":[{"href":"https:\/\/www.donhighend.de\/index.php?rest_route=%2Fwp%2Fv2%2Fmedia&parent=2882"}],"curies":[{"name":"wp","href":"https:\/\/api.w.org\/{rel}","templated":true}]}}