{"id":2508,"date":"2015-01-09T11:46:13","date_gmt":"2015-01-09T10:46:13","guid":{"rendered":"http:\/\/www.donhighend.de\/?page_id=2508"},"modified":"2021-07-05T16:13:01","modified_gmt":"2021-07-05T15:13:01","slug":"spl-copy","status":"publish","type":"page","link":"https:\/\/www.donhighend.de\/?page_id=2508","title":{"rendered":"Tracings mit SPL Copy (ersetzt durch VituixCad)"},"content":{"rendered":"<p style=\"text-align: justify;\">Da der Anbieter von SPL Trace nicht mehr t\u00e4tig ist, besteht leider besteht keine M\u00f6glichkeit mehr zum Download des Programms. Eine verbesserte und leistungsf\u00e4higere Variante von SPL Copy wurde inzwischen in das Programmpaket von\u00a0<a href=\"https:\/\/kimmosaunisto.net\/Software\/Software.html\" target=\"_blank\" rel=\"noopener noreferrer\"><strong><span style=\"color: #ff0000;\">VituixCad<\/span><\/strong><\/a> integriert. Eine aktualisierte und hervorragende\u00a0<a href=\"https:\/\/www.gazza-diy-audio.de\/simulation-crossover\/fgs-mit-vituixcad-tracen\/\" target=\"_blank\" rel=\"noopener noreferrer\"><strong><span style=\"color: #ff0000;\">Anleitung<\/span><\/strong><\/a> zum Umgang mit dem Tool finden Sie auf der Website meines Entwickler Kollegen Gazza.<\/p>\n<p>&nbsp;<\/p>\n<p style=\"text-align: justify;\">SPL Copy <span style=\"color: #0000ff;\">war<\/span> eine einfach zu bedienende Freeware zum komfortablen Extrahieren von Amplituden- und Impedanzfrequenzg\u00e4ngen aus vorhandenen Grafiken.<\/p>\n<p style=\"text-align: justify;\">Obwohl hinl\u00e4nglich bekannt ist, dass auf diese Weise gewonnene Dateien nur sehr bedingt bis gar nicht verwertbare Simulationsergebnisse liefern, kann die Vorgehensweise dennoch in bestimmten Einzelf\u00e4llen interessant sein.<\/p>\n<p style=\"text-align: justify;\">Plant der geneigte User ein Mehrwege-Projekt auf Basis eingetracter Frequenzg\u00e4nge zu simulieren, wird das Ergebnis in der Realit\u00e4t kaum zu \u00fcberzeugen verm\u00f6gen. Das liegt in der Tatsache begr\u00fcndet, dass in 99,99% aller F\u00e4lle die Messmethode, die der zu extrahierenden Grafik zugrunde liegt, nicht bekannt ist. Wenngleich viele Hersteller vorgeben in einer Normschallwand zu messen, sagt das allein nicht viel aus und tr\u00e4gt nicht zur Vergleichbarkeit der einzelnen Messungen bei. So bleibt immer noch unbekannt, wie gro\u00df der Messabstand war, welche Elektronik zum Einsatz kam, mit welchem Pegel gemessen wurde, um nur einige der Unw\u00e4gbarkeiten zu nennen.<\/p>\n<p style=\"text-align: justify;\">W\u00e4ren das die einzigen Gr\u00fcnde, k\u00f6nnten Simulationen auf Basis eingetracter Dateien dennnoch zu zumindest halbwegs verwertbaren Erebnissen f\u00fchren. W\u00e4re da nicht der Faktor Zeit. Die eingetracten Dateien enthalten n\u00e4mlich keinerlei Phaseninformation, und genau die ist wichtig, um eine verl\u00e4ssliche Simulation erstellen zu k\u00f6nnen.<\/p>\n<p style=\"text-align: justify;\">Wir k\u00f6nnen also mittels eingetracter Dateien noch so sch\u00f6ne Kurven f\u00fcr Mehrwege-Lautsprecher hinbiegen. Mit der Realit\u00e4t wird das sp\u00e4tere Ergebnis hingegen so viel zu tun haben, wie der N\u00fcrburgring mit einer Startbahn f\u00fcr D\u00fcsenj\u00e4ger&#8230;<\/p>\n<p style=\"text-align: justify;\">Warum sollte SPL Copy nun dennoch interessant sein?<\/p>\n<p style=\"text-align: justify;\">Die Frage ist leicht beantwortet mit einem Blick in Richtung der heutzutage in gro\u00dfer Vielfalt angebotenen Breitband-Lautsprecher. Gerade DIY-Einsteiger w\u00e4hlen einen solchen Breitb\u00e4nder sehr gerne als Erstprojekt. Er bringt n\u00e4mlich die sch\u00f6ne Eigenschaft mit, in den meisten F\u00e4llen preiswert zu sein, und auch die Bauteile f\u00fcr eine Entzerrung\/Beschaltung halten sich bei vielen Modellen in moderatem Preisrahmen.<\/p>\n<p style=\"text-align: justify;\">Und wie sieht&#8217;s mit der Phase aus? Huppe, denn ein Breitbandlautsprecher gibt, wie der Name quasi sagt, den gesamten gew\u00fcnschten Frequenzbereich wieder. Es findet keine \u00dcbergabe an ein weiteres Chassis statt, und somit gibt es auch keine Trennfrequenz. Und genau bei der ist die korrekte Phasenlage beider Chassis zueinander wichtig.<\/p>\n<p style=\"text-align: justify;\">Nun geht&#8217;s aber ans Eingemachte. Legen wir los mit SPL Copy&#8230;<\/p>\n<p>&nbsp;<\/p>\n<p><a href=\"https:\/\/www.donhighend.de\/wp-content\/uploads\/2015\/01\/FG-W3-996-unbeschaltet.jpg\"><img loading=\"lazy\" decoding=\"async\" class=\"aligncenter size-full wp-image-2527\" src=\"https:\/\/www.donhighend.de\/wp-content\/uploads\/2015\/01\/FG-W3-996-unbeschaltet.jpg\" alt=\"FG W3-996 unbeschaltet\" width=\"800\" height=\"504\" srcset=\"https:\/\/www.donhighend.de\/wp-content\/uploads\/2015\/01\/FG-W3-996-unbeschaltet.jpg 800w, https:\/\/www.donhighend.de\/wp-content\/uploads\/2015\/01\/FG-W3-996-unbeschaltet-300x189.jpg 300w\" sizes=\"auto, (max-width: 800px) 100vw, 800px\" \/><\/a><\/p>\n<p>&nbsp;<\/p>\n<p style=\"text-align: justify;\">Diese Grafik hat leider den Nachteil, dass die Farbe des Amplitudenverlaufs und der Gitterlinien farblich nah beieinander sind. Obwohl SPL Copy die M\u00f6glichkeit bietet, die Abweichung der Farbe des auszulesenden Graphen unter dem Reiter &#8222;Options&#8220; prozentual festzulegen, f\u00fchrt das bei so nah beieinander liegenden Farben h\u00e4ufig zu Unterbrechungen beim Tracing.<\/p>\n<p style=\"text-align: justify;\">Man kann dies elegant umgehen, indem man den Graphen in einem Bildbearbeitungsprogramm umf\u00e4rbt. Ich nutze dazu die Freeware <a href=\"http:\/\/www.photofiltre-studio.com\/news-en.htm\" target=\"_blank\" rel=\"noopener noreferrer\"><strong><span style=\"color: #ff0000;\">Fotofiltre<\/span><\/strong><\/a>. Ich ziehe den Graphen einfach mit dem Farbstift nach, was zu einer vollkommen ausreichenden Genauigkeit beim Tracing f\u00fchrt.<\/p>\n<p>&nbsp;<\/p>\n<p><a href=\"https:\/\/www.donhighend.de\/wp-content\/uploads\/2015\/01\/FG-W3-996-unbeschaltet-rot.jpg\"><img loading=\"lazy\" decoding=\"async\" class=\"aligncenter size-full wp-image-2526\" src=\"https:\/\/www.donhighend.de\/wp-content\/uploads\/2015\/01\/FG-W3-996-unbeschaltet-rot.jpg\" alt=\"FG W3-996 unbeschaltet rot\" width=\"800\" height=\"504\" srcset=\"https:\/\/www.donhighend.de\/wp-content\/uploads\/2015\/01\/FG-W3-996-unbeschaltet-rot.jpg 800w, https:\/\/www.donhighend.de\/wp-content\/uploads\/2015\/01\/FG-W3-996-unbeschaltet-rot-300x189.jpg 300w\" sizes=\"auto, (max-width: 800px) 100vw, 800px\" \/><\/a><\/p>\n<p>&nbsp;<\/p>\n<p style=\"text-align: justify;\">Im n\u00e4chsten Schritt wird SPL Copy ge\u00f6ffnet. \u00dcber den Button &#8222;Open&#8220; f\u00fcgt man die Grafik ein. Hier bietet sich auch die M\u00f6glichkeit, eine Grafik aus dem Internet \u00fcber Copy\/Paste einzuf\u00fcgen.<\/p>\n<p><a href=\"https:\/\/www.donhighend.de\/wp-content\/uploads\/2015\/01\/Clipboard.jpg\"><img loading=\"lazy\" decoding=\"async\" class=\"aligncenter size-full wp-image-2532\" src=\"https:\/\/www.donhighend.de\/wp-content\/uploads\/2015\/01\/Clipboard.jpg\" alt=\"Clipboard\" width=\"800\" height=\"640\" srcset=\"https:\/\/www.donhighend.de\/wp-content\/uploads\/2015\/01\/Clipboard.jpg 800w, https:\/\/www.donhighend.de\/wp-content\/uploads\/2015\/01\/Clipboard-300x240.jpg 300w\" sizes=\"auto, (max-width: 800px) 100vw, 800px\" \/><\/a><\/p>\n<p>&nbsp;<\/p>\n<p>Im vorliegenden Fall habe ich die gepimpte Grafik \u00fcber Copy\/Paste in SPL Copy \u00fcbertragen.<\/p>\n<p>&nbsp;<\/p>\n<p><a href=\"https:\/\/www.donhighend.de\/wp-content\/uploads\/2015\/01\/graph-geladen.jpg\"><img loading=\"lazy\" decoding=\"async\" class=\"aligncenter size-full wp-image-2533\" src=\"https:\/\/www.donhighend.de\/wp-content\/uploads\/2015\/01\/graph-geladen.jpg\" alt=\"graph geladen\" width=\"800\" height=\"639\" srcset=\"https:\/\/www.donhighend.de\/wp-content\/uploads\/2015\/01\/graph-geladen.jpg 800w, https:\/\/www.donhighend.de\/wp-content\/uploads\/2015\/01\/graph-geladen-300x240.jpg 300w\" sizes=\"auto, (max-width: 800px) 100vw, 800px\" \/><\/a><\/p>\n<p>&nbsp;<\/p>\n<p style=\"text-align: justify;\">Damit SPL Copy korrekt arbeiten kann, muss zun\u00e4chst ein Tracingbereich vorgegeben werden. Dies ist mit wenigen Mausklicks zu bewerkstelligen. Beginnen wir mit der Definition des untersen Frequenzmesspunktes. Obgleich die Messung im Fernfeld entstand, also keinen verwertbaren Tiefbassanteil enth\u00e4lt, w\u00e4hle ich 20 Hz als tiefste, zu erfassende Frequenz. Dadurch wird gesichert, dass in der sp\u00e4teren Simulation die Kurve analog der hier gezeigten Messkurve abgebildet wird und nicht erst irgendwo im Mitteltonbereich beginnt. Das kann man zwar machen. Mir pers\u00f6nlich gef\u00e4llt es aber so besser.<\/p>\n<p style=\"text-align: justify;\">Durch einen Klick auf den Button &#8222;Low Freq&#8220; \u00f6ffnet sich ein Cursor (hier pink), welchen man genau bei 20 Hz in der Grafik positioniert. Nat\u00fcrlich wei\u00df SPL Copy nicht, dass dies Tracing-Punkt 20 Hz ist. Deswegen definieren wir eben genau dies \u00fcber das sich \u00f6ffnende Fenster und best\u00e4tigen mit OK.<\/p>\n<p>&nbsp;<\/p>\n<p><a href=\"https:\/\/www.donhighend.de\/wp-content\/uploads\/2015\/01\/Graph-20-Hz.jpg\"><img loading=\"lazy\" decoding=\"async\" class=\"aligncenter size-full wp-image-2534\" src=\"https:\/\/www.donhighend.de\/wp-content\/uploads\/2015\/01\/Graph-20-Hz.jpg\" alt=\"Graph 20 Hz\" width=\"800\" height=\"639\" srcset=\"https:\/\/www.donhighend.de\/wp-content\/uploads\/2015\/01\/Graph-20-Hz.jpg 800w, https:\/\/www.donhighend.de\/wp-content\/uploads\/2015\/01\/Graph-20-Hz-300x240.jpg 300w\" sizes=\"auto, (max-width: 800px) 100vw, 800px\" \/><\/a><\/p>\n<p>&nbsp;<\/p>\n<p style=\"text-align: justify;\">Analog zum tiefsten Tracing-Punkt legen wir als n\u00e4chstes den h\u00f6chsten Tracing-Punkt bei 20 kHz fest. Dazu klicken wir den Button &#8222;High Freq&#8220; an und verfahren wie oben. F\u00fcr 20 kHz habe ich im Optionsmen\u00fc die Farbe orange gew\u00e4hlt.<\/p>\n<p>&nbsp;<\/p>\n<p><a href=\"https:\/\/www.donhighend.de\/wp-content\/uploads\/2015\/01\/Graph-20-kHz.jpg\"><img loading=\"lazy\" decoding=\"async\" class=\"aligncenter size-full wp-image-2535\" src=\"https:\/\/www.donhighend.de\/wp-content\/uploads\/2015\/01\/Graph-20-kHz.jpg\" alt=\"Graph 20 kHz\" width=\"800\" height=\"638\" srcset=\"https:\/\/www.donhighend.de\/wp-content\/uploads\/2015\/01\/Graph-20-kHz.jpg 800w, https:\/\/www.donhighend.de\/wp-content\/uploads\/2015\/01\/Graph-20-kHz-300x239.jpg 300w\" sizes=\"auto, (max-width: 800px) 100vw, 800px\" \/><\/a><\/p>\n<p>&nbsp;<\/p>\n<p style=\"text-align: justify;\">Der Tracing-Bereich ist nun von 20 Hz bis 20 kHz festgelegt. SPL Copy &#8222;wei\u00df&#8220; nun, an welchem Punkt in der Grafik 20 Hz und 20 kHz als Tracingbereich zu finden sind. F\u00fcr&#8217;s Tracing fehlen aber noch weitere Einstellungen. Genau, wie wir den Frequenzbereich definieren mussten, m\u00fcssen wir noch den &#8222;Pegel&#8220; festlegen. Dazu klicken wir den Button &#8222;Low Amplitude&#8220; und setzen den Cursor (blau) auf eine Linie, die sich unterhalb der &#8222;leisesten&#8220; Stelle der Frequenzkurve befindet. Ich habe mich f\u00fcr 60 dB entschieden. Nat\u00fcrlich h\u00e4tte ich auch 30, 40 oder 50 dB nehmen k\u00f6nnen. Der gew\u00e4hlte dB-Wert aus der Grafik muss nat\u00fcrlich auch hier im Auswahlfenster best\u00e4tigt werden.<\/p>\n<p>&nbsp;<\/p>\n<p><a href=\"https:\/\/www.donhighend.de\/wp-content\/uploads\/2015\/01\/Graph-60-dB.jpg\"><img loading=\"lazy\" decoding=\"async\" class=\"aligncenter size-full wp-image-2539\" src=\"https:\/\/www.donhighend.de\/wp-content\/uploads\/2015\/01\/Graph-60-dB.jpg\" alt=\"Graph 60 dB\" width=\"800\" height=\"638\" srcset=\"https:\/\/www.donhighend.de\/wp-content\/uploads\/2015\/01\/Graph-60-dB.jpg 800w, https:\/\/www.donhighend.de\/wp-content\/uploads\/2015\/01\/Graph-60-dB-300x239.jpg 300w\" sizes=\"auto, (max-width: 800px) 100vw, 800px\" \/><\/a><\/p>\n<p>&nbsp;<\/p>\n<p style=\"text-align: justify;\">Die letzte Einstellung wird \u00dcber den Button &#8222;High Amplitude&#8220; vorgenommen. In unserem Beispiel wird diese bei 100 dB (gr\u00fcn) markiert.<\/p>\n<p>&nbsp;<\/p>\n<p><a href=\"https:\/\/www.donhighend.de\/wp-content\/uploads\/2015\/01\/Graph-100-dB.jpg\"><img loading=\"lazy\" decoding=\"async\" class=\"aligncenter size-full wp-image-2541\" src=\"https:\/\/www.donhighend.de\/wp-content\/uploads\/2015\/01\/Graph-100-dB.jpg\" alt=\"Graph 100 dB\" width=\"800\" height=\"640\" srcset=\"https:\/\/www.donhighend.de\/wp-content\/uploads\/2015\/01\/Graph-100-dB.jpg 800w, https:\/\/www.donhighend.de\/wp-content\/uploads\/2015\/01\/Graph-100-dB-300x240.jpg 300w\" sizes=\"auto, (max-width: 800px) 100vw, 800px\" \/><\/a><\/p>\n<p>&nbsp;<\/p>\n<p style=\"text-align: justify;\">Nun sind alle Einstellungen erf\u00fcllt und das eigentliche Tracing kann beginnen. Dazu ist der Button &#8222;Extract FRD&#8220; zu klicken, wodurch das Tracing vorbereitet wird.<\/p>\n<p><a href=\"https:\/\/www.donhighend.de\/wp-content\/uploads\/2015\/01\/Beginn-Trace-Lupe.jpg\"><img loading=\"lazy\" decoding=\"async\" class=\"aligncenter size-full wp-image-2544\" src=\"https:\/\/www.donhighend.de\/wp-content\/uploads\/2015\/01\/Beginn-Trace-Lupe.jpg\" alt=\"Beginn Trace Lupe\" width=\"800\" height=\"638\" srcset=\"https:\/\/www.donhighend.de\/wp-content\/uploads\/2015\/01\/Beginn-Trace-Lupe.jpg 800w, https:\/\/www.donhighend.de\/wp-content\/uploads\/2015\/01\/Beginn-Trace-Lupe-300x239.jpg 300w\" sizes=\"auto, (max-width: 800px) 100vw, 800px\" \/><\/a><\/p>\n<p>&nbsp;<\/p>\n<p style=\"text-align: justify;\">Zun\u00e4chst f\u00fchrt man den Mauscursor nah am Bereich 20 Hz auf die rote Frequenzkurve. Eine Bildschirmlupe, welche sich automatisch \u00f6ffnet, vereinfacht diesen Vorgang. Ist eine gute Position gefunden, wird durch einen Mausklick das Tracing eingeleitet. Man kann beobachten, wie ein kleiner Cursor die Frequenzkurve abf\u00e4hrt und so die Messpunkte ausliest. Dabei kann es passieren, dass der Cursor stehen bleibt.<\/p>\n<p>&nbsp;<\/p>\n<p><a href=\"https:\/\/www.donhighend.de\/wp-content\/uploads\/2015\/01\/Next-Value.jpg\"><img loading=\"lazy\" decoding=\"async\" class=\"aligncenter size-full wp-image-2546\" src=\"https:\/\/www.donhighend.de\/wp-content\/uploads\/2015\/01\/Next-Value.jpg\" alt=\"Next Value\" width=\"800\" height=\"640\" srcset=\"https:\/\/www.donhighend.de\/wp-content\/uploads\/2015\/01\/Next-Value.jpg 800w, https:\/\/www.donhighend.de\/wp-content\/uploads\/2015\/01\/Next-Value-300x240.jpg 300w\" sizes=\"auto, (max-width: 800px) 100vw, 800px\" \/><\/a><\/p>\n<p>&nbsp;<\/p>\n<p style=\"text-align: justify;\">In diesem Fall \u00f6ffnet sich ein Fenster mit einer Eingabeaufforderung. Mit einem Klick auf &#8222;Ja&#8220; best\u00e4tigt man, dass der n\u00e4chste Messpunkt manuell festgelegt wird. Dies geschieht durch Bet\u00e4tigung der Pfeiltasten. Man w\u00e4hlt einfach die Richtung, die als n\u00e4chster Messpunkt am ehesten passt. Es kann sein, dass mehrfaches Best\u00e4tigen der Pfeiltasten n\u00f6tig ist. Oft l\u00e4uft der Cursor aber auch nach einem einzigen Klick schon alleine weiter bis zum Ende des Messbereichs. Ist dieser erreicht, \u00f6ffnet sich ein weiteres Fenster, welches die M\u00f6glichkeit bietet, den ausgelesenen Frequenzgang \u00fcber den Button &#8222;Save&#8220; als FRD abzuspeichern.<\/p>\n<p>&nbsp;<\/p>\n<p><a href=\"https:\/\/www.donhighend.de\/wp-content\/uploads\/2015\/01\/End-Trace.jpg\"><img loading=\"lazy\" decoding=\"async\" class=\"aligncenter size-full wp-image-2547\" src=\"https:\/\/www.donhighend.de\/wp-content\/uploads\/2015\/01\/End-Trace.jpg\" alt=\"End Trace\" width=\"800\" height=\"640\" srcset=\"https:\/\/www.donhighend.de\/wp-content\/uploads\/2015\/01\/End-Trace.jpg 800w, https:\/\/www.donhighend.de\/wp-content\/uploads\/2015\/01\/End-Trace-300x240.jpg 300w\" sizes=\"auto, (max-width: 800px) 100vw, 800px\" \/><\/a><\/p>\n<p>&nbsp;<\/p>\n<p style=\"text-align: justify;\">Um eine sinnvolle Simulation anstellen zu k\u00f6nnen, ist es nat\u00fcrlich erforderlich, auch den korrekten Impedanzverlauf des Chassis in ein entsprechendes Programm, wie z. B. Boxsim, einzulesen.<\/p>\n<p style=\"text-align: justify;\">Dazu ben\u00f6tigen wir eine entsprechende Grafik. Das Prozedere entspricht, bis auf einen kleinen Unterschied, dem soeben durchgef\u00fchrten. Anstatt den &#8222;dB-Bereich&#8220; mittels der Buttons &#8222;Low Amplitude&#8220; und &#8222;High Amplitude&#8220; festzulegen, definieren wir daf\u00fcr \u00fcber die Buttons\u00a0 &#8222;Low Impedance&#8220; und &#8222;High Impedance&#8220; den Impedanzmessbereich. Das Tracing erfolgt \u00fcber den Button &#8222;Extract ZMA&#8220;. Ansonsten ist die Funktionsweise identisch.<\/p>\n<p style=\"text-align: justify;\">Mit Hilfe so gewonnener FRD und ZMA-Dateien wurde die Weiche der Lazy Sunday entwickelt. Wie gut das funktioniert hat und wie quasi perfekt das Ergebnis mit der Simulation \u00fcbereinstimmt, kann <a href=\"http:\/\/www.diy-hifi-forum.eu\/forum\/showthread.php?t=7622&amp;highlight=lazy+sunday\" target=\"_blank\" rel=\"noopener noreferrer\"><strong><span style=\"color: #ff0000;\">HIER<\/span><\/strong><\/a> nachgelesen werden.<\/p>\n<p style=\"text-align: justify;\">Abschlie\u00dfend ist noch zu bemerken, dass es wichtig zu wissen ist, wie die Messkurve entstanden ist. Im Falle der Lazy Sunday wurde der Tang Band W3-993SB im Geh\u00e4use der Lazy Sunday gemessen. Im Simulationsprogramm Boxsim musste dem zufolge als Messgeh\u00e4use &#8222;zu simulierende Box&#8220; eingestellt werden. W\u00e4hlt man f\u00fcr das Tracing eine Messkurve aus einem Herstellerdatenblatt, ist i. d. R. &#8222;DIN Schallwand&#8220; oder &#8222;unendliche Schallwand zu w\u00e4hlen. Hersteller geben in ihren Datenbl\u00e4ttern zumeist die Messmethode an.<\/p>\n<p style=\"text-align: justify;\">Sind die Dimsionen der Schallwand, in der die Messung erfolgte, nicht bekannt, sind die auf oben beschriebene Weise gewonnenen Dateien nicht verwertbar.<\/p>\n<p>&nbsp;<\/p>\n<p>Viel Spa\u00df&#8230;<\/p>\n<p>&nbsp;<\/p>\n","protected":false},"excerpt":{"rendered":"<p>Da der Anbieter von SPL Trace nicht mehr t\u00e4tig ist, besteht leider besteht keine M\u00f6glichkeit mehr zum Download des Programms. Eine verbesserte und leistungsf\u00e4higere Variante von SPL Copy wurde inzwischen in das Programmpaket von\u00a0VituixCad integriert. Eine aktualisierte und hervorragende\u00a0Anleitung zum Umgang mit dem Tool finden Sie auf der Website meines Entwickler Kollegen Gazza. &nbsp; SPL &hellip; <\/p>\n<p><a class=\"more-link btn\" href=\"https:\/\/www.donhighend.de\/?page_id=2508\">Weiterlesen<\/a><\/p>\n","protected":false},"author":1,"featured_media":0,"parent":1341,"menu_order":999,"comment_status":"open","ping_status":"closed","template":"","meta":{"footnotes":""},"class_list":["post-2508","page","type-page","status-publish","hentry","nodate","item-wrap"],"_links":{"self":[{"href":"https:\/\/www.donhighend.de\/index.php?rest_route=\/wp\/v2\/pages\/2508","targetHints":{"allow":["GET"]}}],"collection":[{"href":"https:\/\/www.donhighend.de\/index.php?rest_route=\/wp\/v2\/pages"}],"about":[{"href":"https:\/\/www.donhighend.de\/index.php?rest_route=\/wp\/v2\/types\/page"}],"author":[{"embeddable":true,"href":"https:\/\/www.donhighend.de\/index.php?rest_route=\/wp\/v2\/users\/1"}],"replies":[{"embeddable":true,"href":"https:\/\/www.donhighend.de\/index.php?rest_route=%2Fwp%2Fv2%2Fcomments&post=2508"}],"version-history":[{"count":56,"href":"https:\/\/www.donhighend.de\/index.php?rest_route=\/wp\/v2\/pages\/2508\/revisions"}],"predecessor-version":[{"id":2510,"href":"https:\/\/www.donhighend.de\/index.php?rest_route=\/wp\/v2\/pages\/2508\/revisions\/2510"}],"up":[{"embeddable":true,"href":"https:\/\/www.donhighend.de\/index.php?rest_route=\/wp\/v2\/pages\/1341"}],"wp:attachment":[{"href":"https:\/\/www.donhighend.de\/index.php?rest_route=%2Fwp%2Fv2%2Fmedia&parent=2508"}],"curies":[{"name":"wp","href":"https:\/\/api.w.org\/{rel}","templated":true}]}}