{"id":2123,"date":"2014-11-25T21:17:46","date_gmt":"2014-11-25T20:17:46","guid":{"rendered":"http:\/\/www.donhighend.de\/?page_id=2123"},"modified":"2024-06-13T12:25:54","modified_gmt":"2024-06-13T11:25:54","slug":"quintessenz-2-5-beitrag-zum-tymphany-battle-2014","status":"publish","type":"page","link":"https:\/\/www.donhighend.de\/?page_id=2123","title":{"rendered":"Quintessenz 2.5 (Beitrag zum Tymphany Battle 2014)"},"content":{"rendered":"<p><img loading=\"lazy\" decoding=\"async\" class=\"aligncenter size-full wp-image-3983\" src=\"https:\/\/www.donhighend.de\/wp-content\/uploads\/2014\/11\/QE-2.5.jpg\" alt=\"qe-2-5\" width=\"302\" height=\"640\" srcset=\"https:\/\/www.donhighend.de\/wp-content\/uploads\/2014\/11\/QE-2.5.jpg 302w, https:\/\/www.donhighend.de\/wp-content\/uploads\/2014\/11\/QE-2.5-142x300.jpg 142w\" sizes=\"auto, (max-width: 302px) 100vw, 302px\" \/><\/p>\n<p>&nbsp;<\/p>\n<p style=\"text-align: justify;\">Nach dem Battle ist vor dem Battle. Dass das Motto f\u00fcr den bevorstehenden Battle aber so schnell fest stand, liegt in der Tatsache begr\u00fcndet, dass Nico Germanos von Quint Audio nicht nur freundlicher Gastgeber und Sponsor des diesj\u00e4hrigen April Battles war. Jedem Teilnehmer gab Nico obendrein noch ein Paar der vorz\u00fcglichen Peerless H26TG-35-06 Hocht\u00f6ner mit auf den Heimweg. Einfach so, als Geschenk&#8230;<\/p>\n<p>&nbsp;<\/p>\n<p><img loading=\"lazy\" decoding=\"async\" class=\"aligncenter size-full wp-image-3996\" src=\"https:\/\/www.donhighend.de\/wp-content\/uploads\/2016\/10\/H26TG35.jpg\" alt=\"h26tg35\" width=\"500\" height=\"500\" srcset=\"https:\/\/www.donhighend.de\/wp-content\/uploads\/2016\/10\/H26TG35.jpg 500w, https:\/\/www.donhighend.de\/wp-content\/uploads\/2016\/10\/H26TG35-150x150.jpg 150w, https:\/\/www.donhighend.de\/wp-content\/uploads\/2016\/10\/H26TG35-300x300.jpg 300w\" sizes=\"auto, (max-width: 500px) 100vw, 500px\" \/><\/p>\n<p>&nbsp;<\/p>\n<p style=\"text-align: justify;\">Folgerichtig dreht sich beim kommenden Battle, der wieder in den Hallen von Quint Audio in Senden stattfinden darf, alles um diesen exzellenten Hocht\u00f6ner, der mit seinem vorgesetzten Kurzhorn eine richtige Ansage in Sachen Wirkungsgrad ist.<\/p>\n<p style=\"text-align: justify;\">Die Quintessenz 2.5 versteht sich als eine weitere Gemeinschaftsentwicklung von Thomas B., welcher im DIY-HiFi-Forum unter dem Nicknamen &#8222;Gazza&#8220; schreibt, und mir.<\/p>\n<p style=\"text-align: justify;\">Nach einigen \u00dcberlegungen stand das Konzept fest. Der H26TG-035-06 soll von 2 wirkungsgradstarken 6,5 Zoll Semi-PA-Chassis in einer schlanken BR-Standbox in 2 1\/2-Wege Technik unterst\u00fctzt werden. Die Auswahl fiel auf den bislang auf dem deutschen DIY-Markt noch nicht erh\u00e4ltlichen Sica 6 F 1.5 CP.<\/p>\n<p style=\"text-align: justify;\">Das Chassis kommt mit einem soliden und modernen Gu\u00dfkorb daher. Die recht leichte Papiermembran tr\u00e4gt eine gl\u00e4nzende, an einen Phaseplug erinnernde Duscap in ihrer Mitte und wird von einem recht kr\u00e4ftigen Magneten angetrieben.<\/p>\n<p style=\"text-align: justify;\"><span style=\"color: #ffffff;\">fff<\/span><\/p>\n<p style=\"text-align: justify;\"><img loading=\"lazy\" decoding=\"async\" class=\"aligncenter size-full wp-image-3995\" src=\"https:\/\/www.donhighend.de\/wp-content\/uploads\/2016\/10\/6-F-1.5-CP-gedreht.jpg\" alt=\"6-f-1-5-cp-gedreht\" width=\"836\" height=\"836\" srcset=\"https:\/\/www.donhighend.de\/wp-content\/uploads\/2016\/10\/6-F-1.5-CP-gedreht.jpg 836w, https:\/\/www.donhighend.de\/wp-content\/uploads\/2016\/10\/6-F-1.5-CP-gedreht-150x150.jpg 150w, https:\/\/www.donhighend.de\/wp-content\/uploads\/2016\/10\/6-F-1.5-CP-gedreht-300x300.jpg 300w, https:\/\/www.donhighend.de\/wp-content\/uploads\/2016\/10\/6-F-1.5-CP-gedreht-768x768.jpg 768w\" sizes=\"auto, (max-width: 836px) 100vw, 836px\" \/><\/p>\n<p>&nbsp;<\/p>\n<p><a href=\"https:\/\/www.donhighend.de\/wp-content\/uploads\/2014\/11\/Sica-6-F-1.5-CP-back.jpg\"><img loading=\"lazy\" decoding=\"async\" class=\"aligncenter size-full wp-image-2137\" src=\"https:\/\/www.donhighend.de\/wp-content\/uploads\/2014\/11\/Sica-6-F-1.5-CP-back.jpg\" alt=\"Sica 6 F 1.5 CP back\" width=\"800\" height=\"667\" srcset=\"https:\/\/www.donhighend.de\/wp-content\/uploads\/2014\/11\/Sica-6-F-1.5-CP-back.jpg 800w, https:\/\/www.donhighend.de\/wp-content\/uploads\/2014\/11\/Sica-6-F-1.5-CP-back-300x250.jpg 300w\" sizes=\"auto, (max-width: 800px) 100vw, 800px\" \/><\/a><\/p>\n<p>&nbsp;<\/p>\n<p style=\"text-align: justify;\">Angesichts dieses Anblicks mag man kaum glauben, dass dieses Ger\u00e4t f\u00fcr gut 30,- Euro (in Worten dreissig) unters Volk gestreut wird. Wir haben bei Abnahme von 4 St\u00fcck je siebenundzwanzignochwas gezahlt. Inzwischen wurde der Preis leicht nach oben korrigiert.<\/p>\n<p style=\"text-align: justify;\">Eine Polkernbohrung gibt es zwar nicht, aber daf\u00fcr sorgt der moderne Korb mit seinen schmalen Stegen und der hinterl\u00fcfteten Zentrierspinne f\u00fcr gen\u00fcgend Durchzug im Antriebssystem.<\/p>\n<p style=\"text-align: justify;\">Die Hersteller TSP sind sehr praxiskonform. Die nur durchschnittlich tiefe Resonanzfrequenz von 60 Hz stellt in Verbindung mit dem f\u00fcr BR-Anwendung nahezu perfekten Qts und dem kleinen Vas eine untere Grenzfrequenz von etwa 50 Hz in Aussicht. Eine saubere und knackige Basswiedergabe sollte das Resultat sein.<\/p>\n<p><a href=\"https:\/\/www.donhighend.de\/wp-content\/uploads\/2014\/11\/6-F-1.5-CP-TSP.jpg\"><img loading=\"lazy\" decoding=\"async\" class=\"aligncenter size-full wp-image-2145\" src=\"https:\/\/www.donhighend.de\/wp-content\/uploads\/2014\/11\/6-F-1.5-CP-TSP.jpg\" alt=\"6 F 1.5 CP TSP\" width=\"488\" height=\"372\" srcset=\"https:\/\/www.donhighend.de\/wp-content\/uploads\/2014\/11\/6-F-1.5-CP-TSP.jpg 488w, https:\/\/www.donhighend.de\/wp-content\/uploads\/2014\/11\/6-F-1.5-CP-TSP-300x228.jpg 300w\" sizes=\"auto, (max-width: 488px) 100vw, 488px\" \/><\/a><\/p>\n<p>&nbsp;<\/p>\n<p style=\"text-align: justify;\">Wir schneiderten jedem Chassis ein Geh\u00e4usevolumen von rund 18 Litern auf den Korb. Die Simulation in AJHorn verspricht Tiefgang bis in Regionen unterhalb von 50 Hz. Genau so hatten wir uns die Abstimung der Quintessenz 2.5 vorgestellt.<\/p>\n<p>&nbsp;<\/p>\n<p><a href=\"https:\/\/www.donhighend.de\/wp-content\/uploads\/2014\/11\/6-F-1.5-CP-in-18-Litern-BR.jpg\"><img loading=\"lazy\" decoding=\"async\" class=\"aligncenter size-full wp-image-2148\" src=\"https:\/\/www.donhighend.de\/wp-content\/uploads\/2014\/11\/6-F-1.5-CP-in-18-Litern-BR.jpg\" alt=\"6 F 1.5 CP in 18 Litern BR\" width=\"417\" height=\"260\" srcset=\"https:\/\/www.donhighend.de\/wp-content\/uploads\/2014\/11\/6-F-1.5-CP-in-18-Litern-BR.jpg 417w, https:\/\/www.donhighend.de\/wp-content\/uploads\/2014\/11\/6-F-1.5-CP-in-18-Litern-BR-300x187.jpg 300w\" sizes=\"auto, (max-width: 417px) 100vw, 417px\" \/><\/a><\/p>\n<p>&nbsp;<\/p>\n<p style=\"text-align: justify;\">Im n\u00e4chsten Schritt wurden die Einzelfrequenzg\u00e4nge s\u00e4mtlicher Chassis an ihren finalen Positionen im Geh\u00e4use gemessen.<\/p>\n<p>&nbsp;<\/p>\n<p><a href=\"https:\/\/www.donhighend.de\/wp-content\/uploads\/2014\/11\/HT-auf-Achse.jpg\"><img loading=\"lazy\" decoding=\"async\" class=\"aligncenter size-full wp-image-2156\" src=\"https:\/\/www.donhighend.de\/wp-content\/uploads\/2014\/11\/HT-auf-Achse.jpg\" alt=\"HT auf Achse\" width=\"800\" height=\"453\" srcset=\"https:\/\/www.donhighend.de\/wp-content\/uploads\/2014\/11\/HT-auf-Achse.jpg 800w, https:\/\/www.donhighend.de\/wp-content\/uploads\/2014\/11\/HT-auf-Achse-300x169.jpg 300w\" sizes=\"auto, (max-width: 800px) 100vw, 800px\" \/><\/a>H26TG-35-06<\/p>\n<p>&nbsp;<\/p>\n<p><a href=\"https:\/\/www.donhighend.de\/wp-content\/uploads\/2014\/11\/TMT-naheferngef\u00fcgt.jpg\"><img loading=\"lazy\" decoding=\"async\" class=\"aligncenter size-full wp-image-2157\" src=\"https:\/\/www.donhighend.de\/wp-content\/uploads\/2014\/11\/TMT-naheferngef\u00fcgt.jpg\" alt=\"TMT naheferngef\u00fcgt\" width=\"800\" height=\"452\" srcset=\"https:\/\/www.donhighend.de\/wp-content\/uploads\/2014\/11\/TMT-naheferngef\u00fcgt.jpg 800w, https:\/\/www.donhighend.de\/wp-content\/uploads\/2014\/11\/TMT-naheferngef\u00fcgt-300x169.jpg 300w\" sizes=\"auto, (max-width: 800px) 100vw, 800px\" \/><\/a>6 F 1.5 CP (Tiefmittelt\u00f6ner)<\/p>\n<p>&nbsp;<\/p>\n<p><a href=\"https:\/\/www.donhighend.de\/wp-content\/uploads\/2014\/11\/TT-naheferngef\u00fcgt.jpg\"><img loading=\"lazy\" decoding=\"async\" class=\"aligncenter size-full wp-image-2158\" src=\"https:\/\/www.donhighend.de\/wp-content\/uploads\/2014\/11\/TT-naheferngef\u00fcgt.jpg\" alt=\"TT naheferngef\u00fcgt\" width=\"800\" height=\"457\" srcset=\"https:\/\/www.donhighend.de\/wp-content\/uploads\/2014\/11\/TT-naheferngef\u00fcgt.jpg 800w, https:\/\/www.donhighend.de\/wp-content\/uploads\/2014\/11\/TT-naheferngef\u00fcgt-300x171.jpg 300w\" sizes=\"auto, (max-width: 800px) 100vw, 800px\" \/><\/a>6 F 1.5 CP (Tieft\u00f6ner)<\/p>\n<p>&nbsp;<\/p>\n<p style=\"text-align: justify;\">Die korrekt aufbereiteten Messdaten wurden alsdann in das Simulationstool Boxsim eingepflegt. Somit stand der Konstruktion der virtuellen Frequenzweiche nichts mehr im Wege.<\/p>\n<p style=\"text-align: justify;\">Das Ergebnis kann sich durchaus sehen lassen.<\/p>\n<p><a href=\"https:\/\/www.donhighend.de\/wp-content\/uploads\/2014\/11\/Finale-Simu.jpg\"><img loading=\"lazy\" decoding=\"async\" class=\"aligncenter size-full wp-image-2405\" src=\"https:\/\/www.donhighend.de\/wp-content\/uploads\/2014\/11\/Finale-Simu.jpg\" alt=\"Finale Simu\" width=\"828\" height=\"595\" srcset=\"https:\/\/www.donhighend.de\/wp-content\/uploads\/2014\/11\/Finale-Simu.jpg 828w, https:\/\/www.donhighend.de\/wp-content\/uploads\/2014\/11\/Finale-Simu-300x215.jpg 300w\" sizes=\"auto, (max-width: 828px) 100vw, 828px\" \/><\/a><\/p>\n<p>&nbsp;<\/p>\n<p style=\"text-align: justify;\">Wie eine erste Messung auf Achse zeigt, stimmen Simulation und Realit\u00e4t erwartungsgem\u00e4\u00df sehr gut \u00fcberein.<\/p>\n<p><a href=\"https:\/\/www.donhighend.de\/wp-content\/uploads\/2014\/11\/FG-Final-24.11.2015.jpg\"><img loading=\"lazy\" decoding=\"async\" class=\"aligncenter size-full wp-image-2167\" src=\"https:\/\/www.donhighend.de\/wp-content\/uploads\/2014\/11\/FG-Final-24.11.2015.jpg\" alt=\"FG Final 24.11.2015\" width=\"800\" height=\"455\" srcset=\"https:\/\/www.donhighend.de\/wp-content\/uploads\/2014\/11\/FG-Final-24.11.2015.jpg 800w, https:\/\/www.donhighend.de\/wp-content\/uploads\/2014\/11\/FG-Final-24.11.2015-300x170.jpg 300w\" sizes=\"auto, (max-width: 800px) 100vw, 800px\" \/><\/a>Messung auf Achse 1 Meter Abstand<\/p>\n<p>&nbsp;<\/p>\n<p><a href=\"https:\/\/www.donhighend.de\/wp-content\/uploads\/2014\/11\/FG-und-Zweige.jpg\"><img loading=\"lazy\" decoding=\"async\" class=\"aligncenter size-full wp-image-2401\" src=\"https:\/\/www.donhighend.de\/wp-content\/uploads\/2014\/11\/FG-und-Zweige.jpg\" alt=\"FG und Zweige\" width=\"800\" height=\"463\" srcset=\"https:\/\/www.donhighend.de\/wp-content\/uploads\/2014\/11\/FG-und-Zweige.jpg 800w, https:\/\/www.donhighend.de\/wp-content\/uploads\/2014\/11\/FG-und-Zweige-300x173.jpg 300w\" sizes=\"auto, (max-width: 800px) 100vw, 800px\" \/><\/a>Messung auf Achse incl. Einzelzweige und Impedanz<\/p>\n<p>&nbsp;<\/p>\n<p style=\"text-align: justify;\">Die Anordnung des Hocht\u00f6ners auf der Frontplatte wurde in vielen Simulationen und diversen Versuchsaufbauten so lange optimiert, bis eine Position gefunden werden konnte, an dem sich in beide Messrichtungen unter Winkeln ein g\u00fcnstiges Abstrahlverhalten einstellt. Bei mittiger Anordnung auf der Frontwand war dies nicht in einer solch konstanten Weise erreichbar.<\/p>\n<p><a href=\"https:\/\/www.donhighend.de\/wp-content\/uploads\/2014\/11\/FG-unter-Winkel-kurz.jpg\"><img loading=\"lazy\" decoding=\"async\" class=\"aligncenter size-full wp-image-2398\" src=\"https:\/\/www.donhighend.de\/wp-content\/uploads\/2014\/11\/FG-unter-Winkel-kurz.jpg\" alt=\"FG unter Winkel kurz\" width=\"800\" height=\"456\" srcset=\"https:\/\/www.donhighend.de\/wp-content\/uploads\/2014\/11\/FG-unter-Winkel-kurz.jpg 800w, https:\/\/www.donhighend.de\/wp-content\/uploads\/2014\/11\/FG-unter-Winkel-kurz-300x171.jpg 300w\" sizes=\"auto, (max-width: 800px) 100vw, 800px\" \/><\/a>Frequenzgang 0\u00b0 &#8211; 45\u00b0 \u00fcber kurze Seite gemessen<\/p>\n<p>&nbsp;<\/p>\n<p><a href=\"https:\/\/www.donhighend.de\/wp-content\/uploads\/2014\/11\/FG-unter-Winkel-lang.jpg\"><img loading=\"lazy\" decoding=\"async\" class=\"aligncenter size-full wp-image-2399\" src=\"https:\/\/www.donhighend.de\/wp-content\/uploads\/2014\/11\/FG-unter-Winkel-lang.jpg\" alt=\"FG unter Winkel lang\" width=\"800\" height=\"456\" srcset=\"https:\/\/www.donhighend.de\/wp-content\/uploads\/2014\/11\/FG-unter-Winkel-lang.jpg 800w, https:\/\/www.donhighend.de\/wp-content\/uploads\/2014\/11\/FG-unter-Winkel-lang-300x171.jpg 300w\" sizes=\"auto, (max-width: 800px) 100vw, 800px\" \/><\/a>Frequenzgang 0\u00b0 &#8211; 45\u00b0 \u00fcber lange Seite gemessen<\/p>\n<p>&nbsp;<\/p>\n<p style=\"text-align: justify;\">Die Weiche ist zwar nicht ganz trivial, aber, besonders in Anbetracht des hervorragenden Ergebnisses, vom Aufwand durchaus vertretbar.<\/p>\n<p>&nbsp;<\/p>\n<p><a href=\"https:\/\/www.donhighend.de\/wp-content\/uploads\/2014\/11\/Weiche-mit-Spulenangaben.jpg\"><img loading=\"lazy\" decoding=\"async\" class=\"aligncenter size-full wp-image-3172\" src=\"https:\/\/www.donhighend.de\/wp-content\/uploads\/2014\/11\/Weiche-mit-Spulenangaben.jpg\" alt=\"Weiche mit Spulenangaben\" width=\"858\" height=\"479\" srcset=\"https:\/\/www.donhighend.de\/wp-content\/uploads\/2014\/11\/Weiche-mit-Spulenangaben.jpg 858w, https:\/\/www.donhighend.de\/wp-content\/uploads\/2014\/11\/Weiche-mit-Spulenangaben-300x167.jpg 300w\" sizes=\"auto, (max-width: 858px) 100vw, 858px\" \/><\/a>Weichenschaltung Quintessenz 2.5<\/p>\n<p>&nbsp;<\/p>\n<p style=\"text-align: justify;\">Die empfohlenen Jantzen Spulen k\u00f6nnen nat\u00fcrlich durch gleichwertige Produkte anderer Hersteller ersetzt werden. Dabei ist zu beachten, dass die Widerstandswerte der Spulen nicht zu stark abweichen.<\/p>\n<p>&nbsp;<\/p>\n<p><a href=\"https:\/\/www.donhighend.de\/wp-content\/uploads\/2014\/11\/Bauplan-Quintessenz-2.5.jpg\"><img loading=\"lazy\" decoding=\"async\" class=\"aligncenter size-large wp-image-2415\" src=\"https:\/\/www.donhighend.de\/wp-content\/uploads\/2014\/11\/Bauplan-Quintessenz-2.5-1024x744.jpg\" alt=\"Bauplan Quintessenz 2.5\" width=\"1024\" height=\"744\" srcset=\"https:\/\/www.donhighend.de\/wp-content\/uploads\/2014\/11\/Bauplan-Quintessenz-2.5-1024x744.jpg 1024w, https:\/\/www.donhighend.de\/wp-content\/uploads\/2014\/11\/Bauplan-Quintessenz-2.5-300x218.jpg 300w, https:\/\/www.donhighend.de\/wp-content\/uploads\/2014\/11\/Bauplan-Quintessenz-2.5.jpg 1250w\" sizes=\"auto, (max-width: 1024px) 100vw, 1024px\" \/><\/a>Bau- und Bed\u00e4mpfungsplan<\/p>\n<p style=\"text-align: justify;\">Die Baupl\u00e4ne sind f\u00fcr private Nutzung freigegeben. Jegliche Form der gewerblichen Nutzung oder Verbreitung ohne vorherige Absprache ist untersagt und wird strafrechtlich verfolgt.<\/p>\n<p style=\"text-align: justify;\">Inzwischen sind die Chassis der Quintessenz 2.5 nicht mehr in Produktion. Aktuell sind die Chassis jedoch noch erhaltlich. Hier der Hocht\u00f6ner <a href=\"http:\/\/www.audio.nl\/Aprodview.asp?type=product&amp;Product=8173\" target=\"_blank\" rel=\"noopener\"><span style=\"color: #ff0000;\"><strong>Peerless H26TG-35-06\u00a0\u00a0<\/strong><\/span><\/a>und hier der Tiefmittelt\u00f6ner <a href=\"https:\/\/en.toutlehautparleur.com\/speaker-sica-6-f-1-5-cp-8-ohm-6-5-inch.html\" target=\"_blank\" rel=\"noopener\"><strong><span style=\"color: #ff0000;\">Sica 6 F 1.5 CP<\/span><\/strong><\/a><\/p>\n<p>&nbsp;<\/p>\n<p>Forenuser Oldie schrieb:<span style=\"color: #ffffff;\">ffff<\/span><\/p>\n<blockquote>\n<h5 style=\"text-align: justify;\"><em><span style=\"color: #ff6600;\">Als n\u00e4chstes hatten wir unser dynamisches Duo Gazza (Tom) und Alex (G.) mit der Quintessenz. Eher unkonventionell klassisch konzeptioniert. Auch 2 1\/2 Wege, auch zwei 6,5 Z\u00f6ller, auch Bassreflex, aber in zweimal 18 Liter. Der Sica 6 F 1.5 CP ist in Deutschland nicht so leicht zu bekommen, was schade ist , da ein sehr wertiges Chassis und bei 60 Hz Fs des Selbigen in kleinen Geh\u00e4usen doch schon erstaunlicher Tiefgang erzeugt werden kann&#8230; &#8230;Beide Hocht\u00f6ner nach innen verbesserte sich die Darstellung f\u00fcr den kurzen H\u00f6rabstand und ein klar strukturiertes Klangbild mit gleichen Pegelverh\u00e4ltnissen Links Mitte Rechts stellte sich ein. Wahrlich ein Gedicht, feinst selektiert, tonal exakt und mit erstaunlichen Reserven. Lediglich im Grundton war&#8217;s mir pers\u00f6nlich ein wenig zu dick, aber in einem gr\u00f6sserem Raum mit mehr H\u00f6rabstand funktioniert das dann wieder. Alex und Tom, da habt ihr wieder was sch\u00f6nes gestrickt.<br \/>\nGerade der Hochton verschluckte kein Detail, ohne Sibilanten oder Formanten zu sehr in den Vordergrund zu stellen. Die Aufl\u00f6sung war sehr sehr fein und informativ. Der Pr\u00e4senzbereich war auch nicht \u00fcberzogen oder nervig, lag wohl an der geschickt gew\u00e4hlten Trennfrequenz bei 2,5 kHz. Die mag der Ht wohl am liebsten?<\/span><\/em><\/h5>\n<\/blockquote>\n<p>&nbsp;<\/p>\n<p>Black-Devil, ebenfalls aus dem HiFi-Forum meint:<span style=\"color: #ffffff;\">fff<\/span><\/p>\n<blockquote>\n<h5 style=\"text-align: justify;\"><em><span style=\"color: #ff6600;\">Von den Battle-Boxen war mein pers\u00f6nlicher Favorit die Quintessenz. Die Sica-TMT passten sowohl klanglich als auch preislich hervorragend zum HT. Wer auf ganz b\u00f6sen Tiefbass verzichten kann, bekommt hier eine richtig tolle Box f\u00fcr kleines Geld. Die Sicas sollte unbedingt ein Shop mal ins Programm nehmen.<\/span><\/em><\/h5>\n<h5 style=\"text-align: justify;\"><em><span style=\"color: #ff6600;\">Diese Box war schon beim Tymphany-Battle mein Liebling und auch dieses mal gab es nichts zu meckern. Durch den ganz leicht fallenden Frequenzgang wird der LS niemals aufdringlich und man m\u00f6chte sich von ihm stundenlang berieseln lassen. Die Sicas machen einen tollen Job, genug Tiefgang und doch sch\u00f6n knackig. Dazu ein sauberer Mittelton und bruchloser \u00dcbergang zum feinen Hocht\u00f6ner. Trotz messtechnischer Vorteile mit au\u00dfen liegenden Hocht\u00f6nern, ist die R\u00e4umlichkeit doch mit nach innen gerichteten HT deutlich ausgepr\u00e4gter &#8211; ein Tipp von Nico Germanos (Quint-Audio) beim Battle damals.<\/span><\/em><\/h5>\n<\/blockquote>\n<p>&nbsp;<\/p>\n<p>HiFi-Forum User Gruushk urteilt:<\/p>\n<blockquote>\n<h5 style=\"text-align: justify;\"><em><span style=\"color: #ff6600;\">Gestern habe ich die Lautsprecher dann an den Verst\u00e4rker geh\u00e4ngt und getestet. Nach gut einem Monat von Planung \u00fcber Bau bis zur Fertigstellung war die Spannung nat\u00fcrlich imens hoch! Gerade die Frequenzweiche habe ich gef\u00fchlt 1000 mal auf die Richtigkeit \u00fcberpr\u00fcft. Naja dann kam der gro\u00dfe Moment, und was soll ich sagen&#8230; ICH HAB DAS GRINSEN NICHT MEHR AUS DEM GESICHT BEKOMMEN!!!\u00a0 Als s\u00e4\u00dfe John Mayer mit im Wohnzimmer, und als w\u00fcrde Pink Floyd ein PrivatKonzert geben! Ich bin super begeistert von dem wunderbar ausgewogenen Klang, glasklaren H\u00f6hen und dem satten Bass ohne jedes Dr\u00f6hnen!! Egal wie stark man aufdreht, ob laut oder leise, immer ist der Klang einfach super geil!!! Ich bin \u00fcberaus zufrieden!<\/span><\/em><\/h5>\n<\/blockquote>\n<p>&nbsp;<\/p>\n<p>HiFi-Forum User Tscheiti schw\u00e4rmt<\/p>\n<blockquote>\n<h5 style=\"text-align: justify;\"><em><span style=\"color: #ff6600;\">Meine ersten H\u00f6reindr\u00fccke&#8230;<\/span><\/em><\/h5>\n<h5 style=\"text-align: justify;\"><em><span style=\"color: #ff6600;\">&#8230;nach ein paar Stunden h\u00f6ren am ersten Tag ( &lt;&#8211; und das sagt ja wohl schon einiges aus!! )&#8230;<\/span><\/em><\/h5>\n<h5 style=\"text-align: justify;\"><em><span style=\"color: #ff6600;\">&#8230;also ich bin wirklich beeindruckt! Ich bin kein HiFi Profi, und meine Erfahrungen eher gering. Doch trotzdem:<\/span><\/em><\/h5>\n<h5 style=\"text-align: justify;\"><em><span style=\"color: #ff6600;\">Als erste Assoziation w\u00fcrde ich den Klang als sehr, sehr sauber bezeichnen. Sehr klar und super aufl\u00f6send! Ich habe heute mit ein paar anderen LS herumgespielt, um ein bisschen zu vergleichen. Und nun kann ich gut nachvollziehen was es bedeutet &#8222;der Klang klebt an den LS&#8220;. Klar, die Vergleichsboxen sind keine wirklichen Referenzen, doch der Unterschied doch wirklich gewaltig!<\/span><\/em><\/h5>\n<h5 style=\"text-align: justify;\"><em><span style=\"color: #ff6600;\">Bei den QE klebt garnix! Immer wieder hat es mir ein L\u00e4cheln entlockt! Wirklich sch\u00f6n, was die Lautsprecher wiedergeben!<\/span><\/em><br \/>\n<em><span style=\"color: #ff6600;\">Ich finde den Sweet Spot auch nicht zu klein &#8211; eher eine Sweet Area, das kommt mir sehr entgegen, weil ich beim Musik h\u00f6ren nicht nur statisch dasitze.<\/span><\/em><\/h5>\n<h5 style=\"text-align: justify;\"><em><span style=\"color: #ff6600;\">Gerade eben habe ich mir Instrumental-Nummern von so alten Haudegen wie Alan Hawkshaw oder Keith Mansfield angeh\u00f6rt&#8230; wirklich fein wie die Instrumente wiedergegeben werden! Das t\u00f6nt ganz ordentlich, aber nicht nervig aufgeregt sondern nur dann fordernd wenn es die Musiker wohl so wollten. Also wirklich fein! Generell habe ich heute vor allem &#8222;traditionelle&#8220; Musik geh\u00f6rt, viele Alben die ich schon l\u00e4nger nicht im Player hatte. Blues, alter Funk und ein bisschen jazzigere Sachen und es war wirklich fein!<\/span><\/em><\/h5>\n<h5 style=\"text-align: justify;\"><em><span style=\"color: #ff6600;\">Was mir auch aufgefallen ist, ist dass schlechte Aufnahmen ziemlich schonungslos aufgedeckt werden.<\/span><\/em><\/h5>\n<h5 style=\"text-align: justify;\"><em><span style=\"color: #ff6600;\">Morgen werde mich ein bisschen mehr den elektronischen Kl\u00e4ngen widmen &#8211; mal sehen ob der LS auch ein bisschen &#8222;dreckig&#8220; kann.<\/span><\/em><\/h5>\n<h5 style=\"text-align: justify;\"><em><span style=\"color: #ff6600;\">Ach ja, ich habe den LS heute einem Freund &#8211; seines Zeichens Jazzmusiker und mit durchaus gutem Geh\u00f6r ausgestattet &#8211; vorgespielt. Sein Statement war &#8222;beeindruckendes Volumen und Klarheit&#8220; der LS.<\/span><\/em><\/h5>\n<h5 style=\"text-align: justify;\"><em><span style=\"color: #ff6600;\">Also kurzum &#8211; gro\u00dfes Lob und noch mehr Respekt an Alex. Das ist wirklich eine tolle Entwicklung\u00a0 <\/span><\/em><br \/>\n<em><span style=\"color: #ff6600;\">Und cool dass ihr DAU&#8217;ler das alles so idealistisch zur Verf\u00fcgung stellt!! <\/span><\/em><\/h5>\n<h5 style=\"text-align: justify;\"><em><span style=\"color: #ff6600;\">Wenn ich denke, was ich um die Kohle im Handel bekommen h\u00e4tte&#8230; ein guter Deal!<\/span><\/em><\/h5>\n<h5 style=\"text-align: justify;\"><em><span style=\"color: #ff6600;\">Danke auch an alle die meine Fragen beantwortet haben und Tipps bez\u00fcglich Bau und Design gegeben haben! Und an den Multifruchtcrosser Toby daf\u00fcr dass er mir den Ansto\u00df Richtung Selbstbau gegeben hat.<\/span><\/em><\/h5>\n<\/blockquote>\n<h5><\/h5>\n<p>&nbsp;<\/p>\n<p>&nbsp;<\/p>\n","protected":false},"excerpt":{"rendered":"<p>&nbsp; Nach dem Battle ist vor dem Battle. Dass das Motto f\u00fcr den bevorstehenden Battle aber so schnell fest stand, liegt in der Tatsache begr\u00fcndet, dass Nico Germanos von Quint Audio nicht nur freundlicher Gastgeber und Sponsor des diesj\u00e4hrigen April Battles war. Jedem Teilnehmer gab Nico obendrein noch ein Paar der vorz\u00fcglichen Peerless H26TG-35-06 Hocht\u00f6ner &hellip; <\/p>\n<p><a class=\"more-link btn\" href=\"https:\/\/www.donhighend.de\/?page_id=2123\">Weiterlesen<\/a><\/p>\n","protected":false},"author":1,"featured_media":3983,"parent":1709,"menu_order":986,"comment_status":"open","ping_status":"closed","template":"","meta":{"footnotes":""},"class_list":["post-2123","page","type-page","status-publish","has-post-thumbnail","hentry","nodate","item-wrap"],"_links":{"self":[{"href":"https:\/\/www.donhighend.de\/index.php?rest_route=\/wp\/v2\/pages\/2123","targetHints":{"allow":["GET"]}}],"collection":[{"href":"https:\/\/www.donhighend.de\/index.php?rest_route=\/wp\/v2\/pages"}],"about":[{"href":"https:\/\/www.donhighend.de\/index.php?rest_route=\/wp\/v2\/types\/page"}],"author":[{"embeddable":true,"href":"https:\/\/www.donhighend.de\/index.php?rest_route=\/wp\/v2\/users\/1"}],"replies":[{"embeddable":true,"href":"https:\/\/www.donhighend.de\/index.php?rest_route=%2Fwp%2Fv2%2Fcomments&post=2123"}],"version-history":[{"count":73,"href":"https:\/\/www.donhighend.de\/index.php?rest_route=\/wp\/v2\/pages\/2123\/revisions"}],"predecessor-version":[{"id":5927,"href":"https:\/\/www.donhighend.de\/index.php?rest_route=\/wp\/v2\/pages\/2123\/revisions\/5927"}],"up":[{"embeddable":true,"href":"https:\/\/www.donhighend.de\/index.php?rest_route=\/wp\/v2\/pages\/1709"}],"wp:featuredmedia":[{"embeddable":true,"href":"https:\/\/www.donhighend.de\/index.php?rest_route=\/wp\/v2\/media\/3983"}],"wp:attachment":[{"href":"https:\/\/www.donhighend.de\/index.php?rest_route=%2Fwp%2Fv2%2Fmedia&parent=2123"}],"curies":[{"name":"wp","href":"https:\/\/api.w.org\/{rel}","templated":true}]}}