{"id":1904,"date":"2014-08-25T11:28:20","date_gmt":"2014-08-25T10:28:20","guid":{"rendered":"http:\/\/www.donhighend.de\/?page_id=1904"},"modified":"2024-06-13T12:25:04","modified_gmt":"2024-06-13T11:25:04","slug":"duevel","status":"publish","type":"page","link":"https:\/\/www.donhighend.de\/?page_id=1904","title":{"rendered":"D\u00fcvel (Sieger Teufel Ultima 800 MK2 Contest)"},"content":{"rendered":"<p><a href=\"https:\/\/www.donhighend.de\/wp-content\/uploads\/2014\/08\/1.-Platz-Berlin.jpg\"><img loading=\"lazy\" decoding=\"async\" class=\"aligncenter size-full wp-image-1905\" src=\"https:\/\/www.donhighend.de\/wp-content\/uploads\/2014\/08\/1.-Platz-Berlin.jpg\" alt=\"1. Platz Berlin\" width=\"360\" height=\"640\" srcset=\"https:\/\/www.donhighend.de\/wp-content\/uploads\/2014\/08\/1.-Platz-Berlin.jpg 360w, https:\/\/www.donhighend.de\/wp-content\/uploads\/2014\/08\/1.-Platz-Berlin-168x300.jpg 168w\" sizes=\"auto, (max-width: 360px) 100vw, 360px\" \/><\/a><\/p>\n<p style=\"text-align: justify;\">\u00dcber 30 Jahre sind mittlerweile vergangen, seitdem Peter Tschimmel in Berlin Anfang der 80er Jahre mit seiner noch jungen Firma Lautsprecher-Teufel auf den Zug der gerade boomenden DIY-Lautsprecher Szene aufsprang. Er f\u00fchrte das kleine Unternehmen jahrelang erfolgreich, und die angebotenen Baus\u00e4tze erfreuten sich gro\u00dfer Beliebtheit bei den Nachbauern und Fachgazetten. Mittlerweile fertigt das Unternehmen, welches inzwischen schlicht &#8222;Teufel&#8220; heisst, keine Lautsprecherbaus\u00e4tze mehr. Es hat sich mittlerweile zu einer festen Gr\u00f6\u00dfe als Hersteller von Fertiglautsprechern entwickelt.<span style=\"color: #ffffff;\"><br \/>\n<\/span><\/p>\n<p style=\"text-align: justify;\">Anfang des Jahres trafen Sebastian Th\u00fcmmel, PR-Mann von Teufel und Klang+Ton Chefredakteur Holger Barske aufeinander und entsannen sich der Anf\u00e4nge von Teufel. Schnell war die Idee geboren, einen gemeinsamen DIY-Lautsprecher-Wettbewerb ins Leben zu rufen. Nicht weniger als 12 Personen erhielten von Teufel eine komplette Best\u00fcckung des Teufel Topmodells Ultima 800 MK2, um daraus ihre eigenen Lautsprecher entwickeln zu k\u00f6nnen. Meine Freude war riesengro\u00df, als ich erfuhr, zu den Auserw\u00e4hlten zu geh\u00f6ren.<span style=\"color: #ffffff;\"><br \/>\n<\/span><\/p>\n<p style=\"text-align: justify;\">Am 16.08.14 war es dann endlich soweit. Der gro\u00dfe Showdown mit Preisverleihung fand im brandneuen <a href=\"http:\/\/www.teufel.de\/teufel-raumfeld-flagshipstore.html\" target=\"_blank\" rel=\"noopener noreferrer\">Teufel Raumfeld Flagshipstore<\/a> statt. Meine &#8222;D\u00fcvel&#8220; haben es geschafft, das restliche Teilnehmerfeld in der Kategorie &#8222;Bester Klang&#8220; auf die Pl\u00e4tze zu verweisen.<\/p>\n<p style=\"text-align: justify;\">Leider war der Zeitrahmen zwischen Anlieferung des Materials und des letztlichen Abholtermins, zus\u00e4tzlich bedingt durch die Tatsache, dass ich mich innerhalb dieser Zeit noch auf einer 3 1\/2 w\u00f6chigen Urlaubsreise befand, \u00e4usserst kurz. Ich habe in der knapp bemessenen Zeit noch eine \u00c4nderung im Konzept vorgenommen, und die Lautsprecher sind &#8222;auf den allerletzten Dr\u00fccker&#8220; am Vorband des Abholtermins fertig geworden. Messungen aus der Entwicklungsphase habe ich aus Zeitmangel leider nicht abgespeichert. Der Patient wurde so lange am offenen Herzen operiert, bis das Ergebnis meinen Vorstellungen entsprach. So kann ich hier leider nur die finale Simulation ver\u00f6ffentlichen, auf deren Basis die Weiche aufgebaut wurde.<\/p>\n<p><img loading=\"lazy\" decoding=\"async\" class=\"aligncenter size-full wp-image-6353\" src=\"https:\/\/www.donhighend.de\/wp-content\/uploads\/2019\/08\/Simu-final.jpg\" alt=\"\" width=\"822\" height=\"555\" srcset=\"https:\/\/www.donhighend.de\/wp-content\/uploads\/2019\/08\/Simu-final.jpg 822w, https:\/\/www.donhighend.de\/wp-content\/uploads\/2019\/08\/Simu-final-300x203.jpg 300w, https:\/\/www.donhighend.de\/wp-content\/uploads\/2019\/08\/Simu-final-768x519.jpg 768w, https:\/\/www.donhighend.de\/wp-content\/uploads\/2019\/08\/Simu-final-750x506.jpg 750w\" sizes=\"auto, (max-width: 822px) 100vw, 822px\" \/><\/p>\n<p style=\"text-align: center;\">D\u00fcvel finale Simulation<\/p>\n<p>&nbsp;<\/p>\n<p style=\"text-align: justify;\">Die originale Ultima 800 MK2 ist mit insgesamt 6 Tieft\u00f6nern ausgestattet. Pro Box versteht sich. Davon werden jedoch nur 2 Chassis elektrisch betrieben. Die \u00fcbrigen 4 vollwertigen Tieft\u00f6ner fungieren als Passivmembranen, deren Parameter mittels geschickt zwischen den Schwingspulen verschalteter Widerst\u00e4nde einstellbar sind. So kann die Ultima 800 MK2 in Ma\u00dfen an den jeweiligen H\u00f6rraum angepasst werden.<span style=\"color: #ffffff;\">fff<\/span><\/p>\n<p style=\"text-align: center;\"><img loading=\"lazy\" decoding=\"async\" class=\"aligncenter size-full wp-image-6350\" src=\"https:\/\/www.donhighend.de\/wp-content\/uploads\/2019\/08\/Tieft\u00f6ner.jpg\" alt=\"\" width=\"500\" height=\"530\" srcset=\"https:\/\/www.donhighend.de\/wp-content\/uploads\/2019\/08\/Tieft\u00f6ner.jpg 500w, https:\/\/www.donhighend.de\/wp-content\/uploads\/2019\/08\/Tieft\u00f6ner-283x300.jpg 283w\" sizes=\"auto, (max-width: 500px) 100vw, 500px\" \/>Ultima 800 MK2 Tieft\u00f6ner<\/p>\n<p><span style=\"color: #ffffff;\">fff<\/span><\/p>\n<p style=\"text-align: justify;\">Da es sich bei den elektrisch betriebenen und den passiven B\u00e4ssen um unterschiedliche Chassis handelt, konnte die eigene Entwicklung von einer freien Auswahl profitieren, wenn nicht, wie im Original, alle Chassis eingesetzt werden sollten.<\/p>\n<p style=\"text-align: justify;\">Zun\u00e4chst ermittelte ich die TSP der beiden Varianten.<\/p>\n<p style=\"text-align: center;\"><img loading=\"lazy\" decoding=\"async\" class=\"aligncenter size-full wp-image-1914\" src=\"https:\/\/www.donhighend.de\/wp-content\/uploads\/2014\/08\/TSP.jpg\" alt=\"\" width=\"593\" height=\"381\" srcset=\"https:\/\/www.donhighend.de\/wp-content\/uploads\/2014\/08\/TSP.jpg 593w, https:\/\/www.donhighend.de\/wp-content\/uploads\/2014\/08\/TSP-300x192.jpg 300w\" sizes=\"auto, (max-width: 593px) 100vw, 593px\" \/>TSP Vergleich &#8222;Einzelk\u00e4mpfer&#8220; und &#8222;Doppelherzen&#8220;<\/p>\n<p>&nbsp;<\/p>\n<p style=\"text-align: justify;\">Die in der Ultima elektrisch betriebenen Chassis habe ich\u00a0 &#8222;Einzelk\u00e4mpfer&#8220; genannt, die passiven\u00a0 &#8222;Doppelherzen&#8220;, aufgrund der Tatsache, dass sie mit einem Doppelmagneten ausgestattet sind. Optisch hingegen sind alle Chassis identisch.<\/p>\n<p style=\"text-align: justify;\">Der TSP-Satz der &#8222;Doppelherzen&#8220; veranlasste mich zun\u00e4chst drei dieser Chassis in ein gemeinsames, hochpassgefiltertes Geh\u00e4use einzubauen.<span style=\"color: #ffffff;\">fff<\/span><\/p>\n<p style=\"text-align: center;\"><a href=\"https:\/\/www.donhighend.de\/wp-content\/uploads\/2014\/08\/D\u00fcvel-3-DH.jpg\"><img loading=\"lazy\" decoding=\"async\" class=\"aligncenter size-full wp-image-1920\" src=\"https:\/\/www.donhighend.de\/wp-content\/uploads\/2014\/08\/D\u00fcvel-3-DH.jpg\" alt=\"D\u00fcvel 3 DH\" width=\"562\" height=\"1000\" srcset=\"https:\/\/www.donhighend.de\/wp-content\/uploads\/2014\/08\/D\u00fcvel-3-DH.jpg 562w, https:\/\/www.donhighend.de\/wp-content\/uploads\/2014\/08\/D\u00fcvel-3-DH-168x300.jpg 168w\" sizes=\"auto, (max-width: 562px) 100vw, 562px\" \/><\/a>Erster Aufbau mit 3 &#8222;Doppelherzen&#8220;<\/p>\n<p><span style=\"color: #ffffff;\">fff<\/span><\/p>\n<p style=\"text-align: justify;\">Ungeachtet der Tatsache, dass die zugeh\u00f6rige Simulation Gutes erwarten liess, entpuppte sich dieser Weg als Sackgasse. Bedingt durch die hohe Schwingspuleninduktivit\u00e4t der Chassis von etwa 3,6 mH fiel der Frequenzgang bereits oberhalb von etwa 150-200 Hz ab, so dass eine sinnvolle Ankopplung an den Mittelt\u00f6ner nicht m\u00f6glich war. Selbst der in diesem Bereich einsetzende Baffle Step konnte diesen Umstand nicht hinreichend mildern. Es ging also kein Weg an einer vollkommenen Neukonstruktion vorbei. Dumm nur, dass bereits aufwendig konstruierte Geh\u00e4use mit \u00d6ffnungen f\u00fcr 3 Tieftonchassis, sowie einem auf die stehende L\u00e4ngswelle abgestimmten IHA vorhanden waren.<span style=\"color: #ffffff;\">fff<\/span><\/p>\n<p style=\"text-align: justify;\">Warum also nicht erst mal den einfachsten Weg w\u00e4hlen und in einer Simulation ermitteln, wie sich zwei &#8222;Einzelk\u00e4mpfer&#8220; in den hochpassgefilterten 33 Litern verhalten, in denen die &#8222;Doppelherzen&#8220; partout nicht spielen wollten?<\/p>\n<p style=\"text-align: justify;\">Das Ergebnis hat mich \u00fcberrascht und entspricht genau dem, wie ich mir eine Tieftonabstimmung f\u00fcr die meisten Wohnr\u00e4ume vorstelle.<span style=\"color: #ffffff;\">fff<\/span><\/p>\n<p style=\"text-align: center;\"><a href=\"https:\/\/www.donhighend.de\/wp-content\/uploads\/2014\/08\/2-Einzelk\u00e4mpfer-in-33-Litern-GHP.jpg\"><img loading=\"lazy\" decoding=\"async\" class=\"aligncenter size-full wp-image-1923\" src=\"https:\/\/www.donhighend.de\/wp-content\/uploads\/2014\/08\/2-Einzelk\u00e4mpfer-in-33-Litern-GHP.jpg\" alt=\"2 Einzelk\u00e4mpfer in 33 Litern GHP\" width=\"402\" height=\"233\" srcset=\"https:\/\/www.donhighend.de\/wp-content\/uploads\/2014\/08\/2-Einzelk\u00e4mpfer-in-33-Litern-GHP.jpg 402w, https:\/\/www.donhighend.de\/wp-content\/uploads\/2014\/08\/2-Einzelk\u00e4mpfer-in-33-Litern-GHP-300x173.jpg 300w\" sizes=\"auto, (max-width: 402px) 100vw, 402px\" \/><\/a>Simulation 2 &#8222;Einzelk\u00e4mpfer&#8220; in 33 Litern GHP<\/p>\n<p><span style=\"color: #ffffff;\">fff<\/span><\/p>\n<p style=\"text-align: justify;\">Tief genug, um eine authentische Wiedergabe zu gew\u00e4hrleisten und nach unten etwas abfallend, um dem unvermeidbaren Room-Gain entgegenzuwirken, den \u00fcblich ausgestattete Wohnr\u00e4ume mit sich bringen. Der Baffle-Step wird das Ganze noch positiv beeinflussen.<\/p>\n<p style=\"text-align: justify;\">Der n\u00e4chste Arbeitsschritt f\u00fchrte mich sodann in meine Werkstatt, wo die Geh\u00e4use kurzerhand mittels eines eigens daf\u00fcr gefr\u00e4sten Einsatzes an die neuen Bedingungen angepasst wurden.<\/p>\n<p><span style=\"color: #ffffff;\">fff<\/span><\/p>\n<p><a href=\"https:\/\/www.donhighend.de\/wp-content\/uploads\/2014\/08\/Deckel-Front.jpg\"><img loading=\"lazy\" decoding=\"async\" class=\"aligncenter size-full wp-image-1925\" src=\"https:\/\/www.donhighend.de\/wp-content\/uploads\/2014\/08\/Deckel-Front.jpg\" alt=\"Deckel Front\" width=\"1000\" height=\"563\" srcset=\"https:\/\/www.donhighend.de\/wp-content\/uploads\/2014\/08\/Deckel-Front.jpg 1000w, https:\/\/www.donhighend.de\/wp-content\/uploads\/2014\/08\/Deckel-Front-300x168.jpg 300w\" sizes=\"auto, (max-width: 1000px) 100vw, 1000px\" \/><\/a><span style=\"color: #ffffff;\">fff<\/span><\/p>\n<p><a href=\"https:\/\/www.donhighend.de\/wp-content\/uploads\/2014\/08\/Deckel-r\u00fcck.jpg\"><img loading=\"lazy\" decoding=\"async\" class=\"aligncenter size-full wp-image-1926\" src=\"https:\/\/www.donhighend.de\/wp-content\/uploads\/2014\/08\/Deckel-r\u00fcck.jpg\" alt=\"Deckel r\u00fcck\" width=\"1000\" height=\"563\" srcset=\"https:\/\/www.donhighend.de\/wp-content\/uploads\/2014\/08\/Deckel-r\u00fcck.jpg 1000w, https:\/\/www.donhighend.de\/wp-content\/uploads\/2014\/08\/Deckel-r\u00fcck-300x168.jpg 300w\" sizes=\"auto, (max-width: 1000px) 100vw, 1000px\" \/><\/a><span style=\"color: #ffffff;\">fff<\/span><\/p>\n<p style=\"text-align: center;\"><a href=\"https:\/\/www.donhighend.de\/wp-content\/uploads\/2014\/08\/Deckel-eingeleimt.jpg\"><img loading=\"lazy\" decoding=\"async\" class=\"aligncenter size-full wp-image-1927\" src=\"https:\/\/www.donhighend.de\/wp-content\/uploads\/2014\/08\/Deckel-eingeleimt.jpg\" alt=\"Deckel eingeleimt\" width=\"1000\" height=\"563\" srcset=\"https:\/\/www.donhighend.de\/wp-content\/uploads\/2014\/08\/Deckel-eingeleimt.jpg 1000w, https:\/\/www.donhighend.de\/wp-content\/uploads\/2014\/08\/Deckel-eingeleimt-300x168.jpg 300w\" sizes=\"auto, (max-width: 1000px) 100vw, 1000px\" \/><\/a>Umbau auf 2 Tieft\u00f6ner mittels gefr\u00e4ster Deckelplatte<\/p>\n<p>&nbsp;<\/p>\n<p style=\"text-align: justify;\">Diese Umbauma\u00dfnahme erwies sich als goldrichtig. Die Basswiedergabe war nun klar, trocken, wohldosiert und fernab jeglichen Bollerns.<\/p>\n<p style=\"text-align: justify;\">Die Chassis arbeiten brav und vollkommen unkompliziert bis 500 Hz, wo sie die Arbeit an den 4 Zoll Mittelt\u00f6ner mit Metallmembran und Neodymantrieb abgeben.<\/p>\n<p style=\"text-align: center;\"><img loading=\"lazy\" decoding=\"async\" class=\"aligncenter size-full wp-image-6355\" src=\"https:\/\/www.donhighend.de\/wp-content\/uploads\/2019\/08\/MIttelt\u00f6ner-HP.jpg\" alt=\"\" width=\"528\" height=\"526\" srcset=\"https:\/\/www.donhighend.de\/wp-content\/uploads\/2019\/08\/MIttelt\u00f6ner-HP.jpg 528w, https:\/\/www.donhighend.de\/wp-content\/uploads\/2019\/08\/MIttelt\u00f6ner-HP-150x150.jpg 150w, https:\/\/www.donhighend.de\/wp-content\/uploads\/2019\/08\/MIttelt\u00f6ner-HP-300x300.jpg 300w\" sizes=\"auto, (max-width: 528px) 100vw, 528px\" \/>Ultima 800 MK2 Mittelt\u00f6ner<\/p>\n<p>&nbsp;<\/p>\n<p style=\"text-align: justify;\">\u00dcber diesen Mittelt\u00f6ner gibt es nicht sehr viel Aussergew\u00f6hnliches zu schreiben. Seine Resonanzfrequenz liegt um 80 Hz, die Wiedergabekurve im Nutzbereich ist unspektakul\u00e4r, und weiter oben gibts ein paar Resonanzen, die eine tiefe Trennung sinnvoll erscheinen lassen. Alles in Allem ein ordentlich gemachter 4 Zoll Hartmembranmittelt\u00f6ner.<\/p>\n<p style=\"text-align: justify;\">Der eingestzte Hocht\u00f6ner ist ein alter Bekannter. Es handelt sich um eine der in zahlreichen Ausf\u00fchrungen gefertigten 30 Millimeter Kalotten aus dem Hause Wavecor. Schenkt man der Typenbezeichnung Glauben, handelt es sich um ein OEM-Modell.<\/p>\n<p><span style=\"color: #ffffff;\">fff<\/span><\/p>\n<p style=\"text-align: center;\"><a href=\"https:\/\/www.donhighend.de\/wp-content\/uploads\/2014\/08\/Hocht\u00f6ner.jpg\"><img loading=\"lazy\" decoding=\"async\" class=\"aligncenter size-full wp-image-1931\" src=\"https:\/\/www.donhighend.de\/wp-content\/uploads\/2014\/08\/Hocht\u00f6ner.jpg\" alt=\"Hocht\u00f6ner\" width=\"359\" height=\"365\" srcset=\"https:\/\/www.donhighend.de\/wp-content\/uploads\/2014\/08\/Hocht\u00f6ner.jpg 359w, https:\/\/www.donhighend.de\/wp-content\/uploads\/2014\/08\/Hocht\u00f6ner-295x300.jpg 295w\" sizes=\"auto, (max-width: 359px) 100vw, 359px\" \/><\/a>Ultima 800 MK2 Hocht\u00f6ner<\/p>\n<p>&nbsp;<\/p>\n<p style=\"text-align: justify;\">Ich entschied mich, wegen der schon erw\u00e4hnten Resonanzen des Mittelt\u00f6ners, eine Trennfrequenz bei 2 kHz anzustreben, was sich in der Praxis auch problemlos bewerkstelligen liess.<\/p>\n<p style=\"text-align: justify;\">Obwohl sich dieser Lautsprecher mangels verf\u00fcgbarer Chassis nicht nachbauen l\u00e4sst, ver\u00f6ffentliche ich gerne die Frequenzweichenschaltung, deren Bauteileaufwand angesichts einer 3-Wege Konstruktion als noch moderat bezeichnet werden darf.<\/p>\n<p><span style=\"color: #ffffff;\">fff<\/span><\/p>\n<p style=\"text-align: center;\"><a href=\"https:\/\/www.donhighend.de\/wp-content\/uploads\/2014\/08\/Weiche-final.jpg\"><img loading=\"lazy\" decoding=\"async\" class=\"aligncenter size-full wp-image-1932\" src=\"https:\/\/www.donhighend.de\/wp-content\/uploads\/2014\/08\/Weiche-final.jpg\" alt=\"Weiche final\" width=\"509\" height=\"424\" srcset=\"https:\/\/www.donhighend.de\/wp-content\/uploads\/2014\/08\/Weiche-final.jpg 509w, https:\/\/www.donhighend.de\/wp-content\/uploads\/2014\/08\/Weiche-final-300x249.jpg 300w\" sizes=\"auto, (max-width: 509px) 100vw, 509px\" \/> <\/a>D\u00fcvel Weichenplan<\/p>\n<p>&nbsp;<\/p>\n<p style=\"text-align: center;\"><a href=\"https:\/\/www.donhighend.de\/wp-content\/uploads\/2014\/08\/Weichen.jpg\"><img loading=\"lazy\" decoding=\"async\" class=\"aligncenter size-full wp-image-1933\" src=\"https:\/\/www.donhighend.de\/wp-content\/uploads\/2014\/08\/Weichen.jpg\" alt=\"OLYMPUS DIGITAL CAMERA\" width=\"1000\" height=\"750\" srcset=\"https:\/\/www.donhighend.de\/wp-content\/uploads\/2014\/08\/Weichen.jpg 1000w, https:\/\/www.donhighend.de\/wp-content\/uploads\/2014\/08\/Weichen-300x225.jpg 300w\" sizes=\"auto, (max-width: 1000px) 100vw, 1000px\" \/><\/a>D\u00fcvel Frequenzweichen<\/p>\n<p>&nbsp;<\/p>\n<p style=\"text-align: justify;\">\u00dcber den Klangvergleich zwischen der originalen Ultima 800 MK2 und den Lautsprechern der Teilnehmer gab es von offizieller Seite leider keine Informationen. Allerdings war die Box eines Teilnehmers, bis auf die Passivmembranen und die Neigung der Front im Bereich der Mittel- und Hocht\u00f6ner, identisch mit der originalen Ultima 800 MK2. Sogar die mitgelieferte Originalfrequenzweiche fand Verwendung. Diese Lautsprecher konnten keinen der ersten drei Pl\u00e4tze in der Kategorie &#8222;Bester Klang&#8220; f\u00fcr sich verbuchen&#8230; \ud83d\ude09<\/p>\n<p style=\"text-align: justify;\">An dieser Stelle bedanke ich mich noch einmal recht herzlich bei Teufel und der Klang+Ton, dass ich zu den 12 Auserw\u00e4hlten geh\u00f6rte, die an diesem spannenden Projekt teilnehmen durften .<\/p>\n<p style=\"text-align: justify;\">Jederzeit gerne wieder&#8230;<\/p>\n<p>&nbsp;<\/p>\n<p>Ein kleiner H\u00f6reindruck von Black-Devil aus dem HiFi-Forum<\/p>\n<blockquote>\n<h5 style=\"text-align: justify;\"><em><span style=\"color: #ff6600;\">Der Klangsieger aus dem Teufel-Wettbewerb war nat\u00fcrlich wieder ein deutlich ernster zu nehmender Kandidat. Das geschlossene Geh\u00e4use funktionierte wunderbar im Raum. Auch extrem tiefe T\u00f6ne waren noch deutlich h\u00f6rbar. Dank Mittelt\u00f6ner waren Stimmen sehr sch\u00f6n herausgearbeitet und etwas losgel\u00f6ster als bei den 2-Wegern vorher. Die recht gro\u00dfe HT-Kalotte machte ihre Sache ebenfalls sehr gut, wobei ich die Zusammenstellung von Seiten Teufel eher ungl\u00fccklich finde. Mit einer kleinen 19er Kalotte h\u00e4tte das imho noch besser funktioniert &#8211; aber daf\u00fcr kann Alex nat\u00fcrlich nichts.<\/span><\/em><\/h5>\n<\/blockquote>\n","protected":false},"excerpt":{"rendered":"<p>\u00dcber 30 Jahre sind mittlerweile vergangen, seitdem Peter Tschimmel in Berlin Anfang der 80er Jahre mit seiner noch jungen Firma Lautsprecher-Teufel auf den Zug der gerade boomenden DIY-Lautsprecher Szene aufsprang. Er f\u00fchrte das kleine Unternehmen jahrelang erfolgreich, und die angebotenen Baus\u00e4tze erfreuten sich gro\u00dfer Beliebtheit bei den Nachbauern und Fachgazetten. Mittlerweile fertigt das Unternehmen, welches &hellip; <\/p>\n<p><a class=\"more-link btn\" href=\"https:\/\/www.donhighend.de\/?page_id=1904\">Weiterlesen<\/a><\/p>\n","protected":false},"author":1,"featured_media":1905,"parent":1709,"menu_order":988,"comment_status":"open","ping_status":"closed","template":"","meta":{"footnotes":""},"class_list":["post-1904","page","type-page","status-publish","has-post-thumbnail","hentry","nodate","item-wrap"],"_links":{"self":[{"href":"https:\/\/www.donhighend.de\/index.php?rest_route=\/wp\/v2\/pages\/1904","targetHints":{"allow":["GET"]}}],"collection":[{"href":"https:\/\/www.donhighend.de\/index.php?rest_route=\/wp\/v2\/pages"}],"about":[{"href":"https:\/\/www.donhighend.de\/index.php?rest_route=\/wp\/v2\/types\/page"}],"author":[{"embeddable":true,"href":"https:\/\/www.donhighend.de\/index.php?rest_route=\/wp\/v2\/users\/1"}],"replies":[{"embeddable":true,"href":"https:\/\/www.donhighend.de\/index.php?rest_route=%2Fwp%2Fv2%2Fcomments&post=1904"}],"version-history":[{"count":71,"href":"https:\/\/www.donhighend.de\/index.php?rest_route=\/wp\/v2\/pages\/1904\/revisions"}],"predecessor-version":[{"id":8166,"href":"https:\/\/www.donhighend.de\/index.php?rest_route=\/wp\/v2\/pages\/1904\/revisions\/8166"}],"up":[{"embeddable":true,"href":"https:\/\/www.donhighend.de\/index.php?rest_route=\/wp\/v2\/pages\/1709"}],"wp:featuredmedia":[{"embeddable":true,"href":"https:\/\/www.donhighend.de\/index.php?rest_route=\/wp\/v2\/media\/1905"}],"wp:attachment":[{"href":"https:\/\/www.donhighend.de\/index.php?rest_route=%2Fwp%2Fv2%2Fmedia&parent=1904"}],"curies":[{"name":"wp","href":"https:\/\/api.w.org\/{rel}","templated":true}]}}