{"id":1890,"date":"2014-07-22T12:40:42","date_gmt":"2014-07-22T11:40:42","guid":{"rendered":"http:\/\/www.donhighend.de\/?page_id=1890"},"modified":"2019-08-20T12:56:23","modified_gmt":"2019-08-20T11:56:23","slug":"against-all-odds","status":"publish","type":"page","link":"https:\/\/www.donhighend.de\/?page_id=1890","title":{"rendered":"Against all Odds (Sieger DIY-Lautsprecher-Contest 2014)"},"content":{"rendered":"<p><span style=\"color: #ffffff;\">\u00a0<\/span><\/p>\n<p style=\"text-align: justify;\"><img loading=\"lazy\" decoding=\"async\" class=\"aligncenter size-full wp-image-3597\" src=\"https:\/\/www.donhighend.de\/wp-content\/uploads\/2014\/07\/AaO.jpg\" alt=\"AaO\" width=\"380\" height=\"640\" srcset=\"https:\/\/www.donhighend.de\/wp-content\/uploads\/2014\/07\/AaO.jpg 380w, https:\/\/www.donhighend.de\/wp-content\/uploads\/2014\/07\/AaO-178x300.jpg 178w\" sizes=\"auto, (max-width: 380px) 100vw, 380px\" \/><\/p>\n<p style=\"text-align: justify;\">Einem gefl\u00fcgelten Wort zufolge war fr\u00fcher alles besser. Das gilt auch f\u00fcr den DIY-Lautsprecher-Contest 2014, f\u00fcr den erstmalig neue Regeln gelten. Werden doch in diesem Jahr passive und aktive Systeme mit DSP und Raumkorrektur in einen gro\u00dfen Topf geworfen. Eine, nicht nur meiner Meinung nach, \u00e4usserst ungl\u00fcckliche Entscheidung, die wohl nur die Aktivisten freut. Eine mit wenigen Mausklicks optimierte Aktivbox, f\u00fcr die keine wirklich nennenswerte Erfahrung in der Lautsprecherentwicklung vonn\u00f6ten ist, ist ebenso langweilig wie sie schnell aufgebaut ist.<\/p>\n<p style=\"text-align: justify;\">Dennoch wagen Mitentwickler Gazza und ich uns in die H\u00f6hle des L\u00f6wen und stellen uns der Herausforderung. Oder gerade deshalb. M\u00f6gen die Chancen noch so klein sein. Unser Beitrag f\u00fcr den Contest heisst deswegen &#8222;Against all Odds&#8220;, ein passiver 2-Wege Lautsprecher im beliebten Format 17\/25 mit hochwertiger Chassisauswahl.<\/p>\n<p style=\"text-align: justify;\">Unsere Idee war, mit hochwertigen und leicht zu beschaltenden Chassis eine schn\u00f6rkellose Standbox zu realisieren, die sich in der Lage sieht, notwendiges Bassfundament fulminant in den Raum zu transportieren und gleichzeitig mit einem fein aufl\u00f6senden und wohldosierten Hochtonbereich zu \u00fcberzeugen wei\u00df.<\/p>\n<p style=\"text-align: justify;\">Der Hocht\u00f6ner war schnell gefunden. Gazza interessierte sich brennend f\u00fcr eine recht neu am Markt vertretene Hochtonkalotte, die mir zuf\u00e4llig einige Tage zuvor w\u00e4hrend einer Klang + Ton H\u00f6rsession positiv aufgefallen war. Die Rede ist von der neuen Monacor DT-350NF.<\/p>\n<p style=\"text-align: justify;\"><span style=\"color: #ff0000;\">Leider ist die DT-350NF inzwischen durch die DT-352NF abgel\u00f6st worden. Diese ist akustisch nicht identisch mit der in der Against all Odds verbauten DT-350NF. Messungen an einem mit der DT-352NF aufgebauten Lautsprecherpaar haben gezeigt, dass eine \u00c4nderung der Frequenzweiche unumg\u00e4nglich ist.<\/span><\/p>\n<p style=\"text-align: justify;\"><span style=\"color: #ffffff;\">fff<\/span><\/p>\n<p style=\"text-align: center;\"><img loading=\"lazy\" decoding=\"async\" class=\"aligncenter size-full wp-image-3599\" src=\"https:\/\/www.donhighend.de\/wp-content\/uploads\/2014\/07\/DT-350NF-klein.jpg\" alt=\"DT-350NF klein\" width=\"450\" height=\"450\" srcset=\"https:\/\/www.donhighend.de\/wp-content\/uploads\/2014\/07\/DT-350NF-klein.jpg 450w, https:\/\/www.donhighend.de\/wp-content\/uploads\/2014\/07\/DT-350NF-klein-150x150.jpg 150w, https:\/\/www.donhighend.de\/wp-content\/uploads\/2014\/07\/DT-350NF-klein-300x300.jpg 300w\" sizes=\"auto, (max-width: 450px) 100vw, 450px\" \/><\/p>\n<p>&nbsp;<\/p>\n<p style=\"text-align: justify;\">Diese Kalotte, die in enger Zusammenarbeit zwischen Monacor Entwickler Frank Kuhl und LPG Entwicklungsleiter Philip Vavron entstand, darf als der legitime High-End Nachfolger der sehr gut beleumdetem und inzwischen zu den Akten gelegten Monacor DT-25TI gelten. Hatte diese noch einen Neodym-Antrieb und eine Frontplatte aus simplem Plastik, kommt die DT-350NF mit einem gewichtigen Ferritmagneten und eine hochwertigen Metallfrontplatte daher. Die 25 Millimeter Titankalotte wird, wie auch beim Vorg\u00e4nger, von einem Lochgitter gesch\u00fctzt, welches auf seiner R\u00fcckseite einen kleinen Diffusor in Form einer transparenten Plastikfolie tr\u00e4gt. Die niedrige Resonanzfrequenz und die hervorragenden Klirrwerte pr\u00e4destinieren den Hocht\u00f6ner f\u00fcr einen Einsatz ab unter 2 kHz.<\/p>\n<p style=\"text-align: justify;\">Nun fehlte nur noch der Tieftonpartner. Wie oben bereits erw\u00e4hnt, sollte der Kandidat leicht zu beschalten und in der Lage sein, tiefe T\u00f6ne glaubhaft darzustellen. Chassistests in den g\u00e4ngigen Gazetten liessen uns recht schnell ins Land der vielen Fahrr\u00e4der blicken. Die Jungs vom chinesischen Hersteller Wavecor stellen mit der Reihe WF182BD.. eine Serie an Tiefmittelt\u00f6nern her, die hervorragendes zu leisten vermag. Wir entschieden uns nach einigen \u00dcberlegungen f\u00fcr das Modell WF182BD10, welches unsere Anforderungen perfekt erf\u00fcllt. Mit seiner tiefen Resonanzfrequenz, einem moderaten VAS-Wert und einem Qts von ca. 0,4 spielt es perfekt in einer TQWT.<\/p>\n<p style=\"text-align: justify;\"><span style=\"color: #ffffff;\">fff<\/span><\/p>\n<p><a href=\"https:\/\/www.donhighend.de\/wp-content\/uploads\/2014\/07\/WF182BD10.jpg\"><img loading=\"lazy\" decoding=\"async\" class=\"aligncenter size-full wp-image-1975\" src=\"https:\/\/www.donhighend.de\/wp-content\/uploads\/2014\/07\/WF182BD10.jpg\" alt=\"WF182BD10\" width=\"640\" height=\"640\" srcset=\"https:\/\/www.donhighend.de\/wp-content\/uploads\/2014\/07\/WF182BD10.jpg 640w, https:\/\/www.donhighend.de\/wp-content\/uploads\/2014\/07\/WF182BD10-150x150.jpg 150w, https:\/\/www.donhighend.de\/wp-content\/uploads\/2014\/07\/WF182BD10-300x300.jpg 300w\" sizes=\"auto, (max-width: 640px) 100vw, 640px\" \/><\/a><span style=\"color: #ffffff;\">fff<\/span><\/p>\n<p>TSP des WF182BD10<\/p>\n<ul>\n<li>FS: 29 Hz<\/li>\n<li>VAS: 30 Liter<\/li>\n<li>Qms: 9,6<\/li>\n<li>Qes: 0,41<\/li>\n<li>Qts: 0,39<\/li>\n<li>Re: 6,3 Ohm<\/li>\n<li>Cms 1,16 mm\/N<\/li>\n<li>Rms: 0,45 Ns\/m<\/li>\n<li>B\/L: 8,3 N\/A<\/li>\n<\/ul>\n<p><span style=\"color: #ffffff;\">fff<\/span><\/p>\n<p style=\"text-align: justify;\">Die zuverl\u00e4ssige Simulation mittels des MJK-Sheets verspricht f\u00fcr das Chassis in einer 170 cm langen TQWT folgenden Frequenzverlauf<\/p>\n<p style=\"text-align: justify;\"><span style=\"color: #ffffff;\">fff<\/span><\/p>\n<p><a href=\"https:\/\/www.donhighend.de\/wp-content\/uploads\/2014\/07\/King-Simu-f\u00fcr-HP.jpg\"><img loading=\"lazy\" decoding=\"async\" class=\"aligncenter size-full wp-image-1984\" src=\"https:\/\/www.donhighend.de\/wp-content\/uploads\/2014\/07\/King-Simu-f\u00fcr-HP.jpg\" alt=\"King Simu f\u00fcr HP\" width=\"600\" height=\"426\" srcset=\"https:\/\/www.donhighend.de\/wp-content\/uploads\/2014\/07\/King-Simu-f\u00fcr-HP.jpg 600w, https:\/\/www.donhighend.de\/wp-content\/uploads\/2014\/07\/King-Simu-f\u00fcr-HP-300x213.jpg 300w\" sizes=\"auto, (max-width: 600px) 100vw, 600px\" \/><\/a><span style=\"color: #ffffff;\">fff<\/span><\/p>\n<p style=\"text-align: justify;\">Es liegt die Verwendung eines 5 cm durchmessenden Ports nahe, welcher daf\u00fcr sorgt, dass sich die unvermeidbaren Portresonanzen mehr als 20 dB unterhalb des Nutzpegels ansiedeln. Besser geht es wohl kaum.<\/p>\n<p style=\"text-align: justify;\">Die Weichenschaltung offenbart, dass kein allzu gro\u00dfer Bauteileaufwand vonn\u00f6ten ist. Der WF182DB10 ist impedanzentzerrt und mit einem Tiefpass zweiter Ordnung beschaltet. Die kleine 0,08mH Spule in Reihe zum Parallelkondensator des Tiefpasses bes\u00e4nftigt eine Restresonanz der Membran, der Saugkreis verringert den unvermeidlichen Bafflestep und Artefakte einer Sickenresonanz im Bereich von 1 kHz.\u00a0 Die DT-350NF wird ebenfalls mit einem 12 dB Filter beschaltet. Der 1,5 \u00b5F Kondensator \u00fcber dem Reihenwiderstand des Spannungsteilers verleiht der Kalotte etwas mehr Luft am Ende ihres Arbeitsbereiches.<\/p>\n<p>&nbsp;<\/p>\n<p><a href=\"https:\/\/www.donhighend.de\/wp-content\/uploads\/2014\/07\/Weiche-final.jpg\"><img loading=\"lazy\" decoding=\"async\" class=\"aligncenter size-full wp-image-2808\" src=\"https:\/\/www.donhighend.de\/wp-content\/uploads\/2014\/07\/Weiche-final.jpg\" alt=\"Weiche final\" width=\"539\" height=\"425\" srcset=\"https:\/\/www.donhighend.de\/wp-content\/uploads\/2014\/07\/Weiche-final.jpg 539w, https:\/\/www.donhighend.de\/wp-content\/uploads\/2014\/07\/Weiche-final-300x237.jpg 300w\" sizes=\"auto, (max-width: 539px) 100vw, 539px\" \/><\/a><\/p>\n<p><span style=\"color: #ffffff;\">fff<\/span><\/p>\n<h3><span style=\"color: #ff0000;\"><strong><a style=\"color: #ff0000;\" href=\"https:\/\/www.donhighend.de\/wp-content\/uploads\/2014\/07\/Warenkorb-AaO-bei-ehighend.de_.pdf\">Warenkorb f\u00fcr die Weichenteile der AaO bei ehighend.de<\/a><\/strong><br \/>\n<\/span><\/h3>\n<p>&nbsp;<\/p>\n<p style=\"text-align: justify;\">Die Beschaltung f\u00fchrt zu einem sehr ausgeglichenen Frequenzverlauf, wie die Messungen, auch unter Winkel, zeigen.<\/p>\n<p><span style=\"color: #ffffff;\">fff<\/span><\/p>\n<p><a href=\"https:\/\/www.donhighend.de\/wp-content\/uploads\/2014\/07\/AOO-0-30\u00b0.jpg\"><img loading=\"lazy\" decoding=\"async\" class=\"aligncenter size-large wp-image-1989\" src=\"https:\/\/www.donhighend.de\/wp-content\/uploads\/2014\/07\/AOO-0-30\u00b0-1024x543.jpg\" alt=\"AOO 0-30\u00b0\" width=\"1024\" height=\"543\" srcset=\"https:\/\/www.donhighend.de\/wp-content\/uploads\/2014\/07\/AOO-0-30\u00b0-1024x543.jpg 1024w, https:\/\/www.donhighend.de\/wp-content\/uploads\/2014\/07\/AOO-0-30\u00b0-300x159.jpg 300w, https:\/\/www.donhighend.de\/wp-content\/uploads\/2014\/07\/AOO-0-30\u00b0.jpg 1365w\" sizes=\"auto, (max-width: 1024px) 100vw, 1024px\" \/><\/a><span style=\"color: #ffffff;\">fff<\/span><\/p>\n<p>Auch der Impedanzverlauf ist mit seinem Minimum um etwa 5 Ohm vollkommen unproblematisch.<\/p>\n<p><span style=\"color: #ffffff;\">fff<\/span><\/p>\n<p><a href=\"https:\/\/www.donhighend.de\/wp-content\/uploads\/2014\/07\/AOO-Imp.jpg\"><img loading=\"lazy\" decoding=\"async\" class=\"aligncenter size-large wp-image-1990\" src=\"https:\/\/www.donhighend.de\/wp-content\/uploads\/2014\/07\/AOO-Imp-1024x545.jpg\" alt=\"AOO Imp\" width=\"1024\" height=\"545\" srcset=\"https:\/\/www.donhighend.de\/wp-content\/uploads\/2014\/07\/AOO-Imp-1024x545.jpg 1024w, https:\/\/www.donhighend.de\/wp-content\/uploads\/2014\/07\/AOO-Imp-300x159.jpg 300w, https:\/\/www.donhighend.de\/wp-content\/uploads\/2014\/07\/AOO-Imp.jpg 1365w\" sizes=\"auto, (max-width: 1024px) 100vw, 1024px\" \/><\/a><span style=\"color: #ffffff;\">fff<\/span><\/p>\n<p style=\"text-align: justify;\">Die &#8222;Against all Odds&#8220; klingt klingt im besten Sinne unspektakul\u00e4r. Sie produziert einen tiefen und sauberen Bass, so wie man es von TQWT gemeinhin kennt. Der Mittelhochton Bereich ist sehr durchzeichnend und frisch, jedoch niemals nervig. Die B\u00fchne ist glaubhaft und die Ortung einzelner Instrumente gelingt sehr realistisch.<\/p>\n<p style=\"text-align: justify;\"><span style=\"color: #ffffff;\">fff<\/span><\/p>\n<p style=\"text-align: justify;\"><a href=\"https:\/\/www.donhighend.de\/wp-content\/uploads\/2014\/07\/AOO-Bauplan1.jpg\"><img loading=\"lazy\" decoding=\"async\" class=\"aligncenter size-full wp-image-2004\" src=\"https:\/\/www.donhighend.de\/wp-content\/uploads\/2014\/07\/AOO-Bauplan1.jpg\" alt=\"AOO Bauplan\" width=\"1500\" height=\"900\" srcset=\"https:\/\/www.donhighend.de\/wp-content\/uploads\/2014\/07\/AOO-Bauplan1.jpg 1500w, https:\/\/www.donhighend.de\/wp-content\/uploads\/2014\/07\/AOO-Bauplan1-300x180.jpg 300w, https:\/\/www.donhighend.de\/wp-content\/uploads\/2014\/07\/AOO-Bauplan1-1024x614.jpg 1024w\" sizes=\"auto, (max-width: 1500px) 100vw, 1500px\" \/><\/a>Die Baupl\u00e4ne sind f\u00fcr private Nutzung freigegeben. Jegliche Form der gewerblichen Nutzung oder Verbreitung ohne vorherige Absprache ist untersagt und wird strafrechtlich verfolgt.<\/p>\n<p style=\"text-align: justify;\">Schauen wir mal, ob die &#8222;Against all Odds&#8220; auf dem Contest ihre Chance sieht&#8230;<\/p>\n<p style=\"text-align: justify;\">Nachtrag:<\/p>\n<p style=\"text-align: justify;\">Die &#8222;Against all Odds&#8220; wusste auf dem DIY-Lautsprecher-Contest 2014 zu gefallen und konnte die kritische Jury \u00fcberzeugen. Die Lautsprecher konnten die Boxen der Konkurrenz auf die Pl\u00e4tze verweisen und durften den Sieg nach Hause tragen&#8230;<\/p>\n<p style=\"text-align: justify;\"><span style=\"color: #ffffff;\">fff<\/span><\/p>\n<p style=\"text-align: justify;\">HiFi-Forum User &#8222;jumbo125&#8220; kommentiert die ersten Sekunden mit seinen AaO<\/p>\n<blockquote>\n<h4 style=\"text-align: justify;\"><span style=\"color: #ff6600;\">Ich konnte leider erst gestern gegen 22:00 alles installieren\/anschlie\u00dfen. Meine Nachbarn sind leider auch sehr streng, daher dachten wir uns(mein Bruder), wir schauen bei &#8222;The Walking Dead&#8220; weiter und testen die Boxen morgen mittels cooler Musik. Wir gingen davon aus das der Unterschied zu den logitech Boxen bei Serien,Filmen nicht sehr gravierend ist.<\/span><\/h4>\n<h4 style=\"text-align: justify;\"><span style=\"color: #ff6600;\">Mein voller Ernst, als das Intro der Serie begann, bekamen wir eine G\u00e4nsehaut so toll ist der Klang.<\/span><br \/>\n<span style=\"color: #ff6600;\">Ich kann es nicht beschreiben&#8230; so sauber, so rein, so&#8230; das passt einfach alles super zusammen.<\/span><\/h4>\n<\/blockquote>\n<p style=\"text-align: justify;\"><span style=\"color: #ffffff;\">fff<\/span><\/p>\n<p style=\"text-align: justify;\">HiFi-Forum User &#8222;Viper780&#8220; schrieb nach einem Vergleichsh\u00f6ren mit einer wesentlich teureren Box:<\/p>\n<blockquote>\n<h4 style=\"text-align: justify;\"><span style=\"color: #ff6600;\">Es war ein netter Abend und leider ist bei mir der Raum nicht optimal, der rechte LS steht ganz im Eck an der Wand w\u00e4hrend der linke sehr frei steht.<\/span><\/h4>\n<h4 style=\"text-align: justify;\"><span style=\"color: #ff6600;\">Meines erachtens stehen sich die zwei Lautsprecher in nichts nach. Die AaO kam mit den eingezw\u00e4ngten Verh\u00e4ltnissen eine Spur besser klar. Sie klang f\u00fcr mich &#8222;punchiger&#8220; (minimal mehr Oberbass), daf\u00fcr weniger Lautst\u00e4rke\/Energie im Hochton. Aufl\u00f6sungstechnisch war aber eigentlich alles da. Sie klang, je nach St\u00fcck, ein wenig mehr als &#8222;aus einem Chassis spielend&#8220; das liegt aber wohl auch an meiner miesen Aufstellung.<\/span><\/h4>\n<h4 style=\"text-align: justify;\"><span style=\"color: #ff6600;\">Die &#8222;Box f\u00fcr rund 850,- Euro pro Seite (nur Technik)&#8220; spielte etwas dynamischer, der Mittenbereich klingt einen Hauch &#8222;nat\u00fcrlicher&#8220; (keine Ahnung wie ich das schreiben soll) &#8211; das kann aber auch am h\u00f6heren Wirkungsgrad liegen, und wir haben die LS nicht eingepegelt.<\/span><\/h4>\n<h4 style=\"text-align: justify;\"><span style=\"color: #ff6600;\">Mit meinem aktuellen Wissenstand w\u00fcrde ich die &#8222;Box f\u00fcr rund 850,- Euro pro Seite (nur Technik)&#8220; nicht mehr kaufen, nicht weil sie unterlegen ist oder schlecht (meines Erachtens noch immer der beste Lautsprecher von xxx und ein tolles P\/L) w\u00e4re. Aber gemessen am Aufpreis sind die Unterschiede zu marginal.<\/span><\/h4>\n<\/blockquote>\n<p><span style=\"color: #ffffff;\">fff<\/span><\/p>\n<p>HiFi-Forum User &#8222;Herr der Ringe&#8220; schrieb nach dem obigen Vergleichsh\u00f6ren:<\/p>\n<blockquote>\n<h4 style=\"text-align: justify;\"><span style=\"color: #ff6600;\">Je Musikst\u00fcck hatte mal die &#8222;Box f\u00fcr rund 850,- Euro pro Seite (nur Technik)&#8220; und mal die AaO die Nase vorne. F\u00fcr eine wirklich objektive Beurteilung br\u00e4uchte es jedoch neben einer anderen Aufstellung noch gleichlaut eingepegelte Lautst\u00e4rken. In meinen Ohren hatte die AaO einen noch bruchloseren \u00dcbergang vom TMT zum HT als die &#8222;Box f\u00fcr rund 850,- Euro pro Seite (nur Technik)&#8220; vom TT zum MT.<\/span><\/h4>\n<\/blockquote>\n<p>&nbsp;<\/p>\n<p>Nachbauer Martin schreibt per Mail:<\/p>\n<blockquote>\n<h4 style=\"text-align: justify;\"><span style=\"color: #ff6600;\">Hallo Alex,<\/span><\/h4>\n<h4 style=\"text-align: justify;\"><span style=\"color: #ff6600;\">erst mal vielen Dank das du\/ihr eure Lautsprecher zum Nachbau zur Verf\u00fcgung stellt!<\/span><\/h4>\n<h4 style=\"text-align: justify;\"><span style=\"color: #ff6600;\">Ich habe mir erlaubt die AAO nach zubauen. Ausgesucht habe ich sie mir aus einer F\u00fclle von Angeboten im WWW f\u00fcr den Selbstbauer. Sowohl kommerzielle Baus\u00e4tze als auch Entwicklungen von &#8222;Amateuren&#8220;.<\/span><\/h4>\n<h4 style=\"text-align: justify;\"><span style=\"color: #ff6600;\">Irgendwie kommt man bei der Suche nach Empfehlungen nicht an &#8222;donhighend&#8220; vorbei. Und schnell waren LYC und BYT in der engeren Wahl.<\/span><\/h4>\n<h4 style=\"text-align: justify;\"><span style=\"color: #ff6600;\">Da waren mir aber die eine zu Gro\u00df, die andere zu klein. Die sollten es dann nicht sein. Vielleicht doch die AAO? \u00dcber die Empfehlungen f\u00fcr die AAO bin ich zu deiner Webseite gestolpert.<\/span><\/h4>\n<h4 style=\"text-align: justify;\"><span style=\"color: #ff6600;\">Meine gr\u00f6\u00dfte Sorge war das ich die B\u00e4sse meiner geliebten KEF B139 TML, die ich schon seit reichlich f\u00fcnfundzwanzig Jahren mit mir herumschleppe, vermissen werde. Die haben mich immer wieder mit ihrem raumf\u00fcllenden Bass beeindruckt. Allerdings sollte jetzt mal was kleineres mit mehr Pr\u00e4zision her.<\/span><\/h4>\n<h4 style=\"text-align: justify;\"><span style=\"color: #ff6600;\">Konstruktiv habe ich weitestgehend an die Vorgabe gehalten. F\u00fcr die Front habe ich Birke MPX 27mm genommen, der Rest ist schwarzes MDF 19mm.<\/span><\/h4>\n<h4 style=\"text-align: justify;\"><span style=\"color: #ff6600;\">Das ganze mit Hart\u00f6lwachs gehandelt. Sieht auch noch gut aus.<\/span><\/h4>\n<h4 style=\"text-align: justify;\"><span style=\"color: #ff6600;\">Vorgestern sind die Lautsprecher endlich fertig geworden.<\/span><\/h4>\n<h4 style=\"text-align: justify;\"><span style=\"color: #ff6600;\">Ich bin sehr beeindruckt. Habe mich so den Tag \u00fcber durch meine Musiksammlung geh\u00f6rt. Und es war verwirrend und aufregend was ich so alles noch in den Aufnahmen schlummerte. Als Beispiel sei die grandiose &#8222;Tour de France&#8220; von Kraftwerk erw\u00e4hnt. BOOAH, was da noch in den Tiefen des Basskeller schlummerte war bisher unerh\u00f6rt.<\/span><\/h4>\n<h4 style=\"text-align: justify;\"><span style=\"color: #ff6600;\">Insgesamt ein sch\u00f6n ausgewogener Lautsprecher, sehr sch\u00f6ne r\u00e4umliche Darstellung, mit Hang zum Bass. Braucht durchaus kraftvolles Anspielen durch den Verst\u00e4rker damit seine Qualit\u00e4t voll zur Geltung kommt (kann aber auch an meinen Verst\u00e4rker liegen, das werde ich noch austesten).<\/span><\/h4>\n<h4 style=\"text-align: justify;\"><span style=\"color: #ff6600;\">Auf diesem Wege meine herzlichsten Dank f\u00fcr die tollen Lautsprecher!<\/span><\/h4>\n<h4 style=\"text-align: justify;\"><span style=\"color: #ff6600;\">Viele Gr\u00fc\u00dfe<\/span><\/h4>\n<h4 style=\"text-align: justify;\"><span style=\"color: #ff6600;\">Martin<\/span><\/h4>\n<\/blockquote>\n<h4 style=\"text-align: justify;\"><\/h4>\n<h4 style=\"text-align: justify;\"><\/h4>\n<h4 style=\"text-align: justify;\"><\/h4>\n","protected":false},"excerpt":{"rendered":"<p>\u00a0 Einem gefl\u00fcgelten Wort zufolge war fr\u00fcher alles besser. Das gilt auch f\u00fcr den DIY-Lautsprecher-Contest 2014, f\u00fcr den erstmalig neue Regeln gelten. Werden doch in diesem Jahr passive und aktive Systeme mit DSP und Raumkorrektur in einen gro\u00dfen Topf geworfen. Eine, nicht nur meiner Meinung nach, \u00e4usserst ungl\u00fcckliche Entscheidung, die wohl nur die Aktivisten freut. &hellip; <\/p>\n<p><a class=\"more-link btn\" href=\"https:\/\/www.donhighend.de\/?page_id=1890\">Weiterlesen<\/a><\/p>\n","protected":false},"author":1,"featured_media":3597,"parent":4401,"menu_order":985,"comment_status":"open","ping_status":"closed","template":"","meta":{"footnotes":""},"class_list":["post-1890","page","type-page","status-publish","has-post-thumbnail","hentry","nodate","item-wrap"],"_links":{"self":[{"href":"https:\/\/www.donhighend.de\/index.php?rest_route=\/wp\/v2\/pages\/1890","targetHints":{"allow":["GET"]}}],"collection":[{"href":"https:\/\/www.donhighend.de\/index.php?rest_route=\/wp\/v2\/pages"}],"about":[{"href":"https:\/\/www.donhighend.de\/index.php?rest_route=\/wp\/v2\/types\/page"}],"author":[{"embeddable":true,"href":"https:\/\/www.donhighend.de\/index.php?rest_route=\/wp\/v2\/users\/1"}],"replies":[{"embeddable":true,"href":"https:\/\/www.donhighend.de\/index.php?rest_route=%2Fwp%2Fv2%2Fcomments&post=1890"}],"version-history":[{"count":71,"href":"https:\/\/www.donhighend.de\/index.php?rest_route=\/wp\/v2\/pages\/1890\/revisions"}],"predecessor-version":[{"id":6331,"href":"https:\/\/www.donhighend.de\/index.php?rest_route=\/wp\/v2\/pages\/1890\/revisions\/6331"}],"up":[{"embeddable":true,"href":"https:\/\/www.donhighend.de\/index.php?rest_route=\/wp\/v2\/pages\/4401"}],"wp:featuredmedia":[{"embeddable":true,"href":"https:\/\/www.donhighend.de\/index.php?rest_route=\/wp\/v2\/media\/3597"}],"wp:attachment":[{"href":"https:\/\/www.donhighend.de\/index.php?rest_route=%2Fwp%2Fv2%2Fmedia&parent=1890"}],"curies":[{"name":"wp","href":"https:\/\/api.w.org\/{rel}","templated":true}]}}