{"id":1578,"date":"2013-11-25T09:01:54","date_gmt":"2013-11-25T09:01:54","guid":{"rendered":"http:\/\/www.donhighend.de\/?page_id=1578"},"modified":"2025-09-10T17:41:01","modified_gmt":"2025-09-10T16:41:01","slug":"lazy-sunday","status":"publish","type":"page","link":"https:\/\/www.donhighend.de\/?page_id=1578","title":{"rendered":"Lazy Sunday"},"content":{"rendered":"<p><span style=\"color: #ffffff;\"><img loading=\"lazy\" decoding=\"async\" class=\"aligncenter size-full wp-image-11538\" src=\"https:\/\/www.donhighend.de\/wp-content\/uploads\/2025\/09\/Titelbild.png\" alt=\"\" width=\"467\" height=\"640\" srcset=\"https:\/\/www.donhighend.de\/wp-content\/uploads\/2025\/09\/Titelbild.png 467w, https:\/\/www.donhighend.de\/wp-content\/uploads\/2025\/09\/Titelbild-219x300.png 219w\" sizes=\"auto, (max-width: 467px) 100vw, 467px\" \/>\u00a0<\/span><\/p>\n<p style=\"text-align: justify;\">Im Rahmen einer gr\u00f6\u00dferen Messreihe, die ich an preiswerten Chassis angestellt habe, fand sich ein interessanter 3&#8243; Breitb\u00e4nder von Tang Band. Das kleine Chassis bingt einen schmucklosen unlackierten Blechkorb und dar\u00fcber hinaus eine Abschirmung mit. Offenbar handelt es sich bei dem W3-993SB um ein OEM Chassis aus der TV-Produktion. Der ordentlich verarbeitete Lautsprecher wird derzeit zu einem Marktpreis von rund 10 Euro unters Volk gestreut.<\/p>\n<p><span style=\"color: #ffffff;\">fff<\/span><\/p>\n<p style=\"text-align: center;\"><a href=\"https:\/\/www.donhighend.de\/wp-content\/uploads\/2013\/11\/W3-993SB1.jpg\"><img loading=\"lazy\" decoding=\"async\" class=\"aligncenter size-medium wp-image-1901\" src=\"https:\/\/www.donhighend.de\/wp-content\/uploads\/2013\/11\/W3-993SB1-268x300.jpg\" alt=\"W3 993SB\" width=\"268\" height=\"300\" srcset=\"https:\/\/www.donhighend.de\/wp-content\/uploads\/2013\/11\/W3-993SB1-268x300.jpg 268w, https:\/\/www.donhighend.de\/wp-content\/uploads\/2013\/11\/W3-993SB1.jpg 544w\" sizes=\"auto, (max-width: 268px) 100vw, 268px\" \/><\/a>Tang Band W3-993SB<\/p>\n<p><span style=\"color: #ffffff;\">fff<\/span><\/p>\n<p style=\"text-align: justify;\">Eine Messung des Chassis, die Entwicklungskollege Gazza auf einer 15 cm breiten Schallwand durchf\u00fchrte, f\u00f6rderte einen auf den ersten Blick wenig brauchbaren Frequenzgang zutage. Von knapp \u00fcber 3 kHz bis gut 6 kHz gibt es einen Einbruch von bis zu 8dB und dar\u00fcber bricht die Membran, nicht un\u00fcblich f\u00fcr Breitbandchassis, in Resonanzen auf.<\/p>\n<p><span style=\"color: #ffffff;\">fff<\/span><\/p>\n<p style=\"text-align: center;\"><a href=\"https:\/\/www.donhighend.de\/wp-content\/uploads\/2013\/11\/FG-unbeschaltet.jpg\"><img loading=\"lazy\" decoding=\"async\" class=\"aligncenter size-full wp-image-1587\" src=\"https:\/\/www.donhighend.de\/wp-content\/uploads\/2013\/11\/FG-unbeschaltet.jpg\" alt=\"FG unbeschaltet\" width=\"640\" height=\"403\" srcset=\"https:\/\/www.donhighend.de\/wp-content\/uploads\/2013\/11\/FG-unbeschaltet.jpg 640w, https:\/\/www.donhighend.de\/wp-content\/uploads\/2013\/11\/FG-unbeschaltet-300x188.jpg 300w\" sizes=\"auto, (max-width: 640px) 100vw, 640px\" \/><\/a>Lazy Sunday Frequenzgang unbeschaltet<\/p>\n<p>&nbsp;<\/p>\n<p style=\"text-align: center;\"><a href=\"https:\/\/www.donhighend.de\/wp-content\/uploads\/2013\/11\/Impedanzverlauf.jpg\"><img loading=\"lazy\" decoding=\"async\" class=\"aligncenter size-full wp-image-1591\" src=\"https:\/\/www.donhighend.de\/wp-content\/uploads\/2013\/11\/Impedanzverlauf.jpg\" alt=\"Impedanzverlauf\" width=\"640\" height=\"349\" srcset=\"https:\/\/www.donhighend.de\/wp-content\/uploads\/2013\/11\/Impedanzverlauf.jpg 640w, https:\/\/www.donhighend.de\/wp-content\/uploads\/2013\/11\/Impedanzverlauf-300x163.jpg 300w\" sizes=\"auto, (max-width: 640px) 100vw, 640px\" \/><\/a><span style=\"color: #000000;\">Der Impedanzverlauf zeigt keinerlei Auff\u00e4lligkeiten.<\/span><\/p>\n<p>&nbsp;<\/p>\n<p style=\"text-align: justify;\">Zun\u00e4chst wurde das Chassis mit einer durch einen 10 Ohm Widerstand \u00fcberbr\u00fcckten 0,68 mH Spule beschaltet, um den Baffle Step zu kompensieren. Durch diese unscheinbare Schaltung gelingt es, den Mitteltonbereich wunderbar zu linearisieren.<\/p>\n<p><span style=\"color: #ffffff;\">fff<\/span><\/p>\n<p style=\"text-align: center;\"><a href=\"https:\/\/www.donhighend.de\/wp-content\/uploads\/2013\/11\/FG-nur-LR.jpg\"><img loading=\"lazy\" decoding=\"async\" class=\"aligncenter size-full wp-image-1594\" src=\"https:\/\/www.donhighend.de\/wp-content\/uploads\/2013\/11\/FG-nur-LR.jpg\" alt=\"FG nur LR\" width=\"640\" height=\"403\" srcset=\"https:\/\/www.donhighend.de\/wp-content\/uploads\/2013\/11\/FG-nur-LR.jpg 640w, https:\/\/www.donhighend.de\/wp-content\/uploads\/2013\/11\/FG-nur-LR-300x188.jpg 300w\" sizes=\"auto, (max-width: 640px) 100vw, 640px\" \/><\/a>Lazy Sunday Frequenzgang mit \u00fcberbr\u00fcckter Spule<\/p>\n<p>&nbsp;<\/p>\n<p style=\"text-align: justify;\">So sch\u00f6n linear der Mitteltonbereich nun auch geworden ist, gegen die unsch\u00f6ne Senke kann die Einfachstbeschaltung nat\u00fcrlich nichts ausrichten. Hier behelfen wir uns eines Tricks. Wir \u00fcberbr\u00fccken unseren &#8222;Sperrkreis&#8220; mit einem LC-Glied, bestehend aus 0,47 mH und 2,7\u00b5F. Durch diese zus\u00e4tzliche Beschaltung sinkt im Bereich der Senke die Impedanz, und das Chassis erh\u00e4lt eine h\u00f6here Spannung. So wird die Senke aufgef\u00fcllt, und es stellt sich ein linearer Frequenzgang ein.<\/p>\n<p><span style=\"color: #ffffff;\">fff<\/span><\/p>\n<p style=\"text-align: center;\"><a href=\"https:\/\/www.donhighend.de\/wp-content\/uploads\/2013\/11\/FG-komplett-beschaltet.jpg\"><img loading=\"lazy\" decoding=\"async\" class=\"aligncenter size-full wp-image-1595\" src=\"https:\/\/www.donhighend.de\/wp-content\/uploads\/2013\/11\/FG-komplett-beschaltet.jpg\" alt=\"FG komplett beschaltet\" width=\"640\" height=\"403\" srcset=\"https:\/\/www.donhighend.de\/wp-content\/uploads\/2013\/11\/FG-komplett-beschaltet.jpg 640w, https:\/\/www.donhighend.de\/wp-content\/uploads\/2013\/11\/FG-komplett-beschaltet-300x188.jpg 300w\" sizes=\"auto, (max-width: 640px) 100vw, 640px\" \/><\/a>Lazy Sunday Frequenzgang mit zus\u00e4tzlichem Shelving Filter<\/p>\n<p>&nbsp;<\/p>\n<p style=\"text-align: justify;\">Da die Impedanz des Chassis in diesem Bereich durch die Beschaltung mit der \u00fcberbr\u00fcckten Spule ohnehin einen stark ansteigenden Verlauf hat, bleibt der Gesamtimpedanzverlauf\u00a0 trotz den durch die zus\u00e4tzliche Beschaltung hervorgerufenen Impedanzeinbruch im sicheren Bereich.<\/p>\n<p style=\"text-align: justify;\"><span style=\"color: #ffffff;\">fff<\/span><\/p>\n<p><a href=\"https:\/\/www.donhighend.de\/wp-content\/uploads\/2013\/11\/Impedanz-komplett-beschaltet.jpg\"><img loading=\"lazy\" decoding=\"async\" class=\"aligncenter size-full wp-image-1596\" src=\"https:\/\/www.donhighend.de\/wp-content\/uploads\/2013\/11\/Impedanz-komplett-beschaltet.jpg\" alt=\"Impedanz komplett beschaltet\" width=\"640\" height=\"339\" srcset=\"https:\/\/www.donhighend.de\/wp-content\/uploads\/2013\/11\/Impedanz-komplett-beschaltet.jpg 640w, https:\/\/www.donhighend.de\/wp-content\/uploads\/2013\/11\/Impedanz-komplett-beschaltet-300x158.jpg 300w\" sizes=\"auto, (max-width: 640px) 100vw, 640px\" \/><\/a><span style=\"color: #ffffff;\">fff<\/span><\/p>\n<p style=\"text-align: center;\"><a href=\"https:\/\/www.donhighend.de\/wp-content\/uploads\/2013\/11\/Weiche.jpg\"><img loading=\"lazy\" decoding=\"async\" class=\"aligncenter size-full wp-image-1599\" src=\"https:\/\/www.donhighend.de\/wp-content\/uploads\/2013\/11\/Weiche.jpg\" alt=\"Weiche\" width=\"308\" height=\"176\" srcset=\"https:\/\/www.donhighend.de\/wp-content\/uploads\/2013\/11\/Weiche.jpg 308w, https:\/\/www.donhighend.de\/wp-content\/uploads\/2013\/11\/Weiche-300x171.jpg 300w\" sizes=\"auto, (max-width: 308px) 100vw, 308px\" \/><\/a><span style=\"color: #000000;\">Lazy Sunday Korrekturschaltung<br \/>\n<\/span><\/p>\n<p>&nbsp;<\/p>\n<p style=\"text-align: justify;\">Die Frequenzweichenschaltung besteht also aus lediglich 4 preiswerten Bauteilen, welche zu einem sehr linearen Lautsprecher f\u00fchren, der f\u00fcr ca. 20 Euro pro Seite (Chassis + Weichenteile) ein klanglich einwandfreies Ergebnis liefert.<\/p>\n<p>&nbsp;<\/p>\n<p style=\"text-align: center;\"><a href=\"https:\/\/www.donhighend.de\/wp-content\/uploads\/2013\/11\/Bauplan-Lazy-Sunday-endg\u00fcltig.jpg\"><img loading=\"lazy\" decoding=\"async\" class=\"aligncenter size-full wp-image-1747\" src=\"https:\/\/www.donhighend.de\/wp-content\/uploads\/2013\/11\/Bauplan-Lazy-Sunday-endg\u00fcltig.jpg\" alt=\"Bauplan Lazy Sunday endg\u00fcltig\" width=\"623\" height=\"517\" srcset=\"https:\/\/www.donhighend.de\/wp-content\/uploads\/2013\/11\/Bauplan-Lazy-Sunday-endg\u00fcltig.jpg 623w, https:\/\/www.donhighend.de\/wp-content\/uploads\/2013\/11\/Bauplan-Lazy-Sunday-endg\u00fcltig-300x248.jpg 300w\" sizes=\"auto, (max-width: 623px) 100vw, 623px\" \/><\/a><\/p>\n<p style=\"text-align: center;\">Bauplan f\u00fcr die TQWT Variante<\/p>\n<p><img loading=\"lazy\" decoding=\"async\" class=\"aligncenter size-full wp-image-7837\" src=\"https:\/\/www.donhighend.de\/wp-content\/uploads\/2021\/01\/Bauplan-BR-Version.jpg\" alt=\"\" width=\"582\" height=\"415\" srcset=\"https:\/\/www.donhighend.de\/wp-content\/uploads\/2021\/01\/Bauplan-BR-Version.jpg 582w, https:\/\/www.donhighend.de\/wp-content\/uploads\/2021\/01\/Bauplan-BR-Version-300x214.jpg 300w\" sizes=\"auto, (max-width: 582px) 100vw, 582px\" \/><\/p>\n<p style=\"text-align: center;\">Zuschnittliste f\u00fcr BR Variante<\/p>\n<p>&nbsp;<\/p>\n<p>&nbsp;<\/p>\n<p style=\"text-align: justify;\">Das B\u00f6xlein entstand an einem Sonntag Nachmittag virtuell als ein weiteres Gemeinschaftsprojekt von Gazza und Alex.G. Nachzulesen ist die Story zur Lazy Sunday im <a href=\"http:\/\/www.diy-hifi-forum.eu\/forum\/showthread.php?t=7622&amp;highlight=lazy+sunday\" target=\"_blank\" rel=\"noopener noreferrer\"><span style=\"color: #ff0000;\"><strong>Entwicklungsthread<\/strong><\/span><\/a> im DIY-HiFi-Forum.<\/p>\n<p style=\"text-align: justify;\">Der User &#8222;Bizzare&#8220; aus dem DIY-HiFi-Forum \u00e4ussert sich wie folgt zur Lazy Sunday:<\/p>\n<blockquote>\n<h4 style=\"text-align: justify;\"><span style=\"color: #ff6600;\">&#8230;gefallen mir am Schreibtisch besser als die Vifantastischen Wandlautsprecher. In den H\u00f6hen besser, und &#8222;variabel&#8220;.. Kann ja zwischen 30 und 0\u00b0 w\u00e4hlen, die 9BN119\/8 mit fix 30\u00b0 sind da schon etwas schwach.<\/span><\/h4>\n<\/blockquote>\n<p>&nbsp;<\/p>\n<p>Der HiFi-Forum User Black Devil urteilt wie folgt<\/p>\n<blockquote>\n<h4 style=\"text-align: justify;\"><span style=\"color: #ff6600;\">Ich bin kein gro\u00dfer BB-Freund, aber was dieser winzige Treiber (gab es mal f\u00fcr 8\u20ac bei bpa, kennt man aus den Makita Baustellenradios) im passenden Geh\u00e4use anstellt ist schon verbl\u00fcffend. Selbst mit \u00fcblen Bassattacken von Culcha Candela und bei abenteuerlichem Hub wurde es nicht nervig. Die deutlich h\u00f6here Abstimmung passte auch besser zum Raum, so dass von Bassmangel keine Rede sein konnte. <\/span><br \/>\n<span style=\"color: #ff6600;\">Nat\u00fcrlich geht in praktisch allen Disziplinen noch mehr, aber das P\/L-Verh\u00e4ltnis d\u00fcrfte nur schwer zu schlagen sein.<\/span><\/h4>\n<p>&nbsp;<\/p><\/blockquote>\n","protected":false},"excerpt":{"rendered":"<p>\u00a0 Im Rahmen einer gr\u00f6\u00dferen Messreihe, die ich an preiswerten Chassis angestellt habe, fand sich ein interessanter 3&#8243; Breitb\u00e4nder von Tang Band. Das kleine Chassis bingt einen schmucklosen unlackierten Blechkorb und dar\u00fcber hinaus eine Abschirmung mit. Offenbar handelt es sich bei dem W3-993SB um ein OEM Chassis aus der TV-Produktion. Der ordentlich verarbeitete Lautsprecher wird &hellip; <\/p>\n<p><a class=\"more-link btn\" href=\"https:\/\/www.donhighend.de\/?page_id=1578\">Weiterlesen<\/a><\/p>\n","protected":false},"author":1,"featured_media":11538,"parent":1709,"menu_order":990,"comment_status":"open","ping_status":"closed","template":"","meta":{"footnotes":""},"class_list":["post-1578","page","type-page","status-publish","has-post-thumbnail","hentry","nodate","item-wrap"],"_links":{"self":[{"href":"https:\/\/www.donhighend.de\/index.php?rest_route=\/wp\/v2\/pages\/1578","targetHints":{"allow":["GET"]}}],"collection":[{"href":"https:\/\/www.donhighend.de\/index.php?rest_route=\/wp\/v2\/pages"}],"about":[{"href":"https:\/\/www.donhighend.de\/index.php?rest_route=\/wp\/v2\/types\/page"}],"author":[{"embeddable":true,"href":"https:\/\/www.donhighend.de\/index.php?rest_route=\/wp\/v2\/users\/1"}],"replies":[{"embeddable":true,"href":"https:\/\/www.donhighend.de\/index.php?rest_route=%2Fwp%2Fv2%2Fcomments&post=1578"}],"version-history":[{"count":46,"href":"https:\/\/www.donhighend.de\/index.php?rest_route=\/wp\/v2\/pages\/1578\/revisions"}],"predecessor-version":[{"id":11539,"href":"https:\/\/www.donhighend.de\/index.php?rest_route=\/wp\/v2\/pages\/1578\/revisions\/11539"}],"up":[{"embeddable":true,"href":"https:\/\/www.donhighend.de\/index.php?rest_route=\/wp\/v2\/pages\/1709"}],"wp:featuredmedia":[{"embeddable":true,"href":"https:\/\/www.donhighend.de\/index.php?rest_route=\/wp\/v2\/media\/11538"}],"wp:attachment":[{"href":"https:\/\/www.donhighend.de\/index.php?rest_route=%2Fwp%2Fv2%2Fmedia&parent=1578"}],"curies":[{"name":"wp","href":"https:\/\/api.w.org\/{rel}","templated":true}]}}