{"id":1461,"date":"2013-09-01T01:12:07","date_gmt":"2013-09-01T01:12:07","guid":{"rendered":"http:\/\/www.donhighend.de\/?page_id=1461"},"modified":"2024-06-13T12:22:49","modified_gmt":"2024-06-13T11:22:49","slug":"big-yellow-taxi","status":"publish","type":"page","link":"https:\/\/www.donhighend.de\/?page_id=1461","title":{"rendered":"Big Yellow Taxi"},"content":{"rendered":"<p><a href=\"https:\/\/www.donhighend.de\/wp-content\/uploads\/2013\/09\/BYT-MK1-Ausschnitt.jpg\"><img loading=\"lazy\" decoding=\"async\" class=\"aligncenter size-full wp-image-2662\" src=\"https:\/\/www.donhighend.de\/wp-content\/uploads\/2013\/09\/BYT-MK1-Ausschnitt.jpg\" alt=\"BYT MK1 Ausschnitt\" width=\"357\" height=\"665\" srcset=\"https:\/\/www.donhighend.de\/wp-content\/uploads\/2013\/09\/BYT-MK1-Ausschnitt.jpg 357w, https:\/\/www.donhighend.de\/wp-content\/uploads\/2013\/09\/BYT-MK1-Ausschnitt-161x300.jpg 161w\" sizes=\"auto, (max-width: 357px) 100vw, 357px\" \/><\/a><\/p>\n<p><span style=\"color: #ffffff;\">\u00a0<\/span><\/p>\n<p style=\"text-align: justify;\">&#8222;Namen sind Schall und Rauch&#8220; besagt ein gefl\u00fcgeltes Wort. Den Namen meines (Ersatz-)Projektes f\u00fcr den DIY-Lautsprecher-Contest 2013 k\u00f6nnte man ebenso als gefl\u00fcgeltes Wort verstehen.\u00a0 Hatten sich meine Versuche mit einer Fuzzy TML in\u00a0 &#8222;Rauch&#8220; aufgel\u00f6st, musste ich f\u00fcr die Veranstaltung einen vollkommen anderen funktionierenden und \u00fcberzeugenden &#8222;Schall&#8220;-wandler auf die Beine zu stellen.<\/p>\n<p style=\"text-align: justify;\">Das Ergebnis der \u00dcberlegungen ist ein 2-Wege Lautsprecher, dessen Konzept gewi\u00df nicht allt\u00e4glich ist. Als Tiefmittelt\u00f6ner werkelt n\u00e4mlich in der rund 64 Liter gro\u00dfen Box der Monacor SPH-250KE. Das ist ganz sch\u00f6n <strong>BIG<\/strong> f\u00fcr ein 2-Wege System. Die Membran des Chassis besteht aus Kevlargewebe, welches recht biegsam ist und somit zu h\u00f6heren Frequenzen hin nicht in Resonanzen aufbricht, sondern f\u00fcr einen gutm\u00fctigen Roll Off verantwortlich ist. Augenf\u00e4lligstes Merkmal des Tiefmittelt\u00f6ners ist jedoch die Optik der Membran, die mit einem kr\u00e4ftigen <strong>YELLOW<\/strong> daher kommt. Nun, bis zum diesj\u00e4hrigen Contest verstreichen zum Zeitpunkt dieser Gedanken nur noch knapp vier Wochen ins Land. Ich muss mich also sputen um die Lautsprecher noch, p\u00fcnktlich wie ein <strong>TAXI<\/strong>, fertig zu stellen.<\/p>\n<p style=\"text-align: justify;\"><span style=\"color: #ffffff;\">fff<\/span><\/p>\n<p style=\"text-align: justify;\"><strong>BIG YELLOW TAXI<\/strong> &#8211; Die Namensfindung war erledigt&#8230;<\/p>\n<p><span style=\"color: #ffffff;\">fff<\/span><\/p>\n<p style=\"text-align: center;\"><a href=\"https:\/\/www.donhighend.de\/wp-content\/uploads\/2013\/09\/SPH-250.jpg\"><img loading=\"lazy\" decoding=\"async\" class=\"aligncenter size-full wp-image-1467\" src=\"https:\/\/www.donhighend.de\/wp-content\/uploads\/2013\/09\/SPH-250.jpg\" alt=\"SPH-250\" width=\"500\" height=\"362\" srcset=\"https:\/\/www.donhighend.de\/wp-content\/uploads\/2013\/09\/SPH-250.jpg 500w, https:\/\/www.donhighend.de\/wp-content\/uploads\/2013\/09\/SPH-250-300x217.jpg 300w\" sizes=\"auto, (max-width: 500px) 100vw, 500px\" \/><\/a>SPH-250KE<\/p>\n<p><span style=\"color: #ffffff;\">fff<\/span><\/p>\n<p style=\"text-align: justify;\">Dieser junggegliebene Oldie, der schon seit \u00fcber 15 Jahren im Portfolio von Monacor gelistet ist, verf\u00fcgt \u00fcber einen sehr praxisgerechten Parametersatz, der ihn f\u00fcr den Einbau in ein geschlossenes Geh\u00e4use pr\u00e4destiniert.<\/p>\n<h3>\u00a0<span style=\"text-decoration: underline;\">Technische Daten<\/span><\/h3>\n<p>Fs: 28,41 Hz<\/p>\n<p>Re: 5,97 Ohm<\/p>\n<p>Mms: 42,99 Gramm<\/p>\n<p>Qms: 4,541<\/p>\n<p>Qes: 0,52<\/p>\n<p>Qts: 0,467<\/p>\n<p>BL: 9,39 N\/A<\/p>\n<p>RMS: 1,69 kg\/s<\/p>\n<p>Vas: 120,56 Liter<\/p>\n<p>Cms: 0,73 mm\/N<\/p>\n<p>Sd: 345,04 cm\u00b2<\/p>\n<p>Spl: 89,17 dB<\/p>\n<p><span style=\"color: #ffffff;\">fff<\/span><\/p>\n<p style=\"text-align: justify;\">Der SPH-250KE schreit mit seinen TSP-Satz geradezu nach einem geschlossenen Geh\u00e4use. Eine AJHorn Simu zeigt das zu erwartende Ergebnis in 64 Litern ohne und mit GHP Kondensator:<\/p>\n<p><span style=\"color: #ffffff;\">fff<\/span><\/p>\n<p><a href=\"https:\/\/www.donhighend.de\/wp-content\/uploads\/2013\/09\/SPH-250KE-64-Liter-CB-vs.-GHP.jpg\"><img loading=\"lazy\" decoding=\"async\" class=\"aligncenter size-full wp-image-1476\" src=\"https:\/\/www.donhighend.de\/wp-content\/uploads\/2013\/09\/SPH-250KE-64-Liter-CB-vs.-GHP.jpg\" alt=\"SPH-250KE 64 Liter CB vs. GHP\" width=\"421\" height=\"267\" srcset=\"https:\/\/www.donhighend.de\/wp-content\/uploads\/2013\/09\/SPH-250KE-64-Liter-CB-vs.-GHP.jpg 421w, https:\/\/www.donhighend.de\/wp-content\/uploads\/2013\/09\/SPH-250KE-64-Liter-CB-vs.-GHP-300x190.jpg 300w\" sizes=\"auto, (max-width: 421px) 100vw, 421px\" \/><\/a><span style=\"color: #ffffff;\">fff<\/span><\/p>\n<p style=\"text-align: justify;\">Meine Wahl fiel auf die Variante mit GHP-Kondensator. Lieber ein etwas flacherer Abfall daf\u00fcr aber mehr Tiefbass.<\/p>\n<p style=\"text-align: justify;\">Die n\u00e4chste Frage ist die nach einem geeigneten Hocht\u00f6ner. Naturgem\u00e4\u00df b\u00fcndelt die gro\u00dfe Mambran des SPH-250KE bei der avisierten Trennfrequenz von ca. 1500 Hz schon relativ stark. Es konnte also nur ein Hocht\u00f6ner mit einem vorgesetzten Waveguide, welches das B\u00fcndelungsverhalten ein wenig anpasst, infrage kommen.<\/p>\n<p style=\"text-align: justify;\">Nach eingehender Recherche fand ich viele Artikel, die Versuche, diverse Hocht\u00f6ner an das Monacor WG-300 Waveguide anzuflaschen, zum Thema hatten. Richtig gut funktionierten nur wenige Hocht\u00f6ner, insbesondere aber der kleine Vifa &#8222;Ringradiator&#8220; XT25SC90-04. Diese Kombination aus Hocht\u00f6ner und Waveguide habe ich als f\u00e4higen Spielpartner f\u00fcr den SPH-250KE auserkoren.<\/p>\n<p><span style=\"color: #ffffff;\">fff<\/span><\/p>\n<p style=\"text-align: center;\"><a href=\"https:\/\/www.donhighend.de\/wp-content\/uploads\/2013\/09\/XT25-im-Wave.jpg\"><img loading=\"lazy\" decoding=\"async\" class=\"aligncenter size-full wp-image-1490\" src=\"https:\/\/www.donhighend.de\/wp-content\/uploads\/2013\/09\/XT25-im-Wave.jpg\" alt=\"XT25 im Wave\" width=\"370\" height=\"368\" srcset=\"https:\/\/www.donhighend.de\/wp-content\/uploads\/2013\/09\/XT25-im-Wave.jpg 370w, https:\/\/www.donhighend.de\/wp-content\/uploads\/2013\/09\/XT25-im-Wave-150x150.jpg 150w, https:\/\/www.donhighend.de\/wp-content\/uploads\/2013\/09\/XT25-im-Wave-300x298.jpg 300w\" sizes=\"auto, (max-width: 370px) 100vw, 370px\" \/><\/a>Vifa XT25SC90-04 im gek\u00fcrzten Monacor WG-300 Waveguide<\/p>\n<p><span style=\"color: #ffffff;\">fff<\/span><\/p>\n<p>&nbsp;<\/p>\n<p style=\"text-align: justify;\">Zun\u00e4chst wurde ein 1 Meter hohes Geh\u00e4use mit einer Grundfl\u00e4che von 300 x 350 mm aufgebaut und die beiden Chassis an ihren vorgesehenen Stellen in das Geh\u00e4use eingebaut. Messungen zeigten jedoch, dass diese Anordnung im Zusammenspiel mit den Ma\u00dfen der Geh\u00e4usefront nicht harmonieren wollten. durch die relativ breite Schallwand verursachten die Geh\u00e4usekanten unsch\u00f6ne Diffraktionen, welche wiederum zur Aufweitung des Frequenzgangs im Bereich der vorgesehenen um 2 kHz Trennfrequenz f\u00fchrte.<\/p>\n<p>&nbsp;<\/p>\n<p><a href=\"https:\/\/www.donhighend.de\/wp-content\/uploads\/2013\/09\/HT-30\u00b0.png\"><img loading=\"lazy\" decoding=\"async\" class=\"aligncenter size-full wp-image-2573\" src=\"https:\/\/www.donhighend.de\/wp-content\/uploads\/2013\/09\/HT-30\u00b0.png\" alt=\"HT 30\u00b0\" width=\"800\" height=\"605\" srcset=\"https:\/\/www.donhighend.de\/wp-content\/uploads\/2013\/09\/HT-30\u00b0.png 800w, https:\/\/www.donhighend.de\/wp-content\/uploads\/2013\/09\/HT-30\u00b0-300x227.png 300w\" sizes=\"auto, (max-width: 800px) 100vw, 800px\" \/><\/a>30\u00b0 Messung<\/p>\n<p>&nbsp;<\/p>\n<p style=\"text-align: justify;\">Als n\u00e4chsten Schritt brachte ich im Bereich des Waveguides so breite Fasen an, wie es eben m\u00f6glich war.<\/p>\n<p><a href=\"https:\/\/www.donhighend.de\/wp-content\/uploads\/2013\/09\/Ansicht-roh.jpg\"><img loading=\"lazy\" decoding=\"async\" class=\"aligncenter size-full wp-image-2574\" src=\"https:\/\/www.donhighend.de\/wp-content\/uploads\/2013\/09\/Ansicht-roh.jpg\" alt=\"Ansicht roh\" width=\"263\" height=\"600\" srcset=\"https:\/\/www.donhighend.de\/wp-content\/uploads\/2013\/09\/Ansicht-roh.jpg 263w, https:\/\/www.donhighend.de\/wp-content\/uploads\/2013\/09\/Ansicht-roh-132x300.jpg 132w\" sizes=\"auto, (max-width: 263px) 100vw, 263px\" \/><\/a><\/p>\n<p>&nbsp;<\/p>\n<p style=\"text-align: justify;\">Die wie immer herrschende Eile und Zeitnot vor einem Contest lie\u00df leider nur ein Handyfoto zu. Nun galt es Messungen anzustellen, um die vermutete Verbesserung des Frequenzganges durch das Anbringen der Fasen zu verifizieren.<\/p>\n<p style=\"text-align: justify;\">Voil\u00e0, hier das mehr als zufriedenstellende Ergebnis:<\/p>\n<p>&nbsp;<\/p>\n<p><a href=\"https:\/\/www.donhighend.de\/wp-content\/uploads\/2013\/09\/Messung-Hocht\u00f6ner.png\"><img loading=\"lazy\" decoding=\"async\" class=\"aligncenter size-full wp-image-2575\" src=\"https:\/\/www.donhighend.de\/wp-content\/uploads\/2013\/09\/Messung-Hocht\u00f6ner.png\" alt=\"Messung Hocht\u00f6ner\" width=\"608\" height=\"377\" srcset=\"https:\/\/www.donhighend.de\/wp-content\/uploads\/2013\/09\/Messung-Hocht\u00f6ner.png 608w, https:\/\/www.donhighend.de\/wp-content\/uploads\/2013\/09\/Messung-Hocht\u00f6ner-300x186.png 300w\" sizes=\"auto, (max-width: 608px) 100vw, 608px\" \/><\/a><\/p>\n<p>&nbsp;<\/p>\n<p style=\"text-align: justify;\">Die vorher bem\u00e4ngelte \u00dcberh\u00f6hung bei ca. 2 kHz ist nun verschwunden und das unter allen gemessenen Winkeln. Das Abstrahlverhalten des XT-25 im Waveguide gewinnt durch die Modifikation quasi CD Charakter.<\/p>\n<p style=\"text-align: justify;\">Die Zeitnot beim Aufbau der Lautsprecher hat nicht nut f\u00fcr miese Handyfotos gesorgt, sondern auch daf\u00fcr, dass ich viele Einzelmessungen gar nicht abgespeichert habe. So ist als einzige Tieft\u00f6nermessung folgende Grafik einer unbeschalteten Messung mit\/ohne Vorkondensator vorhanden, welche ich nicht vorenthalten m\u00f6chte.<\/p>\n<p>&nbsp;<\/p>\n<p><a href=\"https:\/\/www.donhighend.de\/wp-content\/uploads\/2013\/09\/TT-unbeschaltet.png\"><img loading=\"lazy\" decoding=\"async\" class=\"aligncenter size-full wp-image-2577\" src=\"https:\/\/www.donhighend.de\/wp-content\/uploads\/2013\/09\/TT-unbeschaltet.png\" alt=\"TT unbeschaltet\" width=\"800\" height=\"604\" srcset=\"https:\/\/www.donhighend.de\/wp-content\/uploads\/2013\/09\/TT-unbeschaltet.png 800w, https:\/\/www.donhighend.de\/wp-content\/uploads\/2013\/09\/TT-unbeschaltet-300x227.png 300w\" sizes=\"auto, (max-width: 800px) 100vw, 800px\" \/><\/a><\/p>\n<p>&nbsp;<\/p>\n<p style=\"text-align: justify;\">Die einzelnen Winkelmessungen der Chassis wurden in die sehr leistungsf\u00e4hige Simulationssoftware Xover \u00fcbertragen und eine zwar komplexe, aber vom Bauteileaufwand durchaus vertretbare Weiche simuliert.<\/p>\n<p><a href=\"https:\/\/www.donhighend.de\/wp-content\/uploads\/2013\/09\/Weiche-aktuell-.jpg\"><img loading=\"lazy\" decoding=\"async\" class=\"aligncenter size-full wp-image-2578\" src=\"https:\/\/www.donhighend.de\/wp-content\/uploads\/2013\/09\/Weiche-aktuell-.jpg\" alt=\"Weiche aktuell\" width=\"875\" height=\"420\" srcset=\"https:\/\/www.donhighend.de\/wp-content\/uploads\/2013\/09\/Weiche-aktuell-.jpg 875w, https:\/\/www.donhighend.de\/wp-content\/uploads\/2013\/09\/Weiche-aktuell--300x144.jpg 300w\" sizes=\"auto, (max-width: 875px) 100vw, 875px\" \/><\/a><\/p>\n<p>&nbsp;<\/p>\n<p>In der Simulation kann sich das Ergebnis absolut sehen lassen:<\/p>\n<p>&nbsp;<\/p>\n<p><a href=\"https:\/\/www.donhighend.de\/wp-content\/uploads\/2013\/09\/Messungen-Gesamtbox.png\"><img loading=\"lazy\" decoding=\"async\" class=\"aligncenter size-full wp-image-2579\" src=\"https:\/\/www.donhighend.de\/wp-content\/uploads\/2013\/09\/Messungen-Gesamtbox.png\" alt=\"Messungen Gesamtbox\" width=\"608\" height=\"377\" srcset=\"https:\/\/www.donhighend.de\/wp-content\/uploads\/2013\/09\/Messungen-Gesamtbox.png 608w, https:\/\/www.donhighend.de\/wp-content\/uploads\/2013\/09\/Messungen-Gesamtbox-300x186.png 300w\" sizes=\"auto, (max-width: 608px) 100vw, 608px\" \/><\/a><\/p>\n<p>&nbsp;<\/p>\n<p style=\"text-align: justify;\">Messungen in der Praxis zeigen, dass das Simulationsergebnis absolut realistisch ist. Das hervorragende Abstrahlverhalten der Big Yellow Taxi zieht sich durch alle Winkel.<\/p>\n<p><a href=\"https:\/\/www.donhighend.de\/wp-content\/uploads\/2013\/09\/eine-Messung-von-vielen1.png\"><img loading=\"lazy\" decoding=\"async\" class=\"aligncenter size-full wp-image-2581\" src=\"https:\/\/www.donhighend.de\/wp-content\/uploads\/2013\/09\/eine-Messung-von-vielen1.png\" alt=\"eine Messung von vielen\" width=\"800\" height=\"401\" srcset=\"https:\/\/www.donhighend.de\/wp-content\/uploads\/2013\/09\/eine-Messung-von-vielen1.png 800w, https:\/\/www.donhighend.de\/wp-content\/uploads\/2013\/09\/eine-Messung-von-vielen1-300x150.png 300w\" sizes=\"auto, (max-width: 800px) 100vw, 800px\" \/><\/a><\/p>\n<p>Abschlie\u00dfend noch der Bauplan der Big Yellow Taxi<\/p>\n<p>&nbsp;<\/p>\n<p>&nbsp;<\/p>\n<p><a href=\"https:\/\/www.donhighend.de\/wp-content\/uploads\/2013\/09\/Bauplan-Contestbox-2013-neu.jpg\"><img loading=\"lazy\" decoding=\"async\" class=\"aligncenter size-full wp-image-2582\" src=\"https:\/\/www.donhighend.de\/wp-content\/uploads\/2013\/09\/Bauplan-Contestbox-2013-neu.jpg\" alt=\"Bauplan Contestbox 2013 neu\" width=\"1238\" height=\"847\" srcset=\"https:\/\/www.donhighend.de\/wp-content\/uploads\/2013\/09\/Bauplan-Contestbox-2013-neu.jpg 1238w, https:\/\/www.donhighend.de\/wp-content\/uploads\/2013\/09\/Bauplan-Contestbox-2013-neu-300x205.jpg 300w, https:\/\/www.donhighend.de\/wp-content\/uploads\/2013\/09\/Bauplan-Contestbox-2013-neu-1024x701.jpg 1024w\" sizes=\"auto, (max-width: 1238px) 100vw, 1238px\" \/><\/a><\/p>\n<p>&nbsp;<\/p>\n","protected":false},"excerpt":{"rendered":"<p>\u00a0 &#8222;Namen sind Schall und Rauch&#8220; besagt ein gefl\u00fcgeltes Wort. Den Namen meines (Ersatz-)Projektes f\u00fcr den DIY-Lautsprecher-Contest 2013 k\u00f6nnte man ebenso als gefl\u00fcgeltes Wort verstehen.\u00a0 Hatten sich meine Versuche mit einer Fuzzy TML in\u00a0 &#8222;Rauch&#8220; aufgel\u00f6st, musste ich f\u00fcr die Veranstaltung einen vollkommen anderen funktionierenden und \u00fcberzeugenden &#8222;Schall&#8220;-wandler auf die Beine zu stellen. Das Ergebnis &hellip; <\/p>\n<p><a class=\"more-link btn\" href=\"https:\/\/www.donhighend.de\/?page_id=1461\">Weiterlesen<\/a><\/p>\n","protected":false},"author":1,"featured_media":2662,"parent":1709,"menu_order":992,"comment_status":"open","ping_status":"closed","template":"","meta":{"footnotes":""},"class_list":["post-1461","page","type-page","status-publish","has-post-thumbnail","hentry","nodate","item-wrap"],"_links":{"self":[{"href":"https:\/\/www.donhighend.de\/index.php?rest_route=\/wp\/v2\/pages\/1461","targetHints":{"allow":["GET"]}}],"collection":[{"href":"https:\/\/www.donhighend.de\/index.php?rest_route=\/wp\/v2\/pages"}],"about":[{"href":"https:\/\/www.donhighend.de\/index.php?rest_route=\/wp\/v2\/types\/page"}],"author":[{"embeddable":true,"href":"https:\/\/www.donhighend.de\/index.php?rest_route=\/wp\/v2\/users\/1"}],"replies":[{"embeddable":true,"href":"https:\/\/www.donhighend.de\/index.php?rest_route=%2Fwp%2Fv2%2Fcomments&post=1461"}],"version-history":[{"count":34,"href":"https:\/\/www.donhighend.de\/index.php?rest_route=\/wp\/v2\/pages\/1461\/revisions"}],"predecessor-version":[{"id":6193,"href":"https:\/\/www.donhighend.de\/index.php?rest_route=\/wp\/v2\/pages\/1461\/revisions\/6193"}],"up":[{"embeddable":true,"href":"https:\/\/www.donhighend.de\/index.php?rest_route=\/wp\/v2\/pages\/1709"}],"wp:featuredmedia":[{"embeddable":true,"href":"https:\/\/www.donhighend.de\/index.php?rest_route=\/wp\/v2\/media\/2662"}],"wp:attachment":[{"href":"https:\/\/www.donhighend.de\/index.php?rest_route=%2Fwp%2Fv2%2Fmedia&parent=1461"}],"curies":[{"name":"wp","href":"https:\/\/api.w.org\/{rel}","templated":true}]}}