{"id":1441,"date":"2013-08-15T20:13:52","date_gmt":"2013-08-15T20:13:52","guid":{"rendered":"http:\/\/www.donhighend.de\/?page_id=1441"},"modified":"2021-01-30T17:58:56","modified_gmt":"2021-01-30T16:58:56","slug":"messungen-fuer-simulationsprogramme-mit-seo","status":"publish","type":"page","link":"https:\/\/www.donhighend.de\/?page_id=1441","title":{"rendered":"Schr\u00e4ge Fasen ganz einfach"},"content":{"rendered":"<p style=\"text-align: justify;\"><img loading=\"lazy\" decoding=\"async\" class=\"aligncenter size-full wp-image-3594\" src=\"https:\/\/www.donhighend.de\/wp-content\/uploads\/2013\/08\/Breite-Fasen.jpg\" alt=\"Breite Fasen\" width=\"402\" height=\"600\" srcset=\"https:\/\/www.donhighend.de\/wp-content\/uploads\/2013\/08\/Breite-Fasen.jpg 402w, https:\/\/www.donhighend.de\/wp-content\/uploads\/2013\/08\/Breite-Fasen-201x300.jpg 201w\" sizes=\"auto, (max-width: 402px) 100vw, 402px\" \/><\/p>\n<p style=\"text-align: justify;\">Designfrage oder akustische Notwendigkeit? Diese Frage stellt sich der geneigte Selbstbauer nicht selten, wenn es um die Anfertigung schr\u00e4ger Fasen an Lautsprechergeh\u00e4usen geht. Nur, wie machen, ohne gleich einen geeigneten und somit teuren Werkzeugpark anzuschaffen?<\/p>\n<p style=\"text-align: justify;\">Besitzer von Format- oder geeigneten Tischkreiss\u00e4gen mit verstellbarem S\u00e4gewinkel k\u00f6nnen sich das Weiterlesen sparen und sich an dieser Stelle aus diesem Kapitel verabschieden. All diejenigen, die ihre Fasen &#8222;zu Fu\u00df&#8220; anfertigen m\u00fcssen oder wollen, sind herzlich eingeladen, meiner kleinen Anleitung zu folgen.<\/p>\n<p style=\"text-align: justify;\">Gleich zu Anfang &#8211; Es ist viel einfacher als man denkt, und man ben\u00f6tigt nur wenige Hilfsmittel und Werkzeuge, um die Fasen wie gew\u00fcnscht herzustellen.<\/p>\n<h3 style=\"text-align: justify;\"><\/h3>\n<h3 style=\"text-align: justify;\"><strong>Ben\u00f6tigte Hilfmittel und Werkzeuge<\/strong><\/h3>\n<ul>\n<li style=\"text-align: justify;\">2 Fu\u00dfboden \u00dcbergangsprofile (oder etwas vergleichbares) aus Aluminium<\/li>\n<li style=\"text-align: justify;\">Schrauben oder Zwingen<\/li>\n<li style=\"text-align: justify;\">Fuchsschwanz-S\u00e4ge<\/li>\n<li style=\"text-align: justify;\">Schleifpapier- und Klotz<\/li>\n<li style=\"text-align: justify;\">Bleistift<\/li>\n<li style=\"text-align: justify;\">Zollstock<\/li>\n<\/ul>\n<p>&nbsp;<\/p>\n<p>Wie, das war&#8217;s schon? Ja, das war&#8217;s schon. Mehr wird nicht ben\u00f6tigt, um die Fasen herzustellen.<\/p>\n<p style=\"text-align: justify;\">Zun\u00e4chst zeichnet man die Fasen in der gew\u00fcnschten Form auf dem Boxenkorpus an. Dann befestigt man die \u00dcbergangsprofile entweder mittels geeigneter Zwingen oder mit Schrauben durch die in den Schienen vorhandenen Bohrungen entlang der aufgezeichneten Linien auf dem Geh\u00e4use fest.<\/p>\n<p style=\"text-align: justify;\">Im n\u00e4chsten Schritt s\u00e4gt man mit dem Fuchsschwanz die Ecken entlang der \u00dcbergangsprofile h\u00e4ndisch ab. Das dauert je nach Gr\u00f6\u00dfe, Beschaffenheit des Materials und den Kraftverh\u00e4ltnissen des Anwenders ca. 10 Minuten pro Seite. Es passiert dabei unweigerlich, dass sich die Verzahnung der S\u00e4ge hin und wieder in das weiche Aluminium frisst. In einem solchen Fall kann man durch leichtes Verlagern der S\u00e4ge, oder auch durch Drehen der S\u00e4ge um 180\u00b0 problemlos weiters\u00e4gen. Durch solche Korrekturen w\u00e4hrend des S\u00e4gens werden die Fasen ein wenig hubbelig. Das ist aber kein Problem, denn mittels des Schleifpapiers und eines Schleifklotzes sorgt man schnell und einfach f\u00fcr glatte Verh\u00e4ltnisse. Auf keinen Fall sollte man Profile oder Schienen aus geh\u00e4rtetem Material verwenden, da dieses die S\u00e4ge zerst\u00f6rt. Man darf die Aluprofile durchaus als &#8222;Einwegprodukt&#8220; bezeichnen, denn nach Anfertigung von 4 Fasen haben die es definitiv hinter sich.<\/p>\n<p style=\"text-align: justify;\">Das folgenden Fotos sollten selbsterkl\u00e4rend sein.<\/p>\n<p style=\"text-align: justify;\"><span style=\"color: #ffffff;\">fff<\/span><\/p>\n<p style=\"text-align: justify;\"><img loading=\"lazy\" decoding=\"async\" class=\"aligncenter size-full wp-image-3674\" src=\"https:\/\/www.donhighend.de\/wp-content\/uploads\/2013\/08\/Fasen-.jpg\" alt=\"Fasen\" width=\"603\" height=\"800\" srcset=\"https:\/\/www.donhighend.de\/wp-content\/uploads\/2013\/08\/Fasen-.jpg 603w, https:\/\/www.donhighend.de\/wp-content\/uploads\/2013\/08\/Fasen--226x300.jpg 226w\" sizes=\"auto, (max-width: 603px) 100vw, 603px\" \/><\/p>\n<p>&nbsp;<\/p>\n<p><img loading=\"lazy\" decoding=\"async\" class=\"aligncenter size-full wp-image-3675\" src=\"https:\/\/www.donhighend.de\/wp-content\/uploads\/2013\/08\/Fasen-Detail.jpg\" alt=\"Fasen Detail\" width=\"600\" height=\"800\" srcset=\"https:\/\/www.donhighend.de\/wp-content\/uploads\/2013\/08\/Fasen-Detail.jpg 600w, https:\/\/www.donhighend.de\/wp-content\/uploads\/2013\/08\/Fasen-Detail-225x300.jpg 225w\" sizes=\"auto, (max-width: 600px) 100vw, 600px\" \/><\/p>\n<p>&nbsp;<\/p>\n<p>&nbsp;<\/p>\n<p><img loading=\"lazy\" decoding=\"async\" class=\"aligncenter size-full wp-image-3676\" src=\"https:\/\/www.donhighend.de\/wp-content\/uploads\/2013\/08\/Fasen-fertig-Detail.jpg\" alt=\"Fasen fertig Detail\" width=\"800\" height=\"601\" srcset=\"https:\/\/www.donhighend.de\/wp-content\/uploads\/2013\/08\/Fasen-fertig-Detail.jpg 800w, https:\/\/www.donhighend.de\/wp-content\/uploads\/2013\/08\/Fasen-fertig-Detail-300x225.jpg 300w, https:\/\/www.donhighend.de\/wp-content\/uploads\/2013\/08\/Fasen-fertig-Detail-768x577.jpg 768w\" sizes=\"auto, (max-width: 800px) 100vw, 800px\" \/><\/p>\n<p>Die fertige Fase vor dem erforderlichen Schleifvorgang.<\/p>\n<p><span style=\"color: #ffffff;\">fff<\/span><\/p>\n<p style=\"text-align: justify;\">Nat\u00fcrlich ist eine Hobelbank, auf der man das Geh\u00e4use einspannen kann, hilfreich bei der Arbeit, und auch mit einem Exzenterschleifer werden die Schleifarbeiten zum Kinderspiel. Dabei ist jedoch Vorsicht geboten. Es passiert dabei sehr schnell, dass man die scharfen Kanten verrundet.<\/p>\n<p style=\"text-align: justify;\">Viel Spa\u00df beim Anfertigen von schr\u00e4gen Fasen&#8230; \ud83d\ude42<\/p>\n","protected":false},"excerpt":{"rendered":"<p>Designfrage oder akustische Notwendigkeit? Diese Frage stellt sich der geneigte Selbstbauer nicht selten, wenn es um die Anfertigung schr\u00e4ger Fasen an Lautsprechergeh\u00e4usen geht. Nur, wie machen, ohne gleich einen geeigneten und somit teuren Werkzeugpark anzuschaffen? Besitzer von Format- oder geeigneten Tischkreiss\u00e4gen mit verstellbarem S\u00e4gewinkel k\u00f6nnen sich das Weiterlesen sparen und sich an dieser Stelle aus &hellip; <\/p>\n<p><a class=\"more-link btn\" href=\"https:\/\/www.donhighend.de\/?page_id=1441\">Weiterlesen<\/a><\/p>\n","protected":false},"author":1,"featured_media":3594,"parent":1318,"menu_order":0,"comment_status":"open","ping_status":"closed","template":"","meta":{"footnotes":""},"class_list":["post-1441","page","type-page","status-publish","has-post-thumbnail","hentry","nodate","item-wrap"],"_links":{"self":[{"href":"https:\/\/www.donhighend.de\/index.php?rest_route=\/wp\/v2\/pages\/1441","targetHints":{"allow":["GET"]}}],"collection":[{"href":"https:\/\/www.donhighend.de\/index.php?rest_route=\/wp\/v2\/pages"}],"about":[{"href":"https:\/\/www.donhighend.de\/index.php?rest_route=\/wp\/v2\/types\/page"}],"author":[{"embeddable":true,"href":"https:\/\/www.donhighend.de\/index.php?rest_route=\/wp\/v2\/users\/1"}],"replies":[{"embeddable":true,"href":"https:\/\/www.donhighend.de\/index.php?rest_route=%2Fwp%2Fv2%2Fcomments&post=1441"}],"version-history":[{"count":19,"href":"https:\/\/www.donhighend.de\/index.php?rest_route=\/wp\/v2\/pages\/1441\/revisions"}],"predecessor-version":[{"id":4842,"href":"https:\/\/www.donhighend.de\/index.php?rest_route=\/wp\/v2\/pages\/1441\/revisions\/4842"}],"up":[{"embeddable":true,"href":"https:\/\/www.donhighend.de\/index.php?rest_route=\/wp\/v2\/pages\/1318"}],"wp:featuredmedia":[{"embeddable":true,"href":"https:\/\/www.donhighend.de\/index.php?rest_route=\/wp\/v2\/media\/3594"}],"wp:attachment":[{"href":"https:\/\/www.donhighend.de\/index.php?rest_route=%2Fwp%2Fv2%2Fmedia&parent=1441"}],"curies":[{"name":"wp","href":"https:\/\/api.w.org\/{rel}","templated":true}]}}