{"id":1346,"date":"2013-08-14T12:11:45","date_gmt":"2013-08-14T12:11:45","guid":{"rendered":"http:\/\/www.donhighend.de\/?page_id=1346"},"modified":"2021-07-05T13:24:43","modified_gmt":"2021-07-05T12:24:43","slug":"fuegen-von-nah-und-fernfeld","status":"publish","type":"page","link":"https:\/\/www.donhighend.de\/?page_id=1346","title":{"rendered":"Nah- und Fernfeld in ARTA f\u00fcgen"},"content":{"rendered":"<p style=\"text-align: justify;\">Im ARTA Kompendium findet der User eine ausf\u00fchrliche Anleitung zum F\u00fcgen von Nah- und Fernfeldmessungen eigens gemessener Frequenzg\u00e4nge. Diese Anleitung setzt \u00e4usserst akribischen und in der Praxis kaum zu bewerkstelligenden Umgang mit den Messabst\u00e4nden voraus. Daraus resultiert, dass unter Anwendung des im Kompendium beschriebenen Formelwerks beim F\u00fcgen der Frequenzg\u00e4nge in fast allen F\u00e4llen h\u00e4ndisch nachskaliert werden muss.<\/p>\n<p style=\"text-align: justify;\">In dieser kurzen Abhandlung erl\u00e4utere ich am Beispiel eines Transmissionline-Lautsprechers (mit klassischem TML Loch) meine vereinfachte Vorgehensweise beim F\u00fcgen von Port- Nah- und Fernfeldmessungen, welche zu einer bei Verwendung in Simulationsprogrammen ausreichenden Genauigkeit f\u00fchrt.<\/p>\n<h3 style=\"text-align: justify;\">1. Anfertigen der Einzelmessungen<\/h3>\n<p style=\"text-align: justify;\">Zun\u00e4chst fertigen wir im gewohnten Messaufbau Messungen im Fernfeld (ggfs. auch Winkelmessungen), im Nahfeld und vom Port an.<\/p>\n<p style=\"text-align: center;\">\u00a0<a href=\"https:\/\/www.donhighend.de\/wp-content\/uploads\/2013\/08\/Fernfeld.png\"><img loading=\"lazy\" decoding=\"async\" class=\"aligncenter size-medium wp-image-1396\" src=\"https:\/\/www.donhighend.de\/wp-content\/uploads\/2013\/08\/Fernfeld-300x226.png\" alt=\"Fernfeld\" width=\"300\" height=\"226\" srcset=\"https:\/\/www.donhighend.de\/wp-content\/uploads\/2013\/08\/Fernfeld-300x226.png 300w, https:\/\/www.donhighend.de\/wp-content\/uploads\/2013\/08\/Fernfeld-1024x774.png 1024w, https:\/\/www.donhighend.de\/wp-content\/uploads\/2013\/08\/Fernfeld.png 1202w\" sizes=\"auto, (max-width: 300px) 100vw, 300px\" \/><\/a> Fernfeld<\/p>\n<p style=\"text-align: center;\"><a href=\"https:\/\/www.donhighend.de\/wp-content\/uploads\/2013\/08\/Nahfeld.png\"><img loading=\"lazy\" decoding=\"async\" class=\"aligncenter size-medium wp-image-1397\" src=\"https:\/\/www.donhighend.de\/wp-content\/uploads\/2013\/08\/Nahfeld-300x226.png\" alt=\"Nahfeld\" width=\"300\" height=\"226\" srcset=\"https:\/\/www.donhighend.de\/wp-content\/uploads\/2013\/08\/Nahfeld-300x226.png 300w, https:\/\/www.donhighend.de\/wp-content\/uploads\/2013\/08\/Nahfeld-1024x774.png 1024w, https:\/\/www.donhighend.de\/wp-content\/uploads\/2013\/08\/Nahfeld.png 1202w\" sizes=\"auto, (max-width: 300px) 100vw, 300px\" \/><\/a>Nahfeld<\/p>\n<p style=\"text-align: center;\"><a href=\"https:\/\/www.donhighend.de\/wp-content\/uploads\/2013\/08\/Port.png\"><img loading=\"lazy\" decoding=\"async\" class=\"aligncenter size-medium wp-image-1395\" src=\"https:\/\/www.donhighend.de\/wp-content\/uploads\/2013\/08\/Port-300x226.png\" alt=\"Port\" width=\"300\" height=\"226\" srcset=\"https:\/\/www.donhighend.de\/wp-content\/uploads\/2013\/08\/Port-300x226.png 300w, https:\/\/www.donhighend.de\/wp-content\/uploads\/2013\/08\/Port-1024x774.png 1024w, https:\/\/www.donhighend.de\/wp-content\/uploads\/2013\/08\/Port.png 1202w\" sizes=\"auto, (max-width: 300px) 100vw, 300px\" \/><\/a>Portmessung<\/p>\n<h3>2. Vorbereitungen zum Skalieren<\/h3>\n<p style=\"text-align: justify;\">Um ein h\u00e4ndisches Nachskalieren beim F\u00fcgen zu vermeiden gehen wir einen kleinen, aber n\u00fctzlichen Umweg und laden in ARTA im Fenster &#8222;Impulse Response&#8220; \u00fcber die Funktion &#8222;Open&#8220; zun\u00e4chst die Nahfeldmessung.<\/p>\n<p><a href=\"https:\/\/www.donhighend.de\/wp-content\/uploads\/2013\/08\/Impuls-Nahfeld1.png\"><img loading=\"lazy\" decoding=\"async\" class=\"aligncenter size-medium wp-image-1401\" src=\"https:\/\/www.donhighend.de\/wp-content\/uploads\/2013\/08\/Impuls-Nahfeld1-300x216.png\" alt=\"Impuls Nahfeld\" width=\"300\" height=\"216\" srcset=\"https:\/\/www.donhighend.de\/wp-content\/uploads\/2013\/08\/Impuls-Nahfeld1-300x216.png 300w, https:\/\/www.donhighend.de\/wp-content\/uploads\/2013\/08\/Impuls-Nahfeld1-1024x737.png 1024w, https:\/\/www.donhighend.de\/wp-content\/uploads\/2013\/08\/Impuls-Nahfeld1.png 1217w\" sizes=\"auto, (max-width: 300px) 100vw, 300px\" \/><\/a><\/p>\n<p style=\"text-align: justify;\">Mit einem Klick auf &#8222;FR&#8220; wechseln wir ins Fenster &#8222;FR Magnitude&#8220; und sehen unseren gemessenen Nahfeldfrequenzgang.<\/p>\n<p><a href=\"https:\/\/www.donhighend.de\/wp-content\/uploads\/2013\/08\/Nahfeld.png\"><img loading=\"lazy\" decoding=\"async\" class=\"aligncenter size-medium wp-image-1397\" src=\"https:\/\/www.donhighend.de\/wp-content\/uploads\/2013\/08\/Nahfeld-300x226.png\" alt=\"Nahfeld\" width=\"300\" height=\"226\" srcset=\"https:\/\/www.donhighend.de\/wp-content\/uploads\/2013\/08\/Nahfeld-300x226.png 300w, https:\/\/www.donhighend.de\/wp-content\/uploads\/2013\/08\/Nahfeld-1024x774.png 1024w, https:\/\/www.donhighend.de\/wp-content\/uploads\/2013\/08\/Nahfeld.png 1202w\" sizes=\"auto, (max-width: 300px) 100vw, 300px\" \/><\/a><\/p>\n<p style=\"text-align: justify;\">Diese Kurve zeigt den Nahfeldfrequenzgang ohne die Einfl\u00fcsse der Schallwand. Deswegen nehmen hier als erstes eine entsprechende Korrektur vor. Wir klicken im Men\u00fc &#8222;Edit&#8220; auf &#8222;LF box diffraction&#8220; und geben die Ma\u00dfe unserer Schallwand ein. Nach einem Klick auf &#8222;OK&#8220; wird der Frequenzgang korrigiert dargestellt.<\/p>\n<p><a href=\"https:\/\/www.donhighend.de\/wp-content\/uploads\/2013\/08\/Nahfeld-bs-korrigiert.png\"><img loading=\"lazy\" decoding=\"async\" class=\"aligncenter size-medium wp-image-1410\" src=\"https:\/\/www.donhighend.de\/wp-content\/uploads\/2013\/08\/Nahfeld-bs-korrigiert-300x226.png\" alt=\"Nahfeld bs korrigiert\" width=\"300\" height=\"226\" srcset=\"https:\/\/www.donhighend.de\/wp-content\/uploads\/2013\/08\/Nahfeld-bs-korrigiert-300x226.png 300w, https:\/\/www.donhighend.de\/wp-content\/uploads\/2013\/08\/Nahfeld-bs-korrigiert-1024x774.png 1024w, https:\/\/www.donhighend.de\/wp-content\/uploads\/2013\/08\/Nahfeld-bs-korrigiert.png 1202w\" sizes=\"auto, (max-width: 300px) 100vw, 300px\" \/><\/a><\/p>\n<p style=\"text-align: justify;\">Diese Darstellung speichern wir als Overlay.<\/p>\n<p style=\"text-align: justify;\">Als n\u00e4chsten Schritt schlie\u00dfen wir das Fenster und befinden uns wieder im Fenster &#8222;Impulse Response&#8220;. Nun laden wir \u00fcber die Funktion &#8222;Open&#8220; die Fernfeldmessung. Wir setzen zun\u00e4chst WILLK\u00dcRLICH ein Gate, welches zu einer sinnvollen Darstellung des gemessenen Frequenzganges ohne Raumeinfl\u00fcsse f\u00fchrt. Daf\u00fcr positionieren wir den Marker (rot) kurz vor die erste Reflektion, den Cursor (gelb) setzen wir irgendwo in den Bereich vor den Impuls, oder einfach mittels Dr\u00fccken der Taste &#8222;Pos1&#8220; auf Sample 300. Die Phaseninformation lassen wir noch v\u00f6llig ausser Acht.<\/p>\n<p><a href=\"https:\/\/www.donhighend.de\/wp-content\/uploads\/2013\/08\/Gate-Fernfeld.png\"><img loading=\"lazy\" decoding=\"async\" class=\"aligncenter size-medium wp-image-1403\" src=\"https:\/\/www.donhighend.de\/wp-content\/uploads\/2013\/08\/Gate-Fernfeld-300x216.png\" alt=\"Gate Fernfeld\" width=\"300\" height=\"216\" srcset=\"https:\/\/www.donhighend.de\/wp-content\/uploads\/2013\/08\/Gate-Fernfeld-300x216.png 300w, https:\/\/www.donhighend.de\/wp-content\/uploads\/2013\/08\/Gate-Fernfeld-1024x737.png 1024w, https:\/\/www.donhighend.de\/wp-content\/uploads\/2013\/08\/Gate-Fernfeld.png 1217w\" sizes=\"auto, (max-width: 300px) 100vw, 300px\" \/><\/a><\/p>\n<p style=\"text-align: justify;\">Mit einem Klick auf &#8222;FR&#8220; wechseln wir wieder in das Fenster &#8222;FR Magnitude&#8220;. Dargestellt werden nun zwei Kurven, n\u00e4mlich unser korrigierter Nahfeldfrequenzgang und die Messung des gefensterten Fernfeldfrequenzganges. Um beide kurven im Fenster gleichzeitig sehen zu k\u00f6nnen kann es notwendig sein, die Darstellung mittels der &#8222;FIT&#8220; Pfeiltasten oben rechts ein wenig zu verschieben.<\/p>\n<p style=\"text-align: justify;\"><a href=\"https:\/\/www.donhighend.de\/wp-content\/uploads\/2013\/08\/Nah-vs-Fernfeld.png\"><img loading=\"lazy\" decoding=\"async\" class=\"aligncenter size-medium wp-image-1405\" src=\"https:\/\/www.donhighend.de\/wp-content\/uploads\/2013\/08\/Nah-vs-Fernfeld-300x226.png\" alt=\"Nah vs Fernfeld\" width=\"300\" height=\"226\" srcset=\"https:\/\/www.donhighend.de\/wp-content\/uploads\/2013\/08\/Nah-vs-Fernfeld-300x226.png 300w, https:\/\/www.donhighend.de\/wp-content\/uploads\/2013\/08\/Nah-vs-Fernfeld-1024x774.png 1024w, https:\/\/www.donhighend.de\/wp-content\/uploads\/2013\/08\/Nah-vs-Fernfeld.png 1202w\" sizes=\"auto, (max-width: 300px) 100vw, 300px\" \/><\/a>Wie wir nun sehen, liegen die beiden Kurven in unserem Beispiel \u00fcber 30dB auseinander. Im Menu &#8222;Edit&#8220; klicken wir nun auf &#8222;Scale Level&#8220; und geben 33dB ein, was in etwa passen k\u00f6nnte.<\/p>\n<p style=\"text-align: justify;\"><a href=\"https:\/\/www.donhighend.de\/wp-content\/uploads\/2013\/08\/Nah-vs-Fernfeld-erste-skalierung.png\"><img loading=\"lazy\" decoding=\"async\" class=\"aligncenter size-medium wp-image-1406\" src=\"https:\/\/www.donhighend.de\/wp-content\/uploads\/2013\/08\/Nah-vs-Fernfeld-erste-skalierung-300x226.png\" alt=\"Nah vs Fernfeld erste skalierung\" width=\"300\" height=\"226\" srcset=\"https:\/\/www.donhighend.de\/wp-content\/uploads\/2013\/08\/Nah-vs-Fernfeld-erste-skalierung-300x226.png 300w, https:\/\/www.donhighend.de\/wp-content\/uploads\/2013\/08\/Nah-vs-Fernfeld-erste-skalierung-1024x774.png 1024w, https:\/\/www.donhighend.de\/wp-content\/uploads\/2013\/08\/Nah-vs-Fernfeld-erste-skalierung.png 1202w\" sizes=\"auto, (max-width: 300px) 100vw, 300px\" \/><\/a>Nun sind wir schon sehr nah am Ideal, aber im Bereich von ca. 300 Hz, unserem avisierten F\u00fcgungsbereich, passts noch nicht so ganz. Wir skalieren also noch ein wenig nach, indem wir nochmal 0.8dB hinzu geben.<\/p>\n<p><a href=\"https:\/\/www.donhighend.de\/wp-content\/uploads\/2013\/08\/Nah-vs-Fernfeld-korr.-skalierung.png\"><img loading=\"lazy\" decoding=\"async\" class=\"aligncenter size-medium wp-image-1431\" src=\"https:\/\/www.donhighend.de\/wp-content\/uploads\/2013\/08\/Nah-vs-Fernfeld-korr.-skalierung-300x226.png\" alt=\"Nah vs Fernfeld korr. skalierung\" width=\"300\" height=\"226\" srcset=\"https:\/\/www.donhighend.de\/wp-content\/uploads\/2013\/08\/Nah-vs-Fernfeld-korr.-skalierung-300x226.png 300w, https:\/\/www.donhighend.de\/wp-content\/uploads\/2013\/08\/Nah-vs-Fernfeld-korr.-skalierung-1024x774.png 1024w, https:\/\/www.donhighend.de\/wp-content\/uploads\/2013\/08\/Nah-vs-Fernfeld-korr.-skalierung.png 1202w\" sizes=\"auto, (max-width: 300px) 100vw, 300px\" \/><\/a><\/p>\n<p style=\"text-align: justify;\">Hurra, nun passen die Frequenzg\u00e4nge bei der avisierten &#8222;F\u00fcgungsfrequenz&#8220; von ca.300Hz sehr gut zusammen. Alles, was wir bislang getan haben, diente nur dazu, den Pegelunterschied bei der &#8222;F\u00fcgungsfrequenz&#8220; zu ermitteln, und alles was wir uns merken m\u00fcssen ist, dass wir sp\u00e4ter beim &#8222;ernsthaften&#8220; F\u00fcgen den Pegel des Nahfeldfrequenzganges um 33.8dB verringern m\u00fcssen.<\/p>\n<h3 style=\"text-align: justify;\">3. Skalieren von Port- und Nahfeld zueinander<\/h3>\n<p style=\"text-align: justify;\">Da in 99,9% aller F\u00e4lle die Abstrahlfl\u00e4chen von Chassis und Membran deutlich voneinander abweichen, m\u00fcssen ihre Pegel zueinander skaliert werden. Dazu laden wir in ARTA im Fenster &#8222;Impulse Response&#8220; \u00fcber die Funktion &#8222;Open&#8220; zun\u00e4chst die Portmessung (PIR) unseres Chassis.<\/p>\n<p style=\"text-align: justify;\"><a href=\"https:\/\/www.donhighend.de\/wp-content\/uploads\/2013\/08\/Impuls-Nahfeld.png\"><img loading=\"lazy\" decoding=\"async\" class=\"aligncenter size-medium wp-image-1400\" src=\"https:\/\/www.donhighend.de\/wp-content\/uploads\/2013\/08\/Impuls-Nahfeld-300x216.png\" alt=\"Impuls Port\" width=\"300\" height=\"216\" srcset=\"https:\/\/www.donhighend.de\/wp-content\/uploads\/2013\/08\/Impuls-Nahfeld-300x216.png 300w, https:\/\/www.donhighend.de\/wp-content\/uploads\/2013\/08\/Impuls-Nahfeld-1024x737.png 1024w, https:\/\/www.donhighend.de\/wp-content\/uploads\/2013\/08\/Impuls-Nahfeld.png 1217w\" sizes=\"auto, (max-width: 300px) 100vw, 300px\" \/><\/a>Meine Erfahrung sagt mir, dass die Anwendung der im Kompendium angegebenen Formel zur Skalierung von Nahfeld- und Portmessung eine hinreichende Genauigkeit liefert. Seien wir ehrlich, hat es wirklich sehr viel Aussagekraft, ob der Frequenzgang unterhalb von 50 oder 60 Hz vielleicht um +\/- 1dB von der Realit\u00e4t abweicht? Raumeinfl\u00fcsse d\u00fcrften in diesem Bereich ohnehin die wesentliche Rolle spielen. F\u00fcr die Richtigkeit sp\u00e4terer Simulationen ist das ebenfalls huppe. Voraussetzung f\u00fcr eine m\u00f6glichst hohe Genauigkeit ist, dass das Mikrofon bei der Nahfeldmessung m\u00f6glichst nah (ca. 1 mm) vor der Membran steht und ebenfalls vor dem Port in etwa mit dessen \u00d6ffnung abschlie\u00dft.<\/p>\n<p style=\"text-align: justify;\">Mit diesem Wissen wagen wir nun die Pegelanpassung zwischen Port- und Nahfeldmessung. Dazu ben\u00f6tigen wir die Fl\u00e4che der Port\u00f6ffnung sowie SD des Chassis. Bei unserer Transmissionline lauten diese 76cm\u00b2 f\u00fcr den Port und 95cm\u00b2 f\u00fcr SD des Chassis. Im Men\u00fc &#8222;Edit&#8220; Unterpunkt &#8222;Scale Magnitude&#8220; geben wir nun die Formel mit den Werten f\u00fcr die Fl\u00e4chen wie folgt ein:<\/p>\n<p style=\"text-align: justify;\"><a href=\"https:\/\/www.donhighend.de\/wp-content\/uploads\/2013\/08\/Pir-scaling-Port.png\"><img loading=\"lazy\" decoding=\"async\" class=\"aligncenter size-full wp-image-1412\" src=\"https:\/\/www.donhighend.de\/wp-content\/uploads\/2013\/08\/Pir-scaling-Port.png\" alt=\"Pir scaling Port\" width=\"293\" height=\"212\" \/><\/a>und best\u00e4tigen mit OK. Die Pegelanpassung ist nun vorgenommen.<\/p>\n<p style=\"text-align: justify;\">Mittels der &#8222;Load &amp; Sum&#8220; Funktion in ARTA laden wir nun die Nahfeldmessung zu der noch ge\u00f6ffneten Portmessung.<\/p>\n<h3 style=\"text-align: justify;\">4. Skalierung des Nahfeldpegels auf Freifeldniveau<\/h3>\n<p style=\"text-align: justify;\">Wie wir aus unserer eingangs durchgef\u00fchrten Hilfsl\u00f6sung wissen, muss der gemergte Pegel aus Nahfeld und Port in unserem Beispiel um 33.8dB auf das Niveau der Fernfeldmessung verringert werden.<\/p>\n<p style=\"text-align: justify;\">\u00dcber Das Menu &#8222;Edit&#8220; Unterpunkt &#8222;Scale Magnitude&#8220; ist dies problemlos mittels folgender Formel m\u00f6glich:<\/p>\n<p><a href=\"https:\/\/www.donhighend.de\/wp-content\/uploads\/2013\/08\/Skalierung-Nahfeld-auf-Fernfeld.png\"><img loading=\"lazy\" decoding=\"async\" class=\"aligncenter size-full wp-image-1435\" src=\"https:\/\/www.donhighend.de\/wp-content\/uploads\/2013\/08\/Skalierung-Nahfeld-auf-Fernfeld.png\" alt=\"Skalierung Nahfeld auf Fernfeld\" width=\"293\" height=\"212\" \/><\/a><\/p>\n<p style=\"text-align: justify;\">Um eine einwandfreie Funktion unserer aufbereiteten Messung in einem Simulationsprogramm zu gew\u00e4hrleisten ist es notwendig, dass die Phaseninformation auf dem Weg von den Einzelmessungen bis zur gef\u00fcgten Messung nicht verloren geht.<\/p>\n<p style=\"text-align: justify;\">Folgende 5 Schritte sind notwendig um die Phaseninformation korrekt zu transportieren:<\/p>\n<ol>\n<li style=\"text-align: justify;\">Klick auf &#8222;Max&#8220;, durch welchen der Cursor (gelb) aufs Impulsmaximum gesetzt wird<\/li>\n<li style=\"text-align: justify;\">Klick auf &#8222;Set&#8220;, um den Marker (rot) genau an dieser Stelle zu positionieren<\/li>\n<li style=\"text-align: justify;\">Klick auf &#8222;Pos 1&#8220; (auf manchen Tastaturen auch &#8222;Home&#8220;), um den Cursor auf Sample 300 zu setzen<\/li>\n<li style=\"text-align: justify;\">Klick auf &#8222;Get&#8220;, um den Wert des Delays zu erhalten<\/li>\n<li style=\"text-align: justify;\">Klick auf &#8222;Del&#8220;, um den Marker wieder zu l\u00f6schen<\/li>\n<\/ol>\n<p style=\"text-align: justify;\"><a href=\"https:\/\/www.donhighend.de\/wp-content\/uploads\/2013\/08\/5-Schritte.png\"><img loading=\"lazy\" decoding=\"async\" class=\"aligncenter size-medium wp-image-1413\" src=\"https:\/\/www.donhighend.de\/wp-content\/uploads\/2013\/08\/5-Schritte-300x218.png\" alt=\"5 Schritte\" width=\"300\" height=\"218\" srcset=\"https:\/\/www.donhighend.de\/wp-content\/uploads\/2013\/08\/5-Schritte-300x218.png 300w, https:\/\/www.donhighend.de\/wp-content\/uploads\/2013\/08\/5-Schritte-1024x746.png 1024w, https:\/\/www.donhighend.de\/wp-content\/uploads\/2013\/08\/5-Schritte.png 1278w\" sizes=\"auto, (max-width: 300px) 100vw, 300px\" \/><\/a>Nun wechseln wir wieder ins Fenster &#8222;Impulse Response&#8220; indem wir &#8222;FR&#8220; klicken. Angezeigt bekommen wir nun den gemergten Frequenzverlauf von Port und Nahfeldmessung unseres Lautsprechers. Jetzt unbedingt den Darstellungsmodus Magnitude und Phase &#8222;M+P&#8220; in der linken unteren Bildecke aktivieren.<\/p>\n<p style=\"text-align: justify;\">Ferner m\u00fcssen wir noch die Schallwandeinfl\u00fcsse ausblenden, wie wir es einige Schritte zuvor schon einmal erledigt haben. Dazu klicken wir im Men\u00fc &#8222;Edit&#8220; auf &#8222;LF box diffraction&#8220;, geben die Ma\u00dfe unserer Schallwand ein und best\u00e4tigen mit &#8222;OK&#8220;. In der Darstellung erhalten wir nun den korrigierten Frequenzgang, der f\u00fcr unser weiteres Vorgehen relevant ist. Sehr sch\u00f6n sieht man das ebenso klassische wie gef\u00fcrchtete &#8222;Transmissionline Loch&#8220;. Diese Kurve speichern wir nun unbedingt als Overlay ab.<\/p>\n<h3 style=\"text-align: justify;\"><a href=\"https:\/\/www.donhighend.de\/wp-content\/uploads\/2013\/08\/Nahfeld-bs-korrigiert-neu.png\"><img loading=\"lazy\" decoding=\"async\" class=\"aligncenter size-medium wp-image-1423\" src=\"https:\/\/www.donhighend.de\/wp-content\/uploads\/2013\/08\/Nahfeld-bs-korrigiert-neu-300x226.png\" alt=\"Nahfeld bs korrigiert neu\" width=\"300\" height=\"226\" srcset=\"https:\/\/www.donhighend.de\/wp-content\/uploads\/2013\/08\/Nahfeld-bs-korrigiert-neu-300x226.png 300w, https:\/\/www.donhighend.de\/wp-content\/uploads\/2013\/08\/Nahfeld-bs-korrigiert-neu-1024x774.png 1024w, https:\/\/www.donhighend.de\/wp-content\/uploads\/2013\/08\/Nahfeld-bs-korrigiert-neu.png 1202w\" sizes=\"auto, (max-width: 300px) 100vw, 300px\" \/><\/a>5. F\u00fcgen von gemergtem Nahfeld und der Fernfeldmessung<\/h3>\n<p style=\"text-align: justify;\">Wir schlie\u00dfen als n\u00e4chsten Schritt das &#8222;FR Magnitude&#8220; Fenster und gelangen automatisch zur\u00fcck in das &#8222;Impulse Response&#8220; Fenster. Dort laden wir \u00fcber &#8222;Open&#8220; unseren gemessenen Fernfeld PIR. Diesen m\u00fcssen wir selbstverst\u00e4ndlich aufbereiten indem wir die Raumeinfl\u00fcsse durch Setzen eines Fensters ausblenden und gleichzeitig die korrekte Phaseninformation transportieren.<\/p>\n<p style=\"text-align: justify;\">Es ist also wieder notwendig, die obigen 5 Schritte zu durchlaufen und um einen 6. Schritt zu erweitern.<\/p>\n<p style=\"text-align: justify;\">Also gehen wir wie folgt vor:<\/p>\n<ol>\n<li style=\"text-align: justify;\">Klick auf &#8222;Max&#8220;, durch welchen der Cursor (gelb) aufs Impulsmaximum gesetzt wird<\/li>\n<li style=\"text-align: justify;\">Klick auf &#8222;Set&#8220;, um den Marker (rot) genau an dieser Stelle zu positionieren<\/li>\n<li style=\"text-align: justify;\">Klick auf &#8222;Pos 1&#8220; (auf manchen Tastaturen auch &#8222;Home&#8220;), um den Cursor auf Sample 300 zu setzen<\/li>\n<li style=\"text-align: justify;\">Klick auf &#8222;Get&#8220;, um den Wert des Delays zu erhalten<\/li>\n<li style=\"text-align: justify;\">Klick auf &#8222;Del&#8220;, um den Marker wieder zu l\u00f6schen<\/li>\n<li style=\"text-align: justify;\">Setzen des Markers (rot) vor die erste Reflektion mittels der rechten Maustaste<\/li>\n<\/ol>\n<p><a href=\"https:\/\/www.donhighend.de\/wp-content\/uploads\/2013\/08\/Schritt-6.png\"><img loading=\"lazy\" decoding=\"async\" class=\"aligncenter size-medium wp-image-1416\" src=\"https:\/\/www.donhighend.de\/wp-content\/uploads\/2013\/08\/Schritt-6-300x223.png\" alt=\"Schritt 6\" width=\"300\" height=\"223\" srcset=\"https:\/\/www.donhighend.de\/wp-content\/uploads\/2013\/08\/Schritt-6-300x223.png 300w, https:\/\/www.donhighend.de\/wp-content\/uploads\/2013\/08\/Schritt-6-1024x761.png 1024w, https:\/\/www.donhighend.de\/wp-content\/uploads\/2013\/08\/Schritt-6.png 1278w\" sizes=\"auto, (max-width: 300px) 100vw, 300px\" \/><\/a><\/p>\n<p style=\"text-align: justify;\">Ein Klick auf &#8222;FR&#8220; wechselt wieder in das &#8222;FR Magnitude&#8220; Fenster mit nun folgender Abbildung:<\/p>\n<p style=\"text-align: justify;\"><a href=\"https:\/\/www.donhighend.de\/wp-content\/uploads\/2013\/08\/\u00fcberlagerung-Nah-und-Fern.png\"><img loading=\"lazy\" decoding=\"async\" class=\"aligncenter size-medium wp-image-1427\" src=\"https:\/\/www.donhighend.de\/wp-content\/uploads\/2013\/08\/\u00fcberlagerung-Nah-und-Fern-300x226.png\" alt=\"\u00fcberlagerung Nah und Fern\" width=\"300\" height=\"226\" srcset=\"https:\/\/www.donhighend.de\/wp-content\/uploads\/2013\/08\/\u00fcberlagerung-Nah-und-Fern-300x226.png 300w, https:\/\/www.donhighend.de\/wp-content\/uploads\/2013\/08\/\u00fcberlagerung-Nah-und-Fern-1024x774.png 1024w, https:\/\/www.donhighend.de\/wp-content\/uploads\/2013\/08\/\u00fcberlagerung-Nah-und-Fern.png 1202w\" sizes=\"auto, (max-width: 300px) 100vw, 300px\" \/><\/a>Wir sehen, dass die beiden Frequenzkurven im Bereich der angestrebten &#8222;F\u00fcgungsfrequenz&#8220; um ca. 300 Hz quasi deckunsgleich verlaufen. Um die beiden Kurven an genau dieser Stelle miteinander zu verheiraten setzen wir eben genau dort den Cursor (gelb).<\/p>\n<p style=\"text-align: justify;\">Im Men\u00fc &#8222;Edit&#8220; w\u00e4hlen wir nun die Funktion &#8222;Merge Overlays below Cursor&#8220;. Danach l\u00f6schen wir das Overlay durch einen Klick auf &#8222;Delete last Overlay&#8220; im Men\u00fc &#8222;Edit&#8220;.<\/p>\n<p style=\"text-align: justify;\"><a href=\"https:\/\/www.donhighend.de\/wp-content\/uploads\/2013\/08\/Gesamtfrequenzgang-neu.png\"><img loading=\"lazy\" decoding=\"async\" class=\"aligncenter size-medium wp-image-1428\" src=\"https:\/\/www.donhighend.de\/wp-content\/uploads\/2013\/08\/Gesamtfrequenzgang-neu-300x226.png\" alt=\"Gesamtfrequenzgang neu\" width=\"300\" height=\"226\" srcset=\"https:\/\/www.donhighend.de\/wp-content\/uploads\/2013\/08\/Gesamtfrequenzgang-neu-300x226.png 300w, https:\/\/www.donhighend.de\/wp-content\/uploads\/2013\/08\/Gesamtfrequenzgang-neu-1024x774.png 1024w, https:\/\/www.donhighend.de\/wp-content\/uploads\/2013\/08\/Gesamtfrequenzgang-neu.png 1202w\" sizes=\"auto, (max-width: 300px) 100vw, 300px\" \/><\/a>\u00dcbrig bleiben der aus Fernfeld-, Nahfeld- und Portmessung zusammengesetze Gesamtfrequenzgang und die Phaseninformation, welche ein korrektes Arbeiten in einem Simulationsprogramm erm\u00f6glichen.<\/p>\n<p style=\"text-align: justify;\">\u00dcber die Men\u00fcpunkte &#8222;File&#8220; -&gt; &#8222;Export&#8220; -&gt; &#8222;ASCII file&#8220; ist die direkte Speicherung als .frd Datei m\u00f6glich.<\/p>\n<p style=\"text-align: justify;\">Viel Erfolg!<\/p>\n<h6 style=\"text-align: justify;\">Quellen: ARTA Kompendium,\u00a0 fernm\u00fcndlicher und schriftlicher Austausch mit dem User gazza aus dem D. A. U. Forum<\/h6>\n<h6 style=\"text-align: justify;\">ARTA ist ein Programm, welches von Ivo Mateljan entwickelt wurde und unter www.artalabs.hr als kostenlose Demoversion heruntergeladen werden kann. Eine Lizenz zur Nutzung als Vollversion kann ebendort erworben werden.<\/h6>\n<p>&nbsp;<\/p>\n<p>&nbsp;<\/p>\n<p>&nbsp;<\/p>\n<p>&nbsp;<\/p>\n<p>&nbsp;<\/p>\n","protected":false},"excerpt":{"rendered":"<p>Im ARTA Kompendium findet der User eine ausf\u00fchrliche Anleitung zum F\u00fcgen von Nah- und Fernfeldmessungen eigens gemessener Frequenzg\u00e4nge. Diese Anleitung setzt \u00e4usserst akribischen und in der Praxis kaum zu bewerkstelligenden Umgang mit den Messabst\u00e4nden voraus. Daraus resultiert, dass unter Anwendung des im Kompendium beschriebenen Formelwerks beim F\u00fcgen der Frequenzg\u00e4nge in fast allen F\u00e4llen h\u00e4ndisch nachskaliert &hellip; <\/p>\n<p><a class=\"more-link btn\" href=\"https:\/\/www.donhighend.de\/?page_id=1346\">Weiterlesen<\/a><\/p>\n","protected":false},"author":1,"featured_media":0,"parent":1341,"menu_order":998,"comment_status":"open","ping_status":"closed","template":"","meta":{"footnotes":""},"class_list":["post-1346","page","type-page","status-publish","hentry","nodate","item-wrap"],"_links":{"self":[{"href":"https:\/\/www.donhighend.de\/index.php?rest_route=\/wp\/v2\/pages\/1346","targetHints":{"allow":["GET"]}}],"collection":[{"href":"https:\/\/www.donhighend.de\/index.php?rest_route=\/wp\/v2\/pages"}],"about":[{"href":"https:\/\/www.donhighend.de\/index.php?rest_route=\/wp\/v2\/types\/page"}],"author":[{"embeddable":true,"href":"https:\/\/www.donhighend.de\/index.php?rest_route=\/wp\/v2\/users\/1"}],"replies":[{"embeddable":true,"href":"https:\/\/www.donhighend.de\/index.php?rest_route=%2Fwp%2Fv2%2Fcomments&post=1346"}],"version-history":[{"count":77,"href":"https:\/\/www.donhighend.de\/index.php?rest_route=\/wp\/v2\/pages\/1346\/revisions"}],"predecessor-version":[{"id":8540,"href":"https:\/\/www.donhighend.de\/index.php?rest_route=\/wp\/v2\/pages\/1346\/revisions\/8540"}],"up":[{"embeddable":true,"href":"https:\/\/www.donhighend.de\/index.php?rest_route=\/wp\/v2\/pages\/1341"}],"wp:attachment":[{"href":"https:\/\/www.donhighend.de\/index.php?rest_route=%2Fwp%2Fv2%2Fmedia&parent=1346"}],"curies":[{"name":"wp","href":"https:\/\/api.w.org\/{rel}","templated":true}]}}