{"id":1320,"date":"2013-08-06T10:51:48","date_gmt":"2013-08-06T10:51:48","guid":{"rendered":"http:\/\/www.donhighend.de\/?page_id=1320"},"modified":"2021-01-30T18:05:53","modified_gmt":"2021-01-30T17:05:53","slug":"tqwt-gehaeuse-falten-ganz-einfach","status":"publish","type":"page","link":"https:\/\/www.donhighend.de\/?page_id=1320","title":{"rendered":"TQWT Geh\u00e4use falten"},"content":{"rendered":"<p><img loading=\"lazy\" decoding=\"async\" class=\"aligncenter size-full wp-image-7944\" src=\"https:\/\/www.donhighend.de\/wp-content\/uploads\/2021\/01\/tqwt.jpg\" alt=\"\" width=\"601\" height=\"640\" srcset=\"https:\/\/www.donhighend.de\/wp-content\/uploads\/2021\/01\/tqwt.jpg 601w, https:\/\/www.donhighend.de\/wp-content\/uploads\/2021\/01\/tqwt-282x300.jpg 282w\" sizes=\"auto, (max-width: 601px) 100vw, 601px\" \/><\/p>\n<p style=\"text-align: justify;\">Da ich in der Vergangenheit einige <span class=\"highlight\">TQWT<\/span> Lautsprecher gebaut habe, m\u00f6chte ich an dieser Stelle meine Vorgehensweise bei der Faltung eines solchen Geh\u00e4uses vorstellen.<\/p>\n<p style=\"text-align: justify;\">Zun\u00e4chst gehe ich hin, und simuliere unter Anwendung des entsprechenden MJK-Sheets ein passendes Geh\u00e4use f\u00fcr das gew\u00fcnschte Chassis.<\/p>\n<p style=\"text-align: justify;\">Bedingt durch eine aktuelle Simulationsanfrage erl\u00e4utere ich mein Vorgehen am Beispiel eines sehr einfachen Car-HiFi Chassis, dem &#8222;Kenwood KFC-HQR13&#8220;<\/p>\n<p style=\"text-align: justify;\">Als erstes gebe ich die TSP des Chassis in das Sheet ein:<\/p>\n<p>&nbsp;<\/p>\n<p><a href=\"https:\/\/www.donhighend.de\/wp-content\/uploads\/2013\/08\/Eingabe-TSP.jpg\"><img loading=\"lazy\" decoding=\"async\" class=\"aligncenter size-full wp-image-2961\" src=\"https:\/\/www.donhighend.de\/wp-content\/uploads\/2013\/08\/Eingabe-TSP.jpg\" alt=\"Eingabe TSP\" width=\"374\" height=\"210\" srcset=\"https:\/\/www.donhighend.de\/wp-content\/uploads\/2013\/08\/Eingabe-TSP.jpg 374w, https:\/\/www.donhighend.de\/wp-content\/uploads\/2013\/08\/Eingabe-TSP-300x168.jpg 300w\" sizes=\"auto, (max-width: 374px) 100vw, 374px\" \/><\/a><\/p>\n<p>&nbsp;<\/p>\n<p style=\"text-align: justify;\">Die Erfahrung mit dem Sheet sagt mir, dass bei einer Resonanzfrequenz von 72 Hertz eine relativ kurze Line von etwa 1 Meter L\u00e4nge passen k\u00f6nnte. Nach einigen Versuchen und Einstellungen der &#8222;Stellschrauben&#8220; war die optimale L\u00e4nge mit 1,1 Metern recht schnell gefunden:<\/p>\n<p><a href=\"https:\/\/www.donhighend.de\/wp-content\/uploads\/2013\/08\/Faltung.jpg\"><img loading=\"lazy\" decoding=\"async\" class=\"aligncenter size-full wp-image-2964\" src=\"https:\/\/www.donhighend.de\/wp-content\/uploads\/2013\/08\/Faltung.jpg\" alt=\"Faltung\" width=\"468\" height=\"261\" srcset=\"https:\/\/www.donhighend.de\/wp-content\/uploads\/2013\/08\/Faltung.jpg 468w, https:\/\/www.donhighend.de\/wp-content\/uploads\/2013\/08\/Faltung-300x167.jpg 300w\" sizes=\"auto, (max-width: 468px) 100vw, 468px\" \/><\/a><\/p>\n<p>&nbsp;<\/p>\n<p style=\"text-align: justify;\">Dieses Geh\u00e4use f\u00fchrt zu folgendem, gemessen an den TSP, recht ordentlichen Frequenzgang:<\/p>\n<p><a href=\"https:\/\/www.donhighend.de\/wp-content\/uploads\/2013\/08\/FG-optimal.jpg\"><img loading=\"lazy\" decoding=\"async\" class=\"aligncenter size-full wp-image-2968\" src=\"https:\/\/www.donhighend.de\/wp-content\/uploads\/2013\/08\/FG-optimal.jpg\" alt=\"FG optimal\" width=\"528\" height=\"174\" srcset=\"https:\/\/www.donhighend.de\/wp-content\/uploads\/2013\/08\/FG-optimal.jpg 528w, https:\/\/www.donhighend.de\/wp-content\/uploads\/2013\/08\/FG-optimal-300x99.jpg 300w\" sizes=\"auto, (max-width: 528px) 100vw, 528px\" \/><\/a><\/p>\n<p>&nbsp;<\/p>\n<p style=\"text-align: justify;\">An dieser Stelle kommt der <a href=\"http:\/\/www.mh-audio.nl\/Calculators\/TQWT.asp\" target=\"_blank\" rel=\"noopener noreferrer\"><span style=\"color: #0000ff;\"><strong>TQWT Rechner von mh-Audio<\/strong><\/span><\/a> zum Einsatz.<\/p>\n<p style=\"text-align: justify;\">Dieser bietet die M\u00f6glichkeit, den Anfangs- und Endquerschnitt, sowie die Abstimmfrequenz der Line frei zu definieren. Genau das machen wir uns zunutze, um die mittels des MJK-Sheets simulierte <span class=\"highlight\">TQWT<\/span> zu <span class=\"highlight\">falten<\/span>.<\/p>\n<p style=\"text-align: justify;\">Wir geben zun\u00e4chst Fs und SD des gew\u00fcnschten Chassis ein:<\/p>\n<p>&nbsp;<\/p>\n<p><a href=\"https:\/\/www.donhighend.de\/wp-content\/uploads\/2013\/08\/Driver-Parameters-1.jpg\"><img loading=\"lazy\" decoding=\"async\" class=\"aligncenter size-full wp-image-2971\" src=\"https:\/\/www.donhighend.de\/wp-content\/uploads\/2013\/08\/Driver-Parameters-1.jpg\" alt=\"Driver Parameters 1\" width=\"397\" height=\"171\" srcset=\"https:\/\/www.donhighend.de\/wp-content\/uploads\/2013\/08\/Driver-Parameters-1.jpg 397w, https:\/\/www.donhighend.de\/wp-content\/uploads\/2013\/08\/Driver-Parameters-1-300x129.jpg 300w, https:\/\/www.donhighend.de\/wp-content\/uploads\/2013\/08\/Driver-Parameters-1-350x150.jpg 350w\" sizes=\"auto, (max-width: 397px) 100vw, 397px\" \/><\/a><\/p>\n<p>&nbsp;<\/p>\n<p>Nach einem Klick auf &#8222;calc. TQW Tube&#8220; erhalten wir folgendes Feld:<\/p>\n<p>&nbsp;<\/p>\n<p><a href=\"https:\/\/www.donhighend.de\/wp-content\/uploads\/2013\/08\/Ausgabe-1-und-3.jpg\"><img loading=\"lazy\" decoding=\"async\" class=\"aligncenter size-full wp-image-2974\" src=\"https:\/\/www.donhighend.de\/wp-content\/uploads\/2013\/08\/Ausgabe-1-und-3.jpg\" alt=\"Ausgabe 1 und 3\" width=\"482\" height=\"202\" srcset=\"https:\/\/www.donhighend.de\/wp-content\/uploads\/2013\/08\/Ausgabe-1-und-3.jpg 482w, https:\/\/www.donhighend.de\/wp-content\/uploads\/2013\/08\/Ausgabe-1-und-3-300x126.jpg 300w\" sizes=\"auto, (max-width: 482px) 100vw, 482px\" \/><\/a><\/p>\n<p>&nbsp;<\/p>\n<p>&nbsp;<\/p>\n<p style=\"text-align: justify;\">Der Rechner \u00fcbernimmt Fs des Chassis als Abstimmfrequenz der Line. Als Standardwerte f\u00fcr den Anfangs- bzw. Endquerschnitt der Line setzt das Programm 1 bzw. 3.<\/p>\n<p style=\"text-align: justify;\">Diese Daten f\u00fchren zu folgender Linegeometrie:<\/p>\n<p>&nbsp;<\/p>\n<p><a href=\"https:\/\/www.donhighend.de\/wp-content\/uploads\/2013\/08\/Plan-1.jpg\"><img loading=\"lazy\" decoding=\"async\" class=\"aligncenter size-full wp-image-2977\" src=\"https:\/\/www.donhighend.de\/wp-content\/uploads\/2013\/08\/Plan-1.jpg\" alt=\"Plan 1\" width=\"288\" height=\"504\" srcset=\"https:\/\/www.donhighend.de\/wp-content\/uploads\/2013\/08\/Plan-1.jpg 288w, https:\/\/www.donhighend.de\/wp-content\/uploads\/2013\/08\/Plan-1-171x300.jpg 171w\" sizes=\"auto, (max-width: 288px) 100vw, 288px\" \/><\/a><\/p>\n<p>&nbsp;<\/p>\n<p style=\"text-align: justify;\">Die errechnete Line ist 8,63 cm l\u00e4nger als das Optimum aus der MJK Simulation. Ferner stimmen ja Anfangs- und Endquerschnitt nicht, da wir die vom <span class=\"highlight\">TQWT<\/span> Rechner gesetzten Standardwerte nicht \u00fcberschrieben haben. Das Verhalten der Line aus dem mh-audio Rechner sieht \u00fcbrigens wie folgt aus:<\/p>\n<p>&nbsp;<\/p>\n<p><a href=\"https:\/\/www.donhighend.de\/wp-content\/uploads\/2013\/08\/FG-nach-MH-Audio.jpg\"><img loading=\"lazy\" decoding=\"async\" class=\"aligncenter size-full wp-image-2979\" src=\"https:\/\/www.donhighend.de\/wp-content\/uploads\/2013\/08\/FG-nach-MH-Audio.jpg\" alt=\"FG nach MH Audio\" width=\"521\" height=\"172\" srcset=\"https:\/\/www.donhighend.de\/wp-content\/uploads\/2013\/08\/FG-nach-MH-Audio.jpg 521w, https:\/\/www.donhighend.de\/wp-content\/uploads\/2013\/08\/FG-nach-MH-Audio-300x99.jpg 300w\" sizes=\"auto, (max-width: 521px) 100vw, 521px\" \/><\/a><\/p>\n<p>&nbsp;<\/p>\n<p style=\"text-align: justify;\">Als n\u00e4chsten Schritt geben wir die simulierten Querschnitte ein und \u00e4ndern gleichzeitig die Abstimmfrequenz der Line so lange, bis die Linel\u00e4nge der MJK Simulation entspricht. In unserem Beispiel f\u00fchren 77.73 Hz zur gew\u00fcnschten L\u00e4nge von 110cm.<\/p>\n<p>&nbsp;<\/p>\n<p><a href=\"https:\/\/www.donhighend.de\/wp-content\/uploads\/2013\/08\/Ausgabe-1-und-5.jpg\"><img loading=\"lazy\" decoding=\"async\" class=\"aligncenter size-full wp-image-2982\" src=\"https:\/\/www.donhighend.de\/wp-content\/uploads\/2013\/08\/Ausgabe-1-und-5.jpg\" alt=\"Ausgabe 1 und 5\" width=\"482\" height=\"201\" srcset=\"https:\/\/www.donhighend.de\/wp-content\/uploads\/2013\/08\/Ausgabe-1-und-5.jpg 482w, https:\/\/www.donhighend.de\/wp-content\/uploads\/2013\/08\/Ausgabe-1-und-5-300x125.jpg 300w\" sizes=\"auto, (max-width: 482px) 100vw, 482px\" \/><\/a><\/p>\n<p>&nbsp;<\/p>\n<p><a href=\"https:\/\/www.donhighend.de\/wp-content\/uploads\/2013\/08\/Plan-2.jpg\"><img loading=\"lazy\" decoding=\"async\" class=\"aligncenter size-full wp-image-2983\" src=\"https:\/\/www.donhighend.de\/wp-content\/uploads\/2013\/08\/Plan-2.jpg\" alt=\"Plan 2\" width=\"288\" height=\"503\" srcset=\"https:\/\/www.donhighend.de\/wp-content\/uploads\/2013\/08\/Plan-2.jpg 288w, https:\/\/www.donhighend.de\/wp-content\/uploads\/2013\/08\/Plan-2-172x300.jpg 172w\" sizes=\"auto, (max-width: 288px) 100vw, 288px\" \/><\/a><\/p>\n<p>&nbsp;<\/p>\n<p style=\"text-align: justify;\"><b><span style=\"color: red;\">Da wir den <span class=\"highlight\">TQWT<\/span> Rechner lediglich zur Ermittlung der korrekten Geometrie missbraucht haben, stimmt nat\u00fcrlich die Chassisposition nicht. Diese errechnet man anhand des Wertes aus dem MJK-Sheet. In unserem Beispiel sitzt das Chassis auf 0,63 x der L\u00e4nge, gesehen vom Anfangsquerschnitt, also auf 69,3 cm. Ferner werden Querschnitt und L\u00e4nge des Ports ebenso aus dem Sheet \u00fcbernommen.<br \/>\n<\/span><\/b><\/p>\n<p style=\"text-align: justify;\">Anhand der Grafik kann man nun eine Zuschnittliste erstellen und zum Baumarkt seines Vertrauens fahren.<\/p>\n<p>&nbsp;<\/p>\n<p><a href=\"https:\/\/www.donhighend.de\/wp-content\/uploads\/2013\/08\/Faltungsplan.jpg\"><img loading=\"lazy\" decoding=\"async\" class=\"aligncenter size-full wp-image-2986\" src=\"https:\/\/www.donhighend.de\/wp-content\/uploads\/2013\/08\/Faltungsplan.jpg\" alt=\"Faltungsplan\" width=\"291\" height=\"321\" srcset=\"https:\/\/www.donhighend.de\/wp-content\/uploads\/2013\/08\/Faltungsplan.jpg 291w, https:\/\/www.donhighend.de\/wp-content\/uploads\/2013\/08\/Faltungsplan-272x300.jpg 272w\" sizes=\"auto, (max-width: 291px) 100vw, 291px\" \/><\/a><\/p>\n<p>&nbsp;<\/p>\n<p style=\"text-align: justify;\">Schlaue K\u00f6pfe werden schnell merken, dass bei einer Chassisposition von 69,3 cm in diesem Fall das Chassis quasi auf dem Deckel montiert werden m\u00fcsste. In einem solchen Fall muss man leider wieder &#8222;zu Fuss&#8220; rechnen und den Knickpunkt der Line verschieben, bis es passt. Evtl. so:<\/p>\n<p><a href=\"https:\/\/www.donhighend.de\/wp-content\/uploads\/2013\/08\/doppelte-Faltung.jpg\"><img loading=\"lazy\" decoding=\"async\" class=\"aligncenter size-full wp-image-2993\" src=\"https:\/\/www.donhighend.de\/wp-content\/uploads\/2013\/08\/doppelte-Faltung.jpg\" alt=\"doppelte Faltung\" width=\"249\" height=\"350\" srcset=\"https:\/\/www.donhighend.de\/wp-content\/uploads\/2013\/08\/doppelte-Faltung.jpg 249w, https:\/\/www.donhighend.de\/wp-content\/uploads\/2013\/08\/doppelte-Faltung-213x300.jpg 213w\" sizes=\"auto, (max-width: 249px) 100vw, 249px\" \/><\/a><\/p>\n<p>&nbsp;<\/p>\n<p style=\"text-align: justify;\">Nat\u00fcrlich muss man dann den Knickpunkt neu errechnen, da durch die Verl\u00e4ngerung des vorderen, schmalen Teils der Line der Knickpunkt &#8222;h\u00f6her&#8220; sitzt. Dabei kommt es nicht darauf an, auf den Zentimeter genau zu arbeiten. Das ist nicht kritisch. Viel viel empfindlicher reagiert die Line auf die Chassisposition und den Portquerschnitt. Selbst die Portl\u00e4nge ist relativ unkritisch, solange man sie nicht grob ver\u00e4ndert.<\/p>\n<p style=\"text-align: justify;\">Wenn es bei einer <span class=\"highlight\">TQWT<\/span> aus o.g. Gr\u00fcnden notwendig ist, den Knickpunkt der Line zu verlegen, kann man sich eines weiteren Hilfsmittels bedienen. Als drittes Programm kommt nun AJHorn ins Spiel. Dort wird einfach ein Horn mit entsprechendem Anfangs- und Endquerschnitt bei gegebener Linel\u00e4nge simuliert. Dann unter &#8222;Extras&#8220; auf &#8222;Kontur listen&#8220; klicken und der Tabelle den Querschnitt im Bereich des Knickpunktes entnehmen.<\/p>\n<p style=\"text-align: justify;\">Der User Eismann aus dem DIY-HiFi-Forum hat ein Excel-Sheet hochgeladen, mit dessen HIlfe doppelt gefaltete TQWT Geh\u00e4use berechnet werden k\u00f6nnen.\u00a0 Er war so freundlich und hat mir die Verlinkung dazu <a href=\"http:\/\/www.igdh.eu\/wp-content\/uploads\/2012\/12\/tqwtmit2Knicken.xls\" target=\"_blank\" rel=\"noopener noreferrer\"><strong>HIER<\/strong><\/a> genehmigt.<\/p>\n","protected":false},"excerpt":{"rendered":"<p>Da ich in der Vergangenheit einige TQWT Lautsprecher gebaut habe, m\u00f6chte ich an dieser Stelle meine Vorgehensweise bei der Faltung eines solchen Geh\u00e4uses vorstellen. Zun\u00e4chst gehe ich hin, und simuliere unter Anwendung des entsprechenden MJK-Sheets ein passendes Geh\u00e4use f\u00fcr das gew\u00fcnschte Chassis. Bedingt durch eine aktuelle Simulationsanfrage erl\u00e4utere ich mein Vorgehen am Beispiel eines sehr &hellip; <\/p>\n<p><a class=\"more-link btn\" href=\"https:\/\/www.donhighend.de\/?page_id=1320\">Weiterlesen<\/a><\/p>\n","protected":false},"author":1,"featured_media":7944,"parent":1318,"menu_order":0,"comment_status":"open","ping_status":"closed","template":"","meta":{"footnotes":""},"class_list":["post-1320","page","type-page","status-publish","has-post-thumbnail","hentry","nodate","item-wrap"],"_links":{"self":[{"href":"https:\/\/www.donhighend.de\/index.php?rest_route=\/wp\/v2\/pages\/1320","targetHints":{"allow":["GET"]}}],"collection":[{"href":"https:\/\/www.donhighend.de\/index.php?rest_route=\/wp\/v2\/pages"}],"about":[{"href":"https:\/\/www.donhighend.de\/index.php?rest_route=\/wp\/v2\/types\/page"}],"author":[{"embeddable":true,"href":"https:\/\/www.donhighend.de\/index.php?rest_route=\/wp\/v2\/users\/1"}],"replies":[{"embeddable":true,"href":"https:\/\/www.donhighend.de\/index.php?rest_route=%2Fwp%2Fv2%2Fcomments&post=1320"}],"version-history":[{"count":38,"href":"https:\/\/www.donhighend.de\/index.php?rest_route=\/wp\/v2\/pages\/1320\/revisions"}],"predecessor-version":[{"id":7945,"href":"https:\/\/www.donhighend.de\/index.php?rest_route=\/wp\/v2\/pages\/1320\/revisions\/7945"}],"up":[{"embeddable":true,"href":"https:\/\/www.donhighend.de\/index.php?rest_route=\/wp\/v2\/pages\/1318"}],"wp:featuredmedia":[{"embeddable":true,"href":"https:\/\/www.donhighend.de\/index.php?rest_route=\/wp\/v2\/media\/7944"}],"wp:attachment":[{"href":"https:\/\/www.donhighend.de\/index.php?rest_route=%2Fwp%2Fv2%2Fmedia&parent=1320"}],"curies":[{"name":"wp","href":"https:\/\/api.w.org\/{rel}","templated":true}]}}