{"id":10183,"date":"2024-06-03T15:09:26","date_gmt":"2024-06-03T14:09:26","guid":{"rendered":"https:\/\/www.donhighend.de\/?page_id=10183"},"modified":"2024-10-28T14:46:06","modified_gmt":"2024-10-28T13:46:06","slug":"10183-2","status":"publish","type":"page","link":"https:\/\/www.donhighend.de\/?page_id=10183","title":{"rendered":"elVIS"},"content":{"rendered":"<p><img loading=\"lazy\" decoding=\"async\" class=\"aligncenter size-full wp-image-10442\" src=\"https:\/\/www.donhighend.de\/wp-content\/uploads\/2024\/07\/Titelbild-neu.jpg\" alt=\"\" width=\"480\" height=\"640\" srcset=\"https:\/\/www.donhighend.de\/wp-content\/uploads\/2024\/07\/Titelbild-neu.jpg 480w, https:\/\/www.donhighend.de\/wp-content\/uploads\/2024\/07\/Titelbild-neu-225x300.jpg 225w\" sizes=\"auto, (max-width: 480px) 100vw, 480px\" \/><\/p>\n<p style=\"text-align: justify;\">Aus einem Abverkauf wegen Gesch\u00e4ftsaufgabe konnte ich k\u00fcrzlich ein Paar Visaton SL87 FE zum Preis einer Packung Zigaretten ergattern. Optisch sind die kleinen Breitb\u00e4nder mit ihrer gl\u00e4nzenden Polypropylenmembran trotz des Ohrenkorbes gar nicht so \u00fcbel, und auch die im Datenblatt ver\u00f6ffentlichten TSP sind brauchbar. Klar, mit einer ausgewiesenen Fs von 120 Hz und einem Qts von 0,65 lassen sich keine B\u00e4ume ausrei\u00dfen, aber das wird von einem 3,4 Z\u00f6ller auch niemand ernsthaft erwarten.<\/p>\n<p style=\"text-align: center;\"><img loading=\"lazy\" decoding=\"async\" class=\"aligncenter size-full wp-image-10189\" src=\"https:\/\/www.donhighend.de\/wp-content\/uploads\/2024\/06\/SL-87-FE-mit-Schrauben.jpg\" alt=\"\" width=\"600\" height=\"600\" srcset=\"https:\/\/www.donhighend.de\/wp-content\/uploads\/2024\/06\/SL-87-FE-mit-Schrauben.jpg 600w, https:\/\/www.donhighend.de\/wp-content\/uploads\/2024\/06\/SL-87-FE-mit-Schrauben-300x300.jpg 300w, https:\/\/www.donhighend.de\/wp-content\/uploads\/2024\/06\/SL-87-FE-mit-Schrauben-150x150.jpg 150w\" sizes=\"auto, (max-width: 600px) 100vw, 600px\" \/>Visaton SL87 FE<\/p>\n<p>&nbsp;<\/p>\n<p style=\"text-align: justify;\">Schnell habe ich nach dem Auspacken eine TSP Messung vorgenommen, um die im Datenblatt angegebenen Werte zu verifizieren. Ja, es gibt Abweichungen, die jedoch verschmerzbar sind. Fs liegt mit gut 114,4 Hz erfreulicherweise etwas tiefer, Qts und Vas sind etwas h\u00f6her.<\/p>\n<p style=\"text-align: center;\"><img loading=\"lazy\" decoding=\"async\" class=\"aligncenter size-full wp-image-10191\" src=\"https:\/\/www.donhighend.de\/wp-content\/uploads\/2024\/06\/TSP-nach-einwobblen.jpg\" alt=\"\" width=\"708\" height=\"644\" srcset=\"https:\/\/www.donhighend.de\/wp-content\/uploads\/2024\/06\/TSP-nach-einwobblen.jpg 708w, https:\/\/www.donhighend.de\/wp-content\/uploads\/2024\/06\/TSP-nach-einwobblen-300x273.jpg 300w\" sizes=\"auto, (max-width: 708px) 100vw, 708px\" \/>Visaton SL87 FE TSP out of the Box<\/p>\n<p>&nbsp;<\/p>\n<p style=\"text-align: justify;\">Unterm Strich f\u00fchren die gemessenen TSP zu einer nahezu identischen Abstimmung wie mit den Angaben im Datenblatt. Wie aber soll die aussehen, mit einem Fs von rund 115 Hz und einem Qts von knapp unter 0,7? In diesem Fall hei\u00dft die Zauberformel BRHP, was f\u00fcr Bassreflex mit Hochpasskondensator steht. Daf\u00fcr dimensioniert man dem zu verwendenden Chassis ein Volumen auf den Korb, welches in etwa dem dreifachen Wert von Vas entspricht. Genau kann man das optimale Volumen mit dieser Faustformel nicht bestimmen, jedoch ist der Wert aus dieser Multiplikation eine sinnvolle Basis f\u00fcr eine Geh\u00e4usesimulation, in der man das Zusammenspiel aus Volumen, Abstimmfrequenz und Wert des HPC optimiert.<\/p>\n<p style=\"text-align: justify;\">Dies geschah im Falle von elVIS&#8216; Behausung mit dem Enclosure Tool von VituicCAD. Mit 6 Litern Luft im R\u00fccken, einer Abstimmfrequenz von 68Hz und 500\u00b5F kapazitiver Unterst\u00fctzung spielt der kleine Haaner mit etwas abfallender Flanke bis ca. 65Hz. Das passt wie Faust auf&#8217;s Auge, oder wie Box auf Desktop.<\/p>\n<p><img loading=\"lazy\" decoding=\"async\" class=\"aligncenter size-full wp-image-10209\" src=\"https:\/\/www.donhighend.de\/wp-content\/uploads\/2024\/06\/SL87-FE-in-6-L-BR-ohne-vs.-mit-500-\u00b5F-HPC.gif\" alt=\"\" width=\"800\" height=\"555\" \/><\/p>\n<p style=\"text-align: center;\">Simulation (VituixCAD Enclosure Tool) Visaton SL87 FE in 6 Litern BR vs. BRHP<\/p>\n<p>&nbsp;<\/p>\n<p style=\"text-align: justify;\">Die obige Grafik zeigt das Verhalten des SL 87 FE in 6 Litern BR mit und ohne HPC. Der Wert des Kondensators betrug in diesem Beispiel 500\u00b5F. Die Bandbreite der m\u00f6glichen Kapazit\u00e4tswerte reicht von 330\u00b5F &#8211; 750\u00b5F, ohne dass starke Abweichungen die Folge w\u00e4ren. Der gro\u00dfe Vorteil dieser Tatsache ist, dass sich ein Quasi-bipolarer Elko durch einfache Reihenschaltung zweier unipolarer Elkos f\u00fcr ein paar Cent zusammensetzen lassen. Dazu werden zwei unipolare Elkos an den Minuspolen in Reihe verl\u00f6tet. Die beiden Pluspole bilden dann den bipolaren Elko. Durch die Reihenschaltung halbiert sich der Nennwert der einzelnen Elkos, so dass sich Werte zwischen 680\u00b5F und 1500\u00b5F f\u00fcr eine Reihenschaltung eignen. Nat\u00fcrlich kann der HPC auch komplett entfallen. Ggfs. kann dann der Port um vielleicht einen Zentimeter gek\u00fcrzt werden.<\/p>\n<p style=\"text-align: justify;\">In meiner Werkstatt halte ich den Vorrat an Plattenmaterial zwar eher klein, aber ein paar Abschnitte aus vorherigen Projekten oder g\u00fcnstige kleine Platten aus der Restekiste des \u00f6rtlichen OBI sind immer vorhanden. Diese reichten f\u00fcr zwei kleine Spanplattenkistchen, f\u00fcr deren Schallw\u00e4nde ich sogar noch einen\u00a0 MDF Rest hatte. Perfekte Voraussetzungen f\u00fcr einen schnellen Start. Schnell waren Messungen des kleinen Breitb\u00e4nders im Kasten.<\/p>\n<p style=\"text-align: center;\"><img loading=\"lazy\" decoding=\"async\" class=\"aligncenter size-full wp-image-10215\" src=\"https:\/\/www.donhighend.de\/wp-content\/uploads\/2024\/06\/elVIS-unbeschaltet.png\" alt=\"\" width=\"1152\" height=\"535\" srcset=\"https:\/\/www.donhighend.de\/wp-content\/uploads\/2024\/06\/elVIS-unbeschaltet.png 1152w, https:\/\/www.donhighend.de\/wp-content\/uploads\/2024\/06\/elVIS-unbeschaltet-300x139.png 300w, https:\/\/www.donhighend.de\/wp-content\/uploads\/2024\/06\/elVIS-unbeschaltet-1024x476.png 1024w, https:\/\/www.donhighend.de\/wp-content\/uploads\/2024\/06\/elVIS-unbeschaltet-768x357.png 768w, https:\/\/www.donhighend.de\/wp-content\/uploads\/2024\/06\/elVIS-unbeschaltet-750x348.png 750w\" sizes=\"auto, (max-width: 1152px) 100vw, 1152px\" \/>elVIS 0\u00b0 unbeschaltet (Nahfeld unter 300 Hz gef\u00fcgt)<\/p>\n<p>&nbsp;<\/p>\n<p style=\"text-align: center;\"><img loading=\"lazy\" decoding=\"async\" class=\"aligncenter size-full wp-image-10216\" src=\"https:\/\/www.donhighend.de\/wp-content\/uploads\/2024\/06\/elVIS-unbeschaltet-0\u00b0-90\u00b0.png\" alt=\"\" width=\"1092\" height=\"535\" srcset=\"https:\/\/www.donhighend.de\/wp-content\/uploads\/2024\/06\/elVIS-unbeschaltet-0\u00b0-90\u00b0.png 1092w, https:\/\/www.donhighend.de\/wp-content\/uploads\/2024\/06\/elVIS-unbeschaltet-0\u00b0-90\u00b0-300x147.png 300w, https:\/\/www.donhighend.de\/wp-content\/uploads\/2024\/06\/elVIS-unbeschaltet-0\u00b0-90\u00b0-1024x502.png 1024w, https:\/\/www.donhighend.de\/wp-content\/uploads\/2024\/06\/elVIS-unbeschaltet-0\u00b0-90\u00b0-768x376.png 768w, https:\/\/www.donhighend.de\/wp-content\/uploads\/2024\/06\/elVIS-unbeschaltet-0\u00b0-90\u00b0-750x367.png 750w\" sizes=\"auto, (max-width: 1092px) 100vw, 1092px\" \/>elVIS 0\u00b0 &#8211; 90\u00b0 unbeschaltet (Nahfeld unter 300 Hz gef\u00fcgt)<\/p>\n<p>&nbsp;<\/p>\n<p style=\"text-align: justify;\">Der Frequenzgang verl\u00e4uft bis etwa 8 kHz sehr ordentlich. Sehr deutlich zeichnet sich die Stufe durch den Effekt des Baffle Steps zwischen 600 Hz und 1 kHz ab. Unterhalb dieses Bereichs reduziert sich der Pegel um 6dB. Nat\u00fcrlich kann man einen solchen Frequenzverlauf mit wenigen Bauteilen so korrigieren, dass sich ein ertr\u00e4gliches Ergebnis einstellt. Um jedoch einen unter HiFi Gesichtspunkten guten Frequenzgang und auch eine ordentliche Energieabgabe zu erreichen, sind ein paar Bauteile mehr notwendig. Die resultierende Simulation kann sich aber auch sehen lassen.<\/p>\n<p style=\"text-align: center;\"><img loading=\"lazy\" decoding=\"async\" class=\"aligncenter size-full wp-image-10218\" src=\"https:\/\/www.donhighend.de\/wp-content\/uploads\/2024\/06\/elVIS-0\u00b0-beschaltet.png\" alt=\"\" width=\"1152\" height=\"535\" srcset=\"https:\/\/www.donhighend.de\/wp-content\/uploads\/2024\/06\/elVIS-0\u00b0-beschaltet.png 1152w, https:\/\/www.donhighend.de\/wp-content\/uploads\/2024\/06\/elVIS-0\u00b0-beschaltet-300x139.png 300w, https:\/\/www.donhighend.de\/wp-content\/uploads\/2024\/06\/elVIS-0\u00b0-beschaltet-1024x476.png 1024w, https:\/\/www.donhighend.de\/wp-content\/uploads\/2024\/06\/elVIS-0\u00b0-beschaltet-768x357.png 768w, https:\/\/www.donhighend.de\/wp-content\/uploads\/2024\/06\/elVIS-0\u00b0-beschaltet-750x348.png 750w\" sizes=\"auto, (max-width: 1152px) 100vw, 1152px\" \/>elVIS Simulation 0\u00b0 beschaltet (Nahfeld unter 300 Hz gef\u00fcgt)<\/p>\n<p>&nbsp;<\/p>\n<p style=\"text-align: center;\"><img loading=\"lazy\" decoding=\"async\" class=\"aligncenter size-full wp-image-10219\" src=\"https:\/\/www.donhighend.de\/wp-content\/uploads\/2024\/06\/elVIS-beschaltet-0\u00b0-90\u00b0.png\" alt=\"\" width=\"1092\" height=\"535\" srcset=\"https:\/\/www.donhighend.de\/wp-content\/uploads\/2024\/06\/elVIS-beschaltet-0\u00b0-90\u00b0.png 1092w, https:\/\/www.donhighend.de\/wp-content\/uploads\/2024\/06\/elVIS-beschaltet-0\u00b0-90\u00b0-300x147.png 300w, https:\/\/www.donhighend.de\/wp-content\/uploads\/2024\/06\/elVIS-beschaltet-0\u00b0-90\u00b0-1024x502.png 1024w, https:\/\/www.donhighend.de\/wp-content\/uploads\/2024\/06\/elVIS-beschaltet-0\u00b0-90\u00b0-768x376.png 768w, https:\/\/www.donhighend.de\/wp-content\/uploads\/2024\/06\/elVIS-beschaltet-0\u00b0-90\u00b0-750x367.png 750w\" sizes=\"auto, (max-width: 1092px) 100vw, 1092px\" \/>elVIS Simulation 0\u00b0 &#8211; 90\u00b0 beschaltet (Nahfeld unter 300 Hz gef\u00fcgt)<\/p>\n<p>&nbsp;<\/p>\n<p>Wie immer war es nun an der Zeit, die Richtigkeit der Simulation mit Messungen zu belegen.<\/p>\n<p style=\"text-align: center;\"><img loading=\"lazy\" decoding=\"async\" class=\"aligncenter size-full wp-image-10220\" src=\"https:\/\/www.donhighend.de\/wp-content\/uploads\/2024\/06\/elVIS-0\u00b0-Impedanzverlauf.png\" alt=\"\" width=\"1000\" height=\"576\" srcset=\"https:\/\/www.donhighend.de\/wp-content\/uploads\/2024\/06\/elVIS-0\u00b0-Impedanzverlauf.png 1000w, https:\/\/www.donhighend.de\/wp-content\/uploads\/2024\/06\/elVIS-0\u00b0-Impedanzverlauf-300x173.png 300w, https:\/\/www.donhighend.de\/wp-content\/uploads\/2024\/06\/elVIS-0\u00b0-Impedanzverlauf-768x442.png 768w, https:\/\/www.donhighend.de\/wp-content\/uploads\/2024\/06\/elVIS-0\u00b0-Impedanzverlauf-750x432.png 750w\" sizes=\"auto, (max-width: 1000px) 100vw, 1000px\" \/>elVIS Messung 0\u00b0 (Nahfeld unter 300 Hz gef\u00fcgt) + Impedanzverlauf<\/p>\n<p>&nbsp;<\/p>\n<p style=\"text-align: center;\"><img loading=\"lazy\" decoding=\"async\" class=\"aligncenter size-full wp-image-10222\" src=\"https:\/\/www.donhighend.de\/wp-content\/uploads\/2024\/06\/elVIS-0\u00b0-90\u00b0.png\" alt=\"\" width=\"1000\" height=\"600\" srcset=\"https:\/\/www.donhighend.de\/wp-content\/uploads\/2024\/06\/elVIS-0\u00b0-90\u00b0.png 1000w, https:\/\/www.donhighend.de\/wp-content\/uploads\/2024\/06\/elVIS-0\u00b0-90\u00b0-300x180.png 300w, https:\/\/www.donhighend.de\/wp-content\/uploads\/2024\/06\/elVIS-0\u00b0-90\u00b0-768x461.png 768w, https:\/\/www.donhighend.de\/wp-content\/uploads\/2024\/06\/elVIS-0\u00b0-90\u00b0-750x450.png 750w\" sizes=\"auto, (max-width: 1000px) 100vw, 1000px\" \/>elVIS Messung 0\u00b0 &#8211; 90\u00b0 (Nahfeld unter 300 Hz gef\u00fcgt)<\/p>\n<p>&nbsp;<\/p>\n<p style=\"text-align: justify;\">Obwohl es eigentlich keiner Erw\u00e4hnung mehr bedarf, sei erw\u00e4hnt, dass die Simulation und die reale Messung \u00fcbereinstimmen. Auf Achse und unter 15\u00b0 steigt der Hochtonpegel ein gutes St\u00fcck an. Unter 30\u00b0 verl\u00e4uft die Frequenzgangkurve nahezu linear bis in den Hochtonbereich. Ein ideales Ma\u00df an Hochtonenergie sollte sich unter Abh\u00f6rwinkeln zwischen 15\u00b0 und 30\u00b0 einstellen. Hier darf durchaus der pers\u00f6nliche Geschmack entscheiden. Hinsichtlich des HPC f\u00fchren die weiter oben genannten Kapazit\u00e4ten zu praktikablen Ergebnissen. Der HPC kann je nach Aufstellung auf einem Desktop oder einem wandnahen Regal und\/oder nach pers\u00f6nlichen Vorlieben auch entfallen.<\/p>\n<p>Trotz der gewissenhaften Beschaltung bleibt diese \u00fcbersichtlich und einfach.<\/p>\n<p><img loading=\"lazy\" decoding=\"async\" class=\"aligncenter size-full wp-image-10432\" src=\"https:\/\/www.donhighend.de\/wp-content\/uploads\/2024\/07\/elVIS-var1-XO-schema-1-final-WZ.png\" alt=\"\" width=\"681\" height=\"234\" srcset=\"https:\/\/www.donhighend.de\/wp-content\/uploads\/2024\/07\/elVIS-var1-XO-schema-1-final-WZ.png 681w, https:\/\/www.donhighend.de\/wp-content\/uploads\/2024\/07\/elVIS-var1-XO-schema-1-final-WZ-300x103.png 300w\" sizes=\"auto, (max-width: 681px) 100vw, 681px\" \/><\/p>\n<p style=\"text-align: center;\">elVIS Weichenplan<\/p>\n<p style=\"text-align: center;\"><strong> <span class=\"col col_shortcode\"><a class=\"maxbutton-5 maxbutton maxbutton-warenkorb-weiche-elvis\" target=\"_blank\" rel=\"noopener\" href=\"https:\/\/www.donhighend.de\/wp-content\/uploads\/2024\/07\/Warenkorb.pdf\"><span class='mb-text'>Warenkorb PDF<\/span><\/a> <\/span><\/strong><\/p>\n<p style=\"text-align: center;\">Warenkorb f\u00fcr die Weichenteile der elVIS aus dem <span style=\"color: #0000ff;\"><a style=\"color: #0000ff;\" href=\"https:\/\/quint-store.com\/\" target=\"_blank\" rel=\"noopener\">Quint-Store<\/a><\/span> (Preisstand 10.06.2024)<\/p>\n<p>&nbsp;<\/p>\n<p style=\"text-align: justify;\">Die Weichen entstanden fast ausschlie\u00dflich aus Bauteilen, die ich aus Industrieweichen ausgel\u00f6tet habe. Diese konnte ich vor einiger Zeit als gro\u00dfen Posten mit einem Gewicht von \u00fcber 100 Kilogramm g\u00fcnstig erwerben. Die Korrekturschaltung habe ich, bis auf den HPC, auf der R\u00fcckwand aufgebaut, weil sich ein sp\u00e4terer Einbau durch die Chassis\u00f6ffnung hinweg als kaum m\u00f6glich erweisen w\u00fcrde.<\/p>\n<p><img loading=\"lazy\" decoding=\"async\" class=\"aligncenter size-full wp-image-10447\" src=\"https:\/\/www.donhighend.de\/wp-content\/uploads\/2024\/07\/Weiche-1.jpg\" alt=\"\" width=\"853\" height=\"640\" srcset=\"https:\/\/www.donhighend.de\/wp-content\/uploads\/2024\/07\/Weiche-1.jpg 853w, https:\/\/www.donhighend.de\/wp-content\/uploads\/2024\/07\/Weiche-1-300x225.jpg 300w, https:\/\/www.donhighend.de\/wp-content\/uploads\/2024\/07\/Weiche-1-768x576.jpg 768w, https:\/\/www.donhighend.de\/wp-content\/uploads\/2024\/07\/Weiche-1-750x563.jpg 750w\" sizes=\"auto, (max-width: 853px) 100vw, 853px\" \/><\/p>\n<p>&nbsp;<\/p>\n<p style=\"text-align: justify;\">Durch den Einsatz g\u00fcnstiger Bauteile bleibt die Korrekturschaltung aber auch bei Neuanschaffung mit etwa 12,- Euro preiswert. Die 0,56mH Spule in Reihe zum Chassis ist als I-Kernspule mit 0,7mm Draht ausgef\u00fchrt. Im Saugkreis kommt ebenfalls eine 1,2mH I-Kernspule mit 0,7mm Draht zum Einsatz. Bei den Kondensatoren reichen Elkos, und bei den Widerst\u00e4nden sind 5 Watt Zementtypen vollkommen in Ordnung. Zum HPC gibt es ein St\u00fcckchen weiter oben eine detaillierte Erkl\u00e4rung. Im Falle meines Aufbaus habe ich mich zweier preiswerter unipolarer <span style=\"color: #0000ff;\"><a style=\"color: #0000ff;\" href=\"https:\/\/www.pollin.de\/p\/jamicon-elektrolytkondensator-1mf-63v-210599\" target=\"_blank\" rel=\"noopener\">1000\u00b5F Elkos<\/a><\/span> zu je 0,62 Euro aus dem\u00a0 Sortiment von Pollin bedient. Die Kondensatoren habe zun\u00e4chst mit einem Tropfen Hei\u00dfkleber so miteinander verbunden, dass die beiden k\u00fcrzeren Minuspole nebeneinander liegen. Im n\u00e4chsten Schritt habe ich die Minuspole miteinander verl\u00f6tet.<\/p>\n<p style=\"text-align: center;\"><img loading=\"lazy\" decoding=\"async\" class=\"aligncenter size-full wp-image-10436\" src=\"https:\/\/www.donhighend.de\/wp-content\/uploads\/2024\/07\/Elkos-rotated.jpg\" alt=\"\" width=\"480\" height=\"640\" srcset=\"https:\/\/www.donhighend.de\/wp-content\/uploads\/2024\/07\/Elkos-rotated.jpg 480w, https:\/\/www.donhighend.de\/wp-content\/uploads\/2024\/07\/Elkos-225x300.jpg 225w\" sizes=\"auto, (max-width: 480px) 100vw, 480px\" \/>Unipolare 1000\u00b5F Elkos mit verbundenen Minuspolen<\/p>\n<p>&nbsp;<\/p>\n<p>Das Gebilde habe ich dann auf den Magneten des SL87FE geklebt und hinter dem eigentlichen Filter in die Plus Zuleitung des Chassis geschleift.<\/p>\n<p><img loading=\"lazy\" decoding=\"async\" class=\"aligncenter size-full wp-image-10445\" src=\"https:\/\/www.donhighend.de\/wp-content\/uploads\/2024\/07\/Elkos-auf-Magnet.jpg\" alt=\"\" width=\"853\" height=\"640\" srcset=\"https:\/\/www.donhighend.de\/wp-content\/uploads\/2024\/07\/Elkos-auf-Magnet.jpg 853w, https:\/\/www.donhighend.de\/wp-content\/uploads\/2024\/07\/Elkos-auf-Magnet-300x225.jpg 300w, https:\/\/www.donhighend.de\/wp-content\/uploads\/2024\/07\/Elkos-auf-Magnet-768x576.jpg 768w, https:\/\/www.donhighend.de\/wp-content\/uploads\/2024\/07\/Elkos-auf-Magnet-750x563.jpg 750w\" sizes=\"auto, (max-width: 853px) 100vw, 853px\" \/><\/p>\n<p style=\"text-align: center;\">Quasi bipolarer 500\u00b5F Elko in Plus-Zuleitung des SL87FE<\/p>\n<p>&nbsp;<\/p>\n<p style=\"text-align: justify;\">Das Geh\u00e4use wird aus 6 Brettchen zusammengesetzt. Eine weitere Versteifung ist bei den kleinen Dimensionen und dem kleinen Chassis nicht notwendig. Als Port wird einer mit 50mm Nenndurchmesser eingesetzt, wie sie z. B. unter den Bezeichnungen HP50, BR50 usw. angeboten werden, eingesetzt. Die wirksame Fl\u00e4che ist bei diesen meist konisch zulaufenden Ports immer geringer als das Nennma\u00df. Dies wurde bei der Abstimmung ber\u00fccksichtigt. Mit der L\u00e4nge darf in Ma\u00dfen durchaus experimentiert werden.<\/p>\n<p><img loading=\"lazy\" decoding=\"async\" class=\"aligncenter size-full wp-image-10239\" src=\"https:\/\/www.donhighend.de\/wp-content\/uploads\/2024\/06\/Bauplan-mit-WZ.jpg\" alt=\"\" width=\"1057\" height=\"645\" srcset=\"https:\/\/www.donhighend.de\/wp-content\/uploads\/2024\/06\/Bauplan-mit-WZ.jpg 1057w, https:\/\/www.donhighend.de\/wp-content\/uploads\/2024\/06\/Bauplan-mit-WZ-300x183.jpg 300w, https:\/\/www.donhighend.de\/wp-content\/uploads\/2024\/06\/Bauplan-mit-WZ-1024x625.jpg 1024w, https:\/\/www.donhighend.de\/wp-content\/uploads\/2024\/06\/Bauplan-mit-WZ-768x469.jpg 768w, https:\/\/www.donhighend.de\/wp-content\/uploads\/2024\/06\/Bauplan-mit-WZ-750x458.jpg 750w\" sizes=\"auto, (max-width: 1057px) 100vw, 1057px\" \/><\/p>\n<p style=\"text-align: center;\">elVIS Bau- und Bed\u00e4mpfungsplan (vergr\u00f6\u00dfern -&gt; rechte Maistaste -&gt; Grafik in neuem Tab \u00f6ffnen)<\/p>\n<p>&nbsp;<\/p>\n<p style=\"text-align: justify;\">Wie bei all meinen Bauvorschl\u00e4gen ist der obige Bauplan nicht ma\u00dfstabsgetreu. Er dient nur zur Illustration der f\u00fcr den Aufbau notwendigen Ma\u00dfe, die selbstverst\u00e4ndlich korrekt angegeben sind.<\/p>\n<p style=\"text-align: justify;\">Die Weichen- und Baupl\u00e4ne sind f\u00fcr private Nutzung freigegeben. Jegliche Form der gewerblichen Nutzung oder Verbreitung ohne vorherige Absprache ist untersagt und wird strafrechtlich verfolgt.<\/p>\n<p style=\"text-align: justify;\">Was kann elVIS, und wof\u00fcr ist er geeignet? Konzipiert als Desktoplautsprecher sollte man elVIS auch f\u00fcr diesen, oder einen \u00e4hnlichen Zweck einsetzen. Die Konstruktion mit dem fallenden Bassbereich ist genau f\u00fcr diesen Einsatzzweck optimiert. Es ist also sinnvoll, elVIS auf einem Desktop, oder in kleinen Nischen mit den Lautsprecher umgebenden Ecken etc. einzusetzen. Die H\u00f6rentfernung sollte nicht allzu gro\u00df sein, wobei elVIS auch kein Kopfh\u00f6rer ist. Es ist auch denkbar, elVIS elektronisch unterhalb von 80-100 Hz zu entlasten und mit einem Subwoofer in einem kleinen 2.1 System zu betreiben. In all diesen und vergleichbaren Gegebenheiten musiziert elVIS neutral und sehr langzeittauglich. \u00dcber B\u00fchne und Ortbarkeit muss man bei einer Punktschallquelle keine nennenswerten Worte verlieren. Der SL 87 FE gibt Stimmen sehr nat\u00fcrlich wieder. Wir haben es mit einem kleinen Lautsprecherchen f\u00fcr vielerlei Einsatzm\u00f6glichkeiten zu tun. Nur eines kann elVIS nicht. LAUT &#8211; Er ist im wahrsten Sinne des Wortes ein Leisesprecher.<\/p>\n","protected":false},"excerpt":{"rendered":"<p>Aus einem Abverkauf wegen Gesch\u00e4ftsaufgabe konnte ich k\u00fcrzlich ein Paar Visaton SL87 FE zum Preis einer Packung Zigaretten ergattern. Optisch sind die kleinen Breitb\u00e4nder mit ihrer gl\u00e4nzenden Polypropylenmembran trotz des Ohrenkorbes gar nicht so \u00fcbel, und auch die im Datenblatt ver\u00f6ffentlichten TSP sind brauchbar. Klar, mit einer ausgewiesenen Fs von 120 Hz und einem Qts &hellip; <\/p>\n<p><a class=\"more-link btn\" href=\"https:\/\/www.donhighend.de\/?page_id=10183\">Weiterlesen<\/a><\/p>\n","protected":false},"author":1,"featured_media":10442,"parent":4401,"menu_order":938,"comment_status":"open","ping_status":"closed","template":"","meta":{"footnotes":""},"class_list":["post-10183","page","type-page","status-publish","has-post-thumbnail","hentry","nodate","item-wrap"],"_links":{"self":[{"href":"https:\/\/www.donhighend.de\/index.php?rest_route=\/wp\/v2\/pages\/10183","targetHints":{"allow":["GET"]}}],"collection":[{"href":"https:\/\/www.donhighend.de\/index.php?rest_route=\/wp\/v2\/pages"}],"about":[{"href":"https:\/\/www.donhighend.de\/index.php?rest_route=\/wp\/v2\/types\/page"}],"author":[{"embeddable":true,"href":"https:\/\/www.donhighend.de\/index.php?rest_route=\/wp\/v2\/users\/1"}],"replies":[{"embeddable":true,"href":"https:\/\/www.donhighend.de\/index.php?rest_route=%2Fwp%2Fv2%2Fcomments&post=10183"}],"version-history":[{"count":83,"href":"https:\/\/www.donhighend.de\/index.php?rest_route=\/wp\/v2\/pages\/10183\/revisions"}],"predecessor-version":[{"id":10451,"href":"https:\/\/www.donhighend.de\/index.php?rest_route=\/wp\/v2\/pages\/10183\/revisions\/10451"}],"up":[{"embeddable":true,"href":"https:\/\/www.donhighend.de\/index.php?rest_route=\/wp\/v2\/pages\/4401"}],"wp:featuredmedia":[{"embeddable":true,"href":"https:\/\/www.donhighend.de\/index.php?rest_route=\/wp\/v2\/media\/10442"}],"wp:attachment":[{"href":"https:\/\/www.donhighend.de\/index.php?rest_route=%2Fwp%2Fv2%2Fmedia&parent=10183"}],"curies":[{"name":"wp","href":"https:\/\/api.w.org\/{rel}","templated":true}]}}